{"id":56685,"date":"2025-03-06T00:22:47","date_gmt":"2025-03-05T22:22:47","guid":{"rendered":"https:\/\/vmsport.fi\/verkkokauppa\/Ei-luokiteltu\/nippeliavain-sw-7-2-tripla\/"},"modified":"2026-01-16T13:21:29","modified_gmt":"2026-01-16T11:21:29","slug":"nippelnyckel-sw-7-2-trippel","status":"publish","type":"product","link":"https:\/\/vmsport.fi\/sv\/verkkokauppa\/tarvikkeet\/tyokalut\/voimansiirtotyokalut\/nippeliavain-sw-7-2-tripla\/","title":{"rendered":"Nippelnyckel SW-7.2 trippel"},"content":{"rendered":"<p>SW-7.2 Tripla \u00e4r ett m\u00e5ngsidigt verktyg som \u00e4r utformat f\u00f6r exakt och effektivt hjulunderh\u00e5ll. Den v\u00e4lk\u00e4nda kvaliteten och h\u00e5llbarheten hos varum\u00e4rket Park Tool g\u00f6r det till ett utm\u00e4rkt val f\u00f6r alla cyklister som v\u00e4rdes\u00e4tter tillf\u00f6rlitlighet. Metallkonstruktionen garanterar en l\u00e5ng livsl\u00e4ngd och st\u00e5r emot det slitage som uppst\u00e5r vid daglig anv\u00e4ndning. \u00c4ven om nyckeln \u00e4r liten, m\u00f6jligg\u00f6r dess design med tre stift snabbt och exakt arbete. F\u00f6r extra bekv\u00e4mlighet har den utvecklats speciellt f\u00f6r justering av halvstift. Den h\u00e4r nippelnyckeln \u00e4r ett praktiskt tillbeh\u00f6r f\u00f6r alla som vill h\u00e5lla sin cykel i toppskick.<\/p>","protected":false},"excerpt":{"rendered":"<p>Nippeliavain SW-7.2 Tripla on monipuolinen ty\u00f6kalu, joka on suunniteltu tarkkaan ja tehokkaaseen py\u00f6r\u00e4n huoltoon. Park Tool -merkin tunnettu laatu ja kest\u00e4vyys tekev\u00e4t siit\u00e4 erinomaisen valinnan jokaiselle py\u00f6r\u00e4ilij\u00e4lle, joka arvostaa luotettavuutta. Metallinen rakenne takaa pitk\u00e4n k\u00e4ytt\u00f6i\u00e4n, sill\u00e4 se kest\u00e4\u00e4 kulutusta p\u00e4ivitt\u00e4isess\u00e4 k\u00e4yt\u00f6ss\u00e4. Vaikka avain on pieni, sen kolmitahoinen muotoilu mahdollistaa nopean ja tarkan ty\u00f6skentelyn. K\u00e4ytt\u00f6mukavuutta lis\u00e4\u00e4 [&#8230;]<\/p>\n<p><a class=\"btn btn-secondary understrap-read-more-link\" href=\"https:\/\/vmsport.fi\/sv\/verkkokauppa\/tarvikkeet\/tyokalut\/voimansiirtotyokalut\/nippeliavain-sw-7-2-tripla\/\">L\u00e4s mer \u2026<span class=\"screen-reader-text\"> from Nippeliavain SW-7.2 tripla<\/span><\/a><\/p>\n","protected":false},"featured_media":56684,"comment_status":"open","ping_status":"closed","template":"","meta":{"_acf_changed":false,"_improvement_type_select":"improve_an_existing","_thumb_yes_seoaic":false,"_frame_yes_seoaic":false,"seoaic_generate_description":"","seoaic_improve_instructions_prompt":"","seoaic_rollback_content_improvement":"","seoaic_idea_thumbnail_generator":"","thumbnail_generated":false,"thumbnail_generate_prompt":"","seoaic_article_description":"","_supplier_stock_quantity":0},"product_brand":[],"product_model":[],"product_cat":[9342],"product_tag":[],"industry-terminology":[],"class_list":{"0":"post-56685","1":"product","2":"type-product","3":"status-publish","4":"has-post-thumbnail","6":"product_cat-voimansiirtotyokalut","8":"first","9":"instock","10":"taxable","11":"shipping-taxable","12":"purchasable","13":"product-type-simple"},"acf":{"bike_features":null,"overview":{"copy_overview":null,"key_features":null,"statement":"","youtube_url":""}},"yoast_head":"<!-- This site is optimized with the Yoast SEO plugin v27.3 - https:\/\/yoast.com\/product\/yoast-seo-wordpress\/ -->\n<title>Nippeliavain SW-7.2 tripla - VM Sport<\/title>\n<meta name=\"robots\" content=\"index, follow, max-snippet:-1, max-image-preview:large, max-video-preview:-1\" \/>\n<link rel=\"canonical\" href=\"https:\/\/vmsport.fi\/sv\/webbutik\/tillbehor\/tyokalut\/transmissionsfasten\/nippelnyckel-sw-7-2-trippel\/\" \/>\n<meta property=\"og:locale\" content=\"sv_SE\" \/>\n<meta property=\"og:type\" content=\"article\" \/>\n<meta property=\"og:title\" content=\"Nippeliavain SW-7.2 tripla - VM Sport\" \/>\n<meta property=\"og:description\" content=\"Nippeliavain SW-7.2 Tripla on monipuolinen ty\u00f6kalu, joka on suunniteltu tarkkaan ja tehokkaaseen py\u00f6r\u00e4n huoltoon. Park Tool -merkin tunnettu laatu ja kest\u00e4vyys tekev\u00e4t siit\u00e4 erinomaisen valinnan jokaiselle py\u00f6r\u00e4ilij\u00e4lle, joka arvostaa luotettavuutta. Metallinen rakenne takaa pitk\u00e4n k\u00e4ytt\u00f6i\u00e4n, sill\u00e4 se kest\u00e4\u00e4 kulutusta p\u00e4ivitt\u00e4isess\u00e4 k\u00e4yt\u00f6ss\u00e4. Vaikka avain on pieni, sen kolmitahoinen muotoilu mahdollistaa nopean ja tarkan ty\u00f6skentelyn. K\u00e4ytt\u00f6mukavuutta lis\u00e4\u00e4 [...]L\u00e4s mer \u2026 from Nippeliavain SW-7.2 tripla\" \/>\n<meta property=\"og:url\" content=\"https:\/\/vmsport.fi\/sv\/webbutik\/tillbehor\/tyokalut\/transmissionsfasten\/nippelnyckel-sw-7-2-trippel\/\" \/>\n<meta property=\"og:site_name\" content=\"VM Sport\" \/>\n<meta property=\"article:publisher\" content=\"https:\/\/www.facebook.com\/Vmsport.fi\/\" \/>\n<meta property=\"article:modified_time\" content=\"2026-01-16T11:21:29+00:00\" \/>\n<meta property=\"og:image\" content=\"https:\/\/vmsport.fi\/wp-content\/uploads\/2025\/03\/hx10DrOYDNOZTlrRZv1qpshvS3k3DWSb9S7ynWhKz2gQdTxtZn-1.jpg\" \/>\n\t<meta property=\"og:image:width\" content=\"600\" \/>\n\t<meta property=\"og:image:height\" content=\"600\" \/>\n\t<meta property=\"og:image:type\" content=\"image\/jpeg\" \/>\n<meta name=\"twitter:card\" content=\"summary_large_image\" \/>\n<meta name=\"twitter:label1\" content=\"Ber\u00e4knad l\u00e4stid\" \/>\n\t<meta name=\"twitter:data1\" content=\"1 minut\" \/>\n<script type=\"application\/ld+json\" class=\"yoast-schema-graph\">{\"@context\":\"https:\\\/\\\/schema.org\",\"@graph\":[{\"@type\":[\"WebPage\",\"ItemPage\"],\"@id\":\"https:\\\/\\\/vmsport.fi\\\/verkkokauppa\\\/tarvikkeet\\\/tyokalut\\\/voimansiirtotyokalut\\\/nippeliavain-sw-7-2-tripla\\\/\",\"url\":\"https:\\\/\\\/vmsport.fi\\\/verkkokauppa\\\/tarvikkeet\\\/tyokalut\\\/voimansiirtotyokalut\\\/nippeliavain-sw-7-2-tripla\\\/\",\"name\":\"Nippeliavain SW-7.2 tripla - VM Sport\",\"isPartOf\":{\"@id\":\"https:\\\/\\\/vmsport.fi\\\/#website\"},\"primaryImageOfPage\":{\"@id\":\"https:\\\/\\\/vmsport.fi\\\/verkkokauppa\\\/tarvikkeet\\\/tyokalut\\\/voimansiirtotyokalut\\\/nippeliavain-sw-7-2-tripla\\\/#primaryimage\"},\"image\":{\"@id\":\"https:\\\/\\\/vmsport.fi\\\/verkkokauppa\\\/tarvikkeet\\\/tyokalut\\\/voimansiirtotyokalut\\\/nippeliavain-sw-7-2-tripla\\\/#primaryimage\"},\"thumbnailUrl\":\"https:\\\/\\\/vmsport.fi\\\/wp-content\\\/uploads\\\/2025\\\/03\\\/hx10DrOYDNOZTlrRZv1qpshvS3k3DWSb9S7ynWhKz2gQdTxtZn-1.jpg\",\"datePublished\":\"2025-03-05T22:22:47+00:00\",\"dateModified\":\"2026-01-16T11:21:29+00:00\",\"breadcrumb\":{\"@id\":\"https:\\\/\\\/vmsport.fi\\\/verkkokauppa\\\/tarvikkeet\\\/tyokalut\\\/voimansiirtotyokalut\\\/nippeliavain-sw-7-2-tripla\\\/#breadcrumb\"},\"inLanguage\":\"sv-SE\",\"potentialAction\":[{\"@type\":\"ReadAction\",\"target\":[\"https:\\\/\\\/vmsport.fi\\\/verkkokauppa\\\/tarvikkeet\\\/tyokalut\\\/voimansiirtotyokalut\\\/nippeliavain-sw-7-2-tripla\\\/\"]}]},{\"@type\":\"ImageObject\",\"inLanguage\":\"sv-SE\",\"@id\":\"https:\\\/\\\/vmsport.fi\\\/verkkokauppa\\\/tarvikkeet\\\/tyokalut\\\/voimansiirtotyokalut\\\/nippeliavain-sw-7-2-tripla\\\/#primaryimage\",\"url\":\"https:\\\/\\\/vmsport.fi\\\/wp-content\\\/uploads\\\/2025\\\/03\\\/hx10DrOYDNOZTlrRZv1qpshvS3k3DWSb9S7ynWhKz2gQdTxtZn-1.jpg\",\"contentUrl\":\"https:\\\/\\\/vmsport.fi\\\/wp-content\\\/uploads\\\/2025\\\/03\\\/hx10DrOYDNOZTlrRZv1qpshvS3k3DWSb9S7ynWhKz2gQdTxtZn-1.jpg\",\"width\":600,\"height\":600,\"caption\":\"hx10DrOYDNOZTlrRZv1qpshvS3k3DWSb9S7ynWhKz2gQdTxtZn\"},{\"@type\":\"BreadcrumbList\",\"@id\":\"https:\\\/\\\/vmsport.fi\\\/verkkokauppa\\\/tarvikkeet\\\/tyokalut\\\/voimansiirtotyokalut\\\/nippeliavain-sw-7-2-tripla\\\/#breadcrumb\",\"itemListElement\":[{\"@type\":\"ListItem\",\"position\":1,\"name\":\"Etusivu\",\"item\":\"https:\\\/\\\/vmsport.fi\\\/\"},{\"@type\":\"ListItem\",\"position\":2,\"name\":\"Online Store\",\"item\":\"https:\\\/\\\/vmsport.fi\\\/en\\\/online-store\\\/\"},{\"@type\":\"ListItem\",\"position\":3,\"name\":\"Nippeliavain SW-7.2 tripla\"}]},{\"@type\":\"WebSite\",\"@id\":\"https:\\\/\\\/vmsport.fi\\\/#website\",\"url\":\"https:\\\/\\\/vmsport.fi\\\/\",\"name\":\"Vmsport\",\"description\":\"Kaikki py\u00f6r\u00e4ilyyn yhdest\u00e4 paikasta\",\"publisher\":{\"@id\":\"https:\\\/\\\/vmsport.fi\\\/#organization\"},\"potentialAction\":[{\"@type\":\"SearchAction\",\"target\":{\"@type\":\"EntryPoint\",\"urlTemplate\":\"https:\\\/\\\/vmsport.fi\\\/?s={search_term_string}\"},\"query-input\":{\"@type\":\"PropertyValueSpecification\",\"valueRequired\":true,\"valueName\":\"search_term_string\"}}],\"inLanguage\":\"sv-SE\"},{\"@type\":\"Organization\",\"@id\":\"https:\\\/\\\/vmsport.fi\\\/#organization\",\"name\":\"Vmsport\",\"url\":\"https:\\\/\\\/vmsport.fi\\\/\",\"logo\":{\"@type\":\"ImageObject\",\"inLanguage\":\"sv-SE\",\"@id\":\"https:\\\/\\\/vmsport.fi\\\/#\\\/schema\\\/logo\\\/image\\\/\",\"url\":\"https:\\\/\\\/vmsport.fi\\\/wp-content\\\/uploads\\\/2024\\\/12\\\/vm_sport_RGB_horisontal-e1734526017575.png\",\"contentUrl\":\"https:\\\/\\\/vmsport.fi\\\/wp-content\\\/uploads\\\/2024\\\/12\\\/vm_sport_RGB_horisontal-e1734526017575.png\",\"width\":668,\"height\":85,\"caption\":\"Vmsport\"},\"image\":{\"@id\":\"https:\\\/\\\/vmsport.fi\\\/#\\\/schema\\\/logo\\\/image\\\/\"},\"sameAs\":[\"https:\\\/\\\/www.facebook.com\\\/Vmsport.fi\\\/\",\"https:\\\/\\\/www.instagram.com\\\/vmsport\\\/\"]}]}<\/script>\n<!-- \/ Yoast SEO plugin. -->","yoast_head_json":{"title":"Nippelnyckel SW-7.2 trippel - VM Sport","robots":{"index":"index","follow":"follow","max-snippet":"max-snippet:-1","max-image-preview":"max-image-preview:large","max-video-preview":"max-video-preview:-1"},"canonical":"https:\/\/vmsport.fi\/sv\/webbutik\/tillbehor\/tyokalut\/transmissionsfasten\/nippelnyckel-sw-7-2-trippel\/","og_locale":"sv_SE","og_type":"article","og_title":"Nippeliavain SW-7.2 tripla - VM Sport","og_description":"Nippeliavain SW-7.2 Tripla on monipuolinen ty\u00f6kalu, joka on suunniteltu tarkkaan ja tehokkaaseen py\u00f6r\u00e4n huoltoon. Park Tool -merkin tunnettu laatu ja kest\u00e4vyys tekev\u00e4t siit\u00e4 erinomaisen valinnan jokaiselle py\u00f6r\u00e4ilij\u00e4lle, joka arvostaa luotettavuutta. Metallinen rakenne takaa pitk\u00e4n k\u00e4ytt\u00f6i\u00e4n, sill\u00e4 se kest\u00e4\u00e4 kulutusta p\u00e4ivitt\u00e4isess\u00e4 k\u00e4yt\u00f6ss\u00e4. Vaikka avain on pieni, sen kolmitahoinen muotoilu mahdollistaa nopean ja tarkan ty\u00f6skentelyn. K\u00e4ytt\u00f6mukavuutta lis\u00e4\u00e4 [...]L\u00e4s mer \u2026 from Nippeliavain SW-7.2 tripla","og_url":"https:\/\/vmsport.fi\/sv\/webbutik\/tillbehor\/tyokalut\/transmissionsfasten\/nippelnyckel-sw-7-2-trippel\/","og_site_name":"VM Sport","article_publisher":"https:\/\/www.facebook.com\/Vmsport.fi\/","article_modified_time":"2026-01-16T11:21:29+00:00","og_image":[{"width":600,"height":600,"url":"https:\/\/vmsport.fi\/wp-content\/uploads\/2025\/03\/hx10DrOYDNOZTlrRZv1qpshvS3k3DWSb9S7ynWhKz2gQdTxtZn-1.jpg","type":"image\/jpeg"}],"twitter_card":"summary_large_image","twitter_misc":{"Ber\u00e4knad l\u00e4stid":"1 minut"},"schema":{"@context":"https:\/\/schema.org","@graph":[{"@type":["WebPage","ItemPage"],"@id":"https:\/\/vmsport.fi\/verkkokauppa\/tarvikkeet\/tyokalut\/voimansiirtotyokalut\/nippeliavain-sw-7-2-tripla\/","url":"https:\/\/vmsport.fi\/verkkokauppa\/tarvikkeet\/tyokalut\/voimansiirtotyokalut\/nippeliavain-sw-7-2-tripla\/","name":"Nippelnyckel SW-7.2 trippel - VM Sport","isPartOf":{"@id":"https:\/\/vmsport.fi\/#website"},"primaryImageOfPage":{"@id":"https:\/\/vmsport.fi\/verkkokauppa\/tarvikkeet\/tyokalut\/voimansiirtotyokalut\/nippeliavain-sw-7-2-tripla\/#primaryimage"},"image":{"@id":"https:\/\/vmsport.fi\/verkkokauppa\/tarvikkeet\/tyokalut\/voimansiirtotyokalut\/nippeliavain-sw-7-2-tripla\/#primaryimage"},"thumbnailUrl":"https:\/\/vmsport.fi\/wp-content\/uploads\/2025\/03\/hx10DrOYDNOZTlrRZv1qpshvS3k3DWSb9S7ynWhKz2gQdTxtZn-1.jpg","datePublished":"2025-03-05T22:22:47+00:00","dateModified":"2026-01-16T11:21:29+00:00","breadcrumb":{"@id":"https:\/\/vmsport.fi\/verkkokauppa\/tarvikkeet\/tyokalut\/voimansiirtotyokalut\/nippeliavain-sw-7-2-tripla\/#breadcrumb"},"inLanguage":"sv-SE","potentialAction":[{"@type":"ReadAction","target":["https:\/\/vmsport.fi\/verkkokauppa\/tarvikkeet\/tyokalut\/voimansiirtotyokalut\/nippeliavain-sw-7-2-tripla\/"]}]},{"@type":"ImageObject","inLanguage":"sv-SE","@id":"https:\/\/vmsport.fi\/verkkokauppa\/tarvikkeet\/tyokalut\/voimansiirtotyokalut\/nippeliavain-sw-7-2-tripla\/#primaryimage","url":"https:\/\/vmsport.fi\/wp-content\/uploads\/2025\/03\/hx10DrOYDNOZTlrRZv1qpshvS3k3DWSb9S7ynWhKz2gQdTxtZn-1.jpg","contentUrl":"https:\/\/vmsport.fi\/wp-content\/uploads\/2025\/03\/hx10DrOYDNOZTlrRZv1qpshvS3k3DWSb9S7ynWhKz2gQdTxtZn-1.jpg","width":600,"height":600,"caption":"hx10DrOYDNOZTlrRZv1qpshvS3k3DWSb9S7ynWhKz2gQdTxtZn"},{"@type":"BreadcrumbList","@id":"https:\/\/vmsport.fi\/verkkokauppa\/tarvikkeet\/tyokalut\/voimansiirtotyokalut\/nippeliavain-sw-7-2-tripla\/#breadcrumb","itemListElement":[{"@type":"ListItem","position":1,"name":"Etusivu","item":"https:\/\/vmsport.fi\/"},{"@type":"ListItem","position":2,"name":"Online Store","item":"https:\/\/vmsport.fi\/en\/online-store\/"},{"@type":"ListItem","position":3,"name":"Nippeliavain SW-7.2 tripla"}]},{"@type":"WebSite","@id":"https:\/\/vmsport.fi\/#website","url":"https:\/\/vmsport.fi\/","name":"Vmsport","description":"Allt p\u00e5 ett st\u00e4lle f\u00f6r cykling","publisher":{"@id":"https:\/\/vmsport.fi\/#organization"},"potentialAction":[{"@type":"SearchAction","target":{"@type":"EntryPoint","urlTemplate":"https:\/\/vmsport.fi\/?s={search_term_string}"},"query-input":{"@type":"PropertyValueSpecification","valueRequired":true,"valueName":"search_term_string"}}],"inLanguage":"sv-SE"},{"@type":"Organization","@id":"https:\/\/vmsport.fi\/#organization","name":"Vmsport","url":"https:\/\/vmsport.fi\/","logo":{"@type":"ImageObject","inLanguage":"sv-SE","@id":"https:\/\/vmsport.fi\/#\/schema\/logo\/image\/","url":"https:\/\/vmsport.fi\/wp-content\/uploads\/2024\/12\/vm_sport_RGB_horisontal-e1734526017575.png","contentUrl":"https:\/\/vmsport.fi\/wp-content\/uploads\/2024\/12\/vm_sport_RGB_horisontal-e1734526017575.png","width":668,"height":85,"caption":"Vmsport"},"image":{"@id":"https:\/\/vmsport.fi\/#\/schema\/logo\/image\/"},"sameAs":["https:\/\/www.facebook.com\/Vmsport.fi\/","https:\/\/www.instagram.com\/vmsport\/"]}]}},"global_unique_id":"","_links":{"self":[{"href":"https:\/\/vmsport.fi\/sv\/wp-json\/wp\/v2\/product\/56685","targetHints":{"allow":["GET"]}}],"collection":[{"href":"https:\/\/vmsport.fi\/sv\/wp-json\/wp\/v2\/product"}],"about":[{"href":"https:\/\/vmsport.fi\/sv\/wp-json\/wp\/v2\/types\/product"}],"replies":[{"embeddable":true,"href":"https:\/\/vmsport.fi\/sv\/wp-json\/wp\/v2\/comments?post=56685"}],"wp:featuredmedia":[{"embeddable":true,"href":"https:\/\/vmsport.fi\/sv\/wp-json\/wp\/v2\/media\/56684"}],"wp:attachment":[{"href":"https:\/\/vmsport.fi\/sv\/wp-json\/wp\/v2\/media?parent=56685"}],"wp:term":[{"taxonomy":"product_brand","embeddable":true,"href":"https:\/\/vmsport.fi\/sv\/wp-json\/wp\/v2\/product_brand?post=56685"},{"taxonomy":"product_model","embeddable":true,"href":"https:\/\/vmsport.fi\/sv\/wp-json\/wp\/v2\/product_model?post=56685"},{"taxonomy":"product_cat","embeddable":true,"href":"https:\/\/vmsport.fi\/sv\/wp-json\/wp\/v2\/product_cat?post=56685"},{"taxonomy":"product_tag","embeddable":true,"href":"https:\/\/vmsport.fi\/sv\/wp-json\/wp\/v2\/product_tag?post=56685"},{"taxonomy":"industry_terminology","embeddable":true,"href":"https:\/\/vmsport.fi\/sv\/wp-json\/wp\/v2\/industry-terminology?post=56685"}],"curies":[{"name":"wp","href":"https:\/\/api.w.org\/{rel}","templated":true}]}}