{"id":56671,"date":"2025-03-06T00:22:22","date_gmt":"2025-03-05T22:22:22","guid":{"rendered":"https:\/\/vmsport.fi\/verkkokauppa\/Ei-luokiteltu\/trek-fx-2-satin-trek-black-252wh\/"},"modified":"2026-01-30T12:12:42","modified_gmt":"2026-01-30T10:12:42","slug":"trek-fx-2-satin-trek-svart-252wh","status":"publish","type":"product","link":"https:\/\/vmsport.fi\/sv\/verkkokauppa\/polkupyorat\/sahkopyorat\/sahkokaupunkipyorat\/trek-fx-2-satin-trek-black-252wh\/","title":{"rendered":"Trek FX+ 2 - Satin Trek svart - 252WH"},"content":{"rendered":"<p>FX+ 2 on tarkoitettu vaivattomaan arkeen: alumiinirunko ja 40 Nm takanapamoottori tuovat keveytt\u00e4 ja luonnollista ajoa. Integroitu akku kuljettaa jopa 56 km, ja py\u00f6r\u00e4n valmiit varusteet \u2013 kuten valot, lokasuojat, tavarateline ja tukijalka \u2013 tukevat sujuvaa k\u00e4ytt\u00f6\u00e4 ilman lis\u00e4asennuksia. 9-vaihteinen Shimano-j\u00e4rjestelm\u00e4 sek\u00e4 hydrauliset levyjarrut varmistavat monipuolisuuden ja turvallisuuden kaupungissa.<\/p>","protected":false},"excerpt":{"rendered":"<p>Kevyt s\u00e4hk\u00f6py\u00f6r\u00e4 integroidulla akulla, vakiovarusteilla ja luotettavalla s\u00e4hk\u00f6avustuksella kaupunkiajoon. [&#8230;]<\/p>\n<p><a class=\"btn btn-secondary understrap-read-more-link\" href=\"https:\/\/vmsport.fi\/sv\/verkkokauppa\/polkupyorat\/sahkopyorat\/sahkokaupunkipyorat\/trek-fx-2-satin-trek-black-252wh\/\">L\u00e4s mer \u2026<span class=\"screen-reader-text\"> from Trek FX+ 2 &#8211; Satin Trek Black &#8211; 252WH<\/span><\/a><\/p>\n","protected":false},"featured_media":56661,"comment_status":"open","ping_status":"closed","template":"","meta":{"_acf_changed":false,"_improvement_type_select":"improve_an_existing","_thumb_yes_seoaic":false,"_frame_yes_seoaic":false,"seoaic_generate_description":"","seoaic_improve_instructions_prompt":"","seoaic_rollback_content_improvement":"","seoaic_idea_thumbnail_generator":"","thumbnail_generated":false,"thumbnail_generate_prompt":"","seoaic_article_description":"","_supplier_stock_quantity":0},"product_brand":[37],"product_model":[],"product_cat":[9396],"product_tag":[],"industry-terminology":[],"class_list":{"0":"post-56671","1":"product","2":"type-product","3":"status-publish","4":"has-post-thumbnail","6":"product_brand-trek","7":"product_cat-sahkokaupunkipyorat","9":"first","10":"instock","11":"sale","12":"taxable","13":"shipping-taxable","14":"purchasable","15":"product-type-variable"},"acf":{"bike_features":[{"image":"https:\/\/media.trekbikes.com\/image\/upload\/w_768,c_pad,f_auto,fl_progressive:semi,q_auto\/feature_city_2022_hyena_system","header":"Tehokas s\u00e4hk\u00f6avustusj\u00e4rjestelm\u00e4","description":"Kevyt ja tehokas 40Nm takanapamoottori antaa varman hallinnan ja keskeytym\u00e4tt\u00f6m\u00e4n avustuksen."},{"image":"https:\/\/media.trekbikes.com\/image\/upload\/w_768,c_pad,f_auto,fl_progressive:semi,q_auto\/feature_city_2022_fxPlus_lightweight","header":"Eritt\u00e4in kevyt rakenne","description":"Paino vain 18 kg, FX+ 2 on yksi Trekin keveimmist\u00e4 s\u00e4hk\u00f6py\u00f6rist\u00e4."},{"image":"https:\/\/media.trekbikes.com\/image\/upload\/w_768,c_pad,f_auto,fl_progressive:semi,q_auto\/feature_city_2022_equipped","header":"T\u00e4ysin varusteltu runko","description":"Integroidut valot, lokasuojat ja takatavarateline valmistavat sinut aina ajoon ja arkiasiointiin."},{"image":"https:\/\/media.trekbikes.com\/image\/upload\/w_768,c_pad,f_auto,fl_progressive:semi,q_auto\/TK23_Kovee_Line_Pedals_Tech_Features_Primary_13_Upgrade_your_pedals","header":"Paranna poljinvalinnalla.","description":"Saa hallintaan ja pitoa parantamalla poljinvalintaasi ja nauti ajokokemuksesta entist\u00e4 enemm\u00e4n."}],"overview":{"copy_overview":[{"overview":"FX+ 2 on Trekin kaupunkis\u00e4hk\u00f6py\u00f6r\u00e4, joka tekee arkisista matkoista sek\u00e4 hupiajoista nopeampia ja nautittavampia."},{"overview":"Py\u00f6r\u00e4ss\u00e4 yhdistyv\u00e4t kevyt alumiinirunko ja tehokas s\u00e4hk\u00f6avustusj\u00e4rjestelm\u00e4, johon kuuluu takanapamoottori (250W, 40Nm) ja 250 Wh:n akku, joka helpottaa jyrkimpienkin m\u00e4kien nousua."},{"overview":"Mukana valmiiksi integroidut valot, lokasuojat ja MIK-yhteensopiva tavarateline tekev\u00e4t py\u00f6r\u00e4st\u00e4 eritt\u00e4in k\u00e4yt\u00e4nn\u00f6llisen."}],"key_features":[{"feature":"Kevyin s\u00e4hk\u00f6kaupunkipy\u00f6r\u00e4mme, helppo liikutella ja kantaa."},{"feature":"Takanapamoottorin ansiosta luonnollinen ajotuntuma."},{"feature":"Varusteltu lokasuojilla, valoilla ja MIK-yhteensopivalla tavaratelineell\u00e4."},{"feature":"Toimintamatkaa voi laajentaa helposti lis\u00e4akulla, 250 Wh."}],"statement":"Kevyt ja monik\u00e4ytt\u00f6inen s\u00e4hk\u00f6py\u00f6r\u00e4, joka on suunniteltu nopeuttamaan ja parantamaan kaupunkiajoa.","youtube_url":"https:\/\/www.youtube.com\/watch?v=pbRmCIeQyko"}},"yoast_head":"<!-- This site is optimized with the Yoast SEO plugin v27.3 - https:\/\/yoast.com\/product\/yoast-seo-wordpress\/ -->\n<title>Trek FX+ 2 - Satin Trek Black - 252WH - VM Sport<\/title>\n<meta name=\"robots\" content=\"index, follow, max-snippet:-1, max-image-preview:large, max-video-preview:-1\" \/>\n<link rel=\"canonical\" href=\"https:\/\/vmsport.fi\/sv\/webbutik\/cyklar\/sahkopyorat\/sagtand-pyorat\/trek-fx-2-satin-trek-svart-252wh\/\" \/>\n<meta property=\"og:locale\" content=\"sv_SE\" \/>\n<meta property=\"og:type\" content=\"article\" \/>\n<meta property=\"og:title\" content=\"Trek FX+ 2 - Satin Trek Black - 252WH - VM Sport\" \/>\n<meta property=\"og:description\" content=\"Kevyt s\u00e4hk\u00f6py\u00f6r\u00e4 integroidulla akulla, vakiovarusteilla ja luotettavalla s\u00e4hk\u00f6avustuksella kaupunkiajoon. [...]L\u00e4s mer \u2026 from Trek FX+ 2 &#8211; Satin Trek Black &#8211; 252WH\" \/>\n<meta property=\"og:url\" content=\"https:\/\/vmsport.fi\/sv\/webbutik\/cyklar\/sahkopyorat\/sagtand-pyorat\/trek-fx-2-satin-trek-svart-252wh\/\" \/>\n<meta property=\"og:site_name\" content=\"VM Sport\" \/>\n<meta property=\"article:publisher\" content=\"https:\/\/www.facebook.com\/Vmsport.fi\/\" \/>\n<meta property=\"article:modified_time\" content=\"2026-01-30T10:12:42+00:00\" \/>\n<meta property=\"og:image\" content=\"https:\/\/vmsport.fi\/wp-content\/uploads\/2025\/03\/FXPlus2-23-35842-A-Primary-2-1.jpg\" \/>\n\t<meta property=\"og:image:width\" content=\"800\" \/>\n\t<meta property=\"og:image:height\" content=\"580\" \/>\n\t<meta property=\"og:image:type\" content=\"image\/jpeg\" \/>\n<meta name=\"twitter:card\" content=\"summary_large_image\" \/>\n<script type=\"application\/ld+json\" class=\"yoast-schema-graph\">{\"@context\":\"https:\\\/\\\/schema.org\",\"@graph\":[{\"@type\":[\"WebPage\",\"ItemPage\"],\"@id\":\"https:\\\/\\\/vmsport.fi\\\/verkkokauppa\\\/polkupyorat\\\/sahkopyorat\\\/sahkokaupunkipyorat\\\/trek-fx-2-satin-trek-black-252wh\\\/\",\"url\":\"https:\\\/\\\/vmsport.fi\\\/verkkokauppa\\\/polkupyorat\\\/sahkopyorat\\\/sahkokaupunkipyorat\\\/trek-fx-2-satin-trek-black-252wh\\\/\",\"name\":\"Trek FX+ 2 - Satin Trek Black - 252WH - VM Sport\",\"isPartOf\":{\"@id\":\"https:\\\/\\\/vmsport.fi\\\/#website\"},\"primaryImageOfPage\":{\"@id\":\"https:\\\/\\\/vmsport.fi\\\/verkkokauppa\\\/polkupyorat\\\/sahkopyorat\\\/sahkokaupunkipyorat\\\/trek-fx-2-satin-trek-black-252wh\\\/#primaryimage\"},\"image\":{\"@id\":\"https:\\\/\\\/vmsport.fi\\\/verkkokauppa\\\/polkupyorat\\\/sahkopyorat\\\/sahkokaupunkipyorat\\\/trek-fx-2-satin-trek-black-252wh\\\/#primaryimage\"},\"thumbnailUrl\":\"https:\\\/\\\/vmsport.fi\\\/wp-content\\\/uploads\\\/2025\\\/03\\\/FXPlus2-23-35842-A-Primary-2-1.jpg\",\"datePublished\":\"2025-03-05T22:22:22+00:00\",\"dateModified\":\"2026-01-30T10:12:42+00:00\",\"breadcrumb\":{\"@id\":\"https:\\\/\\\/vmsport.fi\\\/verkkokauppa\\\/polkupyorat\\\/sahkopyorat\\\/sahkokaupunkipyorat\\\/trek-fx-2-satin-trek-black-252wh\\\/#breadcrumb\"},\"inLanguage\":\"sv-SE\",\"potentialAction\":[{\"@type\":\"ReadAction\",\"target\":[\"https:\\\/\\\/vmsport.fi\\\/verkkokauppa\\\/polkupyorat\\\/sahkopyorat\\\/sahkokaupunkipyorat\\\/trek-fx-2-satin-trek-black-252wh\\\/\"]}]},{\"@type\":\"ImageObject\",\"inLanguage\":\"sv-SE\",\"@id\":\"https:\\\/\\\/vmsport.fi\\\/verkkokauppa\\\/polkupyorat\\\/sahkopyorat\\\/sahkokaupunkipyorat\\\/trek-fx-2-satin-trek-black-252wh\\\/#primaryimage\",\"url\":\"https:\\\/\\\/vmsport.fi\\\/wp-content\\\/uploads\\\/2025\\\/03\\\/FXPlus2-23-35842-A-Primary-2-1.jpg\",\"contentUrl\":\"https:\\\/\\\/vmsport.fi\\\/wp-content\\\/uploads\\\/2025\\\/03\\\/FXPlus2-23-35842-A-Primary-2-1.jpg\",\"width\":800,\"height\":580,\"caption\":\"FXPlus2-23-35842-A-Primary-2\"},{\"@type\":\"BreadcrumbList\",\"@id\":\"https:\\\/\\\/vmsport.fi\\\/verkkokauppa\\\/polkupyorat\\\/sahkopyorat\\\/sahkokaupunkipyorat\\\/trek-fx-2-satin-trek-black-252wh\\\/#breadcrumb\",\"itemListElement\":[{\"@type\":\"ListItem\",\"position\":1,\"name\":\"Etusivu\",\"item\":\"https:\\\/\\\/vmsport.fi\\\/\"},{\"@type\":\"ListItem\",\"position\":2,\"name\":\"Online Store\",\"item\":\"https:\\\/\\\/vmsport.fi\\\/en\\\/online-store\\\/\"},{\"@type\":\"ListItem\",\"position\":3,\"name\":\"Trek polkupy\u00f6r\u00e4t\",\"item\":\"https:\\\/\\\/vmsport.fi\\\/sv\\\/merkki\\\/trek\\\/\"},{\"@type\":\"ListItem\",\"position\":4,\"name\":\"Trek FX+ 2 &#8211; Satin Trek Black &#8211; 252WH\"}]},{\"@type\":\"WebSite\",\"@id\":\"https:\\\/\\\/vmsport.fi\\\/#website\",\"url\":\"https:\\\/\\\/vmsport.fi\\\/\",\"name\":\"Vmsport\",\"description\":\"Kaikki py\u00f6r\u00e4ilyyn yhdest\u00e4 paikasta\",\"publisher\":{\"@id\":\"https:\\\/\\\/vmsport.fi\\\/#organization\"},\"potentialAction\":[{\"@type\":\"SearchAction\",\"target\":{\"@type\":\"EntryPoint\",\"urlTemplate\":\"https:\\\/\\\/vmsport.fi\\\/?s={search_term_string}\"},\"query-input\":{\"@type\":\"PropertyValueSpecification\",\"valueRequired\":true,\"valueName\":\"search_term_string\"}}],\"inLanguage\":\"sv-SE\"},{\"@type\":\"Organization\",\"@id\":\"https:\\\/\\\/vmsport.fi\\\/#organization\",\"name\":\"Vmsport\",\"url\":\"https:\\\/\\\/vmsport.fi\\\/\",\"logo\":{\"@type\":\"ImageObject\",\"inLanguage\":\"sv-SE\",\"@id\":\"https:\\\/\\\/vmsport.fi\\\/#\\\/schema\\\/logo\\\/image\\\/\",\"url\":\"https:\\\/\\\/vmsport.fi\\\/wp-content\\\/uploads\\\/2024\\\/12\\\/vm_sport_RGB_horisontal-e1734526017575.png\",\"contentUrl\":\"https:\\\/\\\/vmsport.fi\\\/wp-content\\\/uploads\\\/2024\\\/12\\\/vm_sport_RGB_horisontal-e1734526017575.png\",\"width\":668,\"height\":85,\"caption\":\"Vmsport\"},\"image\":{\"@id\":\"https:\\\/\\\/vmsport.fi\\\/#\\\/schema\\\/logo\\\/image\\\/\"},\"sameAs\":[\"https:\\\/\\\/www.facebook.com\\\/Vmsport.fi\\\/\",\"https:\\\/\\\/www.instagram.com\\\/vmsport\\\/\"]}]}<\/script>\n<!-- \/ Yoast SEO plugin. -->","yoast_head_json":{"title":"Trek FX+ 2 - Satin Trek Black - 252WH - VM Sport","robots":{"index":"index","follow":"follow","max-snippet":"max-snippet:-1","max-image-preview":"max-image-preview:large","max-video-preview":"max-video-preview:-1"},"canonical":"https:\/\/vmsport.fi\/sv\/webbutik\/cyklar\/sahkopyorat\/sagtand-pyorat\/trek-fx-2-satin-trek-svart-252wh\/","og_locale":"sv_SE","og_type":"article","og_title":"Trek FX+ 2 - Satin Trek Black - 252WH - VM Sport","og_description":"Kevyt s\u00e4hk\u00f6py\u00f6r\u00e4 integroidulla akulla, vakiovarusteilla ja luotettavalla s\u00e4hk\u00f6avustuksella kaupunkiajoon. [...]L\u00e4s mer \u2026 from Trek FX+ 2 &#8211; Satin Trek Black &#8211; 252WH","og_url":"https:\/\/vmsport.fi\/sv\/webbutik\/cyklar\/sahkopyorat\/sagtand-pyorat\/trek-fx-2-satin-trek-svart-252wh\/","og_site_name":"VM Sport","article_publisher":"https:\/\/www.facebook.com\/Vmsport.fi\/","article_modified_time":"2026-01-30T10:12:42+00:00","og_image":[{"width":800,"height":580,"url":"https:\/\/vmsport.fi\/wp-content\/uploads\/2025\/03\/FXPlus2-23-35842-A-Primary-2-1.jpg","type":"image\/jpeg"}],"twitter_card":"summary_large_image","schema":{"@context":"https:\/\/schema.org","@graph":[{"@type":["WebPage","ItemPage"],"@id":"https:\/\/vmsport.fi\/verkkokauppa\/polkupyorat\/sahkopyorat\/sahkokaupunkipyorat\/trek-fx-2-satin-trek-black-252wh\/","url":"https:\/\/vmsport.fi\/verkkokauppa\/polkupyorat\/sahkopyorat\/sahkokaupunkipyorat\/trek-fx-2-satin-trek-black-252wh\/","name":"Trek FX+ 2 - Satin Trek Black - 252WH - VM Sport","isPartOf":{"@id":"https:\/\/vmsport.fi\/#website"},"primaryImageOfPage":{"@id":"https:\/\/vmsport.fi\/verkkokauppa\/polkupyorat\/sahkopyorat\/sahkokaupunkipyorat\/trek-fx-2-satin-trek-black-252wh\/#primaryimage"},"image":{"@id":"https:\/\/vmsport.fi\/verkkokauppa\/polkupyorat\/sahkopyorat\/sahkokaupunkipyorat\/trek-fx-2-satin-trek-black-252wh\/#primaryimage"},"thumbnailUrl":"https:\/\/vmsport.fi\/wp-content\/uploads\/2025\/03\/FXPlus2-23-35842-A-Primary-2-1.jpg","datePublished":"2025-03-05T22:22:22+00:00","dateModified":"2026-01-30T10:12:42+00:00","breadcrumb":{"@id":"https:\/\/vmsport.fi\/verkkokauppa\/polkupyorat\/sahkopyorat\/sahkokaupunkipyorat\/trek-fx-2-satin-trek-black-252wh\/#breadcrumb"},"inLanguage":"sv-SE","potentialAction":[{"@type":"ReadAction","target":["https:\/\/vmsport.fi\/verkkokauppa\/polkupyorat\/sahkopyorat\/sahkokaupunkipyorat\/trek-fx-2-satin-trek-black-252wh\/"]}]},{"@type":"ImageObject","inLanguage":"sv-SE","@id":"https:\/\/vmsport.fi\/verkkokauppa\/polkupyorat\/sahkopyorat\/sahkokaupunkipyorat\/trek-fx-2-satin-trek-black-252wh\/#primaryimage","url":"https:\/\/vmsport.fi\/wp-content\/uploads\/2025\/03\/FXPlus2-23-35842-A-Primary-2-1.jpg","contentUrl":"https:\/\/vmsport.fi\/wp-content\/uploads\/2025\/03\/FXPlus2-23-35842-A-Primary-2-1.jpg","width":800,"height":580,"caption":"FXPlus2-23-35842-A-Primary-2"},{"@type":"BreadcrumbList","@id":"https:\/\/vmsport.fi\/verkkokauppa\/polkupyorat\/sahkopyorat\/sahkokaupunkipyorat\/trek-fx-2-satin-trek-black-252wh\/#breadcrumb","itemListElement":[{"@type":"ListItem","position":1,"name":"Etusivu","item":"https:\/\/vmsport.fi\/"},{"@type":"ListItem","position":2,"name":"Online Store","item":"https:\/\/vmsport.fi\/en\/online-store\/"},{"@type":"ListItem","position":3,"name":"Trek polkupy\u00f6r\u00e4t","item":"https:\/\/vmsport.fi\/sv\/merkki\/trek\/"},{"@type":"ListItem","position":4,"name":"Trek FX+ 2 &#8211; Satin Trek Black &#8211; 252WH"}]},{"@type":"WebSite","@id":"https:\/\/vmsport.fi\/#website","url":"https:\/\/vmsport.fi\/","name":"Vmsport","description":"Allt p\u00e5 ett st\u00e4lle f\u00f6r cykling","publisher":{"@id":"https:\/\/vmsport.fi\/#organization"},"potentialAction":[{"@type":"SearchAction","target":{"@type":"EntryPoint","urlTemplate":"https:\/\/vmsport.fi\/?s={search_term_string}"},"query-input":{"@type":"PropertyValueSpecification","valueRequired":true,"valueName":"search_term_string"}}],"inLanguage":"sv-SE"},{"@type":"Organization","@id":"https:\/\/vmsport.fi\/#organization","name":"Vmsport","url":"https:\/\/vmsport.fi\/","logo":{"@type":"ImageObject","inLanguage":"sv-SE","@id":"https:\/\/vmsport.fi\/#\/schema\/logo\/image\/","url":"https:\/\/vmsport.fi\/wp-content\/uploads\/2024\/12\/vm_sport_RGB_horisontal-e1734526017575.png","contentUrl":"https:\/\/vmsport.fi\/wp-content\/uploads\/2024\/12\/vm_sport_RGB_horisontal-e1734526017575.png","width":668,"height":85,"caption":"Vmsport"},"image":{"@id":"https:\/\/vmsport.fi\/#\/schema\/logo\/image\/"},"sameAs":["https:\/\/www.facebook.com\/Vmsport.fi\/","https:\/\/www.instagram.com\/vmsport\/"]}]}},"global_unique_id":"","_links":{"self":[{"href":"https:\/\/vmsport.fi\/sv\/wp-json\/wp\/v2\/product\/56671","targetHints":{"allow":["GET"]}}],"collection":[{"href":"https:\/\/vmsport.fi\/sv\/wp-json\/wp\/v2\/product"}],"about":[{"href":"https:\/\/vmsport.fi\/sv\/wp-json\/wp\/v2\/types\/product"}],"replies":[{"embeddable":true,"href":"https:\/\/vmsport.fi\/sv\/wp-json\/wp\/v2\/comments?post=56671"}],"wp:featuredmedia":[{"embeddable":true,"href":"https:\/\/vmsport.fi\/sv\/wp-json\/wp\/v2\/media\/56661"}],"wp:attachment":[{"href":"https:\/\/vmsport.fi\/sv\/wp-json\/wp\/v2\/media?parent=56671"}],"wp:term":[{"taxonomy":"product_brand","embeddable":true,"href":"https:\/\/vmsport.fi\/sv\/wp-json\/wp\/v2\/product_brand?post=56671"},{"taxonomy":"product_model","embeddable":true,"href":"https:\/\/vmsport.fi\/sv\/wp-json\/wp\/v2\/product_model?post=56671"},{"taxonomy":"product_cat","embeddable":true,"href":"https:\/\/vmsport.fi\/sv\/wp-json\/wp\/v2\/product_cat?post=56671"},{"taxonomy":"product_tag","embeddable":true,"href":"https:\/\/vmsport.fi\/sv\/wp-json\/wp\/v2\/product_tag?post=56671"},{"taxonomy":"industry_terminology","embeddable":true,"href":"https:\/\/vmsport.fi\/sv\/wp-json\/wp\/v2\/industry-terminology?post=56671"}],"curies":[{"name":"wp","href":"https:\/\/api.w.org\/{rel}","templated":true}]}}