{"id":56651,"date":"2025-03-06T00:22:13","date_gmt":"2025-03-05T22:22:13","guid":{"rendered":"https:\/\/vmsport.fi\/verkkokauppa\/Ei-luokiteltu\/ohjainputken-jatkoadapteri-satori-head-up4-1-1-8\/"},"modified":"2026-04-22T15:02:01","modified_gmt":"2026-04-22T12:02:01","slug":"styrrorsforlangning-adapter-satori-head-up4-1-1-8","status":"publish","type":"product","link":"https:\/\/vmsport.fi\/sv\/verkkokauppa\/varaosat\/ohjaamo\/ohjainkannattimet\/ohjainputken-jatkoadapteri-satori-head-up4-1-1-8\/","title":{"rendered":"Head-Up4 1 1\/8\u2033 f\u00f6rl\u00e4ngningsadapter SATORI, Head-Up4 1 1\/8\u2033"},"content":{"rendered":"<p>SATORIs Head-Up4 \u00e4r en styrf\u00f6rl\u00e4ngning som \u00e4r utformad f\u00f6r att \u00f6ka cykelkomforten. Den g\u00f6r att styret kan h\u00f6jas f\u00f6r att justera k\u00f6rst\u00e4llningen f\u00f6r en mer ergonomisk k\u00f6rning, vilket minskar belastningen p\u00e5 rygg och nacke. Den h\u00e4r delen passar 1 1\/8 tums r\u00f6r, vilket g\u00f6r den m\u00e5ngsidig f\u00f6r olika cykelmodeller. Den robust byggda f\u00f6rl\u00e4ngningen garanterar h\u00e5llbarhet och tillf\u00f6rlitlighet under varierande k\u00f6rf\u00f6rh\u00e5llanden. Installationen g\u00e5r snabbt och smidigt, vilket ger anv\u00e4ndaren en bekv\u00e4m och personlig k\u00f6rupplevelse.<\/p>","protected":false},"excerpt":{"rendered":"<p>SATORI:n Head-Up4 on ohjainputken jatko-osa, joka on suunniteltu lis\u00e4\u00e4m\u00e4\u00e4n py\u00f6r\u00e4ilymukavuutta. Sen avulla voi nostaa ohjaustankoa, jotta ajoasento saadaan s\u00e4\u00e4detty\u00e4 ergonomisemmaksi, mik\u00e4 v\u00e4hent\u00e4\u00e4 sel\u00e4n ja niskan rasitusta. T\u00e4m\u00e4 osa sopii 1 1\/8 tuuman putkiin, mik\u00e4 tekee siit\u00e4 monik\u00e4ytt\u00f6isen eri py\u00f6r\u00e4malleihin. Tukevasti rakennettu jatko-osa takaa kest\u00e4vyyden ja luotettavuuden vaihtelevissa ajo-olosuhteissa. Sen asennus on nopeaa ja sujuvaa, tarjoten [&#8230;]<\/p>\n<p><a class=\"btn btn-secondary understrap-read-more-link\" href=\"https:\/\/vmsport.fi\/sv\/verkkokauppa\/varaosat\/ohjaamo\/ohjainkannattimet\/ohjainputken-jatkoadapteri-satori-head-up4-1-1-8\/\">L\u00e4s mer \u2026<span class=\"screen-reader-text\"> from Ohjainputken jatkoadapteri SATORI, Head-Up4 1 1\/8&#8243;<\/span><\/a><\/p>\n","protected":false},"featured_media":56650,"comment_status":"open","ping_status":"closed","template":"","meta":{"_acf_changed":false,"_improvement_type_select":"improve_an_existing","_thumb_yes_seoaic":false,"_frame_yes_seoaic":false,"seoaic_generate_description":"","seoaic_improve_instructions_prompt":"","seoaic_rollback_content_improvement":"","seoaic_idea_thumbnail_generator":"","thumbnail_generated":false,"thumbnail_generate_prompt":"","seoaic_article_description":"","_supplier_stock_quantity":0},"product_brand":[],"product_model":[],"product_cat":[9432],"product_tag":[],"industry-terminology":[],"class_list":{"0":"post-56651","1":"product","2":"type-product","3":"status-publish","4":"has-post-thumbnail","6":"product_cat-ohjainkannattimet","8":"first","9":"outofstock","10":"taxable","11":"shipping-taxable","12":"product-type-simple"},"acf":{"bike_features":null,"overview":{"copy_overview":null,"key_features":null,"statement":"","youtube_url":""}},"yoast_head":"<!-- This site is optimized with the Yoast SEO plugin v27.4 - https:\/\/yoast.com\/product\/yoast-seo-wordpress\/ -->\n<title>Ohjainputken jatkoadapteri SATORI, Head-Up4 1 1\/8&quot; - VM Sport<\/title>\n<meta name=\"robots\" content=\"index, follow, max-snippet:-1, max-image-preview:large, max-video-preview:-1\" \/>\n<link rel=\"canonical\" href=\"https:\/\/vmsport.fi\/sv\/webbutik\/reservdelar\/taxi\/styrfasten\/styrrorsforlangning-adapter-satori-head-up4-1-1-8\/\" \/>\n<meta property=\"og:locale\" content=\"sv_SE\" \/>\n<meta property=\"og:type\" content=\"article\" \/>\n<meta property=\"og:title\" content=\"Ohjainputken jatkoadapteri SATORI, Head-Up4 1 1\/8&quot; - VM Sport\" \/>\n<meta property=\"og:description\" content=\"SATORI:n Head-Up4 on ohjainputken jatko-osa, joka on suunniteltu lis\u00e4\u00e4m\u00e4\u00e4n py\u00f6r\u00e4ilymukavuutta. Sen avulla voi nostaa ohjaustankoa, jotta ajoasento saadaan s\u00e4\u00e4detty\u00e4 ergonomisemmaksi, mik\u00e4 v\u00e4hent\u00e4\u00e4 sel\u00e4n ja niskan rasitusta. T\u00e4m\u00e4 osa sopii 1 1\/8 tuuman putkiin, mik\u00e4 tekee siit\u00e4 monik\u00e4ytt\u00f6isen eri py\u00f6r\u00e4malleihin. Tukevasti rakennettu jatko-osa takaa kest\u00e4vyyden ja luotettavuuden vaihtelevissa ajo-olosuhteissa. Sen asennus on nopeaa ja sujuvaa, tarjoten [...]L\u00e4s mer \u2026 from Ohjainputken jatkoadapteri SATORI, Head-Up4 1 1\/8&#8243;\" \/>\n<meta property=\"og:url\" content=\"https:\/\/vmsport.fi\/sv\/webbutik\/reservdelar\/taxi\/styrfasten\/styrrorsforlangning-adapter-satori-head-up4-1-1-8\/\" \/>\n<meta property=\"og:site_name\" content=\"VM Sport\" \/>\n<meta property=\"article:publisher\" content=\"https:\/\/www.facebook.com\/Vmsport.fi\/\" \/>\n<meta property=\"article:modified_time\" content=\"2026-04-22T12:02:01+00:00\" \/>\n<meta property=\"og:image\" content=\"https:\/\/vmsport.fi\/wp-content\/uploads\/2025\/03\/60745-1.jpg\" \/>\n\t<meta property=\"og:image:width\" content=\"800\" \/>\n\t<meta property=\"og:image:height\" content=\"800\" \/>\n\t<meta property=\"og:image:type\" content=\"image\/jpeg\" \/>\n<meta name=\"twitter:card\" content=\"summary_large_image\" \/>\n<script type=\"application\/ld+json\" class=\"yoast-schema-graph\">{\"@context\":\"https:\\\/\\\/schema.org\",\"@graph\":[{\"@type\":[\"WebPage\",\"ItemPage\"],\"@id\":\"https:\\\/\\\/vmsport.fi\\\/verkkokauppa\\\/varaosat\\\/ohjaamo\\\/ohjainkannattimet\\\/ohjainputken-jatkoadapteri-satori-head-up4-1-1-8\\\/\",\"url\":\"https:\\\/\\\/vmsport.fi\\\/verkkokauppa\\\/varaosat\\\/ohjaamo\\\/ohjainkannattimet\\\/ohjainputken-jatkoadapteri-satori-head-up4-1-1-8\\\/\",\"name\":\"Ohjainputken jatkoadapteri SATORI, Head-Up4 1 1\\\/8\\\" - VM Sport\",\"isPartOf\":{\"@id\":\"https:\\\/\\\/vmsport.fi\\\/#website\"},\"primaryImageOfPage\":{\"@id\":\"https:\\\/\\\/vmsport.fi\\\/verkkokauppa\\\/varaosat\\\/ohjaamo\\\/ohjainkannattimet\\\/ohjainputken-jatkoadapteri-satori-head-up4-1-1-8\\\/#primaryimage\"},\"image\":{\"@id\":\"https:\\\/\\\/vmsport.fi\\\/verkkokauppa\\\/varaosat\\\/ohjaamo\\\/ohjainkannattimet\\\/ohjainputken-jatkoadapteri-satori-head-up4-1-1-8\\\/#primaryimage\"},\"thumbnailUrl\":\"https:\\\/\\\/vmsport.fi\\\/wp-content\\\/uploads\\\/2025\\\/03\\\/60745-1.jpg\",\"datePublished\":\"2025-03-05T22:22:13+00:00\",\"dateModified\":\"2026-04-22T12:02:01+00:00\",\"breadcrumb\":{\"@id\":\"https:\\\/\\\/vmsport.fi\\\/verkkokauppa\\\/varaosat\\\/ohjaamo\\\/ohjainkannattimet\\\/ohjainputken-jatkoadapteri-satori-head-up4-1-1-8\\\/#breadcrumb\"},\"inLanguage\":\"sv-SE\",\"potentialAction\":[{\"@type\":\"ReadAction\",\"target\":[\"https:\\\/\\\/vmsport.fi\\\/verkkokauppa\\\/varaosat\\\/ohjaamo\\\/ohjainkannattimet\\\/ohjainputken-jatkoadapteri-satori-head-up4-1-1-8\\\/\"]}]},{\"@type\":\"ImageObject\",\"inLanguage\":\"sv-SE\",\"@id\":\"https:\\\/\\\/vmsport.fi\\\/verkkokauppa\\\/varaosat\\\/ohjaamo\\\/ohjainkannattimet\\\/ohjainputken-jatkoadapteri-satori-head-up4-1-1-8\\\/#primaryimage\",\"url\":\"https:\\\/\\\/vmsport.fi\\\/wp-content\\\/uploads\\\/2025\\\/03\\\/60745-1.jpg\",\"contentUrl\":\"https:\\\/\\\/vmsport.fi\\\/wp-content\\\/uploads\\\/2025\\\/03\\\/60745-1.jpg\",\"width\":800,\"height\":800,\"caption\":\"60745\"},{\"@type\":\"BreadcrumbList\",\"@id\":\"https:\\\/\\\/vmsport.fi\\\/verkkokauppa\\\/varaosat\\\/ohjaamo\\\/ohjainkannattimet\\\/ohjainputken-jatkoadapteri-satori-head-up4-1-1-8\\\/#breadcrumb\",\"itemListElement\":[{\"@type\":\"ListItem\",\"position\":1,\"name\":\"Etusivu\",\"item\":\"https:\\\/\\\/vmsport.fi\\\/\"},{\"@type\":\"ListItem\",\"position\":2,\"name\":\"Online Store\",\"item\":\"https:\\\/\\\/vmsport.fi\\\/en\\\/online-store\\\/\"},{\"@type\":\"ListItem\",\"position\":3,\"name\":\"Ohjainputken jatkoadapteri SATORI, Head-Up4 1 1\\\/8&#8243;\"}]},{\"@type\":\"WebSite\",\"@id\":\"https:\\\/\\\/vmsport.fi\\\/#website\",\"url\":\"https:\\\/\\\/vmsport.fi\\\/\",\"name\":\"Vmsport\",\"description\":\"Kaikki py\u00f6r\u00e4ilyyn yhdest\u00e4 paikasta\",\"publisher\":{\"@id\":\"https:\\\/\\\/vmsport.fi\\\/#organization\"},\"potentialAction\":[{\"@type\":\"SearchAction\",\"target\":{\"@type\":\"EntryPoint\",\"urlTemplate\":\"https:\\\/\\\/vmsport.fi\\\/?s={search_term_string}\"},\"query-input\":{\"@type\":\"PropertyValueSpecification\",\"valueRequired\":true,\"valueName\":\"search_term_string\"}}],\"inLanguage\":\"sv-SE\"},{\"@type\":\"Organization\",\"@id\":\"https:\\\/\\\/vmsport.fi\\\/#organization\",\"name\":\"Vmsport\",\"url\":\"https:\\\/\\\/vmsport.fi\\\/\",\"logo\":{\"@type\":\"ImageObject\",\"inLanguage\":\"sv-SE\",\"@id\":\"https:\\\/\\\/vmsport.fi\\\/#\\\/schema\\\/logo\\\/image\\\/\",\"url\":\"https:\\\/\\\/vmsport.fi\\\/wp-content\\\/uploads\\\/2024\\\/12\\\/vm_sport_RGB_horisontal-e1734526017575.png\",\"contentUrl\":\"https:\\\/\\\/vmsport.fi\\\/wp-content\\\/uploads\\\/2024\\\/12\\\/vm_sport_RGB_horisontal-e1734526017575.png\",\"width\":668,\"height\":85,\"caption\":\"Vmsport\"},\"image\":{\"@id\":\"https:\\\/\\\/vmsport.fi\\\/#\\\/schema\\\/logo\\\/image\\\/\"},\"sameAs\":[\"https:\\\/\\\/www.facebook.com\\\/Vmsport.fi\\\/\",\"https:\\\/\\\/www.instagram.com\\\/vmsport\\\/\"]}]}<\/script>\n<!-- \/ Yoast SEO plugin. -->","yoast_head_json":{"title":"Head-Up4 1 1\/8\" f\u00f6rl\u00e4ngningsadapter SATORI - VM Sport","robots":{"index":"index","follow":"follow","max-snippet":"max-snippet:-1","max-image-preview":"max-image-preview:large","max-video-preview":"max-video-preview:-1"},"canonical":"https:\/\/vmsport.fi\/sv\/webbutik\/reservdelar\/taxi\/styrfasten\/styrrorsforlangning-adapter-satori-head-up4-1-1-8\/","og_locale":"sv_SE","og_type":"article","og_title":"Ohjainputken jatkoadapteri SATORI, Head-Up4 1 1\/8\" - VM Sport","og_description":"SATORI:n Head-Up4 on ohjainputken jatko-osa, joka on suunniteltu lis\u00e4\u00e4m\u00e4\u00e4n py\u00f6r\u00e4ilymukavuutta. Sen avulla voi nostaa ohjaustankoa, jotta ajoasento saadaan s\u00e4\u00e4detty\u00e4 ergonomisemmaksi, mik\u00e4 v\u00e4hent\u00e4\u00e4 sel\u00e4n ja niskan rasitusta. T\u00e4m\u00e4 osa sopii 1 1\/8 tuuman putkiin, mik\u00e4 tekee siit\u00e4 monik\u00e4ytt\u00f6isen eri py\u00f6r\u00e4malleihin. Tukevasti rakennettu jatko-osa takaa kest\u00e4vyyden ja luotettavuuden vaihtelevissa ajo-olosuhteissa. Sen asennus on nopeaa ja sujuvaa, tarjoten [...]L\u00e4s mer \u2026 from Ohjainputken jatkoadapteri SATORI, Head-Up4 1 1\/8&#8243;","og_url":"https:\/\/vmsport.fi\/sv\/webbutik\/reservdelar\/taxi\/styrfasten\/styrrorsforlangning-adapter-satori-head-up4-1-1-8\/","og_site_name":"VM Sport","article_publisher":"https:\/\/www.facebook.com\/Vmsport.fi\/","article_modified_time":"2026-04-22T12:02:01+00:00","og_image":[{"width":800,"height":800,"url":"https:\/\/vmsport.fi\/wp-content\/uploads\/2025\/03\/60745-1.jpg","type":"image\/jpeg"}],"twitter_card":"summary_large_image","schema":{"@context":"https:\/\/schema.org","@graph":[{"@type":["WebPage","ItemPage"],"@id":"https:\/\/vmsport.fi\/verkkokauppa\/varaosat\/ohjaamo\/ohjainkannattimet\/ohjainputken-jatkoadapteri-satori-head-up4-1-1-8\/","url":"https:\/\/vmsport.fi\/verkkokauppa\/varaosat\/ohjaamo\/ohjainkannattimet\/ohjainputken-jatkoadapteri-satori-head-up4-1-1-8\/","name":"Head-Up4 1 1\/8\" f\u00f6rl\u00e4ngningsadapter SATORI - VM Sport","isPartOf":{"@id":"https:\/\/vmsport.fi\/#website"},"primaryImageOfPage":{"@id":"https:\/\/vmsport.fi\/verkkokauppa\/varaosat\/ohjaamo\/ohjainkannattimet\/ohjainputken-jatkoadapteri-satori-head-up4-1-1-8\/#primaryimage"},"image":{"@id":"https:\/\/vmsport.fi\/verkkokauppa\/varaosat\/ohjaamo\/ohjainkannattimet\/ohjainputken-jatkoadapteri-satori-head-up4-1-1-8\/#primaryimage"},"thumbnailUrl":"https:\/\/vmsport.fi\/wp-content\/uploads\/2025\/03\/60745-1.jpg","datePublished":"2025-03-05T22:22:13+00:00","dateModified":"2026-04-22T12:02:01+00:00","breadcrumb":{"@id":"https:\/\/vmsport.fi\/verkkokauppa\/varaosat\/ohjaamo\/ohjainkannattimet\/ohjainputken-jatkoadapteri-satori-head-up4-1-1-8\/#breadcrumb"},"inLanguage":"sv-SE","potentialAction":[{"@type":"ReadAction","target":["https:\/\/vmsport.fi\/verkkokauppa\/varaosat\/ohjaamo\/ohjainkannattimet\/ohjainputken-jatkoadapteri-satori-head-up4-1-1-8\/"]}]},{"@type":"ImageObject","inLanguage":"sv-SE","@id":"https:\/\/vmsport.fi\/verkkokauppa\/varaosat\/ohjaamo\/ohjainkannattimet\/ohjainputken-jatkoadapteri-satori-head-up4-1-1-8\/#primaryimage","url":"https:\/\/vmsport.fi\/wp-content\/uploads\/2025\/03\/60745-1.jpg","contentUrl":"https:\/\/vmsport.fi\/wp-content\/uploads\/2025\/03\/60745-1.jpg","width":800,"height":800,"caption":"60745"},{"@type":"BreadcrumbList","@id":"https:\/\/vmsport.fi\/verkkokauppa\/varaosat\/ohjaamo\/ohjainkannattimet\/ohjainputken-jatkoadapteri-satori-head-up4-1-1-8\/#breadcrumb","itemListElement":[{"@type":"ListItem","position":1,"name":"Etusivu","item":"https:\/\/vmsport.fi\/"},{"@type":"ListItem","position":2,"name":"Online Store","item":"https:\/\/vmsport.fi\/en\/online-store\/"},{"@type":"ListItem","position":3,"name":"Ohjainputken jatkoadapteri SATORI, Head-Up4 1 1\/8&#8243;"}]},{"@type":"WebSite","@id":"https:\/\/vmsport.fi\/#website","url":"https:\/\/vmsport.fi\/","name":"Vmsport","description":"Allt p\u00e5 ett st\u00e4lle f\u00f6r cykling","publisher":{"@id":"https:\/\/vmsport.fi\/#organization"},"potentialAction":[{"@type":"SearchAction","target":{"@type":"EntryPoint","urlTemplate":"https:\/\/vmsport.fi\/?s={search_term_string}"},"query-input":{"@type":"PropertyValueSpecification","valueRequired":true,"valueName":"search_term_string"}}],"inLanguage":"sv-SE"},{"@type":"Organization","@id":"https:\/\/vmsport.fi\/#organization","name":"Vmsport","url":"https:\/\/vmsport.fi\/","logo":{"@type":"ImageObject","inLanguage":"sv-SE","@id":"https:\/\/vmsport.fi\/#\/schema\/logo\/image\/","url":"https:\/\/vmsport.fi\/wp-content\/uploads\/2024\/12\/vm_sport_RGB_horisontal-e1734526017575.png","contentUrl":"https:\/\/vmsport.fi\/wp-content\/uploads\/2024\/12\/vm_sport_RGB_horisontal-e1734526017575.png","width":668,"height":85,"caption":"Vmsport"},"image":{"@id":"https:\/\/vmsport.fi\/#\/schema\/logo\/image\/"},"sameAs":["https:\/\/www.facebook.com\/Vmsport.fi\/","https:\/\/www.instagram.com\/vmsport\/"]}]}},"global_unique_id":"","_links":{"self":[{"href":"https:\/\/vmsport.fi\/sv\/wp-json\/wp\/v2\/product\/56651","targetHints":{"allow":["GET"]}}],"collection":[{"href":"https:\/\/vmsport.fi\/sv\/wp-json\/wp\/v2\/product"}],"about":[{"href":"https:\/\/vmsport.fi\/sv\/wp-json\/wp\/v2\/types\/product"}],"replies":[{"embeddable":true,"href":"https:\/\/vmsport.fi\/sv\/wp-json\/wp\/v2\/comments?post=56651"}],"wp:featuredmedia":[{"embeddable":true,"href":"https:\/\/vmsport.fi\/sv\/wp-json\/wp\/v2\/media\/56650"}],"wp:attachment":[{"href":"https:\/\/vmsport.fi\/sv\/wp-json\/wp\/v2\/media?parent=56651"}],"wp:term":[{"taxonomy":"product_brand","embeddable":true,"href":"https:\/\/vmsport.fi\/sv\/wp-json\/wp\/v2\/product_brand?post=56651"},{"taxonomy":"product_model","embeddable":true,"href":"https:\/\/vmsport.fi\/sv\/wp-json\/wp\/v2\/product_model?post=56651"},{"taxonomy":"product_cat","embeddable":true,"href":"https:\/\/vmsport.fi\/sv\/wp-json\/wp\/v2\/product_cat?post=56651"},{"taxonomy":"product_tag","embeddable":true,"href":"https:\/\/vmsport.fi\/sv\/wp-json\/wp\/v2\/product_tag?post=56651"},{"taxonomy":"industry_terminology","embeddable":true,"href":"https:\/\/vmsport.fi\/sv\/wp-json\/wp\/v2\/industry-terminology?post=56651"}],"curies":[{"name":"wp","href":"https:\/\/api.w.org\/{rel}","templated":true}]}}