{"id":56647,"date":"2025-03-06T00:22:11","date_gmt":"2025-03-05T22:22:11","guid":{"rendered":"https:\/\/vmsport.fi\/verkkokauppa\/Ei-luokiteltu\/stronglight-chainring-o104-mm-outer-double-36t-4-holes\/"},"modified":"2026-01-16T13:24:24","modified_gmt":"2026-01-16T11:24:24","slug":"stronglight-chainring-o104-mm-outer-double-36t-4-holes","status":"publish","type":"product","link":"https:\/\/vmsport.fi\/sv\/verkkokauppa\/varaosat\/voimansiirto\/eturattaat\/stronglight-chainring-o104-mm-outer-double-36t-4-holes\/","title":{"rendered":"STRONGLIGHT Chainring \u00d8104 mm Outer (double) 36T 4 holes"},"content":{"rendered":"<p>STRONGLIGHTin ulkoinen eturatas, jonka halkaisija on 104 mm, tarjoaa erinomaisen suorituskyvyn, kun tavoitteena on sujuva vaihteenvaihto. Nelj\u00e4n kiinnityskohdan avulla se takaa tarkan yhteensopivuuden kaksinkertaista ratasta k\u00e4ytt\u00e4viss\u00e4 j\u00e4rjestelmiss\u00e4. Sen 36 hampaan rakenne varmistaa optimaalisen voimansiirron, mik\u00e4 mahdollistaa erinomaisen ajokokemuksen haastavissakin olosuhteissa. Moderni muotoilu, jossa yhdistyv\u00e4t kest\u00e4vyys ja tehokkuus, tekee t\u00e4st\u00e4 eturattaasta loistavan valinnan kaikille py\u00f6r\u00e4ilij\u00f6ille, jotka arvostavat laatua ja luotettavuutta.<\/p>","protected":false},"excerpt":{"rendered":"<p>STRONGLIGHTin ulkoinen eturatas, jonka halkaisija on 104 mm, tarjoaa erinomaisen suorituskyvyn, kun tavoitteena on sujuva vaihteenvaihto. Nelj\u00e4n kiinnityskohdan avulla se takaa tarkan yhteensopivuuden kaksinkertaista ratasta k\u00e4ytt\u00e4viss\u00e4 j\u00e4rjestelmiss\u00e4. Sen 36 hampaan rakenne varmistaa optimaalisen voimansiirron, mik\u00e4 mahdollistaa erinomaisen ajokokemuksen haastavissakin olosuhteissa. Moderni muotoilu, jossa yhdistyv\u00e4t kest\u00e4vyys ja tehokkuus, tekee t\u00e4st\u00e4 eturattaasta loistavan valinnan kaikille py\u00f6r\u00e4ilij\u00f6ille, jotka [&#8230;]<\/p>\n<p><a class=\"btn btn-secondary understrap-read-more-link\" href=\"https:\/\/vmsport.fi\/sv\/verkkokauppa\/varaosat\/voimansiirto\/eturattaat\/stronglight-chainring-o104-mm-outer-double-36t-4-holes\/\">L\u00e4s mer \u2026<span class=\"screen-reader-text\"> from STRONGLIGHT Chainring \u00d8104 mm Outer (double) 36T 4 holes<\/span><\/a><\/p>\n","protected":false},"featured_media":56646,"comment_status":"open","ping_status":"closed","template":"","meta":{"_acf_changed":false,"_improvement_type_select":"improve_an_existing","_thumb_yes_seoaic":false,"_frame_yes_seoaic":false,"seoaic_generate_description":"","seoaic_improve_instructions_prompt":"","seoaic_rollback_content_improvement":"","seoaic_idea_thumbnail_generator":"","thumbnail_generated":false,"thumbnail_generate_prompt":"","seoaic_article_description":"","_supplier_stock_quantity":0},"product_brand":[],"product_model":[],"product_cat":[9252],"product_tag":[],"industry-terminology":[],"class_list":{"0":"post-56647","1":"product","2":"type-product","3":"status-publish","4":"has-post-thumbnail","6":"product_cat-eturattaat","8":"first","9":"outofstock","10":"taxable","11":"shipping-taxable","12":"product-type-simple"},"acf":{"bike_features":null,"overview":{"copy_overview":null,"key_features":null,"statement":"","youtube_url":""}},"yoast_head":"<!-- This site is optimized with the Yoast SEO plugin v27.3 - https:\/\/yoast.com\/product\/yoast-seo-wordpress\/ -->\n<title>STRONGLIGHT Chainring \u00d8104 mm Outer (double) 36T 4 holes - VM Sport<\/title>\n<meta name=\"robots\" content=\"index, follow, max-snippet:-1, max-image-preview:large, max-video-preview:-1\" \/>\n<link rel=\"canonical\" href=\"https:\/\/vmsport.fi\/sv\/webbutik\/reservdelar\/transmission\/framhjulsdrift\/stronglight-chainring-o104-mm-outer-double-36t-4-holes\/\" \/>\n<meta property=\"og:locale\" content=\"sv_SE\" \/>\n<meta property=\"og:type\" content=\"article\" \/>\n<meta property=\"og:title\" content=\"STRONGLIGHT Chainring \u00d8104 mm Outer (double) 36T 4 holes - VM Sport\" \/>\n<meta property=\"og:description\" content=\"STRONGLIGHTin ulkoinen eturatas, jonka halkaisija on 104 mm, tarjoaa erinomaisen suorituskyvyn, kun tavoitteena on sujuva vaihteenvaihto. Nelj\u00e4n kiinnityskohdan avulla se takaa tarkan yhteensopivuuden kaksinkertaista ratasta k\u00e4ytt\u00e4viss\u00e4 j\u00e4rjestelmiss\u00e4. Sen 36 hampaan rakenne varmistaa optimaalisen voimansiirron, mik\u00e4 mahdollistaa erinomaisen ajokokemuksen haastavissakin olosuhteissa. Moderni muotoilu, jossa yhdistyv\u00e4t kest\u00e4vyys ja tehokkuus, tekee t\u00e4st\u00e4 eturattaasta loistavan valinnan kaikille py\u00f6r\u00e4ilij\u00f6ille, jotka [...]L\u00e4s mer \u2026 from STRONGLIGHT Chainring \u00d8104 mm Outer (double) 36T 4 holes\" \/>\n<meta property=\"og:url\" content=\"https:\/\/vmsport.fi\/sv\/webbutik\/reservdelar\/transmission\/framhjulsdrift\/stronglight-chainring-o104-mm-outer-double-36t-4-holes\/\" \/>\n<meta property=\"og:site_name\" content=\"VM Sport\" \/>\n<meta property=\"article:publisher\" content=\"https:\/\/www.facebook.com\/Vmsport.fi\/\" \/>\n<meta property=\"article:modified_time\" content=\"2026-01-16T11:24:24+00:00\" \/>\n<meta property=\"og:image\" content=\"https:\/\/vmsport.fi\/wp-content\/uploads\/2025\/03\/WPRRg00YDlLtj8ncArgdmtKYOYyD4WQdHt1K9mtRmhl0JmtvnU-1.jpg\" \/>\n\t<meta property=\"og:image:width\" content=\"800\" \/>\n\t<meta property=\"og:image:height\" content=\"800\" \/>\n\t<meta property=\"og:image:type\" content=\"image\/jpeg\" \/>\n<meta name=\"twitter:card\" content=\"summary_large_image\" \/>\n<script type=\"application\/ld+json\" class=\"yoast-schema-graph\">{\"@context\":\"https:\\\/\\\/schema.org\",\"@graph\":[{\"@type\":[\"WebPage\",\"ItemPage\"],\"@id\":\"https:\\\/\\\/vmsport.fi\\\/verkkokauppa\\\/varaosat\\\/voimansiirto\\\/eturattaat\\\/stronglight-chainring-o104-mm-outer-double-36t-4-holes\\\/\",\"url\":\"https:\\\/\\\/vmsport.fi\\\/verkkokauppa\\\/varaosat\\\/voimansiirto\\\/eturattaat\\\/stronglight-chainring-o104-mm-outer-double-36t-4-holes\\\/\",\"name\":\"STRONGLIGHT Chainring \u00d8104 mm Outer (double) 36T 4 holes - VM Sport\",\"isPartOf\":{\"@id\":\"https:\\\/\\\/vmsport.fi\\\/#website\"},\"primaryImageOfPage\":{\"@id\":\"https:\\\/\\\/vmsport.fi\\\/verkkokauppa\\\/varaosat\\\/voimansiirto\\\/eturattaat\\\/stronglight-chainring-o104-mm-outer-double-36t-4-holes\\\/#primaryimage\"},\"image\":{\"@id\":\"https:\\\/\\\/vmsport.fi\\\/verkkokauppa\\\/varaosat\\\/voimansiirto\\\/eturattaat\\\/stronglight-chainring-o104-mm-outer-double-36t-4-holes\\\/#primaryimage\"},\"thumbnailUrl\":\"https:\\\/\\\/vmsport.fi\\\/wp-content\\\/uploads\\\/2025\\\/03\\\/WPRRg00YDlLtj8ncArgdmtKYOYyD4WQdHt1K9mtRmhl0JmtvnU-1.jpg\",\"datePublished\":\"2025-03-05T22:22:11+00:00\",\"dateModified\":\"2026-01-16T11:24:24+00:00\",\"breadcrumb\":{\"@id\":\"https:\\\/\\\/vmsport.fi\\\/verkkokauppa\\\/varaosat\\\/voimansiirto\\\/eturattaat\\\/stronglight-chainring-o104-mm-outer-double-36t-4-holes\\\/#breadcrumb\"},\"inLanguage\":\"sv-SE\",\"potentialAction\":[{\"@type\":\"ReadAction\",\"target\":[\"https:\\\/\\\/vmsport.fi\\\/verkkokauppa\\\/varaosat\\\/voimansiirto\\\/eturattaat\\\/stronglight-chainring-o104-mm-outer-double-36t-4-holes\\\/\"]}]},{\"@type\":\"ImageObject\",\"inLanguage\":\"sv-SE\",\"@id\":\"https:\\\/\\\/vmsport.fi\\\/verkkokauppa\\\/varaosat\\\/voimansiirto\\\/eturattaat\\\/stronglight-chainring-o104-mm-outer-double-36t-4-holes\\\/#primaryimage\",\"url\":\"https:\\\/\\\/vmsport.fi\\\/wp-content\\\/uploads\\\/2025\\\/03\\\/WPRRg00YDlLtj8ncArgdmtKYOYyD4WQdHt1K9mtRmhl0JmtvnU-1.jpg\",\"contentUrl\":\"https:\\\/\\\/vmsport.fi\\\/wp-content\\\/uploads\\\/2025\\\/03\\\/WPRRg00YDlLtj8ncArgdmtKYOYyD4WQdHt1K9mtRmhl0JmtvnU-1.jpg\",\"width\":800,\"height\":800,\"caption\":\"WPRRg00YDlLtj8ncArgdmtKYOYyD4WQdHt1K9mtRmhl0JmtvnU\"},{\"@type\":\"BreadcrumbList\",\"@id\":\"https:\\\/\\\/vmsport.fi\\\/verkkokauppa\\\/varaosat\\\/voimansiirto\\\/eturattaat\\\/stronglight-chainring-o104-mm-outer-double-36t-4-holes\\\/#breadcrumb\",\"itemListElement\":[{\"@type\":\"ListItem\",\"position\":1,\"name\":\"Etusivu\",\"item\":\"https:\\\/\\\/vmsport.fi\\\/\"},{\"@type\":\"ListItem\",\"position\":2,\"name\":\"Online Store\",\"item\":\"https:\\\/\\\/vmsport.fi\\\/en\\\/online-store\\\/\"},{\"@type\":\"ListItem\",\"position\":3,\"name\":\"STRONGLIGHT Chainring \u00d8104 mm Outer (double) 36T 4 holes\"}]},{\"@type\":\"WebSite\",\"@id\":\"https:\\\/\\\/vmsport.fi\\\/#website\",\"url\":\"https:\\\/\\\/vmsport.fi\\\/\",\"name\":\"Vmsport\",\"description\":\"Kaikki py\u00f6r\u00e4ilyyn yhdest\u00e4 paikasta\",\"publisher\":{\"@id\":\"https:\\\/\\\/vmsport.fi\\\/#organization\"},\"potentialAction\":[{\"@type\":\"SearchAction\",\"target\":{\"@type\":\"EntryPoint\",\"urlTemplate\":\"https:\\\/\\\/vmsport.fi\\\/?s={search_term_string}\"},\"query-input\":{\"@type\":\"PropertyValueSpecification\",\"valueRequired\":true,\"valueName\":\"search_term_string\"}}],\"inLanguage\":\"sv-SE\"},{\"@type\":\"Organization\",\"@id\":\"https:\\\/\\\/vmsport.fi\\\/#organization\",\"name\":\"Vmsport\",\"url\":\"https:\\\/\\\/vmsport.fi\\\/\",\"logo\":{\"@type\":\"ImageObject\",\"inLanguage\":\"sv-SE\",\"@id\":\"https:\\\/\\\/vmsport.fi\\\/#\\\/schema\\\/logo\\\/image\\\/\",\"url\":\"https:\\\/\\\/vmsport.fi\\\/wp-content\\\/uploads\\\/2024\\\/12\\\/vm_sport_RGB_horisontal-e1734526017575.png\",\"contentUrl\":\"https:\\\/\\\/vmsport.fi\\\/wp-content\\\/uploads\\\/2024\\\/12\\\/vm_sport_RGB_horisontal-e1734526017575.png\",\"width\":668,\"height\":85,\"caption\":\"Vmsport\"},\"image\":{\"@id\":\"https:\\\/\\\/vmsport.fi\\\/#\\\/schema\\\/logo\\\/image\\\/\"},\"sameAs\":[\"https:\\\/\\\/www.facebook.com\\\/Vmsport.fi\\\/\",\"https:\\\/\\\/www.instagram.com\\\/vmsport\\\/\"]}]}<\/script>\n<!-- \/ Yoast SEO plugin. -->","yoast_head_json":{"title":"STRONGLIGHT Chainring \u00d8104 mm Outer (double) 36T 4 holes - VM Sport","robots":{"index":"index","follow":"follow","max-snippet":"max-snippet:-1","max-image-preview":"max-image-preview:large","max-video-preview":"max-video-preview:-1"},"canonical":"https:\/\/vmsport.fi\/sv\/webbutik\/reservdelar\/transmission\/framhjulsdrift\/stronglight-chainring-o104-mm-outer-double-36t-4-holes\/","og_locale":"sv_SE","og_type":"article","og_title":"STRONGLIGHT Chainring \u00d8104 mm Outer (double) 36T 4 holes - VM Sport","og_description":"STRONGLIGHTin ulkoinen eturatas, jonka halkaisija on 104 mm, tarjoaa erinomaisen suorituskyvyn, kun tavoitteena on sujuva vaihteenvaihto. Nelj\u00e4n kiinnityskohdan avulla se takaa tarkan yhteensopivuuden kaksinkertaista ratasta k\u00e4ytt\u00e4viss\u00e4 j\u00e4rjestelmiss\u00e4. Sen 36 hampaan rakenne varmistaa optimaalisen voimansiirron, mik\u00e4 mahdollistaa erinomaisen ajokokemuksen haastavissakin olosuhteissa. Moderni muotoilu, jossa yhdistyv\u00e4t kest\u00e4vyys ja tehokkuus, tekee t\u00e4st\u00e4 eturattaasta loistavan valinnan kaikille py\u00f6r\u00e4ilij\u00f6ille, jotka [...]L\u00e4s mer \u2026 from STRONGLIGHT Chainring \u00d8104 mm Outer (double) 36T 4 holes","og_url":"https:\/\/vmsport.fi\/sv\/webbutik\/reservdelar\/transmission\/framhjulsdrift\/stronglight-chainring-o104-mm-outer-double-36t-4-holes\/","og_site_name":"VM Sport","article_publisher":"https:\/\/www.facebook.com\/Vmsport.fi\/","article_modified_time":"2026-01-16T11:24:24+00:00","og_image":[{"width":800,"height":800,"url":"https:\/\/vmsport.fi\/wp-content\/uploads\/2025\/03\/WPRRg00YDlLtj8ncArgdmtKYOYyD4WQdHt1K9mtRmhl0JmtvnU-1.jpg","type":"image\/jpeg"}],"twitter_card":"summary_large_image","schema":{"@context":"https:\/\/schema.org","@graph":[{"@type":["WebPage","ItemPage"],"@id":"https:\/\/vmsport.fi\/verkkokauppa\/varaosat\/voimansiirto\/eturattaat\/stronglight-chainring-o104-mm-outer-double-36t-4-holes\/","url":"https:\/\/vmsport.fi\/verkkokauppa\/varaosat\/voimansiirto\/eturattaat\/stronglight-chainring-o104-mm-outer-double-36t-4-holes\/","name":"STRONGLIGHT Chainring \u00d8104 mm Outer (double) 36T 4 holes - VM Sport","isPartOf":{"@id":"https:\/\/vmsport.fi\/#website"},"primaryImageOfPage":{"@id":"https:\/\/vmsport.fi\/verkkokauppa\/varaosat\/voimansiirto\/eturattaat\/stronglight-chainring-o104-mm-outer-double-36t-4-holes\/#primaryimage"},"image":{"@id":"https:\/\/vmsport.fi\/verkkokauppa\/varaosat\/voimansiirto\/eturattaat\/stronglight-chainring-o104-mm-outer-double-36t-4-holes\/#primaryimage"},"thumbnailUrl":"https:\/\/vmsport.fi\/wp-content\/uploads\/2025\/03\/WPRRg00YDlLtj8ncArgdmtKYOYyD4WQdHt1K9mtRmhl0JmtvnU-1.jpg","datePublished":"2025-03-05T22:22:11+00:00","dateModified":"2026-01-16T11:24:24+00:00","breadcrumb":{"@id":"https:\/\/vmsport.fi\/verkkokauppa\/varaosat\/voimansiirto\/eturattaat\/stronglight-chainring-o104-mm-outer-double-36t-4-holes\/#breadcrumb"},"inLanguage":"sv-SE","potentialAction":[{"@type":"ReadAction","target":["https:\/\/vmsport.fi\/verkkokauppa\/varaosat\/voimansiirto\/eturattaat\/stronglight-chainring-o104-mm-outer-double-36t-4-holes\/"]}]},{"@type":"ImageObject","inLanguage":"sv-SE","@id":"https:\/\/vmsport.fi\/verkkokauppa\/varaosat\/voimansiirto\/eturattaat\/stronglight-chainring-o104-mm-outer-double-36t-4-holes\/#primaryimage","url":"https:\/\/vmsport.fi\/wp-content\/uploads\/2025\/03\/WPRRg00YDlLtj8ncArgdmtKYOYyD4WQdHt1K9mtRmhl0JmtvnU-1.jpg","contentUrl":"https:\/\/vmsport.fi\/wp-content\/uploads\/2025\/03\/WPRRg00YDlLtj8ncArgdmtKYOYyD4WQdHt1K9mtRmhl0JmtvnU-1.jpg","width":800,"height":800,"caption":"WPRRg00YDlLtj8ncArgdmtKYOYyD4WQdHt1K9mtRmhl0JmtvnU"},{"@type":"BreadcrumbList","@id":"https:\/\/vmsport.fi\/verkkokauppa\/varaosat\/voimansiirto\/eturattaat\/stronglight-chainring-o104-mm-outer-double-36t-4-holes\/#breadcrumb","itemListElement":[{"@type":"ListItem","position":1,"name":"Etusivu","item":"https:\/\/vmsport.fi\/"},{"@type":"ListItem","position":2,"name":"Online Store","item":"https:\/\/vmsport.fi\/en\/online-store\/"},{"@type":"ListItem","position":3,"name":"STRONGLIGHT Chainring \u00d8104 mm Outer (double) 36T 4 holes"}]},{"@type":"WebSite","@id":"https:\/\/vmsport.fi\/#website","url":"https:\/\/vmsport.fi\/","name":"Vmsport","description":"Allt p\u00e5 ett st\u00e4lle f\u00f6r cykling","publisher":{"@id":"https:\/\/vmsport.fi\/#organization"},"potentialAction":[{"@type":"SearchAction","target":{"@type":"EntryPoint","urlTemplate":"https:\/\/vmsport.fi\/?s={search_term_string}"},"query-input":{"@type":"PropertyValueSpecification","valueRequired":true,"valueName":"search_term_string"}}],"inLanguage":"sv-SE"},{"@type":"Organization","@id":"https:\/\/vmsport.fi\/#organization","name":"Vmsport","url":"https:\/\/vmsport.fi\/","logo":{"@type":"ImageObject","inLanguage":"sv-SE","@id":"https:\/\/vmsport.fi\/#\/schema\/logo\/image\/","url":"https:\/\/vmsport.fi\/wp-content\/uploads\/2024\/12\/vm_sport_RGB_horisontal-e1734526017575.png","contentUrl":"https:\/\/vmsport.fi\/wp-content\/uploads\/2024\/12\/vm_sport_RGB_horisontal-e1734526017575.png","width":668,"height":85,"caption":"Vmsport"},"image":{"@id":"https:\/\/vmsport.fi\/#\/schema\/logo\/image\/"},"sameAs":["https:\/\/www.facebook.com\/Vmsport.fi\/","https:\/\/www.instagram.com\/vmsport\/"]}]}},"global_unique_id":"","_links":{"self":[{"href":"https:\/\/vmsport.fi\/sv\/wp-json\/wp\/v2\/product\/56647","targetHints":{"allow":["GET"]}}],"collection":[{"href":"https:\/\/vmsport.fi\/sv\/wp-json\/wp\/v2\/product"}],"about":[{"href":"https:\/\/vmsport.fi\/sv\/wp-json\/wp\/v2\/types\/product"}],"replies":[{"embeddable":true,"href":"https:\/\/vmsport.fi\/sv\/wp-json\/wp\/v2\/comments?post=56647"}],"wp:featuredmedia":[{"embeddable":true,"href":"https:\/\/vmsport.fi\/sv\/wp-json\/wp\/v2\/media\/56646"}],"wp:attachment":[{"href":"https:\/\/vmsport.fi\/sv\/wp-json\/wp\/v2\/media?parent=56647"}],"wp:term":[{"taxonomy":"product_brand","embeddable":true,"href":"https:\/\/vmsport.fi\/sv\/wp-json\/wp\/v2\/product_brand?post=56647"},{"taxonomy":"product_model","embeddable":true,"href":"https:\/\/vmsport.fi\/sv\/wp-json\/wp\/v2\/product_model?post=56647"},{"taxonomy":"product_cat","embeddable":true,"href":"https:\/\/vmsport.fi\/sv\/wp-json\/wp\/v2\/product_cat?post=56647"},{"taxonomy":"product_tag","embeddable":true,"href":"https:\/\/vmsport.fi\/sv\/wp-json\/wp\/v2\/product_tag?post=56647"},{"taxonomy":"industry_terminology","embeddable":true,"href":"https:\/\/vmsport.fi\/sv\/wp-json\/wp\/v2\/industry-terminology?post=56647"}],"curies":[{"name":"wp","href":"https:\/\/api.w.org\/{rel}","templated":true}]}}