{"id":56645,"date":"2025-03-06T00:22:10","date_gmt":"2025-03-05T22:22:10","guid":{"rendered":"https:\/\/vmsport.fi\/verkkokauppa\/Ei-luokiteltu\/jarruvipu-vasen-2-sormi-musta-bl-m4100-levyjarruun\/"},"modified":"2026-04-22T15:00:53","modified_gmt":"2026-04-22T12:00:53","slug":"bromshandtag-vanster-2-fingrar-svart-bl-m4100-skivbroms","status":"publish","type":"product","link":"https:\/\/vmsport.fi\/sv\/verkkokauppa\/varaosat\/jarrut\/jarrukahvat\/jarruvipu-vasen-2-sormi-musta-bl-m4100-levyjarruun\/","title":{"rendered":"Bromshandtag v\u00e4nster 2-finger svart, BL-M4100 skivbroms"},"content":{"rendered":"<p>Den h\u00e4r bromshandtaget \u00e4r utformat f\u00f6r v\u00e4nster sida och \u00e4r s\u00e4rskilt l\u00e4mpligt f\u00f6r BL-M4100 skivbromsar. Tv\u00e5 fingrar vilar bekv\u00e4mt p\u00e5 bromshandtaget f\u00f6r en effektiv och ergonomisk bromsupplevelse. Den snygga svarta f\u00e4rgen g\u00f6r den estetiskt tilltalande och kompletterar utseendet p\u00e5 din cykel. Den h\u00e4r bromshandtaget \u00e4r det perfekta valet f\u00f6r dem som v\u00e4rdes\u00e4tter b\u00e5de prestanda och utseende i sina bromssystem.<\/p>","protected":false},"excerpt":{"rendered":"<p>T\u00e4m\u00e4 jarruvipu on suunniteltu vasemmalle puolelle ja se sopii erityisesti BL-M4100 -levyjarruihin. Kaksi sormea asettuu mukavasti jarruvivun p\u00e4\u00e4lle, mik\u00e4 takaa tehokkaan ja ergonomisen jarrutuskokemuksen. Tyylik\u00e4s musta v\u00e4ri tekee siit\u00e4 esteettisesti miellytt\u00e4v\u00e4n, ja se t\u00e4ydent\u00e4\u00e4 py\u00f6r\u00e4si ulkon\u00e4k\u00f6\u00e4. T\u00e4m\u00e4 jarruvipu on ihanteellinen valinta niille, jotka arvostavat sek\u00e4 suorituskyky\u00e4 ett\u00e4 visuaalista houkuttelevuutta jarruj\u00e4rjestelmiss\u00e4\u00e4n. [&#8230;]<\/p>\n<p><a class=\"btn btn-secondary understrap-read-more-link\" href=\"https:\/\/vmsport.fi\/sv\/verkkokauppa\/varaosat\/jarrut\/jarrukahvat\/jarruvipu-vasen-2-sormi-musta-bl-m4100-levyjarruun\/\">L\u00e4s mer \u2026<span class=\"screen-reader-text\"> from Jarruvipu vasen 2-sormi musta, BL-M4100 levyjarruun<\/span><\/a><\/p>\n","protected":false},"featured_media":56644,"comment_status":"open","ping_status":"closed","template":"","meta":{"_acf_changed":false,"_improvement_type_select":"improve_an_existing","_thumb_yes_seoaic":false,"_frame_yes_seoaic":false,"seoaic_generate_description":"","seoaic_improve_instructions_prompt":"","seoaic_rollback_content_improvement":"","seoaic_idea_thumbnail_generator":"","thumbnail_generated":false,"thumbnail_generate_prompt":"","seoaic_article_description":"","_supplier_stock_quantity":0},"product_brand":[],"product_model":[],"product_cat":[9430],"product_tag":[],"industry-terminology":[],"class_list":{"0":"post-56645","1":"product","2":"type-product","3":"status-publish","4":"has-post-thumbnail","6":"product_cat-jarrukahvat","8":"first","9":"outofstock","10":"taxable","11":"shipping-taxable","12":"product-type-simple"},"acf":{"bike_features":null,"overview":{"copy_overview":null,"key_features":null,"statement":"","youtube_url":""}},"yoast_head":"<!-- This site is optimized with the Yoast SEO plugin v27.4 - https:\/\/yoast.com\/product\/yoast-seo-wordpress\/ -->\n<title>Jarruvipu vasen 2-sormi musta, BL-M4100 levyjarruun - VM Sport<\/title>\n<meta name=\"robots\" content=\"index, follow, max-snippet:-1, max-image-preview:large, max-video-preview:-1\" \/>\n<link rel=\"canonical\" href=\"https:\/\/vmsport.fi\/sv\/webbutik\/reservdelar\/bromsar\/bromshandtag\/bromshandtag-vanster-2-fingrar-svart-bl-m4100-skivbroms\/\" \/>\n<meta property=\"og:locale\" content=\"sv_SE\" \/>\n<meta property=\"og:type\" content=\"article\" \/>\n<meta property=\"og:title\" content=\"Jarruvipu vasen 2-sormi musta, BL-M4100 levyjarruun - VM Sport\" \/>\n<meta property=\"og:description\" content=\"T\u00e4m\u00e4 jarruvipu on suunniteltu vasemmalle puolelle ja se sopii erityisesti BL-M4100 -levyjarruihin. Kaksi sormea asettuu mukavasti jarruvivun p\u00e4\u00e4lle, mik\u00e4 takaa tehokkaan ja ergonomisen jarrutuskokemuksen. Tyylik\u00e4s musta v\u00e4ri tekee siit\u00e4 esteettisesti miellytt\u00e4v\u00e4n, ja se t\u00e4ydent\u00e4\u00e4 py\u00f6r\u00e4si ulkon\u00e4k\u00f6\u00e4. T\u00e4m\u00e4 jarruvipu on ihanteellinen valinta niille, jotka arvostavat sek\u00e4 suorituskyky\u00e4 ett\u00e4 visuaalista houkuttelevuutta jarruj\u00e4rjestelmiss\u00e4\u00e4n. [...]L\u00e4s mer \u2026 from Jarruvipu vasen 2-sormi musta, BL-M4100 levyjarruun\" \/>\n<meta property=\"og:url\" content=\"https:\/\/vmsport.fi\/sv\/webbutik\/reservdelar\/bromsar\/bromshandtag\/bromshandtag-vanster-2-fingrar-svart-bl-m4100-skivbroms\/\" \/>\n<meta property=\"og:site_name\" content=\"VM Sport\" \/>\n<meta property=\"article:publisher\" content=\"https:\/\/www.facebook.com\/Vmsport.fi\/\" \/>\n<meta property=\"article:modified_time\" content=\"2026-04-22T12:00:53+00:00\" \/>\n<meta property=\"og:image\" content=\"https:\/\/vmsport.fi\/wp-content\/uploads\/2025\/03\/jT3kqIljUdNkqasFKdG4XpgHfdZnh2AImXQiY1oY8DOQXmIjuu-1.jpg\" \/>\n\t<meta property=\"og:image:width\" content=\"600\" \/>\n\t<meta property=\"og:image:height\" content=\"600\" \/>\n\t<meta property=\"og:image:type\" content=\"image\/jpeg\" \/>\n<meta name=\"twitter:card\" content=\"summary_large_image\" \/>\n<script type=\"application\/ld+json\" class=\"yoast-schema-graph\">{\"@context\":\"https:\\\/\\\/schema.org\",\"@graph\":[{\"@type\":[\"WebPage\",\"ItemPage\"],\"@id\":\"https:\\\/\\\/vmsport.fi\\\/verkkokauppa\\\/varaosat\\\/jarrut\\\/jarrukahvat\\\/jarruvipu-vasen-2-sormi-musta-bl-m4100-levyjarruun\\\/\",\"url\":\"https:\\\/\\\/vmsport.fi\\\/verkkokauppa\\\/varaosat\\\/jarrut\\\/jarrukahvat\\\/jarruvipu-vasen-2-sormi-musta-bl-m4100-levyjarruun\\\/\",\"name\":\"Jarruvipu vasen 2-sormi musta, BL-M4100 levyjarruun - VM Sport\",\"isPartOf\":{\"@id\":\"https:\\\/\\\/vmsport.fi\\\/#website\"},\"primaryImageOfPage\":{\"@id\":\"https:\\\/\\\/vmsport.fi\\\/verkkokauppa\\\/varaosat\\\/jarrut\\\/jarrukahvat\\\/jarruvipu-vasen-2-sormi-musta-bl-m4100-levyjarruun\\\/#primaryimage\"},\"image\":{\"@id\":\"https:\\\/\\\/vmsport.fi\\\/verkkokauppa\\\/varaosat\\\/jarrut\\\/jarrukahvat\\\/jarruvipu-vasen-2-sormi-musta-bl-m4100-levyjarruun\\\/#primaryimage\"},\"thumbnailUrl\":\"https:\\\/\\\/vmsport.fi\\\/wp-content\\\/uploads\\\/2025\\\/03\\\/jT3kqIljUdNkqasFKdG4XpgHfdZnh2AImXQiY1oY8DOQXmIjuu-1.jpg\",\"datePublished\":\"2025-03-05T22:22:10+00:00\",\"dateModified\":\"2026-04-22T12:00:53+00:00\",\"breadcrumb\":{\"@id\":\"https:\\\/\\\/vmsport.fi\\\/verkkokauppa\\\/varaosat\\\/jarrut\\\/jarrukahvat\\\/jarruvipu-vasen-2-sormi-musta-bl-m4100-levyjarruun\\\/#breadcrumb\"},\"inLanguage\":\"sv-SE\",\"potentialAction\":[{\"@type\":\"ReadAction\",\"target\":[\"https:\\\/\\\/vmsport.fi\\\/verkkokauppa\\\/varaosat\\\/jarrut\\\/jarrukahvat\\\/jarruvipu-vasen-2-sormi-musta-bl-m4100-levyjarruun\\\/\"]}]},{\"@type\":\"ImageObject\",\"inLanguage\":\"sv-SE\",\"@id\":\"https:\\\/\\\/vmsport.fi\\\/verkkokauppa\\\/varaosat\\\/jarrut\\\/jarrukahvat\\\/jarruvipu-vasen-2-sormi-musta-bl-m4100-levyjarruun\\\/#primaryimage\",\"url\":\"https:\\\/\\\/vmsport.fi\\\/wp-content\\\/uploads\\\/2025\\\/03\\\/jT3kqIljUdNkqasFKdG4XpgHfdZnh2AImXQiY1oY8DOQXmIjuu-1.jpg\",\"contentUrl\":\"https:\\\/\\\/vmsport.fi\\\/wp-content\\\/uploads\\\/2025\\\/03\\\/jT3kqIljUdNkqasFKdG4XpgHfdZnh2AImXQiY1oY8DOQXmIjuu-1.jpg\",\"width\":600,\"height\":600,\"caption\":\"jT3kqIljUdNkqasFKdG4XpgHfdZnh2AImXQiY1oY8DOQXmIjuu\"},{\"@type\":\"BreadcrumbList\",\"@id\":\"https:\\\/\\\/vmsport.fi\\\/verkkokauppa\\\/varaosat\\\/jarrut\\\/jarrukahvat\\\/jarruvipu-vasen-2-sormi-musta-bl-m4100-levyjarruun\\\/#breadcrumb\",\"itemListElement\":[{\"@type\":\"ListItem\",\"position\":1,\"name\":\"Etusivu\",\"item\":\"https:\\\/\\\/vmsport.fi\\\/\"},{\"@type\":\"ListItem\",\"position\":2,\"name\":\"Online Store\",\"item\":\"https:\\\/\\\/vmsport.fi\\\/en\\\/online-store\\\/\"},{\"@type\":\"ListItem\",\"position\":3,\"name\":\"Jarruvipu vasen 2-sormi musta, BL-M4100 levyjarruun\"}]},{\"@type\":\"WebSite\",\"@id\":\"https:\\\/\\\/vmsport.fi\\\/#website\",\"url\":\"https:\\\/\\\/vmsport.fi\\\/\",\"name\":\"Vmsport\",\"description\":\"Kaikki py\u00f6r\u00e4ilyyn yhdest\u00e4 paikasta\",\"publisher\":{\"@id\":\"https:\\\/\\\/vmsport.fi\\\/#organization\"},\"potentialAction\":[{\"@type\":\"SearchAction\",\"target\":{\"@type\":\"EntryPoint\",\"urlTemplate\":\"https:\\\/\\\/vmsport.fi\\\/?s={search_term_string}\"},\"query-input\":{\"@type\":\"PropertyValueSpecification\",\"valueRequired\":true,\"valueName\":\"search_term_string\"}}],\"inLanguage\":\"sv-SE\"},{\"@type\":\"Organization\",\"@id\":\"https:\\\/\\\/vmsport.fi\\\/#organization\",\"name\":\"Vmsport\",\"url\":\"https:\\\/\\\/vmsport.fi\\\/\",\"logo\":{\"@type\":\"ImageObject\",\"inLanguage\":\"sv-SE\",\"@id\":\"https:\\\/\\\/vmsport.fi\\\/#\\\/schema\\\/logo\\\/image\\\/\",\"url\":\"https:\\\/\\\/vmsport.fi\\\/wp-content\\\/uploads\\\/2024\\\/12\\\/vm_sport_RGB_horisontal-e1734526017575.png\",\"contentUrl\":\"https:\\\/\\\/vmsport.fi\\\/wp-content\\\/uploads\\\/2024\\\/12\\\/vm_sport_RGB_horisontal-e1734526017575.png\",\"width\":668,\"height\":85,\"caption\":\"Vmsport\"},\"image\":{\"@id\":\"https:\\\/\\\/vmsport.fi\\\/#\\\/schema\\\/logo\\\/image\\\/\"},\"sameAs\":[\"https:\\\/\\\/www.facebook.com\\\/Vmsport.fi\\\/\",\"https:\\\/\\\/www.instagram.com\\\/vmsport\\\/\"]}]}<\/script>\n<!-- \/ Yoast SEO plugin. -->","yoast_head_json":{"title":"Bromshandtag v\u00e4nster 2-finger svart, BL-M4100 skivbroms - VM Sport","robots":{"index":"index","follow":"follow","max-snippet":"max-snippet:-1","max-image-preview":"max-image-preview:large","max-video-preview":"max-video-preview:-1"},"canonical":"https:\/\/vmsport.fi\/sv\/webbutik\/reservdelar\/bromsar\/bromshandtag\/bromshandtag-vanster-2-fingrar-svart-bl-m4100-skivbroms\/","og_locale":"sv_SE","og_type":"article","og_title":"Jarruvipu vasen 2-sormi musta, BL-M4100 levyjarruun - VM Sport","og_description":"T\u00e4m\u00e4 jarruvipu on suunniteltu vasemmalle puolelle ja se sopii erityisesti BL-M4100 -levyjarruihin. Kaksi sormea asettuu mukavasti jarruvivun p\u00e4\u00e4lle, mik\u00e4 takaa tehokkaan ja ergonomisen jarrutuskokemuksen. Tyylik\u00e4s musta v\u00e4ri tekee siit\u00e4 esteettisesti miellytt\u00e4v\u00e4n, ja se t\u00e4ydent\u00e4\u00e4 py\u00f6r\u00e4si ulkon\u00e4k\u00f6\u00e4. T\u00e4m\u00e4 jarruvipu on ihanteellinen valinta niille, jotka arvostavat sek\u00e4 suorituskyky\u00e4 ett\u00e4 visuaalista houkuttelevuutta jarruj\u00e4rjestelmiss\u00e4\u00e4n. [...]L\u00e4s mer \u2026 from Jarruvipu vasen 2-sormi musta, BL-M4100 levyjarruun","og_url":"https:\/\/vmsport.fi\/sv\/webbutik\/reservdelar\/bromsar\/bromshandtag\/bromshandtag-vanster-2-fingrar-svart-bl-m4100-skivbroms\/","og_site_name":"VM Sport","article_publisher":"https:\/\/www.facebook.com\/Vmsport.fi\/","article_modified_time":"2026-04-22T12:00:53+00:00","og_image":[{"width":600,"height":600,"url":"https:\/\/vmsport.fi\/wp-content\/uploads\/2025\/03\/jT3kqIljUdNkqasFKdG4XpgHfdZnh2AImXQiY1oY8DOQXmIjuu-1.jpg","type":"image\/jpeg"}],"twitter_card":"summary_large_image","schema":{"@context":"https:\/\/schema.org","@graph":[{"@type":["WebPage","ItemPage"],"@id":"https:\/\/vmsport.fi\/verkkokauppa\/varaosat\/jarrut\/jarrukahvat\/jarruvipu-vasen-2-sormi-musta-bl-m4100-levyjarruun\/","url":"https:\/\/vmsport.fi\/verkkokauppa\/varaosat\/jarrut\/jarrukahvat\/jarruvipu-vasen-2-sormi-musta-bl-m4100-levyjarruun\/","name":"Bromshandtag v\u00e4nster 2-finger svart, BL-M4100 skivbroms - VM Sport","isPartOf":{"@id":"https:\/\/vmsport.fi\/#website"},"primaryImageOfPage":{"@id":"https:\/\/vmsport.fi\/verkkokauppa\/varaosat\/jarrut\/jarrukahvat\/jarruvipu-vasen-2-sormi-musta-bl-m4100-levyjarruun\/#primaryimage"},"image":{"@id":"https:\/\/vmsport.fi\/verkkokauppa\/varaosat\/jarrut\/jarrukahvat\/jarruvipu-vasen-2-sormi-musta-bl-m4100-levyjarruun\/#primaryimage"},"thumbnailUrl":"https:\/\/vmsport.fi\/wp-content\/uploads\/2025\/03\/jT3kqIljUdNkqasFKdG4XpgHfdZnh2AImXQiY1oY8DOQXmIjuu-1.jpg","datePublished":"2025-03-05T22:22:10+00:00","dateModified":"2026-04-22T12:00:53+00:00","breadcrumb":{"@id":"https:\/\/vmsport.fi\/verkkokauppa\/varaosat\/jarrut\/jarrukahvat\/jarruvipu-vasen-2-sormi-musta-bl-m4100-levyjarruun\/#breadcrumb"},"inLanguage":"sv-SE","potentialAction":[{"@type":"ReadAction","target":["https:\/\/vmsport.fi\/verkkokauppa\/varaosat\/jarrut\/jarrukahvat\/jarruvipu-vasen-2-sormi-musta-bl-m4100-levyjarruun\/"]}]},{"@type":"ImageObject","inLanguage":"sv-SE","@id":"https:\/\/vmsport.fi\/verkkokauppa\/varaosat\/jarrut\/jarrukahvat\/jarruvipu-vasen-2-sormi-musta-bl-m4100-levyjarruun\/#primaryimage","url":"https:\/\/vmsport.fi\/wp-content\/uploads\/2025\/03\/jT3kqIljUdNkqasFKdG4XpgHfdZnh2AImXQiY1oY8DOQXmIjuu-1.jpg","contentUrl":"https:\/\/vmsport.fi\/wp-content\/uploads\/2025\/03\/jT3kqIljUdNkqasFKdG4XpgHfdZnh2AImXQiY1oY8DOQXmIjuu-1.jpg","width":600,"height":600,"caption":"jT3kqIljUdNkqasFKdG4XpgHfdZnh2AImXQiY1oY8DOQXmIjuu"},{"@type":"BreadcrumbList","@id":"https:\/\/vmsport.fi\/verkkokauppa\/varaosat\/jarrut\/jarrukahvat\/jarruvipu-vasen-2-sormi-musta-bl-m4100-levyjarruun\/#breadcrumb","itemListElement":[{"@type":"ListItem","position":1,"name":"Etusivu","item":"https:\/\/vmsport.fi\/"},{"@type":"ListItem","position":2,"name":"Online Store","item":"https:\/\/vmsport.fi\/en\/online-store\/"},{"@type":"ListItem","position":3,"name":"Jarruvipu vasen 2-sormi musta, BL-M4100 levyjarruun"}]},{"@type":"WebSite","@id":"https:\/\/vmsport.fi\/#website","url":"https:\/\/vmsport.fi\/","name":"Vmsport","description":"Allt p\u00e5 ett st\u00e4lle f\u00f6r cykling","publisher":{"@id":"https:\/\/vmsport.fi\/#organization"},"potentialAction":[{"@type":"SearchAction","target":{"@type":"EntryPoint","urlTemplate":"https:\/\/vmsport.fi\/?s={search_term_string}"},"query-input":{"@type":"PropertyValueSpecification","valueRequired":true,"valueName":"search_term_string"}}],"inLanguage":"sv-SE"},{"@type":"Organization","@id":"https:\/\/vmsport.fi\/#organization","name":"Vmsport","url":"https:\/\/vmsport.fi\/","logo":{"@type":"ImageObject","inLanguage":"sv-SE","@id":"https:\/\/vmsport.fi\/#\/schema\/logo\/image\/","url":"https:\/\/vmsport.fi\/wp-content\/uploads\/2024\/12\/vm_sport_RGB_horisontal-e1734526017575.png","contentUrl":"https:\/\/vmsport.fi\/wp-content\/uploads\/2024\/12\/vm_sport_RGB_horisontal-e1734526017575.png","width":668,"height":85,"caption":"Vmsport"},"image":{"@id":"https:\/\/vmsport.fi\/#\/schema\/logo\/image\/"},"sameAs":["https:\/\/www.facebook.com\/Vmsport.fi\/","https:\/\/www.instagram.com\/vmsport\/"]}]}},"global_unique_id":"","_links":{"self":[{"href":"https:\/\/vmsport.fi\/sv\/wp-json\/wp\/v2\/product\/56645","targetHints":{"allow":["GET"]}}],"collection":[{"href":"https:\/\/vmsport.fi\/sv\/wp-json\/wp\/v2\/product"}],"about":[{"href":"https:\/\/vmsport.fi\/sv\/wp-json\/wp\/v2\/types\/product"}],"replies":[{"embeddable":true,"href":"https:\/\/vmsport.fi\/sv\/wp-json\/wp\/v2\/comments?post=56645"}],"wp:featuredmedia":[{"embeddable":true,"href":"https:\/\/vmsport.fi\/sv\/wp-json\/wp\/v2\/media\/56644"}],"wp:attachment":[{"href":"https:\/\/vmsport.fi\/sv\/wp-json\/wp\/v2\/media?parent=56645"}],"wp:term":[{"taxonomy":"product_brand","embeddable":true,"href":"https:\/\/vmsport.fi\/sv\/wp-json\/wp\/v2\/product_brand?post=56645"},{"taxonomy":"product_model","embeddable":true,"href":"https:\/\/vmsport.fi\/sv\/wp-json\/wp\/v2\/product_model?post=56645"},{"taxonomy":"product_cat","embeddable":true,"href":"https:\/\/vmsport.fi\/sv\/wp-json\/wp\/v2\/product_cat?post=56645"},{"taxonomy":"product_tag","embeddable":true,"href":"https:\/\/vmsport.fi\/sv\/wp-json\/wp\/v2\/product_tag?post=56645"},{"taxonomy":"industry_terminology","embeddable":true,"href":"https:\/\/vmsport.fi\/sv\/wp-json\/wp\/v2\/industry-terminology?post=56645"}],"curies":[{"name":"wp","href":"https:\/\/api.w.org\/{rel}","templated":true}]}}