{"id":56636,"date":"2025-03-06T00:22:06","date_gmt":"2025-03-05T22:22:06","guid":{"rendered":"https:\/\/vmsport.fi\/verkkokauppa\/Ei-luokiteltu\/dt-swiss-bearing-ball-bearing-6802-esb-esnb-l\/"},"modified":"2026-01-16T13:21:36","modified_gmt":"2026-01-16T11:21:36","slug":"dt-swiss-bearing-kullager-6802-esb-esnb-l","status":"publish","type":"product","link":"https:\/\/vmsport.fi\/sv\/verkkokauppa\/varaosat\/kiekot-ja-navat\/laakerit\/dt-swiss-bearing-ball-bearing-6802-esb-esnb-l\/","title":{"rendered":"DT SWISS Kullager Kullager 6802 Esb\/Esnb L"},"content":{"rendered":"<p>DT Swiss lager 6802 Esb\/Esnb L erbjuder topprestanda. Lagrets h\u00f6gkvalitativa konstruktion s\u00e4kerst\u00e4ller att det \u00e4r h\u00e5llbart under tung anv\u00e4ndning och \u00e4r utformat f\u00f6r l\u00e5ng livsl\u00e4ngd. Dess utm\u00e4rkta precision g\u00f6r det till det perfekta valet f\u00f6r cykelkomponenter. H\u00e5llbarhet \u00e4r k\u00e4rnan i enheten, men den \u00e4r lika l\u00e4mplig f\u00f6r andra kr\u00e4vande applikationer tack vare sin tillf\u00f6rlitlighet och smidiga drift.<\/p>","protected":false},"excerpt":{"rendered":"<p>DT Swissin laakeri 6802 Esb\/Esnb L tarjoaa huipputason suorituskyvyn. Laakerin korkealaatuinen rakenne takaa sen kest\u00e4vyyden kovassa k\u00e4yt\u00f6ss\u00e4, ja se on suunniteltu palvelemaan pitk\u00e4\u00e4n. Erinomainen tarkkuus tekee siit\u00e4 t\u00e4ydellisen valinnan py\u00f6r\u00e4ilykomponentteihin. Kest\u00e4vyys on laitteen keski\u00f6ss\u00e4, mutta se soveltuu yht\u00e4 hyvin muihinkin vaativiin k\u00e4ytt\u00f6kohteisiin sen luotettavuuden ja sujuvan toiminnan ansiosta. [&#8230;]<\/p>\n<p><a class=\"btn btn-secondary understrap-read-more-link\" href=\"https:\/\/vmsport.fi\/sv\/verkkokauppa\/varaosat\/kiekot-ja-navat\/laakerit\/dt-swiss-bearing-ball-bearing-6802-esb-esnb-l\/\">L\u00e4s mer \u2026<span class=\"screen-reader-text\"> from DT SWISS Bearing Ball Bearing 6802 Esb\/Esnb L<\/span><\/a><\/p>\n","protected":false},"featured_media":56635,"comment_status":"open","ping_status":"closed","template":"","meta":{"_acf_changed":false,"_improvement_type_select":"improve_an_existing","_thumb_yes_seoaic":false,"_frame_yes_seoaic":false,"seoaic_generate_description":"","seoaic_improve_instructions_prompt":"","seoaic_rollback_content_improvement":"","seoaic_idea_thumbnail_generator":"","thumbnail_generated":false,"thumbnail_generate_prompt":"","seoaic_article_description":"","_supplier_stock_quantity":0},"product_brand":[],"product_model":[],"product_cat":[9464],"product_tag":[],"industry-terminology":[],"class_list":{"0":"post-56636","1":"product","2":"type-product","3":"status-publish","4":"has-post-thumbnail","6":"product_cat-laakerit","8":"first","9":"outofstock","10":"taxable","11":"shipping-taxable","12":"product-type-simple"},"acf":{"bike_features":null,"overview":{"copy_overview":null,"key_features":null,"statement":"","youtube_url":""}},"yoast_head":"<!-- This site is optimized with the Yoast SEO plugin v27.3 - https:\/\/yoast.com\/product\/yoast-seo-wordpress\/ -->\n<title>DT SWISS Bearing Ball Bearing 6802 Esb\/Esnb L - VM Sport<\/title>\n<meta name=\"robots\" content=\"index, follow, max-snippet:-1, max-image-preview:large, max-video-preview:-1\" \/>\n<link rel=\"canonical\" href=\"https:\/\/vmsport.fi\/sv\/webbutik\/reservdelar\/skivor-och-nav\/lager\/dt-swiss-bearing-kullager-6802-esb-esnb-l\/\" \/>\n<meta property=\"og:locale\" content=\"sv_SE\" \/>\n<meta property=\"og:type\" content=\"article\" \/>\n<meta property=\"og:title\" content=\"DT SWISS Bearing Ball Bearing 6802 Esb\/Esnb L - VM Sport\" \/>\n<meta property=\"og:description\" content=\"DT Swissin laakeri 6802 Esb\/Esnb L tarjoaa huipputason suorituskyvyn. Laakerin korkealaatuinen rakenne takaa sen kest\u00e4vyyden kovassa k\u00e4yt\u00f6ss\u00e4, ja se on suunniteltu palvelemaan pitk\u00e4\u00e4n. Erinomainen tarkkuus tekee siit\u00e4 t\u00e4ydellisen valinnan py\u00f6r\u00e4ilykomponentteihin. Kest\u00e4vyys on laitteen keski\u00f6ss\u00e4, mutta se soveltuu yht\u00e4 hyvin muihinkin vaativiin k\u00e4ytt\u00f6kohteisiin sen luotettavuuden ja sujuvan toiminnan ansiosta. [...]L\u00e4s mer \u2026 from DT SWISS Bearing Ball Bearing 6802 Esb\/Esnb L\" \/>\n<meta property=\"og:url\" content=\"https:\/\/vmsport.fi\/sv\/webbutik\/reservdelar\/skivor-och-nav\/lager\/dt-swiss-bearing-kullager-6802-esb-esnb-l\/\" \/>\n<meta property=\"og:site_name\" content=\"VM Sport\" \/>\n<meta property=\"article:publisher\" content=\"https:\/\/www.facebook.com\/Vmsport.fi\/\" \/>\n<meta property=\"article:modified_time\" content=\"2026-01-16T11:21:36+00:00\" \/>\n<meta property=\"og:image\" content=\"https:\/\/vmsport.fi\/wp-content\/uploads\/2025\/03\/tya6vTFIo2Pb86ALLAkzbPyaFmIUylFOSRobVcPBQSPInJr7JM-1.jpg\" \/>\n\t<meta property=\"og:image:width\" content=\"800\" \/>\n\t<meta property=\"og:image:height\" content=\"800\" \/>\n\t<meta property=\"og:image:type\" content=\"image\/jpeg\" \/>\n<meta name=\"twitter:card\" content=\"summary_large_image\" \/>\n<script type=\"application\/ld+json\" class=\"yoast-schema-graph\">{\"@context\":\"https:\\\/\\\/schema.org\",\"@graph\":[{\"@type\":[\"WebPage\",\"ItemPage\"],\"@id\":\"https:\\\/\\\/vmsport.fi\\\/verkkokauppa\\\/varaosat\\\/kiekot-ja-navat\\\/laakerit\\\/dt-swiss-bearing-ball-bearing-6802-esb-esnb-l\\\/\",\"url\":\"https:\\\/\\\/vmsport.fi\\\/verkkokauppa\\\/varaosat\\\/kiekot-ja-navat\\\/laakerit\\\/dt-swiss-bearing-ball-bearing-6802-esb-esnb-l\\\/\",\"name\":\"DT SWISS Bearing Ball Bearing 6802 Esb\\\/Esnb L - VM Sport\",\"isPartOf\":{\"@id\":\"https:\\\/\\\/vmsport.fi\\\/#website\"},\"primaryImageOfPage\":{\"@id\":\"https:\\\/\\\/vmsport.fi\\\/verkkokauppa\\\/varaosat\\\/kiekot-ja-navat\\\/laakerit\\\/dt-swiss-bearing-ball-bearing-6802-esb-esnb-l\\\/#primaryimage\"},\"image\":{\"@id\":\"https:\\\/\\\/vmsport.fi\\\/verkkokauppa\\\/varaosat\\\/kiekot-ja-navat\\\/laakerit\\\/dt-swiss-bearing-ball-bearing-6802-esb-esnb-l\\\/#primaryimage\"},\"thumbnailUrl\":\"https:\\\/\\\/vmsport.fi\\\/wp-content\\\/uploads\\\/2025\\\/03\\\/tya6vTFIo2Pb86ALLAkzbPyaFmIUylFOSRobVcPBQSPInJr7JM-1.jpg\",\"datePublished\":\"2025-03-05T22:22:06+00:00\",\"dateModified\":\"2026-01-16T11:21:36+00:00\",\"breadcrumb\":{\"@id\":\"https:\\\/\\\/vmsport.fi\\\/verkkokauppa\\\/varaosat\\\/kiekot-ja-navat\\\/laakerit\\\/dt-swiss-bearing-ball-bearing-6802-esb-esnb-l\\\/#breadcrumb\"},\"inLanguage\":\"sv-SE\",\"potentialAction\":[{\"@type\":\"ReadAction\",\"target\":[\"https:\\\/\\\/vmsport.fi\\\/verkkokauppa\\\/varaosat\\\/kiekot-ja-navat\\\/laakerit\\\/dt-swiss-bearing-ball-bearing-6802-esb-esnb-l\\\/\"]}]},{\"@type\":\"ImageObject\",\"inLanguage\":\"sv-SE\",\"@id\":\"https:\\\/\\\/vmsport.fi\\\/verkkokauppa\\\/varaosat\\\/kiekot-ja-navat\\\/laakerit\\\/dt-swiss-bearing-ball-bearing-6802-esb-esnb-l\\\/#primaryimage\",\"url\":\"https:\\\/\\\/vmsport.fi\\\/wp-content\\\/uploads\\\/2025\\\/03\\\/tya6vTFIo2Pb86ALLAkzbPyaFmIUylFOSRobVcPBQSPInJr7JM-1.jpg\",\"contentUrl\":\"https:\\\/\\\/vmsport.fi\\\/wp-content\\\/uploads\\\/2025\\\/03\\\/tya6vTFIo2Pb86ALLAkzbPyaFmIUylFOSRobVcPBQSPInJr7JM-1.jpg\",\"width\":800,\"height\":800,\"caption\":\"tya6vTFIo2Pb86ALLAkzbPyaFmIUylFOSRobVcPBQSPInJr7JM\"},{\"@type\":\"BreadcrumbList\",\"@id\":\"https:\\\/\\\/vmsport.fi\\\/verkkokauppa\\\/varaosat\\\/kiekot-ja-navat\\\/laakerit\\\/dt-swiss-bearing-ball-bearing-6802-esb-esnb-l\\\/#breadcrumb\",\"itemListElement\":[{\"@type\":\"ListItem\",\"position\":1,\"name\":\"Etusivu\",\"item\":\"https:\\\/\\\/vmsport.fi\\\/\"},{\"@type\":\"ListItem\",\"position\":2,\"name\":\"Online Store\",\"item\":\"https:\\\/\\\/vmsport.fi\\\/en\\\/online-store\\\/\"},{\"@type\":\"ListItem\",\"position\":3,\"name\":\"DT SWISS Bearing Ball Bearing 6802 Esb\\\/Esnb L\"}]},{\"@type\":\"WebSite\",\"@id\":\"https:\\\/\\\/vmsport.fi\\\/#website\",\"url\":\"https:\\\/\\\/vmsport.fi\\\/\",\"name\":\"Vmsport\",\"description\":\"Kaikki py\u00f6r\u00e4ilyyn yhdest\u00e4 paikasta\",\"publisher\":{\"@id\":\"https:\\\/\\\/vmsport.fi\\\/#organization\"},\"potentialAction\":[{\"@type\":\"SearchAction\",\"target\":{\"@type\":\"EntryPoint\",\"urlTemplate\":\"https:\\\/\\\/vmsport.fi\\\/?s={search_term_string}\"},\"query-input\":{\"@type\":\"PropertyValueSpecification\",\"valueRequired\":true,\"valueName\":\"search_term_string\"}}],\"inLanguage\":\"sv-SE\"},{\"@type\":\"Organization\",\"@id\":\"https:\\\/\\\/vmsport.fi\\\/#organization\",\"name\":\"Vmsport\",\"url\":\"https:\\\/\\\/vmsport.fi\\\/\",\"logo\":{\"@type\":\"ImageObject\",\"inLanguage\":\"sv-SE\",\"@id\":\"https:\\\/\\\/vmsport.fi\\\/#\\\/schema\\\/logo\\\/image\\\/\",\"url\":\"https:\\\/\\\/vmsport.fi\\\/wp-content\\\/uploads\\\/2024\\\/12\\\/vm_sport_RGB_horisontal-e1734526017575.png\",\"contentUrl\":\"https:\\\/\\\/vmsport.fi\\\/wp-content\\\/uploads\\\/2024\\\/12\\\/vm_sport_RGB_horisontal-e1734526017575.png\",\"width\":668,\"height\":85,\"caption\":\"Vmsport\"},\"image\":{\"@id\":\"https:\\\/\\\/vmsport.fi\\\/#\\\/schema\\\/logo\\\/image\\\/\"},\"sameAs\":[\"https:\\\/\\\/www.facebook.com\\\/Vmsport.fi\\\/\",\"https:\\\/\\\/www.instagram.com\\\/vmsport\\\/\"]}]}<\/script>\n<!-- \/ Yoast SEO plugin. -->","yoast_head_json":{"title":"DT SWISS Lager Kullager 6802 Esb\/Esnb L - VM Sport","robots":{"index":"index","follow":"follow","max-snippet":"max-snippet:-1","max-image-preview":"max-image-preview:large","max-video-preview":"max-video-preview:-1"},"canonical":"https:\/\/vmsport.fi\/sv\/webbutik\/reservdelar\/skivor-och-nav\/lager\/dt-swiss-bearing-kullager-6802-esb-esnb-l\/","og_locale":"sv_SE","og_type":"article","og_title":"DT SWISS Bearing Ball Bearing 6802 Esb\/Esnb L - VM Sport","og_description":"DT Swissin laakeri 6802 Esb\/Esnb L tarjoaa huipputason suorituskyvyn. Laakerin korkealaatuinen rakenne takaa sen kest\u00e4vyyden kovassa k\u00e4yt\u00f6ss\u00e4, ja se on suunniteltu palvelemaan pitk\u00e4\u00e4n. Erinomainen tarkkuus tekee siit\u00e4 t\u00e4ydellisen valinnan py\u00f6r\u00e4ilykomponentteihin. Kest\u00e4vyys on laitteen keski\u00f6ss\u00e4, mutta se soveltuu yht\u00e4 hyvin muihinkin vaativiin k\u00e4ytt\u00f6kohteisiin sen luotettavuuden ja sujuvan toiminnan ansiosta. [...]L\u00e4s mer \u2026 from DT SWISS Bearing Ball Bearing 6802 Esb\/Esnb L","og_url":"https:\/\/vmsport.fi\/sv\/webbutik\/reservdelar\/skivor-och-nav\/lager\/dt-swiss-bearing-kullager-6802-esb-esnb-l\/","og_site_name":"VM Sport","article_publisher":"https:\/\/www.facebook.com\/Vmsport.fi\/","article_modified_time":"2026-01-16T11:21:36+00:00","og_image":[{"width":800,"height":800,"url":"https:\/\/vmsport.fi\/wp-content\/uploads\/2025\/03\/tya6vTFIo2Pb86ALLAkzbPyaFmIUylFOSRobVcPBQSPInJr7JM-1.jpg","type":"image\/jpeg"}],"twitter_card":"summary_large_image","schema":{"@context":"https:\/\/schema.org","@graph":[{"@type":["WebPage","ItemPage"],"@id":"https:\/\/vmsport.fi\/verkkokauppa\/varaosat\/kiekot-ja-navat\/laakerit\/dt-swiss-bearing-ball-bearing-6802-esb-esnb-l\/","url":"https:\/\/vmsport.fi\/verkkokauppa\/varaosat\/kiekot-ja-navat\/laakerit\/dt-swiss-bearing-ball-bearing-6802-esb-esnb-l\/","name":"DT SWISS Lager Kullager 6802 Esb\/Esnb L - VM Sport","isPartOf":{"@id":"https:\/\/vmsport.fi\/#website"},"primaryImageOfPage":{"@id":"https:\/\/vmsport.fi\/verkkokauppa\/varaosat\/kiekot-ja-navat\/laakerit\/dt-swiss-bearing-ball-bearing-6802-esb-esnb-l\/#primaryimage"},"image":{"@id":"https:\/\/vmsport.fi\/verkkokauppa\/varaosat\/kiekot-ja-navat\/laakerit\/dt-swiss-bearing-ball-bearing-6802-esb-esnb-l\/#primaryimage"},"thumbnailUrl":"https:\/\/vmsport.fi\/wp-content\/uploads\/2025\/03\/tya6vTFIo2Pb86ALLAkzbPyaFmIUylFOSRobVcPBQSPInJr7JM-1.jpg","datePublished":"2025-03-05T22:22:06+00:00","dateModified":"2026-01-16T11:21:36+00:00","breadcrumb":{"@id":"https:\/\/vmsport.fi\/verkkokauppa\/varaosat\/kiekot-ja-navat\/laakerit\/dt-swiss-bearing-ball-bearing-6802-esb-esnb-l\/#breadcrumb"},"inLanguage":"sv-SE","potentialAction":[{"@type":"ReadAction","target":["https:\/\/vmsport.fi\/verkkokauppa\/varaosat\/kiekot-ja-navat\/laakerit\/dt-swiss-bearing-ball-bearing-6802-esb-esnb-l\/"]}]},{"@type":"ImageObject","inLanguage":"sv-SE","@id":"https:\/\/vmsport.fi\/verkkokauppa\/varaosat\/kiekot-ja-navat\/laakerit\/dt-swiss-bearing-ball-bearing-6802-esb-esnb-l\/#primaryimage","url":"https:\/\/vmsport.fi\/wp-content\/uploads\/2025\/03\/tya6vTFIo2Pb86ALLAkzbPyaFmIUylFOSRobVcPBQSPInJr7JM-1.jpg","contentUrl":"https:\/\/vmsport.fi\/wp-content\/uploads\/2025\/03\/tya6vTFIo2Pb86ALLAkzbPyaFmIUylFOSRobVcPBQSPInJr7JM-1.jpg","width":800,"height":800,"caption":"tya6vTFIo2Pb86ALLAkzbPyaFmIUylFOSRobVcPBQSPInJr7JM"},{"@type":"BreadcrumbList","@id":"https:\/\/vmsport.fi\/verkkokauppa\/varaosat\/kiekot-ja-navat\/laakerit\/dt-swiss-bearing-ball-bearing-6802-esb-esnb-l\/#breadcrumb","itemListElement":[{"@type":"ListItem","position":1,"name":"Etusivu","item":"https:\/\/vmsport.fi\/"},{"@type":"ListItem","position":2,"name":"Online Store","item":"https:\/\/vmsport.fi\/en\/online-store\/"},{"@type":"ListItem","position":3,"name":"DT SWISS Bearing Ball Bearing 6802 Esb\/Esnb L"}]},{"@type":"WebSite","@id":"https:\/\/vmsport.fi\/#website","url":"https:\/\/vmsport.fi\/","name":"Vmsport","description":"Allt p\u00e5 ett st\u00e4lle f\u00f6r cykling","publisher":{"@id":"https:\/\/vmsport.fi\/#organization"},"potentialAction":[{"@type":"SearchAction","target":{"@type":"EntryPoint","urlTemplate":"https:\/\/vmsport.fi\/?s={search_term_string}"},"query-input":{"@type":"PropertyValueSpecification","valueRequired":true,"valueName":"search_term_string"}}],"inLanguage":"sv-SE"},{"@type":"Organization","@id":"https:\/\/vmsport.fi\/#organization","name":"Vmsport","url":"https:\/\/vmsport.fi\/","logo":{"@type":"ImageObject","inLanguage":"sv-SE","@id":"https:\/\/vmsport.fi\/#\/schema\/logo\/image\/","url":"https:\/\/vmsport.fi\/wp-content\/uploads\/2024\/12\/vm_sport_RGB_horisontal-e1734526017575.png","contentUrl":"https:\/\/vmsport.fi\/wp-content\/uploads\/2024\/12\/vm_sport_RGB_horisontal-e1734526017575.png","width":668,"height":85,"caption":"Vmsport"},"image":{"@id":"https:\/\/vmsport.fi\/#\/schema\/logo\/image\/"},"sameAs":["https:\/\/www.facebook.com\/Vmsport.fi\/","https:\/\/www.instagram.com\/vmsport\/"]}]}},"global_unique_id":"","_links":{"self":[{"href":"https:\/\/vmsport.fi\/sv\/wp-json\/wp\/v2\/product\/56636","targetHints":{"allow":["GET"]}}],"collection":[{"href":"https:\/\/vmsport.fi\/sv\/wp-json\/wp\/v2\/product"}],"about":[{"href":"https:\/\/vmsport.fi\/sv\/wp-json\/wp\/v2\/types\/product"}],"replies":[{"embeddable":true,"href":"https:\/\/vmsport.fi\/sv\/wp-json\/wp\/v2\/comments?post=56636"}],"wp:featuredmedia":[{"embeddable":true,"href":"https:\/\/vmsport.fi\/sv\/wp-json\/wp\/v2\/media\/56635"}],"wp:attachment":[{"href":"https:\/\/vmsport.fi\/sv\/wp-json\/wp\/v2\/media?parent=56636"}],"wp:term":[{"taxonomy":"product_brand","embeddable":true,"href":"https:\/\/vmsport.fi\/sv\/wp-json\/wp\/v2\/product_brand?post=56636"},{"taxonomy":"product_model","embeddable":true,"href":"https:\/\/vmsport.fi\/sv\/wp-json\/wp\/v2\/product_model?post=56636"},{"taxonomy":"product_cat","embeddable":true,"href":"https:\/\/vmsport.fi\/sv\/wp-json\/wp\/v2\/product_cat?post=56636"},{"taxonomy":"product_tag","embeddable":true,"href":"https:\/\/vmsport.fi\/sv\/wp-json\/wp\/v2\/product_tag?post=56636"},{"taxonomy":"industry_terminology","embeddable":true,"href":"https:\/\/vmsport.fi\/sv\/wp-json\/wp\/v2\/industry-terminology?post=56636"}],"curies":[{"name":"wp","href":"https:\/\/api.w.org\/{rel}","templated":true}]}}