{"id":56633,"date":"2025-03-06T00:22:05","date_gmt":"2025-03-05T22:22:05","guid":{"rendered":"https:\/\/vmsport.fi\/verkkokauppa\/Ei-luokiteltu\/vaihdevipu-slx-m7100-12v-oikea\/"},"modified":"2026-04-23T12:43:14","modified_gmt":"2026-04-23T09:43:14","slug":"vaihdevipu-slx-m7100-12v-oikea","status":"publish","type":"product","link":"https:\/\/vmsport.fi\/sv\/verkkokauppa\/varaosat\/vaihteistot\/vaihdevivut\/vaihdevipu-slx-m7100-12v-oikea\/","title":{"rendered":"V\u00e4xelspak SLX M7100 12v h\u00f6ger"},"content":{"rendered":"<p>Shimano SLX M7100 12v vaihdevipu, oikealle, on suunniteltu tarjoamaan monipuolisuutta ja luotettavuutta erilaisiin py\u00f6r\u00e4ilykokemuksiin. Se on erinomainen valinta pitkiin seikkailuihin, paikallisiin maastokisoihin ja rentouttaviin ajeluihin ty\u00f6p\u00e4iv\u00e4n j\u00e4lkeen. Kevyempi k\u00e4ytt\u00f6voima ja parannettu vipujen saavutettavuus varmistavat nopeamman ja vaivattomamman vaihteiden vaihdon.<\/p>\n<p>T\u00e4m\u00e4 komponentti mahdollistaa v\u00e4litt\u00f6m\u00e4n ty\u00f6nt\u00f6- ja vetoliikkeen, mik\u00e4 tekee vaihteiden vaihtamisesta tehokasta ja saumatonta. 35 % pienempi voiman tarve verrattuna edelliseen malliin (SL-M7000-R) helpottaa vaihteen vaihtamista merkitt\u00e4v\u00e4sti. Mallissa on 20 % nopeampi p\u00e4\u00e4vivun saavutettavuus, mik\u00e4 tehostaa kokonaiskokemusta.<\/p>\n<p>Teknisesti SLX M7100-R-malli tukee 12-vaihteisia takavaihtajia, ja RAPIDFIRE PLUS -toiminne mahdollistaa nopeat vaihdot. Keveytens\u00e4, vain 120 gramman rakenteen ansiosta sit\u00e4 on helppo hallita. T\u00e4m\u00e4 vaihdevipu on suunniteltu kest\u00e4m\u00e4\u00e4n ja toimimaan luotettavasti kaikissa olosuhteissa.<\/p>","protected":false},"excerpt":{"rendered":"<p>Shimano SLX M7100 12v vaihdevipu, oikealle, on suunniteltu tarjoamaan monipuolisuutta ja luotettavuutta erilaisiin py\u00f6r\u00e4ilykokemuksiin. Se on erinomainen valinta pitkiin seikkailuihin, paikallisiin maastokisoihin ja rentouttaviin ajeluihin ty\u00f6p\u00e4iv\u00e4n j\u00e4lkeen. Kevyempi k\u00e4ytt\u00f6voima ja parannettu vipujen saavutettavuus varmistavat nopeamman ja vaivattomamman vaihteiden vaihdon. T\u00e4m\u00e4 komponentti mahdollistaa v\u00e4litt\u00f6m\u00e4n ty\u00f6nt\u00f6- ja vetoliikkeen, mik\u00e4 tekee vaihteiden vaihtamisesta tehokasta ja saumatonta. 35 % [&#8230;]<\/p>\n<p><a class=\"btn btn-secondary understrap-read-more-link\" href=\"https:\/\/vmsport.fi\/sv\/verkkokauppa\/varaosat\/vaihteistot\/vaihdevivut\/vaihdevipu-slx-m7100-12v-oikea\/\">L\u00e4s mer \u2026<span class=\"screen-reader-text\"> from Vaihdevipu SLX M7100 12v oikea<\/span><\/a><\/p>\n","protected":false},"featured_media":56632,"comment_status":"open","ping_status":"closed","template":"","meta":{"_acf_changed":false,"_improvement_type_select":"improve_an_existing","_thumb_yes_seoaic":false,"_frame_yes_seoaic":false,"seoaic_generate_description":"","seoaic_improve_instructions_prompt":"","seoaic_rollback_content_improvement":"","seoaic_idea_thumbnail_generator":"","thumbnail_generated":false,"thumbnail_generate_prompt":"","seoaic_article_description":"","_supplier_stock_quantity":0},"product_brand":[],"product_model":[],"product_cat":[9388],"product_tag":[],"industry-terminology":[],"class_list":{"0":"post-56633","1":"product","2":"type-product","3":"status-publish","4":"has-post-thumbnail","6":"product_cat-vaihdevivut","8":"first","9":"outofstock","10":"taxable","11":"shipping-taxable","12":"product-type-simple"},"acf":{"bike_features":null,"overview":{"copy_overview":null,"key_features":null,"statement":"","youtube_url":""}},"yoast_head":"<!-- This site is optimized with the Yoast SEO plugin v27.4 - https:\/\/yoast.com\/product\/yoast-seo-wordpress\/ -->\n<title>Vaihdevipu SLX M7100 12v oikea - VM Sport<\/title>\n<meta name=\"robots\" content=\"index, follow, max-snippet:-1, max-image-preview:large, max-video-preview:-1\" \/>\n<link rel=\"canonical\" href=\"https:\/\/vmsport.fi\/sv\/webbutik\/reservdelar\/vaxellador\/sidor-om-vaxellador\/vaihdevipu-slx-m7100-12v-oikea\/\" \/>\n<meta property=\"og:locale\" content=\"sv_SE\" \/>\n<meta property=\"og:type\" content=\"article\" \/>\n<meta property=\"og:title\" content=\"Vaihdevipu SLX M7100 12v oikea - VM Sport\" \/>\n<meta property=\"og:description\" content=\"Shimano SLX M7100 12v vaihdevipu, oikealle, on suunniteltu tarjoamaan monipuolisuutta ja luotettavuutta erilaisiin py\u00f6r\u00e4ilykokemuksiin. Se on erinomainen valinta pitkiin seikkailuihin, paikallisiin maastokisoihin ja rentouttaviin ajeluihin ty\u00f6p\u00e4iv\u00e4n j\u00e4lkeen. Kevyempi k\u00e4ytt\u00f6voima ja parannettu vipujen saavutettavuus varmistavat nopeamman ja vaivattomamman vaihteiden vaihdon. T\u00e4m\u00e4 komponentti mahdollistaa v\u00e4litt\u00f6m\u00e4n ty\u00f6nt\u00f6- ja vetoliikkeen, mik\u00e4 tekee vaihteiden vaihtamisesta tehokasta ja saumatonta. 35 % [...]L\u00e4s mer \u2026 from Vaihdevipu SLX M7100 12v oikea\" \/>\n<meta property=\"og:url\" content=\"https:\/\/vmsport.fi\/sv\/webbutik\/reservdelar\/vaxellador\/sidor-om-vaxellador\/vaihdevipu-slx-m7100-12v-oikea\/\" \/>\n<meta property=\"og:site_name\" content=\"VM Sport\" \/>\n<meta property=\"article:publisher\" content=\"https:\/\/www.facebook.com\/Vmsport.fi\/\" \/>\n<meta property=\"article:modified_time\" content=\"2026-04-23T09:43:14+00:00\" \/>\n<meta property=\"og:image\" content=\"https:\/\/vmsport.fi\/wp-content\/uploads\/2025\/03\/FkVc91YD9lXOykR1HVsTpkGpERovbZ4xPgJ9MqQxFlxiqNVOZN-1.jpg\" \/>\n\t<meta property=\"og:image:width\" content=\"600\" \/>\n\t<meta property=\"og:image:height\" content=\"600\" \/>\n\t<meta property=\"og:image:type\" content=\"image\/jpeg\" \/>\n<meta name=\"twitter:card\" content=\"summary_large_image\" \/>\n<meta name=\"twitter:label1\" content=\"Ber\u00e4knad l\u00e4stid\" \/>\n\t<meta name=\"twitter:data1\" content=\"1 minut\" \/>\n<script type=\"application\/ld+json\" class=\"yoast-schema-graph\">{\"@context\":\"https:\\\/\\\/schema.org\",\"@graph\":[{\"@type\":[\"WebPage\",\"ItemPage\"],\"@id\":\"https:\\\/\\\/vmsport.fi\\\/verkkokauppa\\\/varaosat\\\/vaihteistot\\\/vaihdevivut\\\/vaihdevipu-slx-m7100-12v-oikea\\\/\",\"url\":\"https:\\\/\\\/vmsport.fi\\\/verkkokauppa\\\/varaosat\\\/vaihteistot\\\/vaihdevivut\\\/vaihdevipu-slx-m7100-12v-oikea\\\/\",\"name\":\"Vaihdevipu SLX M7100 12v oikea - VM Sport\",\"isPartOf\":{\"@id\":\"https:\\\/\\\/vmsport.fi\\\/#website\"},\"primaryImageOfPage\":{\"@id\":\"https:\\\/\\\/vmsport.fi\\\/verkkokauppa\\\/varaosat\\\/vaihteistot\\\/vaihdevivut\\\/vaihdevipu-slx-m7100-12v-oikea\\\/#primaryimage\"},\"image\":{\"@id\":\"https:\\\/\\\/vmsport.fi\\\/verkkokauppa\\\/varaosat\\\/vaihteistot\\\/vaihdevivut\\\/vaihdevipu-slx-m7100-12v-oikea\\\/#primaryimage\"},\"thumbnailUrl\":\"https:\\\/\\\/vmsport.fi\\\/wp-content\\\/uploads\\\/2025\\\/03\\\/FkVc91YD9lXOykR1HVsTpkGpERovbZ4xPgJ9MqQxFlxiqNVOZN-1.jpg\",\"datePublished\":\"2025-03-05T22:22:05+00:00\",\"dateModified\":\"2026-04-23T09:43:14+00:00\",\"breadcrumb\":{\"@id\":\"https:\\\/\\\/vmsport.fi\\\/verkkokauppa\\\/varaosat\\\/vaihteistot\\\/vaihdevivut\\\/vaihdevipu-slx-m7100-12v-oikea\\\/#breadcrumb\"},\"inLanguage\":\"sv-SE\",\"potentialAction\":[{\"@type\":\"ReadAction\",\"target\":[\"https:\\\/\\\/vmsport.fi\\\/verkkokauppa\\\/varaosat\\\/vaihteistot\\\/vaihdevivut\\\/vaihdevipu-slx-m7100-12v-oikea\\\/\"]}]},{\"@type\":\"ImageObject\",\"inLanguage\":\"sv-SE\",\"@id\":\"https:\\\/\\\/vmsport.fi\\\/verkkokauppa\\\/varaosat\\\/vaihteistot\\\/vaihdevivut\\\/vaihdevipu-slx-m7100-12v-oikea\\\/#primaryimage\",\"url\":\"https:\\\/\\\/vmsport.fi\\\/wp-content\\\/uploads\\\/2025\\\/03\\\/FkVc91YD9lXOykR1HVsTpkGpERovbZ4xPgJ9MqQxFlxiqNVOZN-1.jpg\",\"contentUrl\":\"https:\\\/\\\/vmsport.fi\\\/wp-content\\\/uploads\\\/2025\\\/03\\\/FkVc91YD9lXOykR1HVsTpkGpERovbZ4xPgJ9MqQxFlxiqNVOZN-1.jpg\",\"width\":600,\"height\":600,\"caption\":\"FkVc91YD9lXOykR1HVsTpkGpERovbZ4xPgJ9MqQxFlxiqNVOZN\"},{\"@type\":\"BreadcrumbList\",\"@id\":\"https:\\\/\\\/vmsport.fi\\\/verkkokauppa\\\/varaosat\\\/vaihteistot\\\/vaihdevivut\\\/vaihdevipu-slx-m7100-12v-oikea\\\/#breadcrumb\",\"itemListElement\":[{\"@type\":\"ListItem\",\"position\":1,\"name\":\"Etusivu\",\"item\":\"https:\\\/\\\/vmsport.fi\\\/\"},{\"@type\":\"ListItem\",\"position\":2,\"name\":\"Online Store\",\"item\":\"https:\\\/\\\/vmsport.fi\\\/en\\\/online-store\\\/\"},{\"@type\":\"ListItem\",\"position\":3,\"name\":\"Vaihdevipu SLX M7100 12v oikea\"}]},{\"@type\":\"WebSite\",\"@id\":\"https:\\\/\\\/vmsport.fi\\\/#website\",\"url\":\"https:\\\/\\\/vmsport.fi\\\/\",\"name\":\"Vmsport\",\"description\":\"Kaikki py\u00f6r\u00e4ilyyn yhdest\u00e4 paikasta\",\"publisher\":{\"@id\":\"https:\\\/\\\/vmsport.fi\\\/#organization\"},\"potentialAction\":[{\"@type\":\"SearchAction\",\"target\":{\"@type\":\"EntryPoint\",\"urlTemplate\":\"https:\\\/\\\/vmsport.fi\\\/?s={search_term_string}\"},\"query-input\":{\"@type\":\"PropertyValueSpecification\",\"valueRequired\":true,\"valueName\":\"search_term_string\"}}],\"inLanguage\":\"sv-SE\"},{\"@type\":\"Organization\",\"@id\":\"https:\\\/\\\/vmsport.fi\\\/#organization\",\"name\":\"Vmsport\",\"url\":\"https:\\\/\\\/vmsport.fi\\\/\",\"logo\":{\"@type\":\"ImageObject\",\"inLanguage\":\"sv-SE\",\"@id\":\"https:\\\/\\\/vmsport.fi\\\/#\\\/schema\\\/logo\\\/image\\\/\",\"url\":\"https:\\\/\\\/vmsport.fi\\\/wp-content\\\/uploads\\\/2024\\\/12\\\/vm_sport_RGB_horisontal-e1734526017575.png\",\"contentUrl\":\"https:\\\/\\\/vmsport.fi\\\/wp-content\\\/uploads\\\/2024\\\/12\\\/vm_sport_RGB_horisontal-e1734526017575.png\",\"width\":668,\"height\":85,\"caption\":\"Vmsport\"},\"image\":{\"@id\":\"https:\\\/\\\/vmsport.fi\\\/#\\\/schema\\\/logo\\\/image\\\/\"},\"sameAs\":[\"https:\\\/\\\/www.facebook.com\\\/Vmsport.fi\\\/\",\"https:\\\/\\\/www.instagram.com\\\/vmsport\\\/\"]}]}<\/script>\n<!-- \/ Yoast SEO plugin. -->","yoast_head_json":{"title":"Vaihdevipu SLX M7100 12v oikea - VM Sport","robots":{"index":"index","follow":"follow","max-snippet":"max-snippet:-1","max-image-preview":"max-image-preview:large","max-video-preview":"max-video-preview:-1"},"canonical":"https:\/\/vmsport.fi\/sv\/webbutik\/reservdelar\/vaxellador\/sidor-om-vaxellador\/vaihdevipu-slx-m7100-12v-oikea\/","og_locale":"sv_SE","og_type":"article","og_title":"Vaihdevipu SLX M7100 12v oikea - VM Sport","og_description":"Shimano SLX M7100 12v vaihdevipu, oikealle, on suunniteltu tarjoamaan monipuolisuutta ja luotettavuutta erilaisiin py\u00f6r\u00e4ilykokemuksiin. Se on erinomainen valinta pitkiin seikkailuihin, paikallisiin maastokisoihin ja rentouttaviin ajeluihin ty\u00f6p\u00e4iv\u00e4n j\u00e4lkeen. Kevyempi k\u00e4ytt\u00f6voima ja parannettu vipujen saavutettavuus varmistavat nopeamman ja vaivattomamman vaihteiden vaihdon. T\u00e4m\u00e4 komponentti mahdollistaa v\u00e4litt\u00f6m\u00e4n ty\u00f6nt\u00f6- ja vetoliikkeen, mik\u00e4 tekee vaihteiden vaihtamisesta tehokasta ja saumatonta. 35 % [...]L\u00e4s mer \u2026 from Vaihdevipu SLX M7100 12v oikea","og_url":"https:\/\/vmsport.fi\/sv\/webbutik\/reservdelar\/vaxellador\/sidor-om-vaxellador\/vaihdevipu-slx-m7100-12v-oikea\/","og_site_name":"VM Sport","article_publisher":"https:\/\/www.facebook.com\/Vmsport.fi\/","article_modified_time":"2026-04-23T09:43:14+00:00","og_image":[{"width":600,"height":600,"url":"https:\/\/vmsport.fi\/wp-content\/uploads\/2025\/03\/FkVc91YD9lXOykR1HVsTpkGpERovbZ4xPgJ9MqQxFlxiqNVOZN-1.jpg","type":"image\/jpeg"}],"twitter_card":"summary_large_image","twitter_misc":{"Ber\u00e4knad l\u00e4stid":"1 minut"},"schema":{"@context":"https:\/\/schema.org","@graph":[{"@type":["WebPage","ItemPage"],"@id":"https:\/\/vmsport.fi\/verkkokauppa\/varaosat\/vaihteistot\/vaihdevivut\/vaihdevipu-slx-m7100-12v-oikea\/","url":"https:\/\/vmsport.fi\/verkkokauppa\/varaosat\/vaihteistot\/vaihdevivut\/vaihdevipu-slx-m7100-12v-oikea\/","name":"Vaihdevipu SLX M7100 12v oikea - VM Sport","isPartOf":{"@id":"https:\/\/vmsport.fi\/#website"},"primaryImageOfPage":{"@id":"https:\/\/vmsport.fi\/verkkokauppa\/varaosat\/vaihteistot\/vaihdevivut\/vaihdevipu-slx-m7100-12v-oikea\/#primaryimage"},"image":{"@id":"https:\/\/vmsport.fi\/verkkokauppa\/varaosat\/vaihteistot\/vaihdevivut\/vaihdevipu-slx-m7100-12v-oikea\/#primaryimage"},"thumbnailUrl":"https:\/\/vmsport.fi\/wp-content\/uploads\/2025\/03\/FkVc91YD9lXOykR1HVsTpkGpERovbZ4xPgJ9MqQxFlxiqNVOZN-1.jpg","datePublished":"2025-03-05T22:22:05+00:00","dateModified":"2026-04-23T09:43:14+00:00","breadcrumb":{"@id":"https:\/\/vmsport.fi\/verkkokauppa\/varaosat\/vaihteistot\/vaihdevivut\/vaihdevipu-slx-m7100-12v-oikea\/#breadcrumb"},"inLanguage":"sv-SE","potentialAction":[{"@type":"ReadAction","target":["https:\/\/vmsport.fi\/verkkokauppa\/varaosat\/vaihteistot\/vaihdevivut\/vaihdevipu-slx-m7100-12v-oikea\/"]}]},{"@type":"ImageObject","inLanguage":"sv-SE","@id":"https:\/\/vmsport.fi\/verkkokauppa\/varaosat\/vaihteistot\/vaihdevivut\/vaihdevipu-slx-m7100-12v-oikea\/#primaryimage","url":"https:\/\/vmsport.fi\/wp-content\/uploads\/2025\/03\/FkVc91YD9lXOykR1HVsTpkGpERovbZ4xPgJ9MqQxFlxiqNVOZN-1.jpg","contentUrl":"https:\/\/vmsport.fi\/wp-content\/uploads\/2025\/03\/FkVc91YD9lXOykR1HVsTpkGpERovbZ4xPgJ9MqQxFlxiqNVOZN-1.jpg","width":600,"height":600,"caption":"FkVc91YD9lXOykR1HVsTpkGpERovbZ4xPgJ9MqQxFlxiqNVOZN"},{"@type":"BreadcrumbList","@id":"https:\/\/vmsport.fi\/verkkokauppa\/varaosat\/vaihteistot\/vaihdevivut\/vaihdevipu-slx-m7100-12v-oikea\/#breadcrumb","itemListElement":[{"@type":"ListItem","position":1,"name":"Etusivu","item":"https:\/\/vmsport.fi\/"},{"@type":"ListItem","position":2,"name":"Online Store","item":"https:\/\/vmsport.fi\/en\/online-store\/"},{"@type":"ListItem","position":3,"name":"Vaihdevipu SLX M7100 12v oikea"}]},{"@type":"WebSite","@id":"https:\/\/vmsport.fi\/#website","url":"https:\/\/vmsport.fi\/","name":"Vmsport","description":"Allt p\u00e5 ett st\u00e4lle f\u00f6r cykling","publisher":{"@id":"https:\/\/vmsport.fi\/#organization"},"potentialAction":[{"@type":"SearchAction","target":{"@type":"EntryPoint","urlTemplate":"https:\/\/vmsport.fi\/?s={search_term_string}"},"query-input":{"@type":"PropertyValueSpecification","valueRequired":true,"valueName":"search_term_string"}}],"inLanguage":"sv-SE"},{"@type":"Organization","@id":"https:\/\/vmsport.fi\/#organization","name":"Vmsport","url":"https:\/\/vmsport.fi\/","logo":{"@type":"ImageObject","inLanguage":"sv-SE","@id":"https:\/\/vmsport.fi\/#\/schema\/logo\/image\/","url":"https:\/\/vmsport.fi\/wp-content\/uploads\/2024\/12\/vm_sport_RGB_horisontal-e1734526017575.png","contentUrl":"https:\/\/vmsport.fi\/wp-content\/uploads\/2024\/12\/vm_sport_RGB_horisontal-e1734526017575.png","width":668,"height":85,"caption":"Vmsport"},"image":{"@id":"https:\/\/vmsport.fi\/#\/schema\/logo\/image\/"},"sameAs":["https:\/\/www.facebook.com\/Vmsport.fi\/","https:\/\/www.instagram.com\/vmsport\/"]}]}},"global_unique_id":"","_links":{"self":[{"href":"https:\/\/vmsport.fi\/sv\/wp-json\/wp\/v2\/product\/56633","targetHints":{"allow":["GET"]}}],"collection":[{"href":"https:\/\/vmsport.fi\/sv\/wp-json\/wp\/v2\/product"}],"about":[{"href":"https:\/\/vmsport.fi\/sv\/wp-json\/wp\/v2\/types\/product"}],"replies":[{"embeddable":true,"href":"https:\/\/vmsport.fi\/sv\/wp-json\/wp\/v2\/comments?post=56633"}],"wp:featuredmedia":[{"embeddable":true,"href":"https:\/\/vmsport.fi\/sv\/wp-json\/wp\/v2\/media\/56632"}],"wp:attachment":[{"href":"https:\/\/vmsport.fi\/sv\/wp-json\/wp\/v2\/media?parent=56633"}],"wp:term":[{"taxonomy":"product_brand","embeddable":true,"href":"https:\/\/vmsport.fi\/sv\/wp-json\/wp\/v2\/product_brand?post=56633"},{"taxonomy":"product_model","embeddable":true,"href":"https:\/\/vmsport.fi\/sv\/wp-json\/wp\/v2\/product_model?post=56633"},{"taxonomy":"product_cat","embeddable":true,"href":"https:\/\/vmsport.fi\/sv\/wp-json\/wp\/v2\/product_cat?post=56633"},{"taxonomy":"product_tag","embeddable":true,"href":"https:\/\/vmsport.fi\/sv\/wp-json\/wp\/v2\/product_tag?post=56633"},{"taxonomy":"industry_terminology","embeddable":true,"href":"https:\/\/vmsport.fi\/sv\/wp-json\/wp\/v2\/industry-terminology?post=56633"}],"curies":[{"name":"wp","href":"https:\/\/api.w.org\/{rel}","templated":true}]}}