{"id":56619,"date":"2025-03-06T00:21:58","date_gmt":"2025-03-05T22:21:58","guid":{"rendered":"https:\/\/vmsport.fi\/verkkokauppa\/Ei-luokiteltu\/chainguard-for-e-bike-o-162-mm-black\/"},"modified":"2026-01-16T13:20:41","modified_gmt":"2026-01-16T11:20:41","slug":"kedjeskydd-for-elcykel-o-162-mm-svart","status":"publish","type":"product","link":"https:\/\/vmsport.fi\/sv\/verkkokauppa\/varaosat\/sahkopyorien-osat\/sahkopyorien-osat-sahkopyorien-osat\/chainguard-for-e-bike-o-162-mm-black\/","title":{"rendered":"Str\u00e4ckskydd f\u00f6r elcykel, \u00d8 162 mm, svart"},"content":{"rendered":"<p>Hjulskyddet med en diameter p\u00e5 162 mm \u00e4r speciellt utformat f\u00f6r elcyklar. Den runda designen och den svarta f\u00e4rgen g\u00f6r det till ett snyggt tillbeh\u00f6r som ger skydd och elegans till din cykel. Skyddet \u00e4r tillverkat av h\u00e5llbara material, \u00e4r enkelt att installera och h\u00e5ller kedjan ren och skyddad fr\u00e5n skador. Det \u00e4r en utm\u00e4rkt l\u00f6sning f\u00f6r att skydda kedjan samtidigt som det ger din cykel ett snyggt utseende.<\/p>","protected":false},"excerpt":{"rendered":"<p>Py\u00f6r\u00e4n suojus, jonka halkaisija on 162 mm, on suunniteltu erityisesti s\u00e4hk\u00f6py\u00f6rille. Sen py\u00f6re\u00e4 muotoilu ja musta v\u00e4ri tekev\u00e4t siit\u00e4 tyylikk\u00e4\u00e4n lis\u00e4varusteen, joka tuo suojaa ja eleganssia py\u00f6r\u00e4\u00e4si. Valmistettu kest\u00e4vist\u00e4 materiaaleista, t\u00e4m\u00e4 suojus on helppo asentaa ja pit\u00e4\u00e4 ketjusi puhtaana sek\u00e4 suojattuna vaurioilta. Se on erinomainen ratkaisu ketjun suojaamiseen samalla kun se viimeistelee py\u00f6r\u00e4si ulkon\u00e4\u00f6n. [&#8230;]<\/p>\n<p><a class=\"btn btn-secondary understrap-read-more-link\" href=\"https:\/\/vmsport.fi\/sv\/verkkokauppa\/varaosat\/sahkopyorien-osat\/sahkopyorien-osat-sahkopyorien-osat\/chainguard-for-e-bike-o-162-mm-black\/\">L\u00e4s mer \u2026<span class=\"screen-reader-text\"> from Chainguard for e-bike, \u00d8 162 mm, black<\/span><\/a><\/p>\n","protected":false},"featured_media":56618,"comment_status":"open","ping_status":"closed","template":"","meta":{"_acf_changed":false,"_improvement_type_select":"improve_an_existing","_thumb_yes_seoaic":false,"_frame_yes_seoaic":false,"seoaic_generate_description":"","seoaic_improve_instructions_prompt":"","seoaic_rollback_content_improvement":"","seoaic_idea_thumbnail_generator":"","thumbnail_generated":false,"thumbnail_generate_prompt":"","seoaic_article_description":"","_supplier_stock_quantity":0},"product_brand":[],"product_model":[],"product_cat":[9482,9470],"product_tag":[],"industry-terminology":[],"class_list":{"0":"post-56619","1":"product","2":"type-product","3":"status-publish","4":"has-post-thumbnail","6":"product_cat-sahkopyorien-osat-sahkopyorien-osat","7":"product_cat-ketjusuojat-ja-ohjurit","9":"first","10":"outofstock","11":"taxable","12":"shipping-taxable","13":"product-type-simple"},"acf":{"bike_features":null,"overview":{"copy_overview":null,"key_features":null,"statement":"","youtube_url":""}},"yoast_head":"<!-- This site is optimized with the Yoast SEO plugin v27.4 - https:\/\/yoast.com\/product\/yoast-seo-wordpress\/ -->\n<title>Chainguard for e-bike, \u00d8 162 mm, black - VM Sport<\/title>\n<meta name=\"robots\" content=\"index, follow, max-snippet:-1, max-image-preview:large, max-video-preview:-1\" \/>\n<link rel=\"canonical\" href=\"https:\/\/vmsport.fi\/sv\/webbutik\/reservdelar\/delar-av-sagbockar\/delar-av-sagbock-delar-av-sagbock\/kedjeskydd-for-elcykel-o-162-mm-svart\/\" \/>\n<meta property=\"og:locale\" content=\"sv_SE\" \/>\n<meta property=\"og:type\" content=\"article\" \/>\n<meta property=\"og:title\" content=\"Chainguard for e-bike, \u00d8 162 mm, black - VM Sport\" \/>\n<meta property=\"og:description\" content=\"Py\u00f6r\u00e4n suojus, jonka halkaisija on 162 mm, on suunniteltu erityisesti s\u00e4hk\u00f6py\u00f6rille. Sen py\u00f6re\u00e4 muotoilu ja musta v\u00e4ri tekev\u00e4t siit\u00e4 tyylikk\u00e4\u00e4n lis\u00e4varusteen, joka tuo suojaa ja eleganssia py\u00f6r\u00e4\u00e4si. Valmistettu kest\u00e4vist\u00e4 materiaaleista, t\u00e4m\u00e4 suojus on helppo asentaa ja pit\u00e4\u00e4 ketjusi puhtaana sek\u00e4 suojattuna vaurioilta. Se on erinomainen ratkaisu ketjun suojaamiseen samalla kun se viimeistelee py\u00f6r\u00e4si ulkon\u00e4\u00f6n. [...]L\u00e4s mer \u2026 from Chainguard for e-bike, \u00d8 162 mm, black\" \/>\n<meta property=\"og:url\" content=\"https:\/\/vmsport.fi\/sv\/webbutik\/reservdelar\/delar-av-sagbockar\/delar-av-sagbock-delar-av-sagbock\/kedjeskydd-for-elcykel-o-162-mm-svart\/\" \/>\n<meta property=\"og:site_name\" content=\"VM Sport\" \/>\n<meta property=\"article:publisher\" content=\"https:\/\/www.facebook.com\/Vmsport.fi\/\" \/>\n<meta property=\"article:modified_time\" content=\"2026-01-16T11:20:41+00:00\" \/>\n<meta property=\"og:image\" content=\"https:\/\/vmsport.fi\/wp-content\/uploads\/2025\/03\/2123254-1200Wx1200H-1.jpg\" \/>\n\t<meta property=\"og:image:width\" content=\"1000\" \/>\n\t<meta property=\"og:image:height\" content=\"1000\" \/>\n\t<meta property=\"og:image:type\" content=\"image\/jpeg\" \/>\n<meta name=\"twitter:card\" content=\"summary_large_image\" \/>\n<script type=\"application\/ld+json\" class=\"yoast-schema-graph\">{\"@context\":\"https:\\\/\\\/schema.org\",\"@graph\":[{\"@type\":[\"WebPage\",\"ItemPage\"],\"@id\":\"https:\\\/\\\/vmsport.fi\\\/verkkokauppa\\\/varaosat\\\/sahkopyorien-osat\\\/sahkopyorien-osat-sahkopyorien-osat\\\/chainguard-for-e-bike-o-162-mm-black\\\/\",\"url\":\"https:\\\/\\\/vmsport.fi\\\/verkkokauppa\\\/varaosat\\\/sahkopyorien-osat\\\/sahkopyorien-osat-sahkopyorien-osat\\\/chainguard-for-e-bike-o-162-mm-black\\\/\",\"name\":\"Chainguard for e-bike, \u00d8 162 mm, black - VM Sport\",\"isPartOf\":{\"@id\":\"https:\\\/\\\/vmsport.fi\\\/#website\"},\"primaryImageOfPage\":{\"@id\":\"https:\\\/\\\/vmsport.fi\\\/verkkokauppa\\\/varaosat\\\/sahkopyorien-osat\\\/sahkopyorien-osat-sahkopyorien-osat\\\/chainguard-for-e-bike-o-162-mm-black\\\/#primaryimage\"},\"image\":{\"@id\":\"https:\\\/\\\/vmsport.fi\\\/verkkokauppa\\\/varaosat\\\/sahkopyorien-osat\\\/sahkopyorien-osat-sahkopyorien-osat\\\/chainguard-for-e-bike-o-162-mm-black\\\/#primaryimage\"},\"thumbnailUrl\":\"https:\\\/\\\/vmsport.fi\\\/wp-content\\\/uploads\\\/2025\\\/03\\\/2123254-1200Wx1200H-1.jpg\",\"datePublished\":\"2025-03-05T22:21:58+00:00\",\"dateModified\":\"2026-01-16T11:20:41+00:00\",\"breadcrumb\":{\"@id\":\"https:\\\/\\\/vmsport.fi\\\/verkkokauppa\\\/varaosat\\\/sahkopyorien-osat\\\/sahkopyorien-osat-sahkopyorien-osat\\\/chainguard-for-e-bike-o-162-mm-black\\\/#breadcrumb\"},\"inLanguage\":\"sv-SE\",\"potentialAction\":[{\"@type\":\"ReadAction\",\"target\":[\"https:\\\/\\\/vmsport.fi\\\/verkkokauppa\\\/varaosat\\\/sahkopyorien-osat\\\/sahkopyorien-osat-sahkopyorien-osat\\\/chainguard-for-e-bike-o-162-mm-black\\\/\"]}]},{\"@type\":\"ImageObject\",\"inLanguage\":\"sv-SE\",\"@id\":\"https:\\\/\\\/vmsport.fi\\\/verkkokauppa\\\/varaosat\\\/sahkopyorien-osat\\\/sahkopyorien-osat-sahkopyorien-osat\\\/chainguard-for-e-bike-o-162-mm-black\\\/#primaryimage\",\"url\":\"https:\\\/\\\/vmsport.fi\\\/wp-content\\\/uploads\\\/2025\\\/03\\\/2123254-1200Wx1200H-1.jpg\",\"contentUrl\":\"https:\\\/\\\/vmsport.fi\\\/wp-content\\\/uploads\\\/2025\\\/03\\\/2123254-1200Wx1200H-1.jpg\",\"width\":1000,\"height\":1000,\"caption\":\"2123254-1200Wx1200H\"},{\"@type\":\"BreadcrumbList\",\"@id\":\"https:\\\/\\\/vmsport.fi\\\/verkkokauppa\\\/varaosat\\\/sahkopyorien-osat\\\/sahkopyorien-osat-sahkopyorien-osat\\\/chainguard-for-e-bike-o-162-mm-black\\\/#breadcrumb\",\"itemListElement\":[{\"@type\":\"ListItem\",\"position\":1,\"name\":\"Etusivu\",\"item\":\"https:\\\/\\\/vmsport.fi\\\/\"},{\"@type\":\"ListItem\",\"position\":2,\"name\":\"Online Store\",\"item\":\"https:\\\/\\\/vmsport.fi\\\/en\\\/online-store\\\/\"},{\"@type\":\"ListItem\",\"position\":3,\"name\":\"Chainguard for e-bike, \u00d8 162 mm, black\"}]},{\"@type\":\"WebSite\",\"@id\":\"https:\\\/\\\/vmsport.fi\\\/#website\",\"url\":\"https:\\\/\\\/vmsport.fi\\\/\",\"name\":\"Vmsport\",\"description\":\"Kaikki py\u00f6r\u00e4ilyyn yhdest\u00e4 paikasta\",\"publisher\":{\"@id\":\"https:\\\/\\\/vmsport.fi\\\/#organization\"},\"potentialAction\":[{\"@type\":\"SearchAction\",\"target\":{\"@type\":\"EntryPoint\",\"urlTemplate\":\"https:\\\/\\\/vmsport.fi\\\/?s={search_term_string}\"},\"query-input\":{\"@type\":\"PropertyValueSpecification\",\"valueRequired\":true,\"valueName\":\"search_term_string\"}}],\"inLanguage\":\"sv-SE\"},{\"@type\":\"Organization\",\"@id\":\"https:\\\/\\\/vmsport.fi\\\/#organization\",\"name\":\"Vmsport\",\"url\":\"https:\\\/\\\/vmsport.fi\\\/\",\"logo\":{\"@type\":\"ImageObject\",\"inLanguage\":\"sv-SE\",\"@id\":\"https:\\\/\\\/vmsport.fi\\\/#\\\/schema\\\/logo\\\/image\\\/\",\"url\":\"https:\\\/\\\/vmsport.fi\\\/wp-content\\\/uploads\\\/2024\\\/12\\\/vm_sport_RGB_horisontal-e1734526017575.png\",\"contentUrl\":\"https:\\\/\\\/vmsport.fi\\\/wp-content\\\/uploads\\\/2024\\\/12\\\/vm_sport_RGB_horisontal-e1734526017575.png\",\"width\":668,\"height\":85,\"caption\":\"Vmsport\"},\"image\":{\"@id\":\"https:\\\/\\\/vmsport.fi\\\/#\\\/schema\\\/logo\\\/image\\\/\"},\"sameAs\":[\"https:\\\/\\\/www.facebook.com\\\/Vmsport.fi\\\/\",\"https:\\\/\\\/www.instagram.com\\\/vmsport\\\/\"]}]}<\/script>\n<!-- \/ Yoast SEO plugin. -->","yoast_head_json":{"title":"Str\u00e4ckskydd f\u00f6r elcykel, \u00d8 162 mm, svart - VM Sport","robots":{"index":"index","follow":"follow","max-snippet":"max-snippet:-1","max-image-preview":"max-image-preview:large","max-video-preview":"max-video-preview:-1"},"canonical":"https:\/\/vmsport.fi\/sv\/webbutik\/reservdelar\/delar-av-sagbockar\/delar-av-sagbock-delar-av-sagbock\/kedjeskydd-for-elcykel-o-162-mm-svart\/","og_locale":"sv_SE","og_type":"article","og_title":"Chainguard for e-bike, \u00d8 162 mm, black - VM Sport","og_description":"Py\u00f6r\u00e4n suojus, jonka halkaisija on 162 mm, on suunniteltu erityisesti s\u00e4hk\u00f6py\u00f6rille. Sen py\u00f6re\u00e4 muotoilu ja musta v\u00e4ri tekev\u00e4t siit\u00e4 tyylikk\u00e4\u00e4n lis\u00e4varusteen, joka tuo suojaa ja eleganssia py\u00f6r\u00e4\u00e4si. Valmistettu kest\u00e4vist\u00e4 materiaaleista, t\u00e4m\u00e4 suojus on helppo asentaa ja pit\u00e4\u00e4 ketjusi puhtaana sek\u00e4 suojattuna vaurioilta. Se on erinomainen ratkaisu ketjun suojaamiseen samalla kun se viimeistelee py\u00f6r\u00e4si ulkon\u00e4\u00f6n. [...]L\u00e4s mer \u2026 from Chainguard for e-bike, \u00d8 162 mm, black","og_url":"https:\/\/vmsport.fi\/sv\/webbutik\/reservdelar\/delar-av-sagbockar\/delar-av-sagbock-delar-av-sagbock\/kedjeskydd-for-elcykel-o-162-mm-svart\/","og_site_name":"VM Sport","article_publisher":"https:\/\/www.facebook.com\/Vmsport.fi\/","article_modified_time":"2026-01-16T11:20:41+00:00","og_image":[{"width":1000,"height":1000,"url":"https:\/\/vmsport.fi\/wp-content\/uploads\/2025\/03\/2123254-1200Wx1200H-1.jpg","type":"image\/jpeg"}],"twitter_card":"summary_large_image","schema":{"@context":"https:\/\/schema.org","@graph":[{"@type":["WebPage","ItemPage"],"@id":"https:\/\/vmsport.fi\/verkkokauppa\/varaosat\/sahkopyorien-osat\/sahkopyorien-osat-sahkopyorien-osat\/chainguard-for-e-bike-o-162-mm-black\/","url":"https:\/\/vmsport.fi\/verkkokauppa\/varaosat\/sahkopyorien-osat\/sahkopyorien-osat-sahkopyorien-osat\/chainguard-for-e-bike-o-162-mm-black\/","name":"Str\u00e4ckskydd f\u00f6r elcykel, \u00d8 162 mm, svart - VM Sport","isPartOf":{"@id":"https:\/\/vmsport.fi\/#website"},"primaryImageOfPage":{"@id":"https:\/\/vmsport.fi\/verkkokauppa\/varaosat\/sahkopyorien-osat\/sahkopyorien-osat-sahkopyorien-osat\/chainguard-for-e-bike-o-162-mm-black\/#primaryimage"},"image":{"@id":"https:\/\/vmsport.fi\/verkkokauppa\/varaosat\/sahkopyorien-osat\/sahkopyorien-osat-sahkopyorien-osat\/chainguard-for-e-bike-o-162-mm-black\/#primaryimage"},"thumbnailUrl":"https:\/\/vmsport.fi\/wp-content\/uploads\/2025\/03\/2123254-1200Wx1200H-1.jpg","datePublished":"2025-03-05T22:21:58+00:00","dateModified":"2026-01-16T11:20:41+00:00","breadcrumb":{"@id":"https:\/\/vmsport.fi\/verkkokauppa\/varaosat\/sahkopyorien-osat\/sahkopyorien-osat-sahkopyorien-osat\/chainguard-for-e-bike-o-162-mm-black\/#breadcrumb"},"inLanguage":"sv-SE","potentialAction":[{"@type":"ReadAction","target":["https:\/\/vmsport.fi\/verkkokauppa\/varaosat\/sahkopyorien-osat\/sahkopyorien-osat-sahkopyorien-osat\/chainguard-for-e-bike-o-162-mm-black\/"]}]},{"@type":"ImageObject","inLanguage":"sv-SE","@id":"https:\/\/vmsport.fi\/verkkokauppa\/varaosat\/sahkopyorien-osat\/sahkopyorien-osat-sahkopyorien-osat\/chainguard-for-e-bike-o-162-mm-black\/#primaryimage","url":"https:\/\/vmsport.fi\/wp-content\/uploads\/2025\/03\/2123254-1200Wx1200H-1.jpg","contentUrl":"https:\/\/vmsport.fi\/wp-content\/uploads\/2025\/03\/2123254-1200Wx1200H-1.jpg","width":1000,"height":1000,"caption":"2123254-1200Wx1200H"},{"@type":"BreadcrumbList","@id":"https:\/\/vmsport.fi\/verkkokauppa\/varaosat\/sahkopyorien-osat\/sahkopyorien-osat-sahkopyorien-osat\/chainguard-for-e-bike-o-162-mm-black\/#breadcrumb","itemListElement":[{"@type":"ListItem","position":1,"name":"Etusivu","item":"https:\/\/vmsport.fi\/"},{"@type":"ListItem","position":2,"name":"Online Store","item":"https:\/\/vmsport.fi\/en\/online-store\/"},{"@type":"ListItem","position":3,"name":"Chainguard for e-bike, \u00d8 162 mm, black"}]},{"@type":"WebSite","@id":"https:\/\/vmsport.fi\/#website","url":"https:\/\/vmsport.fi\/","name":"Vmsport","description":"Allt p\u00e5 ett st\u00e4lle f\u00f6r cykling","publisher":{"@id":"https:\/\/vmsport.fi\/#organization"},"potentialAction":[{"@type":"SearchAction","target":{"@type":"EntryPoint","urlTemplate":"https:\/\/vmsport.fi\/?s={search_term_string}"},"query-input":{"@type":"PropertyValueSpecification","valueRequired":true,"valueName":"search_term_string"}}],"inLanguage":"sv-SE"},{"@type":"Organization","@id":"https:\/\/vmsport.fi\/#organization","name":"Vmsport","url":"https:\/\/vmsport.fi\/","logo":{"@type":"ImageObject","inLanguage":"sv-SE","@id":"https:\/\/vmsport.fi\/#\/schema\/logo\/image\/","url":"https:\/\/vmsport.fi\/wp-content\/uploads\/2024\/12\/vm_sport_RGB_horisontal-e1734526017575.png","contentUrl":"https:\/\/vmsport.fi\/wp-content\/uploads\/2024\/12\/vm_sport_RGB_horisontal-e1734526017575.png","width":668,"height":85,"caption":"Vmsport"},"image":{"@id":"https:\/\/vmsport.fi\/#\/schema\/logo\/image\/"},"sameAs":["https:\/\/www.facebook.com\/Vmsport.fi\/","https:\/\/www.instagram.com\/vmsport\/"]}]}},"global_unique_id":"","_links":{"self":[{"href":"https:\/\/vmsport.fi\/sv\/wp-json\/wp\/v2\/product\/56619","targetHints":{"allow":["GET"]}}],"collection":[{"href":"https:\/\/vmsport.fi\/sv\/wp-json\/wp\/v2\/product"}],"about":[{"href":"https:\/\/vmsport.fi\/sv\/wp-json\/wp\/v2\/types\/product"}],"replies":[{"embeddable":true,"href":"https:\/\/vmsport.fi\/sv\/wp-json\/wp\/v2\/comments?post=56619"}],"wp:featuredmedia":[{"embeddable":true,"href":"https:\/\/vmsport.fi\/sv\/wp-json\/wp\/v2\/media\/56618"}],"wp:attachment":[{"href":"https:\/\/vmsport.fi\/sv\/wp-json\/wp\/v2\/media?parent=56619"}],"wp:term":[{"taxonomy":"product_brand","embeddable":true,"href":"https:\/\/vmsport.fi\/sv\/wp-json\/wp\/v2\/product_brand?post=56619"},{"taxonomy":"product_model","embeddable":true,"href":"https:\/\/vmsport.fi\/sv\/wp-json\/wp\/v2\/product_model?post=56619"},{"taxonomy":"product_cat","embeddable":true,"href":"https:\/\/vmsport.fi\/sv\/wp-json\/wp\/v2\/product_cat?post=56619"},{"taxonomy":"product_tag","embeddable":true,"href":"https:\/\/vmsport.fi\/sv\/wp-json\/wp\/v2\/product_tag?post=56619"},{"taxonomy":"industry_terminology","embeddable":true,"href":"https:\/\/vmsport.fi\/sv\/wp-json\/wp\/v2\/industry-terminology?post=56619"}],"curies":[{"name":"wp","href":"https:\/\/api.w.org\/{rel}","templated":true}]}}