{"id":56617,"date":"2025-03-06T00:21:57","date_gmt":"2025-03-05T22:21:57","guid":{"rendered":"https:\/\/vmsport.fi\/verkkokauppa\/Ei-luokiteltu\/continental-ride-tour-47-622-musta\/"},"modified":"2026-04-22T15:03:48","modified_gmt":"2026-04-22T12:03:48","slug":"continental-ride-tour-47-622-svart","status":"publish","type":"product","link":"https:\/\/vmsport.fi\/sv\/verkkokauppa\/renkaat\/ulkorenkaat\/kaupunki-ja-hybridirenkaat\/continental-ride-tour-47-622-musta\/","title":{"rendered":"CONTINENTAL Ride Tour 47-622, svart"},"content":{"rendered":"<p>Continental Ride Tour 47-622 \u00e4r ett svart d\u00e4ck som erbjuder utm\u00e4rkt prestanda och tillf\u00f6rlitlighet. Det \u00e4r utformat f\u00f6r elcyklar med hastigheter upp till 25 km\/h och passar f\u00f6r ett brett spektrum av cykelbehov. D\u00e4cket \u00e4r utrustat med Puncture ProTection-teknik, som effektivt skyddar mot punktering och f\u00f6rb\u00e4ttrar h\u00e5llbarheten.<\/p>\n<p>D\u00e4ckets m\u00e5ngsidiga slitbanem\u00f6nster med en enhetlig mittsektion s\u00e4kerst\u00e4ller smidig rullning p\u00e5 en m\u00e4ngd olika underlag. H\u00e5llbarheten f\u00f6rb\u00e4ttras av den flexibilitet som erbjuds av 3\/66 TPI-konstruktionen och de f\u00f6rst\u00e4rkta sidov\u00e4ggarna som skyddar mot ytterligare rullning och punktering. Med ett rekommenderat lufttryck p\u00e5 45 psi och ett maximalt lufttryck p\u00e5 58 psi kan d\u00e4cket anv\u00e4ndas under m\u00e5nga olika f\u00f6rh\u00e5llanden och f\u00f6r m\u00e5nga olika behov.<\/p>\n<p>D\u00e4cket har ocks\u00e5 en slitageindikator som hj\u00e4lper anv\u00e4ndaren att \u00f6vervaka slitbanans skick och uppr\u00e4tth\u00e5lla optimal prestanda. Continentals ECO-teknik har utvecklats med hj\u00e4lp av \u00f6ver 100 \u00e5rs erfarenhet av d\u00e4cktillverkning och sparar energi genom att minska rullmotst\u00e5ndet, vilket g\u00f6r det till ett ekonomiskt val. Det h\u00e4r d\u00e4cket \u00e4r en p\u00e5litlig, s\u00e4ker och l\u00e5ngvarig l\u00f6sning f\u00f6r vardagscykling.<\/p>","protected":false},"excerpt":{"rendered":"<p>Continental Ride Tour 47-622 on musta rengas, joka tarjoaa erinomaisen suorituskyvyn ja luotettavuuden. Se on suunniteltu s\u00e4hk\u00f6py\u00f6riin, joiden nopeus ei ylit\u00e4 25 km\/h, joten se soveltuu laajasti erilaisiin py\u00f6r\u00e4ilytarpeisiin. Rengas on varustettu Puncture ProTection -tekniikalla, joka suojaa tehokkaasti puhkeamisilta ja parantaa kest\u00e4vyytt\u00e4. Renkaan monipuolinen pintakuvio, jossa on yhten\u00e4inen keskiosa, takaa tasaisen rullaavuuden erilaisilla alustoilla. Kest\u00e4vyytt\u00e4 [&#8230;]<\/p>\n<p><a class=\"btn btn-secondary understrap-read-more-link\" href=\"https:\/\/vmsport.fi\/sv\/verkkokauppa\/renkaat\/ulkorenkaat\/kaupunki-ja-hybridirenkaat\/continental-ride-tour-47-622-musta\/\">L\u00e4s mer \u2026<span class=\"screen-reader-text\"> from CONTINENTAL Ride Tour 47-622, musta<\/span><\/a><\/p>\n","protected":false},"featured_media":56616,"comment_status":"open","ping_status":"closed","template":"","meta":{"_acf_changed":false,"_improvement_type_select":"improve_an_existing","_thumb_yes_seoaic":false,"_frame_yes_seoaic":false,"seoaic_generate_description":"","seoaic_improve_instructions_prompt":"","seoaic_rollback_content_improvement":"","seoaic_idea_thumbnail_generator":"","thumbnail_generated":false,"thumbnail_generate_prompt":"","seoaic_article_description":"","_supplier_stock_quantity":0},"product_brand":[1585],"product_model":[],"product_cat":[9318],"product_tag":[],"industry-terminology":[],"class_list":{"0":"post-56617","1":"product","2":"type-product","3":"status-publish","4":"has-post-thumbnail","6":"product_brand-continental","7":"product_cat-kaupunki-ja-hybridirenkaat","9":"first","10":"instock","11":"taxable","12":"shipping-taxable","13":"purchasable","14":"product-type-simple"},"acf":{"bike_features":null,"overview":{"copy_overview":null,"key_features":null,"statement":"","youtube_url":""}},"yoast_head":"<!-- This site is optimized with the Yoast SEO plugin v27.4 - https:\/\/yoast.com\/product\/yoast-seo-wordpress\/ -->\n<title>CONTINENTAL Ride Tour 47-622, musta - VM Sport<\/title>\n<meta name=\"robots\" content=\"index, follow, max-snippet:-1, max-image-preview:large, max-video-preview:-1\" \/>\n<link rel=\"canonical\" href=\"https:\/\/vmsport.fi\/sv\/webbutik\/dack\/dack-for-utomhusbruk\/stads-och-hybriddack\/continental-ride-tour-47-622-svart\/\" \/>\n<meta property=\"og:locale\" content=\"sv_SE\" \/>\n<meta property=\"og:type\" content=\"article\" \/>\n<meta property=\"og:title\" content=\"CONTINENTAL Ride Tour 47-622, musta - VM Sport\" \/>\n<meta property=\"og:description\" content=\"Continental Ride Tour 47-622 on musta rengas, joka tarjoaa erinomaisen suorituskyvyn ja luotettavuuden. Se on suunniteltu s\u00e4hk\u00f6py\u00f6riin, joiden nopeus ei ylit\u00e4 25 km\/h, joten se soveltuu laajasti erilaisiin py\u00f6r\u00e4ilytarpeisiin. Rengas on varustettu Puncture ProTection -tekniikalla, joka suojaa tehokkaasti puhkeamisilta ja parantaa kest\u00e4vyytt\u00e4. Renkaan monipuolinen pintakuvio, jossa on yhten\u00e4inen keskiosa, takaa tasaisen rullaavuuden erilaisilla alustoilla. Kest\u00e4vyytt\u00e4 [...]L\u00e4s mer \u2026 from CONTINENTAL Ride Tour 47-622, musta\" \/>\n<meta property=\"og:url\" content=\"https:\/\/vmsport.fi\/sv\/webbutik\/dack\/dack-for-utomhusbruk\/stads-och-hybriddack\/continental-ride-tour-47-622-svart\/\" \/>\n<meta property=\"og:site_name\" content=\"VM Sport\" \/>\n<meta property=\"article:publisher\" content=\"https:\/\/www.facebook.com\/Vmsport.fi\/\" \/>\n<meta property=\"article:modified_time\" content=\"2026-04-22T12:03:48+00:00\" \/>\n<meta property=\"og:image\" content=\"https:\/\/vmsport.fi\/wp-content\/uploads\/2025\/03\/ride-tour-9-1.jpg\" \/>\n\t<meta property=\"og:image:width\" content=\"1000\" \/>\n\t<meta property=\"og:image:height\" content=\"1000\" \/>\n\t<meta property=\"og:image:type\" content=\"image\/jpeg\" \/>\n<meta name=\"twitter:card\" content=\"summary_large_image\" \/>\n<meta name=\"twitter:label1\" content=\"Ber\u00e4knad l\u00e4stid\" \/>\n\t<meta name=\"twitter:data1\" content=\"1 minut\" \/>\n<script type=\"application\/ld+json\" class=\"yoast-schema-graph\">{\"@context\":\"https:\\\/\\\/schema.org\",\"@graph\":[{\"@type\":[\"WebPage\",\"ItemPage\"],\"@id\":\"https:\\\/\\\/vmsport.fi\\\/verkkokauppa\\\/renkaat\\\/ulkorenkaat\\\/kaupunki-ja-hybridirenkaat\\\/continental-ride-tour-47-622-musta\\\/\",\"url\":\"https:\\\/\\\/vmsport.fi\\\/verkkokauppa\\\/renkaat\\\/ulkorenkaat\\\/kaupunki-ja-hybridirenkaat\\\/continental-ride-tour-47-622-musta\\\/\",\"name\":\"CONTINENTAL Ride Tour 47-622, musta - VM Sport\",\"isPartOf\":{\"@id\":\"https:\\\/\\\/vmsport.fi\\\/#website\"},\"primaryImageOfPage\":{\"@id\":\"https:\\\/\\\/vmsport.fi\\\/verkkokauppa\\\/renkaat\\\/ulkorenkaat\\\/kaupunki-ja-hybridirenkaat\\\/continental-ride-tour-47-622-musta\\\/#primaryimage\"},\"image\":{\"@id\":\"https:\\\/\\\/vmsport.fi\\\/verkkokauppa\\\/renkaat\\\/ulkorenkaat\\\/kaupunki-ja-hybridirenkaat\\\/continental-ride-tour-47-622-musta\\\/#primaryimage\"},\"thumbnailUrl\":\"https:\\\/\\\/vmsport.fi\\\/wp-content\\\/uploads\\\/2025\\\/03\\\/ride-tour-9-1.jpg\",\"datePublished\":\"2025-03-05T22:21:57+00:00\",\"dateModified\":\"2026-04-22T12:03:48+00:00\",\"breadcrumb\":{\"@id\":\"https:\\\/\\\/vmsport.fi\\\/verkkokauppa\\\/renkaat\\\/ulkorenkaat\\\/kaupunki-ja-hybridirenkaat\\\/continental-ride-tour-47-622-musta\\\/#breadcrumb\"},\"inLanguage\":\"sv-SE\",\"potentialAction\":[{\"@type\":\"ReadAction\",\"target\":[\"https:\\\/\\\/vmsport.fi\\\/verkkokauppa\\\/renkaat\\\/ulkorenkaat\\\/kaupunki-ja-hybridirenkaat\\\/continental-ride-tour-47-622-musta\\\/\"]}]},{\"@type\":\"ImageObject\",\"inLanguage\":\"sv-SE\",\"@id\":\"https:\\\/\\\/vmsport.fi\\\/verkkokauppa\\\/renkaat\\\/ulkorenkaat\\\/kaupunki-ja-hybridirenkaat\\\/continental-ride-tour-47-622-musta\\\/#primaryimage\",\"url\":\"https:\\\/\\\/vmsport.fi\\\/wp-content\\\/uploads\\\/2025\\\/03\\\/ride-tour-9-1.jpg\",\"contentUrl\":\"https:\\\/\\\/vmsport.fi\\\/wp-content\\\/uploads\\\/2025\\\/03\\\/ride-tour-9-1.jpg\",\"width\":1000,\"height\":1000,\"caption\":\"ride-tour-9\"},{\"@type\":\"BreadcrumbList\",\"@id\":\"https:\\\/\\\/vmsport.fi\\\/verkkokauppa\\\/renkaat\\\/ulkorenkaat\\\/kaupunki-ja-hybridirenkaat\\\/continental-ride-tour-47-622-musta\\\/#breadcrumb\",\"itemListElement\":[{\"@type\":\"ListItem\",\"position\":1,\"name\":\"Etusivu\",\"item\":\"https:\\\/\\\/vmsport.fi\\\/\"},{\"@type\":\"ListItem\",\"position\":2,\"name\":\"Online Store\",\"item\":\"https:\\\/\\\/vmsport.fi\\\/en\\\/online-store\\\/\"},{\"@type\":\"ListItem\",\"position\":3,\"name\":\"CONTINENTAL Ride Tour 47-622, musta\"}]},{\"@type\":\"WebSite\",\"@id\":\"https:\\\/\\\/vmsport.fi\\\/#website\",\"url\":\"https:\\\/\\\/vmsport.fi\\\/\",\"name\":\"Vmsport\",\"description\":\"Kaikki py\u00f6r\u00e4ilyyn yhdest\u00e4 paikasta\",\"publisher\":{\"@id\":\"https:\\\/\\\/vmsport.fi\\\/#organization\"},\"potentialAction\":[{\"@type\":\"SearchAction\",\"target\":{\"@type\":\"EntryPoint\",\"urlTemplate\":\"https:\\\/\\\/vmsport.fi\\\/?s={search_term_string}\"},\"query-input\":{\"@type\":\"PropertyValueSpecification\",\"valueRequired\":true,\"valueName\":\"search_term_string\"}}],\"inLanguage\":\"sv-SE\"},{\"@type\":\"Organization\",\"@id\":\"https:\\\/\\\/vmsport.fi\\\/#organization\",\"name\":\"Vmsport\",\"url\":\"https:\\\/\\\/vmsport.fi\\\/\",\"logo\":{\"@type\":\"ImageObject\",\"inLanguage\":\"sv-SE\",\"@id\":\"https:\\\/\\\/vmsport.fi\\\/#\\\/schema\\\/logo\\\/image\\\/\",\"url\":\"https:\\\/\\\/vmsport.fi\\\/wp-content\\\/uploads\\\/2024\\\/12\\\/vm_sport_RGB_horisontal-e1734526017575.png\",\"contentUrl\":\"https:\\\/\\\/vmsport.fi\\\/wp-content\\\/uploads\\\/2024\\\/12\\\/vm_sport_RGB_horisontal-e1734526017575.png\",\"width\":668,\"height\":85,\"caption\":\"Vmsport\"},\"image\":{\"@id\":\"https:\\\/\\\/vmsport.fi\\\/#\\\/schema\\\/logo\\\/image\\\/\"},\"sameAs\":[\"https:\\\/\\\/www.facebook.com\\\/Vmsport.fi\\\/\",\"https:\\\/\\\/www.instagram.com\\\/vmsport\\\/\"]}]}<\/script>\n<!-- \/ Yoast SEO plugin. -->","yoast_head_json":{"title":"CONTINENTAL Ride Tour 47-622, svart - VM Sport","robots":{"index":"index","follow":"follow","max-snippet":"max-snippet:-1","max-image-preview":"max-image-preview:large","max-video-preview":"max-video-preview:-1"},"canonical":"https:\/\/vmsport.fi\/sv\/webbutik\/dack\/dack-for-utomhusbruk\/stads-och-hybriddack\/continental-ride-tour-47-622-svart\/","og_locale":"sv_SE","og_type":"article","og_title":"CONTINENTAL Ride Tour 47-622, musta - VM Sport","og_description":"Continental Ride Tour 47-622 on musta rengas, joka tarjoaa erinomaisen suorituskyvyn ja luotettavuuden. Se on suunniteltu s\u00e4hk\u00f6py\u00f6riin, joiden nopeus ei ylit\u00e4 25 km\/h, joten se soveltuu laajasti erilaisiin py\u00f6r\u00e4ilytarpeisiin. Rengas on varustettu Puncture ProTection -tekniikalla, joka suojaa tehokkaasti puhkeamisilta ja parantaa kest\u00e4vyytt\u00e4. Renkaan monipuolinen pintakuvio, jossa on yhten\u00e4inen keskiosa, takaa tasaisen rullaavuuden erilaisilla alustoilla. Kest\u00e4vyytt\u00e4 [...]L\u00e4s mer \u2026 from CONTINENTAL Ride Tour 47-622, musta","og_url":"https:\/\/vmsport.fi\/sv\/webbutik\/dack\/dack-for-utomhusbruk\/stads-och-hybriddack\/continental-ride-tour-47-622-svart\/","og_site_name":"VM Sport","article_publisher":"https:\/\/www.facebook.com\/Vmsport.fi\/","article_modified_time":"2026-04-22T12:03:48+00:00","og_image":[{"width":1000,"height":1000,"url":"https:\/\/vmsport.fi\/wp-content\/uploads\/2025\/03\/ride-tour-9-1.jpg","type":"image\/jpeg"}],"twitter_card":"summary_large_image","twitter_misc":{"Ber\u00e4knad l\u00e4stid":"1 minut"},"schema":{"@context":"https:\/\/schema.org","@graph":[{"@type":["WebPage","ItemPage"],"@id":"https:\/\/vmsport.fi\/verkkokauppa\/renkaat\/ulkorenkaat\/kaupunki-ja-hybridirenkaat\/continental-ride-tour-47-622-musta\/","url":"https:\/\/vmsport.fi\/verkkokauppa\/renkaat\/ulkorenkaat\/kaupunki-ja-hybridirenkaat\/continental-ride-tour-47-622-musta\/","name":"CONTINENTAL Ride Tour 47-622, svart - VM Sport","isPartOf":{"@id":"https:\/\/vmsport.fi\/#website"},"primaryImageOfPage":{"@id":"https:\/\/vmsport.fi\/verkkokauppa\/renkaat\/ulkorenkaat\/kaupunki-ja-hybridirenkaat\/continental-ride-tour-47-622-musta\/#primaryimage"},"image":{"@id":"https:\/\/vmsport.fi\/verkkokauppa\/renkaat\/ulkorenkaat\/kaupunki-ja-hybridirenkaat\/continental-ride-tour-47-622-musta\/#primaryimage"},"thumbnailUrl":"https:\/\/vmsport.fi\/wp-content\/uploads\/2025\/03\/ride-tour-9-1.jpg","datePublished":"2025-03-05T22:21:57+00:00","dateModified":"2026-04-22T12:03:48+00:00","breadcrumb":{"@id":"https:\/\/vmsport.fi\/verkkokauppa\/renkaat\/ulkorenkaat\/kaupunki-ja-hybridirenkaat\/continental-ride-tour-47-622-musta\/#breadcrumb"},"inLanguage":"sv-SE","potentialAction":[{"@type":"ReadAction","target":["https:\/\/vmsport.fi\/verkkokauppa\/renkaat\/ulkorenkaat\/kaupunki-ja-hybridirenkaat\/continental-ride-tour-47-622-musta\/"]}]},{"@type":"ImageObject","inLanguage":"sv-SE","@id":"https:\/\/vmsport.fi\/verkkokauppa\/renkaat\/ulkorenkaat\/kaupunki-ja-hybridirenkaat\/continental-ride-tour-47-622-musta\/#primaryimage","url":"https:\/\/vmsport.fi\/wp-content\/uploads\/2025\/03\/ride-tour-9-1.jpg","contentUrl":"https:\/\/vmsport.fi\/wp-content\/uploads\/2025\/03\/ride-tour-9-1.jpg","width":1000,"height":1000,"caption":"ride-tour-9"},{"@type":"BreadcrumbList","@id":"https:\/\/vmsport.fi\/verkkokauppa\/renkaat\/ulkorenkaat\/kaupunki-ja-hybridirenkaat\/continental-ride-tour-47-622-musta\/#breadcrumb","itemListElement":[{"@type":"ListItem","position":1,"name":"Etusivu","item":"https:\/\/vmsport.fi\/"},{"@type":"ListItem","position":2,"name":"Online Store","item":"https:\/\/vmsport.fi\/en\/online-store\/"},{"@type":"ListItem","position":3,"name":"CONTINENTAL Ride Tour 47-622, musta"}]},{"@type":"WebSite","@id":"https:\/\/vmsport.fi\/#website","url":"https:\/\/vmsport.fi\/","name":"Vmsport","description":"Allt p\u00e5 ett st\u00e4lle f\u00f6r cykling","publisher":{"@id":"https:\/\/vmsport.fi\/#organization"},"potentialAction":[{"@type":"SearchAction","target":{"@type":"EntryPoint","urlTemplate":"https:\/\/vmsport.fi\/?s={search_term_string}"},"query-input":{"@type":"PropertyValueSpecification","valueRequired":true,"valueName":"search_term_string"}}],"inLanguage":"sv-SE"},{"@type":"Organization","@id":"https:\/\/vmsport.fi\/#organization","name":"Vmsport","url":"https:\/\/vmsport.fi\/","logo":{"@type":"ImageObject","inLanguage":"sv-SE","@id":"https:\/\/vmsport.fi\/#\/schema\/logo\/image\/","url":"https:\/\/vmsport.fi\/wp-content\/uploads\/2024\/12\/vm_sport_RGB_horisontal-e1734526017575.png","contentUrl":"https:\/\/vmsport.fi\/wp-content\/uploads\/2024\/12\/vm_sport_RGB_horisontal-e1734526017575.png","width":668,"height":85,"caption":"Vmsport"},"image":{"@id":"https:\/\/vmsport.fi\/#\/schema\/logo\/image\/"},"sameAs":["https:\/\/www.facebook.com\/Vmsport.fi\/","https:\/\/www.instagram.com\/vmsport\/"]}]}},"global_unique_id":"","_links":{"self":[{"href":"https:\/\/vmsport.fi\/sv\/wp-json\/wp\/v2\/product\/56617","targetHints":{"allow":["GET"]}}],"collection":[{"href":"https:\/\/vmsport.fi\/sv\/wp-json\/wp\/v2\/product"}],"about":[{"href":"https:\/\/vmsport.fi\/sv\/wp-json\/wp\/v2\/types\/product"}],"replies":[{"embeddable":true,"href":"https:\/\/vmsport.fi\/sv\/wp-json\/wp\/v2\/comments?post=56617"}],"wp:featuredmedia":[{"embeddable":true,"href":"https:\/\/vmsport.fi\/sv\/wp-json\/wp\/v2\/media\/56616"}],"wp:attachment":[{"href":"https:\/\/vmsport.fi\/sv\/wp-json\/wp\/v2\/media?parent=56617"}],"wp:term":[{"taxonomy":"product_brand","embeddable":true,"href":"https:\/\/vmsport.fi\/sv\/wp-json\/wp\/v2\/product_brand?post=56617"},{"taxonomy":"product_model","embeddable":true,"href":"https:\/\/vmsport.fi\/sv\/wp-json\/wp\/v2\/product_model?post=56617"},{"taxonomy":"product_cat","embeddable":true,"href":"https:\/\/vmsport.fi\/sv\/wp-json\/wp\/v2\/product_cat?post=56617"},{"taxonomy":"product_tag","embeddable":true,"href":"https:\/\/vmsport.fi\/sv\/wp-json\/wp\/v2\/product_tag?post=56617"},{"taxonomy":"industry_terminology","embeddable":true,"href":"https:\/\/vmsport.fi\/sv\/wp-json\/wp\/v2\/industry-terminology?post=56617"}],"curies":[{"name":"wp","href":"https:\/\/api.w.org\/{rel}","templated":true}]}}