{"id":56602,"date":"2025-03-06T00:21:43","date_gmt":"2025-03-05T22:21:43","guid":{"rendered":"https:\/\/vmsport.fi\/verkkokauppa\/Ei-luokiteltu\/levyjarrupalasarja-k05s-hartsi-1-pcs\/"},"modified":"2026-04-01T03:00:22","modified_gmt":"2026-04-01T00:00:22","slug":"levyjarrupalasarja-k05s-hartsi-1-pcs","status":"publish","type":"product","link":"https:\/\/vmsport.fi\/sv\/verkkokauppa\/varaosat\/jarrut\/jarrupalat\/levyjarrupalasarja-k05s-hartsi-1-pcs\/","title":{"rendered":"Levyjarrupalasarja K05S Hartsi 1 pcs"},"content":{"rendered":"<p>Shimano K05S -jarrupalasarja yhdist\u00e4\u00e4 tehokkuuden ja kest\u00e4vyyden saumattomasti. T\u00e4m\u00e4 hartsipohjainen levyjarrupala, joka sopii moniin Shimano-jarruj\u00e4rjestelmiin, takaa hiljaisen ja yhten\u00e4isen jarrutustehon, mik\u00e4 parantaa huomattavasti ajomukavuutta. Pakkaukseen sis\u00e4ltyy yksi pari K05S-levyjarrupaloja, jotka tarjoavat erinomaisen pidon ja herk\u00e4n jarrutusvasteen. Malli on suunniteltu kest\u00e4m\u00e4\u00e4n monenlaisia s\u00e4\u00e4olosuhteita luotettavasti.<\/p>","protected":false},"excerpt":{"rendered":"<p>Shimano K05S -jarrupalasarja yhdist\u00e4\u00e4 tehokkuuden ja kest\u00e4vyyden saumattomasti. T\u00e4m\u00e4 hartsipohjainen levyjarrupala, joka sopii moniin Shimano-jarruj\u00e4rjestelmiin, takaa hiljaisen ja yhten\u00e4isen jarrutustehon, mik\u00e4 parantaa huomattavasti ajomukavuutta. Pakkaukseen sis\u00e4ltyy yksi pari K05S-levyjarrupaloja, jotka tarjoavat erinomaisen pidon ja herk\u00e4n jarrutusvasteen. Malli on suunniteltu kest\u00e4m\u00e4\u00e4n monenlaisia s\u00e4\u00e4olosuhteita luotettavasti. [&#8230;]<\/p>\n<p><a class=\"btn btn-secondary understrap-read-more-link\" href=\"https:\/\/vmsport.fi\/sv\/verkkokauppa\/varaosat\/jarrut\/jarrupalat\/levyjarrupalasarja-k05s-hartsi-1-pcs\/\">L\u00e4s mer \u2026<span class=\"screen-reader-text\"> from Levyjarrupalasarja K05S Hartsi 1 pcs<\/span><\/a><\/p>\n","protected":false},"featured_media":56601,"comment_status":"open","ping_status":"closed","template":"","meta":{"_acf_changed":false,"_improvement_type_select":"improve_an_existing","_thumb_yes_seoaic":false,"_frame_yes_seoaic":false,"seoaic_generate_description":"","seoaic_improve_instructions_prompt":"","seoaic_rollback_content_improvement":"","seoaic_idea_thumbnail_generator":"","thumbnail_generated":false,"thumbnail_generate_prompt":"","seoaic_article_description":"","_supplier_stock_quantity":0},"product_brand":[],"product_model":[],"product_cat":[9288],"product_tag":[],"industry-terminology":[],"class_list":{"0":"post-56602","1":"product","2":"type-product","3":"status-publish","4":"has-post-thumbnail","6":"product_cat-jarrupalat","8":"first","9":"instock","10":"taxable","11":"shipping-taxable","12":"purchasable","13":"product-type-simple"},"acf":{"bike_features":null,"overview":{"copy_overview":null,"key_features":null,"statement":"","youtube_url":""}},"yoast_head":"<!-- This site is optimized with the Yoast SEO plugin v27.3 - https:\/\/yoast.com\/product\/yoast-seo-wordpress\/ -->\n<title>Levyjarrupalasarja K05S Hartsi 1 pcs - VM Sport<\/title>\n<meta name=\"robots\" content=\"index, follow, max-snippet:-1, max-image-preview:large, max-video-preview:-1\" \/>\n<link rel=\"canonical\" href=\"https:\/\/vmsport.fi\/sv\/webbutik\/reservdelar\/bromsar\/bromsbelagg\/levyjarrupalasarja-k05s-hartsi-1-pcs\/\" \/>\n<meta property=\"og:locale\" content=\"sv_SE\" \/>\n<meta property=\"og:type\" content=\"article\" \/>\n<meta property=\"og:title\" content=\"Levyjarrupalasarja K05S Hartsi 1 pcs - VM Sport\" \/>\n<meta property=\"og:description\" content=\"Shimano K05S -jarrupalasarja yhdist\u00e4\u00e4 tehokkuuden ja kest\u00e4vyyden saumattomasti. T\u00e4m\u00e4 hartsipohjainen levyjarrupala, joka sopii moniin Shimano-jarruj\u00e4rjestelmiin, takaa hiljaisen ja yhten\u00e4isen jarrutustehon, mik\u00e4 parantaa huomattavasti ajomukavuutta. Pakkaukseen sis\u00e4ltyy yksi pari K05S-levyjarrupaloja, jotka tarjoavat erinomaisen pidon ja herk\u00e4n jarrutusvasteen. Malli on suunniteltu kest\u00e4m\u00e4\u00e4n monenlaisia s\u00e4\u00e4olosuhteita luotettavasti. [...]L\u00e4s mer \u2026 from Levyjarrupalasarja K05S Hartsi 1 pcs\" \/>\n<meta property=\"og:url\" content=\"https:\/\/vmsport.fi\/sv\/webbutik\/reservdelar\/bromsar\/bromsbelagg\/levyjarrupalasarja-k05s-hartsi-1-pcs\/\" \/>\n<meta property=\"og:site_name\" content=\"VM Sport\" \/>\n<meta property=\"article:publisher\" content=\"https:\/\/www.facebook.com\/Vmsport.fi\/\" \/>\n<meta property=\"article:modified_time\" content=\"2026-04-01T00:00:22+00:00\" \/>\n<meta property=\"og:image\" content=\"https:\/\/vmsport.fi\/wp-content\/uploads\/2025\/03\/fvTA3j0biLEi3wwNUHbZq0G5AKGrHlLdlG8uhZcMoz1vyRE9bK-1.jpg\" \/>\n\t<meta property=\"og:image:width\" content=\"600\" \/>\n\t<meta property=\"og:image:height\" content=\"600\" \/>\n\t<meta property=\"og:image:type\" content=\"image\/jpeg\" \/>\n<meta name=\"twitter:card\" content=\"summary_large_image\" \/>\n<script type=\"application\/ld+json\" class=\"yoast-schema-graph\">{\"@context\":\"https:\\\/\\\/schema.org\",\"@graph\":[{\"@type\":[\"WebPage\",\"ItemPage\"],\"@id\":\"https:\\\/\\\/vmsport.fi\\\/verkkokauppa\\\/varaosat\\\/jarrut\\\/jarrupalat\\\/levyjarrupalasarja-k05s-hartsi-1-pcs\\\/\",\"url\":\"https:\\\/\\\/vmsport.fi\\\/verkkokauppa\\\/varaosat\\\/jarrut\\\/jarrupalat\\\/levyjarrupalasarja-k05s-hartsi-1-pcs\\\/\",\"name\":\"Levyjarrupalasarja K05S Hartsi 1 pcs - VM Sport\",\"isPartOf\":{\"@id\":\"https:\\\/\\\/vmsport.fi\\\/#website\"},\"primaryImageOfPage\":{\"@id\":\"https:\\\/\\\/vmsport.fi\\\/verkkokauppa\\\/varaosat\\\/jarrut\\\/jarrupalat\\\/levyjarrupalasarja-k05s-hartsi-1-pcs\\\/#primaryimage\"},\"image\":{\"@id\":\"https:\\\/\\\/vmsport.fi\\\/verkkokauppa\\\/varaosat\\\/jarrut\\\/jarrupalat\\\/levyjarrupalasarja-k05s-hartsi-1-pcs\\\/#primaryimage\"},\"thumbnailUrl\":\"https:\\\/\\\/vmsport.fi\\\/wp-content\\\/uploads\\\/2025\\\/03\\\/fvTA3j0biLEi3wwNUHbZq0G5AKGrHlLdlG8uhZcMoz1vyRE9bK-1.jpg\",\"datePublished\":\"2025-03-05T22:21:43+00:00\",\"dateModified\":\"2026-04-01T00:00:22+00:00\",\"breadcrumb\":{\"@id\":\"https:\\\/\\\/vmsport.fi\\\/verkkokauppa\\\/varaosat\\\/jarrut\\\/jarrupalat\\\/levyjarrupalasarja-k05s-hartsi-1-pcs\\\/#breadcrumb\"},\"inLanguage\":\"sv-SE\",\"potentialAction\":[{\"@type\":\"ReadAction\",\"target\":[\"https:\\\/\\\/vmsport.fi\\\/verkkokauppa\\\/varaosat\\\/jarrut\\\/jarrupalat\\\/levyjarrupalasarja-k05s-hartsi-1-pcs\\\/\"]}]},{\"@type\":\"ImageObject\",\"inLanguage\":\"sv-SE\",\"@id\":\"https:\\\/\\\/vmsport.fi\\\/verkkokauppa\\\/varaosat\\\/jarrut\\\/jarrupalat\\\/levyjarrupalasarja-k05s-hartsi-1-pcs\\\/#primaryimage\",\"url\":\"https:\\\/\\\/vmsport.fi\\\/wp-content\\\/uploads\\\/2025\\\/03\\\/fvTA3j0biLEi3wwNUHbZq0G5AKGrHlLdlG8uhZcMoz1vyRE9bK-1.jpg\",\"contentUrl\":\"https:\\\/\\\/vmsport.fi\\\/wp-content\\\/uploads\\\/2025\\\/03\\\/fvTA3j0biLEi3wwNUHbZq0G5AKGrHlLdlG8uhZcMoz1vyRE9bK-1.jpg\",\"width\":600,\"height\":600,\"caption\":\"fvTA3j0biLEi3wwNUHbZq0G5AKGrHlLdlG8uhZcMoz1vyRE9bK\"},{\"@type\":\"BreadcrumbList\",\"@id\":\"https:\\\/\\\/vmsport.fi\\\/verkkokauppa\\\/varaosat\\\/jarrut\\\/jarrupalat\\\/levyjarrupalasarja-k05s-hartsi-1-pcs\\\/#breadcrumb\",\"itemListElement\":[{\"@type\":\"ListItem\",\"position\":1,\"name\":\"Etusivu\",\"item\":\"https:\\\/\\\/vmsport.fi\\\/\"},{\"@type\":\"ListItem\",\"position\":2,\"name\":\"Online Store\",\"item\":\"https:\\\/\\\/vmsport.fi\\\/en\\\/online-store\\\/\"},{\"@type\":\"ListItem\",\"position\":3,\"name\":\"Levyjarrupalasarja K05S Hartsi 1 pcs\"}]},{\"@type\":\"WebSite\",\"@id\":\"https:\\\/\\\/vmsport.fi\\\/#website\",\"url\":\"https:\\\/\\\/vmsport.fi\\\/\",\"name\":\"Vmsport\",\"description\":\"Kaikki py\u00f6r\u00e4ilyyn yhdest\u00e4 paikasta\",\"publisher\":{\"@id\":\"https:\\\/\\\/vmsport.fi\\\/#organization\"},\"potentialAction\":[{\"@type\":\"SearchAction\",\"target\":{\"@type\":\"EntryPoint\",\"urlTemplate\":\"https:\\\/\\\/vmsport.fi\\\/?s={search_term_string}\"},\"query-input\":{\"@type\":\"PropertyValueSpecification\",\"valueRequired\":true,\"valueName\":\"search_term_string\"}}],\"inLanguage\":\"sv-SE\"},{\"@type\":\"Organization\",\"@id\":\"https:\\\/\\\/vmsport.fi\\\/#organization\",\"name\":\"Vmsport\",\"url\":\"https:\\\/\\\/vmsport.fi\\\/\",\"logo\":{\"@type\":\"ImageObject\",\"inLanguage\":\"sv-SE\",\"@id\":\"https:\\\/\\\/vmsport.fi\\\/#\\\/schema\\\/logo\\\/image\\\/\",\"url\":\"https:\\\/\\\/vmsport.fi\\\/wp-content\\\/uploads\\\/2024\\\/12\\\/vm_sport_RGB_horisontal-e1734526017575.png\",\"contentUrl\":\"https:\\\/\\\/vmsport.fi\\\/wp-content\\\/uploads\\\/2024\\\/12\\\/vm_sport_RGB_horisontal-e1734526017575.png\",\"width\":668,\"height\":85,\"caption\":\"Vmsport\"},\"image\":{\"@id\":\"https:\\\/\\\/vmsport.fi\\\/#\\\/schema\\\/logo\\\/image\\\/\"},\"sameAs\":[\"https:\\\/\\\/www.facebook.com\\\/Vmsport.fi\\\/\",\"https:\\\/\\\/www.instagram.com\\\/vmsport\\\/\"]}]}<\/script>\n<!-- \/ Yoast SEO plugin. -->","yoast_head_json":{"title":"Levyjarrupalasarja K05S Hartsi 1 pcs - VM Sport","robots":{"index":"index","follow":"follow","max-snippet":"max-snippet:-1","max-image-preview":"max-image-preview:large","max-video-preview":"max-video-preview:-1"},"canonical":"https:\/\/vmsport.fi\/sv\/webbutik\/reservdelar\/bromsar\/bromsbelagg\/levyjarrupalasarja-k05s-hartsi-1-pcs\/","og_locale":"sv_SE","og_type":"article","og_title":"Levyjarrupalasarja K05S Hartsi 1 pcs - VM Sport","og_description":"Shimano K05S -jarrupalasarja yhdist\u00e4\u00e4 tehokkuuden ja kest\u00e4vyyden saumattomasti. T\u00e4m\u00e4 hartsipohjainen levyjarrupala, joka sopii moniin Shimano-jarruj\u00e4rjestelmiin, takaa hiljaisen ja yhten\u00e4isen jarrutustehon, mik\u00e4 parantaa huomattavasti ajomukavuutta. Pakkaukseen sis\u00e4ltyy yksi pari K05S-levyjarrupaloja, jotka tarjoavat erinomaisen pidon ja herk\u00e4n jarrutusvasteen. Malli on suunniteltu kest\u00e4m\u00e4\u00e4n monenlaisia s\u00e4\u00e4olosuhteita luotettavasti. [...]L\u00e4s mer \u2026 from Levyjarrupalasarja K05S Hartsi 1 pcs","og_url":"https:\/\/vmsport.fi\/sv\/webbutik\/reservdelar\/bromsar\/bromsbelagg\/levyjarrupalasarja-k05s-hartsi-1-pcs\/","og_site_name":"VM Sport","article_publisher":"https:\/\/www.facebook.com\/Vmsport.fi\/","article_modified_time":"2026-04-01T00:00:22+00:00","og_image":[{"width":600,"height":600,"url":"https:\/\/vmsport.fi\/wp-content\/uploads\/2025\/03\/fvTA3j0biLEi3wwNUHbZq0G5AKGrHlLdlG8uhZcMoz1vyRE9bK-1.jpg","type":"image\/jpeg"}],"twitter_card":"summary_large_image","schema":{"@context":"https:\/\/schema.org","@graph":[{"@type":["WebPage","ItemPage"],"@id":"https:\/\/vmsport.fi\/verkkokauppa\/varaosat\/jarrut\/jarrupalat\/levyjarrupalasarja-k05s-hartsi-1-pcs\/","url":"https:\/\/vmsport.fi\/verkkokauppa\/varaosat\/jarrut\/jarrupalat\/levyjarrupalasarja-k05s-hartsi-1-pcs\/","name":"Levyjarrupalasarja K05S Hartsi 1 pcs - VM Sport","isPartOf":{"@id":"https:\/\/vmsport.fi\/#website"},"primaryImageOfPage":{"@id":"https:\/\/vmsport.fi\/verkkokauppa\/varaosat\/jarrut\/jarrupalat\/levyjarrupalasarja-k05s-hartsi-1-pcs\/#primaryimage"},"image":{"@id":"https:\/\/vmsport.fi\/verkkokauppa\/varaosat\/jarrut\/jarrupalat\/levyjarrupalasarja-k05s-hartsi-1-pcs\/#primaryimage"},"thumbnailUrl":"https:\/\/vmsport.fi\/wp-content\/uploads\/2025\/03\/fvTA3j0biLEi3wwNUHbZq0G5AKGrHlLdlG8uhZcMoz1vyRE9bK-1.jpg","datePublished":"2025-03-05T22:21:43+00:00","dateModified":"2026-04-01T00:00:22+00:00","breadcrumb":{"@id":"https:\/\/vmsport.fi\/verkkokauppa\/varaosat\/jarrut\/jarrupalat\/levyjarrupalasarja-k05s-hartsi-1-pcs\/#breadcrumb"},"inLanguage":"sv-SE","potentialAction":[{"@type":"ReadAction","target":["https:\/\/vmsport.fi\/verkkokauppa\/varaosat\/jarrut\/jarrupalat\/levyjarrupalasarja-k05s-hartsi-1-pcs\/"]}]},{"@type":"ImageObject","inLanguage":"sv-SE","@id":"https:\/\/vmsport.fi\/verkkokauppa\/varaosat\/jarrut\/jarrupalat\/levyjarrupalasarja-k05s-hartsi-1-pcs\/#primaryimage","url":"https:\/\/vmsport.fi\/wp-content\/uploads\/2025\/03\/fvTA3j0biLEi3wwNUHbZq0G5AKGrHlLdlG8uhZcMoz1vyRE9bK-1.jpg","contentUrl":"https:\/\/vmsport.fi\/wp-content\/uploads\/2025\/03\/fvTA3j0biLEi3wwNUHbZq0G5AKGrHlLdlG8uhZcMoz1vyRE9bK-1.jpg","width":600,"height":600,"caption":"fvTA3j0biLEi3wwNUHbZq0G5AKGrHlLdlG8uhZcMoz1vyRE9bK"},{"@type":"BreadcrumbList","@id":"https:\/\/vmsport.fi\/verkkokauppa\/varaosat\/jarrut\/jarrupalat\/levyjarrupalasarja-k05s-hartsi-1-pcs\/#breadcrumb","itemListElement":[{"@type":"ListItem","position":1,"name":"Etusivu","item":"https:\/\/vmsport.fi\/"},{"@type":"ListItem","position":2,"name":"Online Store","item":"https:\/\/vmsport.fi\/en\/online-store\/"},{"@type":"ListItem","position":3,"name":"Levyjarrupalasarja K05S Hartsi 1 pcs"}]},{"@type":"WebSite","@id":"https:\/\/vmsport.fi\/#website","url":"https:\/\/vmsport.fi\/","name":"Vmsport","description":"Allt p\u00e5 ett st\u00e4lle f\u00f6r cykling","publisher":{"@id":"https:\/\/vmsport.fi\/#organization"},"potentialAction":[{"@type":"SearchAction","target":{"@type":"EntryPoint","urlTemplate":"https:\/\/vmsport.fi\/?s={search_term_string}"},"query-input":{"@type":"PropertyValueSpecification","valueRequired":true,"valueName":"search_term_string"}}],"inLanguage":"sv-SE"},{"@type":"Organization","@id":"https:\/\/vmsport.fi\/#organization","name":"Vmsport","url":"https:\/\/vmsport.fi\/","logo":{"@type":"ImageObject","inLanguage":"sv-SE","@id":"https:\/\/vmsport.fi\/#\/schema\/logo\/image\/","url":"https:\/\/vmsport.fi\/wp-content\/uploads\/2024\/12\/vm_sport_RGB_horisontal-e1734526017575.png","contentUrl":"https:\/\/vmsport.fi\/wp-content\/uploads\/2024\/12\/vm_sport_RGB_horisontal-e1734526017575.png","width":668,"height":85,"caption":"Vmsport"},"image":{"@id":"https:\/\/vmsport.fi\/#\/schema\/logo\/image\/"},"sameAs":["https:\/\/www.facebook.com\/Vmsport.fi\/","https:\/\/www.instagram.com\/vmsport\/"]}]}},"global_unique_id":"","_links":{"self":[{"href":"https:\/\/vmsport.fi\/sv\/wp-json\/wp\/v2\/product\/56602","targetHints":{"allow":["GET"]}}],"collection":[{"href":"https:\/\/vmsport.fi\/sv\/wp-json\/wp\/v2\/product"}],"about":[{"href":"https:\/\/vmsport.fi\/sv\/wp-json\/wp\/v2\/types\/product"}],"replies":[{"embeddable":true,"href":"https:\/\/vmsport.fi\/sv\/wp-json\/wp\/v2\/comments?post=56602"}],"wp:featuredmedia":[{"embeddable":true,"href":"https:\/\/vmsport.fi\/sv\/wp-json\/wp\/v2\/media\/56601"}],"wp:attachment":[{"href":"https:\/\/vmsport.fi\/sv\/wp-json\/wp\/v2\/media?parent=56602"}],"wp:term":[{"taxonomy":"product_brand","embeddable":true,"href":"https:\/\/vmsport.fi\/sv\/wp-json\/wp\/v2\/product_brand?post=56602"},{"taxonomy":"product_model","embeddable":true,"href":"https:\/\/vmsport.fi\/sv\/wp-json\/wp\/v2\/product_model?post=56602"},{"taxonomy":"product_cat","embeddable":true,"href":"https:\/\/vmsport.fi\/sv\/wp-json\/wp\/v2\/product_cat?post=56602"},{"taxonomy":"product_tag","embeddable":true,"href":"https:\/\/vmsport.fi\/sv\/wp-json\/wp\/v2\/product_tag?post=56602"},{"taxonomy":"industry_terminology","embeddable":true,"href":"https:\/\/vmsport.fi\/sv\/wp-json\/wp\/v2\/industry-terminology?post=56602"}],"curies":[{"name":"wp","href":"https:\/\/api.w.org\/{rel}","templated":true}]}}