{"id":56600,"date":"2025-03-06T00:21:43","date_gmt":"2025-03-05T22:21:43","guid":{"rendered":"https:\/\/vmsport.fi\/verkkokauppa\/Ei-luokiteltu\/takavaihtaja-11-v-musta-gs-rd-r7000-105\/"},"modified":"2026-04-22T15:05:08","modified_gmt":"2026-04-22T12:05:08","slug":"takavaihtaja-11-v-musta-gs-rd-r7000-105","status":"publish","type":"product","link":"https:\/\/vmsport.fi\/sv\/verkkokauppa\/varaosat\/vaihteistot\/takavaihtajat\/takavaihtaja-11-v-musta-gs-rd-r7000-105\/","title":{"rendered":"Bakv\u00e4xel 11 \u00e5r svart GS RD-R7000 105"},"content":{"rendered":"<p>Shimano RD-R7000 GS 11-vaihteinen takavaihtaja yhdist\u00e4\u00e4 luotettavan suorituskyvyn tyylikk\u00e4\u00e4seen muotoiluun, mink\u00e4 vuoksi se on t\u00e4ydellinen valinta vaativille py\u00f6r\u00e4ilij\u00f6ille, jotka arvostavat sek\u00e4 estetiikkaa ett\u00e4 toiminnallisuutta. Sen musta viimeistely sulautuu saumattomasti useimpiin runkomalleihin, ja nykyaikainen teknologia varmistaa sujuvan ja tarkan vaihteenvaihdon. T\u00e4m\u00e4 takavaihtaja kuuluu Shimano 105 -sarjaan, mik\u00e4 osoittaa sen laadukkuuden ja kest\u00e4vyyden, mink\u00e4 ansiosta se soveltuu monenlaisiin olosuhteisiin. Olipa kyseess\u00e4 pitk\u00e4 maantieajo tai tekninen reitti, t\u00e4m\u00e4 komponentti tarjoaa optimaalisen suorituskyvyn varmistaen, ett\u00e4 kaikki vaihteiden vaihtamiset tapahtuvat hallitusti ja tehokkaasti.<\/p>","protected":false},"excerpt":{"rendered":"<p>Shimano RD-R7000 GS 11-vaihteinen takavaihtaja yhdist\u00e4\u00e4 luotettavan suorituskyvyn tyylikk\u00e4\u00e4seen muotoiluun, mink\u00e4 vuoksi se on t\u00e4ydellinen valinta vaativille py\u00f6r\u00e4ilij\u00f6ille, jotka arvostavat sek\u00e4 estetiikkaa ett\u00e4 toiminnallisuutta. Sen musta viimeistely sulautuu saumattomasti useimpiin runkomalleihin, ja nykyaikainen teknologia varmistaa sujuvan ja tarkan vaihteenvaihdon. T\u00e4m\u00e4 takavaihtaja kuuluu Shimano 105 -sarjaan, mik\u00e4 osoittaa sen laadukkuuden ja kest\u00e4vyyden, mink\u00e4 ansiosta se soveltuu [&#8230;]<\/p>\n<p><a class=\"btn btn-secondary understrap-read-more-link\" href=\"https:\/\/vmsport.fi\/sv\/verkkokauppa\/varaosat\/vaihteistot\/takavaihtajat\/takavaihtaja-11-v-musta-gs-rd-r7000-105\/\">L\u00e4s mer \u2026<span class=\"screen-reader-text\"> from Takavaihtaja 11-v musta GS RD-R7000 105<\/span><\/a><\/p>\n","protected":false},"featured_media":56599,"comment_status":"open","ping_status":"closed","template":"","meta":{"_acf_changed":false,"_improvement_type_select":"improve_an_existing","_thumb_yes_seoaic":false,"_frame_yes_seoaic":false,"seoaic_generate_description":"","seoaic_improve_instructions_prompt":"","seoaic_rollback_content_improvement":"","seoaic_idea_thumbnail_generator":"","thumbnail_generated":false,"thumbnail_generate_prompt":"","seoaic_article_description":"","_supplier_stock_quantity":0},"product_brand":[],"product_model":[],"product_cat":[9390],"product_tag":[],"industry-terminology":[],"class_list":{"0":"post-56600","1":"product","2":"type-product","3":"status-publish","4":"has-post-thumbnail","6":"product_cat-takavaihtajat","8":"first","9":"instock","10":"taxable","11":"shipping-taxable","12":"purchasable","13":"product-type-simple"},"acf":{"bike_features":null,"overview":{"copy_overview":null,"key_features":null,"statement":"","youtube_url":""}},"yoast_head":"<!-- This site is optimized with the Yoast SEO plugin v27.4 - https:\/\/yoast.com\/product\/yoast-seo-wordpress\/ -->\n<title>Takavaihtaja 11-v musta GS RD-R7000 105 - VM Sport<\/title>\n<meta name=\"robots\" content=\"index, follow, max-snippet:-1, max-image-preview:large, max-video-preview:-1\" \/>\n<link rel=\"canonical\" href=\"https:\/\/vmsport.fi\/sv\/webbutik\/reservdelar\/vaxellador\/bakre-vaxlar\/takavaihtaja-11-v-musta-gs-rd-r7000-105\/\" \/>\n<meta property=\"og:locale\" content=\"sv_SE\" \/>\n<meta property=\"og:type\" content=\"article\" \/>\n<meta property=\"og:title\" content=\"Takavaihtaja 11-v musta GS RD-R7000 105 - VM Sport\" \/>\n<meta property=\"og:description\" content=\"Shimano RD-R7000 GS 11-vaihteinen takavaihtaja yhdist\u00e4\u00e4 luotettavan suorituskyvyn tyylikk\u00e4\u00e4seen muotoiluun, mink\u00e4 vuoksi se on t\u00e4ydellinen valinta vaativille py\u00f6r\u00e4ilij\u00f6ille, jotka arvostavat sek\u00e4 estetiikkaa ett\u00e4 toiminnallisuutta. Sen musta viimeistely sulautuu saumattomasti useimpiin runkomalleihin, ja nykyaikainen teknologia varmistaa sujuvan ja tarkan vaihteenvaihdon. T\u00e4m\u00e4 takavaihtaja kuuluu Shimano 105 -sarjaan, mik\u00e4 osoittaa sen laadukkuuden ja kest\u00e4vyyden, mink\u00e4 ansiosta se soveltuu [...]L\u00e4s mer \u2026 from Takavaihtaja 11-v musta GS RD-R7000 105\" \/>\n<meta property=\"og:url\" content=\"https:\/\/vmsport.fi\/sv\/webbutik\/reservdelar\/vaxellador\/bakre-vaxlar\/takavaihtaja-11-v-musta-gs-rd-r7000-105\/\" \/>\n<meta property=\"og:site_name\" content=\"VM Sport\" \/>\n<meta property=\"article:publisher\" content=\"https:\/\/www.facebook.com\/Vmsport.fi\/\" \/>\n<meta property=\"article:modified_time\" content=\"2026-04-22T12:05:08+00:00\" \/>\n<meta property=\"og:image\" content=\"https:\/\/vmsport.fi\/wp-content\/uploads\/2025\/03\/HWNQkXG8rzLWFya6r2fPq2jfujNB4HOoX0ll0uGFrPrGRCj1zv-1.jpg\" \/>\n\t<meta property=\"og:image:width\" content=\"600\" \/>\n\t<meta property=\"og:image:height\" content=\"600\" \/>\n\t<meta property=\"og:image:type\" content=\"image\/jpeg\" \/>\n<meta name=\"twitter:card\" content=\"summary_large_image\" \/>\n<script type=\"application\/ld+json\" class=\"yoast-schema-graph\">{\"@context\":\"https:\\\/\\\/schema.org\",\"@graph\":[{\"@type\":[\"WebPage\",\"ItemPage\"],\"@id\":\"https:\\\/\\\/vmsport.fi\\\/verkkokauppa\\\/varaosat\\\/vaihteistot\\\/takavaihtajat\\\/takavaihtaja-11-v-musta-gs-rd-r7000-105\\\/\",\"url\":\"https:\\\/\\\/vmsport.fi\\\/verkkokauppa\\\/varaosat\\\/vaihteistot\\\/takavaihtajat\\\/takavaihtaja-11-v-musta-gs-rd-r7000-105\\\/\",\"name\":\"Takavaihtaja 11-v musta GS RD-R7000 105 - VM Sport\",\"isPartOf\":{\"@id\":\"https:\\\/\\\/vmsport.fi\\\/#website\"},\"primaryImageOfPage\":{\"@id\":\"https:\\\/\\\/vmsport.fi\\\/verkkokauppa\\\/varaosat\\\/vaihteistot\\\/takavaihtajat\\\/takavaihtaja-11-v-musta-gs-rd-r7000-105\\\/#primaryimage\"},\"image\":{\"@id\":\"https:\\\/\\\/vmsport.fi\\\/verkkokauppa\\\/varaosat\\\/vaihteistot\\\/takavaihtajat\\\/takavaihtaja-11-v-musta-gs-rd-r7000-105\\\/#primaryimage\"},\"thumbnailUrl\":\"https:\\\/\\\/vmsport.fi\\\/wp-content\\\/uploads\\\/2025\\\/03\\\/HWNQkXG8rzLWFya6r2fPq2jfujNB4HOoX0ll0uGFrPrGRCj1zv-1.jpg\",\"datePublished\":\"2025-03-05T22:21:43+00:00\",\"dateModified\":\"2026-04-22T12:05:08+00:00\",\"breadcrumb\":{\"@id\":\"https:\\\/\\\/vmsport.fi\\\/verkkokauppa\\\/varaosat\\\/vaihteistot\\\/takavaihtajat\\\/takavaihtaja-11-v-musta-gs-rd-r7000-105\\\/#breadcrumb\"},\"inLanguage\":\"sv-SE\",\"potentialAction\":[{\"@type\":\"ReadAction\",\"target\":[\"https:\\\/\\\/vmsport.fi\\\/verkkokauppa\\\/varaosat\\\/vaihteistot\\\/takavaihtajat\\\/takavaihtaja-11-v-musta-gs-rd-r7000-105\\\/\"]}]},{\"@type\":\"ImageObject\",\"inLanguage\":\"sv-SE\",\"@id\":\"https:\\\/\\\/vmsport.fi\\\/verkkokauppa\\\/varaosat\\\/vaihteistot\\\/takavaihtajat\\\/takavaihtaja-11-v-musta-gs-rd-r7000-105\\\/#primaryimage\",\"url\":\"https:\\\/\\\/vmsport.fi\\\/wp-content\\\/uploads\\\/2025\\\/03\\\/HWNQkXG8rzLWFya6r2fPq2jfujNB4HOoX0ll0uGFrPrGRCj1zv-1.jpg\",\"contentUrl\":\"https:\\\/\\\/vmsport.fi\\\/wp-content\\\/uploads\\\/2025\\\/03\\\/HWNQkXG8rzLWFya6r2fPq2jfujNB4HOoX0ll0uGFrPrGRCj1zv-1.jpg\",\"width\":600,\"height\":600,\"caption\":\"HWNQkXG8rzLWFya6r2fPq2jfujNB4HOoX0ll0uGFrPrGRCj1zv\"},{\"@type\":\"BreadcrumbList\",\"@id\":\"https:\\\/\\\/vmsport.fi\\\/verkkokauppa\\\/varaosat\\\/vaihteistot\\\/takavaihtajat\\\/takavaihtaja-11-v-musta-gs-rd-r7000-105\\\/#breadcrumb\",\"itemListElement\":[{\"@type\":\"ListItem\",\"position\":1,\"name\":\"Etusivu\",\"item\":\"https:\\\/\\\/vmsport.fi\\\/\"},{\"@type\":\"ListItem\",\"position\":2,\"name\":\"Online Store\",\"item\":\"https:\\\/\\\/vmsport.fi\\\/en\\\/online-store\\\/\"},{\"@type\":\"ListItem\",\"position\":3,\"name\":\"Takavaihtaja 11-v musta GS RD-R7000 105\"}]},{\"@type\":\"WebSite\",\"@id\":\"https:\\\/\\\/vmsport.fi\\\/#website\",\"url\":\"https:\\\/\\\/vmsport.fi\\\/\",\"name\":\"Vmsport\",\"description\":\"Kaikki py\u00f6r\u00e4ilyyn yhdest\u00e4 paikasta\",\"publisher\":{\"@id\":\"https:\\\/\\\/vmsport.fi\\\/#organization\"},\"potentialAction\":[{\"@type\":\"SearchAction\",\"target\":{\"@type\":\"EntryPoint\",\"urlTemplate\":\"https:\\\/\\\/vmsport.fi\\\/?s={search_term_string}\"},\"query-input\":{\"@type\":\"PropertyValueSpecification\",\"valueRequired\":true,\"valueName\":\"search_term_string\"}}],\"inLanguage\":\"sv-SE\"},{\"@type\":\"Organization\",\"@id\":\"https:\\\/\\\/vmsport.fi\\\/#organization\",\"name\":\"Vmsport\",\"url\":\"https:\\\/\\\/vmsport.fi\\\/\",\"logo\":{\"@type\":\"ImageObject\",\"inLanguage\":\"sv-SE\",\"@id\":\"https:\\\/\\\/vmsport.fi\\\/#\\\/schema\\\/logo\\\/image\\\/\",\"url\":\"https:\\\/\\\/vmsport.fi\\\/wp-content\\\/uploads\\\/2024\\\/12\\\/vm_sport_RGB_horisontal-e1734526017575.png\",\"contentUrl\":\"https:\\\/\\\/vmsport.fi\\\/wp-content\\\/uploads\\\/2024\\\/12\\\/vm_sport_RGB_horisontal-e1734526017575.png\",\"width\":668,\"height\":85,\"caption\":\"Vmsport\"},\"image\":{\"@id\":\"https:\\\/\\\/vmsport.fi\\\/#\\\/schema\\\/logo\\\/image\\\/\"},\"sameAs\":[\"https:\\\/\\\/www.facebook.com\\\/Vmsport.fi\\\/\",\"https:\\\/\\\/www.instagram.com\\\/vmsport\\\/\"]}]}<\/script>\n<!-- \/ Yoast SEO plugin. -->","yoast_head_json":{"title":"Takavaihtaja 11-v musta GS RD-R7000 105 - VM Sport","robots":{"index":"index","follow":"follow","max-snippet":"max-snippet:-1","max-image-preview":"max-image-preview:large","max-video-preview":"max-video-preview:-1"},"canonical":"https:\/\/vmsport.fi\/sv\/webbutik\/reservdelar\/vaxellador\/bakre-vaxlar\/takavaihtaja-11-v-musta-gs-rd-r7000-105\/","og_locale":"sv_SE","og_type":"article","og_title":"Takavaihtaja 11-v musta GS RD-R7000 105 - VM Sport","og_description":"Shimano RD-R7000 GS 11-vaihteinen takavaihtaja yhdist\u00e4\u00e4 luotettavan suorituskyvyn tyylikk\u00e4\u00e4seen muotoiluun, mink\u00e4 vuoksi se on t\u00e4ydellinen valinta vaativille py\u00f6r\u00e4ilij\u00f6ille, jotka arvostavat sek\u00e4 estetiikkaa ett\u00e4 toiminnallisuutta. Sen musta viimeistely sulautuu saumattomasti useimpiin runkomalleihin, ja nykyaikainen teknologia varmistaa sujuvan ja tarkan vaihteenvaihdon. T\u00e4m\u00e4 takavaihtaja kuuluu Shimano 105 -sarjaan, mik\u00e4 osoittaa sen laadukkuuden ja kest\u00e4vyyden, mink\u00e4 ansiosta se soveltuu [...]L\u00e4s mer \u2026 from Takavaihtaja 11-v musta GS RD-R7000 105","og_url":"https:\/\/vmsport.fi\/sv\/webbutik\/reservdelar\/vaxellador\/bakre-vaxlar\/takavaihtaja-11-v-musta-gs-rd-r7000-105\/","og_site_name":"VM Sport","article_publisher":"https:\/\/www.facebook.com\/Vmsport.fi\/","article_modified_time":"2026-04-22T12:05:08+00:00","og_image":[{"width":600,"height":600,"url":"https:\/\/vmsport.fi\/wp-content\/uploads\/2025\/03\/HWNQkXG8rzLWFya6r2fPq2jfujNB4HOoX0ll0uGFrPrGRCj1zv-1.jpg","type":"image\/jpeg"}],"twitter_card":"summary_large_image","schema":{"@context":"https:\/\/schema.org","@graph":[{"@type":["WebPage","ItemPage"],"@id":"https:\/\/vmsport.fi\/verkkokauppa\/varaosat\/vaihteistot\/takavaihtajat\/takavaihtaja-11-v-musta-gs-rd-r7000-105\/","url":"https:\/\/vmsport.fi\/verkkokauppa\/varaosat\/vaihteistot\/takavaihtajat\/takavaihtaja-11-v-musta-gs-rd-r7000-105\/","name":"Takavaihtaja 11-v musta GS RD-R7000 105 - VM Sport","isPartOf":{"@id":"https:\/\/vmsport.fi\/#website"},"primaryImageOfPage":{"@id":"https:\/\/vmsport.fi\/verkkokauppa\/varaosat\/vaihteistot\/takavaihtajat\/takavaihtaja-11-v-musta-gs-rd-r7000-105\/#primaryimage"},"image":{"@id":"https:\/\/vmsport.fi\/verkkokauppa\/varaosat\/vaihteistot\/takavaihtajat\/takavaihtaja-11-v-musta-gs-rd-r7000-105\/#primaryimage"},"thumbnailUrl":"https:\/\/vmsport.fi\/wp-content\/uploads\/2025\/03\/HWNQkXG8rzLWFya6r2fPq2jfujNB4HOoX0ll0uGFrPrGRCj1zv-1.jpg","datePublished":"2025-03-05T22:21:43+00:00","dateModified":"2026-04-22T12:05:08+00:00","breadcrumb":{"@id":"https:\/\/vmsport.fi\/verkkokauppa\/varaosat\/vaihteistot\/takavaihtajat\/takavaihtaja-11-v-musta-gs-rd-r7000-105\/#breadcrumb"},"inLanguage":"sv-SE","potentialAction":[{"@type":"ReadAction","target":["https:\/\/vmsport.fi\/verkkokauppa\/varaosat\/vaihteistot\/takavaihtajat\/takavaihtaja-11-v-musta-gs-rd-r7000-105\/"]}]},{"@type":"ImageObject","inLanguage":"sv-SE","@id":"https:\/\/vmsport.fi\/verkkokauppa\/varaosat\/vaihteistot\/takavaihtajat\/takavaihtaja-11-v-musta-gs-rd-r7000-105\/#primaryimage","url":"https:\/\/vmsport.fi\/wp-content\/uploads\/2025\/03\/HWNQkXG8rzLWFya6r2fPq2jfujNB4HOoX0ll0uGFrPrGRCj1zv-1.jpg","contentUrl":"https:\/\/vmsport.fi\/wp-content\/uploads\/2025\/03\/HWNQkXG8rzLWFya6r2fPq2jfujNB4HOoX0ll0uGFrPrGRCj1zv-1.jpg","width":600,"height":600,"caption":"HWNQkXG8rzLWFya6r2fPq2jfujNB4HOoX0ll0uGFrPrGRCj1zv"},{"@type":"BreadcrumbList","@id":"https:\/\/vmsport.fi\/verkkokauppa\/varaosat\/vaihteistot\/takavaihtajat\/takavaihtaja-11-v-musta-gs-rd-r7000-105\/#breadcrumb","itemListElement":[{"@type":"ListItem","position":1,"name":"Etusivu","item":"https:\/\/vmsport.fi\/"},{"@type":"ListItem","position":2,"name":"Online Store","item":"https:\/\/vmsport.fi\/en\/online-store\/"},{"@type":"ListItem","position":3,"name":"Takavaihtaja 11-v musta GS RD-R7000 105"}]},{"@type":"WebSite","@id":"https:\/\/vmsport.fi\/#website","url":"https:\/\/vmsport.fi\/","name":"Vmsport","description":"Allt p\u00e5 ett st\u00e4lle f\u00f6r cykling","publisher":{"@id":"https:\/\/vmsport.fi\/#organization"},"potentialAction":[{"@type":"SearchAction","target":{"@type":"EntryPoint","urlTemplate":"https:\/\/vmsport.fi\/?s={search_term_string}"},"query-input":{"@type":"PropertyValueSpecification","valueRequired":true,"valueName":"search_term_string"}}],"inLanguage":"sv-SE"},{"@type":"Organization","@id":"https:\/\/vmsport.fi\/#organization","name":"Vmsport","url":"https:\/\/vmsport.fi\/","logo":{"@type":"ImageObject","inLanguage":"sv-SE","@id":"https:\/\/vmsport.fi\/#\/schema\/logo\/image\/","url":"https:\/\/vmsport.fi\/wp-content\/uploads\/2024\/12\/vm_sport_RGB_horisontal-e1734526017575.png","contentUrl":"https:\/\/vmsport.fi\/wp-content\/uploads\/2024\/12\/vm_sport_RGB_horisontal-e1734526017575.png","width":668,"height":85,"caption":"Vmsport"},"image":{"@id":"https:\/\/vmsport.fi\/#\/schema\/logo\/image\/"},"sameAs":["https:\/\/www.facebook.com\/Vmsport.fi\/","https:\/\/www.instagram.com\/vmsport\/"]}]}},"global_unique_id":"","_links":{"self":[{"href":"https:\/\/vmsport.fi\/sv\/wp-json\/wp\/v2\/product\/56600","targetHints":{"allow":["GET"]}}],"collection":[{"href":"https:\/\/vmsport.fi\/sv\/wp-json\/wp\/v2\/product"}],"about":[{"href":"https:\/\/vmsport.fi\/sv\/wp-json\/wp\/v2\/types\/product"}],"replies":[{"embeddable":true,"href":"https:\/\/vmsport.fi\/sv\/wp-json\/wp\/v2\/comments?post=56600"}],"wp:featuredmedia":[{"embeddable":true,"href":"https:\/\/vmsport.fi\/sv\/wp-json\/wp\/v2\/media\/56599"}],"wp:attachment":[{"href":"https:\/\/vmsport.fi\/sv\/wp-json\/wp\/v2\/media?parent=56600"}],"wp:term":[{"taxonomy":"product_brand","embeddable":true,"href":"https:\/\/vmsport.fi\/sv\/wp-json\/wp\/v2\/product_brand?post=56600"},{"taxonomy":"product_model","embeddable":true,"href":"https:\/\/vmsport.fi\/sv\/wp-json\/wp\/v2\/product_model?post=56600"},{"taxonomy":"product_cat","embeddable":true,"href":"https:\/\/vmsport.fi\/sv\/wp-json\/wp\/v2\/product_cat?post=56600"},{"taxonomy":"product_tag","embeddable":true,"href":"https:\/\/vmsport.fi\/sv\/wp-json\/wp\/v2\/product_tag?post=56600"},{"taxonomy":"industry_terminology","embeddable":true,"href":"https:\/\/vmsport.fi\/sv\/wp-json\/wp\/v2\/industry-terminology?post=56600"}],"curies":[{"name":"wp","href":"https:\/\/api.w.org\/{rel}","templated":true}]}}