{"id":56598,"date":"2025-03-06T00:21:42","date_gmt":"2025-03-05T22:21:42","guid":{"rendered":"https:\/\/vmsport.fi\/verkkokauppa\/Ei-luokiteltu\/knog-blinder-external-1800lm-e-bike\/"},"modified":"2026-04-23T03:00:54","modified_gmt":"2026-04-23T00:00:54","slug":"knog-blinder-extern-1800lm-elcykel","status":"publish","type":"product","link":"https:\/\/vmsport.fi\/sv\/verkkokauppa\/tarvikkeet\/valaisimet-ja-osat\/etuvalot\/knog-blinder-external-1800lm-e-bike\/","title":{"rendered":"Knog Blinder Extern 1800Lm f\u00f6r elcykel"},"content":{"rendered":"<p>Knog Blinder External 1800Lm trafikljus f\u00f6r e-cyklar ger belysning p\u00e5 h\u00f6gsta niv\u00e5 f\u00f6r e-cyklister med sina kraftfulla LED-lampor som producerar upp till 1800 lumen. Den uppladdningsbara lampan \u00e4r utformad f\u00f6r att klara olika v\u00e4derf\u00f6rh\u00e5llanden och kan enkelt f\u00e4stas p\u00e5 cykeln. Praktisk och snygg design kombineras i den h\u00e4r lampan, vilket g\u00f6r den till det perfekta tillbeh\u00f6ret f\u00f6r en s\u00e4ker och trevlig cykelupplevelse.<\/p>","protected":false},"excerpt":{"rendered":"<p>Knog Blinder External 1800Lm e-bike -etulamppu tarjoaa huipputason valaistuksen s\u00e4hk\u00f6py\u00f6r\u00e4ilij\u00f6ille, sill\u00e4 sen voimakkaat LED-valot tuottavat jopa 1800 lumenia. T\u00e4m\u00e4 ladattava lamppu on suunniteltu kest\u00e4m\u00e4\u00e4n eri s\u00e4\u00e4olosuhteet, ja se kiinnittyy vaivattomasti py\u00f6r\u00e4\u00e4n. K\u00e4yt\u00e4nn\u00f6llisyys ja tyylik\u00e4s muotoilu yhdistyv\u00e4t t\u00e4ss\u00e4 valaisimessa, mik\u00e4 tekee siit\u00e4 t\u00e4ydellisen lis\u00e4varusteen turvalliseen ja miellytt\u00e4v\u00e4\u00e4n py\u00f6r\u00e4ilykokemukseen. [&#8230;]<\/p>\n<p><a class=\"btn btn-secondary understrap-read-more-link\" href=\"https:\/\/vmsport.fi\/sv\/verkkokauppa\/tarvikkeet\/valaisimet-ja-osat\/etuvalot\/knog-blinder-external-1800lm-e-bike\/\">L\u00e4s mer \u2026<span class=\"screen-reader-text\"> from Knog Blinder External 1800Lm e-bike<\/span><\/a><\/p>\n","protected":false},"featured_media":56597,"comment_status":"open","ping_status":"closed","template":"","meta":{"_acf_changed":false,"_improvement_type_select":"improve_an_existing","_thumb_yes_seoaic":false,"_frame_yes_seoaic":false,"seoaic_generate_description":"","seoaic_improve_instructions_prompt":"","seoaic_rollback_content_improvement":"","seoaic_idea_thumbnail_generator":"","thumbnail_generated":false,"thumbnail_generate_prompt":"","seoaic_article_description":"","_supplier_stock_quantity":0},"product_brand":[],"product_model":[],"product_cat":[9562],"product_tag":[],"industry-terminology":[],"class_list":{"0":"post-56598","1":"product","2":"type-product","3":"status-publish","4":"has-post-thumbnail","6":"product_cat-etuvalot","8":"first","9":"instock","10":"sale","11":"taxable","12":"shipping-taxable","13":"purchasable","14":"product-type-simple"},"acf":{"bike_features":null,"overview":{"copy_overview":null,"key_features":null,"statement":"","youtube_url":""}},"yoast_head":"<!-- This site is optimized with the Yoast SEO plugin v27.4 - https:\/\/yoast.com\/product\/yoast-seo-wordpress\/ -->\n<title>Knog Blinder External 1800Lm e-bike - VM Sport<\/title>\n<meta name=\"robots\" content=\"index, follow, max-snippet:-1, max-image-preview:large, max-video-preview:-1\" \/>\n<link rel=\"canonical\" href=\"https:\/\/vmsport.fi\/sv\/webbutik\/tillbehor\/armaturer-och-komponenter\/framljus\/knog-blinder-extern-1800lm-elcykel\/\" \/>\n<meta property=\"og:locale\" content=\"sv_SE\" \/>\n<meta property=\"og:type\" content=\"article\" \/>\n<meta property=\"og:title\" content=\"Knog Blinder External 1800Lm e-bike - VM Sport\" \/>\n<meta property=\"og:description\" content=\"Knog Blinder External 1800Lm e-bike -etulamppu tarjoaa huipputason valaistuksen s\u00e4hk\u00f6py\u00f6r\u00e4ilij\u00f6ille, sill\u00e4 sen voimakkaat LED-valot tuottavat jopa 1800 lumenia. T\u00e4m\u00e4 ladattava lamppu on suunniteltu kest\u00e4m\u00e4\u00e4n eri s\u00e4\u00e4olosuhteet, ja se kiinnittyy vaivattomasti py\u00f6r\u00e4\u00e4n. K\u00e4yt\u00e4nn\u00f6llisyys ja tyylik\u00e4s muotoilu yhdistyv\u00e4t t\u00e4ss\u00e4 valaisimessa, mik\u00e4 tekee siit\u00e4 t\u00e4ydellisen lis\u00e4varusteen turvalliseen ja miellytt\u00e4v\u00e4\u00e4n py\u00f6r\u00e4ilykokemukseen. [...]L\u00e4s mer \u2026 from Knog Blinder External 1800Lm e-bike\" \/>\n<meta property=\"og:url\" content=\"https:\/\/vmsport.fi\/sv\/webbutik\/tillbehor\/armaturer-och-komponenter\/framljus\/knog-blinder-extern-1800lm-elcykel\/\" \/>\n<meta property=\"og:site_name\" content=\"VM Sport\" \/>\n<meta property=\"article:publisher\" content=\"https:\/\/www.facebook.com\/Vmsport.fi\/\" \/>\n<meta property=\"article:modified_time\" content=\"2026-04-23T00:00:54+00:00\" \/>\n<meta property=\"og:image\" content=\"https:\/\/vmsport.fi\/wp-content\/uploads\/2025\/03\/Knog-Blinder-E-1800-2300Lm-01-jpg-thumb-572-572-1.png\" \/>\n\t<meta property=\"og:image:width\" content=\"572\" \/>\n\t<meta property=\"og:image:height\" content=\"572\" \/>\n\t<meta property=\"og:image:type\" content=\"image\/png\" \/>\n<meta name=\"twitter:card\" content=\"summary_large_image\" \/>\n<script type=\"application\/ld+json\" class=\"yoast-schema-graph\">{\"@context\":\"https:\\\/\\\/schema.org\",\"@graph\":[{\"@type\":[\"WebPage\",\"ItemPage\"],\"@id\":\"https:\\\/\\\/vmsport.fi\\\/verkkokauppa\\\/tarvikkeet\\\/valaisimet-ja-osat\\\/etuvalot\\\/knog-blinder-external-1800lm-e-bike\\\/\",\"url\":\"https:\\\/\\\/vmsport.fi\\\/verkkokauppa\\\/tarvikkeet\\\/valaisimet-ja-osat\\\/etuvalot\\\/knog-blinder-external-1800lm-e-bike\\\/\",\"name\":\"Knog Blinder External 1800Lm e-bike - VM Sport\",\"isPartOf\":{\"@id\":\"https:\\\/\\\/vmsport.fi\\\/#website\"},\"primaryImageOfPage\":{\"@id\":\"https:\\\/\\\/vmsport.fi\\\/verkkokauppa\\\/tarvikkeet\\\/valaisimet-ja-osat\\\/etuvalot\\\/knog-blinder-external-1800lm-e-bike\\\/#primaryimage\"},\"image\":{\"@id\":\"https:\\\/\\\/vmsport.fi\\\/verkkokauppa\\\/tarvikkeet\\\/valaisimet-ja-osat\\\/etuvalot\\\/knog-blinder-external-1800lm-e-bike\\\/#primaryimage\"},\"thumbnailUrl\":\"https:\\\/\\\/vmsport.fi\\\/wp-content\\\/uploads\\\/2025\\\/03\\\/Knog-Blinder-E-1800-2300Lm-01-jpg-thumb-572-572-1.png\",\"datePublished\":\"2025-03-05T22:21:42+00:00\",\"dateModified\":\"2026-04-23T00:00:54+00:00\",\"breadcrumb\":{\"@id\":\"https:\\\/\\\/vmsport.fi\\\/verkkokauppa\\\/tarvikkeet\\\/valaisimet-ja-osat\\\/etuvalot\\\/knog-blinder-external-1800lm-e-bike\\\/#breadcrumb\"},\"inLanguage\":\"sv-SE\",\"potentialAction\":[{\"@type\":\"ReadAction\",\"target\":[\"https:\\\/\\\/vmsport.fi\\\/verkkokauppa\\\/tarvikkeet\\\/valaisimet-ja-osat\\\/etuvalot\\\/knog-blinder-external-1800lm-e-bike\\\/\"]}]},{\"@type\":\"ImageObject\",\"inLanguage\":\"sv-SE\",\"@id\":\"https:\\\/\\\/vmsport.fi\\\/verkkokauppa\\\/tarvikkeet\\\/valaisimet-ja-osat\\\/etuvalot\\\/knog-blinder-external-1800lm-e-bike\\\/#primaryimage\",\"url\":\"https:\\\/\\\/vmsport.fi\\\/wp-content\\\/uploads\\\/2025\\\/03\\\/Knog-Blinder-E-1800-2300Lm-01-jpg-thumb-572-572-1.png\",\"contentUrl\":\"https:\\\/\\\/vmsport.fi\\\/wp-content\\\/uploads\\\/2025\\\/03\\\/Knog-Blinder-E-1800-2300Lm-01-jpg-thumb-572-572-1.png\",\"width\":572,\"height\":572,\"caption\":\"Knog-Blinder-E-1800-2300Lm-01-jpg-thumb-572-572\"},{\"@type\":\"BreadcrumbList\",\"@id\":\"https:\\\/\\\/vmsport.fi\\\/verkkokauppa\\\/tarvikkeet\\\/valaisimet-ja-osat\\\/etuvalot\\\/knog-blinder-external-1800lm-e-bike\\\/#breadcrumb\",\"itemListElement\":[{\"@type\":\"ListItem\",\"position\":1,\"name\":\"Etusivu\",\"item\":\"https:\\\/\\\/vmsport.fi\\\/\"},{\"@type\":\"ListItem\",\"position\":2,\"name\":\"Online Store\",\"item\":\"https:\\\/\\\/vmsport.fi\\\/en\\\/online-store\\\/\"},{\"@type\":\"ListItem\",\"position\":3,\"name\":\"Knog Blinder External 1800Lm e-bike\"}]},{\"@type\":\"WebSite\",\"@id\":\"https:\\\/\\\/vmsport.fi\\\/#website\",\"url\":\"https:\\\/\\\/vmsport.fi\\\/\",\"name\":\"Vmsport\",\"description\":\"Kaikki py\u00f6r\u00e4ilyyn yhdest\u00e4 paikasta\",\"publisher\":{\"@id\":\"https:\\\/\\\/vmsport.fi\\\/#organization\"},\"potentialAction\":[{\"@type\":\"SearchAction\",\"target\":{\"@type\":\"EntryPoint\",\"urlTemplate\":\"https:\\\/\\\/vmsport.fi\\\/?s={search_term_string}\"},\"query-input\":{\"@type\":\"PropertyValueSpecification\",\"valueRequired\":true,\"valueName\":\"search_term_string\"}}],\"inLanguage\":\"sv-SE\"},{\"@type\":\"Organization\",\"@id\":\"https:\\\/\\\/vmsport.fi\\\/#organization\",\"name\":\"Vmsport\",\"url\":\"https:\\\/\\\/vmsport.fi\\\/\",\"logo\":{\"@type\":\"ImageObject\",\"inLanguage\":\"sv-SE\",\"@id\":\"https:\\\/\\\/vmsport.fi\\\/#\\\/schema\\\/logo\\\/image\\\/\",\"url\":\"https:\\\/\\\/vmsport.fi\\\/wp-content\\\/uploads\\\/2024\\\/12\\\/vm_sport_RGB_horisontal-e1734526017575.png\",\"contentUrl\":\"https:\\\/\\\/vmsport.fi\\\/wp-content\\\/uploads\\\/2024\\\/12\\\/vm_sport_RGB_horisontal-e1734526017575.png\",\"width\":668,\"height\":85,\"caption\":\"Vmsport\"},\"image\":{\"@id\":\"https:\\\/\\\/vmsport.fi\\\/#\\\/schema\\\/logo\\\/image\\\/\"},\"sameAs\":[\"https:\\\/\\\/www.facebook.com\\\/Vmsport.fi\\\/\",\"https:\\\/\\\/www.instagram.com\\\/vmsport\\\/\"]}]}<\/script>\n<!-- \/ Yoast SEO plugin. -->","yoast_head_json":{"title":"Knog Blinder Extern 1800Lm elcykel - VM Sport","robots":{"index":"index","follow":"follow","max-snippet":"max-snippet:-1","max-image-preview":"max-image-preview:large","max-video-preview":"max-video-preview:-1"},"canonical":"https:\/\/vmsport.fi\/sv\/webbutik\/tillbehor\/armaturer-och-komponenter\/framljus\/knog-blinder-extern-1800lm-elcykel\/","og_locale":"sv_SE","og_type":"article","og_title":"Knog Blinder External 1800Lm e-bike - VM Sport","og_description":"Knog Blinder External 1800Lm e-bike -etulamppu tarjoaa huipputason valaistuksen s\u00e4hk\u00f6py\u00f6r\u00e4ilij\u00f6ille, sill\u00e4 sen voimakkaat LED-valot tuottavat jopa 1800 lumenia. T\u00e4m\u00e4 ladattava lamppu on suunniteltu kest\u00e4m\u00e4\u00e4n eri s\u00e4\u00e4olosuhteet, ja se kiinnittyy vaivattomasti py\u00f6r\u00e4\u00e4n. K\u00e4yt\u00e4nn\u00f6llisyys ja tyylik\u00e4s muotoilu yhdistyv\u00e4t t\u00e4ss\u00e4 valaisimessa, mik\u00e4 tekee siit\u00e4 t\u00e4ydellisen lis\u00e4varusteen turvalliseen ja miellytt\u00e4v\u00e4\u00e4n py\u00f6r\u00e4ilykokemukseen. [...]L\u00e4s mer \u2026 from Knog Blinder External 1800Lm e-bike","og_url":"https:\/\/vmsport.fi\/sv\/webbutik\/tillbehor\/armaturer-och-komponenter\/framljus\/knog-blinder-extern-1800lm-elcykel\/","og_site_name":"VM Sport","article_publisher":"https:\/\/www.facebook.com\/Vmsport.fi\/","article_modified_time":"2026-04-23T00:00:54+00:00","og_image":[{"width":572,"height":572,"url":"https:\/\/vmsport.fi\/wp-content\/uploads\/2025\/03\/Knog-Blinder-E-1800-2300Lm-01-jpg-thumb-572-572-1.png","type":"image\/png"}],"twitter_card":"summary_large_image","schema":{"@context":"https:\/\/schema.org","@graph":[{"@type":["WebPage","ItemPage"],"@id":"https:\/\/vmsport.fi\/verkkokauppa\/tarvikkeet\/valaisimet-ja-osat\/etuvalot\/knog-blinder-external-1800lm-e-bike\/","url":"https:\/\/vmsport.fi\/verkkokauppa\/tarvikkeet\/valaisimet-ja-osat\/etuvalot\/knog-blinder-external-1800lm-e-bike\/","name":"Knog Blinder Extern 1800Lm elcykel - VM Sport","isPartOf":{"@id":"https:\/\/vmsport.fi\/#website"},"primaryImageOfPage":{"@id":"https:\/\/vmsport.fi\/verkkokauppa\/tarvikkeet\/valaisimet-ja-osat\/etuvalot\/knog-blinder-external-1800lm-e-bike\/#primaryimage"},"image":{"@id":"https:\/\/vmsport.fi\/verkkokauppa\/tarvikkeet\/valaisimet-ja-osat\/etuvalot\/knog-blinder-external-1800lm-e-bike\/#primaryimage"},"thumbnailUrl":"https:\/\/vmsport.fi\/wp-content\/uploads\/2025\/03\/Knog-Blinder-E-1800-2300Lm-01-jpg-thumb-572-572-1.png","datePublished":"2025-03-05T22:21:42+00:00","dateModified":"2026-04-23T00:00:54+00:00","breadcrumb":{"@id":"https:\/\/vmsport.fi\/verkkokauppa\/tarvikkeet\/valaisimet-ja-osat\/etuvalot\/knog-blinder-external-1800lm-e-bike\/#breadcrumb"},"inLanguage":"sv-SE","potentialAction":[{"@type":"ReadAction","target":["https:\/\/vmsport.fi\/verkkokauppa\/tarvikkeet\/valaisimet-ja-osat\/etuvalot\/knog-blinder-external-1800lm-e-bike\/"]}]},{"@type":"ImageObject","inLanguage":"sv-SE","@id":"https:\/\/vmsport.fi\/verkkokauppa\/tarvikkeet\/valaisimet-ja-osat\/etuvalot\/knog-blinder-external-1800lm-e-bike\/#primaryimage","url":"https:\/\/vmsport.fi\/wp-content\/uploads\/2025\/03\/Knog-Blinder-E-1800-2300Lm-01-jpg-thumb-572-572-1.png","contentUrl":"https:\/\/vmsport.fi\/wp-content\/uploads\/2025\/03\/Knog-Blinder-E-1800-2300Lm-01-jpg-thumb-572-572-1.png","width":572,"height":572,"caption":"Knog-Blinder-E-1800-2300Lm-01-jpg-thumb-572-572"},{"@type":"BreadcrumbList","@id":"https:\/\/vmsport.fi\/verkkokauppa\/tarvikkeet\/valaisimet-ja-osat\/etuvalot\/knog-blinder-external-1800lm-e-bike\/#breadcrumb","itemListElement":[{"@type":"ListItem","position":1,"name":"Etusivu","item":"https:\/\/vmsport.fi\/"},{"@type":"ListItem","position":2,"name":"Online Store","item":"https:\/\/vmsport.fi\/en\/online-store\/"},{"@type":"ListItem","position":3,"name":"Knog Blinder External 1800Lm e-bike"}]},{"@type":"WebSite","@id":"https:\/\/vmsport.fi\/#website","url":"https:\/\/vmsport.fi\/","name":"Vmsport","description":"Allt p\u00e5 ett st\u00e4lle f\u00f6r cykling","publisher":{"@id":"https:\/\/vmsport.fi\/#organization"},"potentialAction":[{"@type":"SearchAction","target":{"@type":"EntryPoint","urlTemplate":"https:\/\/vmsport.fi\/?s={search_term_string}"},"query-input":{"@type":"PropertyValueSpecification","valueRequired":true,"valueName":"search_term_string"}}],"inLanguage":"sv-SE"},{"@type":"Organization","@id":"https:\/\/vmsport.fi\/#organization","name":"Vmsport","url":"https:\/\/vmsport.fi\/","logo":{"@type":"ImageObject","inLanguage":"sv-SE","@id":"https:\/\/vmsport.fi\/#\/schema\/logo\/image\/","url":"https:\/\/vmsport.fi\/wp-content\/uploads\/2024\/12\/vm_sport_RGB_horisontal-e1734526017575.png","contentUrl":"https:\/\/vmsport.fi\/wp-content\/uploads\/2024\/12\/vm_sport_RGB_horisontal-e1734526017575.png","width":668,"height":85,"caption":"Vmsport"},"image":{"@id":"https:\/\/vmsport.fi\/#\/schema\/logo\/image\/"},"sameAs":["https:\/\/www.facebook.com\/Vmsport.fi\/","https:\/\/www.instagram.com\/vmsport\/"]}]}},"global_unique_id":"","_links":{"self":[{"href":"https:\/\/vmsport.fi\/sv\/wp-json\/wp\/v2\/product\/56598","targetHints":{"allow":["GET"]}}],"collection":[{"href":"https:\/\/vmsport.fi\/sv\/wp-json\/wp\/v2\/product"}],"about":[{"href":"https:\/\/vmsport.fi\/sv\/wp-json\/wp\/v2\/types\/product"}],"replies":[{"embeddable":true,"href":"https:\/\/vmsport.fi\/sv\/wp-json\/wp\/v2\/comments?post=56598"}],"wp:featuredmedia":[{"embeddable":true,"href":"https:\/\/vmsport.fi\/sv\/wp-json\/wp\/v2\/media\/56597"}],"wp:attachment":[{"href":"https:\/\/vmsport.fi\/sv\/wp-json\/wp\/v2\/media?parent=56598"}],"wp:term":[{"taxonomy":"product_brand","embeddable":true,"href":"https:\/\/vmsport.fi\/sv\/wp-json\/wp\/v2\/product_brand?post=56598"},{"taxonomy":"product_model","embeddable":true,"href":"https:\/\/vmsport.fi\/sv\/wp-json\/wp\/v2\/product_model?post=56598"},{"taxonomy":"product_cat","embeddable":true,"href":"https:\/\/vmsport.fi\/sv\/wp-json\/wp\/v2\/product_cat?post=56598"},{"taxonomy":"product_tag","embeddable":true,"href":"https:\/\/vmsport.fi\/sv\/wp-json\/wp\/v2\/product_tag?post=56598"},{"taxonomy":"industry_terminology","embeddable":true,"href":"https:\/\/vmsport.fi\/sv\/wp-json\/wp\/v2\/industry-terminology?post=56598"}],"curies":[{"name":"wp","href":"https:\/\/api.w.org\/{rel}","templated":true}]}}