{"id":56596,"date":"2025-03-06T00:21:41","date_gmt":"2025-03-05T22:21:41","guid":{"rendered":"https:\/\/vmsport.fi\/verkkokauppa\/Ei-luokiteltu\/xlc-riser-bar-hb-m19-780-mm-matt-black-back-sweep9-aluminium-2014-t6-db-rise30-mm\/"},"modified":"2026-01-16T13:26:00","modified_gmt":"2026-01-16T11:26:00","slug":"xlc-riser-bar-hb-m19-780-mm-matt-svart-rygg-sweep9-aluminium-2014-t6-db-rise30-mm","status":"publish","type":"product","link":"https:\/\/vmsport.fi\/sv\/verkkokauppa\/varaosat\/ohjaamo\/ohjaustangot\/xlc-riser-bar-hb-m19-780-mm-matt-black-back-sweep9-aluminium-2014-t6-db-rise30-mm\/","title":{"rendered":"XLC Riser bar HB-M19 780 mm Matt svart Back-sweep:9\u00b0, Aluminium 2014-T6 DB, H\u00f6jning:30 mm"},"content":{"rendered":"<p>XLC Riser Bar HB-M19 \u00e4r utformat f\u00f6r att ge utm\u00e4rkt prestanda och komfort f\u00f6r alla cykelentusiaster. Styret \u00e4r tillverkat av l\u00e4tt och slitstarkt 2014-T6 aluminium, \u00e4r 780 mm brett och har en snygg mattsvart finish som g\u00f6r det till ett modernt till\u00e4gg till din cykel. Styrets 9 graders bak\u00e5tvinkel och 30 mm h\u00f6jd f\u00f6rb\u00e4ttrar cykelkontrollen och k\u00f6rkomforten, vilket g\u00f6r det till ett perfekt val f\u00f6r mountainbike. Noggrant utformade strukturer s\u00e4kerst\u00e4ller l\u00e4tthet och h\u00e5llbarhet \u00e4ven under de mest kr\u00e4vande k\u00f6rf\u00f6rh\u00e5llandena.<\/p>","protected":false},"excerpt":{"rendered":"<p>XLC Riser Bar HB-M19 on suunniteltu tarjoamaan erinomaisen suorituskyvyn ja mukavuuden kaikille py\u00f6r\u00e4ilyharrastajille. T\u00e4m\u00e4 ohjaustanko on valmistettu kevyest\u00e4 ja kest\u00e4v\u00e4st\u00e4 2014-T6-alumiinista, ja sen 780 mm leveys sek\u00e4 tyylik\u00e4s mattamusta pinta tekev\u00e4t siit\u00e4 nykyaikaisen lis\u00e4n py\u00f6r\u00e4\u00e4si. Ohjaustangon 9 asteen taaksep\u00e4in suuntautuva kulma ja 30 mm:n korkeus parantavat py\u00f6r\u00e4n hallintaa ja ajomukavuutta, mik\u00e4 tekee siit\u00e4 ihanteellisen valinnan [&#8230;]<\/p>\n<p><a class=\"btn btn-secondary understrap-read-more-link\" href=\"https:\/\/vmsport.fi\/sv\/verkkokauppa\/varaosat\/ohjaamo\/ohjaustangot\/xlc-riser-bar-hb-m19-780-mm-matt-black-back-sweep9-aluminium-2014-t6-db-rise30-mm\/\">L\u00e4s mer \u2026<span class=\"screen-reader-text\"> from XLC Riser bar HB-M19 780 mm Matt black Back-sweep:9\u00b0, Aluminium 2014-T6 DB, Rise:30 mm<\/span><\/a><\/p>\n","protected":false},"featured_media":56595,"comment_status":"open","ping_status":"closed","template":"","meta":{"_acf_changed":false,"_improvement_type_select":"improve_an_existing","_thumb_yes_seoaic":false,"_frame_yes_seoaic":false,"seoaic_generate_description":"","seoaic_improve_instructions_prompt":"","seoaic_rollback_content_improvement":"","seoaic_idea_thumbnail_generator":"","thumbnail_generated":false,"thumbnail_generate_prompt":"","seoaic_article_description":"","_supplier_stock_quantity":0},"product_brand":[],"product_model":[],"product_cat":[9490],"product_tag":[],"industry-terminology":[],"class_list":{"0":"post-56596","1":"product","2":"type-product","3":"status-publish","4":"has-post-thumbnail","6":"product_cat-ohjaustangot","8":"first","9":"outofstock","10":"taxable","11":"shipping-taxable","12":"product-type-simple"},"acf":{"bike_features":null,"overview":{"copy_overview":null,"key_features":null,"statement":"","youtube_url":""}},"yoast_head":"<!-- This site is optimized with the Yoast SEO plugin v27.3 - https:\/\/yoast.com\/product\/yoast-seo-wordpress\/ -->\n<title>XLC Riser bar HB-M19 780 mm Matt black Back-sweep:9\u00b0, Aluminium 2014-T6 DB, Rise:30 mm - VM Sport<\/title>\n<meta name=\"robots\" content=\"index, follow, max-snippet:-1, max-image-preview:large, max-video-preview:-1\" \/>\n<link rel=\"canonical\" href=\"https:\/\/vmsport.fi\/sv\/webbutik\/reservdelar\/taxi\/styrstanger\/xlc-riser-bar-hb-m19-780-mm-matt-svart-rygg-sweep9-aluminium-2014-t6-db-rise30-mm\/\" \/>\n<meta property=\"og:locale\" content=\"sv_SE\" \/>\n<meta property=\"og:type\" content=\"article\" \/>\n<meta property=\"og:title\" content=\"XLC Riser bar HB-M19 780 mm Matt black Back-sweep:9\u00b0, Aluminium 2014-T6 DB, Rise:30 mm - VM Sport\" \/>\n<meta property=\"og:description\" content=\"XLC Riser Bar HB-M19 on suunniteltu tarjoamaan erinomaisen suorituskyvyn ja mukavuuden kaikille py\u00f6r\u00e4ilyharrastajille. T\u00e4m\u00e4 ohjaustanko on valmistettu kevyest\u00e4 ja kest\u00e4v\u00e4st\u00e4 2014-T6-alumiinista, ja sen 780 mm leveys sek\u00e4 tyylik\u00e4s mattamusta pinta tekev\u00e4t siit\u00e4 nykyaikaisen lis\u00e4n py\u00f6r\u00e4\u00e4si. Ohjaustangon 9 asteen taaksep\u00e4in suuntautuva kulma ja 30 mm:n korkeus parantavat py\u00f6r\u00e4n hallintaa ja ajomukavuutta, mik\u00e4 tekee siit\u00e4 ihanteellisen valinnan [...]L\u00e4s mer \u2026 from XLC Riser bar HB-M19 780 mm Matt black Back-sweep:9\u00b0, Aluminium 2014-T6 DB, Rise:30 mm\" \/>\n<meta property=\"og:url\" content=\"https:\/\/vmsport.fi\/sv\/webbutik\/reservdelar\/taxi\/styrstanger\/xlc-riser-bar-hb-m19-780-mm-matt-svart-rygg-sweep9-aluminium-2014-t6-db-rise30-mm\/\" \/>\n<meta property=\"og:site_name\" content=\"VM Sport\" \/>\n<meta property=\"article:publisher\" content=\"https:\/\/www.facebook.com\/Vmsport.fi\/\" \/>\n<meta property=\"article:modified_time\" content=\"2026-01-16T11:26:00+00:00\" \/>\n<meta property=\"og:image\" content=\"https:\/\/vmsport.fi\/wp-content\/uploads\/2025\/03\/4HNdBtzSFue2hrQ31zBMTGguJtmSQuDCDDpni0suqC9kpCeaB6-1.jpg\" \/>\n\t<meta property=\"og:image:width\" content=\"800\" \/>\n\t<meta property=\"og:image:height\" content=\"800\" \/>\n\t<meta property=\"og:image:type\" content=\"image\/jpeg\" \/>\n<meta name=\"twitter:card\" content=\"summary_large_image\" \/>\n<script type=\"application\/ld+json\" class=\"yoast-schema-graph\">{\"@context\":\"https:\\\/\\\/schema.org\",\"@graph\":[{\"@type\":[\"WebPage\",\"ItemPage\"],\"@id\":\"https:\\\/\\\/vmsport.fi\\\/verkkokauppa\\\/varaosat\\\/ohjaamo\\\/ohjaustangot\\\/xlc-riser-bar-hb-m19-780-mm-matt-black-back-sweep9-aluminium-2014-t6-db-rise30-mm\\\/\",\"url\":\"https:\\\/\\\/vmsport.fi\\\/verkkokauppa\\\/varaosat\\\/ohjaamo\\\/ohjaustangot\\\/xlc-riser-bar-hb-m19-780-mm-matt-black-back-sweep9-aluminium-2014-t6-db-rise30-mm\\\/\",\"name\":\"XLC Riser bar HB-M19 780 mm Matt black Back-sweep:9\u00b0, Aluminium 2014-T6 DB, Rise:30 mm - VM Sport\",\"isPartOf\":{\"@id\":\"https:\\\/\\\/vmsport.fi\\\/#website\"},\"primaryImageOfPage\":{\"@id\":\"https:\\\/\\\/vmsport.fi\\\/verkkokauppa\\\/varaosat\\\/ohjaamo\\\/ohjaustangot\\\/xlc-riser-bar-hb-m19-780-mm-matt-black-back-sweep9-aluminium-2014-t6-db-rise30-mm\\\/#primaryimage\"},\"image\":{\"@id\":\"https:\\\/\\\/vmsport.fi\\\/verkkokauppa\\\/varaosat\\\/ohjaamo\\\/ohjaustangot\\\/xlc-riser-bar-hb-m19-780-mm-matt-black-back-sweep9-aluminium-2014-t6-db-rise30-mm\\\/#primaryimage\"},\"thumbnailUrl\":\"https:\\\/\\\/vmsport.fi\\\/wp-content\\\/uploads\\\/2025\\\/03\\\/4HNdBtzSFue2hrQ31zBMTGguJtmSQuDCDDpni0suqC9kpCeaB6-1.jpg\",\"datePublished\":\"2025-03-05T22:21:41+00:00\",\"dateModified\":\"2026-01-16T11:26:00+00:00\",\"breadcrumb\":{\"@id\":\"https:\\\/\\\/vmsport.fi\\\/verkkokauppa\\\/varaosat\\\/ohjaamo\\\/ohjaustangot\\\/xlc-riser-bar-hb-m19-780-mm-matt-black-back-sweep9-aluminium-2014-t6-db-rise30-mm\\\/#breadcrumb\"},\"inLanguage\":\"sv-SE\",\"potentialAction\":[{\"@type\":\"ReadAction\",\"target\":[\"https:\\\/\\\/vmsport.fi\\\/verkkokauppa\\\/varaosat\\\/ohjaamo\\\/ohjaustangot\\\/xlc-riser-bar-hb-m19-780-mm-matt-black-back-sweep9-aluminium-2014-t6-db-rise30-mm\\\/\"]}]},{\"@type\":\"ImageObject\",\"inLanguage\":\"sv-SE\",\"@id\":\"https:\\\/\\\/vmsport.fi\\\/verkkokauppa\\\/varaosat\\\/ohjaamo\\\/ohjaustangot\\\/xlc-riser-bar-hb-m19-780-mm-matt-black-back-sweep9-aluminium-2014-t6-db-rise30-mm\\\/#primaryimage\",\"url\":\"https:\\\/\\\/vmsport.fi\\\/wp-content\\\/uploads\\\/2025\\\/03\\\/4HNdBtzSFue2hrQ31zBMTGguJtmSQuDCDDpni0suqC9kpCeaB6-1.jpg\",\"contentUrl\":\"https:\\\/\\\/vmsport.fi\\\/wp-content\\\/uploads\\\/2025\\\/03\\\/4HNdBtzSFue2hrQ31zBMTGguJtmSQuDCDDpni0suqC9kpCeaB6-1.jpg\",\"width\":800,\"height\":800,\"caption\":\"4HNdBtzSFue2hrQ31zBMTGguJtmSQuDCDDpni0suqC9kpCeaB6\"},{\"@type\":\"BreadcrumbList\",\"@id\":\"https:\\\/\\\/vmsport.fi\\\/verkkokauppa\\\/varaosat\\\/ohjaamo\\\/ohjaustangot\\\/xlc-riser-bar-hb-m19-780-mm-matt-black-back-sweep9-aluminium-2014-t6-db-rise30-mm\\\/#breadcrumb\",\"itemListElement\":[{\"@type\":\"ListItem\",\"position\":1,\"name\":\"Etusivu\",\"item\":\"https:\\\/\\\/vmsport.fi\\\/\"},{\"@type\":\"ListItem\",\"position\":2,\"name\":\"Online Store\",\"item\":\"https:\\\/\\\/vmsport.fi\\\/en\\\/online-store\\\/\"},{\"@type\":\"ListItem\",\"position\":3,\"name\":\"XLC Riser bar HB-M19 780 mm Matt black Back-sweep:9\u00b0, Aluminium 2014-T6 DB, Rise:30 mm\"}]},{\"@type\":\"WebSite\",\"@id\":\"https:\\\/\\\/vmsport.fi\\\/#website\",\"url\":\"https:\\\/\\\/vmsport.fi\\\/\",\"name\":\"Vmsport\",\"description\":\"Kaikki py\u00f6r\u00e4ilyyn yhdest\u00e4 paikasta\",\"publisher\":{\"@id\":\"https:\\\/\\\/vmsport.fi\\\/#organization\"},\"potentialAction\":[{\"@type\":\"SearchAction\",\"target\":{\"@type\":\"EntryPoint\",\"urlTemplate\":\"https:\\\/\\\/vmsport.fi\\\/?s={search_term_string}\"},\"query-input\":{\"@type\":\"PropertyValueSpecification\",\"valueRequired\":true,\"valueName\":\"search_term_string\"}}],\"inLanguage\":\"sv-SE\"},{\"@type\":\"Organization\",\"@id\":\"https:\\\/\\\/vmsport.fi\\\/#organization\",\"name\":\"Vmsport\",\"url\":\"https:\\\/\\\/vmsport.fi\\\/\",\"logo\":{\"@type\":\"ImageObject\",\"inLanguage\":\"sv-SE\",\"@id\":\"https:\\\/\\\/vmsport.fi\\\/#\\\/schema\\\/logo\\\/image\\\/\",\"url\":\"https:\\\/\\\/vmsport.fi\\\/wp-content\\\/uploads\\\/2024\\\/12\\\/vm_sport_RGB_horisontal-e1734526017575.png\",\"contentUrl\":\"https:\\\/\\\/vmsport.fi\\\/wp-content\\\/uploads\\\/2024\\\/12\\\/vm_sport_RGB_horisontal-e1734526017575.png\",\"width\":668,\"height\":85,\"caption\":\"Vmsport\"},\"image\":{\"@id\":\"https:\\\/\\\/vmsport.fi\\\/#\\\/schema\\\/logo\\\/image\\\/\"},\"sameAs\":[\"https:\\\/\\\/www.facebook.com\\\/Vmsport.fi\\\/\",\"https:\\\/\\\/www.instagram.com\\\/vmsport\\\/\"]}]}<\/script>\n<!-- \/ Yoast SEO plugin. -->","yoast_head_json":{"title":"XLC stigarsteg HB-M19 780 mm Matt svart Back-svep:9\u00b0, Aluminium 2014-T6 DB, Stigning:30 mm - VM Sport","robots":{"index":"index","follow":"follow","max-snippet":"max-snippet:-1","max-image-preview":"max-image-preview:large","max-video-preview":"max-video-preview:-1"},"canonical":"https:\/\/vmsport.fi\/sv\/webbutik\/reservdelar\/taxi\/styrstanger\/xlc-riser-bar-hb-m19-780-mm-matt-svart-rygg-sweep9-aluminium-2014-t6-db-rise30-mm\/","og_locale":"sv_SE","og_type":"article","og_title":"XLC Riser bar HB-M19 780 mm Matt black Back-sweep:9\u00b0, Aluminium 2014-T6 DB, Rise:30 mm - VM Sport","og_description":"XLC Riser Bar HB-M19 on suunniteltu tarjoamaan erinomaisen suorituskyvyn ja mukavuuden kaikille py\u00f6r\u00e4ilyharrastajille. T\u00e4m\u00e4 ohjaustanko on valmistettu kevyest\u00e4 ja kest\u00e4v\u00e4st\u00e4 2014-T6-alumiinista, ja sen 780 mm leveys sek\u00e4 tyylik\u00e4s mattamusta pinta tekev\u00e4t siit\u00e4 nykyaikaisen lis\u00e4n py\u00f6r\u00e4\u00e4si. Ohjaustangon 9 asteen taaksep\u00e4in suuntautuva kulma ja 30 mm:n korkeus parantavat py\u00f6r\u00e4n hallintaa ja ajomukavuutta, mik\u00e4 tekee siit\u00e4 ihanteellisen valinnan [...]L\u00e4s mer \u2026 from XLC Riser bar HB-M19 780 mm Matt black Back-sweep:9\u00b0, Aluminium 2014-T6 DB, Rise:30 mm","og_url":"https:\/\/vmsport.fi\/sv\/webbutik\/reservdelar\/taxi\/styrstanger\/xlc-riser-bar-hb-m19-780-mm-matt-svart-rygg-sweep9-aluminium-2014-t6-db-rise30-mm\/","og_site_name":"VM Sport","article_publisher":"https:\/\/www.facebook.com\/Vmsport.fi\/","article_modified_time":"2026-01-16T11:26:00+00:00","og_image":[{"width":800,"height":800,"url":"https:\/\/vmsport.fi\/wp-content\/uploads\/2025\/03\/4HNdBtzSFue2hrQ31zBMTGguJtmSQuDCDDpni0suqC9kpCeaB6-1.jpg","type":"image\/jpeg"}],"twitter_card":"summary_large_image","schema":{"@context":"https:\/\/schema.org","@graph":[{"@type":["WebPage","ItemPage"],"@id":"https:\/\/vmsport.fi\/verkkokauppa\/varaosat\/ohjaamo\/ohjaustangot\/xlc-riser-bar-hb-m19-780-mm-matt-black-back-sweep9-aluminium-2014-t6-db-rise30-mm\/","url":"https:\/\/vmsport.fi\/verkkokauppa\/varaosat\/ohjaamo\/ohjaustangot\/xlc-riser-bar-hb-m19-780-mm-matt-black-back-sweep9-aluminium-2014-t6-db-rise30-mm\/","name":"XLC stigarsteg HB-M19 780 mm Matt svart Back-svep:9\u00b0, Aluminium 2014-T6 DB, Stigning:30 mm - VM Sport","isPartOf":{"@id":"https:\/\/vmsport.fi\/#website"},"primaryImageOfPage":{"@id":"https:\/\/vmsport.fi\/verkkokauppa\/varaosat\/ohjaamo\/ohjaustangot\/xlc-riser-bar-hb-m19-780-mm-matt-black-back-sweep9-aluminium-2014-t6-db-rise30-mm\/#primaryimage"},"image":{"@id":"https:\/\/vmsport.fi\/verkkokauppa\/varaosat\/ohjaamo\/ohjaustangot\/xlc-riser-bar-hb-m19-780-mm-matt-black-back-sweep9-aluminium-2014-t6-db-rise30-mm\/#primaryimage"},"thumbnailUrl":"https:\/\/vmsport.fi\/wp-content\/uploads\/2025\/03\/4HNdBtzSFue2hrQ31zBMTGguJtmSQuDCDDpni0suqC9kpCeaB6-1.jpg","datePublished":"2025-03-05T22:21:41+00:00","dateModified":"2026-01-16T11:26:00+00:00","breadcrumb":{"@id":"https:\/\/vmsport.fi\/verkkokauppa\/varaosat\/ohjaamo\/ohjaustangot\/xlc-riser-bar-hb-m19-780-mm-matt-black-back-sweep9-aluminium-2014-t6-db-rise30-mm\/#breadcrumb"},"inLanguage":"sv-SE","potentialAction":[{"@type":"ReadAction","target":["https:\/\/vmsport.fi\/verkkokauppa\/varaosat\/ohjaamo\/ohjaustangot\/xlc-riser-bar-hb-m19-780-mm-matt-black-back-sweep9-aluminium-2014-t6-db-rise30-mm\/"]}]},{"@type":"ImageObject","inLanguage":"sv-SE","@id":"https:\/\/vmsport.fi\/verkkokauppa\/varaosat\/ohjaamo\/ohjaustangot\/xlc-riser-bar-hb-m19-780-mm-matt-black-back-sweep9-aluminium-2014-t6-db-rise30-mm\/#primaryimage","url":"https:\/\/vmsport.fi\/wp-content\/uploads\/2025\/03\/4HNdBtzSFue2hrQ31zBMTGguJtmSQuDCDDpni0suqC9kpCeaB6-1.jpg","contentUrl":"https:\/\/vmsport.fi\/wp-content\/uploads\/2025\/03\/4HNdBtzSFue2hrQ31zBMTGguJtmSQuDCDDpni0suqC9kpCeaB6-1.jpg","width":800,"height":800,"caption":"4HNdBtzSFue2hrQ31zBMTGguJtmSQuDCDDpni0suqC9kpCeaB6"},{"@type":"BreadcrumbList","@id":"https:\/\/vmsport.fi\/verkkokauppa\/varaosat\/ohjaamo\/ohjaustangot\/xlc-riser-bar-hb-m19-780-mm-matt-black-back-sweep9-aluminium-2014-t6-db-rise30-mm\/#breadcrumb","itemListElement":[{"@type":"ListItem","position":1,"name":"Etusivu","item":"https:\/\/vmsport.fi\/"},{"@type":"ListItem","position":2,"name":"Online Store","item":"https:\/\/vmsport.fi\/en\/online-store\/"},{"@type":"ListItem","position":3,"name":"XLC Riser bar HB-M19 780 mm Matt black Back-sweep:9\u00b0, Aluminium 2014-T6 DB, Rise:30 mm"}]},{"@type":"WebSite","@id":"https:\/\/vmsport.fi\/#website","url":"https:\/\/vmsport.fi\/","name":"Vmsport","description":"Allt p\u00e5 ett st\u00e4lle f\u00f6r cykling","publisher":{"@id":"https:\/\/vmsport.fi\/#organization"},"potentialAction":[{"@type":"SearchAction","target":{"@type":"EntryPoint","urlTemplate":"https:\/\/vmsport.fi\/?s={search_term_string}"},"query-input":{"@type":"PropertyValueSpecification","valueRequired":true,"valueName":"search_term_string"}}],"inLanguage":"sv-SE"},{"@type":"Organization","@id":"https:\/\/vmsport.fi\/#organization","name":"Vmsport","url":"https:\/\/vmsport.fi\/","logo":{"@type":"ImageObject","inLanguage":"sv-SE","@id":"https:\/\/vmsport.fi\/#\/schema\/logo\/image\/","url":"https:\/\/vmsport.fi\/wp-content\/uploads\/2024\/12\/vm_sport_RGB_horisontal-e1734526017575.png","contentUrl":"https:\/\/vmsport.fi\/wp-content\/uploads\/2024\/12\/vm_sport_RGB_horisontal-e1734526017575.png","width":668,"height":85,"caption":"Vmsport"},"image":{"@id":"https:\/\/vmsport.fi\/#\/schema\/logo\/image\/"},"sameAs":["https:\/\/www.facebook.com\/Vmsport.fi\/","https:\/\/www.instagram.com\/vmsport\/"]}]}},"global_unique_id":"","_links":{"self":[{"href":"https:\/\/vmsport.fi\/sv\/wp-json\/wp\/v2\/product\/56596","targetHints":{"allow":["GET"]}}],"collection":[{"href":"https:\/\/vmsport.fi\/sv\/wp-json\/wp\/v2\/product"}],"about":[{"href":"https:\/\/vmsport.fi\/sv\/wp-json\/wp\/v2\/types\/product"}],"replies":[{"embeddable":true,"href":"https:\/\/vmsport.fi\/sv\/wp-json\/wp\/v2\/comments?post=56596"}],"wp:featuredmedia":[{"embeddable":true,"href":"https:\/\/vmsport.fi\/sv\/wp-json\/wp\/v2\/media\/56595"}],"wp:attachment":[{"href":"https:\/\/vmsport.fi\/sv\/wp-json\/wp\/v2\/media?parent=56596"}],"wp:term":[{"taxonomy":"product_brand","embeddable":true,"href":"https:\/\/vmsport.fi\/sv\/wp-json\/wp\/v2\/product_brand?post=56596"},{"taxonomy":"product_model","embeddable":true,"href":"https:\/\/vmsport.fi\/sv\/wp-json\/wp\/v2\/product_model?post=56596"},{"taxonomy":"product_cat","embeddable":true,"href":"https:\/\/vmsport.fi\/sv\/wp-json\/wp\/v2\/product_cat?post=56596"},{"taxonomy":"product_tag","embeddable":true,"href":"https:\/\/vmsport.fi\/sv\/wp-json\/wp\/v2\/product_tag?post=56596"},{"taxonomy":"industry_terminology","embeddable":true,"href":"https:\/\/vmsport.fi\/sv\/wp-json\/wp\/v2\/industry-terminology?post=56596"}],"curies":[{"name":"wp","href":"https:\/\/api.w.org\/{rel}","templated":true}]}}