{"id":56589,"date":"2025-03-06T00:21:38","date_gmt":"2025-03-05T22:21:38","guid":{"rendered":"https:\/\/vmsport.fi\/verkkokauppa\/Ei-luokiteltu\/selle-royal-satula-freeway-fit\/"},"modified":"2026-04-24T10:13:14","modified_gmt":"2026-04-24T07:13:14","slug":"selle-royal-satula-freeway-passform","status":"publish","type":"product","link":"https:\/\/vmsport.fi\/sv\/verkkokauppa\/varaosat\/satulat-ja-satulatolpat\/satulat\/selle-royal-satula-freeway-fit\/","title":{"rendered":"Selle Royal Satula Freeway Fit"},"content":{"rendered":"<p>Selle Royal Satula Freeway Fit erbjuder en fantastisk k\u00f6rupplevelse tack vare sin h\u00f6gteknologiska komfort med viskoelastiskt Slow Fit Foam-material som anpassar sig till din kropp och ger en personlig passform. V\u00e4lplacerad d\u00e4mpning f\u00f6rb\u00e4ttrar sittkomforten samtidigt som sadelns vikt minskas. Scuff Guard-skydd \u00f6kar n\u00f6tningsbest\u00e4ndigheten f\u00f6r b\u00e4ttre prestanda under tuffa f\u00f6rh\u00e5llanden. Med en bredd p\u00e5 210 mm och en l\u00e4ngd p\u00e5 257 mm \u00e4r denna unisexsadel utformad f\u00f6r allm\u00e4n cykling, vilket g\u00f6r den till det perfekta valet f\u00f6r vardaglig cykling. Sadeln v\u00e4ger bara 550 gram och kombinerar komfort och h\u00e5llbarhet f\u00f6r att s\u00e4kerst\u00e4lla en bekv\u00e4m cykelupplevelse f\u00f6r alla anv\u00e4ndare.<\/p>","protected":false},"excerpt":{"rendered":"<p>Selle Royal Satula Freeway Fit tarjoaa huipputeknologian mukavuutensa ansiosta erinomaisen ajoel\u00e4myksen, sill\u00e4 sen viskoelastinen Slow Fit Foam -materiaali mukautuu kehoosi ja takaa yksil\u00f6llisen istuvuuden. Hyvin sijoitetut pehmusteet parantavat istuinmukavuutta, samalla kun ne v\u00e4hent\u00e4v\u00e4t satulan painoa. Scuff Guard -suojaus lis\u00e4\u00e4 kulutuskest\u00e4vyytt\u00e4, mik\u00e4 parantaa suorituskyky\u00e4 vaikeissa olosuhteissa. Leveydelt\u00e4\u00e4n 210 mm ja pituudeltaan 257 mm, t\u00e4m\u00e4 unisex-satula on [&#8230;]<\/p>\n<p><a class=\"btn btn-secondary understrap-read-more-link\" href=\"https:\/\/vmsport.fi\/sv\/verkkokauppa\/varaosat\/satulat-ja-satulatolpat\/satulat\/selle-royal-satula-freeway-fit\/\">L\u00e4s mer \u2026<span class=\"screen-reader-text\"> from Selle Royal Satula Freeway Fit<\/span><\/a><\/p>\n","protected":false},"featured_media":56588,"comment_status":"open","ping_status":"closed","template":"","meta":{"_acf_changed":false,"_improvement_type_select":"improve_an_existing","_thumb_yes_seoaic":false,"_frame_yes_seoaic":false,"seoaic_generate_description":"","seoaic_improve_instructions_prompt":"","seoaic_rollback_content_improvement":"","seoaic_idea_thumbnail_generator":"","thumbnail_generated":false,"thumbnail_generate_prompt":"","seoaic_article_description":"","_supplier_stock_quantity":0},"product_brand":[],"product_model":[],"product_cat":[9380],"product_tag":[],"industry-terminology":[],"class_list":{"0":"post-56589","1":"product","2":"type-product","3":"status-publish","4":"has-post-thumbnail","6":"product_cat-satulat","8":"first","9":"instock","10":"taxable","11":"shipping-taxable","12":"purchasable","13":"product-type-simple"},"acf":{"bike_features":null,"overview":{"copy_overview":null,"key_features":null,"statement":"","youtube_url":""}},"yoast_head":"<!-- This site is optimized with the Yoast SEO plugin v27.4 - https:\/\/yoast.com\/product\/yoast-seo-wordpress\/ -->\n<title>Selle Royal Satula Freeway Fit - VM Sport<\/title>\n<meta name=\"robots\" content=\"index, follow, max-snippet:-1, max-image-preview:large, max-video-preview:-1\" \/>\n<link rel=\"canonical\" href=\"https:\/\/vmsport.fi\/sv\/webbutik\/reservdelar\/sadlar-och-sadelstolpar\/sadlar\/selle-royal-satula-freeway-passform\/\" \/>\n<meta property=\"og:locale\" content=\"sv_SE\" \/>\n<meta property=\"og:type\" content=\"article\" \/>\n<meta property=\"og:title\" content=\"Selle Royal Satula Freeway Fit - VM Sport\" \/>\n<meta property=\"og:description\" content=\"Selle Royal Satula Freeway Fit tarjoaa huipputeknologian mukavuutensa ansiosta erinomaisen ajoel\u00e4myksen, sill\u00e4 sen viskoelastinen Slow Fit Foam -materiaali mukautuu kehoosi ja takaa yksil\u00f6llisen istuvuuden. Hyvin sijoitetut pehmusteet parantavat istuinmukavuutta, samalla kun ne v\u00e4hent\u00e4v\u00e4t satulan painoa. Scuff Guard -suojaus lis\u00e4\u00e4 kulutuskest\u00e4vyytt\u00e4, mik\u00e4 parantaa suorituskyky\u00e4 vaikeissa olosuhteissa. Leveydelt\u00e4\u00e4n 210 mm ja pituudeltaan 257 mm, t\u00e4m\u00e4 unisex-satula on [...]L\u00e4s mer \u2026 from Selle Royal Satula Freeway Fit\" \/>\n<meta property=\"og:url\" content=\"https:\/\/vmsport.fi\/sv\/webbutik\/reservdelar\/sadlar-och-sadelstolpar\/sadlar\/selle-royal-satula-freeway-passform\/\" \/>\n<meta property=\"og:site_name\" content=\"VM Sport\" \/>\n<meta property=\"article:publisher\" content=\"https:\/\/www.facebook.com\/Vmsport.fi\/\" \/>\n<meta property=\"article:modified_time\" content=\"2026-04-24T07:13:14+00:00\" \/>\n<meta property=\"og:image\" content=\"https:\/\/vmsport.fi\/wp-content\/uploads\/2025\/03\/8V98UR0A18069-01-jpg-thumb-572-572-1.png\" \/>\n\t<meta property=\"og:image:width\" content=\"572\" \/>\n\t<meta property=\"og:image:height\" content=\"572\" \/>\n\t<meta property=\"og:image:type\" content=\"image\/png\" \/>\n<meta name=\"twitter:card\" content=\"summary_large_image\" \/>\n<script type=\"application\/ld+json\" class=\"yoast-schema-graph\">{\"@context\":\"https:\\\/\\\/schema.org\",\"@graph\":[{\"@type\":[\"WebPage\",\"ItemPage\"],\"@id\":\"https:\\\/\\\/vmsport.fi\\\/verkkokauppa\\\/varaosat\\\/satulat-ja-satulatolpat\\\/satulat\\\/selle-royal-satula-freeway-fit\\\/\",\"url\":\"https:\\\/\\\/vmsport.fi\\\/verkkokauppa\\\/varaosat\\\/satulat-ja-satulatolpat\\\/satulat\\\/selle-royal-satula-freeway-fit\\\/\",\"name\":\"Selle Royal Satula Freeway Fit - VM Sport\",\"isPartOf\":{\"@id\":\"https:\\\/\\\/vmsport.fi\\\/#website\"},\"primaryImageOfPage\":{\"@id\":\"https:\\\/\\\/vmsport.fi\\\/verkkokauppa\\\/varaosat\\\/satulat-ja-satulatolpat\\\/satulat\\\/selle-royal-satula-freeway-fit\\\/#primaryimage\"},\"image\":{\"@id\":\"https:\\\/\\\/vmsport.fi\\\/verkkokauppa\\\/varaosat\\\/satulat-ja-satulatolpat\\\/satulat\\\/selle-royal-satula-freeway-fit\\\/#primaryimage\"},\"thumbnailUrl\":\"https:\\\/\\\/vmsport.fi\\\/wp-content\\\/uploads\\\/2025\\\/03\\\/8V98UR0A18069-01-jpg-thumb-572-572-1.png\",\"datePublished\":\"2025-03-05T22:21:38+00:00\",\"dateModified\":\"2026-04-24T07:13:14+00:00\",\"breadcrumb\":{\"@id\":\"https:\\\/\\\/vmsport.fi\\\/verkkokauppa\\\/varaosat\\\/satulat-ja-satulatolpat\\\/satulat\\\/selle-royal-satula-freeway-fit\\\/#breadcrumb\"},\"inLanguage\":\"sv-SE\",\"potentialAction\":[{\"@type\":\"ReadAction\",\"target\":[\"https:\\\/\\\/vmsport.fi\\\/verkkokauppa\\\/varaosat\\\/satulat-ja-satulatolpat\\\/satulat\\\/selle-royal-satula-freeway-fit\\\/\"]}]},{\"@type\":\"ImageObject\",\"inLanguage\":\"sv-SE\",\"@id\":\"https:\\\/\\\/vmsport.fi\\\/verkkokauppa\\\/varaosat\\\/satulat-ja-satulatolpat\\\/satulat\\\/selle-royal-satula-freeway-fit\\\/#primaryimage\",\"url\":\"https:\\\/\\\/vmsport.fi\\\/wp-content\\\/uploads\\\/2025\\\/03\\\/8V98UR0A18069-01-jpg-thumb-572-572-1.png\",\"contentUrl\":\"https:\\\/\\\/vmsport.fi\\\/wp-content\\\/uploads\\\/2025\\\/03\\\/8V98UR0A18069-01-jpg-thumb-572-572-1.png\",\"width\":572,\"height\":572,\"caption\":\"8V98UR0A18069-01-jpg-thumb-572-572\"},{\"@type\":\"BreadcrumbList\",\"@id\":\"https:\\\/\\\/vmsport.fi\\\/verkkokauppa\\\/varaosat\\\/satulat-ja-satulatolpat\\\/satulat\\\/selle-royal-satula-freeway-fit\\\/#breadcrumb\",\"itemListElement\":[{\"@type\":\"ListItem\",\"position\":1,\"name\":\"Etusivu\",\"item\":\"https:\\\/\\\/vmsport.fi\\\/\"},{\"@type\":\"ListItem\",\"position\":2,\"name\":\"Online Store\",\"item\":\"https:\\\/\\\/vmsport.fi\\\/en\\\/online-store\\\/\"},{\"@type\":\"ListItem\",\"position\":3,\"name\":\"Selle Royal Satula Freeway Fit\"}]},{\"@type\":\"WebSite\",\"@id\":\"https:\\\/\\\/vmsport.fi\\\/#website\",\"url\":\"https:\\\/\\\/vmsport.fi\\\/\",\"name\":\"Vmsport\",\"description\":\"Kaikki py\u00f6r\u00e4ilyyn yhdest\u00e4 paikasta\",\"publisher\":{\"@id\":\"https:\\\/\\\/vmsport.fi\\\/#organization\"},\"potentialAction\":[{\"@type\":\"SearchAction\",\"target\":{\"@type\":\"EntryPoint\",\"urlTemplate\":\"https:\\\/\\\/vmsport.fi\\\/?s={search_term_string}\"},\"query-input\":{\"@type\":\"PropertyValueSpecification\",\"valueRequired\":true,\"valueName\":\"search_term_string\"}}],\"inLanguage\":\"sv-SE\"},{\"@type\":\"Organization\",\"@id\":\"https:\\\/\\\/vmsport.fi\\\/#organization\",\"name\":\"Vmsport\",\"url\":\"https:\\\/\\\/vmsport.fi\\\/\",\"logo\":{\"@type\":\"ImageObject\",\"inLanguage\":\"sv-SE\",\"@id\":\"https:\\\/\\\/vmsport.fi\\\/#\\\/schema\\\/logo\\\/image\\\/\",\"url\":\"https:\\\/\\\/vmsport.fi\\\/wp-content\\\/uploads\\\/2024\\\/12\\\/vm_sport_RGB_horisontal-e1734526017575.png\",\"contentUrl\":\"https:\\\/\\\/vmsport.fi\\\/wp-content\\\/uploads\\\/2024\\\/12\\\/vm_sport_RGB_horisontal-e1734526017575.png\",\"width\":668,\"height\":85,\"caption\":\"Vmsport\"},\"image\":{\"@id\":\"https:\\\/\\\/vmsport.fi\\\/#\\\/schema\\\/logo\\\/image\\\/\"},\"sameAs\":[\"https:\\\/\\\/www.facebook.com\\\/Vmsport.fi\\\/\",\"https:\\\/\\\/www.instagram.com\\\/vmsport\\\/\"]}]}<\/script>\n<!-- \/ Yoast SEO plugin. -->","yoast_head_json":{"title":"Selle Royal Satula Freeway Fit - VM Sport","robots":{"index":"index","follow":"follow","max-snippet":"max-snippet:-1","max-image-preview":"max-image-preview:large","max-video-preview":"max-video-preview:-1"},"canonical":"https:\/\/vmsport.fi\/sv\/webbutik\/reservdelar\/sadlar-och-sadelstolpar\/sadlar\/selle-royal-satula-freeway-passform\/","og_locale":"sv_SE","og_type":"article","og_title":"Selle Royal Satula Freeway Fit - VM Sport","og_description":"Selle Royal Satula Freeway Fit tarjoaa huipputeknologian mukavuutensa ansiosta erinomaisen ajoel\u00e4myksen, sill\u00e4 sen viskoelastinen Slow Fit Foam -materiaali mukautuu kehoosi ja takaa yksil\u00f6llisen istuvuuden. Hyvin sijoitetut pehmusteet parantavat istuinmukavuutta, samalla kun ne v\u00e4hent\u00e4v\u00e4t satulan painoa. Scuff Guard -suojaus lis\u00e4\u00e4 kulutuskest\u00e4vyytt\u00e4, mik\u00e4 parantaa suorituskyky\u00e4 vaikeissa olosuhteissa. Leveydelt\u00e4\u00e4n 210 mm ja pituudeltaan 257 mm, t\u00e4m\u00e4 unisex-satula on [...]L\u00e4s mer \u2026 from Selle Royal Satula Freeway Fit","og_url":"https:\/\/vmsport.fi\/sv\/webbutik\/reservdelar\/sadlar-och-sadelstolpar\/sadlar\/selle-royal-satula-freeway-passform\/","og_site_name":"VM Sport","article_publisher":"https:\/\/www.facebook.com\/Vmsport.fi\/","article_modified_time":"2026-04-24T07:13:14+00:00","og_image":[{"width":572,"height":572,"url":"https:\/\/vmsport.fi\/wp-content\/uploads\/2025\/03\/8V98UR0A18069-01-jpg-thumb-572-572-1.png","type":"image\/png"}],"twitter_card":"summary_large_image","schema":{"@context":"https:\/\/schema.org","@graph":[{"@type":["WebPage","ItemPage"],"@id":"https:\/\/vmsport.fi\/verkkokauppa\/varaosat\/satulat-ja-satulatolpat\/satulat\/selle-royal-satula-freeway-fit\/","url":"https:\/\/vmsport.fi\/verkkokauppa\/varaosat\/satulat-ja-satulatolpat\/satulat\/selle-royal-satula-freeway-fit\/","name":"Selle Royal Satula Freeway Fit - VM Sport","isPartOf":{"@id":"https:\/\/vmsport.fi\/#website"},"primaryImageOfPage":{"@id":"https:\/\/vmsport.fi\/verkkokauppa\/varaosat\/satulat-ja-satulatolpat\/satulat\/selle-royal-satula-freeway-fit\/#primaryimage"},"image":{"@id":"https:\/\/vmsport.fi\/verkkokauppa\/varaosat\/satulat-ja-satulatolpat\/satulat\/selle-royal-satula-freeway-fit\/#primaryimage"},"thumbnailUrl":"https:\/\/vmsport.fi\/wp-content\/uploads\/2025\/03\/8V98UR0A18069-01-jpg-thumb-572-572-1.png","datePublished":"2025-03-05T22:21:38+00:00","dateModified":"2026-04-24T07:13:14+00:00","breadcrumb":{"@id":"https:\/\/vmsport.fi\/verkkokauppa\/varaosat\/satulat-ja-satulatolpat\/satulat\/selle-royal-satula-freeway-fit\/#breadcrumb"},"inLanguage":"sv-SE","potentialAction":[{"@type":"ReadAction","target":["https:\/\/vmsport.fi\/verkkokauppa\/varaosat\/satulat-ja-satulatolpat\/satulat\/selle-royal-satula-freeway-fit\/"]}]},{"@type":"ImageObject","inLanguage":"sv-SE","@id":"https:\/\/vmsport.fi\/verkkokauppa\/varaosat\/satulat-ja-satulatolpat\/satulat\/selle-royal-satula-freeway-fit\/#primaryimage","url":"https:\/\/vmsport.fi\/wp-content\/uploads\/2025\/03\/8V98UR0A18069-01-jpg-thumb-572-572-1.png","contentUrl":"https:\/\/vmsport.fi\/wp-content\/uploads\/2025\/03\/8V98UR0A18069-01-jpg-thumb-572-572-1.png","width":572,"height":572,"caption":"8V98UR0A18069-01-jpg-thumb-572-572"},{"@type":"BreadcrumbList","@id":"https:\/\/vmsport.fi\/verkkokauppa\/varaosat\/satulat-ja-satulatolpat\/satulat\/selle-royal-satula-freeway-fit\/#breadcrumb","itemListElement":[{"@type":"ListItem","position":1,"name":"Etusivu","item":"https:\/\/vmsport.fi\/"},{"@type":"ListItem","position":2,"name":"Online Store","item":"https:\/\/vmsport.fi\/en\/online-store\/"},{"@type":"ListItem","position":3,"name":"Selle Royal Satula Freeway Fit"}]},{"@type":"WebSite","@id":"https:\/\/vmsport.fi\/#website","url":"https:\/\/vmsport.fi\/","name":"Vmsport","description":"Allt p\u00e5 ett st\u00e4lle f\u00f6r cykling","publisher":{"@id":"https:\/\/vmsport.fi\/#organization"},"potentialAction":[{"@type":"SearchAction","target":{"@type":"EntryPoint","urlTemplate":"https:\/\/vmsport.fi\/?s={search_term_string}"},"query-input":{"@type":"PropertyValueSpecification","valueRequired":true,"valueName":"search_term_string"}}],"inLanguage":"sv-SE"},{"@type":"Organization","@id":"https:\/\/vmsport.fi\/#organization","name":"Vmsport","url":"https:\/\/vmsport.fi\/","logo":{"@type":"ImageObject","inLanguage":"sv-SE","@id":"https:\/\/vmsport.fi\/#\/schema\/logo\/image\/","url":"https:\/\/vmsport.fi\/wp-content\/uploads\/2024\/12\/vm_sport_RGB_horisontal-e1734526017575.png","contentUrl":"https:\/\/vmsport.fi\/wp-content\/uploads\/2024\/12\/vm_sport_RGB_horisontal-e1734526017575.png","width":668,"height":85,"caption":"Vmsport"},"image":{"@id":"https:\/\/vmsport.fi\/#\/schema\/logo\/image\/"},"sameAs":["https:\/\/www.facebook.com\/Vmsport.fi\/","https:\/\/www.instagram.com\/vmsport\/"]}]}},"global_unique_id":"","_links":{"self":[{"href":"https:\/\/vmsport.fi\/sv\/wp-json\/wp\/v2\/product\/56589","targetHints":{"allow":["GET"]}}],"collection":[{"href":"https:\/\/vmsport.fi\/sv\/wp-json\/wp\/v2\/product"}],"about":[{"href":"https:\/\/vmsport.fi\/sv\/wp-json\/wp\/v2\/types\/product"}],"replies":[{"embeddable":true,"href":"https:\/\/vmsport.fi\/sv\/wp-json\/wp\/v2\/comments?post=56589"}],"wp:featuredmedia":[{"embeddable":true,"href":"https:\/\/vmsport.fi\/sv\/wp-json\/wp\/v2\/media\/56588"}],"wp:attachment":[{"href":"https:\/\/vmsport.fi\/sv\/wp-json\/wp\/v2\/media?parent=56589"}],"wp:term":[{"taxonomy":"product_brand","embeddable":true,"href":"https:\/\/vmsport.fi\/sv\/wp-json\/wp\/v2\/product_brand?post=56589"},{"taxonomy":"product_model","embeddable":true,"href":"https:\/\/vmsport.fi\/sv\/wp-json\/wp\/v2\/product_model?post=56589"},{"taxonomy":"product_cat","embeddable":true,"href":"https:\/\/vmsport.fi\/sv\/wp-json\/wp\/v2\/product_cat?post=56589"},{"taxonomy":"product_tag","embeddable":true,"href":"https:\/\/vmsport.fi\/sv\/wp-json\/wp\/v2\/product_tag?post=56589"},{"taxonomy":"industry_terminology","embeddable":true,"href":"https:\/\/vmsport.fi\/sv\/wp-json\/wp\/v2\/industry-terminology?post=56589"}],"curies":[{"name":"wp","href":"https:\/\/api.w.org\/{rel}","templated":true}]}}