{"id":56564,"date":"2025-03-06T00:21:20","date_gmt":"2025-03-05T22:21:20","guid":{"rendered":"https:\/\/vmsport.fi\/verkkokauppa\/Ei-luokiteltu\/flight-jacket-mtt-blk-blk-w-prizm-road\/"},"modified":"2026-01-16T13:25:53","modified_gmt":"2026-01-16T11:25:53","slug":"flygjacka-mtt-blk-blk-w-prizm-road","status":"publish","type":"product","link":"https:\/\/vmsport.fi\/sv\/verkkokauppa\/ajovarusteet\/ajolasit\/flight-jacket-mtt-blk-blk-w-prizm-road\/","title":{"rendered":"Flight Jacket Mtt Blk\/Blk med PRIZM Road"},"content":{"rendered":"<p>Flight Jacket Mtt Blk\/Blk-solglas\u00f6gonen med den unika Prizm Road-linsen ger utm\u00e4rkt klarhet och kontrast, s\u00e4rskilt f\u00f6r cykling och sport. Den mattsvarta b\u00e5gen ger elegans och prestanda med sin aerodynamiska design. Dessa solglas\u00f6gon \u00e4r utformade f\u00f6r att effektivt skydda dina \u00f6gon under en m\u00e4ngd olika f\u00f6rh\u00e5llanden. Den innovativa designen f\u00f6rb\u00e4ttrar luftfl\u00f6det, vilket g\u00f6r dem till ett perfekt val f\u00f6r sportaktiviteter, \u00e4ven \u00f6ver l\u00e5nga avst\u00e5nd.<\/p>","protected":false},"excerpt":{"rendered":"<p>Flight Jacket Mtt Blk\/Blk -aurinkolasit, joissa on ainutlaatuinen Prizm Road -linssi, tarjoavat erinomaisen kirkkauden ja kontrastin erityisesti py\u00f6r\u00e4ilyyn ja urheiluun. Mattamusta kehys lis\u00e4\u00e4 tyylikkyytt\u00e4 ja suorituskyky\u00e4 aerodynaamisella muotoilullaan. N\u00e4m\u00e4 aurinkolasit on suunniteltu suojaamaan silmi\u00e4 tehokkaasti erilaisissa olosuhteissa. Innovatiivinen rakenne parantaa ilmavirtausta, mik\u00e4 tekee niist\u00e4 ihanteellisen valinnan urheilusuorituksiin pitkill\u00e4kin matkoilla. [&#8230;]<\/p>\n<p><a class=\"btn btn-secondary understrap-read-more-link\" href=\"https:\/\/vmsport.fi\/sv\/verkkokauppa\/ajovarusteet\/ajolasit\/flight-jacket-mtt-blk-blk-w-prizm-road\/\">L\u00e4s mer \u2026<span class=\"screen-reader-text\"> from Flight Jacket Mtt Blk\/Blk w\/ PRIZM Road<\/span><\/a><\/p>\n","protected":false},"featured_media":56562,"comment_status":"open","ping_status":"closed","template":"","meta":{"_acf_changed":false,"_improvement_type_select":"improve_an_existing","_thumb_yes_seoaic":false,"_frame_yes_seoaic":false,"seoaic_generate_description":"","seoaic_improve_instructions_prompt":"","seoaic_rollback_content_improvement":"","seoaic_idea_thumbnail_generator":"","thumbnail_generated":false,"thumbnail_generate_prompt":"","seoaic_article_description":"","_supplier_stock_quantity":0},"product_brand":[],"product_model":[],"product_cat":[9280],"product_tag":[],"industry-terminology":[],"class_list":{"0":"post-56564","1":"product","2":"type-product","3":"status-publish","4":"has-post-thumbnail","6":"product_cat-ajolasit","8":"first","9":"outofstock","10":"taxable","11":"shipping-taxable","12":"product-type-simple"},"acf":{"bike_features":null,"overview":{"copy_overview":null,"key_features":null,"statement":"","youtube_url":""}},"yoast_head":"<!-- This site is optimized with the Yoast SEO plugin v27.3 - https:\/\/yoast.com\/product\/yoast-seo-wordpress\/ -->\n<title>Flight Jacket Mtt Blk\/Blk w\/ PRIZM Road - VM Sport<\/title>\n<meta name=\"robots\" content=\"index, follow, max-snippet:-1, max-image-preview:large, max-video-preview:-1\" \/>\n<link rel=\"canonical\" href=\"https:\/\/vmsport.fi\/sv\/webbutik\/korutrustning\/drivande-glasogon\/flygjacka-mtt-blk-blk-w-prizm-road\/\" \/>\n<meta property=\"og:locale\" content=\"sv_SE\" \/>\n<meta property=\"og:type\" content=\"article\" \/>\n<meta property=\"og:title\" content=\"Flight Jacket Mtt Blk\/Blk w\/ PRIZM Road - VM Sport\" \/>\n<meta property=\"og:description\" content=\"Flight Jacket Mtt Blk\/Blk -aurinkolasit, joissa on ainutlaatuinen Prizm Road -linssi, tarjoavat erinomaisen kirkkauden ja kontrastin erityisesti py\u00f6r\u00e4ilyyn ja urheiluun. Mattamusta kehys lis\u00e4\u00e4 tyylikkyytt\u00e4 ja suorituskyky\u00e4 aerodynaamisella muotoilullaan. N\u00e4m\u00e4 aurinkolasit on suunniteltu suojaamaan silmi\u00e4 tehokkaasti erilaisissa olosuhteissa. Innovatiivinen rakenne parantaa ilmavirtausta, mik\u00e4 tekee niist\u00e4 ihanteellisen valinnan urheilusuorituksiin pitkill\u00e4kin matkoilla. [...]L\u00e4s mer \u2026 from Flight Jacket Mtt Blk\/Blk w\/ PRIZM Road\" \/>\n<meta property=\"og:url\" content=\"https:\/\/vmsport.fi\/sv\/webbutik\/korutrustning\/drivande-glasogon\/flygjacka-mtt-blk-blk-w-prizm-road\/\" \/>\n<meta property=\"og:site_name\" content=\"VM Sport\" \/>\n<meta property=\"article:publisher\" content=\"https:\/\/www.facebook.com\/Vmsport.fi\/\" \/>\n<meta property=\"article:modified_time\" content=\"2026-01-16T11:25:53+00:00\" \/>\n<meta property=\"og:image\" content=\"https:\/\/vmsport.fi\/wp-content\/uploads\/2025\/03\/cabd6815-e3e9-488f-af6c-3cb5a25e5791-1.jpg\" \/>\n\t<meta property=\"og:image:width\" content=\"1000\" \/>\n\t<meta property=\"og:image:height\" content=\"520\" \/>\n\t<meta property=\"og:image:type\" content=\"image\/jpeg\" \/>\n<meta name=\"twitter:card\" content=\"summary_large_image\" \/>\n<script type=\"application\/ld+json\" class=\"yoast-schema-graph\">{\"@context\":\"https:\\\/\\\/schema.org\",\"@graph\":[{\"@type\":[\"WebPage\",\"ItemPage\"],\"@id\":\"https:\\\/\\\/vmsport.fi\\\/verkkokauppa\\\/ajovarusteet\\\/ajolasit\\\/flight-jacket-mtt-blk-blk-w-prizm-road\\\/\",\"url\":\"https:\\\/\\\/vmsport.fi\\\/verkkokauppa\\\/ajovarusteet\\\/ajolasit\\\/flight-jacket-mtt-blk-blk-w-prizm-road\\\/\",\"name\":\"Flight Jacket Mtt Blk\\\/Blk w\\\/ PRIZM Road - VM Sport\",\"isPartOf\":{\"@id\":\"https:\\\/\\\/vmsport.fi\\\/#website\"},\"primaryImageOfPage\":{\"@id\":\"https:\\\/\\\/vmsport.fi\\\/verkkokauppa\\\/ajovarusteet\\\/ajolasit\\\/flight-jacket-mtt-blk-blk-w-prizm-road\\\/#primaryimage\"},\"image\":{\"@id\":\"https:\\\/\\\/vmsport.fi\\\/verkkokauppa\\\/ajovarusteet\\\/ajolasit\\\/flight-jacket-mtt-blk-blk-w-prizm-road\\\/#primaryimage\"},\"thumbnailUrl\":\"https:\\\/\\\/vmsport.fi\\\/wp-content\\\/uploads\\\/2025\\\/03\\\/cabd6815-e3e9-488f-af6c-3cb5a25e5791-1.jpg\",\"datePublished\":\"2025-03-05T22:21:20+00:00\",\"dateModified\":\"2026-01-16T11:25:53+00:00\",\"breadcrumb\":{\"@id\":\"https:\\\/\\\/vmsport.fi\\\/verkkokauppa\\\/ajovarusteet\\\/ajolasit\\\/flight-jacket-mtt-blk-blk-w-prizm-road\\\/#breadcrumb\"},\"inLanguage\":\"sv-SE\",\"potentialAction\":[{\"@type\":\"ReadAction\",\"target\":[\"https:\\\/\\\/vmsport.fi\\\/verkkokauppa\\\/ajovarusteet\\\/ajolasit\\\/flight-jacket-mtt-blk-blk-w-prizm-road\\\/\"]}]},{\"@type\":\"ImageObject\",\"inLanguage\":\"sv-SE\",\"@id\":\"https:\\\/\\\/vmsport.fi\\\/verkkokauppa\\\/ajovarusteet\\\/ajolasit\\\/flight-jacket-mtt-blk-blk-w-prizm-road\\\/#primaryimage\",\"url\":\"https:\\\/\\\/vmsport.fi\\\/wp-content\\\/uploads\\\/2025\\\/03\\\/cabd6815-e3e9-488f-af6c-3cb5a25e5791-1.jpg\",\"contentUrl\":\"https:\\\/\\\/vmsport.fi\\\/wp-content\\\/uploads\\\/2025\\\/03\\\/cabd6815-e3e9-488f-af6c-3cb5a25e5791-1.jpg\",\"width\":1000,\"height\":520,\"caption\":\"cabd6815-e3e9-488f-af6c-3cb5a25e5791\"},{\"@type\":\"BreadcrumbList\",\"@id\":\"https:\\\/\\\/vmsport.fi\\\/verkkokauppa\\\/ajovarusteet\\\/ajolasit\\\/flight-jacket-mtt-blk-blk-w-prizm-road\\\/#breadcrumb\",\"itemListElement\":[{\"@type\":\"ListItem\",\"position\":1,\"name\":\"Etusivu\",\"item\":\"https:\\\/\\\/vmsport.fi\\\/\"},{\"@type\":\"ListItem\",\"position\":2,\"name\":\"Online Store\",\"item\":\"https:\\\/\\\/vmsport.fi\\\/en\\\/online-store\\\/\"},{\"@type\":\"ListItem\",\"position\":3,\"name\":\"Flight Jacket Mtt Blk\\\/Blk w\\\/ PRIZM Road\"}]},{\"@type\":\"WebSite\",\"@id\":\"https:\\\/\\\/vmsport.fi\\\/#website\",\"url\":\"https:\\\/\\\/vmsport.fi\\\/\",\"name\":\"Vmsport\",\"description\":\"Kaikki py\u00f6r\u00e4ilyyn yhdest\u00e4 paikasta\",\"publisher\":{\"@id\":\"https:\\\/\\\/vmsport.fi\\\/#organization\"},\"potentialAction\":[{\"@type\":\"SearchAction\",\"target\":{\"@type\":\"EntryPoint\",\"urlTemplate\":\"https:\\\/\\\/vmsport.fi\\\/?s={search_term_string}\"},\"query-input\":{\"@type\":\"PropertyValueSpecification\",\"valueRequired\":true,\"valueName\":\"search_term_string\"}}],\"inLanguage\":\"sv-SE\"},{\"@type\":\"Organization\",\"@id\":\"https:\\\/\\\/vmsport.fi\\\/#organization\",\"name\":\"Vmsport\",\"url\":\"https:\\\/\\\/vmsport.fi\\\/\",\"logo\":{\"@type\":\"ImageObject\",\"inLanguage\":\"sv-SE\",\"@id\":\"https:\\\/\\\/vmsport.fi\\\/#\\\/schema\\\/logo\\\/image\\\/\",\"url\":\"https:\\\/\\\/vmsport.fi\\\/wp-content\\\/uploads\\\/2024\\\/12\\\/vm_sport_RGB_horisontal-e1734526017575.png\",\"contentUrl\":\"https:\\\/\\\/vmsport.fi\\\/wp-content\\\/uploads\\\/2024\\\/12\\\/vm_sport_RGB_horisontal-e1734526017575.png\",\"width\":668,\"height\":85,\"caption\":\"Vmsport\"},\"image\":{\"@id\":\"https:\\\/\\\/vmsport.fi\\\/#\\\/schema\\\/logo\\\/image\\\/\"},\"sameAs\":[\"https:\\\/\\\/www.facebook.com\\\/Vmsport.fi\\\/\",\"https:\\\/\\\/www.instagram.com\\\/vmsport\\\/\"]}]}<\/script>\n<!-- \/ Yoast SEO plugin. -->","yoast_head_json":{"title":"Flight Jacket Mtt Blk\/Blk med PRIZM Road - VM Sport","robots":{"index":"index","follow":"follow","max-snippet":"max-snippet:-1","max-image-preview":"max-image-preview:large","max-video-preview":"max-video-preview:-1"},"canonical":"https:\/\/vmsport.fi\/sv\/webbutik\/korutrustning\/drivande-glasogon\/flygjacka-mtt-blk-blk-w-prizm-road\/","og_locale":"sv_SE","og_type":"article","og_title":"Flight Jacket Mtt Blk\/Blk w\/ PRIZM Road - VM Sport","og_description":"Flight Jacket Mtt Blk\/Blk -aurinkolasit, joissa on ainutlaatuinen Prizm Road -linssi, tarjoavat erinomaisen kirkkauden ja kontrastin erityisesti py\u00f6r\u00e4ilyyn ja urheiluun. Mattamusta kehys lis\u00e4\u00e4 tyylikkyytt\u00e4 ja suorituskyky\u00e4 aerodynaamisella muotoilullaan. N\u00e4m\u00e4 aurinkolasit on suunniteltu suojaamaan silmi\u00e4 tehokkaasti erilaisissa olosuhteissa. Innovatiivinen rakenne parantaa ilmavirtausta, mik\u00e4 tekee niist\u00e4 ihanteellisen valinnan urheilusuorituksiin pitkill\u00e4kin matkoilla. [...]L\u00e4s mer \u2026 from Flight Jacket Mtt Blk\/Blk w\/ PRIZM Road","og_url":"https:\/\/vmsport.fi\/sv\/webbutik\/korutrustning\/drivande-glasogon\/flygjacka-mtt-blk-blk-w-prizm-road\/","og_site_name":"VM Sport","article_publisher":"https:\/\/www.facebook.com\/Vmsport.fi\/","article_modified_time":"2026-01-16T11:25:53+00:00","og_image":[{"width":1000,"height":520,"url":"https:\/\/vmsport.fi\/wp-content\/uploads\/2025\/03\/cabd6815-e3e9-488f-af6c-3cb5a25e5791-1.jpg","type":"image\/jpeg"}],"twitter_card":"summary_large_image","schema":{"@context":"https:\/\/schema.org","@graph":[{"@type":["WebPage","ItemPage"],"@id":"https:\/\/vmsport.fi\/verkkokauppa\/ajovarusteet\/ajolasit\/flight-jacket-mtt-blk-blk-w-prizm-road\/","url":"https:\/\/vmsport.fi\/verkkokauppa\/ajovarusteet\/ajolasit\/flight-jacket-mtt-blk-blk-w-prizm-road\/","name":"Flight Jacket Mtt Blk\/Blk med PRIZM Road - VM Sport","isPartOf":{"@id":"https:\/\/vmsport.fi\/#website"},"primaryImageOfPage":{"@id":"https:\/\/vmsport.fi\/verkkokauppa\/ajovarusteet\/ajolasit\/flight-jacket-mtt-blk-blk-w-prizm-road\/#primaryimage"},"image":{"@id":"https:\/\/vmsport.fi\/verkkokauppa\/ajovarusteet\/ajolasit\/flight-jacket-mtt-blk-blk-w-prizm-road\/#primaryimage"},"thumbnailUrl":"https:\/\/vmsport.fi\/wp-content\/uploads\/2025\/03\/cabd6815-e3e9-488f-af6c-3cb5a25e5791-1.jpg","datePublished":"2025-03-05T22:21:20+00:00","dateModified":"2026-01-16T11:25:53+00:00","breadcrumb":{"@id":"https:\/\/vmsport.fi\/verkkokauppa\/ajovarusteet\/ajolasit\/flight-jacket-mtt-blk-blk-w-prizm-road\/#breadcrumb"},"inLanguage":"sv-SE","potentialAction":[{"@type":"ReadAction","target":["https:\/\/vmsport.fi\/verkkokauppa\/ajovarusteet\/ajolasit\/flight-jacket-mtt-blk-blk-w-prizm-road\/"]}]},{"@type":"ImageObject","inLanguage":"sv-SE","@id":"https:\/\/vmsport.fi\/verkkokauppa\/ajovarusteet\/ajolasit\/flight-jacket-mtt-blk-blk-w-prizm-road\/#primaryimage","url":"https:\/\/vmsport.fi\/wp-content\/uploads\/2025\/03\/cabd6815-e3e9-488f-af6c-3cb5a25e5791-1.jpg","contentUrl":"https:\/\/vmsport.fi\/wp-content\/uploads\/2025\/03\/cabd6815-e3e9-488f-af6c-3cb5a25e5791-1.jpg","width":1000,"height":520,"caption":"cabd6815-e3e9-488f-af6c-3cb5a25e5791"},{"@type":"BreadcrumbList","@id":"https:\/\/vmsport.fi\/verkkokauppa\/ajovarusteet\/ajolasit\/flight-jacket-mtt-blk-blk-w-prizm-road\/#breadcrumb","itemListElement":[{"@type":"ListItem","position":1,"name":"Etusivu","item":"https:\/\/vmsport.fi\/"},{"@type":"ListItem","position":2,"name":"Online Store","item":"https:\/\/vmsport.fi\/en\/online-store\/"},{"@type":"ListItem","position":3,"name":"Flight Jacket Mtt Blk\/Blk w\/ PRIZM Road"}]},{"@type":"WebSite","@id":"https:\/\/vmsport.fi\/#website","url":"https:\/\/vmsport.fi\/","name":"Vmsport","description":"Allt p\u00e5 ett st\u00e4lle f\u00f6r cykling","publisher":{"@id":"https:\/\/vmsport.fi\/#organization"},"potentialAction":[{"@type":"SearchAction","target":{"@type":"EntryPoint","urlTemplate":"https:\/\/vmsport.fi\/?s={search_term_string}"},"query-input":{"@type":"PropertyValueSpecification","valueRequired":true,"valueName":"search_term_string"}}],"inLanguage":"sv-SE"},{"@type":"Organization","@id":"https:\/\/vmsport.fi\/#organization","name":"Vmsport","url":"https:\/\/vmsport.fi\/","logo":{"@type":"ImageObject","inLanguage":"sv-SE","@id":"https:\/\/vmsport.fi\/#\/schema\/logo\/image\/","url":"https:\/\/vmsport.fi\/wp-content\/uploads\/2024\/12\/vm_sport_RGB_horisontal-e1734526017575.png","contentUrl":"https:\/\/vmsport.fi\/wp-content\/uploads\/2024\/12\/vm_sport_RGB_horisontal-e1734526017575.png","width":668,"height":85,"caption":"Vmsport"},"image":{"@id":"https:\/\/vmsport.fi\/#\/schema\/logo\/image\/"},"sameAs":["https:\/\/www.facebook.com\/Vmsport.fi\/","https:\/\/www.instagram.com\/vmsport\/"]}]}},"global_unique_id":"","_links":{"self":[{"href":"https:\/\/vmsport.fi\/sv\/wp-json\/wp\/v2\/product\/56564","targetHints":{"allow":["GET"]}}],"collection":[{"href":"https:\/\/vmsport.fi\/sv\/wp-json\/wp\/v2\/product"}],"about":[{"href":"https:\/\/vmsport.fi\/sv\/wp-json\/wp\/v2\/types\/product"}],"replies":[{"embeddable":true,"href":"https:\/\/vmsport.fi\/sv\/wp-json\/wp\/v2\/comments?post=56564"}],"wp:featuredmedia":[{"embeddable":true,"href":"https:\/\/vmsport.fi\/sv\/wp-json\/wp\/v2\/media\/56562"}],"wp:attachment":[{"href":"https:\/\/vmsport.fi\/sv\/wp-json\/wp\/v2\/media?parent=56564"}],"wp:term":[{"taxonomy":"product_brand","embeddable":true,"href":"https:\/\/vmsport.fi\/sv\/wp-json\/wp\/v2\/product_brand?post=56564"},{"taxonomy":"product_model","embeddable":true,"href":"https:\/\/vmsport.fi\/sv\/wp-json\/wp\/v2\/product_model?post=56564"},{"taxonomy":"product_cat","embeddable":true,"href":"https:\/\/vmsport.fi\/sv\/wp-json\/wp\/v2\/product_cat?post=56564"},{"taxonomy":"product_tag","embeddable":true,"href":"https:\/\/vmsport.fi\/sv\/wp-json\/wp\/v2\/product_tag?post=56564"},{"taxonomy":"industry_terminology","embeddable":true,"href":"https:\/\/vmsport.fi\/sv\/wp-json\/wp\/v2\/industry-terminology?post=56564"}],"curies":[{"name":"wp","href":"https:\/\/api.w.org\/{rel}","templated":true}]}}