{"id":56541,"date":"2025-03-06T00:20:57","date_gmt":"2025-03-05T22:20:57","guid":{"rendered":"https:\/\/vmsport.fi\/verkkokauppa\/Ei-luokiteltu\/racktime-snapit-2-0-systemadapter-black-235x127x32-mm\/"},"modified":"2026-01-16T13:23:02","modified_gmt":"2026-01-16T11:23:02","slug":"racktime-snapit-2-0-systemadapter-svart-235x127x32-mm","status":"publish","type":"product","link":"https:\/\/vmsport.fi\/sv\/verkkokauppa\/tarvikkeet\/laukut\/tavaratelinelaukut\/racktime-snapit-2-0-systemadapter-black-235x127x32-mm\/","title":{"rendered":"RACKTIME Snapit 2.0 systemadapter Svart 235x127x32 mm"},"content":{"rendered":"<p>RACKTIME Snapit 2.0-systemadaptern \u00e4r utformad f\u00f6r att passa perfekt med Snap-It 2.0-st\u00e4ll och ger ett s\u00e4kert f\u00e4ste f\u00f6r korg- och v\u00e4skf\u00e4sten baktill p\u00e5 elcykeln. Denna l\u00e4ttanv\u00e4nda adapter har en snabbmonterad mekanism med fyra skruvar. Anv\u00e4ndaren kan enkelt uppgradera fr\u00e5n Snap-It 1.0 till den nya versionen med hj\u00e4lp av endast en stj\u00e4rnskruvmejsel. Adaptern \u00e4r tillverkad av h\u00e5llbar och p\u00e5litlig plast och finns i en snygg svart f\u00e4rg. Den har s\u00e4kerhetsfunktioner som f\u00f6tter och ett l\u00e5s f\u00f6r att f\u00f6rhindra att ansluten utrustning l\u00e4tt lossnar. Dessa funktioner s\u00e4kerst\u00e4ller anv\u00e4ndarv\u00e4nlighet och h\u00e5llbar prestanda f\u00f6r anv\u00e4ndaren. Adaptern m\u00e4ter 235 x 127 x 32 mm och har en maximal lastkapacitet p\u00e5 12 kg, vilket g\u00f6r den till ett utm\u00e4rkt val f\u00f6r innovativa tillbeh\u00f6rsl\u00f6sningar f\u00f6r elcyklar.<\/p>","protected":false},"excerpt":{"rendered":"<p>RACKTIME Snapit 2.0 -j\u00e4rjestelm\u00e4adapteri on suunniteltu sopimaan t\u00e4ydellisesti yhteen Snap-It 2.0 -tarakoiden kanssa, tarjoten varman kiinnityksen kori- ja laukkuasennuksille s\u00e4hk\u00f6py\u00f6r\u00e4n takaosaan. T\u00e4m\u00e4 helppok\u00e4ytt\u00f6inen adapteri hy\u00f6dynt\u00e4\u00e4 nopeaa asennusmekanismia, joka tapahtuu nelj\u00e4ll\u00e4 ruuvilla. K\u00e4ytt\u00e4j\u00e4 voi vaivattomasti p\u00e4ivitt\u00e4\u00e4 Snap-It 1.0 -adapterista uuteen versioon pelkk\u00e4\u00e4 ristip\u00e4\u00e4ruuvimeisseli\u00e4 k\u00e4ytt\u00e4en. Adapteri on valmistettu kest\u00e4v\u00e4st\u00e4 ja luotettavasta muovista, ja sit\u00e4 on saatavana tyylikk\u00e4\u00e4ss\u00e4 [&#8230;]<\/p>\n<p><a class=\"btn btn-secondary understrap-read-more-link\" href=\"https:\/\/vmsport.fi\/sv\/verkkokauppa\/tarvikkeet\/laukut\/tavaratelinelaukut\/racktime-snapit-2-0-systemadapter-black-235x127x32-mm\/\">L\u00e4s mer \u2026<span class=\"screen-reader-text\"> from RACKTIME Snapit 2.0 Systemadapter Black 235x127x32 mm<\/span><\/a><\/p>\n","protected":false},"featured_media":56540,"comment_status":"open","ping_status":"closed","template":"","meta":{"_acf_changed":false,"_improvement_type_select":"improve_an_existing","_thumb_yes_seoaic":false,"_frame_yes_seoaic":false,"seoaic_generate_description":"","seoaic_improve_instructions_prompt":"","seoaic_rollback_content_improvement":"","seoaic_idea_thumbnail_generator":"","thumbnail_generated":false,"thumbnail_generate_prompt":"","seoaic_article_description":"","_supplier_stock_quantity":0},"product_brand":[],"product_model":[],"product_cat":[9592,9596],"product_tag":[],"industry-terminology":[],"class_list":{"0":"post-56541","1":"product","2":"type-product","3":"status-publish","4":"has-post-thumbnail","6":"product_cat-tavaratelinelaukut","7":"product_cat-korit","9":"first","10":"instock","11":"taxable","12":"shipping-taxable","13":"purchasable","14":"product-type-simple"},"acf":{"bike_features":null,"overview":{"copy_overview":null,"key_features":null,"statement":"","youtube_url":""}},"yoast_head":"<!-- This site is optimized with the Yoast SEO plugin v27.3 - https:\/\/yoast.com\/product\/yoast-seo-wordpress\/ -->\n<title>RACKTIME Snapit 2.0 Systemadapter Black 235x127x32 mm - VM Sport<\/title>\n<meta name=\"robots\" content=\"index, follow, max-snippet:-1, max-image-preview:large, max-video-preview:-1\" \/>\n<link rel=\"canonical\" href=\"https:\/\/vmsport.fi\/sv\/webbutik\/tillbehor\/vaskor\/vaskor-for-bagagevagnar\/racktime-snapit-2-0-systemadapter-svart-235x127x32-mm\/\" \/>\n<meta property=\"og:locale\" content=\"sv_SE\" \/>\n<meta property=\"og:type\" content=\"article\" \/>\n<meta property=\"og:title\" content=\"RACKTIME Snapit 2.0 Systemadapter Black 235x127x32 mm - VM Sport\" \/>\n<meta property=\"og:description\" content=\"RACKTIME Snapit 2.0 -j\u00e4rjestelm\u00e4adapteri on suunniteltu sopimaan t\u00e4ydellisesti yhteen Snap-It 2.0 -tarakoiden kanssa, tarjoten varman kiinnityksen kori- ja laukkuasennuksille s\u00e4hk\u00f6py\u00f6r\u00e4n takaosaan. T\u00e4m\u00e4 helppok\u00e4ytt\u00f6inen adapteri hy\u00f6dynt\u00e4\u00e4 nopeaa asennusmekanismia, joka tapahtuu nelj\u00e4ll\u00e4 ruuvilla. K\u00e4ytt\u00e4j\u00e4 voi vaivattomasti p\u00e4ivitt\u00e4\u00e4 Snap-It 1.0 -adapterista uuteen versioon pelkk\u00e4\u00e4 ristip\u00e4\u00e4ruuvimeisseli\u00e4 k\u00e4ytt\u00e4en. Adapteri on valmistettu kest\u00e4v\u00e4st\u00e4 ja luotettavasta muovista, ja sit\u00e4 on saatavana tyylikk\u00e4\u00e4ss\u00e4 [...]L\u00e4s mer \u2026 from RACKTIME Snapit 2.0 Systemadapter Black 235x127x32 mm\" \/>\n<meta property=\"og:url\" content=\"https:\/\/vmsport.fi\/sv\/webbutik\/tillbehor\/vaskor\/vaskor-for-bagagevagnar\/racktime-snapit-2-0-systemadapter-svart-235x127x32-mm\/\" \/>\n<meta property=\"og:site_name\" content=\"VM Sport\" \/>\n<meta property=\"article:publisher\" content=\"https:\/\/www.facebook.com\/Vmsport.fi\/\" \/>\n<meta property=\"article:modified_time\" content=\"2026-01-16T11:23:02+00:00\" \/>\n<meta property=\"og:image\" content=\"https:\/\/vmsport.fi\/wp-content\/uploads\/2025\/03\/dJRxaZVPq75G9vrxMVAuqxAviNxKcSvDFvjE59ZzC0CwI7pxRV-1.jpg\" \/>\n\t<meta property=\"og:image:width\" content=\"800\" \/>\n\t<meta property=\"og:image:height\" content=\"800\" \/>\n\t<meta property=\"og:image:type\" content=\"image\/jpeg\" \/>\n<meta name=\"twitter:card\" content=\"summary_large_image\" \/>\n<meta name=\"twitter:label1\" content=\"Ber\u00e4knad l\u00e4stid\" \/>\n\t<meta name=\"twitter:data1\" content=\"1 minut\" \/>\n<script type=\"application\/ld+json\" class=\"yoast-schema-graph\">{\"@context\":\"https:\\\/\\\/schema.org\",\"@graph\":[{\"@type\":[\"WebPage\",\"ItemPage\"],\"@id\":\"https:\\\/\\\/vmsport.fi\\\/verkkokauppa\\\/tarvikkeet\\\/laukut\\\/tavaratelinelaukut\\\/racktime-snapit-2-0-systemadapter-black-235x127x32-mm\\\/\",\"url\":\"https:\\\/\\\/vmsport.fi\\\/verkkokauppa\\\/tarvikkeet\\\/laukut\\\/tavaratelinelaukut\\\/racktime-snapit-2-0-systemadapter-black-235x127x32-mm\\\/\",\"name\":\"RACKTIME Snapit 2.0 Systemadapter Black 235x127x32 mm - VM Sport\",\"isPartOf\":{\"@id\":\"https:\\\/\\\/vmsport.fi\\\/#website\"},\"primaryImageOfPage\":{\"@id\":\"https:\\\/\\\/vmsport.fi\\\/verkkokauppa\\\/tarvikkeet\\\/laukut\\\/tavaratelinelaukut\\\/racktime-snapit-2-0-systemadapter-black-235x127x32-mm\\\/#primaryimage\"},\"image\":{\"@id\":\"https:\\\/\\\/vmsport.fi\\\/verkkokauppa\\\/tarvikkeet\\\/laukut\\\/tavaratelinelaukut\\\/racktime-snapit-2-0-systemadapter-black-235x127x32-mm\\\/#primaryimage\"},\"thumbnailUrl\":\"https:\\\/\\\/vmsport.fi\\\/wp-content\\\/uploads\\\/2025\\\/03\\\/dJRxaZVPq75G9vrxMVAuqxAviNxKcSvDFvjE59ZzC0CwI7pxRV-1.jpg\",\"datePublished\":\"2025-03-05T22:20:57+00:00\",\"dateModified\":\"2026-01-16T11:23:02+00:00\",\"breadcrumb\":{\"@id\":\"https:\\\/\\\/vmsport.fi\\\/verkkokauppa\\\/tarvikkeet\\\/laukut\\\/tavaratelinelaukut\\\/racktime-snapit-2-0-systemadapter-black-235x127x32-mm\\\/#breadcrumb\"},\"inLanguage\":\"sv-SE\",\"potentialAction\":[{\"@type\":\"ReadAction\",\"target\":[\"https:\\\/\\\/vmsport.fi\\\/verkkokauppa\\\/tarvikkeet\\\/laukut\\\/tavaratelinelaukut\\\/racktime-snapit-2-0-systemadapter-black-235x127x32-mm\\\/\"]}]},{\"@type\":\"ImageObject\",\"inLanguage\":\"sv-SE\",\"@id\":\"https:\\\/\\\/vmsport.fi\\\/verkkokauppa\\\/tarvikkeet\\\/laukut\\\/tavaratelinelaukut\\\/racktime-snapit-2-0-systemadapter-black-235x127x32-mm\\\/#primaryimage\",\"url\":\"https:\\\/\\\/vmsport.fi\\\/wp-content\\\/uploads\\\/2025\\\/03\\\/dJRxaZVPq75G9vrxMVAuqxAviNxKcSvDFvjE59ZzC0CwI7pxRV-1.jpg\",\"contentUrl\":\"https:\\\/\\\/vmsport.fi\\\/wp-content\\\/uploads\\\/2025\\\/03\\\/dJRxaZVPq75G9vrxMVAuqxAviNxKcSvDFvjE59ZzC0CwI7pxRV-1.jpg\",\"width\":800,\"height\":800,\"caption\":\"dJRxaZVPq75G9vrxMVAuqxAviNxKcSvDFvjE59ZzC0CwI7pxRV\"},{\"@type\":\"BreadcrumbList\",\"@id\":\"https:\\\/\\\/vmsport.fi\\\/verkkokauppa\\\/tarvikkeet\\\/laukut\\\/tavaratelinelaukut\\\/racktime-snapit-2-0-systemadapter-black-235x127x32-mm\\\/#breadcrumb\",\"itemListElement\":[{\"@type\":\"ListItem\",\"position\":1,\"name\":\"Etusivu\",\"item\":\"https:\\\/\\\/vmsport.fi\\\/\"},{\"@type\":\"ListItem\",\"position\":2,\"name\":\"Online Store\",\"item\":\"https:\\\/\\\/vmsport.fi\\\/en\\\/online-store\\\/\"},{\"@type\":\"ListItem\",\"position\":3,\"name\":\"RACKTIME Snapit 2.0 Systemadapter Black 235x127x32 mm\"}]},{\"@type\":\"WebSite\",\"@id\":\"https:\\\/\\\/vmsport.fi\\\/#website\",\"url\":\"https:\\\/\\\/vmsport.fi\\\/\",\"name\":\"Vmsport\",\"description\":\"Kaikki py\u00f6r\u00e4ilyyn yhdest\u00e4 paikasta\",\"publisher\":{\"@id\":\"https:\\\/\\\/vmsport.fi\\\/#organization\"},\"potentialAction\":[{\"@type\":\"SearchAction\",\"target\":{\"@type\":\"EntryPoint\",\"urlTemplate\":\"https:\\\/\\\/vmsport.fi\\\/?s={search_term_string}\"},\"query-input\":{\"@type\":\"PropertyValueSpecification\",\"valueRequired\":true,\"valueName\":\"search_term_string\"}}],\"inLanguage\":\"sv-SE\"},{\"@type\":\"Organization\",\"@id\":\"https:\\\/\\\/vmsport.fi\\\/#organization\",\"name\":\"Vmsport\",\"url\":\"https:\\\/\\\/vmsport.fi\\\/\",\"logo\":{\"@type\":\"ImageObject\",\"inLanguage\":\"sv-SE\",\"@id\":\"https:\\\/\\\/vmsport.fi\\\/#\\\/schema\\\/logo\\\/image\\\/\",\"url\":\"https:\\\/\\\/vmsport.fi\\\/wp-content\\\/uploads\\\/2024\\\/12\\\/vm_sport_RGB_horisontal-e1734526017575.png\",\"contentUrl\":\"https:\\\/\\\/vmsport.fi\\\/wp-content\\\/uploads\\\/2024\\\/12\\\/vm_sport_RGB_horisontal-e1734526017575.png\",\"width\":668,\"height\":85,\"caption\":\"Vmsport\"},\"image\":{\"@id\":\"https:\\\/\\\/vmsport.fi\\\/#\\\/schema\\\/logo\\\/image\\\/\"},\"sameAs\":[\"https:\\\/\\\/www.facebook.com\\\/Vmsport.fi\\\/\",\"https:\\\/\\\/www.instagram.com\\\/vmsport\\\/\"]}]}<\/script>\n<!-- \/ Yoast SEO plugin. -->","yoast_head_json":{"title":"RACKTIME Snapit 2.0 systemadapter Svart 235x127x32 mm - VM Sport","robots":{"index":"index","follow":"follow","max-snippet":"max-snippet:-1","max-image-preview":"max-image-preview:large","max-video-preview":"max-video-preview:-1"},"canonical":"https:\/\/vmsport.fi\/sv\/webbutik\/tillbehor\/vaskor\/vaskor-for-bagagevagnar\/racktime-snapit-2-0-systemadapter-svart-235x127x32-mm\/","og_locale":"sv_SE","og_type":"article","og_title":"RACKTIME Snapit 2.0 Systemadapter Black 235x127x32 mm - VM Sport","og_description":"RACKTIME Snapit 2.0 -j\u00e4rjestelm\u00e4adapteri on suunniteltu sopimaan t\u00e4ydellisesti yhteen Snap-It 2.0 -tarakoiden kanssa, tarjoten varman kiinnityksen kori- ja laukkuasennuksille s\u00e4hk\u00f6py\u00f6r\u00e4n takaosaan. T\u00e4m\u00e4 helppok\u00e4ytt\u00f6inen adapteri hy\u00f6dynt\u00e4\u00e4 nopeaa asennusmekanismia, joka tapahtuu nelj\u00e4ll\u00e4 ruuvilla. K\u00e4ytt\u00e4j\u00e4 voi vaivattomasti p\u00e4ivitt\u00e4\u00e4 Snap-It 1.0 -adapterista uuteen versioon pelkk\u00e4\u00e4 ristip\u00e4\u00e4ruuvimeisseli\u00e4 k\u00e4ytt\u00e4en. Adapteri on valmistettu kest\u00e4v\u00e4st\u00e4 ja luotettavasta muovista, ja sit\u00e4 on saatavana tyylikk\u00e4\u00e4ss\u00e4 [...]L\u00e4s mer \u2026 from RACKTIME Snapit 2.0 Systemadapter Black 235x127x32 mm","og_url":"https:\/\/vmsport.fi\/sv\/webbutik\/tillbehor\/vaskor\/vaskor-for-bagagevagnar\/racktime-snapit-2-0-systemadapter-svart-235x127x32-mm\/","og_site_name":"VM Sport","article_publisher":"https:\/\/www.facebook.com\/Vmsport.fi\/","article_modified_time":"2026-01-16T11:23:02+00:00","og_image":[{"width":800,"height":800,"url":"https:\/\/vmsport.fi\/wp-content\/uploads\/2025\/03\/dJRxaZVPq75G9vrxMVAuqxAviNxKcSvDFvjE59ZzC0CwI7pxRV-1.jpg","type":"image\/jpeg"}],"twitter_card":"summary_large_image","twitter_misc":{"Ber\u00e4knad l\u00e4stid":"1 minut"},"schema":{"@context":"https:\/\/schema.org","@graph":[{"@type":["WebPage","ItemPage"],"@id":"https:\/\/vmsport.fi\/verkkokauppa\/tarvikkeet\/laukut\/tavaratelinelaukut\/racktime-snapit-2-0-systemadapter-black-235x127x32-mm\/","url":"https:\/\/vmsport.fi\/verkkokauppa\/tarvikkeet\/laukut\/tavaratelinelaukut\/racktime-snapit-2-0-systemadapter-black-235x127x32-mm\/","name":"RACKTIME Snapit 2.0 systemadapter Svart 235x127x32 mm - VM Sport","isPartOf":{"@id":"https:\/\/vmsport.fi\/#website"},"primaryImageOfPage":{"@id":"https:\/\/vmsport.fi\/verkkokauppa\/tarvikkeet\/laukut\/tavaratelinelaukut\/racktime-snapit-2-0-systemadapter-black-235x127x32-mm\/#primaryimage"},"image":{"@id":"https:\/\/vmsport.fi\/verkkokauppa\/tarvikkeet\/laukut\/tavaratelinelaukut\/racktime-snapit-2-0-systemadapter-black-235x127x32-mm\/#primaryimage"},"thumbnailUrl":"https:\/\/vmsport.fi\/wp-content\/uploads\/2025\/03\/dJRxaZVPq75G9vrxMVAuqxAviNxKcSvDFvjE59ZzC0CwI7pxRV-1.jpg","datePublished":"2025-03-05T22:20:57+00:00","dateModified":"2026-01-16T11:23:02+00:00","breadcrumb":{"@id":"https:\/\/vmsport.fi\/verkkokauppa\/tarvikkeet\/laukut\/tavaratelinelaukut\/racktime-snapit-2-0-systemadapter-black-235x127x32-mm\/#breadcrumb"},"inLanguage":"sv-SE","potentialAction":[{"@type":"ReadAction","target":["https:\/\/vmsport.fi\/verkkokauppa\/tarvikkeet\/laukut\/tavaratelinelaukut\/racktime-snapit-2-0-systemadapter-black-235x127x32-mm\/"]}]},{"@type":"ImageObject","inLanguage":"sv-SE","@id":"https:\/\/vmsport.fi\/verkkokauppa\/tarvikkeet\/laukut\/tavaratelinelaukut\/racktime-snapit-2-0-systemadapter-black-235x127x32-mm\/#primaryimage","url":"https:\/\/vmsport.fi\/wp-content\/uploads\/2025\/03\/dJRxaZVPq75G9vrxMVAuqxAviNxKcSvDFvjE59ZzC0CwI7pxRV-1.jpg","contentUrl":"https:\/\/vmsport.fi\/wp-content\/uploads\/2025\/03\/dJRxaZVPq75G9vrxMVAuqxAviNxKcSvDFvjE59ZzC0CwI7pxRV-1.jpg","width":800,"height":800,"caption":"dJRxaZVPq75G9vrxMVAuqxAviNxKcSvDFvjE59ZzC0CwI7pxRV"},{"@type":"BreadcrumbList","@id":"https:\/\/vmsport.fi\/verkkokauppa\/tarvikkeet\/laukut\/tavaratelinelaukut\/racktime-snapit-2-0-systemadapter-black-235x127x32-mm\/#breadcrumb","itemListElement":[{"@type":"ListItem","position":1,"name":"Etusivu","item":"https:\/\/vmsport.fi\/"},{"@type":"ListItem","position":2,"name":"Online Store","item":"https:\/\/vmsport.fi\/en\/online-store\/"},{"@type":"ListItem","position":3,"name":"RACKTIME Snapit 2.0 Systemadapter Black 235x127x32 mm"}]},{"@type":"WebSite","@id":"https:\/\/vmsport.fi\/#website","url":"https:\/\/vmsport.fi\/","name":"Vmsport","description":"Allt p\u00e5 ett st\u00e4lle f\u00f6r cykling","publisher":{"@id":"https:\/\/vmsport.fi\/#organization"},"potentialAction":[{"@type":"SearchAction","target":{"@type":"EntryPoint","urlTemplate":"https:\/\/vmsport.fi\/?s={search_term_string}"},"query-input":{"@type":"PropertyValueSpecification","valueRequired":true,"valueName":"search_term_string"}}],"inLanguage":"sv-SE"},{"@type":"Organization","@id":"https:\/\/vmsport.fi\/#organization","name":"Vmsport","url":"https:\/\/vmsport.fi\/","logo":{"@type":"ImageObject","inLanguage":"sv-SE","@id":"https:\/\/vmsport.fi\/#\/schema\/logo\/image\/","url":"https:\/\/vmsport.fi\/wp-content\/uploads\/2024\/12\/vm_sport_RGB_horisontal-e1734526017575.png","contentUrl":"https:\/\/vmsport.fi\/wp-content\/uploads\/2024\/12\/vm_sport_RGB_horisontal-e1734526017575.png","width":668,"height":85,"caption":"Vmsport"},"image":{"@id":"https:\/\/vmsport.fi\/#\/schema\/logo\/image\/"},"sameAs":["https:\/\/www.facebook.com\/Vmsport.fi\/","https:\/\/www.instagram.com\/vmsport\/"]}]}},"global_unique_id":"","_links":{"self":[{"href":"https:\/\/vmsport.fi\/sv\/wp-json\/wp\/v2\/product\/56541","targetHints":{"allow":["GET"]}}],"collection":[{"href":"https:\/\/vmsport.fi\/sv\/wp-json\/wp\/v2\/product"}],"about":[{"href":"https:\/\/vmsport.fi\/sv\/wp-json\/wp\/v2\/types\/product"}],"replies":[{"embeddable":true,"href":"https:\/\/vmsport.fi\/sv\/wp-json\/wp\/v2\/comments?post=56541"}],"wp:featuredmedia":[{"embeddable":true,"href":"https:\/\/vmsport.fi\/sv\/wp-json\/wp\/v2\/media\/56540"}],"wp:attachment":[{"href":"https:\/\/vmsport.fi\/sv\/wp-json\/wp\/v2\/media?parent=56541"}],"wp:term":[{"taxonomy":"product_brand","embeddable":true,"href":"https:\/\/vmsport.fi\/sv\/wp-json\/wp\/v2\/product_brand?post=56541"},{"taxonomy":"product_model","embeddable":true,"href":"https:\/\/vmsport.fi\/sv\/wp-json\/wp\/v2\/product_model?post=56541"},{"taxonomy":"product_cat","embeddable":true,"href":"https:\/\/vmsport.fi\/sv\/wp-json\/wp\/v2\/product_cat?post=56541"},{"taxonomy":"product_tag","embeddable":true,"href":"https:\/\/vmsport.fi\/sv\/wp-json\/wp\/v2\/product_tag?post=56541"},{"taxonomy":"industry_terminology","embeddable":true,"href":"https:\/\/vmsport.fi\/sv\/wp-json\/wp\/v2\/industry-terminology?post=56541"}],"curies":[{"name":"wp","href":"https:\/\/api.w.org\/{rel}","templated":true}]}}