{"id":56527,"date":"2025-03-06T00:20:47","date_gmt":"2025-03-05T22:20:47","guid":{"rendered":"https:\/\/vmsport.fi\/verkkokauppa\/Ei-luokiteltu\/trek-farley-5\/"},"modified":"2026-03-08T02:00:12","modified_gmt":"2026-03-08T00:00:12","slug":"trek-farley-5","status":"publish","type":"product","link":"https:\/\/vmsport.fi\/sv\/verkkokauppa\/polkupyorat\/maastopyorat\/fatbike-pyorat\/trek-farley-5\/","title":{"rendered":"Trek Farley 5"},"content":{"rendered":"<p>Farley 5:n suurikokoiset fatbike-renkaat tarjoavat erinomaisen yhdistelm\u00e4n vakautta, pitoa ja hyv\u00e4\u00e4 vierint\u00e4nopeutta, mik\u00e4 tekee py\u00f6r\u00e4st\u00e4 dynaamisen ja monik\u00e4ytt\u00f6isen eri maastoissa. Hiilikuituhaarukka parantaa ohjattavuutta ja tarjoaa runsaasti kiinnityspisteit\u00e4 tarvikkeille, kuten tavaratelineille ja juomapulloille. Runko on varustettu monilla lis\u00e4varusteiden kiinnityspisteill\u00e4, jotka helpottavat varusteiden kuljettamista pitkille reissuille. Sis\u00e4inen vaijerireititys suojaa osia ja pit\u00e4\u00e4 py\u00f6r\u00e4n siistin\u00e4. Rapid Drive 108 takanapa takaa nopean ja tarkan voimansiirron, mik\u00e4 parantaa hallintaa ja suorituskyky\u00e4 erityisesti haastavissa olosuhteissa.<\/p>","protected":false},"excerpt":{"rendered":"<p>Fatbike-renkaat, hiilikuituhaarukka ja runsaasti kiinnityspisteit\u00e4 tekev\u00e4t t\u00e4st\u00e4 py\u00f6r\u00e4st\u00e4 monipuolisen ja seikkailuihin soveltuvan. [&#8230;]<\/p>\n<p><a class=\"btn btn-secondary understrap-read-more-link\" href=\"https:\/\/vmsport.fi\/sv\/verkkokauppa\/polkupyorat\/maastopyorat\/fatbike-pyorat\/trek-farley-5\/\">L\u00e4s mer \u2026<span class=\"screen-reader-text\"> from Trek Farley 5<\/span><\/a><\/p>\n","protected":false},"featured_media":56516,"comment_status":"open","ping_status":"closed","template":"","meta":{"_acf_changed":false,"_improvement_type_select":"improve_an_existing","_thumb_yes_seoaic":false,"_frame_yes_seoaic":false,"seoaic_generate_description":"","seoaic_improve_instructions_prompt":"","seoaic_rollback_content_improvement":"","seoaic_idea_thumbnail_generator":"","thumbnail_generated":false,"thumbnail_generate_prompt":"","seoaic_article_description":"","_supplier_stock_quantity":0},"product_brand":[37],"product_model":[1559],"product_cat":[9444],"product_tag":[],"industry-terminology":[],"class_list":{"0":"post-56527","1":"product","2":"type-product","3":"status-publish","4":"has-post-thumbnail","6":"product_brand-trek","7":"product_model-farley","8":"product_cat-fatbike-pyorat","10":"first","11":"onbackorder","12":"sale","13":"taxable","14":"shipping-taxable","15":"purchasable","16":"product-type-variable"},"acf":{"bike_features":[{"image":"https:\/\/media.trekbikes.com\/image\/upload\/w_768,c_pad,f_auto,fl_progressive:semi,q_auto\/TK23_Farley_Tech_Features_1","header":"Pulleat ja nopeat","description":"27,5 tuuman fatbike-renkaat tarjoavat erinomaisen yhdistelm\u00e4n maastopitoa, vakautta ja keve\u00e4\u00e4 vierint\u00e4\u00e4."},{"image":"https:\/\/media.trekbikes.com\/image\/upload\/w_768,c_pad,f_auto,fl_progressive:semi,q_auto\/Farley96_23_37020_A_Portrait_16x9_TechFeature","header":"Seikkailuvalmis haarukka","description":"OCLV-hiilikuituhaarukka monilla kiinnityspisteill\u00e4 on muokattavissa juuri sinun tarpeitasi vastaavaksi."},{"image":"https:\/\/media.trekbikes.com\/image\/upload\/w_768,c_pad,f_auto,fl_progressive:semi,q_auto\/TK23_Farley_Tech_Features_2","header":"Varustautuneena luontoon","description":"Runkokiinnikkeet mahdollistavat kaikkien v\u00e4ltt\u00e4m\u00e4tt\u00f6mien varusteiden mukaan ottamisen matkoille."},{"image":"https:\/\/media.trekbikes.com\/image\/upload\/w_768,c_pad,f_auto,fl_progressive:semi,q_auto\/TK23_Farley_Tech_Features_4","header":"Siisti ja k\u00e4yt\u00e4nn\u00f6llinen","description":"Sis\u00e4inen vaijerireititys suojaa vaijerit ja mahdollistaa helpot lis\u00e4varustekiinnitykset."},{"image":"https:\/\/media.trekbikes.com\/image\/upload\/w_768,c_pad,f_auto,fl_progressive:semi,q_auto\/16x9_Rapid_Drive","header":"Rapid Drive 108 -takanapa","description":"108 kosketuspisteen ansiosta Rapid Drive reagoi v\u00e4litt\u00f6m\u00e4sti ja mahdollistaa sujuvan ja tehokkaan nousujen k\u00e4sittelyn."}],"overview":{"copy_overview":[{"overview":"Jokaisen vuodenajan seikkailupy\u00f6r\u00e4, Farley 5, sis\u00e4lt\u00e4\u00e4 kevyen alumiinirungon, jossa innovatiivinen geometria tarjoaa parempaa vakautta ja polkemisen tehokkuutta."},{"overview":"Sen 4,5 tuuman renkaat takaavat kelin ja maaston kuin maaston turvallisuuden."},{"overview":"Tarkasti suunniteltu hiilikuituhaarukka tarjoaa monipuoliset kiinnitysmahdollisuudet pitkillekin retkille."},{"overview":"Sis\u00e4inen vaijerireititys suojaa komponentteja ja tarjoaa minimalistisen ulkon\u00e4\u00f6n."},{"overview":"Laaja vaihdeskaala ja hissitolppavarustus varmistavat paremman k\u00e4sitelt\u00e4vyyden jyrkill\u00e4 ja haastavilla osuuksilla."}],"key_features":[{"feature":"Progressiivinen maastogeometria optimaalista suorituskyky\u00e4 varten."},{"feature":"27,5 tuuman fatbike-renkaat tarjoavat monipuolista pitoa."},{"feature":"Kevyt hiilikuituhaarukka useilla kiinnitysvaihtoehdoilla."},{"feature":"Sis\u00e4inen vaijerireititys siistiin ulkon\u00e4k\u00f6\u00f6n ja suojaan."},{"feature":"Rapid Drive 108 -takanapa nopeaan kiihtyvyyteen."}],"statement":"Farley 5 on suunniteltu monipuolista maastoajamista varten.","youtube_url":"https:\/\/www.youtube.com\/watch?v=P81v1gKQYg8"}},"yoast_head":"<!-- This site is optimized with the Yoast SEO plugin v27.3 - https:\/\/yoast.com\/product\/yoast-seo-wordpress\/ -->\n<title>Trek Farley 5 - VM Sport<\/title>\n<meta name=\"robots\" content=\"index, follow, max-snippet:-1, max-image-preview:large, max-video-preview:-1\" \/>\n<link rel=\"canonical\" href=\"https:\/\/vmsport.fi\/sv\/webbutik\/cyklar\/landskap-cikoria\/fatbike-pyorate\/trek-farley-5\/\" \/>\n<meta property=\"og:locale\" content=\"sv_SE\" \/>\n<meta property=\"og:type\" content=\"article\" \/>\n<meta property=\"og:title\" content=\"Trek Farley 5 - VM Sport\" \/>\n<meta property=\"og:description\" content=\"Fatbike-renkaat, hiilikuituhaarukka ja runsaasti kiinnityspisteit\u00e4 tekev\u00e4t t\u00e4st\u00e4 py\u00f6r\u00e4st\u00e4 monipuolisen ja seikkailuihin soveltuvan. [...]L\u00e4s mer \u2026 from Trek Farley 5\" \/>\n<meta property=\"og:url\" content=\"https:\/\/vmsport.fi\/sv\/webbutik\/cyklar\/landskap-cikoria\/fatbike-pyorate\/trek-farley-5\/\" \/>\n<meta property=\"og:site_name\" content=\"VM Sport\" \/>\n<meta property=\"article:publisher\" content=\"https:\/\/www.facebook.com\/Vmsport.fi\/\" \/>\n<meta property=\"article:modified_time\" content=\"2026-03-08T00:00:12+00:00\" \/>\n<meta property=\"og:image\" content=\"https:\/\/vmsport.fi\/wp-content\/uploads\/2025\/03\/Farley5-23-37018-A-Primary-1.jpg\" \/>\n\t<meta property=\"og:image:width\" content=\"800\" \/>\n\t<meta property=\"og:image:height\" content=\"580\" \/>\n\t<meta property=\"og:image:type\" content=\"image\/jpeg\" \/>\n<meta name=\"twitter:card\" content=\"summary_large_image\" \/>\n<meta name=\"twitter:label1\" content=\"Ber\u00e4knad l\u00e4stid\" \/>\n\t<meta name=\"twitter:data1\" content=\"1 minut\" \/>\n<script type=\"application\/ld+json\" class=\"yoast-schema-graph\">{\"@context\":\"https:\\\/\\\/schema.org\",\"@graph\":[{\"@type\":[\"WebPage\",\"ItemPage\"],\"@id\":\"https:\\\/\\\/vmsport.fi\\\/verkkokauppa\\\/polkupyorat\\\/maastopyorat\\\/fatbike-pyorat\\\/trek-farley-5\\\/\",\"url\":\"https:\\\/\\\/vmsport.fi\\\/verkkokauppa\\\/polkupyorat\\\/maastopyorat\\\/fatbike-pyorat\\\/trek-farley-5\\\/\",\"name\":\"Trek Farley 5 - VM Sport\",\"isPartOf\":{\"@id\":\"https:\\\/\\\/vmsport.fi\\\/#website\"},\"primaryImageOfPage\":{\"@id\":\"https:\\\/\\\/vmsport.fi\\\/verkkokauppa\\\/polkupyorat\\\/maastopyorat\\\/fatbike-pyorat\\\/trek-farley-5\\\/#primaryimage\"},\"image\":{\"@id\":\"https:\\\/\\\/vmsport.fi\\\/verkkokauppa\\\/polkupyorat\\\/maastopyorat\\\/fatbike-pyorat\\\/trek-farley-5\\\/#primaryimage\"},\"thumbnailUrl\":\"https:\\\/\\\/vmsport.fi\\\/wp-content\\\/uploads\\\/2025\\\/03\\\/Farley5-23-37018-A-Primary-1.jpg\",\"datePublished\":\"2025-03-05T22:20:47+00:00\",\"dateModified\":\"2026-03-08T00:00:12+00:00\",\"breadcrumb\":{\"@id\":\"https:\\\/\\\/vmsport.fi\\\/verkkokauppa\\\/polkupyorat\\\/maastopyorat\\\/fatbike-pyorat\\\/trek-farley-5\\\/#breadcrumb\"},\"inLanguage\":\"sv-SE\",\"potentialAction\":[{\"@type\":\"ReadAction\",\"target\":[\"https:\\\/\\\/vmsport.fi\\\/verkkokauppa\\\/polkupyorat\\\/maastopyorat\\\/fatbike-pyorat\\\/trek-farley-5\\\/\"]}]},{\"@type\":\"ImageObject\",\"inLanguage\":\"sv-SE\",\"@id\":\"https:\\\/\\\/vmsport.fi\\\/verkkokauppa\\\/polkupyorat\\\/maastopyorat\\\/fatbike-pyorat\\\/trek-farley-5\\\/#primaryimage\",\"url\":\"https:\\\/\\\/vmsport.fi\\\/wp-content\\\/uploads\\\/2025\\\/03\\\/Farley5-23-37018-A-Primary-1.jpg\",\"contentUrl\":\"https:\\\/\\\/vmsport.fi\\\/wp-content\\\/uploads\\\/2025\\\/03\\\/Farley5-23-37018-A-Primary-1.jpg\",\"width\":800,\"height\":580,\"caption\":\"Farley5-23-37018-A-Primary\"},{\"@type\":\"BreadcrumbList\",\"@id\":\"https:\\\/\\\/vmsport.fi\\\/verkkokauppa\\\/polkupyorat\\\/maastopyorat\\\/fatbike-pyorat\\\/trek-farley-5\\\/#breadcrumb\",\"itemListElement\":[{\"@type\":\"ListItem\",\"position\":1,\"name\":\"Etusivu\",\"item\":\"https:\\\/\\\/vmsport.fi\\\/\"},{\"@type\":\"ListItem\",\"position\":2,\"name\":\"Online Store\",\"item\":\"https:\\\/\\\/vmsport.fi\\\/en\\\/online-store\\\/\"},{\"@type\":\"ListItem\",\"position\":3,\"name\":\"Trek polkupy\u00f6r\u00e4t\",\"item\":\"https:\\\/\\\/vmsport.fi\\\/sv\\\/merkki\\\/trek\\\/\"},{\"@type\":\"ListItem\",\"position\":4,\"name\":\"Trek Farley 5\"}]},{\"@type\":\"WebSite\",\"@id\":\"https:\\\/\\\/vmsport.fi\\\/#website\",\"url\":\"https:\\\/\\\/vmsport.fi\\\/\",\"name\":\"Vmsport\",\"description\":\"Kaikki py\u00f6r\u00e4ilyyn yhdest\u00e4 paikasta\",\"publisher\":{\"@id\":\"https:\\\/\\\/vmsport.fi\\\/#organization\"},\"potentialAction\":[{\"@type\":\"SearchAction\",\"target\":{\"@type\":\"EntryPoint\",\"urlTemplate\":\"https:\\\/\\\/vmsport.fi\\\/?s={search_term_string}\"},\"query-input\":{\"@type\":\"PropertyValueSpecification\",\"valueRequired\":true,\"valueName\":\"search_term_string\"}}],\"inLanguage\":\"sv-SE\"},{\"@type\":\"Organization\",\"@id\":\"https:\\\/\\\/vmsport.fi\\\/#organization\",\"name\":\"Vmsport\",\"url\":\"https:\\\/\\\/vmsport.fi\\\/\",\"logo\":{\"@type\":\"ImageObject\",\"inLanguage\":\"sv-SE\",\"@id\":\"https:\\\/\\\/vmsport.fi\\\/#\\\/schema\\\/logo\\\/image\\\/\",\"url\":\"https:\\\/\\\/vmsport.fi\\\/wp-content\\\/uploads\\\/2024\\\/12\\\/vm_sport_RGB_horisontal-e1734526017575.png\",\"contentUrl\":\"https:\\\/\\\/vmsport.fi\\\/wp-content\\\/uploads\\\/2024\\\/12\\\/vm_sport_RGB_horisontal-e1734526017575.png\",\"width\":668,\"height\":85,\"caption\":\"Vmsport\"},\"image\":{\"@id\":\"https:\\\/\\\/vmsport.fi\\\/#\\\/schema\\\/logo\\\/image\\\/\"},\"sameAs\":[\"https:\\\/\\\/www.facebook.com\\\/Vmsport.fi\\\/\",\"https:\\\/\\\/www.instagram.com\\\/vmsport\\\/\"]}]}<\/script>\n<!-- \/ Yoast SEO plugin. -->","yoast_head_json":{"title":"Trek Farley 5 - VM Sport","robots":{"index":"index","follow":"follow","max-snippet":"max-snippet:-1","max-image-preview":"max-image-preview:large","max-video-preview":"max-video-preview:-1"},"canonical":"https:\/\/vmsport.fi\/sv\/webbutik\/cyklar\/landskap-cikoria\/fatbike-pyorate\/trek-farley-5\/","og_locale":"sv_SE","og_type":"article","og_title":"Trek Farley 5 - VM Sport","og_description":"Fatbike-renkaat, hiilikuituhaarukka ja runsaasti kiinnityspisteit\u00e4 tekev\u00e4t t\u00e4st\u00e4 py\u00f6r\u00e4st\u00e4 monipuolisen ja seikkailuihin soveltuvan. [...]L\u00e4s mer \u2026 from Trek Farley 5","og_url":"https:\/\/vmsport.fi\/sv\/webbutik\/cyklar\/landskap-cikoria\/fatbike-pyorate\/trek-farley-5\/","og_site_name":"VM Sport","article_publisher":"https:\/\/www.facebook.com\/Vmsport.fi\/","article_modified_time":"2026-03-08T00:00:12+00:00","og_image":[{"width":800,"height":580,"url":"https:\/\/vmsport.fi\/wp-content\/uploads\/2025\/03\/Farley5-23-37018-A-Primary-1.jpg","type":"image\/jpeg"}],"twitter_card":"summary_large_image","twitter_misc":{"Ber\u00e4knad l\u00e4stid":"1 minut"},"schema":{"@context":"https:\/\/schema.org","@graph":[{"@type":["WebPage","ItemPage"],"@id":"https:\/\/vmsport.fi\/verkkokauppa\/polkupyorat\/maastopyorat\/fatbike-pyorat\/trek-farley-5\/","url":"https:\/\/vmsport.fi\/verkkokauppa\/polkupyorat\/maastopyorat\/fatbike-pyorat\/trek-farley-5\/","name":"Trek Farley 5 - VM Sport","isPartOf":{"@id":"https:\/\/vmsport.fi\/#website"},"primaryImageOfPage":{"@id":"https:\/\/vmsport.fi\/verkkokauppa\/polkupyorat\/maastopyorat\/fatbike-pyorat\/trek-farley-5\/#primaryimage"},"image":{"@id":"https:\/\/vmsport.fi\/verkkokauppa\/polkupyorat\/maastopyorat\/fatbike-pyorat\/trek-farley-5\/#primaryimage"},"thumbnailUrl":"https:\/\/vmsport.fi\/wp-content\/uploads\/2025\/03\/Farley5-23-37018-A-Primary-1.jpg","datePublished":"2025-03-05T22:20:47+00:00","dateModified":"2026-03-08T00:00:12+00:00","breadcrumb":{"@id":"https:\/\/vmsport.fi\/verkkokauppa\/polkupyorat\/maastopyorat\/fatbike-pyorat\/trek-farley-5\/#breadcrumb"},"inLanguage":"sv-SE","potentialAction":[{"@type":"ReadAction","target":["https:\/\/vmsport.fi\/verkkokauppa\/polkupyorat\/maastopyorat\/fatbike-pyorat\/trek-farley-5\/"]}]},{"@type":"ImageObject","inLanguage":"sv-SE","@id":"https:\/\/vmsport.fi\/verkkokauppa\/polkupyorat\/maastopyorat\/fatbike-pyorat\/trek-farley-5\/#primaryimage","url":"https:\/\/vmsport.fi\/wp-content\/uploads\/2025\/03\/Farley5-23-37018-A-Primary-1.jpg","contentUrl":"https:\/\/vmsport.fi\/wp-content\/uploads\/2025\/03\/Farley5-23-37018-A-Primary-1.jpg","width":800,"height":580,"caption":"Farley5-23-37018-A-Primary"},{"@type":"BreadcrumbList","@id":"https:\/\/vmsport.fi\/verkkokauppa\/polkupyorat\/maastopyorat\/fatbike-pyorat\/trek-farley-5\/#breadcrumb","itemListElement":[{"@type":"ListItem","position":1,"name":"Etusivu","item":"https:\/\/vmsport.fi\/"},{"@type":"ListItem","position":2,"name":"Online Store","item":"https:\/\/vmsport.fi\/en\/online-store\/"},{"@type":"ListItem","position":3,"name":"Trek polkupy\u00f6r\u00e4t","item":"https:\/\/vmsport.fi\/sv\/merkki\/trek\/"},{"@type":"ListItem","position":4,"name":"Trek Farley 5"}]},{"@type":"WebSite","@id":"https:\/\/vmsport.fi\/#website","url":"https:\/\/vmsport.fi\/","name":"Vmsport","description":"Allt p\u00e5 ett st\u00e4lle f\u00f6r cykling","publisher":{"@id":"https:\/\/vmsport.fi\/#organization"},"potentialAction":[{"@type":"SearchAction","target":{"@type":"EntryPoint","urlTemplate":"https:\/\/vmsport.fi\/?s={search_term_string}"},"query-input":{"@type":"PropertyValueSpecification","valueRequired":true,"valueName":"search_term_string"}}],"inLanguage":"sv-SE"},{"@type":"Organization","@id":"https:\/\/vmsport.fi\/#organization","name":"Vmsport","url":"https:\/\/vmsport.fi\/","logo":{"@type":"ImageObject","inLanguage":"sv-SE","@id":"https:\/\/vmsport.fi\/#\/schema\/logo\/image\/","url":"https:\/\/vmsport.fi\/wp-content\/uploads\/2024\/12\/vm_sport_RGB_horisontal-e1734526017575.png","contentUrl":"https:\/\/vmsport.fi\/wp-content\/uploads\/2024\/12\/vm_sport_RGB_horisontal-e1734526017575.png","width":668,"height":85,"caption":"Vmsport"},"image":{"@id":"https:\/\/vmsport.fi\/#\/schema\/logo\/image\/"},"sameAs":["https:\/\/www.facebook.com\/Vmsport.fi\/","https:\/\/www.instagram.com\/vmsport\/"]}]}},"global_unique_id":"","_links":{"self":[{"href":"https:\/\/vmsport.fi\/sv\/wp-json\/wp\/v2\/product\/56527","targetHints":{"allow":["GET"]}}],"collection":[{"href":"https:\/\/vmsport.fi\/sv\/wp-json\/wp\/v2\/product"}],"about":[{"href":"https:\/\/vmsport.fi\/sv\/wp-json\/wp\/v2\/types\/product"}],"replies":[{"embeddable":true,"href":"https:\/\/vmsport.fi\/sv\/wp-json\/wp\/v2\/comments?post=56527"}],"wp:featuredmedia":[{"embeddable":true,"href":"https:\/\/vmsport.fi\/sv\/wp-json\/wp\/v2\/media\/56516"}],"wp:attachment":[{"href":"https:\/\/vmsport.fi\/sv\/wp-json\/wp\/v2\/media?parent=56527"}],"wp:term":[{"taxonomy":"product_brand","embeddable":true,"href":"https:\/\/vmsport.fi\/sv\/wp-json\/wp\/v2\/product_brand?post=56527"},{"taxonomy":"product_model","embeddable":true,"href":"https:\/\/vmsport.fi\/sv\/wp-json\/wp\/v2\/product_model?post=56527"},{"taxonomy":"product_cat","embeddable":true,"href":"https:\/\/vmsport.fi\/sv\/wp-json\/wp\/v2\/product_cat?post=56527"},{"taxonomy":"product_tag","embeddable":true,"href":"https:\/\/vmsport.fi\/sv\/wp-json\/wp\/v2\/product_tag?post=56527"},{"taxonomy":"industry_terminology","embeddable":true,"href":"https:\/\/vmsport.fi\/sv\/wp-json\/wp\/v2\/industry-terminology?post=56527"}],"curies":[{"name":"wp","href":"https:\/\/api.w.org\/{rel}","templated":true}]}}