{"id":56511,"date":"2025-03-06T00:20:39","date_gmt":"2025-03-05T22:20:39","guid":{"rendered":"https:\/\/vmsport.fi\/verkkokauppa\/Ei-luokiteltu\/trek-district-3-lithium-grey\/"},"modified":"2026-03-24T15:23:07","modified_gmt":"2026-03-24T13:23:07","slug":"trek-district-3-litium-gra","status":"publish","type":"product","link":"https:\/\/vmsport.fi\/sv\/verkkokauppa\/polkupyorat\/sahkopyorat\/sahkokaupunkipyorat\/trek-district-3-lithium-grey\/","title":{"rendered":"Trek District+ 3 - LITHIUMGR\u00c5"},"content":{"rendered":"<p>TREK District+ 3 yhdist\u00e4\u00e4 Bosch Active Line Plus -moottorin, kolme akkukokoa ja v\u00e4h\u00e4n huoltoa vaativan Shimano Nexus -napavaihteen kaupunkiajokokemukseksi, joka on sek\u00e4 tehokas ett\u00e4 mukava. Jousitettu haarukka ja satulatolppa vaimentavat t\u00e4rin\u00e4\u00e4, kun taas hydrauliset levyjarrut lis\u00e4\u00e4v\u00e4t turvallisuutta kaikissa s\u00e4\u00e4olosuhteissa. Integroidut valot, MIK-teline ja pistosuojatut renkaat tekev\u00e4t py\u00f6r\u00e4st\u00e4 luotettavan valinnan p\u00e4ivitt\u00e4isliikenteeseen.<\/p>","protected":false},"excerpt":{"rendered":"<p>Kattavasti varusteltu ja v\u00e4h\u00e4n huoltoa vaativa s\u00e4hk\u00f6py\u00f6r\u00e4, joka tarjoaa mukavuutta ja tehokkuutta kaupunkiymp\u00e4rist\u00f6ss\u00e4. [&#8230;]<\/p>\n<p><a class=\"btn btn-secondary understrap-read-more-link\" href=\"https:\/\/vmsport.fi\/sv\/verkkokauppa\/polkupyorat\/sahkopyorat\/sahkokaupunkipyorat\/trek-district-3-lithium-grey\/\">L\u00e4s mer \u2026<span class=\"screen-reader-text\"> from Trek District+ 3 &#8211; LITHIUM GREY<\/span><\/a><\/p>\n","protected":false},"featured_media":56510,"comment_status":"open","ping_status":"closed","template":"","meta":{"_acf_changed":false,"_improvement_type_select":"improve_an_existing","_thumb_yes_seoaic":false,"_frame_yes_seoaic":false,"seoaic_generate_description":"","seoaic_improve_instructions_prompt":"","seoaic_rollback_content_improvement":"","seoaic_idea_thumbnail_generator":"","thumbnail_generated":false,"thumbnail_generate_prompt":"","seoaic_article_description":"","_supplier_stock_quantity":0},"product_brand":[37],"product_model":[1543],"product_cat":[9396],"product_tag":[],"industry-terminology":[],"class_list":{"0":"post-56511","1":"product","2":"type-product","3":"status-publish","4":"has-post-thumbnail","6":"product_brand-trek","7":"product_model-district-plus","8":"product_cat-sahkokaupunkipyorat","10":"first","11":"instock","12":"taxable","13":"shipping-taxable","14":"purchasable","15":"product-type-variable","16":"has-default-attributes"},"acf":{"bike_features":[{"image":"https:\/\/media.trekbikes.com\/image\/upload\/w_768,c_pad,f_auto,fl_progressive:semi,q_auto\/TK23_Kovee_Line_Pedals_Tech_Features_Primary_13_Upgrade_your_pedals","header":"Laadukkaammat polkimet, parempi ajokokemus","description":"Polkimet ovat t\u00e4rke\u00e4 osa ajokokemustasi. T\u00e4m\u00e4 py\u00f6r\u00e4 sis\u00e4lt\u00e4\u00e4 vakiona peruspolkimet, mutta huippulaadukkailla polkimilla ajaminen paranee huomattavasti."}],"overview":{"copy_overview":[{"overview":"District+ 3 on huippuunsa suunniteltu s\u00e4hk\u00f6py\u00f6r\u00e4 kaupunkiliikenteeseen. Shimano Nexus -napavaihteisto tarjoaa huoltovapauden ja mukavan ajokokemuksen. Innovatiivisen Bosch Active Line Plus -moottorin ja eri akkukapasiteettivaihtoehtojen (400Wh - 725Wh) ansiosta ajot voidaan mukauttaa tehokkaasti. Lis\u00e4ksi integroidut valot ja monipuolinen MIK-yhteensopiva teline parantavat turvallisuutta ja k\u00e4yt\u00e4nn\u00f6llisyytt\u00e4."},{"overview":"Hydroform-muotoiltu alumiinirunko, sis\u00e4inen kaapelointi ja t\u00e4ysin integroidulla alaputki-akulla varustettu District+ 3 yhdist\u00e4\u00e4 esteettisen eleganssin ja toiminnallisen tekniikan. Jousitus haarukassa ja satulatolpassa takaa v\u00e4sym\u00e4tt\u00f6m\u00e4n kokemuksen ep\u00e4tasaisilla pinnoilla, kun taas hydrauliset levyjarrut tarjoavat tarkkaa jarrutusvoimaa."},{"overview":"Olipa kyseess\u00e4 lyhyt kaupunkiajo tai p\u00e4iv\u00e4retki, District+ 3 mukautuu tarpeisiisi. T\u00e4m\u00e4 py\u00f6r\u00e4 asettaa mukavuuden ja k\u00e4yt\u00e4nn\u00f6llisyyden etusijalle, yhdist\u00e4en teknisen huippuosaamisen ymp\u00e4rist\u00f6tietoiseen liikkumiseen."}],"key_features":[{"feature":"Huoltovapaa Shimano Nexus 8-vaihteinen napavaihteisto varmistaa suorituskyvyn"},{"feature":"Mukavuutta lis\u00e4\u00e4v\u00e4 jousitusj\u00e4rjestelm\u00e4 tasoittaa kaupunkiteit\u00e4"},{"feature":"Bosch Active Line Plus -moottori s\u00e4\u00e4dett\u00e4vill\u00e4 akkukapasiteeteilla mukautettuihin ajoihin"},{"feature":"Integroituja lis\u00e4varusteita, kuten lokasuojat ja MIK-yhteensopiva teline jokap\u00e4iv\u00e4iseen k\u00e4ytt\u00f6\u00f6n"}],"statement":"District+ 3 yhdist\u00e4\u00e4 mukavuuden ja k\u00e4yt\u00e4nn\u00f6llisyyden kaupunkipy\u00f6r\u00e4ilyss\u00e4.","youtube_url":""}},"yoast_head":"<!-- This site is optimized with the Yoast SEO plugin v27.3 - https:\/\/yoast.com\/product\/yoast-seo-wordpress\/ -->\n<title>Trek District+ 3 - LITHIUM GREY - VM Sport<\/title>\n<meta name=\"robots\" content=\"index, follow, max-snippet:-1, max-image-preview:large, max-video-preview:-1\" \/>\n<link rel=\"canonical\" href=\"https:\/\/vmsport.fi\/sv\/webbutik\/cyklar\/sahkopyorat\/sagtand-pyorat\/trek-district-3-litium-gra\/\" \/>\n<meta property=\"og:locale\" content=\"sv_SE\" \/>\n<meta property=\"og:type\" content=\"article\" \/>\n<meta property=\"og:title\" content=\"Trek District+ 3 - LITHIUM GREY - VM Sport\" \/>\n<meta property=\"og:description\" content=\"Kattavasti varusteltu ja v\u00e4h\u00e4n huoltoa vaativa s\u00e4hk\u00f6py\u00f6r\u00e4, joka tarjoaa mukavuutta ja tehokkuutta kaupunkiymp\u00e4rist\u00f6ss\u00e4. [...]L\u00e4s mer \u2026 from Trek District+ 3 &#8211; LITHIUM GREY\" \/>\n<meta property=\"og:url\" content=\"https:\/\/vmsport.fi\/sv\/webbutik\/cyklar\/sahkopyorat\/sagtand-pyorat\/trek-district-3-litium-gra\/\" \/>\n<meta property=\"og:site_name\" content=\"VM Sport\" \/>\n<meta property=\"article:publisher\" content=\"https:\/\/www.facebook.com\/Vmsport.fi\/\" \/>\n<meta property=\"article:modified_time\" content=\"2026-03-24T13:23:07+00:00\" \/>\n<meta property=\"og:image\" content=\"https:\/\/vmsport.fi\/wp-content\/uploads\/2025\/03\/8kG2kIJNs58Y8jVmSwaz1k37hbQVdutH9QvlMGAEth2fxGYu1t-1.jpg\" \/>\n\t<meta property=\"og:image:width\" content=\"1000\" \/>\n\t<meta property=\"og:image:height\" content=\"652\" \/>\n\t<meta property=\"og:image:type\" content=\"image\/jpeg\" \/>\n<meta name=\"twitter:card\" content=\"summary_large_image\" \/>\n<script type=\"application\/ld+json\" class=\"yoast-schema-graph\">{\"@context\":\"https:\\\/\\\/schema.org\",\"@graph\":[{\"@type\":[\"WebPage\",\"ItemPage\"],\"@id\":\"https:\\\/\\\/vmsport.fi\\\/verkkokauppa\\\/polkupyorat\\\/sahkopyorat\\\/sahkokaupunkipyorat\\\/trek-district-3-lithium-grey\\\/\",\"url\":\"https:\\\/\\\/vmsport.fi\\\/verkkokauppa\\\/polkupyorat\\\/sahkopyorat\\\/sahkokaupunkipyorat\\\/trek-district-3-lithium-grey\\\/\",\"name\":\"Trek District+ 3 - LITHIUM GREY - VM Sport\",\"isPartOf\":{\"@id\":\"https:\\\/\\\/vmsport.fi\\\/#website\"},\"primaryImageOfPage\":{\"@id\":\"https:\\\/\\\/vmsport.fi\\\/verkkokauppa\\\/polkupyorat\\\/sahkopyorat\\\/sahkokaupunkipyorat\\\/trek-district-3-lithium-grey\\\/#primaryimage\"},\"image\":{\"@id\":\"https:\\\/\\\/vmsport.fi\\\/verkkokauppa\\\/polkupyorat\\\/sahkopyorat\\\/sahkokaupunkipyorat\\\/trek-district-3-lithium-grey\\\/#primaryimage\"},\"thumbnailUrl\":\"https:\\\/\\\/vmsport.fi\\\/wp-content\\\/uploads\\\/2025\\\/03\\\/8kG2kIJNs58Y8jVmSwaz1k37hbQVdutH9QvlMGAEth2fxGYu1t-1.jpg\",\"datePublished\":\"2025-03-05T22:20:39+00:00\",\"dateModified\":\"2026-03-24T13:23:07+00:00\",\"breadcrumb\":{\"@id\":\"https:\\\/\\\/vmsport.fi\\\/verkkokauppa\\\/polkupyorat\\\/sahkopyorat\\\/sahkokaupunkipyorat\\\/trek-district-3-lithium-grey\\\/#breadcrumb\"},\"inLanguage\":\"sv-SE\",\"potentialAction\":[{\"@type\":\"ReadAction\",\"target\":[\"https:\\\/\\\/vmsport.fi\\\/verkkokauppa\\\/polkupyorat\\\/sahkopyorat\\\/sahkokaupunkipyorat\\\/trek-district-3-lithium-grey\\\/\"]}]},{\"@type\":\"ImageObject\",\"inLanguage\":\"sv-SE\",\"@id\":\"https:\\\/\\\/vmsport.fi\\\/verkkokauppa\\\/polkupyorat\\\/sahkopyorat\\\/sahkokaupunkipyorat\\\/trek-district-3-lithium-grey\\\/#primaryimage\",\"url\":\"https:\\\/\\\/vmsport.fi\\\/wp-content\\\/uploads\\\/2025\\\/03\\\/8kG2kIJNs58Y8jVmSwaz1k37hbQVdutH9QvlMGAEth2fxGYu1t-1.jpg\",\"contentUrl\":\"https:\\\/\\\/vmsport.fi\\\/wp-content\\\/uploads\\\/2025\\\/03\\\/8kG2kIJNs58Y8jVmSwaz1k37hbQVdutH9QvlMGAEth2fxGYu1t-1.jpg\",\"width\":1000,\"height\":652,\"caption\":\"8kG2kIJNs58Y8jVmSwaz1k37hbQVdutH9QvlMGAEth2fxGYu1t\"},{\"@type\":\"BreadcrumbList\",\"@id\":\"https:\\\/\\\/vmsport.fi\\\/verkkokauppa\\\/polkupyorat\\\/sahkopyorat\\\/sahkokaupunkipyorat\\\/trek-district-3-lithium-grey\\\/#breadcrumb\",\"itemListElement\":[{\"@type\":\"ListItem\",\"position\":1,\"name\":\"Etusivu\",\"item\":\"https:\\\/\\\/vmsport.fi\\\/\"},{\"@type\":\"ListItem\",\"position\":2,\"name\":\"Online Store\",\"item\":\"https:\\\/\\\/vmsport.fi\\\/en\\\/online-store\\\/\"},{\"@type\":\"ListItem\",\"position\":3,\"name\":\"Trek polkupy\u00f6r\u00e4t\",\"item\":\"https:\\\/\\\/vmsport.fi\\\/sv\\\/merkki\\\/trek\\\/\"},{\"@type\":\"ListItem\",\"position\":4,\"name\":\"Trek District+ 3 &#8211; LITHIUM GREY\"}]},{\"@type\":\"WebSite\",\"@id\":\"https:\\\/\\\/vmsport.fi\\\/#website\",\"url\":\"https:\\\/\\\/vmsport.fi\\\/\",\"name\":\"Vmsport\",\"description\":\"Kaikki py\u00f6r\u00e4ilyyn yhdest\u00e4 paikasta\",\"publisher\":{\"@id\":\"https:\\\/\\\/vmsport.fi\\\/#organization\"},\"potentialAction\":[{\"@type\":\"SearchAction\",\"target\":{\"@type\":\"EntryPoint\",\"urlTemplate\":\"https:\\\/\\\/vmsport.fi\\\/?s={search_term_string}\"},\"query-input\":{\"@type\":\"PropertyValueSpecification\",\"valueRequired\":true,\"valueName\":\"search_term_string\"}}],\"inLanguage\":\"sv-SE\"},{\"@type\":\"Organization\",\"@id\":\"https:\\\/\\\/vmsport.fi\\\/#organization\",\"name\":\"Vmsport\",\"url\":\"https:\\\/\\\/vmsport.fi\\\/\",\"logo\":{\"@type\":\"ImageObject\",\"inLanguage\":\"sv-SE\",\"@id\":\"https:\\\/\\\/vmsport.fi\\\/#\\\/schema\\\/logo\\\/image\\\/\",\"url\":\"https:\\\/\\\/vmsport.fi\\\/wp-content\\\/uploads\\\/2024\\\/12\\\/vm_sport_RGB_horisontal-e1734526017575.png\",\"contentUrl\":\"https:\\\/\\\/vmsport.fi\\\/wp-content\\\/uploads\\\/2024\\\/12\\\/vm_sport_RGB_horisontal-e1734526017575.png\",\"width\":668,\"height\":85,\"caption\":\"Vmsport\"},\"image\":{\"@id\":\"https:\\\/\\\/vmsport.fi\\\/#\\\/schema\\\/logo\\\/image\\\/\"},\"sameAs\":[\"https:\\\/\\\/www.facebook.com\\\/Vmsport.fi\\\/\",\"https:\\\/\\\/www.instagram.com\\\/vmsport\\\/\"]}]}<\/script>\n<!-- \/ Yoast SEO plugin. -->","yoast_head_json":{"title":"Trek District+ 3 - LITHIUMGR\u00c5 - VM Sport","robots":{"index":"index","follow":"follow","max-snippet":"max-snippet:-1","max-image-preview":"max-image-preview:large","max-video-preview":"max-video-preview:-1"},"canonical":"https:\/\/vmsport.fi\/sv\/webbutik\/cyklar\/sahkopyorat\/sagtand-pyorat\/trek-district-3-litium-gra\/","og_locale":"sv_SE","og_type":"article","og_title":"Trek District+ 3 - LITHIUM GREY - VM Sport","og_description":"Kattavasti varusteltu ja v\u00e4h\u00e4n huoltoa vaativa s\u00e4hk\u00f6py\u00f6r\u00e4, joka tarjoaa mukavuutta ja tehokkuutta kaupunkiymp\u00e4rist\u00f6ss\u00e4. [...]L\u00e4s mer \u2026 from Trek District+ 3 &#8211; LITHIUM GREY","og_url":"https:\/\/vmsport.fi\/sv\/webbutik\/cyklar\/sahkopyorat\/sagtand-pyorat\/trek-district-3-litium-gra\/","og_site_name":"VM Sport","article_publisher":"https:\/\/www.facebook.com\/Vmsport.fi\/","article_modified_time":"2026-03-24T13:23:07+00:00","og_image":[{"width":1000,"height":652,"url":"https:\/\/vmsport.fi\/wp-content\/uploads\/2025\/03\/8kG2kIJNs58Y8jVmSwaz1k37hbQVdutH9QvlMGAEth2fxGYu1t-1.jpg","type":"image\/jpeg"}],"twitter_card":"summary_large_image","schema":{"@context":"https:\/\/schema.org","@graph":[{"@type":["WebPage","ItemPage"],"@id":"https:\/\/vmsport.fi\/verkkokauppa\/polkupyorat\/sahkopyorat\/sahkokaupunkipyorat\/trek-district-3-lithium-grey\/","url":"https:\/\/vmsport.fi\/verkkokauppa\/polkupyorat\/sahkopyorat\/sahkokaupunkipyorat\/trek-district-3-lithium-grey\/","name":"Trek District+ 3 - LITHIUMGR\u00c5 - VM Sport","isPartOf":{"@id":"https:\/\/vmsport.fi\/#website"},"primaryImageOfPage":{"@id":"https:\/\/vmsport.fi\/verkkokauppa\/polkupyorat\/sahkopyorat\/sahkokaupunkipyorat\/trek-district-3-lithium-grey\/#primaryimage"},"image":{"@id":"https:\/\/vmsport.fi\/verkkokauppa\/polkupyorat\/sahkopyorat\/sahkokaupunkipyorat\/trek-district-3-lithium-grey\/#primaryimage"},"thumbnailUrl":"https:\/\/vmsport.fi\/wp-content\/uploads\/2025\/03\/8kG2kIJNs58Y8jVmSwaz1k37hbQVdutH9QvlMGAEth2fxGYu1t-1.jpg","datePublished":"2025-03-05T22:20:39+00:00","dateModified":"2026-03-24T13:23:07+00:00","breadcrumb":{"@id":"https:\/\/vmsport.fi\/verkkokauppa\/polkupyorat\/sahkopyorat\/sahkokaupunkipyorat\/trek-district-3-lithium-grey\/#breadcrumb"},"inLanguage":"sv-SE","potentialAction":[{"@type":"ReadAction","target":["https:\/\/vmsport.fi\/verkkokauppa\/polkupyorat\/sahkopyorat\/sahkokaupunkipyorat\/trek-district-3-lithium-grey\/"]}]},{"@type":"ImageObject","inLanguage":"sv-SE","@id":"https:\/\/vmsport.fi\/verkkokauppa\/polkupyorat\/sahkopyorat\/sahkokaupunkipyorat\/trek-district-3-lithium-grey\/#primaryimage","url":"https:\/\/vmsport.fi\/wp-content\/uploads\/2025\/03\/8kG2kIJNs58Y8jVmSwaz1k37hbQVdutH9QvlMGAEth2fxGYu1t-1.jpg","contentUrl":"https:\/\/vmsport.fi\/wp-content\/uploads\/2025\/03\/8kG2kIJNs58Y8jVmSwaz1k37hbQVdutH9QvlMGAEth2fxGYu1t-1.jpg","width":1000,"height":652,"caption":"8kG2kIJNs58Y8jVmSwaz1k37hbQVdutH9QvlMGAEth2fxGYu1t"},{"@type":"BreadcrumbList","@id":"https:\/\/vmsport.fi\/verkkokauppa\/polkupyorat\/sahkopyorat\/sahkokaupunkipyorat\/trek-district-3-lithium-grey\/#breadcrumb","itemListElement":[{"@type":"ListItem","position":1,"name":"Etusivu","item":"https:\/\/vmsport.fi\/"},{"@type":"ListItem","position":2,"name":"Online Store","item":"https:\/\/vmsport.fi\/en\/online-store\/"},{"@type":"ListItem","position":3,"name":"Trek polkupy\u00f6r\u00e4t","item":"https:\/\/vmsport.fi\/sv\/merkki\/trek\/"},{"@type":"ListItem","position":4,"name":"Trek District+ 3 &#8211; LITHIUM GREY"}]},{"@type":"WebSite","@id":"https:\/\/vmsport.fi\/#website","url":"https:\/\/vmsport.fi\/","name":"Vmsport","description":"Allt p\u00e5 ett st\u00e4lle f\u00f6r cykling","publisher":{"@id":"https:\/\/vmsport.fi\/#organization"},"potentialAction":[{"@type":"SearchAction","target":{"@type":"EntryPoint","urlTemplate":"https:\/\/vmsport.fi\/?s={search_term_string}"},"query-input":{"@type":"PropertyValueSpecification","valueRequired":true,"valueName":"search_term_string"}}],"inLanguage":"sv-SE"},{"@type":"Organization","@id":"https:\/\/vmsport.fi\/#organization","name":"Vmsport","url":"https:\/\/vmsport.fi\/","logo":{"@type":"ImageObject","inLanguage":"sv-SE","@id":"https:\/\/vmsport.fi\/#\/schema\/logo\/image\/","url":"https:\/\/vmsport.fi\/wp-content\/uploads\/2024\/12\/vm_sport_RGB_horisontal-e1734526017575.png","contentUrl":"https:\/\/vmsport.fi\/wp-content\/uploads\/2024\/12\/vm_sport_RGB_horisontal-e1734526017575.png","width":668,"height":85,"caption":"Vmsport"},"image":{"@id":"https:\/\/vmsport.fi\/#\/schema\/logo\/image\/"},"sameAs":["https:\/\/www.facebook.com\/Vmsport.fi\/","https:\/\/www.instagram.com\/vmsport\/"]}]}},"global_unique_id":"","_links":{"self":[{"href":"https:\/\/vmsport.fi\/sv\/wp-json\/wp\/v2\/product\/56511","targetHints":{"allow":["GET"]}}],"collection":[{"href":"https:\/\/vmsport.fi\/sv\/wp-json\/wp\/v2\/product"}],"about":[{"href":"https:\/\/vmsport.fi\/sv\/wp-json\/wp\/v2\/types\/product"}],"replies":[{"embeddable":true,"href":"https:\/\/vmsport.fi\/sv\/wp-json\/wp\/v2\/comments?post=56511"}],"wp:featuredmedia":[{"embeddable":true,"href":"https:\/\/vmsport.fi\/sv\/wp-json\/wp\/v2\/media\/56510"}],"wp:attachment":[{"href":"https:\/\/vmsport.fi\/sv\/wp-json\/wp\/v2\/media?parent=56511"}],"wp:term":[{"taxonomy":"product_brand","embeddable":true,"href":"https:\/\/vmsport.fi\/sv\/wp-json\/wp\/v2\/product_brand?post=56511"},{"taxonomy":"product_model","embeddable":true,"href":"https:\/\/vmsport.fi\/sv\/wp-json\/wp\/v2\/product_model?post=56511"},{"taxonomy":"product_cat","embeddable":true,"href":"https:\/\/vmsport.fi\/sv\/wp-json\/wp\/v2\/product_cat?post=56511"},{"taxonomy":"product_tag","embeddable":true,"href":"https:\/\/vmsport.fi\/sv\/wp-json\/wp\/v2\/product_tag?post=56511"},{"taxonomy":"industry_terminology","embeddable":true,"href":"https:\/\/vmsport.fi\/sv\/wp-json\/wp\/v2\/industry-terminology?post=56511"}],"curies":[{"name":"wp","href":"https:\/\/api.w.org\/{rel}","templated":true}]}}