{"id":56502,"date":"2025-03-06T00:20:35","date_gmt":"2025-03-05T22:20:35","guid":{"rendered":"https:\/\/vmsport.fi\/verkkokauppa\/Ei-luokiteltu\/jarrukahva-alivio-t4010-oikea-v-jarru-3-sormi\/"},"modified":"2026-04-22T15:07:53","modified_gmt":"2026-04-22T12:07:53","slug":"bromshandtag-alivio-t4010-hoger-v-broms-3-finger","status":"publish","type":"product","link":"https:\/\/vmsport.fi\/sv\/verkkokauppa\/varaosat\/jarrut\/jarrukahvat\/jarrukahva-alivio-t4010-oikea-v-jarru-3-sormi\/","title":{"rendered":"Bromshandtag Alivio T4010 h\u00f6ger V-broms 3-finger"},"content":{"rendered":"<p>Bromsspak Alivio T4010 h\u00f6ger V-broms 3-fingrar \u00e4r speciellt utformad f\u00f6r city- och touringcyklar och \u00e4r ett av de mest popul\u00e4ra alternativen f\u00f6r cykelkontroll. Spaken, som \u00e4r dimensionerad f\u00f6r tre fingrar, ger utm\u00e4rkt kontroll och komfort. Bromshandtaget \u00e4r tillverkat av slitstarkt aluminium f\u00f6r f\u00f6rb\u00e4ttrad h\u00e5llbarhet och prestanda. Det \u00e4r l\u00e4mpligt f\u00f6r b\u00e5de V-bromsar och mekaniska skivbromsar, vilket garanterar bred kompatibilitet med olika Shimano-bromsmodeller. En integrerad justeringsmekanism ger m\u00f6jlighet till exakt finjustering av bromsk\u00e4nslan. Den eleganta designen och den tysta driften g\u00f6r den till det perfekta valet f\u00f6r en smidig och effektiv cykelupplevelse.<\/p>","protected":false},"excerpt":{"rendered":"<p>Jarrukahva Alivio T4010 oikea V-jarru 3-sormi on suunniteltu erityisesti kaupunki- ja retkipy\u00f6rille, ja se on yksi suosituimmista vaihtoehdoista py\u00f6r\u00e4n hallintaan. Kolmelle sormelle mitoitettu vipuosa takaa erinomaisen hallinnan ja k\u00e4ytt\u00f6mukavuuden. Jarrukahva on valmistettu kest\u00e4v\u00e4st\u00e4 alumiinista, mik\u00e4 parantaa sen kest\u00e4vyytt\u00e4 ja suorituskyky\u00e4. Se sopii sek\u00e4 V-jarruille ett\u00e4 mekaanisille levyjarruille, mik\u00e4 varmistaa laajan yhteensopivuuden eri Shimano-jarrumallien kanssa. Integroitu [&#8230;]<\/p>\n<p><a class=\"btn btn-secondary understrap-read-more-link\" href=\"https:\/\/vmsport.fi\/sv\/verkkokauppa\/varaosat\/jarrut\/jarrukahvat\/jarrukahva-alivio-t4010-oikea-v-jarru-3-sormi\/\">L\u00e4s mer \u2026<span class=\"screen-reader-text\"> from Jarrukahva Alivio T4010 oikea V-Jarru 3-sormi<\/span><\/a><\/p>\n","protected":false},"featured_media":56501,"comment_status":"open","ping_status":"closed","template":"","meta":{"_acf_changed":false,"_improvement_type_select":"improve_an_existing","_thumb_yes_seoaic":false,"_frame_yes_seoaic":false,"seoaic_generate_description":"","seoaic_improve_instructions_prompt":"","seoaic_rollback_content_improvement":"","seoaic_idea_thumbnail_generator":"","thumbnail_generated":false,"thumbnail_generate_prompt":"","seoaic_article_description":"","_supplier_stock_quantity":0},"product_brand":[],"product_model":[],"product_cat":[9430],"product_tag":[],"industry-terminology":[],"class_list":{"0":"post-56502","1":"product","2":"type-product","3":"status-publish","4":"has-post-thumbnail","6":"product_cat-jarrukahvat","8":"first","9":"outofstock","10":"taxable","11":"shipping-taxable","12":"product-type-simple"},"acf":{"bike_features":null,"overview":{"copy_overview":null,"key_features":null,"statement":"","youtube_url":""}},"yoast_head":"<!-- This site is optimized with the Yoast SEO plugin v27.4 - https:\/\/yoast.com\/product\/yoast-seo-wordpress\/ -->\n<title>Jarrukahva Alivio T4010 oikea V-Jarru 3-sormi - VM Sport<\/title>\n<meta name=\"robots\" content=\"index, follow, max-snippet:-1, max-image-preview:large, max-video-preview:-1\" \/>\n<link rel=\"canonical\" href=\"https:\/\/vmsport.fi\/sv\/webbutik\/reservdelar\/bromsar\/bromshandtag\/bromshandtag-alivio-t4010-hoger-v-broms-3-finger\/\" \/>\n<meta property=\"og:locale\" content=\"sv_SE\" \/>\n<meta property=\"og:type\" content=\"article\" \/>\n<meta property=\"og:title\" content=\"Jarrukahva Alivio T4010 oikea V-Jarru 3-sormi - VM Sport\" \/>\n<meta property=\"og:description\" content=\"Jarrukahva Alivio T4010 oikea V-jarru 3-sormi on suunniteltu erityisesti kaupunki- ja retkipy\u00f6rille, ja se on yksi suosituimmista vaihtoehdoista py\u00f6r\u00e4n hallintaan. Kolmelle sormelle mitoitettu vipuosa takaa erinomaisen hallinnan ja k\u00e4ytt\u00f6mukavuuden. Jarrukahva on valmistettu kest\u00e4v\u00e4st\u00e4 alumiinista, mik\u00e4 parantaa sen kest\u00e4vyytt\u00e4 ja suorituskyky\u00e4. Se sopii sek\u00e4 V-jarruille ett\u00e4 mekaanisille levyjarruille, mik\u00e4 varmistaa laajan yhteensopivuuden eri Shimano-jarrumallien kanssa. Integroitu [...]L\u00e4s mer \u2026 from Jarrukahva Alivio T4010 oikea V-Jarru 3-sormi\" \/>\n<meta property=\"og:url\" content=\"https:\/\/vmsport.fi\/sv\/webbutik\/reservdelar\/bromsar\/bromshandtag\/bromshandtag-alivio-t4010-hoger-v-broms-3-finger\/\" \/>\n<meta property=\"og:site_name\" content=\"VM Sport\" \/>\n<meta property=\"article:publisher\" content=\"https:\/\/www.facebook.com\/Vmsport.fi\/\" \/>\n<meta property=\"article:modified_time\" content=\"2026-04-22T12:07:53+00:00\" \/>\n<meta property=\"og:image\" content=\"https:\/\/vmsport.fi\/wp-content\/uploads\/2025\/03\/F4QfdYGoTKA2y30i5YRAp8VWtPVad3p1zObPhguav0i1Fv4RK2-1.jpg\" \/>\n\t<meta property=\"og:image:width\" content=\"600\" \/>\n\t<meta property=\"og:image:height\" content=\"600\" \/>\n\t<meta property=\"og:image:type\" content=\"image\/jpeg\" \/>\n<meta name=\"twitter:card\" content=\"summary_large_image\" \/>\n<script type=\"application\/ld+json\" class=\"yoast-schema-graph\">{\"@context\":\"https:\\\/\\\/schema.org\",\"@graph\":[{\"@type\":[\"WebPage\",\"ItemPage\"],\"@id\":\"https:\\\/\\\/vmsport.fi\\\/verkkokauppa\\\/varaosat\\\/jarrut\\\/jarrukahvat\\\/jarrukahva-alivio-t4010-oikea-v-jarru-3-sormi\\\/\",\"url\":\"https:\\\/\\\/vmsport.fi\\\/verkkokauppa\\\/varaosat\\\/jarrut\\\/jarrukahvat\\\/jarrukahva-alivio-t4010-oikea-v-jarru-3-sormi\\\/\",\"name\":\"Jarrukahva Alivio T4010 oikea V-Jarru 3-sormi - VM Sport\",\"isPartOf\":{\"@id\":\"https:\\\/\\\/vmsport.fi\\\/#website\"},\"primaryImageOfPage\":{\"@id\":\"https:\\\/\\\/vmsport.fi\\\/verkkokauppa\\\/varaosat\\\/jarrut\\\/jarrukahvat\\\/jarrukahva-alivio-t4010-oikea-v-jarru-3-sormi\\\/#primaryimage\"},\"image\":{\"@id\":\"https:\\\/\\\/vmsport.fi\\\/verkkokauppa\\\/varaosat\\\/jarrut\\\/jarrukahvat\\\/jarrukahva-alivio-t4010-oikea-v-jarru-3-sormi\\\/#primaryimage\"},\"thumbnailUrl\":\"https:\\\/\\\/vmsport.fi\\\/wp-content\\\/uploads\\\/2025\\\/03\\\/F4QfdYGoTKA2y30i5YRAp8VWtPVad3p1zObPhguav0i1Fv4RK2-1.jpg\",\"datePublished\":\"2025-03-05T22:20:35+00:00\",\"dateModified\":\"2026-04-22T12:07:53+00:00\",\"breadcrumb\":{\"@id\":\"https:\\\/\\\/vmsport.fi\\\/verkkokauppa\\\/varaosat\\\/jarrut\\\/jarrukahvat\\\/jarrukahva-alivio-t4010-oikea-v-jarru-3-sormi\\\/#breadcrumb\"},\"inLanguage\":\"sv-SE\",\"potentialAction\":[{\"@type\":\"ReadAction\",\"target\":[\"https:\\\/\\\/vmsport.fi\\\/verkkokauppa\\\/varaosat\\\/jarrut\\\/jarrukahvat\\\/jarrukahva-alivio-t4010-oikea-v-jarru-3-sormi\\\/\"]}]},{\"@type\":\"ImageObject\",\"inLanguage\":\"sv-SE\",\"@id\":\"https:\\\/\\\/vmsport.fi\\\/verkkokauppa\\\/varaosat\\\/jarrut\\\/jarrukahvat\\\/jarrukahva-alivio-t4010-oikea-v-jarru-3-sormi\\\/#primaryimage\",\"url\":\"https:\\\/\\\/vmsport.fi\\\/wp-content\\\/uploads\\\/2025\\\/03\\\/F4QfdYGoTKA2y30i5YRAp8VWtPVad3p1zObPhguav0i1Fv4RK2-1.jpg\",\"contentUrl\":\"https:\\\/\\\/vmsport.fi\\\/wp-content\\\/uploads\\\/2025\\\/03\\\/F4QfdYGoTKA2y30i5YRAp8VWtPVad3p1zObPhguav0i1Fv4RK2-1.jpg\",\"width\":600,\"height\":600,\"caption\":\"F4QfdYGoTKA2y30i5YRAp8VWtPVad3p1zObPhguav0i1Fv4RK2\"},{\"@type\":\"BreadcrumbList\",\"@id\":\"https:\\\/\\\/vmsport.fi\\\/verkkokauppa\\\/varaosat\\\/jarrut\\\/jarrukahvat\\\/jarrukahva-alivio-t4010-oikea-v-jarru-3-sormi\\\/#breadcrumb\",\"itemListElement\":[{\"@type\":\"ListItem\",\"position\":1,\"name\":\"Etusivu\",\"item\":\"https:\\\/\\\/vmsport.fi\\\/\"},{\"@type\":\"ListItem\",\"position\":2,\"name\":\"Online Store\",\"item\":\"https:\\\/\\\/vmsport.fi\\\/en\\\/online-store\\\/\"},{\"@type\":\"ListItem\",\"position\":3,\"name\":\"Jarrukahva Alivio T4010 oikea V-Jarru 3-sormi\"}]},{\"@type\":\"WebSite\",\"@id\":\"https:\\\/\\\/vmsport.fi\\\/#website\",\"url\":\"https:\\\/\\\/vmsport.fi\\\/\",\"name\":\"Vmsport\",\"description\":\"Kaikki py\u00f6r\u00e4ilyyn yhdest\u00e4 paikasta\",\"publisher\":{\"@id\":\"https:\\\/\\\/vmsport.fi\\\/#organization\"},\"potentialAction\":[{\"@type\":\"SearchAction\",\"target\":{\"@type\":\"EntryPoint\",\"urlTemplate\":\"https:\\\/\\\/vmsport.fi\\\/?s={search_term_string}\"},\"query-input\":{\"@type\":\"PropertyValueSpecification\",\"valueRequired\":true,\"valueName\":\"search_term_string\"}}],\"inLanguage\":\"sv-SE\"},{\"@type\":\"Organization\",\"@id\":\"https:\\\/\\\/vmsport.fi\\\/#organization\",\"name\":\"Vmsport\",\"url\":\"https:\\\/\\\/vmsport.fi\\\/\",\"logo\":{\"@type\":\"ImageObject\",\"inLanguage\":\"sv-SE\",\"@id\":\"https:\\\/\\\/vmsport.fi\\\/#\\\/schema\\\/logo\\\/image\\\/\",\"url\":\"https:\\\/\\\/vmsport.fi\\\/wp-content\\\/uploads\\\/2024\\\/12\\\/vm_sport_RGB_horisontal-e1734526017575.png\",\"contentUrl\":\"https:\\\/\\\/vmsport.fi\\\/wp-content\\\/uploads\\\/2024\\\/12\\\/vm_sport_RGB_horisontal-e1734526017575.png\",\"width\":668,\"height\":85,\"caption\":\"Vmsport\"},\"image\":{\"@id\":\"https:\\\/\\\/vmsport.fi\\\/#\\\/schema\\\/logo\\\/image\\\/\"},\"sameAs\":[\"https:\\\/\\\/www.facebook.com\\\/Vmsport.fi\\\/\",\"https:\\\/\\\/www.instagram.com\\\/vmsport\\\/\"]}]}<\/script>\n<!-- \/ Yoast SEO plugin. -->","yoast_head_json":{"title":"Bromshandtag Alivio T4010 h\u00f6ger V-broms 3-finger - VM Sport","robots":{"index":"index","follow":"follow","max-snippet":"max-snippet:-1","max-image-preview":"max-image-preview:large","max-video-preview":"max-video-preview:-1"},"canonical":"https:\/\/vmsport.fi\/sv\/webbutik\/reservdelar\/bromsar\/bromshandtag\/bromshandtag-alivio-t4010-hoger-v-broms-3-finger\/","og_locale":"sv_SE","og_type":"article","og_title":"Jarrukahva Alivio T4010 oikea V-Jarru 3-sormi - VM Sport","og_description":"Jarrukahva Alivio T4010 oikea V-jarru 3-sormi on suunniteltu erityisesti kaupunki- ja retkipy\u00f6rille, ja se on yksi suosituimmista vaihtoehdoista py\u00f6r\u00e4n hallintaan. Kolmelle sormelle mitoitettu vipuosa takaa erinomaisen hallinnan ja k\u00e4ytt\u00f6mukavuuden. Jarrukahva on valmistettu kest\u00e4v\u00e4st\u00e4 alumiinista, mik\u00e4 parantaa sen kest\u00e4vyytt\u00e4 ja suorituskyky\u00e4. Se sopii sek\u00e4 V-jarruille ett\u00e4 mekaanisille levyjarruille, mik\u00e4 varmistaa laajan yhteensopivuuden eri Shimano-jarrumallien kanssa. Integroitu [...]L\u00e4s mer \u2026 from Jarrukahva Alivio T4010 oikea V-Jarru 3-sormi","og_url":"https:\/\/vmsport.fi\/sv\/webbutik\/reservdelar\/bromsar\/bromshandtag\/bromshandtag-alivio-t4010-hoger-v-broms-3-finger\/","og_site_name":"VM Sport","article_publisher":"https:\/\/www.facebook.com\/Vmsport.fi\/","article_modified_time":"2026-04-22T12:07:53+00:00","og_image":[{"width":600,"height":600,"url":"https:\/\/vmsport.fi\/wp-content\/uploads\/2025\/03\/F4QfdYGoTKA2y30i5YRAp8VWtPVad3p1zObPhguav0i1Fv4RK2-1.jpg","type":"image\/jpeg"}],"twitter_card":"summary_large_image","schema":{"@context":"https:\/\/schema.org","@graph":[{"@type":["WebPage","ItemPage"],"@id":"https:\/\/vmsport.fi\/verkkokauppa\/varaosat\/jarrut\/jarrukahvat\/jarrukahva-alivio-t4010-oikea-v-jarru-3-sormi\/","url":"https:\/\/vmsport.fi\/verkkokauppa\/varaosat\/jarrut\/jarrukahvat\/jarrukahva-alivio-t4010-oikea-v-jarru-3-sormi\/","name":"Bromshandtag Alivio T4010 h\u00f6ger V-broms 3-finger - VM Sport","isPartOf":{"@id":"https:\/\/vmsport.fi\/#website"},"primaryImageOfPage":{"@id":"https:\/\/vmsport.fi\/verkkokauppa\/varaosat\/jarrut\/jarrukahvat\/jarrukahva-alivio-t4010-oikea-v-jarru-3-sormi\/#primaryimage"},"image":{"@id":"https:\/\/vmsport.fi\/verkkokauppa\/varaosat\/jarrut\/jarrukahvat\/jarrukahva-alivio-t4010-oikea-v-jarru-3-sormi\/#primaryimage"},"thumbnailUrl":"https:\/\/vmsport.fi\/wp-content\/uploads\/2025\/03\/F4QfdYGoTKA2y30i5YRAp8VWtPVad3p1zObPhguav0i1Fv4RK2-1.jpg","datePublished":"2025-03-05T22:20:35+00:00","dateModified":"2026-04-22T12:07:53+00:00","breadcrumb":{"@id":"https:\/\/vmsport.fi\/verkkokauppa\/varaosat\/jarrut\/jarrukahvat\/jarrukahva-alivio-t4010-oikea-v-jarru-3-sormi\/#breadcrumb"},"inLanguage":"sv-SE","potentialAction":[{"@type":"ReadAction","target":["https:\/\/vmsport.fi\/verkkokauppa\/varaosat\/jarrut\/jarrukahvat\/jarrukahva-alivio-t4010-oikea-v-jarru-3-sormi\/"]}]},{"@type":"ImageObject","inLanguage":"sv-SE","@id":"https:\/\/vmsport.fi\/verkkokauppa\/varaosat\/jarrut\/jarrukahvat\/jarrukahva-alivio-t4010-oikea-v-jarru-3-sormi\/#primaryimage","url":"https:\/\/vmsport.fi\/wp-content\/uploads\/2025\/03\/F4QfdYGoTKA2y30i5YRAp8VWtPVad3p1zObPhguav0i1Fv4RK2-1.jpg","contentUrl":"https:\/\/vmsport.fi\/wp-content\/uploads\/2025\/03\/F4QfdYGoTKA2y30i5YRAp8VWtPVad3p1zObPhguav0i1Fv4RK2-1.jpg","width":600,"height":600,"caption":"F4QfdYGoTKA2y30i5YRAp8VWtPVad3p1zObPhguav0i1Fv4RK2"},{"@type":"BreadcrumbList","@id":"https:\/\/vmsport.fi\/verkkokauppa\/varaosat\/jarrut\/jarrukahvat\/jarrukahva-alivio-t4010-oikea-v-jarru-3-sormi\/#breadcrumb","itemListElement":[{"@type":"ListItem","position":1,"name":"Etusivu","item":"https:\/\/vmsport.fi\/"},{"@type":"ListItem","position":2,"name":"Online Store","item":"https:\/\/vmsport.fi\/en\/online-store\/"},{"@type":"ListItem","position":3,"name":"Jarrukahva Alivio T4010 oikea V-Jarru 3-sormi"}]},{"@type":"WebSite","@id":"https:\/\/vmsport.fi\/#website","url":"https:\/\/vmsport.fi\/","name":"Vmsport","description":"Allt p\u00e5 ett st\u00e4lle f\u00f6r cykling","publisher":{"@id":"https:\/\/vmsport.fi\/#organization"},"potentialAction":[{"@type":"SearchAction","target":{"@type":"EntryPoint","urlTemplate":"https:\/\/vmsport.fi\/?s={search_term_string}"},"query-input":{"@type":"PropertyValueSpecification","valueRequired":true,"valueName":"search_term_string"}}],"inLanguage":"sv-SE"},{"@type":"Organization","@id":"https:\/\/vmsport.fi\/#organization","name":"Vmsport","url":"https:\/\/vmsport.fi\/","logo":{"@type":"ImageObject","inLanguage":"sv-SE","@id":"https:\/\/vmsport.fi\/#\/schema\/logo\/image\/","url":"https:\/\/vmsport.fi\/wp-content\/uploads\/2024\/12\/vm_sport_RGB_horisontal-e1734526017575.png","contentUrl":"https:\/\/vmsport.fi\/wp-content\/uploads\/2024\/12\/vm_sport_RGB_horisontal-e1734526017575.png","width":668,"height":85,"caption":"Vmsport"},"image":{"@id":"https:\/\/vmsport.fi\/#\/schema\/logo\/image\/"},"sameAs":["https:\/\/www.facebook.com\/Vmsport.fi\/","https:\/\/www.instagram.com\/vmsport\/"]}]}},"global_unique_id":"","_links":{"self":[{"href":"https:\/\/vmsport.fi\/sv\/wp-json\/wp\/v2\/product\/56502","targetHints":{"allow":["GET"]}}],"collection":[{"href":"https:\/\/vmsport.fi\/sv\/wp-json\/wp\/v2\/product"}],"about":[{"href":"https:\/\/vmsport.fi\/sv\/wp-json\/wp\/v2\/types\/product"}],"replies":[{"embeddable":true,"href":"https:\/\/vmsport.fi\/sv\/wp-json\/wp\/v2\/comments?post=56502"}],"wp:featuredmedia":[{"embeddable":true,"href":"https:\/\/vmsport.fi\/sv\/wp-json\/wp\/v2\/media\/56501"}],"wp:attachment":[{"href":"https:\/\/vmsport.fi\/sv\/wp-json\/wp\/v2\/media?parent=56502"}],"wp:term":[{"taxonomy":"product_brand","embeddable":true,"href":"https:\/\/vmsport.fi\/sv\/wp-json\/wp\/v2\/product_brand?post=56502"},{"taxonomy":"product_model","embeddable":true,"href":"https:\/\/vmsport.fi\/sv\/wp-json\/wp\/v2\/product_model?post=56502"},{"taxonomy":"product_cat","embeddable":true,"href":"https:\/\/vmsport.fi\/sv\/wp-json\/wp\/v2\/product_cat?post=56502"},{"taxonomy":"product_tag","embeddable":true,"href":"https:\/\/vmsport.fi\/sv\/wp-json\/wp\/v2\/product_tag?post=56502"},{"taxonomy":"industry_terminology","embeddable":true,"href":"https:\/\/vmsport.fi\/sv\/wp-json\/wp\/v2\/industry-terminology?post=56502"}],"curies":[{"name":"wp","href":"https:\/\/api.w.org\/{rel}","templated":true}]}}