{"id":56496,"date":"2025-03-06T00:20:32","date_gmt":"2025-03-05T22:20:32","guid":{"rendered":"https:\/\/vmsport.fi\/verkkokauppa\/Ei-luokiteltu\/kasetti-11-v-11-34-cs-r7000-105\/"},"modified":"2026-02-03T02:00:14","modified_gmt":"2026-02-03T00:00:14","slug":"kassett-11-v-11-34-cs-r7000-105","status":"publish","type":"product","link":"https:\/\/vmsport.fi\/sv\/verkkokauppa\/varaosat\/voimansiirto\/takarattaat\/kasetti-11-v-11-34-cs-r7000-105\/","title":{"rendered":"Kassett 11-v 11-34 CS-R7000 105"},"content":{"rendered":"<p>11-v 11-34-kassetten CS-R7000 105 \u00e4r utformad f\u00f6r landsv\u00e4gscyklar och erbjuder 11 v\u00e4xlar f\u00f6r smidig v\u00e4xling med HG-EV- och HG-X11-kompatibla kedjor. Dess Hyperglide EV-design anv\u00e4nder exakt konstruerade tandprofiler f\u00f6r att s\u00e4kerst\u00e4lla smidiga v\u00e4xlingar \u00e4ven n\u00e4r cykeln anv\u00e4nds mycket. Exakt justerad fasning f\u00f6rb\u00e4ttrar energieffektiviteten och kadensstyrningen.<\/p>\n<p>Kassettens st\u00f6rsta kugghjul \u00e4r monterade p\u00e5 ett l\u00e4tt aluminiumf\u00e4ste, vilket minskar vikten men bibeh\u00e5ller konstruktionens styvhet. Borrningen och l\u00e4ttningen av kugghjulen g\u00f6r kassetten \u00e4nnu l\u00e4ttare. En h\u00e5llbar nickelpl\u00e4tering skyddar mot korrosion och en p\u00e4rlemorskimrande l\u00e5sring i st\u00e5l s\u00e4tter pricken \u00f6ver i:et p\u00e5 den eleganta looken.<\/p>\n<p>Kassetten \u00e4r l\u00e4mplig f\u00f6r landsv\u00e4g, tidsk\u00f6rning och triathlon och riktar sig s\u00e4rskilt till nyb\u00f6rjare och medelgoda cyklister som vill f\u00f6rb\u00e4ttra sin k\u00f6rteknik. Det breda utbudet av v\u00e4xlar ger m\u00e5ngsidighet och f\u00f6rb\u00e4ttrar prestandan, vilket motiverar till tr\u00e4ning och t\u00e4vling.<\/p>","protected":false},"excerpt":{"rendered":"<p>Kasetti 11-v 11-34 CS-R7000 105 on suunniteltu maantiepy\u00f6riin, ja se tarjoaa 11 vaihteen sulavan vaihdon HG-EV ja HG-X11 yhteensopivien ketjujen kanssa. Sen Hyperglide EV -rakenne hy\u00f6dynt\u00e4\u00e4 tarkasti suunniteltuja hammasprofiileja, jotka varmistavat pehme\u00e4t vaihteensiirrot my\u00f6s silloin, kun py\u00f6r\u00e4 on kovassa k\u00e4yt\u00f6ss\u00e4. Tarkoin s\u00e4\u00e4detty vaiheistus parantaa energiatehokkuutta ja kadenssinhallintaa. Kasetin suurimmat hammasrattaat on asennettu kevyen alumiinikannattimen p\u00e4\u00e4lle, [&#8230;]<\/p>\n<p><a class=\"btn btn-secondary understrap-read-more-link\" href=\"https:\/\/vmsport.fi\/sv\/verkkokauppa\/varaosat\/voimansiirto\/takarattaat\/kasetti-11-v-11-34-cs-r7000-105\/\">L\u00e4s mer \u2026<span class=\"screen-reader-text\"> from Kasetti 11-v 11-34 CS-R7000 105<\/span><\/a><\/p>\n","protected":false},"featured_media":56495,"comment_status":"open","ping_status":"closed","template":"","meta":{"_acf_changed":false,"_improvement_type_select":"improve_an_existing","_thumb_yes_seoaic":false,"_frame_yes_seoaic":false,"seoaic_generate_description":"","seoaic_improve_instructions_prompt":"","seoaic_rollback_content_improvement":"","seoaic_idea_thumbnail_generator":"","thumbnail_generated":false,"thumbnail_generate_prompt":"","seoaic_article_description":"","_supplier_stock_quantity":0},"product_brand":[],"product_model":[],"product_cat":[9348],"product_tag":[],"industry-terminology":[],"class_list":{"0":"post-56496","1":"product","2":"type-product","3":"status-publish","4":"has-post-thumbnail","6":"product_cat-takarattaat","8":"first","9":"outofstock","10":"taxable","11":"shipping-taxable","12":"product-type-simple"},"acf":{"bike_features":null,"overview":{"copy_overview":null,"key_features":null,"statement":"","youtube_url":""}},"yoast_head":"<!-- This site is optimized with the Yoast SEO plugin v27.3 - https:\/\/yoast.com\/product\/yoast-seo-wordpress\/ -->\n<title>Kasetti 11-v 11-34 CS-R7000 105 - VM Sport<\/title>\n<meta name=\"robots\" content=\"index, follow, max-snippet:-1, max-image-preview:large, max-video-preview:-1\" \/>\n<link rel=\"canonical\" href=\"https:\/\/vmsport.fi\/sv\/webbutik\/reservdelar\/transmission\/takarattaat\/kassett-11-v-11-34-cs-r7000-105\/\" \/>\n<meta property=\"og:locale\" content=\"sv_SE\" \/>\n<meta property=\"og:type\" content=\"article\" \/>\n<meta property=\"og:title\" content=\"Kasetti 11-v 11-34 CS-R7000 105 - VM Sport\" \/>\n<meta property=\"og:description\" content=\"Kasetti 11-v 11-34 CS-R7000 105 on suunniteltu maantiepy\u00f6riin, ja se tarjoaa 11 vaihteen sulavan vaihdon HG-EV ja HG-X11 yhteensopivien ketjujen kanssa. Sen Hyperglide EV -rakenne hy\u00f6dynt\u00e4\u00e4 tarkasti suunniteltuja hammasprofiileja, jotka varmistavat pehme\u00e4t vaihteensiirrot my\u00f6s silloin, kun py\u00f6r\u00e4 on kovassa k\u00e4yt\u00f6ss\u00e4. Tarkoin s\u00e4\u00e4detty vaiheistus parantaa energiatehokkuutta ja kadenssinhallintaa. Kasetin suurimmat hammasrattaat on asennettu kevyen alumiinikannattimen p\u00e4\u00e4lle, [...]L\u00e4s mer \u2026 from Kasetti 11-v 11-34 CS-R7000 105\" \/>\n<meta property=\"og:url\" content=\"https:\/\/vmsport.fi\/sv\/webbutik\/reservdelar\/transmission\/takarattaat\/kassett-11-v-11-34-cs-r7000-105\/\" \/>\n<meta property=\"og:site_name\" content=\"VM Sport\" \/>\n<meta property=\"article:publisher\" content=\"https:\/\/www.facebook.com\/Vmsport.fi\/\" \/>\n<meta property=\"article:modified_time\" content=\"2026-02-03T00:00:14+00:00\" \/>\n<meta property=\"og:image\" content=\"https:\/\/vmsport.fi\/wp-content\/uploads\/2025\/03\/akj9tFNCgtdaiGh8WBRisEBjs1TByeb0gXXnL5GKhIDCTDU0kj-1.jpg\" \/>\n\t<meta property=\"og:image:width\" content=\"600\" \/>\n\t<meta property=\"og:image:height\" content=\"600\" \/>\n\t<meta property=\"og:image:type\" content=\"image\/jpeg\" \/>\n<meta name=\"twitter:card\" content=\"summary_large_image\" \/>\n<meta name=\"twitter:label1\" content=\"Ber\u00e4knad l\u00e4stid\" \/>\n\t<meta name=\"twitter:data1\" content=\"1 minut\" \/>\n<script type=\"application\/ld+json\" class=\"yoast-schema-graph\">{\"@context\":\"https:\\\/\\\/schema.org\",\"@graph\":[{\"@type\":[\"WebPage\",\"ItemPage\"],\"@id\":\"https:\\\/\\\/vmsport.fi\\\/verkkokauppa\\\/varaosat\\\/voimansiirto\\\/takarattaat\\\/kasetti-11-v-11-34-cs-r7000-105\\\/\",\"url\":\"https:\\\/\\\/vmsport.fi\\\/verkkokauppa\\\/varaosat\\\/voimansiirto\\\/takarattaat\\\/kasetti-11-v-11-34-cs-r7000-105\\\/\",\"name\":\"Kasetti 11-v 11-34 CS-R7000 105 - VM Sport\",\"isPartOf\":{\"@id\":\"https:\\\/\\\/vmsport.fi\\\/#website\"},\"primaryImageOfPage\":{\"@id\":\"https:\\\/\\\/vmsport.fi\\\/verkkokauppa\\\/varaosat\\\/voimansiirto\\\/takarattaat\\\/kasetti-11-v-11-34-cs-r7000-105\\\/#primaryimage\"},\"image\":{\"@id\":\"https:\\\/\\\/vmsport.fi\\\/verkkokauppa\\\/varaosat\\\/voimansiirto\\\/takarattaat\\\/kasetti-11-v-11-34-cs-r7000-105\\\/#primaryimage\"},\"thumbnailUrl\":\"https:\\\/\\\/vmsport.fi\\\/wp-content\\\/uploads\\\/2025\\\/03\\\/akj9tFNCgtdaiGh8WBRisEBjs1TByeb0gXXnL5GKhIDCTDU0kj-1.jpg\",\"datePublished\":\"2025-03-05T22:20:32+00:00\",\"dateModified\":\"2026-02-03T00:00:14+00:00\",\"breadcrumb\":{\"@id\":\"https:\\\/\\\/vmsport.fi\\\/verkkokauppa\\\/varaosat\\\/voimansiirto\\\/takarattaat\\\/kasetti-11-v-11-34-cs-r7000-105\\\/#breadcrumb\"},\"inLanguage\":\"sv-SE\",\"potentialAction\":[{\"@type\":\"ReadAction\",\"target\":[\"https:\\\/\\\/vmsport.fi\\\/verkkokauppa\\\/varaosat\\\/voimansiirto\\\/takarattaat\\\/kasetti-11-v-11-34-cs-r7000-105\\\/\"]}]},{\"@type\":\"ImageObject\",\"inLanguage\":\"sv-SE\",\"@id\":\"https:\\\/\\\/vmsport.fi\\\/verkkokauppa\\\/varaosat\\\/voimansiirto\\\/takarattaat\\\/kasetti-11-v-11-34-cs-r7000-105\\\/#primaryimage\",\"url\":\"https:\\\/\\\/vmsport.fi\\\/wp-content\\\/uploads\\\/2025\\\/03\\\/akj9tFNCgtdaiGh8WBRisEBjs1TByeb0gXXnL5GKhIDCTDU0kj-1.jpg\",\"contentUrl\":\"https:\\\/\\\/vmsport.fi\\\/wp-content\\\/uploads\\\/2025\\\/03\\\/akj9tFNCgtdaiGh8WBRisEBjs1TByeb0gXXnL5GKhIDCTDU0kj-1.jpg\",\"width\":600,\"height\":600,\"caption\":\"akj9tFNCgtdaiGh8WBRisEBjs1TByeb0gXXnL5GKhIDCTDU0kj\"},{\"@type\":\"BreadcrumbList\",\"@id\":\"https:\\\/\\\/vmsport.fi\\\/verkkokauppa\\\/varaosat\\\/voimansiirto\\\/takarattaat\\\/kasetti-11-v-11-34-cs-r7000-105\\\/#breadcrumb\",\"itemListElement\":[{\"@type\":\"ListItem\",\"position\":1,\"name\":\"Etusivu\",\"item\":\"https:\\\/\\\/vmsport.fi\\\/\"},{\"@type\":\"ListItem\",\"position\":2,\"name\":\"Online Store\",\"item\":\"https:\\\/\\\/vmsport.fi\\\/en\\\/online-store\\\/\"},{\"@type\":\"ListItem\",\"position\":3,\"name\":\"Kasetti 11-v 11-34 CS-R7000 105\"}]},{\"@type\":\"WebSite\",\"@id\":\"https:\\\/\\\/vmsport.fi\\\/#website\",\"url\":\"https:\\\/\\\/vmsport.fi\\\/\",\"name\":\"Vmsport\",\"description\":\"Kaikki py\u00f6r\u00e4ilyyn yhdest\u00e4 paikasta\",\"publisher\":{\"@id\":\"https:\\\/\\\/vmsport.fi\\\/#organization\"},\"potentialAction\":[{\"@type\":\"SearchAction\",\"target\":{\"@type\":\"EntryPoint\",\"urlTemplate\":\"https:\\\/\\\/vmsport.fi\\\/?s={search_term_string}\"},\"query-input\":{\"@type\":\"PropertyValueSpecification\",\"valueRequired\":true,\"valueName\":\"search_term_string\"}}],\"inLanguage\":\"sv-SE\"},{\"@type\":\"Organization\",\"@id\":\"https:\\\/\\\/vmsport.fi\\\/#organization\",\"name\":\"Vmsport\",\"url\":\"https:\\\/\\\/vmsport.fi\\\/\",\"logo\":{\"@type\":\"ImageObject\",\"inLanguage\":\"sv-SE\",\"@id\":\"https:\\\/\\\/vmsport.fi\\\/#\\\/schema\\\/logo\\\/image\\\/\",\"url\":\"https:\\\/\\\/vmsport.fi\\\/wp-content\\\/uploads\\\/2024\\\/12\\\/vm_sport_RGB_horisontal-e1734526017575.png\",\"contentUrl\":\"https:\\\/\\\/vmsport.fi\\\/wp-content\\\/uploads\\\/2024\\\/12\\\/vm_sport_RGB_horisontal-e1734526017575.png\",\"width\":668,\"height\":85,\"caption\":\"Vmsport\"},\"image\":{\"@id\":\"https:\\\/\\\/vmsport.fi\\\/#\\\/schema\\\/logo\\\/image\\\/\"},\"sameAs\":[\"https:\\\/\\\/www.facebook.com\\\/Vmsport.fi\\\/\",\"https:\\\/\\\/www.instagram.com\\\/vmsport\\\/\"]}]}<\/script>\n<!-- \/ Yoast SEO plugin. -->","yoast_head_json":{"title":"Kassett 11-v 11-34 CS-R7000 105 - VM Sport","robots":{"index":"index","follow":"follow","max-snippet":"max-snippet:-1","max-image-preview":"max-image-preview:large","max-video-preview":"max-video-preview:-1"},"canonical":"https:\/\/vmsport.fi\/sv\/webbutik\/reservdelar\/transmission\/takarattaat\/kassett-11-v-11-34-cs-r7000-105\/","og_locale":"sv_SE","og_type":"article","og_title":"Kasetti 11-v 11-34 CS-R7000 105 - VM Sport","og_description":"Kasetti 11-v 11-34 CS-R7000 105 on suunniteltu maantiepy\u00f6riin, ja se tarjoaa 11 vaihteen sulavan vaihdon HG-EV ja HG-X11 yhteensopivien ketjujen kanssa. Sen Hyperglide EV -rakenne hy\u00f6dynt\u00e4\u00e4 tarkasti suunniteltuja hammasprofiileja, jotka varmistavat pehme\u00e4t vaihteensiirrot my\u00f6s silloin, kun py\u00f6r\u00e4 on kovassa k\u00e4yt\u00f6ss\u00e4. Tarkoin s\u00e4\u00e4detty vaiheistus parantaa energiatehokkuutta ja kadenssinhallintaa. Kasetin suurimmat hammasrattaat on asennettu kevyen alumiinikannattimen p\u00e4\u00e4lle, [...]L\u00e4s mer \u2026 from Kasetti 11-v 11-34 CS-R7000 105","og_url":"https:\/\/vmsport.fi\/sv\/webbutik\/reservdelar\/transmission\/takarattaat\/kassett-11-v-11-34-cs-r7000-105\/","og_site_name":"VM Sport","article_publisher":"https:\/\/www.facebook.com\/Vmsport.fi\/","article_modified_time":"2026-02-03T00:00:14+00:00","og_image":[{"width":600,"height":600,"url":"https:\/\/vmsport.fi\/wp-content\/uploads\/2025\/03\/akj9tFNCgtdaiGh8WBRisEBjs1TByeb0gXXnL5GKhIDCTDU0kj-1.jpg","type":"image\/jpeg"}],"twitter_card":"summary_large_image","twitter_misc":{"Ber\u00e4knad l\u00e4stid":"1 minut"},"schema":{"@context":"https:\/\/schema.org","@graph":[{"@type":["WebPage","ItemPage"],"@id":"https:\/\/vmsport.fi\/verkkokauppa\/varaosat\/voimansiirto\/takarattaat\/kasetti-11-v-11-34-cs-r7000-105\/","url":"https:\/\/vmsport.fi\/verkkokauppa\/varaosat\/voimansiirto\/takarattaat\/kasetti-11-v-11-34-cs-r7000-105\/","name":"Kassett 11-v 11-34 CS-R7000 105 - VM Sport","isPartOf":{"@id":"https:\/\/vmsport.fi\/#website"},"primaryImageOfPage":{"@id":"https:\/\/vmsport.fi\/verkkokauppa\/varaosat\/voimansiirto\/takarattaat\/kasetti-11-v-11-34-cs-r7000-105\/#primaryimage"},"image":{"@id":"https:\/\/vmsport.fi\/verkkokauppa\/varaosat\/voimansiirto\/takarattaat\/kasetti-11-v-11-34-cs-r7000-105\/#primaryimage"},"thumbnailUrl":"https:\/\/vmsport.fi\/wp-content\/uploads\/2025\/03\/akj9tFNCgtdaiGh8WBRisEBjs1TByeb0gXXnL5GKhIDCTDU0kj-1.jpg","datePublished":"2025-03-05T22:20:32+00:00","dateModified":"2026-02-03T00:00:14+00:00","breadcrumb":{"@id":"https:\/\/vmsport.fi\/verkkokauppa\/varaosat\/voimansiirto\/takarattaat\/kasetti-11-v-11-34-cs-r7000-105\/#breadcrumb"},"inLanguage":"sv-SE","potentialAction":[{"@type":"ReadAction","target":["https:\/\/vmsport.fi\/verkkokauppa\/varaosat\/voimansiirto\/takarattaat\/kasetti-11-v-11-34-cs-r7000-105\/"]}]},{"@type":"ImageObject","inLanguage":"sv-SE","@id":"https:\/\/vmsport.fi\/verkkokauppa\/varaosat\/voimansiirto\/takarattaat\/kasetti-11-v-11-34-cs-r7000-105\/#primaryimage","url":"https:\/\/vmsport.fi\/wp-content\/uploads\/2025\/03\/akj9tFNCgtdaiGh8WBRisEBjs1TByeb0gXXnL5GKhIDCTDU0kj-1.jpg","contentUrl":"https:\/\/vmsport.fi\/wp-content\/uploads\/2025\/03\/akj9tFNCgtdaiGh8WBRisEBjs1TByeb0gXXnL5GKhIDCTDU0kj-1.jpg","width":600,"height":600,"caption":"akj9tFNCgtdaiGh8WBRisEBjs1TByeb0gXXnL5GKhIDCTDU0kj"},{"@type":"BreadcrumbList","@id":"https:\/\/vmsport.fi\/verkkokauppa\/varaosat\/voimansiirto\/takarattaat\/kasetti-11-v-11-34-cs-r7000-105\/#breadcrumb","itemListElement":[{"@type":"ListItem","position":1,"name":"Etusivu","item":"https:\/\/vmsport.fi\/"},{"@type":"ListItem","position":2,"name":"Online Store","item":"https:\/\/vmsport.fi\/en\/online-store\/"},{"@type":"ListItem","position":3,"name":"Kasetti 11-v 11-34 CS-R7000 105"}]},{"@type":"WebSite","@id":"https:\/\/vmsport.fi\/#website","url":"https:\/\/vmsport.fi\/","name":"Vmsport","description":"Allt p\u00e5 ett st\u00e4lle f\u00f6r cykling","publisher":{"@id":"https:\/\/vmsport.fi\/#organization"},"potentialAction":[{"@type":"SearchAction","target":{"@type":"EntryPoint","urlTemplate":"https:\/\/vmsport.fi\/?s={search_term_string}"},"query-input":{"@type":"PropertyValueSpecification","valueRequired":true,"valueName":"search_term_string"}}],"inLanguage":"sv-SE"},{"@type":"Organization","@id":"https:\/\/vmsport.fi\/#organization","name":"Vmsport","url":"https:\/\/vmsport.fi\/","logo":{"@type":"ImageObject","inLanguage":"sv-SE","@id":"https:\/\/vmsport.fi\/#\/schema\/logo\/image\/","url":"https:\/\/vmsport.fi\/wp-content\/uploads\/2024\/12\/vm_sport_RGB_horisontal-e1734526017575.png","contentUrl":"https:\/\/vmsport.fi\/wp-content\/uploads\/2024\/12\/vm_sport_RGB_horisontal-e1734526017575.png","width":668,"height":85,"caption":"Vmsport"},"image":{"@id":"https:\/\/vmsport.fi\/#\/schema\/logo\/image\/"},"sameAs":["https:\/\/www.facebook.com\/Vmsport.fi\/","https:\/\/www.instagram.com\/vmsport\/"]}]}},"global_unique_id":"","_links":{"self":[{"href":"https:\/\/vmsport.fi\/sv\/wp-json\/wp\/v2\/product\/56496","targetHints":{"allow":["GET"]}}],"collection":[{"href":"https:\/\/vmsport.fi\/sv\/wp-json\/wp\/v2\/product"}],"about":[{"href":"https:\/\/vmsport.fi\/sv\/wp-json\/wp\/v2\/types\/product"}],"replies":[{"embeddable":true,"href":"https:\/\/vmsport.fi\/sv\/wp-json\/wp\/v2\/comments?post=56496"}],"wp:featuredmedia":[{"embeddable":true,"href":"https:\/\/vmsport.fi\/sv\/wp-json\/wp\/v2\/media\/56495"}],"wp:attachment":[{"href":"https:\/\/vmsport.fi\/sv\/wp-json\/wp\/v2\/media?parent=56496"}],"wp:term":[{"taxonomy":"product_brand","embeddable":true,"href":"https:\/\/vmsport.fi\/sv\/wp-json\/wp\/v2\/product_brand?post=56496"},{"taxonomy":"product_model","embeddable":true,"href":"https:\/\/vmsport.fi\/sv\/wp-json\/wp\/v2\/product_model?post=56496"},{"taxonomy":"product_cat","embeddable":true,"href":"https:\/\/vmsport.fi\/sv\/wp-json\/wp\/v2\/product_cat?post=56496"},{"taxonomy":"product_tag","embeddable":true,"href":"https:\/\/vmsport.fi\/sv\/wp-json\/wp\/v2\/product_tag?post=56496"},{"taxonomy":"industry_terminology","embeddable":true,"href":"https:\/\/vmsport.fi\/sv\/wp-json\/wp\/v2\/industry-terminology?post=56496"}],"curies":[{"name":"wp","href":"https:\/\/api.w.org\/{rel}","templated":true}]}}