{"id":56463,"date":"2025-03-06T00:20:08","date_gmt":"2025-03-05T22:20:08","guid":{"rendered":"https:\/\/vmsport.fi\/verkkokauppa\/Ei-luokiteltu\/sisarengas-bontrager-standard-schrader-valve-27-5-x-2-00-2-40-48mm\/"},"modified":"2026-04-22T15:10:22","modified_gmt":"2026-04-22T12:10:22","slug":"sisarengas-bontrager-standard-schraderventil-27-5-x-2-00-2-40-48mm","status":"publish","type":"product","link":"https:\/\/vmsport.fi\/sv\/verkkokauppa\/renkaat\/sisarenkaat\/lasten\/sisarengas-bontrager-standard-schrader-valve-27-5-x-2-00-2-40-48mm\/","title":{"rendered":"Innerring Bontrager Standard Schrader-ventil 27,5 x 2,00-2,40 48 mm"},"content":{"rendered":"<p>Bontragers standardslang \u00e4r utformad f\u00f6r att ge tillf\u00f6rlitlig prestanda och passar Schrader-ventilen v\u00e4l. Denna 27,5-tums innerslang passar d\u00e4ckbredder fr\u00e5n 2,00 till 2,40. Ventilen \u00e4r 48 mm l\u00e5ng, vilket g\u00f6r underh\u00e5llet enkelt. Den l\u00f6stagbara ventilk\u00e4rnan g\u00f6r det enkelt att justera lufttrycket och byta ventil, vilket g\u00f6r den h\u00e4r slangen till ett praktiskt och m\u00e5ngsidigt val f\u00f6r cyklister som v\u00e4rdes\u00e4tter komfort och tillf\u00f6rlitlighet.<\/p>","protected":false},"excerpt":{"rendered":"<p>Bontragerin vakiomallinen sis\u00e4rengas on suunniteltu tarjoamaan luotettavaa suorituskyky\u00e4, ja se sopii hyvin Schrader-venttiiliin. T\u00e4m\u00e4 27,5 tuuman sis\u00e4rengas sopii renkaan leveyksille 2.00\u20132.40. Venttiilin pituus on 48 mm, mik\u00e4 tekee huoltamisesta vaivatonta. Irrotettava venttiilin ydin helpottaa ilmanpaineen s\u00e4\u00e4t\u00e4mist\u00e4 ja venttiilin vaihtamista, mik\u00e4 tekee t\u00e4st\u00e4 sis\u00e4renkaasta k\u00e4yt\u00e4nn\u00f6llisen ja monipuolisen valinnan py\u00f6r\u00e4ilij\u00f6ille, jotka arvostavat mukavuutta ja luotettavuutta. [&#8230;]<\/p>\n<p><a class=\"btn btn-secondary understrap-read-more-link\" href=\"https:\/\/vmsport.fi\/sv\/verkkokauppa\/renkaat\/sisarenkaat\/lasten\/sisarengas-bontrager-standard-schrader-valve-27-5-x-2-00-2-40-48mm\/\">L\u00e4s mer \u2026<span class=\"screen-reader-text\"> from Sis\u00e4rengas Bontrager Standard Schrader Valve 27.5 x 2.00\u20132.40 48mm<\/span><\/a><\/p>\n","protected":false},"featured_media":56462,"comment_status":"open","ping_status":"closed","template":"","meta":{"_acf_changed":false,"_improvement_type_select":"improve_an_existing","_thumb_yes_seoaic":false,"_frame_yes_seoaic":false,"seoaic_generate_description":"","seoaic_improve_instructions_prompt":"","seoaic_rollback_content_improvement":"","seoaic_idea_thumbnail_generator":"","thumbnail_generated":false,"thumbnail_generate_prompt":"","seoaic_article_description":"","_supplier_stock_quantity":0},"product_brand":[],"product_model":[],"product_cat":[9544],"product_tag":[],"industry-terminology":[],"class_list":{"0":"post-56463","1":"product","2":"type-product","3":"status-publish","4":"has-post-thumbnail","6":"product_cat-lasten","8":"first","9":"instock","10":"taxable","11":"shipping-taxable","12":"purchasable","13":"product-type-simple"},"acf":{"bike_features":null,"overview":{"copy_overview":null,"key_features":null,"statement":"","youtube_url":""}},"yoast_head":"<!-- This site is optimized with the Yoast SEO plugin v27.4 - https:\/\/yoast.com\/product\/yoast-seo-wordpress\/ -->\n<title>Sis\u00e4rengas Bontrager Standard Schrader Valve 27.5 x 2.00\u20132.40 48mm - VM Sport<\/title>\n<meta name=\"robots\" content=\"index, follow, max-snippet:-1, max-image-preview:large, max-video-preview:-1\" \/>\n<link rel=\"canonical\" href=\"https:\/\/vmsport.fi\/sv\/webbutik\/dack\/systerdack\/barn\/sisarengas-bontrager-standard-schraderventil-27-5-x-2-00-2-40-48mm\/\" \/>\n<meta property=\"og:locale\" content=\"sv_SE\" \/>\n<meta property=\"og:type\" content=\"article\" \/>\n<meta property=\"og:title\" content=\"Sis\u00e4rengas Bontrager Standard Schrader Valve 27.5 x 2.00\u20132.40 48mm - VM Sport\" \/>\n<meta property=\"og:description\" content=\"Bontragerin vakiomallinen sis\u00e4rengas on suunniteltu tarjoamaan luotettavaa suorituskyky\u00e4, ja se sopii hyvin Schrader-venttiiliin. T\u00e4m\u00e4 27,5 tuuman sis\u00e4rengas sopii renkaan leveyksille 2.00\u20132.40. Venttiilin pituus on 48 mm, mik\u00e4 tekee huoltamisesta vaivatonta. Irrotettava venttiilin ydin helpottaa ilmanpaineen s\u00e4\u00e4t\u00e4mist\u00e4 ja venttiilin vaihtamista, mik\u00e4 tekee t\u00e4st\u00e4 sis\u00e4renkaasta k\u00e4yt\u00e4nn\u00f6llisen ja monipuolisen valinnan py\u00f6r\u00e4ilij\u00f6ille, jotka arvostavat mukavuutta ja luotettavuutta. [...]L\u00e4s mer \u2026 from Sis\u00e4rengas Bontrager Standard Schrader Valve 27.5 x 2.00\u20132.40 48mm\" \/>\n<meta property=\"og:url\" content=\"https:\/\/vmsport.fi\/sv\/webbutik\/dack\/systerdack\/barn\/sisarengas-bontrager-standard-schraderventil-27-5-x-2-00-2-40-48mm\/\" \/>\n<meta property=\"og:site_name\" content=\"VM Sport\" \/>\n<meta property=\"article:publisher\" content=\"https:\/\/www.facebook.com\/Vmsport.fi\/\" \/>\n<meta property=\"article:modified_time\" content=\"2026-04-22T12:10:22+00:00\" \/>\n<meta property=\"og:image\" content=\"https:\/\/vmsport.fi\/wp-content\/uploads\/2025\/03\/AnN5mhQ8M9ltc4d2m3O97j8nKr25MB52MPRALOV2wI9AWMoYeu-1.jpg\" \/>\n\t<meta property=\"og:image:width\" content=\"1000\" \/>\n\t<meta property=\"og:image:height\" content=\"1000\" \/>\n\t<meta property=\"og:image:type\" content=\"image\/jpeg\" \/>\n<meta name=\"twitter:card\" content=\"summary_large_image\" \/>\n<script type=\"application\/ld+json\" class=\"yoast-schema-graph\">{\"@context\":\"https:\\\/\\\/schema.org\",\"@graph\":[{\"@type\":[\"WebPage\",\"ItemPage\"],\"@id\":\"https:\\\/\\\/vmsport.fi\\\/verkkokauppa\\\/renkaat\\\/sisarenkaat\\\/lasten\\\/sisarengas-bontrager-standard-schrader-valve-27-5-x-2-00-2-40-48mm\\\/\",\"url\":\"https:\\\/\\\/vmsport.fi\\\/verkkokauppa\\\/renkaat\\\/sisarenkaat\\\/lasten\\\/sisarengas-bontrager-standard-schrader-valve-27-5-x-2-00-2-40-48mm\\\/\",\"name\":\"Sis\u00e4rengas Bontrager Standard Schrader Valve 27.5 x 2.00\u20132.40 48mm - VM Sport\",\"isPartOf\":{\"@id\":\"https:\\\/\\\/vmsport.fi\\\/#website\"},\"primaryImageOfPage\":{\"@id\":\"https:\\\/\\\/vmsport.fi\\\/verkkokauppa\\\/renkaat\\\/sisarenkaat\\\/lasten\\\/sisarengas-bontrager-standard-schrader-valve-27-5-x-2-00-2-40-48mm\\\/#primaryimage\"},\"image\":{\"@id\":\"https:\\\/\\\/vmsport.fi\\\/verkkokauppa\\\/renkaat\\\/sisarenkaat\\\/lasten\\\/sisarengas-bontrager-standard-schrader-valve-27-5-x-2-00-2-40-48mm\\\/#primaryimage\"},\"thumbnailUrl\":\"https:\\\/\\\/vmsport.fi\\\/wp-content\\\/uploads\\\/2025\\\/03\\\/AnN5mhQ8M9ltc4d2m3O97j8nKr25MB52MPRALOV2wI9AWMoYeu-1.jpg\",\"datePublished\":\"2025-03-05T22:20:08+00:00\",\"dateModified\":\"2026-04-22T12:10:22+00:00\",\"breadcrumb\":{\"@id\":\"https:\\\/\\\/vmsport.fi\\\/verkkokauppa\\\/renkaat\\\/sisarenkaat\\\/lasten\\\/sisarengas-bontrager-standard-schrader-valve-27-5-x-2-00-2-40-48mm\\\/#breadcrumb\"},\"inLanguage\":\"sv-SE\",\"potentialAction\":[{\"@type\":\"ReadAction\",\"target\":[\"https:\\\/\\\/vmsport.fi\\\/verkkokauppa\\\/renkaat\\\/sisarenkaat\\\/lasten\\\/sisarengas-bontrager-standard-schrader-valve-27-5-x-2-00-2-40-48mm\\\/\"]}]},{\"@type\":\"ImageObject\",\"inLanguage\":\"sv-SE\",\"@id\":\"https:\\\/\\\/vmsport.fi\\\/verkkokauppa\\\/renkaat\\\/sisarenkaat\\\/lasten\\\/sisarengas-bontrager-standard-schrader-valve-27-5-x-2-00-2-40-48mm\\\/#primaryimage\",\"url\":\"https:\\\/\\\/vmsport.fi\\\/wp-content\\\/uploads\\\/2025\\\/03\\\/AnN5mhQ8M9ltc4d2m3O97j8nKr25MB52MPRALOV2wI9AWMoYeu-1.jpg\",\"contentUrl\":\"https:\\\/\\\/vmsport.fi\\\/wp-content\\\/uploads\\\/2025\\\/03\\\/AnN5mhQ8M9ltc4d2m3O97j8nKr25MB52MPRALOV2wI9AWMoYeu-1.jpg\",\"width\":1000,\"height\":1000,\"caption\":\"AnN5mhQ8M9ltc4d2m3O97j8nKr25MB52MPRALOV2wI9AWMoYeu\"},{\"@type\":\"BreadcrumbList\",\"@id\":\"https:\\\/\\\/vmsport.fi\\\/verkkokauppa\\\/renkaat\\\/sisarenkaat\\\/lasten\\\/sisarengas-bontrager-standard-schrader-valve-27-5-x-2-00-2-40-48mm\\\/#breadcrumb\",\"itemListElement\":[{\"@type\":\"ListItem\",\"position\":1,\"name\":\"Etusivu\",\"item\":\"https:\\\/\\\/vmsport.fi\\\/\"},{\"@type\":\"ListItem\",\"position\":2,\"name\":\"Online Store\",\"item\":\"https:\\\/\\\/vmsport.fi\\\/en\\\/online-store\\\/\"},{\"@type\":\"ListItem\",\"position\":3,\"name\":\"Sis\u00e4rengas Bontrager Standard Schrader Valve 27.5 x 2.00\u20132.40 48mm\"}]},{\"@type\":\"WebSite\",\"@id\":\"https:\\\/\\\/vmsport.fi\\\/#website\",\"url\":\"https:\\\/\\\/vmsport.fi\\\/\",\"name\":\"Vmsport\",\"description\":\"Kaikki py\u00f6r\u00e4ilyyn yhdest\u00e4 paikasta\",\"publisher\":{\"@id\":\"https:\\\/\\\/vmsport.fi\\\/#organization\"},\"potentialAction\":[{\"@type\":\"SearchAction\",\"target\":{\"@type\":\"EntryPoint\",\"urlTemplate\":\"https:\\\/\\\/vmsport.fi\\\/?s={search_term_string}\"},\"query-input\":{\"@type\":\"PropertyValueSpecification\",\"valueRequired\":true,\"valueName\":\"search_term_string\"}}],\"inLanguage\":\"sv-SE\"},{\"@type\":\"Organization\",\"@id\":\"https:\\\/\\\/vmsport.fi\\\/#organization\",\"name\":\"Vmsport\",\"url\":\"https:\\\/\\\/vmsport.fi\\\/\",\"logo\":{\"@type\":\"ImageObject\",\"inLanguage\":\"sv-SE\",\"@id\":\"https:\\\/\\\/vmsport.fi\\\/#\\\/schema\\\/logo\\\/image\\\/\",\"url\":\"https:\\\/\\\/vmsport.fi\\\/wp-content\\\/uploads\\\/2024\\\/12\\\/vm_sport_RGB_horisontal-e1734526017575.png\",\"contentUrl\":\"https:\\\/\\\/vmsport.fi\\\/wp-content\\\/uploads\\\/2024\\\/12\\\/vm_sport_RGB_horisontal-e1734526017575.png\",\"width\":668,\"height\":85,\"caption\":\"Vmsport\"},\"image\":{\"@id\":\"https:\\\/\\\/vmsport.fi\\\/#\\\/schema\\\/logo\\\/image\\\/\"},\"sameAs\":[\"https:\\\/\\\/www.facebook.com\\\/Vmsport.fi\\\/\",\"https:\\\/\\\/www.instagram.com\\\/vmsport\\\/\"]}]}<\/script>\n<!-- \/ Yoast SEO plugin. -->","yoast_head_json":{"title":"Bontrager Standard Schrader-ventil 27,5 x 2,00-2,40 48 mm - VM Sport","robots":{"index":"index","follow":"follow","max-snippet":"max-snippet:-1","max-image-preview":"max-image-preview:large","max-video-preview":"max-video-preview:-1"},"canonical":"https:\/\/vmsport.fi\/sv\/webbutik\/dack\/systerdack\/barn\/sisarengas-bontrager-standard-schraderventil-27-5-x-2-00-2-40-48mm\/","og_locale":"sv_SE","og_type":"article","og_title":"Sis\u00e4rengas Bontrager Standard Schrader Valve 27.5 x 2.00\u20132.40 48mm - VM Sport","og_description":"Bontragerin vakiomallinen sis\u00e4rengas on suunniteltu tarjoamaan luotettavaa suorituskyky\u00e4, ja se sopii hyvin Schrader-venttiiliin. T\u00e4m\u00e4 27,5 tuuman sis\u00e4rengas sopii renkaan leveyksille 2.00\u20132.40. Venttiilin pituus on 48 mm, mik\u00e4 tekee huoltamisesta vaivatonta. Irrotettava venttiilin ydin helpottaa ilmanpaineen s\u00e4\u00e4t\u00e4mist\u00e4 ja venttiilin vaihtamista, mik\u00e4 tekee t\u00e4st\u00e4 sis\u00e4renkaasta k\u00e4yt\u00e4nn\u00f6llisen ja monipuolisen valinnan py\u00f6r\u00e4ilij\u00f6ille, jotka arvostavat mukavuutta ja luotettavuutta. [...]L\u00e4s mer \u2026 from Sis\u00e4rengas Bontrager Standard Schrader Valve 27.5 x 2.00\u20132.40 48mm","og_url":"https:\/\/vmsport.fi\/sv\/webbutik\/dack\/systerdack\/barn\/sisarengas-bontrager-standard-schraderventil-27-5-x-2-00-2-40-48mm\/","og_site_name":"VM Sport","article_publisher":"https:\/\/www.facebook.com\/Vmsport.fi\/","article_modified_time":"2026-04-22T12:10:22+00:00","og_image":[{"width":1000,"height":1000,"url":"https:\/\/vmsport.fi\/wp-content\/uploads\/2025\/03\/AnN5mhQ8M9ltc4d2m3O97j8nKr25MB52MPRALOV2wI9AWMoYeu-1.jpg","type":"image\/jpeg"}],"twitter_card":"summary_large_image","schema":{"@context":"https:\/\/schema.org","@graph":[{"@type":["WebPage","ItemPage"],"@id":"https:\/\/vmsport.fi\/verkkokauppa\/renkaat\/sisarenkaat\/lasten\/sisarengas-bontrager-standard-schrader-valve-27-5-x-2-00-2-40-48mm\/","url":"https:\/\/vmsport.fi\/verkkokauppa\/renkaat\/sisarenkaat\/lasten\/sisarengas-bontrager-standard-schrader-valve-27-5-x-2-00-2-40-48mm\/","name":"Bontrager Standard Schrader-ventil 27,5 x 2,00-2,40 48 mm - VM Sport","isPartOf":{"@id":"https:\/\/vmsport.fi\/#website"},"primaryImageOfPage":{"@id":"https:\/\/vmsport.fi\/verkkokauppa\/renkaat\/sisarenkaat\/lasten\/sisarengas-bontrager-standard-schrader-valve-27-5-x-2-00-2-40-48mm\/#primaryimage"},"image":{"@id":"https:\/\/vmsport.fi\/verkkokauppa\/renkaat\/sisarenkaat\/lasten\/sisarengas-bontrager-standard-schrader-valve-27-5-x-2-00-2-40-48mm\/#primaryimage"},"thumbnailUrl":"https:\/\/vmsport.fi\/wp-content\/uploads\/2025\/03\/AnN5mhQ8M9ltc4d2m3O97j8nKr25MB52MPRALOV2wI9AWMoYeu-1.jpg","datePublished":"2025-03-05T22:20:08+00:00","dateModified":"2026-04-22T12:10:22+00:00","breadcrumb":{"@id":"https:\/\/vmsport.fi\/verkkokauppa\/renkaat\/sisarenkaat\/lasten\/sisarengas-bontrager-standard-schrader-valve-27-5-x-2-00-2-40-48mm\/#breadcrumb"},"inLanguage":"sv-SE","potentialAction":[{"@type":"ReadAction","target":["https:\/\/vmsport.fi\/verkkokauppa\/renkaat\/sisarenkaat\/lasten\/sisarengas-bontrager-standard-schrader-valve-27-5-x-2-00-2-40-48mm\/"]}]},{"@type":"ImageObject","inLanguage":"sv-SE","@id":"https:\/\/vmsport.fi\/verkkokauppa\/renkaat\/sisarenkaat\/lasten\/sisarengas-bontrager-standard-schrader-valve-27-5-x-2-00-2-40-48mm\/#primaryimage","url":"https:\/\/vmsport.fi\/wp-content\/uploads\/2025\/03\/AnN5mhQ8M9ltc4d2m3O97j8nKr25MB52MPRALOV2wI9AWMoYeu-1.jpg","contentUrl":"https:\/\/vmsport.fi\/wp-content\/uploads\/2025\/03\/AnN5mhQ8M9ltc4d2m3O97j8nKr25MB52MPRALOV2wI9AWMoYeu-1.jpg","width":1000,"height":1000,"caption":"AnN5mhQ8M9ltc4d2m3O97j8nKr25MB52MPRALOV2wI9AWMoYeu"},{"@type":"BreadcrumbList","@id":"https:\/\/vmsport.fi\/verkkokauppa\/renkaat\/sisarenkaat\/lasten\/sisarengas-bontrager-standard-schrader-valve-27-5-x-2-00-2-40-48mm\/#breadcrumb","itemListElement":[{"@type":"ListItem","position":1,"name":"Etusivu","item":"https:\/\/vmsport.fi\/"},{"@type":"ListItem","position":2,"name":"Online Store","item":"https:\/\/vmsport.fi\/en\/online-store\/"},{"@type":"ListItem","position":3,"name":"Sis\u00e4rengas Bontrager Standard Schrader Valve 27.5 x 2.00\u20132.40 48mm"}]},{"@type":"WebSite","@id":"https:\/\/vmsport.fi\/#website","url":"https:\/\/vmsport.fi\/","name":"Vmsport","description":"Allt p\u00e5 ett st\u00e4lle f\u00f6r cykling","publisher":{"@id":"https:\/\/vmsport.fi\/#organization"},"potentialAction":[{"@type":"SearchAction","target":{"@type":"EntryPoint","urlTemplate":"https:\/\/vmsport.fi\/?s={search_term_string}"},"query-input":{"@type":"PropertyValueSpecification","valueRequired":true,"valueName":"search_term_string"}}],"inLanguage":"sv-SE"},{"@type":"Organization","@id":"https:\/\/vmsport.fi\/#organization","name":"Vmsport","url":"https:\/\/vmsport.fi\/","logo":{"@type":"ImageObject","inLanguage":"sv-SE","@id":"https:\/\/vmsport.fi\/#\/schema\/logo\/image\/","url":"https:\/\/vmsport.fi\/wp-content\/uploads\/2024\/12\/vm_sport_RGB_horisontal-e1734526017575.png","contentUrl":"https:\/\/vmsport.fi\/wp-content\/uploads\/2024\/12\/vm_sport_RGB_horisontal-e1734526017575.png","width":668,"height":85,"caption":"Vmsport"},"image":{"@id":"https:\/\/vmsport.fi\/#\/schema\/logo\/image\/"},"sameAs":["https:\/\/www.facebook.com\/Vmsport.fi\/","https:\/\/www.instagram.com\/vmsport\/"]}]}},"global_unique_id":"","_links":{"self":[{"href":"https:\/\/vmsport.fi\/sv\/wp-json\/wp\/v2\/product\/56463","targetHints":{"allow":["GET"]}}],"collection":[{"href":"https:\/\/vmsport.fi\/sv\/wp-json\/wp\/v2\/product"}],"about":[{"href":"https:\/\/vmsport.fi\/sv\/wp-json\/wp\/v2\/types\/product"}],"replies":[{"embeddable":true,"href":"https:\/\/vmsport.fi\/sv\/wp-json\/wp\/v2\/comments?post=56463"}],"wp:featuredmedia":[{"embeddable":true,"href":"https:\/\/vmsport.fi\/sv\/wp-json\/wp\/v2\/media\/56462"}],"wp:attachment":[{"href":"https:\/\/vmsport.fi\/sv\/wp-json\/wp\/v2\/media?parent=56463"}],"wp:term":[{"taxonomy":"product_brand","embeddable":true,"href":"https:\/\/vmsport.fi\/sv\/wp-json\/wp\/v2\/product_brand?post=56463"},{"taxonomy":"product_model","embeddable":true,"href":"https:\/\/vmsport.fi\/sv\/wp-json\/wp\/v2\/product_model?post=56463"},{"taxonomy":"product_cat","embeddable":true,"href":"https:\/\/vmsport.fi\/sv\/wp-json\/wp\/v2\/product_cat?post=56463"},{"taxonomy":"product_tag","embeddable":true,"href":"https:\/\/vmsport.fi\/sv\/wp-json\/wp\/v2\/product_tag?post=56463"},{"taxonomy":"industry_terminology","embeddable":true,"href":"https:\/\/vmsport.fi\/sv\/wp-json\/wp\/v2\/industry-terminology?post=56463"}],"curies":[{"name":"wp","href":"https:\/\/api.w.org\/{rel}","templated":true}]}}