{"id":56459,"date":"2025-03-06T00:20:06","date_gmt":"2025-03-05T22:20:06","guid":{"rendered":"https:\/\/vmsport.fi\/verkkokauppa\/Ei-luokiteltu\/ajokenka-gr501-musta-44\/"},"modified":"2026-01-16T13:21:29","modified_gmt":"2026-01-16T11:21:29","slug":"drivfalg-gr501-svart-44","status":"publish","type":"product","link":"https:\/\/vmsport.fi\/sv\/verkkokauppa\/ajovarusteet\/kengat\/maastokengat\/ajokenka-gr501-musta-44\/","title":{"rendered":"K\u00f6rsko GR501 Svart 44"},"content":{"rendered":"<p>Shimano GR501 \u00e4r en snygg svart cykelsko i storlek 44. Dessa skor har utm\u00e4rkt grepp, med en yttersula som \u00e4r s\u00e4rskilt utformad f\u00f6r utmanande mountainbikecykling. Det bekv\u00e4mt vadderade fodret \u00f6kar komforten och hj\u00e4lper dina f\u00f6tter att h\u00e5lla sig fr\u00e4scha l\u00e4ngre. Den l\u00e4tta konstruktionen f\u00f6rb\u00e4ttrar prestandan, medan andningsf\u00f6rm\u00e5gan s\u00e4kerst\u00e4ller att dina f\u00f6tter h\u00e5ller sig svala \u00e4ven i intensiva situationer. Dessa egenskaper g\u00f6r dem till det perfekta valet f\u00f6r cyklister som v\u00e4rdes\u00e4tter kvalitet och h\u00e5llbarhet.<\/p>","protected":false},"excerpt":{"rendered":"<p>Shimano GR501 on tyylik\u00e4s musta py\u00f6r\u00e4ilykenk\u00e4 koossa 44. N\u00e4iss\u00e4 kengiss\u00e4 on erinomainen pito, sill\u00e4 niiden ulkopohja on suunniteltu erityisesti haastavaan maastopy\u00f6r\u00e4ilyyn. Miellytt\u00e4v\u00e4sti pehmustettu vuori parantaa mukavuutta, auttaen jalkojasi pysym\u00e4\u00e4n virkein\u00e4 pidemp\u00e4\u00e4n. Kevyt rakenne parantaa suorituskyky\u00e4, ja hengitt\u00e4vyys varmistaa, ett\u00e4 jalkasi pysyv\u00e4t viilein\u00e4 my\u00f6s intensiivisiss\u00e4 tilanteissa. N\u00e4iden ominaisuuksien ansiosta keng\u00e4t ovat ihanteellinen valinta py\u00f6r\u00e4ilij\u00f6ille, jotka arvostavat [&#8230;]<\/p>\n<p><a class=\"btn btn-secondary understrap-read-more-link\" href=\"https:\/\/vmsport.fi\/sv\/verkkokauppa\/ajovarusteet\/kengat\/maastokengat\/ajokenka-gr501-musta-44\/\">L\u00e4s mer \u2026<span class=\"screen-reader-text\"> from Ajokenk\u00e4 GR501 Musta 44<\/span><\/a><\/p>\n","protected":false},"featured_media":56458,"comment_status":"open","ping_status":"closed","template":"","meta":{"_acf_changed":false,"_improvement_type_select":"improve_an_existing","_thumb_yes_seoaic":false,"_frame_yes_seoaic":false,"seoaic_generate_description":"","seoaic_improve_instructions_prompt":"","seoaic_rollback_content_improvement":"","seoaic_idea_thumbnail_generator":"","thumbnail_generated":false,"thumbnail_generate_prompt":"","seoaic_article_description":"","_supplier_stock_quantity":0},"product_brand":[],"product_model":[],"product_cat":[9498],"product_tag":[],"industry-terminology":[],"class_list":{"0":"post-56459","1":"product","2":"type-product","3":"status-publish","4":"has-post-thumbnail","6":"product_cat-maastokengat","8":"first","9":"instock","10":"taxable","11":"shipping-taxable","12":"purchasable","13":"product-type-simple"},"acf":{"bike_features":null,"overview":{"copy_overview":null,"key_features":null,"statement":"","youtube_url":""}},"yoast_head":"<!-- This site is optimized with the Yoast SEO plugin v27.3 - https:\/\/yoast.com\/product\/yoast-seo-wordpress\/ -->\n<title>Ajokenk\u00e4 GR501 Musta 44 - VM Sport<\/title>\n<meta name=\"robots\" content=\"index, follow, max-snippet:-1, max-image-preview:large, max-video-preview:-1\" \/>\n<link rel=\"canonical\" href=\"https:\/\/vmsport.fi\/sv\/webbutik\/korutrustning\/skor\/terrangskor\/drivfalg-gr501-svart-44\/\" \/>\n<meta property=\"og:locale\" content=\"sv_SE\" \/>\n<meta property=\"og:type\" content=\"article\" \/>\n<meta property=\"og:title\" content=\"Ajokenk\u00e4 GR501 Musta 44 - VM Sport\" \/>\n<meta property=\"og:description\" content=\"Shimano GR501 on tyylik\u00e4s musta py\u00f6r\u00e4ilykenk\u00e4 koossa 44. N\u00e4iss\u00e4 kengiss\u00e4 on erinomainen pito, sill\u00e4 niiden ulkopohja on suunniteltu erityisesti haastavaan maastopy\u00f6r\u00e4ilyyn. Miellytt\u00e4v\u00e4sti pehmustettu vuori parantaa mukavuutta, auttaen jalkojasi pysym\u00e4\u00e4n virkein\u00e4 pidemp\u00e4\u00e4n. Kevyt rakenne parantaa suorituskyky\u00e4, ja hengitt\u00e4vyys varmistaa, ett\u00e4 jalkasi pysyv\u00e4t viilein\u00e4 my\u00f6s intensiivisiss\u00e4 tilanteissa. N\u00e4iden ominaisuuksien ansiosta keng\u00e4t ovat ihanteellinen valinta py\u00f6r\u00e4ilij\u00f6ille, jotka arvostavat [...]L\u00e4s mer \u2026 from Ajokenk\u00e4 GR501 Musta 44\" \/>\n<meta property=\"og:url\" content=\"https:\/\/vmsport.fi\/sv\/webbutik\/korutrustning\/skor\/terrangskor\/drivfalg-gr501-svart-44\/\" \/>\n<meta property=\"og:site_name\" content=\"VM Sport\" \/>\n<meta property=\"article:publisher\" content=\"https:\/\/www.facebook.com\/Vmsport.fi\/\" \/>\n<meta property=\"article:modified_time\" content=\"2026-01-16T11:21:29+00:00\" \/>\n<meta property=\"og:image\" content=\"https:\/\/vmsport.fi\/wp-content\/uploads\/2025\/03\/NgJrG6scqQLhakAQgEBlA31C3pHvNQNUTXffnVHkr6EK00YpBb-1.jpg\" \/>\n\t<meta property=\"og:image:width\" content=\"600\" \/>\n\t<meta property=\"og:image:height\" content=\"600\" \/>\n\t<meta property=\"og:image:type\" content=\"image\/jpeg\" \/>\n<meta name=\"twitter:card\" content=\"summary_large_image\" \/>\n<script type=\"application\/ld+json\" class=\"yoast-schema-graph\">{\"@context\":\"https:\\\/\\\/schema.org\",\"@graph\":[{\"@type\":[\"WebPage\",\"ItemPage\"],\"@id\":\"https:\\\/\\\/vmsport.fi\\\/verkkokauppa\\\/ajovarusteet\\\/kengat\\\/maastokengat\\\/ajokenka-gr501-musta-44\\\/\",\"url\":\"https:\\\/\\\/vmsport.fi\\\/verkkokauppa\\\/ajovarusteet\\\/kengat\\\/maastokengat\\\/ajokenka-gr501-musta-44\\\/\",\"name\":\"Ajokenk\u00e4 GR501 Musta 44 - VM Sport\",\"isPartOf\":{\"@id\":\"https:\\\/\\\/vmsport.fi\\\/#website\"},\"primaryImageOfPage\":{\"@id\":\"https:\\\/\\\/vmsport.fi\\\/verkkokauppa\\\/ajovarusteet\\\/kengat\\\/maastokengat\\\/ajokenka-gr501-musta-44\\\/#primaryimage\"},\"image\":{\"@id\":\"https:\\\/\\\/vmsport.fi\\\/verkkokauppa\\\/ajovarusteet\\\/kengat\\\/maastokengat\\\/ajokenka-gr501-musta-44\\\/#primaryimage\"},\"thumbnailUrl\":\"https:\\\/\\\/vmsport.fi\\\/wp-content\\\/uploads\\\/2025\\\/03\\\/NgJrG6scqQLhakAQgEBlA31C3pHvNQNUTXffnVHkr6EK00YpBb-1.jpg\",\"datePublished\":\"2025-03-05T22:20:06+00:00\",\"dateModified\":\"2026-01-16T11:21:29+00:00\",\"breadcrumb\":{\"@id\":\"https:\\\/\\\/vmsport.fi\\\/verkkokauppa\\\/ajovarusteet\\\/kengat\\\/maastokengat\\\/ajokenka-gr501-musta-44\\\/#breadcrumb\"},\"inLanguage\":\"sv-SE\",\"potentialAction\":[{\"@type\":\"ReadAction\",\"target\":[\"https:\\\/\\\/vmsport.fi\\\/verkkokauppa\\\/ajovarusteet\\\/kengat\\\/maastokengat\\\/ajokenka-gr501-musta-44\\\/\"]}]},{\"@type\":\"ImageObject\",\"inLanguage\":\"sv-SE\",\"@id\":\"https:\\\/\\\/vmsport.fi\\\/verkkokauppa\\\/ajovarusteet\\\/kengat\\\/maastokengat\\\/ajokenka-gr501-musta-44\\\/#primaryimage\",\"url\":\"https:\\\/\\\/vmsport.fi\\\/wp-content\\\/uploads\\\/2025\\\/03\\\/NgJrG6scqQLhakAQgEBlA31C3pHvNQNUTXffnVHkr6EK00YpBb-1.jpg\",\"contentUrl\":\"https:\\\/\\\/vmsport.fi\\\/wp-content\\\/uploads\\\/2025\\\/03\\\/NgJrG6scqQLhakAQgEBlA31C3pHvNQNUTXffnVHkr6EK00YpBb-1.jpg\",\"width\":600,\"height\":600,\"caption\":\"NgJrG6scqQLhakAQgEBlA31C3pHvNQNUTXffnVHkr6EK00YpBb\"},{\"@type\":\"BreadcrumbList\",\"@id\":\"https:\\\/\\\/vmsport.fi\\\/verkkokauppa\\\/ajovarusteet\\\/kengat\\\/maastokengat\\\/ajokenka-gr501-musta-44\\\/#breadcrumb\",\"itemListElement\":[{\"@type\":\"ListItem\",\"position\":1,\"name\":\"Etusivu\",\"item\":\"https:\\\/\\\/vmsport.fi\\\/\"},{\"@type\":\"ListItem\",\"position\":2,\"name\":\"Online Store\",\"item\":\"https:\\\/\\\/vmsport.fi\\\/en\\\/online-store\\\/\"},{\"@type\":\"ListItem\",\"position\":3,\"name\":\"Ajokenk\u00e4 GR501 Musta 44\"}]},{\"@type\":\"WebSite\",\"@id\":\"https:\\\/\\\/vmsport.fi\\\/#website\",\"url\":\"https:\\\/\\\/vmsport.fi\\\/\",\"name\":\"Vmsport\",\"description\":\"Kaikki py\u00f6r\u00e4ilyyn yhdest\u00e4 paikasta\",\"publisher\":{\"@id\":\"https:\\\/\\\/vmsport.fi\\\/#organization\"},\"potentialAction\":[{\"@type\":\"SearchAction\",\"target\":{\"@type\":\"EntryPoint\",\"urlTemplate\":\"https:\\\/\\\/vmsport.fi\\\/?s={search_term_string}\"},\"query-input\":{\"@type\":\"PropertyValueSpecification\",\"valueRequired\":true,\"valueName\":\"search_term_string\"}}],\"inLanguage\":\"sv-SE\"},{\"@type\":\"Organization\",\"@id\":\"https:\\\/\\\/vmsport.fi\\\/#organization\",\"name\":\"Vmsport\",\"url\":\"https:\\\/\\\/vmsport.fi\\\/\",\"logo\":{\"@type\":\"ImageObject\",\"inLanguage\":\"sv-SE\",\"@id\":\"https:\\\/\\\/vmsport.fi\\\/#\\\/schema\\\/logo\\\/image\\\/\",\"url\":\"https:\\\/\\\/vmsport.fi\\\/wp-content\\\/uploads\\\/2024\\\/12\\\/vm_sport_RGB_horisontal-e1734526017575.png\",\"contentUrl\":\"https:\\\/\\\/vmsport.fi\\\/wp-content\\\/uploads\\\/2024\\\/12\\\/vm_sport_RGB_horisontal-e1734526017575.png\",\"width\":668,\"height\":85,\"caption\":\"Vmsport\"},\"image\":{\"@id\":\"https:\\\/\\\/vmsport.fi\\\/#\\\/schema\\\/logo\\\/image\\\/\"},\"sameAs\":[\"https:\\\/\\\/www.facebook.com\\\/Vmsport.fi\\\/\",\"https:\\\/\\\/www.instagram.com\\\/vmsport\\\/\"]}]}<\/script>\n<!-- \/ Yoast SEO plugin. -->","yoast_head_json":{"title":"K\u00f6rsko GR501 Svart 44 - VM Sport","robots":{"index":"index","follow":"follow","max-snippet":"max-snippet:-1","max-image-preview":"max-image-preview:large","max-video-preview":"max-video-preview:-1"},"canonical":"https:\/\/vmsport.fi\/sv\/webbutik\/korutrustning\/skor\/terrangskor\/drivfalg-gr501-svart-44\/","og_locale":"sv_SE","og_type":"article","og_title":"Ajokenk\u00e4 GR501 Musta 44 - VM Sport","og_description":"Shimano GR501 on tyylik\u00e4s musta py\u00f6r\u00e4ilykenk\u00e4 koossa 44. N\u00e4iss\u00e4 kengiss\u00e4 on erinomainen pito, sill\u00e4 niiden ulkopohja on suunniteltu erityisesti haastavaan maastopy\u00f6r\u00e4ilyyn. Miellytt\u00e4v\u00e4sti pehmustettu vuori parantaa mukavuutta, auttaen jalkojasi pysym\u00e4\u00e4n virkein\u00e4 pidemp\u00e4\u00e4n. Kevyt rakenne parantaa suorituskyky\u00e4, ja hengitt\u00e4vyys varmistaa, ett\u00e4 jalkasi pysyv\u00e4t viilein\u00e4 my\u00f6s intensiivisiss\u00e4 tilanteissa. N\u00e4iden ominaisuuksien ansiosta keng\u00e4t ovat ihanteellinen valinta py\u00f6r\u00e4ilij\u00f6ille, jotka arvostavat [...]L\u00e4s mer \u2026 from Ajokenk\u00e4 GR501 Musta 44","og_url":"https:\/\/vmsport.fi\/sv\/webbutik\/korutrustning\/skor\/terrangskor\/drivfalg-gr501-svart-44\/","og_site_name":"VM Sport","article_publisher":"https:\/\/www.facebook.com\/Vmsport.fi\/","article_modified_time":"2026-01-16T11:21:29+00:00","og_image":[{"width":600,"height":600,"url":"https:\/\/vmsport.fi\/wp-content\/uploads\/2025\/03\/NgJrG6scqQLhakAQgEBlA31C3pHvNQNUTXffnVHkr6EK00YpBb-1.jpg","type":"image\/jpeg"}],"twitter_card":"summary_large_image","schema":{"@context":"https:\/\/schema.org","@graph":[{"@type":["WebPage","ItemPage"],"@id":"https:\/\/vmsport.fi\/verkkokauppa\/ajovarusteet\/kengat\/maastokengat\/ajokenka-gr501-musta-44\/","url":"https:\/\/vmsport.fi\/verkkokauppa\/ajovarusteet\/kengat\/maastokengat\/ajokenka-gr501-musta-44\/","name":"K\u00f6rsko GR501 Svart 44 - VM Sport","isPartOf":{"@id":"https:\/\/vmsport.fi\/#website"},"primaryImageOfPage":{"@id":"https:\/\/vmsport.fi\/verkkokauppa\/ajovarusteet\/kengat\/maastokengat\/ajokenka-gr501-musta-44\/#primaryimage"},"image":{"@id":"https:\/\/vmsport.fi\/verkkokauppa\/ajovarusteet\/kengat\/maastokengat\/ajokenka-gr501-musta-44\/#primaryimage"},"thumbnailUrl":"https:\/\/vmsport.fi\/wp-content\/uploads\/2025\/03\/NgJrG6scqQLhakAQgEBlA31C3pHvNQNUTXffnVHkr6EK00YpBb-1.jpg","datePublished":"2025-03-05T22:20:06+00:00","dateModified":"2026-01-16T11:21:29+00:00","breadcrumb":{"@id":"https:\/\/vmsport.fi\/verkkokauppa\/ajovarusteet\/kengat\/maastokengat\/ajokenka-gr501-musta-44\/#breadcrumb"},"inLanguage":"sv-SE","potentialAction":[{"@type":"ReadAction","target":["https:\/\/vmsport.fi\/verkkokauppa\/ajovarusteet\/kengat\/maastokengat\/ajokenka-gr501-musta-44\/"]}]},{"@type":"ImageObject","inLanguage":"sv-SE","@id":"https:\/\/vmsport.fi\/verkkokauppa\/ajovarusteet\/kengat\/maastokengat\/ajokenka-gr501-musta-44\/#primaryimage","url":"https:\/\/vmsport.fi\/wp-content\/uploads\/2025\/03\/NgJrG6scqQLhakAQgEBlA31C3pHvNQNUTXffnVHkr6EK00YpBb-1.jpg","contentUrl":"https:\/\/vmsport.fi\/wp-content\/uploads\/2025\/03\/NgJrG6scqQLhakAQgEBlA31C3pHvNQNUTXffnVHkr6EK00YpBb-1.jpg","width":600,"height":600,"caption":"NgJrG6scqQLhakAQgEBlA31C3pHvNQNUTXffnVHkr6EK00YpBb"},{"@type":"BreadcrumbList","@id":"https:\/\/vmsport.fi\/verkkokauppa\/ajovarusteet\/kengat\/maastokengat\/ajokenka-gr501-musta-44\/#breadcrumb","itemListElement":[{"@type":"ListItem","position":1,"name":"Etusivu","item":"https:\/\/vmsport.fi\/"},{"@type":"ListItem","position":2,"name":"Online Store","item":"https:\/\/vmsport.fi\/en\/online-store\/"},{"@type":"ListItem","position":3,"name":"Ajokenk\u00e4 GR501 Musta 44"}]},{"@type":"WebSite","@id":"https:\/\/vmsport.fi\/#website","url":"https:\/\/vmsport.fi\/","name":"Vmsport","description":"Allt p\u00e5 ett st\u00e4lle f\u00f6r cykling","publisher":{"@id":"https:\/\/vmsport.fi\/#organization"},"potentialAction":[{"@type":"SearchAction","target":{"@type":"EntryPoint","urlTemplate":"https:\/\/vmsport.fi\/?s={search_term_string}"},"query-input":{"@type":"PropertyValueSpecification","valueRequired":true,"valueName":"search_term_string"}}],"inLanguage":"sv-SE"},{"@type":"Organization","@id":"https:\/\/vmsport.fi\/#organization","name":"Vmsport","url":"https:\/\/vmsport.fi\/","logo":{"@type":"ImageObject","inLanguage":"sv-SE","@id":"https:\/\/vmsport.fi\/#\/schema\/logo\/image\/","url":"https:\/\/vmsport.fi\/wp-content\/uploads\/2024\/12\/vm_sport_RGB_horisontal-e1734526017575.png","contentUrl":"https:\/\/vmsport.fi\/wp-content\/uploads\/2024\/12\/vm_sport_RGB_horisontal-e1734526017575.png","width":668,"height":85,"caption":"Vmsport"},"image":{"@id":"https:\/\/vmsport.fi\/#\/schema\/logo\/image\/"},"sameAs":["https:\/\/www.facebook.com\/Vmsport.fi\/","https:\/\/www.instagram.com\/vmsport\/"]}]}},"global_unique_id":"","_links":{"self":[{"href":"https:\/\/vmsport.fi\/sv\/wp-json\/wp\/v2\/product\/56459","targetHints":{"allow":["GET"]}}],"collection":[{"href":"https:\/\/vmsport.fi\/sv\/wp-json\/wp\/v2\/product"}],"about":[{"href":"https:\/\/vmsport.fi\/sv\/wp-json\/wp\/v2\/types\/product"}],"replies":[{"embeddable":true,"href":"https:\/\/vmsport.fi\/sv\/wp-json\/wp\/v2\/comments?post=56459"}],"wp:featuredmedia":[{"embeddable":true,"href":"https:\/\/vmsport.fi\/sv\/wp-json\/wp\/v2\/media\/56458"}],"wp:attachment":[{"href":"https:\/\/vmsport.fi\/sv\/wp-json\/wp\/v2\/media?parent=56459"}],"wp:term":[{"taxonomy":"product_brand","embeddable":true,"href":"https:\/\/vmsport.fi\/sv\/wp-json\/wp\/v2\/product_brand?post=56459"},{"taxonomy":"product_model","embeddable":true,"href":"https:\/\/vmsport.fi\/sv\/wp-json\/wp\/v2\/product_model?post=56459"},{"taxonomy":"product_cat","embeddable":true,"href":"https:\/\/vmsport.fi\/sv\/wp-json\/wp\/v2\/product_cat?post=56459"},{"taxonomy":"product_tag","embeddable":true,"href":"https:\/\/vmsport.fi\/sv\/wp-json\/wp\/v2\/product_tag?post=56459"},{"taxonomy":"industry_terminology","embeddable":true,"href":"https:\/\/vmsport.fi\/sv\/wp-json\/wp\/v2\/industry-terminology?post=56459"}],"curies":[{"name":"wp","href":"https:\/\/api.w.org\/{rel}","templated":true}]}}