{"id":56452,"date":"2025-03-06T00:20:02","date_gmt":"2025-03-05T22:20:02","guid":{"rendered":"https:\/\/vmsport.fi\/verkkokauppa\/Ei-luokiteltu\/sram-pulley-wheels-x7-x5-sx5-dualdrive-27-standard-bearings\/"},"modified":"2026-04-22T15:09:52","modified_gmt":"2026-04-22T12:09:52","slug":"sram-pulley-wheels-x7-x5-sx5-dualdrive-27-standard-bearings","status":"publish","type":"product","link":"https:\/\/vmsport.fi\/sv\/verkkokauppa\/varaosat\/vaihteistot\/takavaihtajat\/sram-pulley-wheels-x7-x5-sx5-dualdrive-27-standard-bearings\/","title":{"rendered":"SRAM Pulley-hjul X7, X5, SX5, Dualdrive 27 Standardlager"},"content":{"rendered":"<p>SRAMin valmistamat hihnapy\u00f6r\u00e4t on suunniteltu sopimaan yhteen X7-, X5-, SX5- ja Dualdrive 27 -mallien kanssa, mik\u00e4 tekee niist\u00e4 erinomaisen valinnan n\u00e4iden takavaihtajien huoltoon. Kest\u00e4v\u00e4st\u00e4 muovista valmistetut hihnapy\u00f6r\u00e4t ovat pitk\u00e4ik\u00e4isi\u00e4, ja niiden tiiviisti suojatut laakerit varmistavat sujuvan toiminnan sek\u00e4 tasaisella asfaltilla ett\u00e4 vaihtelevassa maastossa. Pakkauksessa on kaksi mustaa hihnapy\u00f6r\u00e4\u00e4, jotka toimivat luotettavina varaosina silloin, kun vanhat kaipaavat vaihtoa. N\u00e4m\u00e4 ovat t\u00e4ydellinen valinta niille, jotka arvostavat laatua ja yhteensopivuutta.<\/p>","protected":false},"excerpt":{"rendered":"<p>SRAMin valmistamat hihnapy\u00f6r\u00e4t on suunniteltu sopimaan yhteen X7-, X5-, SX5- ja Dualdrive 27 -mallien kanssa, mik\u00e4 tekee niist\u00e4 erinomaisen valinnan n\u00e4iden takavaihtajien huoltoon. Kest\u00e4v\u00e4st\u00e4 muovista valmistetut hihnapy\u00f6r\u00e4t ovat pitk\u00e4ik\u00e4isi\u00e4, ja niiden tiiviisti suojatut laakerit varmistavat sujuvan toiminnan sek\u00e4 tasaisella asfaltilla ett\u00e4 vaihtelevassa maastossa. Pakkauksessa on kaksi mustaa hihnapy\u00f6r\u00e4\u00e4, jotka toimivat luotettavina varaosina silloin, kun vanhat [&#8230;]<\/p>\n<p><a class=\"btn btn-secondary understrap-read-more-link\" href=\"https:\/\/vmsport.fi\/sv\/verkkokauppa\/varaosat\/vaihteistot\/takavaihtajat\/sram-pulley-wheels-x7-x5-sx5-dualdrive-27-standard-bearings\/\">L\u00e4s mer \u2026<span class=\"screen-reader-text\"> from SRAM Pulley wheels X7, X5, SX5, Dualdrive 27 Standard bearings<\/span><\/a><\/p>\n","protected":false},"featured_media":56451,"comment_status":"open","ping_status":"closed","template":"","meta":{"_acf_changed":false,"_improvement_type_select":"improve_an_existing","_thumb_yes_seoaic":false,"_frame_yes_seoaic":false,"seoaic_generate_description":"","seoaic_improve_instructions_prompt":"","seoaic_rollback_content_improvement":"","seoaic_idea_thumbnail_generator":"","thumbnail_generated":false,"thumbnail_generate_prompt":"","seoaic_article_description":"","_supplier_stock_quantity":0},"product_brand":[1588],"product_model":[],"product_cat":[9390],"product_tag":[],"industry-terminology":[],"class_list":{"0":"post-56452","1":"product","2":"type-product","3":"status-publish","4":"has-post-thumbnail","6":"product_brand-sram","7":"product_cat-takavaihtajat","9":"first","10":"outofstock","11":"taxable","12":"shipping-taxable","13":"product-type-simple"},"acf":{"bike_features":null,"overview":{"copy_overview":null,"key_features":null,"statement":"","youtube_url":""}},"yoast_head":"<!-- This site is optimized with the Yoast SEO plugin v27.4 - https:\/\/yoast.com\/product\/yoast-seo-wordpress\/ -->\n<title>SRAM Pulley wheels X7, X5, SX5, Dualdrive 27 Standard bearings - VM Sport<\/title>\n<meta name=\"robots\" content=\"index, follow, max-snippet:-1, max-image-preview:large, max-video-preview:-1\" \/>\n<link rel=\"canonical\" href=\"https:\/\/vmsport.fi\/sv\/webbutik\/cyklar\/sram-pulley-wheels-x7-x5-sx5-dualdrive-27-standard-bearings\/\" \/>\n<meta property=\"og:locale\" content=\"sv_SE\" \/>\n<meta property=\"og:type\" content=\"article\" \/>\n<meta property=\"og:title\" content=\"SRAM Pulley wheels X7, X5, SX5, Dualdrive 27 Standard bearings - VM Sport\" \/>\n<meta property=\"og:description\" content=\"SRAMin valmistamat hihnapy\u00f6r\u00e4t on suunniteltu sopimaan yhteen X7-, X5-, SX5- ja Dualdrive 27 -mallien kanssa, mik\u00e4 tekee niist\u00e4 erinomaisen valinnan n\u00e4iden takavaihtajien huoltoon. Kest\u00e4v\u00e4st\u00e4 muovista valmistetut hihnapy\u00f6r\u00e4t ovat pitk\u00e4ik\u00e4isi\u00e4, ja niiden tiiviisti suojatut laakerit varmistavat sujuvan toiminnan sek\u00e4 tasaisella asfaltilla ett\u00e4 vaihtelevassa maastossa. Pakkauksessa on kaksi mustaa hihnapy\u00f6r\u00e4\u00e4, jotka toimivat luotettavina varaosina silloin, kun vanhat [...]L\u00e4s mer \u2026 from SRAM Pulley wheels X7, X5, SX5, Dualdrive 27 Standard bearings\" \/>\n<meta property=\"og:url\" content=\"https:\/\/vmsport.fi\/sv\/webbutik\/cyklar\/sram-pulley-wheels-x7-x5-sx5-dualdrive-27-standard-bearings\/\" \/>\n<meta property=\"og:site_name\" content=\"VM Sport\" \/>\n<meta property=\"article:publisher\" content=\"https:\/\/www.facebook.com\/Vmsport.fi\/\" \/>\n<meta property=\"article:modified_time\" content=\"2026-04-22T12:09:52+00:00\" \/>\n<meta property=\"og:image\" content=\"https:\/\/vmsport.fi\/wp-content\/uploads\/2025\/03\/thKT6429ZytFks7kjKNvvav9rkUXF3oG1KEketfkMDZdkHyUQE-1.jpg\" \/>\n\t<meta property=\"og:image:width\" content=\"250\" \/>\n\t<meta property=\"og:image:height\" content=\"295\" \/>\n\t<meta property=\"og:image:type\" content=\"image\/jpeg\" \/>\n<meta name=\"twitter:card\" content=\"summary_large_image\" \/>\n<script type=\"application\/ld+json\" class=\"yoast-schema-graph\">{\"@context\":\"https:\\\/\\\/schema.org\",\"@graph\":[{\"@type\":[\"WebPage\",\"ItemPage\"],\"@id\":\"https:\\\/\\\/vmsport.fi\\\/verkkokauppa\\\/polkupyorat\\\/sram-pulley-wheels-x7-x5-sx5-dualdrive-27-standard-bearings\\\/\",\"url\":\"https:\\\/\\\/vmsport.fi\\\/verkkokauppa\\\/polkupyorat\\\/sram-pulley-wheels-x7-x5-sx5-dualdrive-27-standard-bearings\\\/\",\"name\":\"SRAM Pulley wheels X7, X5, SX5, Dualdrive 27 Standard bearings - VM Sport\",\"isPartOf\":{\"@id\":\"https:\\\/\\\/vmsport.fi\\\/#website\"},\"primaryImageOfPage\":{\"@id\":\"https:\\\/\\\/vmsport.fi\\\/verkkokauppa\\\/polkupyorat\\\/sram-pulley-wheels-x7-x5-sx5-dualdrive-27-standard-bearings\\\/#primaryimage\"},\"image\":{\"@id\":\"https:\\\/\\\/vmsport.fi\\\/verkkokauppa\\\/polkupyorat\\\/sram-pulley-wheels-x7-x5-sx5-dualdrive-27-standard-bearings\\\/#primaryimage\"},\"thumbnailUrl\":\"https:\\\/\\\/vmsport.fi\\\/wp-content\\\/uploads\\\/2025\\\/03\\\/thKT6429ZytFks7kjKNvvav9rkUXF3oG1KEketfkMDZdkHyUQE-1.jpg\",\"datePublished\":\"2025-03-05T22:20:02+00:00\",\"dateModified\":\"2026-04-22T12:09:52+00:00\",\"breadcrumb\":{\"@id\":\"https:\\\/\\\/vmsport.fi\\\/verkkokauppa\\\/polkupyorat\\\/sram-pulley-wheels-x7-x5-sx5-dualdrive-27-standard-bearings\\\/#breadcrumb\"},\"inLanguage\":\"sv-SE\",\"potentialAction\":[{\"@type\":\"ReadAction\",\"target\":[\"https:\\\/\\\/vmsport.fi\\\/verkkokauppa\\\/polkupyorat\\\/sram-pulley-wheels-x7-x5-sx5-dualdrive-27-standard-bearings\\\/\"]}]},{\"@type\":\"ImageObject\",\"inLanguage\":\"sv-SE\",\"@id\":\"https:\\\/\\\/vmsport.fi\\\/verkkokauppa\\\/polkupyorat\\\/sram-pulley-wheels-x7-x5-sx5-dualdrive-27-standard-bearings\\\/#primaryimage\",\"url\":\"https:\\\/\\\/vmsport.fi\\\/wp-content\\\/uploads\\\/2025\\\/03\\\/thKT6429ZytFks7kjKNvvav9rkUXF3oG1KEketfkMDZdkHyUQE-1.jpg\",\"contentUrl\":\"https:\\\/\\\/vmsport.fi\\\/wp-content\\\/uploads\\\/2025\\\/03\\\/thKT6429ZytFks7kjKNvvav9rkUXF3oG1KEketfkMDZdkHyUQE-1.jpg\",\"width\":250,\"height\":295,\"caption\":\"thKT6429ZytFks7kjKNvvav9rkUXF3oG1KEketfkMDZdkHyUQE\"},{\"@type\":\"BreadcrumbList\",\"@id\":\"https:\\\/\\\/vmsport.fi\\\/verkkokauppa\\\/polkupyorat\\\/sram-pulley-wheels-x7-x5-sx5-dualdrive-27-standard-bearings\\\/#breadcrumb\",\"itemListElement\":[{\"@type\":\"ListItem\",\"position\":1,\"name\":\"Etusivu\",\"item\":\"https:\\\/\\\/vmsport.fi\\\/\"},{\"@type\":\"ListItem\",\"position\":2,\"name\":\"Online Store\",\"item\":\"https:\\\/\\\/vmsport.fi\\\/en\\\/online-store\\\/\"},{\"@type\":\"ListItem\",\"position\":3,\"name\":\"Sram\",\"item\":\"https:\\\/\\\/vmsport.fi\\\/merkki\\\/sram\\\/\"},{\"@type\":\"ListItem\",\"position\":4,\"name\":\"SRAM Pulley wheels X7, X5, SX5, Dualdrive 27 Standard bearings\"}]},{\"@type\":\"WebSite\",\"@id\":\"https:\\\/\\\/vmsport.fi\\\/#website\",\"url\":\"https:\\\/\\\/vmsport.fi\\\/\",\"name\":\"Vmsport\",\"description\":\"Kaikki py\u00f6r\u00e4ilyyn yhdest\u00e4 paikasta\",\"publisher\":{\"@id\":\"https:\\\/\\\/vmsport.fi\\\/#organization\"},\"potentialAction\":[{\"@type\":\"SearchAction\",\"target\":{\"@type\":\"EntryPoint\",\"urlTemplate\":\"https:\\\/\\\/vmsport.fi\\\/?s={search_term_string}\"},\"query-input\":{\"@type\":\"PropertyValueSpecification\",\"valueRequired\":true,\"valueName\":\"search_term_string\"}}],\"inLanguage\":\"sv-SE\"},{\"@type\":\"Organization\",\"@id\":\"https:\\\/\\\/vmsport.fi\\\/#organization\",\"name\":\"Vmsport\",\"url\":\"https:\\\/\\\/vmsport.fi\\\/\",\"logo\":{\"@type\":\"ImageObject\",\"inLanguage\":\"sv-SE\",\"@id\":\"https:\\\/\\\/vmsport.fi\\\/#\\\/schema\\\/logo\\\/image\\\/\",\"url\":\"https:\\\/\\\/vmsport.fi\\\/wp-content\\\/uploads\\\/2024\\\/12\\\/vm_sport_RGB_horisontal-e1734526017575.png\",\"contentUrl\":\"https:\\\/\\\/vmsport.fi\\\/wp-content\\\/uploads\\\/2024\\\/12\\\/vm_sport_RGB_horisontal-e1734526017575.png\",\"width\":668,\"height\":85,\"caption\":\"Vmsport\"},\"image\":{\"@id\":\"https:\\\/\\\/vmsport.fi\\\/#\\\/schema\\\/logo\\\/image\\\/\"},\"sameAs\":[\"https:\\\/\\\/www.facebook.com\\\/Vmsport.fi\\\/\",\"https:\\\/\\\/www.instagram.com\\\/vmsport\\\/\"]}]}<\/script>\n<!-- \/ Yoast SEO plugin. -->","yoast_head_json":{"title":"SRAM Pulley wheels X7, X5, SX5, Dualdrive 27 Standard bearings - VM Sport","robots":{"index":"index","follow":"follow","max-snippet":"max-snippet:-1","max-image-preview":"max-image-preview:large","max-video-preview":"max-video-preview:-1"},"canonical":"https:\/\/vmsport.fi\/sv\/webbutik\/cyklar\/sram-pulley-wheels-x7-x5-sx5-dualdrive-27-standard-bearings\/","og_locale":"sv_SE","og_type":"article","og_title":"SRAM Pulley wheels X7, X5, SX5, Dualdrive 27 Standard bearings - VM Sport","og_description":"SRAMin valmistamat hihnapy\u00f6r\u00e4t on suunniteltu sopimaan yhteen X7-, X5-, SX5- ja Dualdrive 27 -mallien kanssa, mik\u00e4 tekee niist\u00e4 erinomaisen valinnan n\u00e4iden takavaihtajien huoltoon. Kest\u00e4v\u00e4st\u00e4 muovista valmistetut hihnapy\u00f6r\u00e4t ovat pitk\u00e4ik\u00e4isi\u00e4, ja niiden tiiviisti suojatut laakerit varmistavat sujuvan toiminnan sek\u00e4 tasaisella asfaltilla ett\u00e4 vaihtelevassa maastossa. Pakkauksessa on kaksi mustaa hihnapy\u00f6r\u00e4\u00e4, jotka toimivat luotettavina varaosina silloin, kun vanhat [...]L\u00e4s mer \u2026 from SRAM Pulley wheels X7, X5, SX5, Dualdrive 27 Standard bearings","og_url":"https:\/\/vmsport.fi\/sv\/webbutik\/cyklar\/sram-pulley-wheels-x7-x5-sx5-dualdrive-27-standard-bearings\/","og_site_name":"VM Sport","article_publisher":"https:\/\/www.facebook.com\/Vmsport.fi\/","article_modified_time":"2026-04-22T12:09:52+00:00","og_image":[{"width":250,"height":295,"url":"https:\/\/vmsport.fi\/wp-content\/uploads\/2025\/03\/thKT6429ZytFks7kjKNvvav9rkUXF3oG1KEketfkMDZdkHyUQE-1.jpg","type":"image\/jpeg"}],"twitter_card":"summary_large_image","schema":{"@context":"https:\/\/schema.org","@graph":[{"@type":["WebPage","ItemPage"],"@id":"https:\/\/vmsport.fi\/verkkokauppa\/polkupyorat\/sram-pulley-wheels-x7-x5-sx5-dualdrive-27-standard-bearings\/","url":"https:\/\/vmsport.fi\/verkkokauppa\/polkupyorat\/sram-pulley-wheels-x7-x5-sx5-dualdrive-27-standard-bearings\/","name":"SRAM Pulley wheels X7, X5, SX5, Dualdrive 27 Standard bearings - VM Sport","isPartOf":{"@id":"https:\/\/vmsport.fi\/#website"},"primaryImageOfPage":{"@id":"https:\/\/vmsport.fi\/verkkokauppa\/polkupyorat\/sram-pulley-wheels-x7-x5-sx5-dualdrive-27-standard-bearings\/#primaryimage"},"image":{"@id":"https:\/\/vmsport.fi\/verkkokauppa\/polkupyorat\/sram-pulley-wheels-x7-x5-sx5-dualdrive-27-standard-bearings\/#primaryimage"},"thumbnailUrl":"https:\/\/vmsport.fi\/wp-content\/uploads\/2025\/03\/thKT6429ZytFks7kjKNvvav9rkUXF3oG1KEketfkMDZdkHyUQE-1.jpg","datePublished":"2025-03-05T22:20:02+00:00","dateModified":"2026-04-22T12:09:52+00:00","breadcrumb":{"@id":"https:\/\/vmsport.fi\/verkkokauppa\/polkupyorat\/sram-pulley-wheels-x7-x5-sx5-dualdrive-27-standard-bearings\/#breadcrumb"},"inLanguage":"sv-SE","potentialAction":[{"@type":"ReadAction","target":["https:\/\/vmsport.fi\/verkkokauppa\/polkupyorat\/sram-pulley-wheels-x7-x5-sx5-dualdrive-27-standard-bearings\/"]}]},{"@type":"ImageObject","inLanguage":"sv-SE","@id":"https:\/\/vmsport.fi\/verkkokauppa\/polkupyorat\/sram-pulley-wheels-x7-x5-sx5-dualdrive-27-standard-bearings\/#primaryimage","url":"https:\/\/vmsport.fi\/wp-content\/uploads\/2025\/03\/thKT6429ZytFks7kjKNvvav9rkUXF3oG1KEketfkMDZdkHyUQE-1.jpg","contentUrl":"https:\/\/vmsport.fi\/wp-content\/uploads\/2025\/03\/thKT6429ZytFks7kjKNvvav9rkUXF3oG1KEketfkMDZdkHyUQE-1.jpg","width":250,"height":295,"caption":"thKT6429ZytFks7kjKNvvav9rkUXF3oG1KEketfkMDZdkHyUQE"},{"@type":"BreadcrumbList","@id":"https:\/\/vmsport.fi\/verkkokauppa\/polkupyorat\/sram-pulley-wheels-x7-x5-sx5-dualdrive-27-standard-bearings\/#breadcrumb","itemListElement":[{"@type":"ListItem","position":1,"name":"Etusivu","item":"https:\/\/vmsport.fi\/"},{"@type":"ListItem","position":2,"name":"Online Store","item":"https:\/\/vmsport.fi\/en\/online-store\/"},{"@type":"ListItem","position":3,"name":"Sram","item":"https:\/\/vmsport.fi\/merkki\/sram\/"},{"@type":"ListItem","position":4,"name":"SRAM Pulley wheels X7, X5, SX5, Dualdrive 27 Standard bearings"}]},{"@type":"WebSite","@id":"https:\/\/vmsport.fi\/#website","url":"https:\/\/vmsport.fi\/","name":"Vmsport","description":"Allt p\u00e5 ett st\u00e4lle f\u00f6r cykling","publisher":{"@id":"https:\/\/vmsport.fi\/#organization"},"potentialAction":[{"@type":"SearchAction","target":{"@type":"EntryPoint","urlTemplate":"https:\/\/vmsport.fi\/?s={search_term_string}"},"query-input":{"@type":"PropertyValueSpecification","valueRequired":true,"valueName":"search_term_string"}}],"inLanguage":"sv-SE"},{"@type":"Organization","@id":"https:\/\/vmsport.fi\/#organization","name":"Vmsport","url":"https:\/\/vmsport.fi\/","logo":{"@type":"ImageObject","inLanguage":"sv-SE","@id":"https:\/\/vmsport.fi\/#\/schema\/logo\/image\/","url":"https:\/\/vmsport.fi\/wp-content\/uploads\/2024\/12\/vm_sport_RGB_horisontal-e1734526017575.png","contentUrl":"https:\/\/vmsport.fi\/wp-content\/uploads\/2024\/12\/vm_sport_RGB_horisontal-e1734526017575.png","width":668,"height":85,"caption":"Vmsport"},"image":{"@id":"https:\/\/vmsport.fi\/#\/schema\/logo\/image\/"},"sameAs":["https:\/\/www.facebook.com\/Vmsport.fi\/","https:\/\/www.instagram.com\/vmsport\/"]}]}},"global_unique_id":"","_links":{"self":[{"href":"https:\/\/vmsport.fi\/sv\/wp-json\/wp\/v2\/product\/56452","targetHints":{"allow":["GET"]}}],"collection":[{"href":"https:\/\/vmsport.fi\/sv\/wp-json\/wp\/v2\/product"}],"about":[{"href":"https:\/\/vmsport.fi\/sv\/wp-json\/wp\/v2\/types\/product"}],"replies":[{"embeddable":true,"href":"https:\/\/vmsport.fi\/sv\/wp-json\/wp\/v2\/comments?post=56452"}],"wp:featuredmedia":[{"embeddable":true,"href":"https:\/\/vmsport.fi\/sv\/wp-json\/wp\/v2\/media\/56451"}],"wp:attachment":[{"href":"https:\/\/vmsport.fi\/sv\/wp-json\/wp\/v2\/media?parent=56452"}],"wp:term":[{"taxonomy":"product_brand","embeddable":true,"href":"https:\/\/vmsport.fi\/sv\/wp-json\/wp\/v2\/product_brand?post=56452"},{"taxonomy":"product_model","embeddable":true,"href":"https:\/\/vmsport.fi\/sv\/wp-json\/wp\/v2\/product_model?post=56452"},{"taxonomy":"product_cat","embeddable":true,"href":"https:\/\/vmsport.fi\/sv\/wp-json\/wp\/v2\/product_cat?post=56452"},{"taxonomy":"product_tag","embeddable":true,"href":"https:\/\/vmsport.fi\/sv\/wp-json\/wp\/v2\/product_tag?post=56452"},{"taxonomy":"industry_terminology","embeddable":true,"href":"https:\/\/vmsport.fi\/sv\/wp-json\/wp\/v2\/industry-terminology?post=56452"}],"curies":[{"name":"wp","href":"https:\/\/api.w.org\/{rel}","templated":true}]}}