{"id":56448,"date":"2025-03-06T00:20:00","date_gmt":"2025-03-05T22:20:00","guid":{"rendered":"https:\/\/vmsport.fi\/verkkokauppa\/Ei-luokiteltu\/sutro-mtt-blk-w-prizm-road\/"},"modified":"2026-01-16T13:21:59","modified_gmt":"2026-01-16T11:21:59","slug":"sutro-mtt-blk-w-prizm-road","status":"publish","type":"product","link":"https:\/\/vmsport.fi\/sv\/verkkokauppa\/ajovarusteet\/ajolasit\/sutro-mtt-blk-w-prizm-road\/","title":{"rendered":"Sutro Mtt Blk w\/ PRIZM Road"},"content":{"rendered":"<p>Sutro Mtt Blk PRIZM Road -aurinkolasit yhdist\u00e4v\u00e4t rohkean muotoilun ja huippuluokan teknologian, tarjoten t\u00e4ydellisen ratkaisun kaupunkipy\u00f6r\u00e4ilij\u00e4lle. Puolikehyksinen laajasuojaustyyli avartaa n\u00e4k\u00f6kentt\u00e4\u00e4, ja O Matter\u2122 -materiaalista valmistettu kehys on kest\u00e4v\u00e4 ja kevyt. Suuri linssi parantaa sivuttaisn\u00e4k\u00f6\u00e4 tarjoten samalla erinomaisen suojan.<\/p>\n<p>Prizm\u2122-linssiteknologia parantaa v\u00e4rej\u00e4 ja kontrasteja, mik\u00e4 tuo pieniinkin yksityiskohtiin kirkkautta ja selkeytt\u00e4. Linssit on suunniteltu kest\u00e4m\u00e4\u00e4n voimakkaita iskuja, ja 20 % valonl\u00e4p\u00e4isy tekee niist\u00e4 sopivat omanvaloisille olosuhteille. Unobtainium\u00ae-teknologialla varustetut nen\u00e4tyynyt ja sangat tarjoavat ylim\u00e4\u00e4r\u00e4ist\u00e4 pitoa hikoillessa, ja ohuet sangat asettuvat mukavasti p\u00e4\u00e4hineiden ja kyp\u00e4rien kanssa.<\/p>\n<p>N\u00e4iden aurinkolasien rohkea ja monipuolinen ulkon\u00e4k\u00f6 henkii urbaanin el\u00e4m\u00e4n rytmi\u00e4, lis\u00e4ten k\u00e4ytt\u00e4j\u00e4n itseluottamusta ja liikkuvuutta. Ne sopivat erinomaisesti kaupunkiymp\u00e4rist\u00f6\u00f6n, urheilusuorituksiin ja jokap\u00e4iv\u00e4iseen k\u00e4ytt\u00f6\u00f6n, ja linssin ruusunpunainen s\u00e4vy korostaa kontrastia.<\/p>","protected":false},"excerpt":{"rendered":"<p>Sutro Mtt Blk PRIZM Road -aurinkolasit yhdist\u00e4v\u00e4t rohkean muotoilun ja huippuluokan teknologian, tarjoten t\u00e4ydellisen ratkaisun kaupunkipy\u00f6r\u00e4ilij\u00e4lle. Puolikehyksinen laajasuojaustyyli avartaa n\u00e4k\u00f6kentt\u00e4\u00e4, ja O Matter\u2122 -materiaalista valmistettu kehys on kest\u00e4v\u00e4 ja kevyt. Suuri linssi parantaa sivuttaisn\u00e4k\u00f6\u00e4 tarjoten samalla erinomaisen suojan. Prizm\u2122-linssiteknologia parantaa v\u00e4rej\u00e4 ja kontrasteja, mik\u00e4 tuo pieniinkin yksityiskohtiin kirkkautta ja selkeytt\u00e4. Linssit on suunniteltu kest\u00e4m\u00e4\u00e4n voimakkaita [&#8230;]<\/p>\n<p><a class=\"btn btn-secondary understrap-read-more-link\" href=\"https:\/\/vmsport.fi\/sv\/verkkokauppa\/ajovarusteet\/ajolasit\/sutro-mtt-blk-w-prizm-road\/\">L\u00e4s mer \u2026<span class=\"screen-reader-text\"> from Sutro Mtt Blk w\/ PRIZM Road<\/span><\/a><\/p>\n","protected":false},"featured_media":56446,"comment_status":"open","ping_status":"closed","template":"","meta":{"_acf_changed":false,"_improvement_type_select":"improve_an_existing","_thumb_yes_seoaic":false,"_frame_yes_seoaic":false,"seoaic_generate_description":"","seoaic_improve_instructions_prompt":"","seoaic_rollback_content_improvement":"","seoaic_idea_thumbnail_generator":"","thumbnail_generated":false,"thumbnail_generate_prompt":"","seoaic_article_description":"","_supplier_stock_quantity":0},"product_brand":[],"product_model":[],"product_cat":[9280],"product_tag":[],"industry-terminology":[],"class_list":{"0":"post-56448","1":"product","2":"type-product","3":"status-publish","4":"has-post-thumbnail","6":"product_cat-ajolasit","8":"first","9":"outofstock","10":"taxable","11":"shipping-taxable","12":"product-type-simple"},"acf":{"bike_features":null,"overview":{"copy_overview":null,"key_features":null,"statement":"","youtube_url":""}},"yoast_head":"<!-- This site is optimized with the Yoast SEO plugin v27.3 - https:\/\/yoast.com\/product\/yoast-seo-wordpress\/ -->\n<title>Sutro Mtt Blk w\/ PRIZM Road - VM Sport<\/title>\n<meta name=\"robots\" content=\"index, follow, max-snippet:-1, max-image-preview:large, max-video-preview:-1\" \/>\n<link rel=\"canonical\" href=\"https:\/\/vmsport.fi\/sv\/webbutik\/korutrustning\/drivande-glasogon\/sutro-mtt-blk-w-prizm-road\/\" \/>\n<meta property=\"og:locale\" content=\"sv_SE\" \/>\n<meta property=\"og:type\" content=\"article\" \/>\n<meta property=\"og:title\" content=\"Sutro Mtt Blk w\/ PRIZM Road - VM Sport\" \/>\n<meta property=\"og:description\" content=\"Sutro Mtt Blk PRIZM Road -aurinkolasit yhdist\u00e4v\u00e4t rohkean muotoilun ja huippuluokan teknologian, tarjoten t\u00e4ydellisen ratkaisun kaupunkipy\u00f6r\u00e4ilij\u00e4lle. Puolikehyksinen laajasuojaustyyli avartaa n\u00e4k\u00f6kentt\u00e4\u00e4, ja O Matter\u2122 -materiaalista valmistettu kehys on kest\u00e4v\u00e4 ja kevyt. Suuri linssi parantaa sivuttaisn\u00e4k\u00f6\u00e4 tarjoten samalla erinomaisen suojan. Prizm\u2122-linssiteknologia parantaa v\u00e4rej\u00e4 ja kontrasteja, mik\u00e4 tuo pieniinkin yksityiskohtiin kirkkautta ja selkeytt\u00e4. Linssit on suunniteltu kest\u00e4m\u00e4\u00e4n voimakkaita [...]L\u00e4s mer \u2026 from Sutro Mtt Blk w\/ PRIZM Road\" \/>\n<meta property=\"og:url\" content=\"https:\/\/vmsport.fi\/sv\/webbutik\/korutrustning\/drivande-glasogon\/sutro-mtt-blk-w-prizm-road\/\" \/>\n<meta property=\"og:site_name\" content=\"VM Sport\" \/>\n<meta property=\"article:publisher\" content=\"https:\/\/www.facebook.com\/Vmsport.fi\/\" \/>\n<meta property=\"article:modified_time\" content=\"2026-01-16T11:21:59+00:00\" \/>\n<meta property=\"og:image\" content=\"https:\/\/vmsport.fi\/wp-content\/uploads\/2025\/03\/7abccb1b-3ec8-4d9c-aa33-e9c57284e848-1.jpg\" \/>\n\t<meta property=\"og:image:width\" content=\"225\" \/>\n\t<meta property=\"og:image:height\" content=\"225\" \/>\n\t<meta property=\"og:image:type\" content=\"image\/jpeg\" \/>\n<meta name=\"twitter:card\" content=\"summary_large_image\" \/>\n<meta name=\"twitter:label1\" content=\"Ber\u00e4knad l\u00e4stid\" \/>\n\t<meta name=\"twitter:data1\" content=\"1 minut\" \/>\n<script type=\"application\/ld+json\" class=\"yoast-schema-graph\">{\"@context\":\"https:\\\/\\\/schema.org\",\"@graph\":[{\"@type\":[\"WebPage\",\"ItemPage\"],\"@id\":\"https:\\\/\\\/vmsport.fi\\\/verkkokauppa\\\/ajovarusteet\\\/ajolasit\\\/sutro-mtt-blk-w-prizm-road\\\/\",\"url\":\"https:\\\/\\\/vmsport.fi\\\/verkkokauppa\\\/ajovarusteet\\\/ajolasit\\\/sutro-mtt-blk-w-prizm-road\\\/\",\"name\":\"Sutro Mtt Blk w\\\/ PRIZM Road - VM Sport\",\"isPartOf\":{\"@id\":\"https:\\\/\\\/vmsport.fi\\\/#website\"},\"primaryImageOfPage\":{\"@id\":\"https:\\\/\\\/vmsport.fi\\\/verkkokauppa\\\/ajovarusteet\\\/ajolasit\\\/sutro-mtt-blk-w-prizm-road\\\/#primaryimage\"},\"image\":{\"@id\":\"https:\\\/\\\/vmsport.fi\\\/verkkokauppa\\\/ajovarusteet\\\/ajolasit\\\/sutro-mtt-blk-w-prizm-road\\\/#primaryimage\"},\"thumbnailUrl\":\"https:\\\/\\\/vmsport.fi\\\/wp-content\\\/uploads\\\/2025\\\/03\\\/7abccb1b-3ec8-4d9c-aa33-e9c57284e848-1.jpg\",\"datePublished\":\"2025-03-05T22:20:00+00:00\",\"dateModified\":\"2026-01-16T11:21:59+00:00\",\"breadcrumb\":{\"@id\":\"https:\\\/\\\/vmsport.fi\\\/verkkokauppa\\\/ajovarusteet\\\/ajolasit\\\/sutro-mtt-blk-w-prizm-road\\\/#breadcrumb\"},\"inLanguage\":\"sv-SE\",\"potentialAction\":[{\"@type\":\"ReadAction\",\"target\":[\"https:\\\/\\\/vmsport.fi\\\/verkkokauppa\\\/ajovarusteet\\\/ajolasit\\\/sutro-mtt-blk-w-prizm-road\\\/\"]}]},{\"@type\":\"ImageObject\",\"inLanguage\":\"sv-SE\",\"@id\":\"https:\\\/\\\/vmsport.fi\\\/verkkokauppa\\\/ajovarusteet\\\/ajolasit\\\/sutro-mtt-blk-w-prizm-road\\\/#primaryimage\",\"url\":\"https:\\\/\\\/vmsport.fi\\\/wp-content\\\/uploads\\\/2025\\\/03\\\/7abccb1b-3ec8-4d9c-aa33-e9c57284e848-1.jpg\",\"contentUrl\":\"https:\\\/\\\/vmsport.fi\\\/wp-content\\\/uploads\\\/2025\\\/03\\\/7abccb1b-3ec8-4d9c-aa33-e9c57284e848-1.jpg\",\"width\":225,\"height\":225,\"caption\":\"7abccb1b-3ec8-4d9c-aa33-e9c57284e848\"},{\"@type\":\"BreadcrumbList\",\"@id\":\"https:\\\/\\\/vmsport.fi\\\/verkkokauppa\\\/ajovarusteet\\\/ajolasit\\\/sutro-mtt-blk-w-prizm-road\\\/#breadcrumb\",\"itemListElement\":[{\"@type\":\"ListItem\",\"position\":1,\"name\":\"Etusivu\",\"item\":\"https:\\\/\\\/vmsport.fi\\\/\"},{\"@type\":\"ListItem\",\"position\":2,\"name\":\"Online Store\",\"item\":\"https:\\\/\\\/vmsport.fi\\\/en\\\/online-store\\\/\"},{\"@type\":\"ListItem\",\"position\":3,\"name\":\"Sutro Mtt Blk w\\\/ PRIZM Road\"}]},{\"@type\":\"WebSite\",\"@id\":\"https:\\\/\\\/vmsport.fi\\\/#website\",\"url\":\"https:\\\/\\\/vmsport.fi\\\/\",\"name\":\"Vmsport\",\"description\":\"Kaikki py\u00f6r\u00e4ilyyn yhdest\u00e4 paikasta\",\"publisher\":{\"@id\":\"https:\\\/\\\/vmsport.fi\\\/#organization\"},\"potentialAction\":[{\"@type\":\"SearchAction\",\"target\":{\"@type\":\"EntryPoint\",\"urlTemplate\":\"https:\\\/\\\/vmsport.fi\\\/?s={search_term_string}\"},\"query-input\":{\"@type\":\"PropertyValueSpecification\",\"valueRequired\":true,\"valueName\":\"search_term_string\"}}],\"inLanguage\":\"sv-SE\"},{\"@type\":\"Organization\",\"@id\":\"https:\\\/\\\/vmsport.fi\\\/#organization\",\"name\":\"Vmsport\",\"url\":\"https:\\\/\\\/vmsport.fi\\\/\",\"logo\":{\"@type\":\"ImageObject\",\"inLanguage\":\"sv-SE\",\"@id\":\"https:\\\/\\\/vmsport.fi\\\/#\\\/schema\\\/logo\\\/image\\\/\",\"url\":\"https:\\\/\\\/vmsport.fi\\\/wp-content\\\/uploads\\\/2024\\\/12\\\/vm_sport_RGB_horisontal-e1734526017575.png\",\"contentUrl\":\"https:\\\/\\\/vmsport.fi\\\/wp-content\\\/uploads\\\/2024\\\/12\\\/vm_sport_RGB_horisontal-e1734526017575.png\",\"width\":668,\"height\":85,\"caption\":\"Vmsport\"},\"image\":{\"@id\":\"https:\\\/\\\/vmsport.fi\\\/#\\\/schema\\\/logo\\\/image\\\/\"},\"sameAs\":[\"https:\\\/\\\/www.facebook.com\\\/Vmsport.fi\\\/\",\"https:\\\/\\\/www.instagram.com\\\/vmsport\\\/\"]}]}<\/script>\n<!-- \/ Yoast SEO plugin. -->","yoast_head_json":{"title":"Sutro Mtt Blk w\/ PRIZM Road - VM Sport","robots":{"index":"index","follow":"follow","max-snippet":"max-snippet:-1","max-image-preview":"max-image-preview:large","max-video-preview":"max-video-preview:-1"},"canonical":"https:\/\/vmsport.fi\/sv\/webbutik\/korutrustning\/drivande-glasogon\/sutro-mtt-blk-w-prizm-road\/","og_locale":"sv_SE","og_type":"article","og_title":"Sutro Mtt Blk w\/ PRIZM Road - VM Sport","og_description":"Sutro Mtt Blk PRIZM Road -aurinkolasit yhdist\u00e4v\u00e4t rohkean muotoilun ja huippuluokan teknologian, tarjoten t\u00e4ydellisen ratkaisun kaupunkipy\u00f6r\u00e4ilij\u00e4lle. Puolikehyksinen laajasuojaustyyli avartaa n\u00e4k\u00f6kentt\u00e4\u00e4, ja O Matter\u2122 -materiaalista valmistettu kehys on kest\u00e4v\u00e4 ja kevyt. Suuri linssi parantaa sivuttaisn\u00e4k\u00f6\u00e4 tarjoten samalla erinomaisen suojan. Prizm\u2122-linssiteknologia parantaa v\u00e4rej\u00e4 ja kontrasteja, mik\u00e4 tuo pieniinkin yksityiskohtiin kirkkautta ja selkeytt\u00e4. Linssit on suunniteltu kest\u00e4m\u00e4\u00e4n voimakkaita [...]L\u00e4s mer \u2026 from Sutro Mtt Blk w\/ PRIZM Road","og_url":"https:\/\/vmsport.fi\/sv\/webbutik\/korutrustning\/drivande-glasogon\/sutro-mtt-blk-w-prizm-road\/","og_site_name":"VM Sport","article_publisher":"https:\/\/www.facebook.com\/Vmsport.fi\/","article_modified_time":"2026-01-16T11:21:59+00:00","og_image":[{"width":225,"height":225,"url":"https:\/\/vmsport.fi\/wp-content\/uploads\/2025\/03\/7abccb1b-3ec8-4d9c-aa33-e9c57284e848-1.jpg","type":"image\/jpeg"}],"twitter_card":"summary_large_image","twitter_misc":{"Ber\u00e4knad l\u00e4stid":"1 minut"},"schema":{"@context":"https:\/\/schema.org","@graph":[{"@type":["WebPage","ItemPage"],"@id":"https:\/\/vmsport.fi\/verkkokauppa\/ajovarusteet\/ajolasit\/sutro-mtt-blk-w-prizm-road\/","url":"https:\/\/vmsport.fi\/verkkokauppa\/ajovarusteet\/ajolasit\/sutro-mtt-blk-w-prizm-road\/","name":"Sutro Mtt Blk w\/ PRIZM Road - VM Sport","isPartOf":{"@id":"https:\/\/vmsport.fi\/#website"},"primaryImageOfPage":{"@id":"https:\/\/vmsport.fi\/verkkokauppa\/ajovarusteet\/ajolasit\/sutro-mtt-blk-w-prizm-road\/#primaryimage"},"image":{"@id":"https:\/\/vmsport.fi\/verkkokauppa\/ajovarusteet\/ajolasit\/sutro-mtt-blk-w-prizm-road\/#primaryimage"},"thumbnailUrl":"https:\/\/vmsport.fi\/wp-content\/uploads\/2025\/03\/7abccb1b-3ec8-4d9c-aa33-e9c57284e848-1.jpg","datePublished":"2025-03-05T22:20:00+00:00","dateModified":"2026-01-16T11:21:59+00:00","breadcrumb":{"@id":"https:\/\/vmsport.fi\/verkkokauppa\/ajovarusteet\/ajolasit\/sutro-mtt-blk-w-prizm-road\/#breadcrumb"},"inLanguage":"sv-SE","potentialAction":[{"@type":"ReadAction","target":["https:\/\/vmsport.fi\/verkkokauppa\/ajovarusteet\/ajolasit\/sutro-mtt-blk-w-prizm-road\/"]}]},{"@type":"ImageObject","inLanguage":"sv-SE","@id":"https:\/\/vmsport.fi\/verkkokauppa\/ajovarusteet\/ajolasit\/sutro-mtt-blk-w-prizm-road\/#primaryimage","url":"https:\/\/vmsport.fi\/wp-content\/uploads\/2025\/03\/7abccb1b-3ec8-4d9c-aa33-e9c57284e848-1.jpg","contentUrl":"https:\/\/vmsport.fi\/wp-content\/uploads\/2025\/03\/7abccb1b-3ec8-4d9c-aa33-e9c57284e848-1.jpg","width":225,"height":225,"caption":"7abccb1b-3ec8-4d9c-aa33-e9c57284e848"},{"@type":"BreadcrumbList","@id":"https:\/\/vmsport.fi\/verkkokauppa\/ajovarusteet\/ajolasit\/sutro-mtt-blk-w-prizm-road\/#breadcrumb","itemListElement":[{"@type":"ListItem","position":1,"name":"Etusivu","item":"https:\/\/vmsport.fi\/"},{"@type":"ListItem","position":2,"name":"Online Store","item":"https:\/\/vmsport.fi\/en\/online-store\/"},{"@type":"ListItem","position":3,"name":"Sutro Mtt Blk w\/ PRIZM Road"}]},{"@type":"WebSite","@id":"https:\/\/vmsport.fi\/#website","url":"https:\/\/vmsport.fi\/","name":"Vmsport","description":"Allt p\u00e5 ett st\u00e4lle f\u00f6r cykling","publisher":{"@id":"https:\/\/vmsport.fi\/#organization"},"potentialAction":[{"@type":"SearchAction","target":{"@type":"EntryPoint","urlTemplate":"https:\/\/vmsport.fi\/?s={search_term_string}"},"query-input":{"@type":"PropertyValueSpecification","valueRequired":true,"valueName":"search_term_string"}}],"inLanguage":"sv-SE"},{"@type":"Organization","@id":"https:\/\/vmsport.fi\/#organization","name":"Vmsport","url":"https:\/\/vmsport.fi\/","logo":{"@type":"ImageObject","inLanguage":"sv-SE","@id":"https:\/\/vmsport.fi\/#\/schema\/logo\/image\/","url":"https:\/\/vmsport.fi\/wp-content\/uploads\/2024\/12\/vm_sport_RGB_horisontal-e1734526017575.png","contentUrl":"https:\/\/vmsport.fi\/wp-content\/uploads\/2024\/12\/vm_sport_RGB_horisontal-e1734526017575.png","width":668,"height":85,"caption":"Vmsport"},"image":{"@id":"https:\/\/vmsport.fi\/#\/schema\/logo\/image\/"},"sameAs":["https:\/\/www.facebook.com\/Vmsport.fi\/","https:\/\/www.instagram.com\/vmsport\/"]}]}},"global_unique_id":"","_links":{"self":[{"href":"https:\/\/vmsport.fi\/sv\/wp-json\/wp\/v2\/product\/56448","targetHints":{"allow":["GET"]}}],"collection":[{"href":"https:\/\/vmsport.fi\/sv\/wp-json\/wp\/v2\/product"}],"about":[{"href":"https:\/\/vmsport.fi\/sv\/wp-json\/wp\/v2\/types\/product"}],"replies":[{"embeddable":true,"href":"https:\/\/vmsport.fi\/sv\/wp-json\/wp\/v2\/comments?post=56448"}],"wp:featuredmedia":[{"embeddable":true,"href":"https:\/\/vmsport.fi\/sv\/wp-json\/wp\/v2\/media\/56446"}],"wp:attachment":[{"href":"https:\/\/vmsport.fi\/sv\/wp-json\/wp\/v2\/media?parent=56448"}],"wp:term":[{"taxonomy":"product_brand","embeddable":true,"href":"https:\/\/vmsport.fi\/sv\/wp-json\/wp\/v2\/product_brand?post=56448"},{"taxonomy":"product_model","embeddable":true,"href":"https:\/\/vmsport.fi\/sv\/wp-json\/wp\/v2\/product_model?post=56448"},{"taxonomy":"product_cat","embeddable":true,"href":"https:\/\/vmsport.fi\/sv\/wp-json\/wp\/v2\/product_cat?post=56448"},{"taxonomy":"product_tag","embeddable":true,"href":"https:\/\/vmsport.fi\/sv\/wp-json\/wp\/v2\/product_tag?post=56448"},{"taxonomy":"industry_terminology","embeddable":true,"href":"https:\/\/vmsport.fi\/sv\/wp-json\/wp\/v2\/industry-terminology?post=56448"}],"curies":[{"name":"wp","href":"https:\/\/api.w.org\/{rel}","templated":true}]}}