{"id":56434,"date":"2025-03-06T00:19:54","date_gmt":"2025-03-05T22:19:54","guid":{"rendered":"https:\/\/vmsport.fi\/verkkokauppa\/Ei-luokiteltu\/trek-lataus-suojakuori\/"},"modified":"2026-01-16T13:23:23","modified_gmt":"2026-01-16T11:23:23","slug":"skyddsholje-for-trek-laddning","status":"publish","type":"product","link":"https:\/\/vmsport.fi\/sv\/verkkokauppa\/varaosat\/haarukat-ja-rungonosat\/rungon-osat\/trek-lataus-suojakuori\/","title":{"rendered":"Trek laddningsskydd"},"content":{"rendered":"<p>Trek laddningsfodral ger utm\u00e4rkt skydd och laddningsfunktion s\u00e5 att du enkelt kan h\u00e5lla din enhet bekv\u00e4m och i funktionsdugligt skick. Det h\u00e4r h\u00f6gkvalitativa skyddsfodralet \u00e4r s\u00e4rskilt utformat f\u00f6r att skydda din enhet fr\u00e5n st\u00f6tar och repor och samtidigt se till att den alltid \u00e4r redo att anv\u00e4ndas. N\u00e4r du vill vara s\u00e4ker p\u00e5 att din enhet t\u00e5l daglig anv\u00e4ndning \u00e4r det h\u00e4r skyddsfodralet det perfekta valet. Det glider enkelt p\u00e5 plats och sitter stadigt p\u00e5 plats, vilket bibeh\u00e5ller enhetens eleganta utseende.<\/p>","protected":false},"excerpt":{"rendered":"<p>Trek lataus suojakuori tarjoaa erinomaisen suojan ja latausmahdollisuuden, jotta voit helposti pit\u00e4\u00e4 laitteesi mukavana ja toimintakuntoisena. T\u00e4m\u00e4 korkealaatuinen suojakuori on suunniteltu erityisesti suojaamaan laitetta kolhuilta ja naarmuilta samalla varmistaen, ett\u00e4 se on aina k\u00e4ytt\u00f6valmis. Kun haluat varmistaa, ett\u00e4 laitteesi kest\u00e4\u00e4 jokap\u00e4iv\u00e4ist\u00e4 k\u00e4ytt\u00f6\u00e4, t\u00e4m\u00e4 suojakuori on t\u00e4ydellinen valinta. Se asettuu vaivattomasti paikalleen ja pysyy tukevasti kiinni, [&#8230;]<\/p>\n<p><a class=\"btn btn-secondary understrap-read-more-link\" href=\"https:\/\/vmsport.fi\/sv\/verkkokauppa\/varaosat\/haarukat-ja-rungonosat\/rungon-osat\/trek-lataus-suojakuori\/\">L\u00e4s mer \u2026<span class=\"screen-reader-text\"> from Trek lataus suojakuori<\/span><\/a><\/p>\n","protected":false},"featured_media":56433,"comment_status":"open","ping_status":"closed","template":"","meta":{"_acf_changed":false,"_improvement_type_select":"improve_an_existing","_thumb_yes_seoaic":false,"_frame_yes_seoaic":false,"seoaic_generate_description":"","seoaic_improve_instructions_prompt":"","seoaic_rollback_content_improvement":"","seoaic_idea_thumbnail_generator":"","thumbnail_generated":false,"thumbnail_generate_prompt":"","seoaic_article_description":"","_supplier_stock_quantity":0},"product_brand":[37],"product_model":[],"product_cat":[9528],"product_tag":[],"industry-terminology":[],"class_list":{"0":"post-56434","1":"product","2":"type-product","3":"status-publish","4":"has-post-thumbnail","6":"product_brand-trek","7":"product_cat-rungon-osat","9":"first","10":"instock","11":"taxable","12":"shipping-taxable","13":"purchasable","14":"product-type-simple"},"acf":{"bike_features":null,"overview":{"copy_overview":null,"key_features":null,"statement":"","youtube_url":""}},"yoast_head":"<!-- This site is optimized with the Yoast SEO plugin v27.3 - https:\/\/yoast.com\/product\/yoast-seo-wordpress\/ -->\n<title>Trek lataus suojakuori - VM Sport<\/title>\n<meta name=\"robots\" content=\"index, follow, max-snippet:-1, max-image-preview:large, max-video-preview:-1\" \/>\n<link rel=\"canonical\" href=\"https:\/\/vmsport.fi\/sv\/webbutik\/reservdelar\/gafflar-och-kroppsdelar\/ramdelar\/skyddsholje-for-trek-laddning\/\" \/>\n<meta property=\"og:locale\" content=\"sv_SE\" \/>\n<meta property=\"og:type\" content=\"article\" \/>\n<meta property=\"og:title\" content=\"Trek lataus suojakuori - VM Sport\" \/>\n<meta property=\"og:description\" content=\"Trek lataus suojakuori tarjoaa erinomaisen suojan ja latausmahdollisuuden, jotta voit helposti pit\u00e4\u00e4 laitteesi mukavana ja toimintakuntoisena. T\u00e4m\u00e4 korkealaatuinen suojakuori on suunniteltu erityisesti suojaamaan laitetta kolhuilta ja naarmuilta samalla varmistaen, ett\u00e4 se on aina k\u00e4ytt\u00f6valmis. Kun haluat varmistaa, ett\u00e4 laitteesi kest\u00e4\u00e4 jokap\u00e4iv\u00e4ist\u00e4 k\u00e4ytt\u00f6\u00e4, t\u00e4m\u00e4 suojakuori on t\u00e4ydellinen valinta. Se asettuu vaivattomasti paikalleen ja pysyy tukevasti kiinni, [...]L\u00e4s mer \u2026 from Trek lataus suojakuori\" \/>\n<meta property=\"og:url\" content=\"https:\/\/vmsport.fi\/sv\/webbutik\/reservdelar\/gafflar-och-kroppsdelar\/ramdelar\/skyddsholje-for-trek-laddning\/\" \/>\n<meta property=\"og:site_name\" content=\"VM Sport\" \/>\n<meta property=\"article:publisher\" content=\"https:\/\/www.facebook.com\/Vmsport.fi\/\" \/>\n<meta property=\"article:modified_time\" content=\"2026-01-16T11:23:23+00:00\" \/>\n<meta property=\"og:image\" content=\"https:\/\/vmsport.fi\/wp-content\/uploads\/2025\/03\/prxrEmmUxUQLEydYN9ealolHYfcM6MBlP2AW7g7Lsg9Og7cz52-1.jpg\" \/>\n\t<meta property=\"og:image:width\" content=\"400\" \/>\n\t<meta property=\"og:image:height\" content=\"300\" \/>\n\t<meta property=\"og:image:type\" content=\"image\/jpeg\" \/>\n<meta name=\"twitter:card\" content=\"summary_large_image\" \/>\n<script type=\"application\/ld+json\" class=\"yoast-schema-graph\">{\"@context\":\"https:\\\/\\\/schema.org\",\"@graph\":[{\"@type\":[\"WebPage\",\"ItemPage\"],\"@id\":\"https:\\\/\\\/vmsport.fi\\\/verkkokauppa\\\/varaosat\\\/haarukat-ja-rungonosat\\\/rungon-osat\\\/trek-lataus-suojakuori\\\/\",\"url\":\"https:\\\/\\\/vmsport.fi\\\/verkkokauppa\\\/varaosat\\\/haarukat-ja-rungonosat\\\/rungon-osat\\\/trek-lataus-suojakuori\\\/\",\"name\":\"Trek lataus suojakuori - VM Sport\",\"isPartOf\":{\"@id\":\"https:\\\/\\\/vmsport.fi\\\/#website\"},\"primaryImageOfPage\":{\"@id\":\"https:\\\/\\\/vmsport.fi\\\/verkkokauppa\\\/varaosat\\\/haarukat-ja-rungonosat\\\/rungon-osat\\\/trek-lataus-suojakuori\\\/#primaryimage\"},\"image\":{\"@id\":\"https:\\\/\\\/vmsport.fi\\\/verkkokauppa\\\/varaosat\\\/haarukat-ja-rungonosat\\\/rungon-osat\\\/trek-lataus-suojakuori\\\/#primaryimage\"},\"thumbnailUrl\":\"https:\\\/\\\/vmsport.fi\\\/wp-content\\\/uploads\\\/2025\\\/03\\\/prxrEmmUxUQLEydYN9ealolHYfcM6MBlP2AW7g7Lsg9Og7cz52-1.jpg\",\"datePublished\":\"2025-03-05T22:19:54+00:00\",\"dateModified\":\"2026-01-16T11:23:23+00:00\",\"breadcrumb\":{\"@id\":\"https:\\\/\\\/vmsport.fi\\\/verkkokauppa\\\/varaosat\\\/haarukat-ja-rungonosat\\\/rungon-osat\\\/trek-lataus-suojakuori\\\/#breadcrumb\"},\"inLanguage\":\"sv-SE\",\"potentialAction\":[{\"@type\":\"ReadAction\",\"target\":[\"https:\\\/\\\/vmsport.fi\\\/verkkokauppa\\\/varaosat\\\/haarukat-ja-rungonosat\\\/rungon-osat\\\/trek-lataus-suojakuori\\\/\"]}]},{\"@type\":\"ImageObject\",\"inLanguage\":\"sv-SE\",\"@id\":\"https:\\\/\\\/vmsport.fi\\\/verkkokauppa\\\/varaosat\\\/haarukat-ja-rungonosat\\\/rungon-osat\\\/trek-lataus-suojakuori\\\/#primaryimage\",\"url\":\"https:\\\/\\\/vmsport.fi\\\/wp-content\\\/uploads\\\/2025\\\/03\\\/prxrEmmUxUQLEydYN9ealolHYfcM6MBlP2AW7g7Lsg9Og7cz52-1.jpg\",\"contentUrl\":\"https:\\\/\\\/vmsport.fi\\\/wp-content\\\/uploads\\\/2025\\\/03\\\/prxrEmmUxUQLEydYN9ealolHYfcM6MBlP2AW7g7Lsg9Og7cz52-1.jpg\",\"width\":400,\"height\":300,\"caption\":\"prxrEmmUxUQLEydYN9ealolHYfcM6MBlP2AW7g7Lsg9Og7cz52\"},{\"@type\":\"BreadcrumbList\",\"@id\":\"https:\\\/\\\/vmsport.fi\\\/verkkokauppa\\\/varaosat\\\/haarukat-ja-rungonosat\\\/rungon-osat\\\/trek-lataus-suojakuori\\\/#breadcrumb\",\"itemListElement\":[{\"@type\":\"ListItem\",\"position\":1,\"name\":\"Etusivu\",\"item\":\"https:\\\/\\\/vmsport.fi\\\/\"},{\"@type\":\"ListItem\",\"position\":2,\"name\":\"Online Store\",\"item\":\"https:\\\/\\\/vmsport.fi\\\/en\\\/online-store\\\/\"},{\"@type\":\"ListItem\",\"position\":3,\"name\":\"Trek polkupy\u00f6r\u00e4t\",\"item\":\"https:\\\/\\\/vmsport.fi\\\/sv\\\/merkki\\\/trek\\\/\"},{\"@type\":\"ListItem\",\"position\":4,\"name\":\"Trek lataus suojakuori\"}]},{\"@type\":\"WebSite\",\"@id\":\"https:\\\/\\\/vmsport.fi\\\/#website\",\"url\":\"https:\\\/\\\/vmsport.fi\\\/\",\"name\":\"Vmsport\",\"description\":\"Kaikki py\u00f6r\u00e4ilyyn yhdest\u00e4 paikasta\",\"publisher\":{\"@id\":\"https:\\\/\\\/vmsport.fi\\\/#organization\"},\"potentialAction\":[{\"@type\":\"SearchAction\",\"target\":{\"@type\":\"EntryPoint\",\"urlTemplate\":\"https:\\\/\\\/vmsport.fi\\\/?s={search_term_string}\"},\"query-input\":{\"@type\":\"PropertyValueSpecification\",\"valueRequired\":true,\"valueName\":\"search_term_string\"}}],\"inLanguage\":\"sv-SE\"},{\"@type\":\"Organization\",\"@id\":\"https:\\\/\\\/vmsport.fi\\\/#organization\",\"name\":\"Vmsport\",\"url\":\"https:\\\/\\\/vmsport.fi\\\/\",\"logo\":{\"@type\":\"ImageObject\",\"inLanguage\":\"sv-SE\",\"@id\":\"https:\\\/\\\/vmsport.fi\\\/#\\\/schema\\\/logo\\\/image\\\/\",\"url\":\"https:\\\/\\\/vmsport.fi\\\/wp-content\\\/uploads\\\/2024\\\/12\\\/vm_sport_RGB_horisontal-e1734526017575.png\",\"contentUrl\":\"https:\\\/\\\/vmsport.fi\\\/wp-content\\\/uploads\\\/2024\\\/12\\\/vm_sport_RGB_horisontal-e1734526017575.png\",\"width\":668,\"height\":85,\"caption\":\"Vmsport\"},\"image\":{\"@id\":\"https:\\\/\\\/vmsport.fi\\\/#\\\/schema\\\/logo\\\/image\\\/\"},\"sameAs\":[\"https:\\\/\\\/www.facebook.com\\\/Vmsport.fi\\\/\",\"https:\\\/\\\/www.instagram.com\\\/vmsport\\\/\"]}]}<\/script>\n<!-- \/ Yoast SEO plugin. -->","yoast_head_json":{"title":"Trek laddningsskydd - VM Sport","robots":{"index":"index","follow":"follow","max-snippet":"max-snippet:-1","max-image-preview":"max-image-preview:large","max-video-preview":"max-video-preview:-1"},"canonical":"https:\/\/vmsport.fi\/sv\/webbutik\/reservdelar\/gafflar-och-kroppsdelar\/ramdelar\/skyddsholje-for-trek-laddning\/","og_locale":"sv_SE","og_type":"article","og_title":"Trek lataus suojakuori - VM Sport","og_description":"Trek lataus suojakuori tarjoaa erinomaisen suojan ja latausmahdollisuuden, jotta voit helposti pit\u00e4\u00e4 laitteesi mukavana ja toimintakuntoisena. T\u00e4m\u00e4 korkealaatuinen suojakuori on suunniteltu erityisesti suojaamaan laitetta kolhuilta ja naarmuilta samalla varmistaen, ett\u00e4 se on aina k\u00e4ytt\u00f6valmis. Kun haluat varmistaa, ett\u00e4 laitteesi kest\u00e4\u00e4 jokap\u00e4iv\u00e4ist\u00e4 k\u00e4ytt\u00f6\u00e4, t\u00e4m\u00e4 suojakuori on t\u00e4ydellinen valinta. Se asettuu vaivattomasti paikalleen ja pysyy tukevasti kiinni, [...]L\u00e4s mer \u2026 from Trek lataus suojakuori","og_url":"https:\/\/vmsport.fi\/sv\/webbutik\/reservdelar\/gafflar-och-kroppsdelar\/ramdelar\/skyddsholje-for-trek-laddning\/","og_site_name":"VM Sport","article_publisher":"https:\/\/www.facebook.com\/Vmsport.fi\/","article_modified_time":"2026-01-16T11:23:23+00:00","og_image":[{"width":400,"height":300,"url":"https:\/\/vmsport.fi\/wp-content\/uploads\/2025\/03\/prxrEmmUxUQLEydYN9ealolHYfcM6MBlP2AW7g7Lsg9Og7cz52-1.jpg","type":"image\/jpeg"}],"twitter_card":"summary_large_image","schema":{"@context":"https:\/\/schema.org","@graph":[{"@type":["WebPage","ItemPage"],"@id":"https:\/\/vmsport.fi\/verkkokauppa\/varaosat\/haarukat-ja-rungonosat\/rungon-osat\/trek-lataus-suojakuori\/","url":"https:\/\/vmsport.fi\/verkkokauppa\/varaosat\/haarukat-ja-rungonosat\/rungon-osat\/trek-lataus-suojakuori\/","name":"Trek laddningsskydd - VM Sport","isPartOf":{"@id":"https:\/\/vmsport.fi\/#website"},"primaryImageOfPage":{"@id":"https:\/\/vmsport.fi\/verkkokauppa\/varaosat\/haarukat-ja-rungonosat\/rungon-osat\/trek-lataus-suojakuori\/#primaryimage"},"image":{"@id":"https:\/\/vmsport.fi\/verkkokauppa\/varaosat\/haarukat-ja-rungonosat\/rungon-osat\/trek-lataus-suojakuori\/#primaryimage"},"thumbnailUrl":"https:\/\/vmsport.fi\/wp-content\/uploads\/2025\/03\/prxrEmmUxUQLEydYN9ealolHYfcM6MBlP2AW7g7Lsg9Og7cz52-1.jpg","datePublished":"2025-03-05T22:19:54+00:00","dateModified":"2026-01-16T11:23:23+00:00","breadcrumb":{"@id":"https:\/\/vmsport.fi\/verkkokauppa\/varaosat\/haarukat-ja-rungonosat\/rungon-osat\/trek-lataus-suojakuori\/#breadcrumb"},"inLanguage":"sv-SE","potentialAction":[{"@type":"ReadAction","target":["https:\/\/vmsport.fi\/verkkokauppa\/varaosat\/haarukat-ja-rungonosat\/rungon-osat\/trek-lataus-suojakuori\/"]}]},{"@type":"ImageObject","inLanguage":"sv-SE","@id":"https:\/\/vmsport.fi\/verkkokauppa\/varaosat\/haarukat-ja-rungonosat\/rungon-osat\/trek-lataus-suojakuori\/#primaryimage","url":"https:\/\/vmsport.fi\/wp-content\/uploads\/2025\/03\/prxrEmmUxUQLEydYN9ealolHYfcM6MBlP2AW7g7Lsg9Og7cz52-1.jpg","contentUrl":"https:\/\/vmsport.fi\/wp-content\/uploads\/2025\/03\/prxrEmmUxUQLEydYN9ealolHYfcM6MBlP2AW7g7Lsg9Og7cz52-1.jpg","width":400,"height":300,"caption":"prxrEmmUxUQLEydYN9ealolHYfcM6MBlP2AW7g7Lsg9Og7cz52"},{"@type":"BreadcrumbList","@id":"https:\/\/vmsport.fi\/verkkokauppa\/varaosat\/haarukat-ja-rungonosat\/rungon-osat\/trek-lataus-suojakuori\/#breadcrumb","itemListElement":[{"@type":"ListItem","position":1,"name":"Etusivu","item":"https:\/\/vmsport.fi\/"},{"@type":"ListItem","position":2,"name":"Online Store","item":"https:\/\/vmsport.fi\/en\/online-store\/"},{"@type":"ListItem","position":3,"name":"Trek polkupy\u00f6r\u00e4t","item":"https:\/\/vmsport.fi\/sv\/merkki\/trek\/"},{"@type":"ListItem","position":4,"name":"Trek lataus suojakuori"}]},{"@type":"WebSite","@id":"https:\/\/vmsport.fi\/#website","url":"https:\/\/vmsport.fi\/","name":"Vmsport","description":"Allt p\u00e5 ett st\u00e4lle f\u00f6r cykling","publisher":{"@id":"https:\/\/vmsport.fi\/#organization"},"potentialAction":[{"@type":"SearchAction","target":{"@type":"EntryPoint","urlTemplate":"https:\/\/vmsport.fi\/?s={search_term_string}"},"query-input":{"@type":"PropertyValueSpecification","valueRequired":true,"valueName":"search_term_string"}}],"inLanguage":"sv-SE"},{"@type":"Organization","@id":"https:\/\/vmsport.fi\/#organization","name":"Vmsport","url":"https:\/\/vmsport.fi\/","logo":{"@type":"ImageObject","inLanguage":"sv-SE","@id":"https:\/\/vmsport.fi\/#\/schema\/logo\/image\/","url":"https:\/\/vmsport.fi\/wp-content\/uploads\/2024\/12\/vm_sport_RGB_horisontal-e1734526017575.png","contentUrl":"https:\/\/vmsport.fi\/wp-content\/uploads\/2024\/12\/vm_sport_RGB_horisontal-e1734526017575.png","width":668,"height":85,"caption":"Vmsport"},"image":{"@id":"https:\/\/vmsport.fi\/#\/schema\/logo\/image\/"},"sameAs":["https:\/\/www.facebook.com\/Vmsport.fi\/","https:\/\/www.instagram.com\/vmsport\/"]}]}},"global_unique_id":"","_links":{"self":[{"href":"https:\/\/vmsport.fi\/sv\/wp-json\/wp\/v2\/product\/56434","targetHints":{"allow":["GET"]}}],"collection":[{"href":"https:\/\/vmsport.fi\/sv\/wp-json\/wp\/v2\/product"}],"about":[{"href":"https:\/\/vmsport.fi\/sv\/wp-json\/wp\/v2\/types\/product"}],"replies":[{"embeddable":true,"href":"https:\/\/vmsport.fi\/sv\/wp-json\/wp\/v2\/comments?post=56434"}],"wp:featuredmedia":[{"embeddable":true,"href":"https:\/\/vmsport.fi\/sv\/wp-json\/wp\/v2\/media\/56433"}],"wp:attachment":[{"href":"https:\/\/vmsport.fi\/sv\/wp-json\/wp\/v2\/media?parent=56434"}],"wp:term":[{"taxonomy":"product_brand","embeddable":true,"href":"https:\/\/vmsport.fi\/sv\/wp-json\/wp\/v2\/product_brand?post=56434"},{"taxonomy":"product_model","embeddable":true,"href":"https:\/\/vmsport.fi\/sv\/wp-json\/wp\/v2\/product_model?post=56434"},{"taxonomy":"product_cat","embeddable":true,"href":"https:\/\/vmsport.fi\/sv\/wp-json\/wp\/v2\/product_cat?post=56434"},{"taxonomy":"product_tag","embeddable":true,"href":"https:\/\/vmsport.fi\/sv\/wp-json\/wp\/v2\/product_tag?post=56434"},{"taxonomy":"industry_terminology","embeddable":true,"href":"https:\/\/vmsport.fi\/sv\/wp-json\/wp\/v2\/industry-terminology?post=56434"}],"curies":[{"name":"wp","href":"https:\/\/api.w.org\/{rel}","templated":true}]}}