{"id":56428,"date":"2025-03-06T00:19:52","date_gmt":"2025-03-05T22:19:52","guid":{"rendered":"https:\/\/vmsport.fi\/verkkokauppa\/Ei-luokiteltu\/trek-madone-sl-6-gen-8-matte-dark-web\/"},"modified":"2026-01-30T12:24:22","modified_gmt":"2026-01-30T10:24:22","slug":"trek-madone-sl-6-gen-8-matt-mork-webb","status":"publish","type":"product","link":"https:\/\/vmsport.fi\/sv\/verkkokauppa\/polkupyorat\/maantie-ja-gravel\/maantiepyorat\/trek-madone-sl-6-gen-8-matte-dark-web\/","title":{"rendered":"Trek Madone SL 6 Gen 8 - MATTE DARK WEB"},"content":{"rendered":"<p>Madone SL 6 Gen 8 tarjoaa useita huippuominaisuuksia suorituskykyist\u00e4 ja mukavaa maantieajoa varten: kevyt ja aerodynaaminen OCLV 500 -hiilikuiturunko Full System Foil -muotoilulla, kilpailuun kehitetty ja aiempaa mukavampi IsoFlow-satulaputki sek\u00e4 tehokas Shimano 105 Di2 -s\u00e4hk\u00f6vaihteisto takaavat sulavan ajokokemuksen. Bontragerin hiilikuitukiekot tehdasasenteisina tubelessina parantavat vierint\u00e4\u00e4, pitoja ja keveytt\u00e4. S\u00e4\u00e4dett\u00e4v\u00e4 ohjaamo tekee sopivan ajoasennon l\u00f6ytymisest\u00e4 helppoa ja ajogeometria on suunnattu kilpapy\u00f6r\u00e4ilyyn.<\/p>","protected":false},"excerpt":{"rendered":"<p>Kevyt, aerodynaaminen runko, s\u00e4hk\u00f6vaihteet, parannettu mukavuus ja tubeless-hiilikuitukiekot tekev\u00e4t t\u00e4st\u00e4 monipuolisen, kilpailuhenkisen maantiepy\u00f6r\u00e4n. [&#8230;]<\/p>\n<p><a class=\"btn btn-secondary understrap-read-more-link\" href=\"https:\/\/vmsport.fi\/sv\/verkkokauppa\/polkupyorat\/maantie-ja-gravel\/maantiepyorat\/trek-madone-sl-6-gen-8-matte-dark-web\/\">L\u00e4s mer \u2026<span class=\"screen-reader-text\"> from Trek Madone SL 6 Gen 8 &#8211; MATTE DARK WEB<\/span><\/a><\/p>\n","protected":false},"featured_media":56422,"comment_status":"open","ping_status":"closed","template":"","meta":{"_acf_changed":false,"_improvement_type_select":"improve_an_existing","_thumb_yes_seoaic":false,"_frame_yes_seoaic":false,"seoaic_generate_description":"","seoaic_improve_instructions_prompt":"","seoaic_rollback_content_improvement":"","seoaic_idea_thumbnail_generator":"","thumbnail_generated":false,"thumbnail_generate_prompt":"","seoaic_article_description":"","_supplier_stock_quantity":0},"product_brand":[37],"product_model":[],"product_cat":[9332],"product_tag":[],"industry-terminology":[],"class_list":{"0":"post-56428","1":"product","2":"type-product","3":"status-publish","4":"has-post-thumbnail","6":"product_brand-trek","7":"product_cat-maantiepyorat","9":"first","10":"onbackorder","11":"taxable","12":"shipping-taxable","13":"purchasable","14":"product-type-variable"},"acf":{"bike_features":[{"image":"https:\/\/media.trekbikes.com\/image\/upload\/w_768,c_pad,f_auto,fl_progressive:semi,q_auto\/16x9_Madone8_Tech_SL8","header":"Kaikkien aikojen kevein Madone SL Disc","description":"Kevyt rakenne ja ammattimainen aerodynaaminen putkimuotoilu takaavat Gen 8 -mallin tehokkuuden kiipe\u00e4misess\u00e4."},{"image":"https:\/\/media.trekbikes.com\/image\/upload\/w_768,c_pad,f_auto,fl_progressive:semi,q_auto\/16x9_Madone8_Tech_01","header":"M\u00e4\u00e4rittelee nopeuden uudelleen","description":"Mullistavat uudet Full System Foil -aeromuodot optimoivat ilmavirtausta, parantaen nopeutta samalla pit\u00e4en kiipeilyominaisuudet huippuluokassa."},{"image":"https:\/\/media.trekbikes.com\/image\/upload\/w_768,c_pad,f_auto,fl_progressive:semi,q_auto\/IsoFlowFront_Fin_OS","header":"80 % aiempaa pystysuuntaisempi IsoFlow","description":"IsoFlow-teknologia lis\u00e4\u00e4 mukavuutta ja suorituskyky\u00e4 pitkien kilpamatkojen aikana."},{"image":"https:\/\/media.trekbikes.com\/image\/upload\/w_768,c_pad,f_auto,fl_progressive:semi,q_auto\/16x9_Madone8_04","header":"Juuret kilpailussa","description":"Lidl-Trek-tiimin huippupy\u00f6r\u00e4ilij\u00f6iden palautteita hy\u00f6dynt\u00e4m\u00e4ll\u00e4 kehitetty Madone SL:n muotoilu edustaa kilpailuinnovaatioiden parasta osaamista."},{"image":"https:\/\/media.trekbikes.com\/image\/upload\/w_768,c_pad,f_auto,fl_progressive:semi,q_auto\/16x9_Madone8_Tech_SL6","header":"S\u00e4\u00e4dett\u00e4v\u00e4 aerodynaaminen ohjaamo","description":"Mukauta ajoasentosi aerodynamiikan ja tehon tasapainottamiseksi nopeasti ja helposti s\u00e4\u00e4dett\u00e4v\u00e4n kaksiosaisen muotoilun avulla."},{"image":"https:\/\/media.trekbikes.com\/image\/upload\/w_768,c_pad,f_auto,fl_progressive:semi,q_auto\/16x9_Madone8_07","header":"Lis\u00e4varusteena aerodynaamiset pullot ja telineet","description":"Lis\u00e4varusteena saatavat RSL Aero -pullot ja -telineet on suunniteltu t\u00e4ydent\u00e4m\u00e4\u00e4n Madone-mallin aerodynaamista muotoilua."},{"image":"https:\/\/media.trekbikes.com\/image\/upload\/w_768,c_pad,f_auto,fl_progressive:semi,q_auto\/16x9_Madone8_15v2","header":"Uudet maantieajomitoitukset","description":"J\u00e4rjestelm\u00e4mme p\u00e4ivityksill\u00e4 py\u00f6r\u00e4n mitoitus sopii entist\u00e4 suuremmalle ajajaryhm\u00e4lle, v\u00e4hent\u00e4en p\u00e4\u00e4llekk\u00e4isyyksi\u00e4 ja helpottaen oikean koon l\u00f6yt\u00e4mist\u00e4."},{"image":"https:\/\/media.trekbikes.com\/image\/upload\/w_768,c_pad,f_auto,fl_progressive:semi,q_auto\/Shimano105_techfeature_16x9_31Jan2022","header":"Shimano 105 Di2","description":"Koe s\u00e4hk\u00f6isen vaihtamisen t\u00e4sm\u00e4llisyys ja mukauta voimansiirtoa haluamallasi tavalla Shimanon E-Tube-projektisovelluksen kautta."}],"overview":{"copy_overview":[{"overview":"Madone SL 6 Gen 8 m\u00e4\u00e4rittelee kilpasuorituskyvyn uudelleen aerodynaamisella suunnittelullaan ja kevyell\u00e4 rakenteellaan."},{"overview":"Suunniteltu OCLV 500 -hiilikuidusta, se varmistaa vaivattoman kiipe\u00e4misen ja saumattoman ajon."},{"overview":"Shimano 105 Di2 -osasarja tarjoaa puhdasta ja tarkkaa vaihtamista, antaen varmuutta ja hallintaa."},{"overview":"Integroitu IsoFlow-teknologia parantaa mukavuutta ja ajotehokkuutta pidemmill\u00e4 ja nopeammilla ajomatkoilla."}],"key_features":[{"feature":"Aerodynaaminen Full System Foil -putkimuotoilu optimaaliseen ilmavirtaukseen ja nopeuteen."},{"feature":"500 Series OCLV Carbon -runko kevytt\u00e4 tehokkuutta varten."},{"feature":"Bontrager Aeolus Elite 35 hiilikuitukiekot taatuksi suorituskyvyksi."},{"feature":"Shimano 105 Di2 -osasarja tarkkaan ja nopeaan elektroniseen vaihtamiseen."}],"statement":"Madone SL 6 Gen 8 yhdist\u00e4\u00e4 kilpatason suorituskyvyn ja edullisen toteutuksen.","youtube_url":"https:\/\/www.youtube.com\/watch?v=vVRJUEK0_Bk"}},"yoast_head":"<!-- This site is optimized with the Yoast SEO plugin v27.3 - https:\/\/yoast.com\/product\/yoast-seo-wordpress\/ -->\n<title>Trek Madone SL 6 Gen 8 - MATTE DARK WEB - VM Sport<\/title>\n<meta name=\"robots\" content=\"index, follow, max-snippet:-1, max-image-preview:large, max-video-preview:-1\" \/>\n<link rel=\"canonical\" href=\"https:\/\/vmsport.fi\/sv\/webbutik\/cyklar\/vag-och-grus\/backspeglar-vid-vagkanten\/trek-madone-sl-6-gen-8-matt-mork-webb\/\" \/>\n<meta property=\"og:locale\" content=\"sv_SE\" \/>\n<meta property=\"og:type\" content=\"article\" \/>\n<meta property=\"og:title\" content=\"Trek Madone SL 6 Gen 8 - MATTE DARK WEB - VM Sport\" \/>\n<meta property=\"og:description\" content=\"Kevyt, aerodynaaminen runko, s\u00e4hk\u00f6vaihteet, parannettu mukavuus ja tubeless-hiilikuitukiekot tekev\u00e4t t\u00e4st\u00e4 monipuolisen, kilpailuhenkisen maantiepy\u00f6r\u00e4n. [...]L\u00e4s mer \u2026 from Trek Madone SL 6 Gen 8 &#8211; MATTE DARK WEB\" \/>\n<meta property=\"og:url\" content=\"https:\/\/vmsport.fi\/sv\/webbutik\/cyklar\/vag-och-grus\/backspeglar-vid-vagkanten\/trek-madone-sl-6-gen-8-matt-mork-webb\/\" \/>\n<meta property=\"og:site_name\" content=\"VM Sport\" \/>\n<meta property=\"article:publisher\" content=\"https:\/\/www.facebook.com\/Vmsport.fi\/\" \/>\n<meta property=\"article:modified_time\" content=\"2026-01-30T10:24:22+00:00\" \/>\n<meta property=\"og:image\" content=\"https:\/\/vmsport.fi\/wp-content\/uploads\/2025\/03\/pIn3Vz2E8eVQbwP9CiAZXatTpnPwxNJQ287gK1B3PndGfwneiY-1.jpg\" \/>\n\t<meta property=\"og:image:width\" content=\"1000\" \/>\n\t<meta property=\"og:image:height\" content=\"750\" \/>\n\t<meta property=\"og:image:type\" content=\"image\/jpeg\" \/>\n<meta name=\"twitter:card\" content=\"summary_large_image\" \/>\n<script type=\"application\/ld+json\" class=\"yoast-schema-graph\">{\"@context\":\"https:\\\/\\\/schema.org\",\"@graph\":[{\"@type\":[\"WebPage\",\"ItemPage\"],\"@id\":\"https:\\\/\\\/vmsport.fi\\\/verkkokauppa\\\/polkupyorat\\\/maantie-ja-gravel\\\/maantiepyorat\\\/trek-madone-sl-6-gen-8-matte-dark-web\\\/\",\"url\":\"https:\\\/\\\/vmsport.fi\\\/verkkokauppa\\\/polkupyorat\\\/maantie-ja-gravel\\\/maantiepyorat\\\/trek-madone-sl-6-gen-8-matte-dark-web\\\/\",\"name\":\"Trek Madone SL 6 Gen 8 - MATTE DARK WEB - VM Sport\",\"isPartOf\":{\"@id\":\"https:\\\/\\\/vmsport.fi\\\/#website\"},\"primaryImageOfPage\":{\"@id\":\"https:\\\/\\\/vmsport.fi\\\/verkkokauppa\\\/polkupyorat\\\/maantie-ja-gravel\\\/maantiepyorat\\\/trek-madone-sl-6-gen-8-matte-dark-web\\\/#primaryimage\"},\"image\":{\"@id\":\"https:\\\/\\\/vmsport.fi\\\/verkkokauppa\\\/polkupyorat\\\/maantie-ja-gravel\\\/maantiepyorat\\\/trek-madone-sl-6-gen-8-matte-dark-web\\\/#primaryimage\"},\"thumbnailUrl\":\"https:\\\/\\\/vmsport.fi\\\/wp-content\\\/uploads\\\/2025\\\/03\\\/pIn3Vz2E8eVQbwP9CiAZXatTpnPwxNJQ287gK1B3PndGfwneiY-1.jpg\",\"datePublished\":\"2025-03-05T22:19:52+00:00\",\"dateModified\":\"2026-01-30T10:24:22+00:00\",\"breadcrumb\":{\"@id\":\"https:\\\/\\\/vmsport.fi\\\/verkkokauppa\\\/polkupyorat\\\/maantie-ja-gravel\\\/maantiepyorat\\\/trek-madone-sl-6-gen-8-matte-dark-web\\\/#breadcrumb\"},\"inLanguage\":\"sv-SE\",\"potentialAction\":[{\"@type\":\"ReadAction\",\"target\":[\"https:\\\/\\\/vmsport.fi\\\/verkkokauppa\\\/polkupyorat\\\/maantie-ja-gravel\\\/maantiepyorat\\\/trek-madone-sl-6-gen-8-matte-dark-web\\\/\"]}]},{\"@type\":\"ImageObject\",\"inLanguage\":\"sv-SE\",\"@id\":\"https:\\\/\\\/vmsport.fi\\\/verkkokauppa\\\/polkupyorat\\\/maantie-ja-gravel\\\/maantiepyorat\\\/trek-madone-sl-6-gen-8-matte-dark-web\\\/#primaryimage\",\"url\":\"https:\\\/\\\/vmsport.fi\\\/wp-content\\\/uploads\\\/2025\\\/03\\\/pIn3Vz2E8eVQbwP9CiAZXatTpnPwxNJQ287gK1B3PndGfwneiY-1.jpg\",\"contentUrl\":\"https:\\\/\\\/vmsport.fi\\\/wp-content\\\/uploads\\\/2025\\\/03\\\/pIn3Vz2E8eVQbwP9CiAZXatTpnPwxNJQ287gK1B3PndGfwneiY-1.jpg\",\"width\":1000,\"height\":750,\"caption\":\"pIn3Vz2E8eVQbwP9CiAZXatTpnPwxNJQ287gK1B3PndGfwneiY\"},{\"@type\":\"BreadcrumbList\",\"@id\":\"https:\\\/\\\/vmsport.fi\\\/verkkokauppa\\\/polkupyorat\\\/maantie-ja-gravel\\\/maantiepyorat\\\/trek-madone-sl-6-gen-8-matte-dark-web\\\/#breadcrumb\",\"itemListElement\":[{\"@type\":\"ListItem\",\"position\":1,\"name\":\"Etusivu\",\"item\":\"https:\\\/\\\/vmsport.fi\\\/\"},{\"@type\":\"ListItem\",\"position\":2,\"name\":\"Online Store\",\"item\":\"https:\\\/\\\/vmsport.fi\\\/en\\\/online-store\\\/\"},{\"@type\":\"ListItem\",\"position\":3,\"name\":\"Trek polkupy\u00f6r\u00e4t\",\"item\":\"https:\\\/\\\/vmsport.fi\\\/sv\\\/merkki\\\/trek\\\/\"},{\"@type\":\"ListItem\",\"position\":4,\"name\":\"Trek Madone SL 6 Gen 8 &#8211; MATTE DARK WEB\"}]},{\"@type\":\"WebSite\",\"@id\":\"https:\\\/\\\/vmsport.fi\\\/#website\",\"url\":\"https:\\\/\\\/vmsport.fi\\\/\",\"name\":\"Vmsport\",\"description\":\"Kaikki py\u00f6r\u00e4ilyyn yhdest\u00e4 paikasta\",\"publisher\":{\"@id\":\"https:\\\/\\\/vmsport.fi\\\/#organization\"},\"potentialAction\":[{\"@type\":\"SearchAction\",\"target\":{\"@type\":\"EntryPoint\",\"urlTemplate\":\"https:\\\/\\\/vmsport.fi\\\/?s={search_term_string}\"},\"query-input\":{\"@type\":\"PropertyValueSpecification\",\"valueRequired\":true,\"valueName\":\"search_term_string\"}}],\"inLanguage\":\"sv-SE\"},{\"@type\":\"Organization\",\"@id\":\"https:\\\/\\\/vmsport.fi\\\/#organization\",\"name\":\"Vmsport\",\"url\":\"https:\\\/\\\/vmsport.fi\\\/\",\"logo\":{\"@type\":\"ImageObject\",\"inLanguage\":\"sv-SE\",\"@id\":\"https:\\\/\\\/vmsport.fi\\\/#\\\/schema\\\/logo\\\/image\\\/\",\"url\":\"https:\\\/\\\/vmsport.fi\\\/wp-content\\\/uploads\\\/2024\\\/12\\\/vm_sport_RGB_horisontal-e1734526017575.png\",\"contentUrl\":\"https:\\\/\\\/vmsport.fi\\\/wp-content\\\/uploads\\\/2024\\\/12\\\/vm_sport_RGB_horisontal-e1734526017575.png\",\"width\":668,\"height\":85,\"caption\":\"Vmsport\"},\"image\":{\"@id\":\"https:\\\/\\\/vmsport.fi\\\/#\\\/schema\\\/logo\\\/image\\\/\"},\"sameAs\":[\"https:\\\/\\\/www.facebook.com\\\/Vmsport.fi\\\/\",\"https:\\\/\\\/www.instagram.com\\\/vmsport\\\/\"]}]}<\/script>\n<!-- \/ Yoast SEO plugin. -->","yoast_head_json":{"title":"Trek Madone SL 6 Gen 8 - MATTE DARK WEB - VM Sport","robots":{"index":"index","follow":"follow","max-snippet":"max-snippet:-1","max-image-preview":"max-image-preview:large","max-video-preview":"max-video-preview:-1"},"canonical":"https:\/\/vmsport.fi\/sv\/webbutik\/cyklar\/vag-och-grus\/backspeglar-vid-vagkanten\/trek-madone-sl-6-gen-8-matt-mork-webb\/","og_locale":"sv_SE","og_type":"article","og_title":"Trek Madone SL 6 Gen 8 - MATTE DARK WEB - VM Sport","og_description":"Kevyt, aerodynaaminen runko, s\u00e4hk\u00f6vaihteet, parannettu mukavuus ja tubeless-hiilikuitukiekot tekev\u00e4t t\u00e4st\u00e4 monipuolisen, kilpailuhenkisen maantiepy\u00f6r\u00e4n. [...]L\u00e4s mer \u2026 from Trek Madone SL 6 Gen 8 &#8211; MATTE DARK WEB","og_url":"https:\/\/vmsport.fi\/sv\/webbutik\/cyklar\/vag-och-grus\/backspeglar-vid-vagkanten\/trek-madone-sl-6-gen-8-matt-mork-webb\/","og_site_name":"VM Sport","article_publisher":"https:\/\/www.facebook.com\/Vmsport.fi\/","article_modified_time":"2026-01-30T10:24:22+00:00","og_image":[{"width":1000,"height":750,"url":"https:\/\/vmsport.fi\/wp-content\/uploads\/2025\/03\/pIn3Vz2E8eVQbwP9CiAZXatTpnPwxNJQ287gK1B3PndGfwneiY-1.jpg","type":"image\/jpeg"}],"twitter_card":"summary_large_image","schema":{"@context":"https:\/\/schema.org","@graph":[{"@type":["WebPage","ItemPage"],"@id":"https:\/\/vmsport.fi\/verkkokauppa\/polkupyorat\/maantie-ja-gravel\/maantiepyorat\/trek-madone-sl-6-gen-8-matte-dark-web\/","url":"https:\/\/vmsport.fi\/verkkokauppa\/polkupyorat\/maantie-ja-gravel\/maantiepyorat\/trek-madone-sl-6-gen-8-matte-dark-web\/","name":"Trek Madone SL 6 Gen 8 - MATTE DARK WEB - VM Sport","isPartOf":{"@id":"https:\/\/vmsport.fi\/#website"},"primaryImageOfPage":{"@id":"https:\/\/vmsport.fi\/verkkokauppa\/polkupyorat\/maantie-ja-gravel\/maantiepyorat\/trek-madone-sl-6-gen-8-matte-dark-web\/#primaryimage"},"image":{"@id":"https:\/\/vmsport.fi\/verkkokauppa\/polkupyorat\/maantie-ja-gravel\/maantiepyorat\/trek-madone-sl-6-gen-8-matte-dark-web\/#primaryimage"},"thumbnailUrl":"https:\/\/vmsport.fi\/wp-content\/uploads\/2025\/03\/pIn3Vz2E8eVQbwP9CiAZXatTpnPwxNJQ287gK1B3PndGfwneiY-1.jpg","datePublished":"2025-03-05T22:19:52+00:00","dateModified":"2026-01-30T10:24:22+00:00","breadcrumb":{"@id":"https:\/\/vmsport.fi\/verkkokauppa\/polkupyorat\/maantie-ja-gravel\/maantiepyorat\/trek-madone-sl-6-gen-8-matte-dark-web\/#breadcrumb"},"inLanguage":"sv-SE","potentialAction":[{"@type":"ReadAction","target":["https:\/\/vmsport.fi\/verkkokauppa\/polkupyorat\/maantie-ja-gravel\/maantiepyorat\/trek-madone-sl-6-gen-8-matte-dark-web\/"]}]},{"@type":"ImageObject","inLanguage":"sv-SE","@id":"https:\/\/vmsport.fi\/verkkokauppa\/polkupyorat\/maantie-ja-gravel\/maantiepyorat\/trek-madone-sl-6-gen-8-matte-dark-web\/#primaryimage","url":"https:\/\/vmsport.fi\/wp-content\/uploads\/2025\/03\/pIn3Vz2E8eVQbwP9CiAZXatTpnPwxNJQ287gK1B3PndGfwneiY-1.jpg","contentUrl":"https:\/\/vmsport.fi\/wp-content\/uploads\/2025\/03\/pIn3Vz2E8eVQbwP9CiAZXatTpnPwxNJQ287gK1B3PndGfwneiY-1.jpg","width":1000,"height":750,"caption":"pIn3Vz2E8eVQbwP9CiAZXatTpnPwxNJQ287gK1B3PndGfwneiY"},{"@type":"BreadcrumbList","@id":"https:\/\/vmsport.fi\/verkkokauppa\/polkupyorat\/maantie-ja-gravel\/maantiepyorat\/trek-madone-sl-6-gen-8-matte-dark-web\/#breadcrumb","itemListElement":[{"@type":"ListItem","position":1,"name":"Etusivu","item":"https:\/\/vmsport.fi\/"},{"@type":"ListItem","position":2,"name":"Online Store","item":"https:\/\/vmsport.fi\/en\/online-store\/"},{"@type":"ListItem","position":3,"name":"Trek polkupy\u00f6r\u00e4t","item":"https:\/\/vmsport.fi\/sv\/merkki\/trek\/"},{"@type":"ListItem","position":4,"name":"Trek Madone SL 6 Gen 8 &#8211; MATTE DARK WEB"}]},{"@type":"WebSite","@id":"https:\/\/vmsport.fi\/#website","url":"https:\/\/vmsport.fi\/","name":"Vmsport","description":"Allt p\u00e5 ett st\u00e4lle f\u00f6r cykling","publisher":{"@id":"https:\/\/vmsport.fi\/#organization"},"potentialAction":[{"@type":"SearchAction","target":{"@type":"EntryPoint","urlTemplate":"https:\/\/vmsport.fi\/?s={search_term_string}"},"query-input":{"@type":"PropertyValueSpecification","valueRequired":true,"valueName":"search_term_string"}}],"inLanguage":"sv-SE"},{"@type":"Organization","@id":"https:\/\/vmsport.fi\/#organization","name":"Vmsport","url":"https:\/\/vmsport.fi\/","logo":{"@type":"ImageObject","inLanguage":"sv-SE","@id":"https:\/\/vmsport.fi\/#\/schema\/logo\/image\/","url":"https:\/\/vmsport.fi\/wp-content\/uploads\/2024\/12\/vm_sport_RGB_horisontal-e1734526017575.png","contentUrl":"https:\/\/vmsport.fi\/wp-content\/uploads\/2024\/12\/vm_sport_RGB_horisontal-e1734526017575.png","width":668,"height":85,"caption":"Vmsport"},"image":{"@id":"https:\/\/vmsport.fi\/#\/schema\/logo\/image\/"},"sameAs":["https:\/\/www.facebook.com\/Vmsport.fi\/","https:\/\/www.instagram.com\/vmsport\/"]}]}},"global_unique_id":"","_links":{"self":[{"href":"https:\/\/vmsport.fi\/sv\/wp-json\/wp\/v2\/product\/56428","targetHints":{"allow":["GET"]}}],"collection":[{"href":"https:\/\/vmsport.fi\/sv\/wp-json\/wp\/v2\/product"}],"about":[{"href":"https:\/\/vmsport.fi\/sv\/wp-json\/wp\/v2\/types\/product"}],"replies":[{"embeddable":true,"href":"https:\/\/vmsport.fi\/sv\/wp-json\/wp\/v2\/comments?post=56428"}],"wp:featuredmedia":[{"embeddable":true,"href":"https:\/\/vmsport.fi\/sv\/wp-json\/wp\/v2\/media\/56422"}],"wp:attachment":[{"href":"https:\/\/vmsport.fi\/sv\/wp-json\/wp\/v2\/media?parent=56428"}],"wp:term":[{"taxonomy":"product_brand","embeddable":true,"href":"https:\/\/vmsport.fi\/sv\/wp-json\/wp\/v2\/product_brand?post=56428"},{"taxonomy":"product_model","embeddable":true,"href":"https:\/\/vmsport.fi\/sv\/wp-json\/wp\/v2\/product_model?post=56428"},{"taxonomy":"product_cat","embeddable":true,"href":"https:\/\/vmsport.fi\/sv\/wp-json\/wp\/v2\/product_cat?post=56428"},{"taxonomy":"product_tag","embeddable":true,"href":"https:\/\/vmsport.fi\/sv\/wp-json\/wp\/v2\/product_tag?post=56428"},{"taxonomy":"industry_terminology","embeddable":true,"href":"https:\/\/vmsport.fi\/sv\/wp-json\/wp\/v2\/industry-terminology?post=56428"}],"curies":[{"name":"wp","href":"https:\/\/api.w.org\/{rel}","templated":true}]}}