{"id":56415,"date":"2025-03-06T00:19:41","date_gmt":"2025-03-05T22:19:41","guid":{"rendered":"https:\/\/vmsport.fi\/verkkokauppa\/Ei-luokiteltu\/trek-district-4-lowstep-trek-black-satin\/"},"modified":"2026-04-02T13:56:04","modified_gmt":"2026-04-02T10:56:04","slug":"trek-district-4-lowstep-trek-black-satin","status":"publish","type":"product","link":"https:\/\/vmsport.fi\/sv\/verkkokauppa\/polkupyorat\/sahkopyorat\/sahkokaupunkipyorat\/trek-district-4-lowstep-trek-black-satin\/","title":{"rendered":"Trek District+ 4 Lowstep - TREK BLACK SATIN"},"content":{"rendered":"<p>District+ 4 Lowstep on varustettu hiljaisella ja l\u00e4hes huoltovapaalla Gates CDX -hihnavedolla, tehokkaalla Bosch Performance Line -moottorilla ja sis\u00e4isell\u00e4 5-vaihteisella napavaihteistolla. Runkoon integroitu akku pit\u00e4\u00e4 py\u00f6r\u00e4n ulkon\u00e4\u00f6n siistin\u00e4. Py\u00f6r\u00e4ss\u00e4 on vakiovarusteena valot, lokasuojat ja takatavarateline, joten se soveltuu p\u00e4ivitt\u00e4iseen ajoon heti k\u00e4ytt\u00f6\u00f6notosta l\u00e4htien.<\/p>","protected":false},"excerpt":{"rendered":"<p>Vankka, mukava runko, hiljainen hihnaveto, tehokas Bosch-s\u00e4hk\u00f6j\u00e4rjestelm\u00e4 ja matala huoltotarve, valmiina ty\u00f6matkapy\u00f6r\u00e4ilyyn. [&#8230;]<\/p>\n<p><a class=\"btn btn-secondary understrap-read-more-link\" href=\"https:\/\/vmsport.fi\/sv\/verkkokauppa\/polkupyorat\/sahkopyorat\/sahkokaupunkipyorat\/trek-district-4-lowstep-trek-black-satin\/\">L\u00e4s mer \u2026<span class=\"screen-reader-text\"> from Trek District+ 4 Lowstep &#8211; TREK BLACK SATIN<\/span><\/a><\/p>\n","protected":false},"featured_media":56414,"comment_status":"open","ping_status":"closed","template":"","meta":{"_acf_changed":false,"_improvement_type_select":"improve_an_existing","_thumb_yes_seoaic":false,"_frame_yes_seoaic":false,"seoaic_generate_description":"","seoaic_improve_instructions_prompt":"","seoaic_rollback_content_improvement":"","seoaic_idea_thumbnail_generator":"","thumbnail_generated":false,"thumbnail_generate_prompt":"","seoaic_article_description":"","_supplier_stock_quantity":0},"product_brand":[37],"product_model":[1543],"product_cat":[9396],"product_tag":[],"industry-terminology":[],"class_list":{"0":"post-56415","1":"product","2":"type-product","3":"status-publish","4":"has-post-thumbnail","6":"product_brand-trek","7":"product_model-district-plus","8":"product_cat-sahkokaupunkipyorat","10":"first","11":"instock","12":"sale","13":"taxable","14":"shipping-taxable","15":"purchasable","16":"product-type-variable","17":"has-default-attributes"},"acf":{"bike_features":[{"image":"https:\/\/media.trekbikes.com\/image\/upload\/w_768,c_pad,f_auto,fl_progressive:semi,q_auto\/TK22_LAUNCH_Allant_tech_primary","header":"Integroitu Bosch-digitaalij\u00e4rjestelm\u00e4","description":"Yhdistyy saumatonta \u00e4lypuhelimeesi Boschin \u00e4lyj\u00e4rjestelm\u00e4ll\u00e4, joka rikastaa ajokokemustasi edistyksellisill\u00e4 digitaalisilla ominaisuuksilla kuten seuranta ja kartoittaminen."},{"image":"https:\/\/media.trekbikes.com\/image\/upload\/w_768,c_pad,f_auto,fl_progressive:semi,q_auto\/TK20_WEB_Range_assistant_city","header":"Mukautettava toimintas\u00e4de","description":"Boschin toimintas\u00e4delaskurilla voit mukauttaa akun suorituskyky\u00e4 tarpeidesi mukaan saadaksesi tarkemman arvion matkasta."}],"overview":{"copy_overview":[{"overview":"District+ 4 Lowstep on kaupunkiajoon suunniteltu s\u00e4hk\u00f6py\u00f6r\u00e4, joka tarjoaa kest\u00e4vyytt\u00e4 ja mukavuutta. Sen runko integroi valikoiman Bosch PowerPack -akkuja, joiden kapasiteetti on 400\u2013800 Wh, joten voit valita tarpeisiisi sopivan vaihtoehdon. Bosch-\u00e4lyj\u00e4rjestelm\u00e4n ja helppohoitoisen Gates CDX -hihnavetoj\u00e4rjestelm\u00e4n ansiosta ajaminen on saumatonta."},{"overview":"Helppo lowstep-runko yhdist\u00e4\u00e4 mukavuuden edistyneisiin ominaisuuksiin. Bosch eBike Flow -sovelluksen avulla voit seurata aktiviteettejasi, kun taas napavaihteisto pit\u00e4\u00e4 vaihtamisen pehme\u00e4n\u00e4."}],"key_features":[{"feature":"Kest\u00e4v\u00e4 mutta mukava muotoilu kaupunkiajoon."},{"feature":"T\u00e4ysin integroitu Bosch Performance Line -\u00e4lyj\u00e4rjestelm\u00e4."},{"feature":"Nelj\u00e4n eri akkukapasiteetin vaihtoehdot, 400 Wh:sta 800 Wh:iin."},{"feature":"V\u00e4h\u00e4huoltoinen Gates CDX -hihnaveto."}],"statement":"Sulavalinjainen ja kest\u00e4v\u00e4 s\u00e4hk\u00f6py\u00f6r\u00e4, joka helpottaa kaupunkiarkea ainutlaatuisilla ominaisuuksillaan.","youtube_url":"https:\/\/www.youtube.com\/watch?v=Jy6XxHY0O5Y"}},"yoast_head":"<!-- This site is optimized with the Yoast SEO plugin v27.3 - https:\/\/yoast.com\/product\/yoast-seo-wordpress\/ -->\n<title>Trek District+ 4 Lowstep - TREK BLACK SATIN - VM Sport<\/title>\n<meta name=\"robots\" content=\"index, follow, max-snippet:-1, max-image-preview:large, max-video-preview:-1\" \/>\n<link rel=\"canonical\" href=\"https:\/\/vmsport.fi\/sv\/webbutik\/cyklar\/sahkopyorat\/sagtand-pyorat\/trek-district-4-lowstep-trek-black-satin\/\" \/>\n<meta property=\"og:locale\" content=\"sv_SE\" \/>\n<meta property=\"og:type\" content=\"article\" \/>\n<meta property=\"og:title\" content=\"Trek District+ 4 Lowstep - TREK BLACK SATIN - VM Sport\" \/>\n<meta property=\"og:description\" content=\"Vankka, mukava runko, hiljainen hihnaveto, tehokas Bosch-s\u00e4hk\u00f6j\u00e4rjestelm\u00e4 ja matala huoltotarve, valmiina ty\u00f6matkapy\u00f6r\u00e4ilyyn. [...]L\u00e4s mer \u2026 from Trek District+ 4 Lowstep &#8211; TREK BLACK SATIN\" \/>\n<meta property=\"og:url\" content=\"https:\/\/vmsport.fi\/sv\/webbutik\/cyklar\/sahkopyorat\/sagtand-pyorat\/trek-district-4-lowstep-trek-black-satin\/\" \/>\n<meta property=\"og:site_name\" content=\"VM Sport\" \/>\n<meta property=\"article:publisher\" content=\"https:\/\/www.facebook.com\/Vmsport.fi\/\" \/>\n<meta property=\"article:modified_time\" content=\"2026-04-02T10:56:04+00:00\" \/>\n<meta property=\"og:image\" content=\"https:\/\/vmsport.fi\/wp-content\/uploads\/2025\/03\/us3z0s98ioivYoA2vwCu0mEsFAH9Hb8FACMaYg6CV04WUQllA1-1.jpg\" \/>\n\t<meta property=\"og:image:width\" content=\"1000\" \/>\n\t<meta property=\"og:image:height\" content=\"636\" \/>\n\t<meta property=\"og:image:type\" content=\"image\/jpeg\" \/>\n<meta name=\"twitter:card\" content=\"summary_large_image\" \/>\n<script type=\"application\/ld+json\" class=\"yoast-schema-graph\">{\"@context\":\"https:\\\/\\\/schema.org\",\"@graph\":[{\"@type\":[\"WebPage\",\"ItemPage\"],\"@id\":\"https:\\\/\\\/vmsport.fi\\\/verkkokauppa\\\/polkupyorat\\\/sahkopyorat\\\/sahkokaupunkipyorat\\\/trek-district-4-lowstep-trek-black-satin\\\/\",\"url\":\"https:\\\/\\\/vmsport.fi\\\/verkkokauppa\\\/polkupyorat\\\/sahkopyorat\\\/sahkokaupunkipyorat\\\/trek-district-4-lowstep-trek-black-satin\\\/\",\"name\":\"Trek District+ 4 Lowstep - TREK BLACK SATIN - VM Sport\",\"isPartOf\":{\"@id\":\"https:\\\/\\\/vmsport.fi\\\/#website\"},\"primaryImageOfPage\":{\"@id\":\"https:\\\/\\\/vmsport.fi\\\/verkkokauppa\\\/polkupyorat\\\/sahkopyorat\\\/sahkokaupunkipyorat\\\/trek-district-4-lowstep-trek-black-satin\\\/#primaryimage\"},\"image\":{\"@id\":\"https:\\\/\\\/vmsport.fi\\\/verkkokauppa\\\/polkupyorat\\\/sahkopyorat\\\/sahkokaupunkipyorat\\\/trek-district-4-lowstep-trek-black-satin\\\/#primaryimage\"},\"thumbnailUrl\":\"https:\\\/\\\/vmsport.fi\\\/wp-content\\\/uploads\\\/2025\\\/03\\\/us3z0s98ioivYoA2vwCu0mEsFAH9Hb8FACMaYg6CV04WUQllA1-1.jpg\",\"datePublished\":\"2025-03-05T22:19:41+00:00\",\"dateModified\":\"2026-04-02T10:56:04+00:00\",\"breadcrumb\":{\"@id\":\"https:\\\/\\\/vmsport.fi\\\/verkkokauppa\\\/polkupyorat\\\/sahkopyorat\\\/sahkokaupunkipyorat\\\/trek-district-4-lowstep-trek-black-satin\\\/#breadcrumb\"},\"inLanguage\":\"sv-SE\",\"potentialAction\":[{\"@type\":\"ReadAction\",\"target\":[\"https:\\\/\\\/vmsport.fi\\\/verkkokauppa\\\/polkupyorat\\\/sahkopyorat\\\/sahkokaupunkipyorat\\\/trek-district-4-lowstep-trek-black-satin\\\/\"]}]},{\"@type\":\"ImageObject\",\"inLanguage\":\"sv-SE\",\"@id\":\"https:\\\/\\\/vmsport.fi\\\/verkkokauppa\\\/polkupyorat\\\/sahkopyorat\\\/sahkokaupunkipyorat\\\/trek-district-4-lowstep-trek-black-satin\\\/#primaryimage\",\"url\":\"https:\\\/\\\/vmsport.fi\\\/wp-content\\\/uploads\\\/2025\\\/03\\\/us3z0s98ioivYoA2vwCu0mEsFAH9Hb8FACMaYg6CV04WUQllA1-1.jpg\",\"contentUrl\":\"https:\\\/\\\/vmsport.fi\\\/wp-content\\\/uploads\\\/2025\\\/03\\\/us3z0s98ioivYoA2vwCu0mEsFAH9Hb8FACMaYg6CV04WUQllA1-1.jpg\",\"width\":1000,\"height\":636,\"caption\":\"us3z0s98ioivYoA2vwCu0mEsFAH9Hb8FACMaYg6CV04WUQllA1\"},{\"@type\":\"BreadcrumbList\",\"@id\":\"https:\\\/\\\/vmsport.fi\\\/verkkokauppa\\\/polkupyorat\\\/sahkopyorat\\\/sahkokaupunkipyorat\\\/trek-district-4-lowstep-trek-black-satin\\\/#breadcrumb\",\"itemListElement\":[{\"@type\":\"ListItem\",\"position\":1,\"name\":\"Etusivu\",\"item\":\"https:\\\/\\\/vmsport.fi\\\/\"},{\"@type\":\"ListItem\",\"position\":2,\"name\":\"Online Store\",\"item\":\"https:\\\/\\\/vmsport.fi\\\/en\\\/online-store\\\/\"},{\"@type\":\"ListItem\",\"position\":3,\"name\":\"Trek polkupy\u00f6r\u00e4t\",\"item\":\"https:\\\/\\\/vmsport.fi\\\/sv\\\/merkki\\\/trek\\\/\"},{\"@type\":\"ListItem\",\"position\":4,\"name\":\"Trek District+ 4 Lowstep &#8211; TREK BLACK SATIN\"}]},{\"@type\":\"WebSite\",\"@id\":\"https:\\\/\\\/vmsport.fi\\\/#website\",\"url\":\"https:\\\/\\\/vmsport.fi\\\/\",\"name\":\"Vmsport\",\"description\":\"Kaikki py\u00f6r\u00e4ilyyn yhdest\u00e4 paikasta\",\"publisher\":{\"@id\":\"https:\\\/\\\/vmsport.fi\\\/#organization\"},\"potentialAction\":[{\"@type\":\"SearchAction\",\"target\":{\"@type\":\"EntryPoint\",\"urlTemplate\":\"https:\\\/\\\/vmsport.fi\\\/?s={search_term_string}\"},\"query-input\":{\"@type\":\"PropertyValueSpecification\",\"valueRequired\":true,\"valueName\":\"search_term_string\"}}],\"inLanguage\":\"sv-SE\"},{\"@type\":\"Organization\",\"@id\":\"https:\\\/\\\/vmsport.fi\\\/#organization\",\"name\":\"Vmsport\",\"url\":\"https:\\\/\\\/vmsport.fi\\\/\",\"logo\":{\"@type\":\"ImageObject\",\"inLanguage\":\"sv-SE\",\"@id\":\"https:\\\/\\\/vmsport.fi\\\/#\\\/schema\\\/logo\\\/image\\\/\",\"url\":\"https:\\\/\\\/vmsport.fi\\\/wp-content\\\/uploads\\\/2024\\\/12\\\/vm_sport_RGB_horisontal-e1734526017575.png\",\"contentUrl\":\"https:\\\/\\\/vmsport.fi\\\/wp-content\\\/uploads\\\/2024\\\/12\\\/vm_sport_RGB_horisontal-e1734526017575.png\",\"width\":668,\"height\":85,\"caption\":\"Vmsport\"},\"image\":{\"@id\":\"https:\\\/\\\/vmsport.fi\\\/#\\\/schema\\\/logo\\\/image\\\/\"},\"sameAs\":[\"https:\\\/\\\/www.facebook.com\\\/Vmsport.fi\\\/\",\"https:\\\/\\\/www.instagram.com\\\/vmsport\\\/\"]}]}<\/script>\n<!-- \/ Yoast SEO plugin. -->","yoast_head_json":{"title":"Trek District+ 4 Lowstep - TREK BLACK SATIN - VM Sport","robots":{"index":"index","follow":"follow","max-snippet":"max-snippet:-1","max-image-preview":"max-image-preview:large","max-video-preview":"max-video-preview:-1"},"canonical":"https:\/\/vmsport.fi\/sv\/webbutik\/cyklar\/sahkopyorat\/sagtand-pyorat\/trek-district-4-lowstep-trek-black-satin\/","og_locale":"sv_SE","og_type":"article","og_title":"Trek District+ 4 Lowstep - TREK BLACK SATIN - VM Sport","og_description":"Vankka, mukava runko, hiljainen hihnaveto, tehokas Bosch-s\u00e4hk\u00f6j\u00e4rjestelm\u00e4 ja matala huoltotarve, valmiina ty\u00f6matkapy\u00f6r\u00e4ilyyn. [...]L\u00e4s mer \u2026 from Trek District+ 4 Lowstep &#8211; TREK BLACK SATIN","og_url":"https:\/\/vmsport.fi\/sv\/webbutik\/cyklar\/sahkopyorat\/sagtand-pyorat\/trek-district-4-lowstep-trek-black-satin\/","og_site_name":"VM Sport","article_publisher":"https:\/\/www.facebook.com\/Vmsport.fi\/","article_modified_time":"2026-04-02T10:56:04+00:00","og_image":[{"width":1000,"height":636,"url":"https:\/\/vmsport.fi\/wp-content\/uploads\/2025\/03\/us3z0s98ioivYoA2vwCu0mEsFAH9Hb8FACMaYg6CV04WUQllA1-1.jpg","type":"image\/jpeg"}],"twitter_card":"summary_large_image","schema":{"@context":"https:\/\/schema.org","@graph":[{"@type":["WebPage","ItemPage"],"@id":"https:\/\/vmsport.fi\/verkkokauppa\/polkupyorat\/sahkopyorat\/sahkokaupunkipyorat\/trek-district-4-lowstep-trek-black-satin\/","url":"https:\/\/vmsport.fi\/verkkokauppa\/polkupyorat\/sahkopyorat\/sahkokaupunkipyorat\/trek-district-4-lowstep-trek-black-satin\/","name":"Trek District+ 4 Lowstep - TREK BLACK SATIN - VM Sport","isPartOf":{"@id":"https:\/\/vmsport.fi\/#website"},"primaryImageOfPage":{"@id":"https:\/\/vmsport.fi\/verkkokauppa\/polkupyorat\/sahkopyorat\/sahkokaupunkipyorat\/trek-district-4-lowstep-trek-black-satin\/#primaryimage"},"image":{"@id":"https:\/\/vmsport.fi\/verkkokauppa\/polkupyorat\/sahkopyorat\/sahkokaupunkipyorat\/trek-district-4-lowstep-trek-black-satin\/#primaryimage"},"thumbnailUrl":"https:\/\/vmsport.fi\/wp-content\/uploads\/2025\/03\/us3z0s98ioivYoA2vwCu0mEsFAH9Hb8FACMaYg6CV04WUQllA1-1.jpg","datePublished":"2025-03-05T22:19:41+00:00","dateModified":"2026-04-02T10:56:04+00:00","breadcrumb":{"@id":"https:\/\/vmsport.fi\/verkkokauppa\/polkupyorat\/sahkopyorat\/sahkokaupunkipyorat\/trek-district-4-lowstep-trek-black-satin\/#breadcrumb"},"inLanguage":"sv-SE","potentialAction":[{"@type":"ReadAction","target":["https:\/\/vmsport.fi\/verkkokauppa\/polkupyorat\/sahkopyorat\/sahkokaupunkipyorat\/trek-district-4-lowstep-trek-black-satin\/"]}]},{"@type":"ImageObject","inLanguage":"sv-SE","@id":"https:\/\/vmsport.fi\/verkkokauppa\/polkupyorat\/sahkopyorat\/sahkokaupunkipyorat\/trek-district-4-lowstep-trek-black-satin\/#primaryimage","url":"https:\/\/vmsport.fi\/wp-content\/uploads\/2025\/03\/us3z0s98ioivYoA2vwCu0mEsFAH9Hb8FACMaYg6CV04WUQllA1-1.jpg","contentUrl":"https:\/\/vmsport.fi\/wp-content\/uploads\/2025\/03\/us3z0s98ioivYoA2vwCu0mEsFAH9Hb8FACMaYg6CV04WUQllA1-1.jpg","width":1000,"height":636,"caption":"us3z0s98ioivYoA2vwCu0mEsFAH9Hb8FACMaYg6CV04WUQllA1"},{"@type":"BreadcrumbList","@id":"https:\/\/vmsport.fi\/verkkokauppa\/polkupyorat\/sahkopyorat\/sahkokaupunkipyorat\/trek-district-4-lowstep-trek-black-satin\/#breadcrumb","itemListElement":[{"@type":"ListItem","position":1,"name":"Etusivu","item":"https:\/\/vmsport.fi\/"},{"@type":"ListItem","position":2,"name":"Online Store","item":"https:\/\/vmsport.fi\/en\/online-store\/"},{"@type":"ListItem","position":3,"name":"Trek polkupy\u00f6r\u00e4t","item":"https:\/\/vmsport.fi\/sv\/merkki\/trek\/"},{"@type":"ListItem","position":4,"name":"Trek District+ 4 Lowstep &#8211; TREK BLACK SATIN"}]},{"@type":"WebSite","@id":"https:\/\/vmsport.fi\/#website","url":"https:\/\/vmsport.fi\/","name":"Vmsport","description":"Allt p\u00e5 ett st\u00e4lle f\u00f6r cykling","publisher":{"@id":"https:\/\/vmsport.fi\/#organization"},"potentialAction":[{"@type":"SearchAction","target":{"@type":"EntryPoint","urlTemplate":"https:\/\/vmsport.fi\/?s={search_term_string}"},"query-input":{"@type":"PropertyValueSpecification","valueRequired":true,"valueName":"search_term_string"}}],"inLanguage":"sv-SE"},{"@type":"Organization","@id":"https:\/\/vmsport.fi\/#organization","name":"Vmsport","url":"https:\/\/vmsport.fi\/","logo":{"@type":"ImageObject","inLanguage":"sv-SE","@id":"https:\/\/vmsport.fi\/#\/schema\/logo\/image\/","url":"https:\/\/vmsport.fi\/wp-content\/uploads\/2024\/12\/vm_sport_RGB_horisontal-e1734526017575.png","contentUrl":"https:\/\/vmsport.fi\/wp-content\/uploads\/2024\/12\/vm_sport_RGB_horisontal-e1734526017575.png","width":668,"height":85,"caption":"Vmsport"},"image":{"@id":"https:\/\/vmsport.fi\/#\/schema\/logo\/image\/"},"sameAs":["https:\/\/www.facebook.com\/Vmsport.fi\/","https:\/\/www.instagram.com\/vmsport\/"]}]}},"global_unique_id":"","_links":{"self":[{"href":"https:\/\/vmsport.fi\/sv\/wp-json\/wp\/v2\/product\/56415","targetHints":{"allow":["GET"]}}],"collection":[{"href":"https:\/\/vmsport.fi\/sv\/wp-json\/wp\/v2\/product"}],"about":[{"href":"https:\/\/vmsport.fi\/sv\/wp-json\/wp\/v2\/types\/product"}],"replies":[{"embeddable":true,"href":"https:\/\/vmsport.fi\/sv\/wp-json\/wp\/v2\/comments?post=56415"}],"wp:featuredmedia":[{"embeddable":true,"href":"https:\/\/vmsport.fi\/sv\/wp-json\/wp\/v2\/media\/56414"}],"wp:attachment":[{"href":"https:\/\/vmsport.fi\/sv\/wp-json\/wp\/v2\/media?parent=56415"}],"wp:term":[{"taxonomy":"product_brand","embeddable":true,"href":"https:\/\/vmsport.fi\/sv\/wp-json\/wp\/v2\/product_brand?post=56415"},{"taxonomy":"product_model","embeddable":true,"href":"https:\/\/vmsport.fi\/sv\/wp-json\/wp\/v2\/product_model?post=56415"},{"taxonomy":"product_cat","embeddable":true,"href":"https:\/\/vmsport.fi\/sv\/wp-json\/wp\/v2\/product_cat?post=56415"},{"taxonomy":"product_tag","embeddable":true,"href":"https:\/\/vmsport.fi\/sv\/wp-json\/wp\/v2\/product_tag?post=56415"},{"taxonomy":"industry_terminology","embeddable":true,"href":"https:\/\/vmsport.fi\/sv\/wp-json\/wp\/v2\/industry-terminology?post=56415"}],"curies":[{"name":"wp","href":"https:\/\/api.w.org\/{rel}","templated":true}]}}