{"id":56411,"date":"2025-03-06T00:19:38","date_gmt":"2025-03-05T22:19:38","guid":{"rendered":"https:\/\/vmsport.fi\/verkkokauppa\/Ei-luokiteltu\/powerfly-fs-4-gen-4-mercury-dark-web\/"},"modified":"2026-03-04T10:20:45","modified_gmt":"2026-03-04T08:20:45","slug":"powerfly-fs-4-gen-4-mercury-dark-web","status":"publish","type":"product","link":"https:\/\/vmsport.fi\/sv\/verkkokauppa\/polkupyorat\/sahkopyorat\/sahkomaastopyorat\/taysjousitetut-sahkomaastopyorat\/powerfly-fs-4-gen-4-mercury-dark-web\/","title":{"rendered":"Trek Powerfly FS+ 4 Gen 4 - Mercury - M\u00f6rk webb"},"content":{"rendered":"<p>Powerfly FS+ 4:ss\u00e4 on vankka Alpha Platinum -alumiinirunko, Bosch Performance Line CX -moottori (85 Nm), 600 Wh irrotettava akku ja Mino Linkin s\u00e4\u00e4dett\u00e4v\u00e4 geometria. RockShoxin 130\/120 mm joustomatkat vaimentavat ep\u00e4tasaisuuksia. Shimano CUES -voimansiirto ja LINKGLIDE parantavat kest\u00e4vyytt\u00e4, nelim\u00e4nt\u00e4iset hydrauliset levyjarrut tuovat tehoa ja Bontragerin tubeless ready -kiekot varmistavat kevyen rullaavuuden. Lis\u00e4varusteiden kiinnikkeet tuovat joustavuutta arkeen ja seikkailuihin.<\/p>","protected":false},"excerpt":{"rendered":"<p>Kest\u00e4v\u00e4 runko, tehokas moottori, irrotettava akku ja monipuolinen varusteltavuus tekev\u00e4t Powerfly FS+ 4:st\u00e4 vankan valinnan monipuoliseen s\u00e4hk\u00f6maastoajoon. [&#8230;]<\/p>\n<p><a class=\"btn btn-secondary understrap-read-more-link\" href=\"https:\/\/vmsport.fi\/sv\/verkkokauppa\/polkupyorat\/sahkopyorat\/sahkomaastopyorat\/taysjousitetut-sahkomaastopyorat\/powerfly-fs-4-gen-4-mercury-dark-web\/\">L\u00e4s mer \u2026<span class=\"screen-reader-text\"> from Trek Powerfly FS+ 4 Gen 4 &#8211; Mercury &#8211; Dark web<\/span><\/a><\/p>\n","protected":false},"featured_media":56410,"comment_status":"open","ping_status":"closed","template":"","meta":{"_acf_changed":false,"_improvement_type_select":"improve_an_existing","_thumb_yes_seoaic":false,"_frame_yes_seoaic":false,"seoaic_generate_description":"","seoaic_improve_instructions_prompt":"","seoaic_rollback_content_improvement":"","seoaic_idea_thumbnail_generator":"","thumbnail_generated":false,"thumbnail_generate_prompt":"","seoaic_article_description":"","_supplier_stock_quantity":0},"product_brand":[37],"product_model":[1538],"product_cat":[9406],"product_tag":[],"industry-terminology":[],"class_list":{"0":"post-56411","1":"product","2":"type-product","3":"status-publish","4":"has-post-thumbnail","6":"product_brand-trek","7":"product_model-powerfly-plus","8":"product_cat-taysjousitetut-sahkomaastopyorat","10":"first","11":"instock","12":"sale","13":"taxable","14":"shipping-taxable","15":"purchasable","16":"product-type-variable","17":"has-default-attributes"},"acf":{"bike_features":[{"image":"https:\/\/media.trekbikes.com\/image\/upload\/w_768,c_pad,f_auto,fl_progressive:semi,q_auto\/Tech_RIB2","header":"Edistynyt RIB 2.0 -j\u00e4rjestelm\u00e4","description":"Integroitu RIB-akku irtoaa nopeasti, mik\u00e4 tekee lataamisesta ja kuljetuksesta miellytt\u00e4v\u00e4\u00e4 ja turvalliseksi kaksoislavalla."},{"image":"https:\/\/media.trekbikes.com\/image\/upload\/w_768,c_pad,f_auto,fl_progressive:semi,q_auto\/Tech_Motor","header":"Tehokas Bosch Performance Line CX -moottori","description":"Kompakti 85 Nm moottori tarjoaa saumattoman s\u00e4hk\u00f6avustuksen samalla kun se on kevyt ja hiljainen."}],"overview":{"copy_overview":[{"overview":"Powerfly FS+ 4 on enemm\u00e4n kuin s\u00e4hk\u00f6maastopy\u00f6r\u00e4; se on kutsu uusien polkujen tutkimiseen. Bosch-insin\u00f6\u00f6ritekniikan ja t\u00e4ysjousitetun alumiinirungon ansiosta se tarjoaa suorituskyky\u00e4 ja luotettavuutta."},{"overview":"Py\u00f6r\u00e4 tarjoaa 130 mm RockShox Recon Silver RL -etuhaarukan ja 120 mm RockShox Deluxe Select -takaiskunvaimentimen joustavat alustat. Irrotettava ja integroitu RIB-akku auttaa sinua ottamaan pidempi\u00e4 retki\u00e4."}],"key_features":[{"feature":"Tehokas Bosch Performance Line CX -moottori jyrkkiin nousuihin."},{"feature":"T\u00e4ysjousitettu runko 130 mm etu- ja 120 mm takajoustolla."},{"feature":"Innovatiivinen RIB 2.0 -j\u00e4rjestelm\u00e4 akun helppoon k\u00e4sittelyyn."},{"feature":"Shimano CUES tarjoaa tarkat vaihdot ja kest\u00e4v\u00e4t komponentit."}],"statement":"Miss\u00e4 tahansa reitit viev\u00e4t, Powerfly FS+ 4 tarjoaa tukea ja tehoa.","youtube_url":"https:\/\/www.youtube.com\/watch?v=1VVSaUm7HoM"}},"yoast_head":"<!-- This site is optimized with the Yoast SEO plugin v27.3 - https:\/\/yoast.com\/product\/yoast-seo-wordpress\/ -->\n<title>Trek Powerfly FS+ 4 Gen 4 - Mercury - Dark web - VM Sport<\/title>\n<meta name=\"robots\" content=\"index, follow, max-snippet:-1, max-image-preview:large, max-video-preview:-1\" \/>\n<link rel=\"canonical\" href=\"https:\/\/vmsport.fi\/sv\/webbutik\/cyklar\/sahkopyorat\/sagverksskorsten\/sagverksborrmaskiner-med-vagfjadrar\/powerfly-fs-4-gen-4-mercury-dark-web\/\" \/>\n<meta property=\"og:locale\" content=\"sv_SE\" \/>\n<meta property=\"og:type\" content=\"article\" \/>\n<meta property=\"og:title\" content=\"Trek Powerfly FS+ 4 Gen 4 - Mercury - Dark web - VM Sport\" \/>\n<meta property=\"og:description\" content=\"Kest\u00e4v\u00e4 runko, tehokas moottori, irrotettava akku ja monipuolinen varusteltavuus tekev\u00e4t Powerfly FS+ 4:st\u00e4 vankan valinnan monipuoliseen s\u00e4hk\u00f6maastoajoon. [...]L\u00e4s mer \u2026 from Trek Powerfly FS+ 4 Gen 4 &#8211; Mercury &#8211; Dark web\" \/>\n<meta property=\"og:url\" content=\"https:\/\/vmsport.fi\/sv\/webbutik\/cyklar\/sahkopyorat\/sagverksskorsten\/sagverksborrmaskiner-med-vagfjadrar\/powerfly-fs-4-gen-4-mercury-dark-web\/\" \/>\n<meta property=\"og:site_name\" content=\"VM Sport\" \/>\n<meta property=\"article:publisher\" content=\"https:\/\/www.facebook.com\/Vmsport.fi\/\" \/>\n<meta property=\"article:modified_time\" content=\"2026-03-04T08:20:45+00:00\" \/>\n<meta property=\"og:image\" content=\"https:\/\/vmsport.fi\/wp-content\/uploads\/2025\/03\/EAK1sk40uzBj8IA29QyZPVUm9mMzOTjOft4FSFXVhCoAUUrzmR-1.jpg\" \/>\n\t<meta property=\"og:image:width\" content=\"1000\" \/>\n\t<meta property=\"og:image:height\" content=\"550\" \/>\n\t<meta property=\"og:image:type\" content=\"image\/jpeg\" \/>\n<meta name=\"twitter:card\" content=\"summary_large_image\" \/>\n<script type=\"application\/ld+json\" class=\"yoast-schema-graph\">{\"@context\":\"https:\\\/\\\/schema.org\",\"@graph\":[{\"@type\":[\"WebPage\",\"ItemPage\"],\"@id\":\"https:\\\/\\\/vmsport.fi\\\/verkkokauppa\\\/polkupyorat\\\/sahkopyorat\\\/sahkomaastopyorat\\\/taysjousitetut-sahkomaastopyorat\\\/powerfly-fs-4-gen-4-mercury-dark-web\\\/\",\"url\":\"https:\\\/\\\/vmsport.fi\\\/verkkokauppa\\\/polkupyorat\\\/sahkopyorat\\\/sahkomaastopyorat\\\/taysjousitetut-sahkomaastopyorat\\\/powerfly-fs-4-gen-4-mercury-dark-web\\\/\",\"name\":\"Trek Powerfly FS+ 4 Gen 4 - Mercury - Dark web - VM Sport\",\"isPartOf\":{\"@id\":\"https:\\\/\\\/vmsport.fi\\\/#website\"},\"primaryImageOfPage\":{\"@id\":\"https:\\\/\\\/vmsport.fi\\\/verkkokauppa\\\/polkupyorat\\\/sahkopyorat\\\/sahkomaastopyorat\\\/taysjousitetut-sahkomaastopyorat\\\/powerfly-fs-4-gen-4-mercury-dark-web\\\/#primaryimage\"},\"image\":{\"@id\":\"https:\\\/\\\/vmsport.fi\\\/verkkokauppa\\\/polkupyorat\\\/sahkopyorat\\\/sahkomaastopyorat\\\/taysjousitetut-sahkomaastopyorat\\\/powerfly-fs-4-gen-4-mercury-dark-web\\\/#primaryimage\"},\"thumbnailUrl\":\"https:\\\/\\\/vmsport.fi\\\/wp-content\\\/uploads\\\/2025\\\/03\\\/EAK1sk40uzBj8IA29QyZPVUm9mMzOTjOft4FSFXVhCoAUUrzmR-1.jpg\",\"datePublished\":\"2025-03-05T22:19:38+00:00\",\"dateModified\":\"2026-03-04T08:20:45+00:00\",\"breadcrumb\":{\"@id\":\"https:\\\/\\\/vmsport.fi\\\/verkkokauppa\\\/polkupyorat\\\/sahkopyorat\\\/sahkomaastopyorat\\\/taysjousitetut-sahkomaastopyorat\\\/powerfly-fs-4-gen-4-mercury-dark-web\\\/#breadcrumb\"},\"inLanguage\":\"sv-SE\",\"potentialAction\":[{\"@type\":\"ReadAction\",\"target\":[\"https:\\\/\\\/vmsport.fi\\\/verkkokauppa\\\/polkupyorat\\\/sahkopyorat\\\/sahkomaastopyorat\\\/taysjousitetut-sahkomaastopyorat\\\/powerfly-fs-4-gen-4-mercury-dark-web\\\/\"]}]},{\"@type\":\"ImageObject\",\"inLanguage\":\"sv-SE\",\"@id\":\"https:\\\/\\\/vmsport.fi\\\/verkkokauppa\\\/polkupyorat\\\/sahkopyorat\\\/sahkomaastopyorat\\\/taysjousitetut-sahkomaastopyorat\\\/powerfly-fs-4-gen-4-mercury-dark-web\\\/#primaryimage\",\"url\":\"https:\\\/\\\/vmsport.fi\\\/wp-content\\\/uploads\\\/2025\\\/03\\\/EAK1sk40uzBj8IA29QyZPVUm9mMzOTjOft4FSFXVhCoAUUrzmR-1.jpg\",\"contentUrl\":\"https:\\\/\\\/vmsport.fi\\\/wp-content\\\/uploads\\\/2025\\\/03\\\/EAK1sk40uzBj8IA29QyZPVUm9mMzOTjOft4FSFXVhCoAUUrzmR-1.jpg\",\"width\":1000,\"height\":550,\"caption\":\"EAK1sk40uzBj8IA29QyZPVUm9mMzOTjOft4FSFXVhCoAUUrzmR\"},{\"@type\":\"BreadcrumbList\",\"@id\":\"https:\\\/\\\/vmsport.fi\\\/verkkokauppa\\\/polkupyorat\\\/sahkopyorat\\\/sahkomaastopyorat\\\/taysjousitetut-sahkomaastopyorat\\\/powerfly-fs-4-gen-4-mercury-dark-web\\\/#breadcrumb\",\"itemListElement\":[{\"@type\":\"ListItem\",\"position\":1,\"name\":\"Etusivu\",\"item\":\"https:\\\/\\\/vmsport.fi\\\/\"},{\"@type\":\"ListItem\",\"position\":2,\"name\":\"Online Store\",\"item\":\"https:\\\/\\\/vmsport.fi\\\/en\\\/online-store\\\/\"},{\"@type\":\"ListItem\",\"position\":3,\"name\":\"Trek polkupy\u00f6r\u00e4t\",\"item\":\"https:\\\/\\\/vmsport.fi\\\/sv\\\/merkki\\\/trek\\\/\"},{\"@type\":\"ListItem\",\"position\":4,\"name\":\"Trek Powerfly FS+ 4 Gen 4 &#8211; Mercury &#8211; Dark web\"}]},{\"@type\":\"WebSite\",\"@id\":\"https:\\\/\\\/vmsport.fi\\\/#website\",\"url\":\"https:\\\/\\\/vmsport.fi\\\/\",\"name\":\"Vmsport\",\"description\":\"Kaikki py\u00f6r\u00e4ilyyn yhdest\u00e4 paikasta\",\"publisher\":{\"@id\":\"https:\\\/\\\/vmsport.fi\\\/#organization\"},\"potentialAction\":[{\"@type\":\"SearchAction\",\"target\":{\"@type\":\"EntryPoint\",\"urlTemplate\":\"https:\\\/\\\/vmsport.fi\\\/?s={search_term_string}\"},\"query-input\":{\"@type\":\"PropertyValueSpecification\",\"valueRequired\":true,\"valueName\":\"search_term_string\"}}],\"inLanguage\":\"sv-SE\"},{\"@type\":\"Organization\",\"@id\":\"https:\\\/\\\/vmsport.fi\\\/#organization\",\"name\":\"Vmsport\",\"url\":\"https:\\\/\\\/vmsport.fi\\\/\",\"logo\":{\"@type\":\"ImageObject\",\"inLanguage\":\"sv-SE\",\"@id\":\"https:\\\/\\\/vmsport.fi\\\/#\\\/schema\\\/logo\\\/image\\\/\",\"url\":\"https:\\\/\\\/vmsport.fi\\\/wp-content\\\/uploads\\\/2024\\\/12\\\/vm_sport_RGB_horisontal-e1734526017575.png\",\"contentUrl\":\"https:\\\/\\\/vmsport.fi\\\/wp-content\\\/uploads\\\/2024\\\/12\\\/vm_sport_RGB_horisontal-e1734526017575.png\",\"width\":668,\"height\":85,\"caption\":\"Vmsport\"},\"image\":{\"@id\":\"https:\\\/\\\/vmsport.fi\\\/#\\\/schema\\\/logo\\\/image\\\/\"},\"sameAs\":[\"https:\\\/\\\/www.facebook.com\\\/Vmsport.fi\\\/\",\"https:\\\/\\\/www.instagram.com\\\/vmsport\\\/\"]}]}<\/script>\n<!-- \/ Yoast SEO plugin. -->","yoast_head_json":{"title":"Trek Powerfly FS+ 4 Gen 4 - Mercury - M\u00f6rk webb - VM Sport","robots":{"index":"index","follow":"follow","max-snippet":"max-snippet:-1","max-image-preview":"max-image-preview:large","max-video-preview":"max-video-preview:-1"},"canonical":"https:\/\/vmsport.fi\/sv\/webbutik\/cyklar\/sahkopyorat\/sagverksskorsten\/sagverksborrmaskiner-med-vagfjadrar\/powerfly-fs-4-gen-4-mercury-dark-web\/","og_locale":"sv_SE","og_type":"article","og_title":"Trek Powerfly FS+ 4 Gen 4 - Mercury - Dark web - VM Sport","og_description":"Kest\u00e4v\u00e4 runko, tehokas moottori, irrotettava akku ja monipuolinen varusteltavuus tekev\u00e4t Powerfly FS+ 4:st\u00e4 vankan valinnan monipuoliseen s\u00e4hk\u00f6maastoajoon. [...]L\u00e4s mer \u2026 from Trek Powerfly FS+ 4 Gen 4 &#8211; Mercury &#8211; Dark web","og_url":"https:\/\/vmsport.fi\/sv\/webbutik\/cyklar\/sahkopyorat\/sagverksskorsten\/sagverksborrmaskiner-med-vagfjadrar\/powerfly-fs-4-gen-4-mercury-dark-web\/","og_site_name":"VM Sport","article_publisher":"https:\/\/www.facebook.com\/Vmsport.fi\/","article_modified_time":"2026-03-04T08:20:45+00:00","og_image":[{"width":1000,"height":550,"url":"https:\/\/vmsport.fi\/wp-content\/uploads\/2025\/03\/EAK1sk40uzBj8IA29QyZPVUm9mMzOTjOft4FSFXVhCoAUUrzmR-1.jpg","type":"image\/jpeg"}],"twitter_card":"summary_large_image","schema":{"@context":"https:\/\/schema.org","@graph":[{"@type":["WebPage","ItemPage"],"@id":"https:\/\/vmsport.fi\/verkkokauppa\/polkupyorat\/sahkopyorat\/sahkomaastopyorat\/taysjousitetut-sahkomaastopyorat\/powerfly-fs-4-gen-4-mercury-dark-web\/","url":"https:\/\/vmsport.fi\/verkkokauppa\/polkupyorat\/sahkopyorat\/sahkomaastopyorat\/taysjousitetut-sahkomaastopyorat\/powerfly-fs-4-gen-4-mercury-dark-web\/","name":"Trek Powerfly FS+ 4 Gen 4 - Mercury - M\u00f6rk webb - VM Sport","isPartOf":{"@id":"https:\/\/vmsport.fi\/#website"},"primaryImageOfPage":{"@id":"https:\/\/vmsport.fi\/verkkokauppa\/polkupyorat\/sahkopyorat\/sahkomaastopyorat\/taysjousitetut-sahkomaastopyorat\/powerfly-fs-4-gen-4-mercury-dark-web\/#primaryimage"},"image":{"@id":"https:\/\/vmsport.fi\/verkkokauppa\/polkupyorat\/sahkopyorat\/sahkomaastopyorat\/taysjousitetut-sahkomaastopyorat\/powerfly-fs-4-gen-4-mercury-dark-web\/#primaryimage"},"thumbnailUrl":"https:\/\/vmsport.fi\/wp-content\/uploads\/2025\/03\/EAK1sk40uzBj8IA29QyZPVUm9mMzOTjOft4FSFXVhCoAUUrzmR-1.jpg","datePublished":"2025-03-05T22:19:38+00:00","dateModified":"2026-03-04T08:20:45+00:00","breadcrumb":{"@id":"https:\/\/vmsport.fi\/verkkokauppa\/polkupyorat\/sahkopyorat\/sahkomaastopyorat\/taysjousitetut-sahkomaastopyorat\/powerfly-fs-4-gen-4-mercury-dark-web\/#breadcrumb"},"inLanguage":"sv-SE","potentialAction":[{"@type":"ReadAction","target":["https:\/\/vmsport.fi\/verkkokauppa\/polkupyorat\/sahkopyorat\/sahkomaastopyorat\/taysjousitetut-sahkomaastopyorat\/powerfly-fs-4-gen-4-mercury-dark-web\/"]}]},{"@type":"ImageObject","inLanguage":"sv-SE","@id":"https:\/\/vmsport.fi\/verkkokauppa\/polkupyorat\/sahkopyorat\/sahkomaastopyorat\/taysjousitetut-sahkomaastopyorat\/powerfly-fs-4-gen-4-mercury-dark-web\/#primaryimage","url":"https:\/\/vmsport.fi\/wp-content\/uploads\/2025\/03\/EAK1sk40uzBj8IA29QyZPVUm9mMzOTjOft4FSFXVhCoAUUrzmR-1.jpg","contentUrl":"https:\/\/vmsport.fi\/wp-content\/uploads\/2025\/03\/EAK1sk40uzBj8IA29QyZPVUm9mMzOTjOft4FSFXVhCoAUUrzmR-1.jpg","width":1000,"height":550,"caption":"EAK1sk40uzBj8IA29QyZPVUm9mMzOTjOft4FSFXVhCoAUUrzmR"},{"@type":"BreadcrumbList","@id":"https:\/\/vmsport.fi\/verkkokauppa\/polkupyorat\/sahkopyorat\/sahkomaastopyorat\/taysjousitetut-sahkomaastopyorat\/powerfly-fs-4-gen-4-mercury-dark-web\/#breadcrumb","itemListElement":[{"@type":"ListItem","position":1,"name":"Etusivu","item":"https:\/\/vmsport.fi\/"},{"@type":"ListItem","position":2,"name":"Online Store","item":"https:\/\/vmsport.fi\/en\/online-store\/"},{"@type":"ListItem","position":3,"name":"Trek polkupy\u00f6r\u00e4t","item":"https:\/\/vmsport.fi\/sv\/merkki\/trek\/"},{"@type":"ListItem","position":4,"name":"Trek Powerfly FS+ 4 Gen 4 &#8211; Mercury &#8211; Dark web"}]},{"@type":"WebSite","@id":"https:\/\/vmsport.fi\/#website","url":"https:\/\/vmsport.fi\/","name":"Vmsport","description":"Allt p\u00e5 ett st\u00e4lle f\u00f6r cykling","publisher":{"@id":"https:\/\/vmsport.fi\/#organization"},"potentialAction":[{"@type":"SearchAction","target":{"@type":"EntryPoint","urlTemplate":"https:\/\/vmsport.fi\/?s={search_term_string}"},"query-input":{"@type":"PropertyValueSpecification","valueRequired":true,"valueName":"search_term_string"}}],"inLanguage":"sv-SE"},{"@type":"Organization","@id":"https:\/\/vmsport.fi\/#organization","name":"Vmsport","url":"https:\/\/vmsport.fi\/","logo":{"@type":"ImageObject","inLanguage":"sv-SE","@id":"https:\/\/vmsport.fi\/#\/schema\/logo\/image\/","url":"https:\/\/vmsport.fi\/wp-content\/uploads\/2024\/12\/vm_sport_RGB_horisontal-e1734526017575.png","contentUrl":"https:\/\/vmsport.fi\/wp-content\/uploads\/2024\/12\/vm_sport_RGB_horisontal-e1734526017575.png","width":668,"height":85,"caption":"Vmsport"},"image":{"@id":"https:\/\/vmsport.fi\/#\/schema\/logo\/image\/"},"sameAs":["https:\/\/www.facebook.com\/Vmsport.fi\/","https:\/\/www.instagram.com\/vmsport\/"]}]}},"global_unique_id":"","_links":{"self":[{"href":"https:\/\/vmsport.fi\/sv\/wp-json\/wp\/v2\/product\/56411","targetHints":{"allow":["GET"]}}],"collection":[{"href":"https:\/\/vmsport.fi\/sv\/wp-json\/wp\/v2\/product"}],"about":[{"href":"https:\/\/vmsport.fi\/sv\/wp-json\/wp\/v2\/types\/product"}],"replies":[{"embeddable":true,"href":"https:\/\/vmsport.fi\/sv\/wp-json\/wp\/v2\/comments?post=56411"}],"wp:featuredmedia":[{"embeddable":true,"href":"https:\/\/vmsport.fi\/sv\/wp-json\/wp\/v2\/media\/56410"}],"wp:attachment":[{"href":"https:\/\/vmsport.fi\/sv\/wp-json\/wp\/v2\/media?parent=56411"}],"wp:term":[{"taxonomy":"product_brand","embeddable":true,"href":"https:\/\/vmsport.fi\/sv\/wp-json\/wp\/v2\/product_brand?post=56411"},{"taxonomy":"product_model","embeddable":true,"href":"https:\/\/vmsport.fi\/sv\/wp-json\/wp\/v2\/product_model?post=56411"},{"taxonomy":"product_cat","embeddable":true,"href":"https:\/\/vmsport.fi\/sv\/wp-json\/wp\/v2\/product_cat?post=56411"},{"taxonomy":"product_tag","embeddable":true,"href":"https:\/\/vmsport.fi\/sv\/wp-json\/wp\/v2\/product_tag?post=56411"},{"taxonomy":"industry_terminology","embeddable":true,"href":"https:\/\/vmsport.fi\/sv\/wp-json\/wp\/v2\/industry-terminology?post=56411"}],"curies":[{"name":"wp","href":"https:\/\/api.w.org\/{rel}","templated":true}]}}