{"id":56409,"date":"2025-03-06T00:19:37","date_gmt":"2025-03-05T22:19:37","guid":{"rendered":"https:\/\/vmsport.fi\/verkkokauppa\/Ei-luokiteltu\/bontrager-blendr-universal-light-moun\/"},"modified":"2026-02-06T02:00:20","modified_gmt":"2026-02-06T00:00:20","slug":"bontrager-blendr-universal-light-moun","status":"publish","type":"product","link":"https:\/\/vmsport.fi\/sv\/verkkokauppa\/tarvikkeet\/valaisimet-ja-osat\/bontrager-blendr-universal-light-moun\/","title":{"rendered":"Bontrager Blendr Universal Light Moun"},"content":{"rendered":"<p>Bontrager Blendr Universal Light Mount \u00e4r en bekv\u00e4m och p\u00e5litlig l\u00f6sning f\u00f6r montering av cykellampor. Detta m\u00e5ngsidiga f\u00e4ste, som passar de flesta styren, skapar en robust och s\u00e4ker plattform som h\u00e5ller dina lampor p\u00e5 plats medan du cyklar. Den innovativa designen m\u00f6jligg\u00f6r enkel installation, vilket g\u00f6r det till ett utm\u00e4rkt val f\u00f6r b\u00e5de vardagscyklister och aktiva entusiaster. Blendr-kompatibilitet ger ocks\u00e5 m\u00f6jlighet till integrerad montering med andra tillbeh\u00f6r, vilket skapar en sammanh\u00e4ngande och snygg cykel.<\/p>","protected":false},"excerpt":{"rendered":"<p>Bontrager Blendr Universal Light Mount on k\u00e4tev\u00e4 ja luotettava ratkaisu py\u00f6r\u00e4n valojen kiinnitt\u00e4miseen. T\u00e4m\u00e4 monipuolinen kiinnike, joka sopii useimpiin ohjaustankoihin, luo tukevan ja turvallisen alustan pit\u00e4m\u00e4\u00e4n valot paikoillaan ajon aikana. Sen innovatiivinen muotoilu mahdollistaa helpon asennuksen, mik\u00e4 tekee siit\u00e4 erinomaisen valinnan sek\u00e4 jokap\u00e4iv\u00e4isille py\u00f6r\u00e4ilij\u00f6ille ett\u00e4 aktiiviharrastajille. Blendr-yhteensopivuus tarjoaa lis\u00e4ksi mahdollisuuden integroituun asennukseen muiden lis\u00e4varusteiden kanssa, [&#8230;]<\/p>\n<p><a class=\"btn btn-secondary understrap-read-more-link\" href=\"https:\/\/vmsport.fi\/sv\/verkkokauppa\/tarvikkeet\/valaisimet-ja-osat\/bontrager-blendr-universal-light-moun\/\">L\u00e4s mer \u2026<span class=\"screen-reader-text\"> from Bontrager Blendr Universal Light Moun<\/span><\/a><\/p>\n","protected":false},"featured_media":56408,"comment_status":"open","ping_status":"closed","template":"","meta":{"_acf_changed":false,"_improvement_type_select":"improve_an_existing","_thumb_yes_seoaic":false,"_frame_yes_seoaic":false,"seoaic_generate_description":"","seoaic_improve_instructions_prompt":"","seoaic_rollback_content_improvement":"","seoaic_idea_thumbnail_generator":"","thumbnail_generated":false,"thumbnail_generate_prompt":"","seoaic_article_description":"","_supplier_stock_quantity":0},"product_brand":[],"product_model":[],"product_cat":[9304],"product_tag":[],"industry-terminology":[],"class_list":{"0":"post-56409","1":"product","2":"type-product","3":"status-publish","4":"has-post-thumbnail","6":"product_cat-valaisimet-ja-osat","8":"first","9":"outofstock","10":"taxable","11":"shipping-taxable","12":"product-type-simple"},"acf":{"bike_features":null,"overview":{"copy_overview":null,"key_features":null,"statement":"","youtube_url":""}},"yoast_head":"<!-- This site is optimized with the Yoast SEO plugin v27.3 - https:\/\/yoast.com\/product\/yoast-seo-wordpress\/ -->\n<title>Bontrager Blendr Universal Light Moun - VM Sport<\/title>\n<meta name=\"robots\" content=\"index, follow, max-snippet:-1, max-image-preview:large, max-video-preview:-1\" \/>\n<link rel=\"canonical\" href=\"https:\/\/vmsport.fi\/sv\/webbutik\/tillbehor\/armaturer-och-komponenter\/bontrager-blendr-universal-light-moun\/\" \/>\n<meta property=\"og:locale\" content=\"sv_SE\" \/>\n<meta property=\"og:type\" content=\"article\" \/>\n<meta property=\"og:title\" content=\"Bontrager Blendr Universal Light Moun - VM Sport\" \/>\n<meta property=\"og:description\" content=\"Bontrager Blendr Universal Light Mount on k\u00e4tev\u00e4 ja luotettava ratkaisu py\u00f6r\u00e4n valojen kiinnitt\u00e4miseen. T\u00e4m\u00e4 monipuolinen kiinnike, joka sopii useimpiin ohjaustankoihin, luo tukevan ja turvallisen alustan pit\u00e4m\u00e4\u00e4n valot paikoillaan ajon aikana. Sen innovatiivinen muotoilu mahdollistaa helpon asennuksen, mik\u00e4 tekee siit\u00e4 erinomaisen valinnan sek\u00e4 jokap\u00e4iv\u00e4isille py\u00f6r\u00e4ilij\u00f6ille ett\u00e4 aktiiviharrastajille. Blendr-yhteensopivuus tarjoaa lis\u00e4ksi mahdollisuuden integroituun asennukseen muiden lis\u00e4varusteiden kanssa, [...]L\u00e4s mer \u2026 from Bontrager Blendr Universal Light Moun\" \/>\n<meta property=\"og:url\" content=\"https:\/\/vmsport.fi\/sv\/webbutik\/tillbehor\/armaturer-och-komponenter\/bontrager-blendr-universal-light-moun\/\" \/>\n<meta property=\"og:site_name\" content=\"VM Sport\" \/>\n<meta property=\"article:publisher\" content=\"https:\/\/www.facebook.com\/Vmsport.fi\/\" \/>\n<meta property=\"article:modified_time\" content=\"2026-02-06T00:00:20+00:00\" \/>\n<meta property=\"og:image\" content=\"https:\/\/vmsport.fi\/wp-content\/uploads\/2025\/03\/BontragerBlendrUniversalIonMount-26815-A-Primary-1.jpg\" \/>\n\t<meta property=\"og:image:width\" content=\"1000\" \/>\n\t<meta property=\"og:image:height\" content=\"750\" \/>\n\t<meta property=\"og:image:type\" content=\"image\/jpeg\" \/>\n<meta name=\"twitter:card\" content=\"summary_large_image\" \/>\n<script type=\"application\/ld+json\" class=\"yoast-schema-graph\">{\"@context\":\"https:\\\/\\\/schema.org\",\"@graph\":[{\"@type\":[\"WebPage\",\"ItemPage\"],\"@id\":\"https:\\\/\\\/vmsport.fi\\\/verkkokauppa\\\/tarvikkeet\\\/valaisimet-ja-osat\\\/bontrager-blendr-universal-light-moun\\\/\",\"url\":\"https:\\\/\\\/vmsport.fi\\\/verkkokauppa\\\/tarvikkeet\\\/valaisimet-ja-osat\\\/bontrager-blendr-universal-light-moun\\\/\",\"name\":\"Bontrager Blendr Universal Light Moun - VM Sport\",\"isPartOf\":{\"@id\":\"https:\\\/\\\/vmsport.fi\\\/#website\"},\"primaryImageOfPage\":{\"@id\":\"https:\\\/\\\/vmsport.fi\\\/verkkokauppa\\\/tarvikkeet\\\/valaisimet-ja-osat\\\/bontrager-blendr-universal-light-moun\\\/#primaryimage\"},\"image\":{\"@id\":\"https:\\\/\\\/vmsport.fi\\\/verkkokauppa\\\/tarvikkeet\\\/valaisimet-ja-osat\\\/bontrager-blendr-universal-light-moun\\\/#primaryimage\"},\"thumbnailUrl\":\"https:\\\/\\\/vmsport.fi\\\/wp-content\\\/uploads\\\/2025\\\/03\\\/BontragerBlendrUniversalIonMount-26815-A-Primary-1.jpg\",\"datePublished\":\"2025-03-05T22:19:37+00:00\",\"dateModified\":\"2026-02-06T00:00:20+00:00\",\"breadcrumb\":{\"@id\":\"https:\\\/\\\/vmsport.fi\\\/verkkokauppa\\\/tarvikkeet\\\/valaisimet-ja-osat\\\/bontrager-blendr-universal-light-moun\\\/#breadcrumb\"},\"inLanguage\":\"sv-SE\",\"potentialAction\":[{\"@type\":\"ReadAction\",\"target\":[\"https:\\\/\\\/vmsport.fi\\\/verkkokauppa\\\/tarvikkeet\\\/valaisimet-ja-osat\\\/bontrager-blendr-universal-light-moun\\\/\"]}]},{\"@type\":\"ImageObject\",\"inLanguage\":\"sv-SE\",\"@id\":\"https:\\\/\\\/vmsport.fi\\\/verkkokauppa\\\/tarvikkeet\\\/valaisimet-ja-osat\\\/bontrager-blendr-universal-light-moun\\\/#primaryimage\",\"url\":\"https:\\\/\\\/vmsport.fi\\\/wp-content\\\/uploads\\\/2025\\\/03\\\/BontragerBlendrUniversalIonMount-26815-A-Primary-1.jpg\",\"contentUrl\":\"https:\\\/\\\/vmsport.fi\\\/wp-content\\\/uploads\\\/2025\\\/03\\\/BontragerBlendrUniversalIonMount-26815-A-Primary-1.jpg\",\"width\":1000,\"height\":750,\"caption\":\"BontragerBlendrUniversalIonMount-26815-A-Primary\"},{\"@type\":\"BreadcrumbList\",\"@id\":\"https:\\\/\\\/vmsport.fi\\\/verkkokauppa\\\/tarvikkeet\\\/valaisimet-ja-osat\\\/bontrager-blendr-universal-light-moun\\\/#breadcrumb\",\"itemListElement\":[{\"@type\":\"ListItem\",\"position\":1,\"name\":\"Etusivu\",\"item\":\"https:\\\/\\\/vmsport.fi\\\/\"},{\"@type\":\"ListItem\",\"position\":2,\"name\":\"Online Store\",\"item\":\"https:\\\/\\\/vmsport.fi\\\/en\\\/online-store\\\/\"},{\"@type\":\"ListItem\",\"position\":3,\"name\":\"Bontrager Blendr Universal Light Moun\"}]},{\"@type\":\"WebSite\",\"@id\":\"https:\\\/\\\/vmsport.fi\\\/#website\",\"url\":\"https:\\\/\\\/vmsport.fi\\\/\",\"name\":\"Vmsport\",\"description\":\"Kaikki py\u00f6r\u00e4ilyyn yhdest\u00e4 paikasta\",\"publisher\":{\"@id\":\"https:\\\/\\\/vmsport.fi\\\/#organization\"},\"potentialAction\":[{\"@type\":\"SearchAction\",\"target\":{\"@type\":\"EntryPoint\",\"urlTemplate\":\"https:\\\/\\\/vmsport.fi\\\/?s={search_term_string}\"},\"query-input\":{\"@type\":\"PropertyValueSpecification\",\"valueRequired\":true,\"valueName\":\"search_term_string\"}}],\"inLanguage\":\"sv-SE\"},{\"@type\":\"Organization\",\"@id\":\"https:\\\/\\\/vmsport.fi\\\/#organization\",\"name\":\"Vmsport\",\"url\":\"https:\\\/\\\/vmsport.fi\\\/\",\"logo\":{\"@type\":\"ImageObject\",\"inLanguage\":\"sv-SE\",\"@id\":\"https:\\\/\\\/vmsport.fi\\\/#\\\/schema\\\/logo\\\/image\\\/\",\"url\":\"https:\\\/\\\/vmsport.fi\\\/wp-content\\\/uploads\\\/2024\\\/12\\\/vm_sport_RGB_horisontal-e1734526017575.png\",\"contentUrl\":\"https:\\\/\\\/vmsport.fi\\\/wp-content\\\/uploads\\\/2024\\\/12\\\/vm_sport_RGB_horisontal-e1734526017575.png\",\"width\":668,\"height\":85,\"caption\":\"Vmsport\"},\"image\":{\"@id\":\"https:\\\/\\\/vmsport.fi\\\/#\\\/schema\\\/logo\\\/image\\\/\"},\"sameAs\":[\"https:\\\/\\\/www.facebook.com\\\/Vmsport.fi\\\/\",\"https:\\\/\\\/www.instagram.com\\\/vmsport\\\/\"]}]}<\/script>\n<!-- \/ Yoast SEO plugin. -->","yoast_head_json":{"title":"Bontrager Blendr Universal Light Moun - VM Sport","robots":{"index":"index","follow":"follow","max-snippet":"max-snippet:-1","max-image-preview":"max-image-preview:large","max-video-preview":"max-video-preview:-1"},"canonical":"https:\/\/vmsport.fi\/sv\/webbutik\/tillbehor\/armaturer-och-komponenter\/bontrager-blendr-universal-light-moun\/","og_locale":"sv_SE","og_type":"article","og_title":"Bontrager Blendr Universal Light Moun - VM Sport","og_description":"Bontrager Blendr Universal Light Mount on k\u00e4tev\u00e4 ja luotettava ratkaisu py\u00f6r\u00e4n valojen kiinnitt\u00e4miseen. T\u00e4m\u00e4 monipuolinen kiinnike, joka sopii useimpiin ohjaustankoihin, luo tukevan ja turvallisen alustan pit\u00e4m\u00e4\u00e4n valot paikoillaan ajon aikana. Sen innovatiivinen muotoilu mahdollistaa helpon asennuksen, mik\u00e4 tekee siit\u00e4 erinomaisen valinnan sek\u00e4 jokap\u00e4iv\u00e4isille py\u00f6r\u00e4ilij\u00f6ille ett\u00e4 aktiiviharrastajille. Blendr-yhteensopivuus tarjoaa lis\u00e4ksi mahdollisuuden integroituun asennukseen muiden lis\u00e4varusteiden kanssa, [...]L\u00e4s mer \u2026 from Bontrager Blendr Universal Light Moun","og_url":"https:\/\/vmsport.fi\/sv\/webbutik\/tillbehor\/armaturer-och-komponenter\/bontrager-blendr-universal-light-moun\/","og_site_name":"VM Sport","article_publisher":"https:\/\/www.facebook.com\/Vmsport.fi\/","article_modified_time":"2026-02-06T00:00:20+00:00","og_image":[{"width":1000,"height":750,"url":"https:\/\/vmsport.fi\/wp-content\/uploads\/2025\/03\/BontragerBlendrUniversalIonMount-26815-A-Primary-1.jpg","type":"image\/jpeg"}],"twitter_card":"summary_large_image","schema":{"@context":"https:\/\/schema.org","@graph":[{"@type":["WebPage","ItemPage"],"@id":"https:\/\/vmsport.fi\/verkkokauppa\/tarvikkeet\/valaisimet-ja-osat\/bontrager-blendr-universal-light-moun\/","url":"https:\/\/vmsport.fi\/verkkokauppa\/tarvikkeet\/valaisimet-ja-osat\/bontrager-blendr-universal-light-moun\/","name":"Bontrager Blendr Universal Light Moun - VM Sport","isPartOf":{"@id":"https:\/\/vmsport.fi\/#website"},"primaryImageOfPage":{"@id":"https:\/\/vmsport.fi\/verkkokauppa\/tarvikkeet\/valaisimet-ja-osat\/bontrager-blendr-universal-light-moun\/#primaryimage"},"image":{"@id":"https:\/\/vmsport.fi\/verkkokauppa\/tarvikkeet\/valaisimet-ja-osat\/bontrager-blendr-universal-light-moun\/#primaryimage"},"thumbnailUrl":"https:\/\/vmsport.fi\/wp-content\/uploads\/2025\/03\/BontragerBlendrUniversalIonMount-26815-A-Primary-1.jpg","datePublished":"2025-03-05T22:19:37+00:00","dateModified":"2026-02-06T00:00:20+00:00","breadcrumb":{"@id":"https:\/\/vmsport.fi\/verkkokauppa\/tarvikkeet\/valaisimet-ja-osat\/bontrager-blendr-universal-light-moun\/#breadcrumb"},"inLanguage":"sv-SE","potentialAction":[{"@type":"ReadAction","target":["https:\/\/vmsport.fi\/verkkokauppa\/tarvikkeet\/valaisimet-ja-osat\/bontrager-blendr-universal-light-moun\/"]}]},{"@type":"ImageObject","inLanguage":"sv-SE","@id":"https:\/\/vmsport.fi\/verkkokauppa\/tarvikkeet\/valaisimet-ja-osat\/bontrager-blendr-universal-light-moun\/#primaryimage","url":"https:\/\/vmsport.fi\/wp-content\/uploads\/2025\/03\/BontragerBlendrUniversalIonMount-26815-A-Primary-1.jpg","contentUrl":"https:\/\/vmsport.fi\/wp-content\/uploads\/2025\/03\/BontragerBlendrUniversalIonMount-26815-A-Primary-1.jpg","width":1000,"height":750,"caption":"BontragerBlendrUniversalIonMount-26815-A-Primary"},{"@type":"BreadcrumbList","@id":"https:\/\/vmsport.fi\/verkkokauppa\/tarvikkeet\/valaisimet-ja-osat\/bontrager-blendr-universal-light-moun\/#breadcrumb","itemListElement":[{"@type":"ListItem","position":1,"name":"Etusivu","item":"https:\/\/vmsport.fi\/"},{"@type":"ListItem","position":2,"name":"Online Store","item":"https:\/\/vmsport.fi\/en\/online-store\/"},{"@type":"ListItem","position":3,"name":"Bontrager Blendr Universal Light Moun"}]},{"@type":"WebSite","@id":"https:\/\/vmsport.fi\/#website","url":"https:\/\/vmsport.fi\/","name":"Vmsport","description":"Allt p\u00e5 ett st\u00e4lle f\u00f6r cykling","publisher":{"@id":"https:\/\/vmsport.fi\/#organization"},"potentialAction":[{"@type":"SearchAction","target":{"@type":"EntryPoint","urlTemplate":"https:\/\/vmsport.fi\/?s={search_term_string}"},"query-input":{"@type":"PropertyValueSpecification","valueRequired":true,"valueName":"search_term_string"}}],"inLanguage":"sv-SE"},{"@type":"Organization","@id":"https:\/\/vmsport.fi\/#organization","name":"Vmsport","url":"https:\/\/vmsport.fi\/","logo":{"@type":"ImageObject","inLanguage":"sv-SE","@id":"https:\/\/vmsport.fi\/#\/schema\/logo\/image\/","url":"https:\/\/vmsport.fi\/wp-content\/uploads\/2024\/12\/vm_sport_RGB_horisontal-e1734526017575.png","contentUrl":"https:\/\/vmsport.fi\/wp-content\/uploads\/2024\/12\/vm_sport_RGB_horisontal-e1734526017575.png","width":668,"height":85,"caption":"Vmsport"},"image":{"@id":"https:\/\/vmsport.fi\/#\/schema\/logo\/image\/"},"sameAs":["https:\/\/www.facebook.com\/Vmsport.fi\/","https:\/\/www.instagram.com\/vmsport\/"]}]}},"global_unique_id":"","_links":{"self":[{"href":"https:\/\/vmsport.fi\/sv\/wp-json\/wp\/v2\/product\/56409","targetHints":{"allow":["GET"]}}],"collection":[{"href":"https:\/\/vmsport.fi\/sv\/wp-json\/wp\/v2\/product"}],"about":[{"href":"https:\/\/vmsport.fi\/sv\/wp-json\/wp\/v2\/types\/product"}],"replies":[{"embeddable":true,"href":"https:\/\/vmsport.fi\/sv\/wp-json\/wp\/v2\/comments?post=56409"}],"wp:featuredmedia":[{"embeddable":true,"href":"https:\/\/vmsport.fi\/sv\/wp-json\/wp\/v2\/media\/56408"}],"wp:attachment":[{"href":"https:\/\/vmsport.fi\/sv\/wp-json\/wp\/v2\/media?parent=56409"}],"wp:term":[{"taxonomy":"product_brand","embeddable":true,"href":"https:\/\/vmsport.fi\/sv\/wp-json\/wp\/v2\/product_brand?post=56409"},{"taxonomy":"product_model","embeddable":true,"href":"https:\/\/vmsport.fi\/sv\/wp-json\/wp\/v2\/product_model?post=56409"},{"taxonomy":"product_cat","embeddable":true,"href":"https:\/\/vmsport.fi\/sv\/wp-json\/wp\/v2\/product_cat?post=56409"},{"taxonomy":"product_tag","embeddable":true,"href":"https:\/\/vmsport.fi\/sv\/wp-json\/wp\/v2\/product_tag?post=56409"},{"taxonomy":"industry_terminology","embeddable":true,"href":"https:\/\/vmsport.fi\/sv\/wp-json\/wp\/v2\/industry-terminology?post=56409"}],"curies":[{"name":"wp","href":"https:\/\/api.w.org\/{rel}","templated":true}]}}