{"id":56407,"date":"2025-03-06T00:19:36","date_gmt":"2025-03-05T22:19:36","guid":{"rendered":"https:\/\/vmsport.fi\/verkkokauppa\/Ei-luokiteltu\/levyjarrupala-union-avid-juicy-1pr\/"},"modified":"2026-01-16T13:25:42","modified_gmt":"2026-01-16T11:25:42","slug":"skivbromsbelagg-union-avid-juicy-1pr","status":"publish","type":"product","link":"https:\/\/vmsport.fi\/sv\/verkkokauppa\/varaosat\/jarrut\/jarrupalat\/levyjarrupala-union-avid-juicy-1pr\/","title":{"rendered":"Skivbromsbel\u00e4gg UNION, Avid \/ Juicy, 1pr."},"content":{"rendered":"<p>UNION skivbromsbel\u00e4gg \u00e4r s\u00e4rskilt utformade f\u00f6r AVID\/Juicy skivbromsar och ger tillf\u00f6rlitlig prestanda under m\u00e5nga olika k\u00f6rf\u00f6rh\u00e5llanden. Dessa bromsbel\u00e4gg, som tillverkas av Marwin, ger exakt och tillf\u00f6rlitlig bromsprestanda, vilket g\u00f6r dem idealiska f\u00f6r cyklister som v\u00e4rdes\u00e4tter s\u00e4kerhet och tillf\u00f6rlitlighet. Modellnumret Union DBP-11 s\u00e4kerst\u00e4ller perfekt kompatibilitet, vilket g\u00f6r installationen enkel och problemfri. Med en l\u00e5g vikt p\u00e5 20 gram per par ger dessa bromsbel\u00e4gg en effektiv l\u00f6sning p\u00e5 dina bromsbehov. Levereras med ett par bromsbel\u00e4gg och \u00e4r idealiska f\u00f6r service av antingen fram- eller bakbromsar.<\/p>","protected":false},"excerpt":{"rendered":"<p>Levyjarrupala UNION on suunniteltu erityisesti AVID\/Juicy-levyjarruihin, ja se tarjoaa luotettavaa suorituskyky\u00e4 monenlaisissa ajo-olosuhteissa. N\u00e4m\u00e4 Marwinin valmistamat jarrupalat takaavat tarkan ja varman jarrutustehon, joten ne sopivat erinomaisesti py\u00f6r\u00e4ilij\u00f6ille, jotka arvostavat turvallisuutta ja luotettavuutta. Mallinumerolla Union DBP-11 varmistetaan t\u00e4ydellinen yhteensopivuus, mik\u00e4 tekee asennuksesta helppoa ja ongelmatonta. Kevyell\u00e4 20 gramman painollaan per pari n\u00e4m\u00e4 jarrupalat tarjoavat tehokkaan ratkaisun [&#8230;]<\/p>\n<p><a class=\"btn btn-secondary understrap-read-more-link\" href=\"https:\/\/vmsport.fi\/sv\/verkkokauppa\/varaosat\/jarrut\/jarrupalat\/levyjarrupala-union-avid-juicy-1pr\/\">L\u00e4s mer \u2026<span class=\"screen-reader-text\"> from Levyjarrupala UNION, Avid \/ Juicy, 1pr.<\/span><\/a><\/p>\n","protected":false},"featured_media":56406,"comment_status":"open","ping_status":"closed","template":"","meta":{"_acf_changed":false,"_improvement_type_select":"improve_an_existing","_thumb_yes_seoaic":false,"_frame_yes_seoaic":false,"seoaic_generate_description":"","seoaic_improve_instructions_prompt":"","seoaic_rollback_content_improvement":"","seoaic_idea_thumbnail_generator":"","thumbnail_generated":false,"thumbnail_generate_prompt":"","seoaic_article_description":"","_supplier_stock_quantity":0},"product_brand":[],"product_model":[],"product_cat":[9288],"product_tag":[],"industry-terminology":[],"class_list":{"0":"post-56407","1":"product","2":"type-product","3":"status-publish","4":"has-post-thumbnail","6":"product_cat-jarrupalat","8":"first","9":"outofstock","10":"taxable","11":"shipping-taxable","12":"product-type-simple"},"acf":{"bike_features":null,"overview":{"copy_overview":null,"key_features":null,"statement":"","youtube_url":""}},"yoast_head":"<!-- This site is optimized with the Yoast SEO plugin v27.3 - https:\/\/yoast.com\/product\/yoast-seo-wordpress\/ -->\n<title>Levyjarrupala UNION, Avid \/ Juicy, 1pr. - VM Sport<\/title>\n<meta name=\"robots\" content=\"index, follow, max-snippet:-1, max-image-preview:large, max-video-preview:-1\" \/>\n<link rel=\"canonical\" href=\"https:\/\/vmsport.fi\/sv\/webbutik\/reservdelar\/bromsar\/bromsbelagg\/skivbromsbelagg-union-avid-juicy-1pr\/\" \/>\n<meta property=\"og:locale\" content=\"sv_SE\" \/>\n<meta property=\"og:type\" content=\"article\" \/>\n<meta property=\"og:title\" content=\"Levyjarrupala UNION, Avid \/ Juicy, 1pr. - VM Sport\" \/>\n<meta property=\"og:description\" content=\"Levyjarrupala UNION on suunniteltu erityisesti AVID\/Juicy-levyjarruihin, ja se tarjoaa luotettavaa suorituskyky\u00e4 monenlaisissa ajo-olosuhteissa. N\u00e4m\u00e4 Marwinin valmistamat jarrupalat takaavat tarkan ja varman jarrutustehon, joten ne sopivat erinomaisesti py\u00f6r\u00e4ilij\u00f6ille, jotka arvostavat turvallisuutta ja luotettavuutta. Mallinumerolla Union DBP-11 varmistetaan t\u00e4ydellinen yhteensopivuus, mik\u00e4 tekee asennuksesta helppoa ja ongelmatonta. Kevyell\u00e4 20 gramman painollaan per pari n\u00e4m\u00e4 jarrupalat tarjoavat tehokkaan ratkaisun [...]L\u00e4s mer \u2026 from Levyjarrupala UNION, Avid \/ Juicy, 1pr.\" \/>\n<meta property=\"og:url\" content=\"https:\/\/vmsport.fi\/sv\/webbutik\/reservdelar\/bromsar\/bromsbelagg\/skivbromsbelagg-union-avid-juicy-1pr\/\" \/>\n<meta property=\"og:site_name\" content=\"VM Sport\" \/>\n<meta property=\"article:publisher\" content=\"https:\/\/www.facebook.com\/Vmsport.fi\/\" \/>\n<meta property=\"article:modified_time\" content=\"2026-01-16T11:25:42+00:00\" \/>\n<meta property=\"og:image\" content=\"https:\/\/vmsport.fi\/wp-content\/uploads\/2025\/03\/dbp-11-1.jpg\" \/>\n\t<meta property=\"og:image:width\" content=\"800\" \/>\n\t<meta property=\"og:image:height\" content=\"535\" \/>\n\t<meta property=\"og:image:type\" content=\"image\/jpeg\" \/>\n<meta name=\"twitter:card\" content=\"summary_large_image\" \/>\n<script type=\"application\/ld+json\" class=\"yoast-schema-graph\">{\"@context\":\"https:\\\/\\\/schema.org\",\"@graph\":[{\"@type\":[\"WebPage\",\"ItemPage\"],\"@id\":\"https:\\\/\\\/vmsport.fi\\\/verkkokauppa\\\/varaosat\\\/jarrut\\\/jarrupalat\\\/levyjarrupala-union-avid-juicy-1pr\\\/\",\"url\":\"https:\\\/\\\/vmsport.fi\\\/verkkokauppa\\\/varaosat\\\/jarrut\\\/jarrupalat\\\/levyjarrupala-union-avid-juicy-1pr\\\/\",\"name\":\"Levyjarrupala UNION, Avid \\\/ Juicy, 1pr. - VM Sport\",\"isPartOf\":{\"@id\":\"https:\\\/\\\/vmsport.fi\\\/#website\"},\"primaryImageOfPage\":{\"@id\":\"https:\\\/\\\/vmsport.fi\\\/verkkokauppa\\\/varaosat\\\/jarrut\\\/jarrupalat\\\/levyjarrupala-union-avid-juicy-1pr\\\/#primaryimage\"},\"image\":{\"@id\":\"https:\\\/\\\/vmsport.fi\\\/verkkokauppa\\\/varaosat\\\/jarrut\\\/jarrupalat\\\/levyjarrupala-union-avid-juicy-1pr\\\/#primaryimage\"},\"thumbnailUrl\":\"https:\\\/\\\/vmsport.fi\\\/wp-content\\\/uploads\\\/2025\\\/03\\\/dbp-11-1.jpg\",\"datePublished\":\"2025-03-05T22:19:36+00:00\",\"dateModified\":\"2026-01-16T11:25:42+00:00\",\"breadcrumb\":{\"@id\":\"https:\\\/\\\/vmsport.fi\\\/verkkokauppa\\\/varaosat\\\/jarrut\\\/jarrupalat\\\/levyjarrupala-union-avid-juicy-1pr\\\/#breadcrumb\"},\"inLanguage\":\"sv-SE\",\"potentialAction\":[{\"@type\":\"ReadAction\",\"target\":[\"https:\\\/\\\/vmsport.fi\\\/verkkokauppa\\\/varaosat\\\/jarrut\\\/jarrupalat\\\/levyjarrupala-union-avid-juicy-1pr\\\/\"]}]},{\"@type\":\"ImageObject\",\"inLanguage\":\"sv-SE\",\"@id\":\"https:\\\/\\\/vmsport.fi\\\/verkkokauppa\\\/varaosat\\\/jarrut\\\/jarrupalat\\\/levyjarrupala-union-avid-juicy-1pr\\\/#primaryimage\",\"url\":\"https:\\\/\\\/vmsport.fi\\\/wp-content\\\/uploads\\\/2025\\\/03\\\/dbp-11-1.jpg\",\"contentUrl\":\"https:\\\/\\\/vmsport.fi\\\/wp-content\\\/uploads\\\/2025\\\/03\\\/dbp-11-1.jpg\",\"width\":800,\"height\":535,\"caption\":\"dbp-11\"},{\"@type\":\"BreadcrumbList\",\"@id\":\"https:\\\/\\\/vmsport.fi\\\/verkkokauppa\\\/varaosat\\\/jarrut\\\/jarrupalat\\\/levyjarrupala-union-avid-juicy-1pr\\\/#breadcrumb\",\"itemListElement\":[{\"@type\":\"ListItem\",\"position\":1,\"name\":\"Etusivu\",\"item\":\"https:\\\/\\\/vmsport.fi\\\/\"},{\"@type\":\"ListItem\",\"position\":2,\"name\":\"Online Store\",\"item\":\"https:\\\/\\\/vmsport.fi\\\/en\\\/online-store\\\/\"},{\"@type\":\"ListItem\",\"position\":3,\"name\":\"Levyjarrupala UNION, Avid \\\/ Juicy, 1pr.\"}]},{\"@type\":\"WebSite\",\"@id\":\"https:\\\/\\\/vmsport.fi\\\/#website\",\"url\":\"https:\\\/\\\/vmsport.fi\\\/\",\"name\":\"Vmsport\",\"description\":\"Kaikki py\u00f6r\u00e4ilyyn yhdest\u00e4 paikasta\",\"publisher\":{\"@id\":\"https:\\\/\\\/vmsport.fi\\\/#organization\"},\"potentialAction\":[{\"@type\":\"SearchAction\",\"target\":{\"@type\":\"EntryPoint\",\"urlTemplate\":\"https:\\\/\\\/vmsport.fi\\\/?s={search_term_string}\"},\"query-input\":{\"@type\":\"PropertyValueSpecification\",\"valueRequired\":true,\"valueName\":\"search_term_string\"}}],\"inLanguage\":\"sv-SE\"},{\"@type\":\"Organization\",\"@id\":\"https:\\\/\\\/vmsport.fi\\\/#organization\",\"name\":\"Vmsport\",\"url\":\"https:\\\/\\\/vmsport.fi\\\/\",\"logo\":{\"@type\":\"ImageObject\",\"inLanguage\":\"sv-SE\",\"@id\":\"https:\\\/\\\/vmsport.fi\\\/#\\\/schema\\\/logo\\\/image\\\/\",\"url\":\"https:\\\/\\\/vmsport.fi\\\/wp-content\\\/uploads\\\/2024\\\/12\\\/vm_sport_RGB_horisontal-e1734526017575.png\",\"contentUrl\":\"https:\\\/\\\/vmsport.fi\\\/wp-content\\\/uploads\\\/2024\\\/12\\\/vm_sport_RGB_horisontal-e1734526017575.png\",\"width\":668,\"height\":85,\"caption\":\"Vmsport\"},\"image\":{\"@id\":\"https:\\\/\\\/vmsport.fi\\\/#\\\/schema\\\/logo\\\/image\\\/\"},\"sameAs\":[\"https:\\\/\\\/www.facebook.com\\\/Vmsport.fi\\\/\",\"https:\\\/\\\/www.instagram.com\\\/vmsport\\\/\"]}]}<\/script>\n<!-- \/ Yoast SEO plugin. -->","yoast_head_json":{"title":"Skivbromsbel\u00e4gg UNION, Avid \/ Juicy, 1 st - VM Sport","robots":{"index":"index","follow":"follow","max-snippet":"max-snippet:-1","max-image-preview":"max-image-preview:large","max-video-preview":"max-video-preview:-1"},"canonical":"https:\/\/vmsport.fi\/sv\/webbutik\/reservdelar\/bromsar\/bromsbelagg\/skivbromsbelagg-union-avid-juicy-1pr\/","og_locale":"sv_SE","og_type":"article","og_title":"Levyjarrupala UNION, Avid \/ Juicy, 1pr. - VM Sport","og_description":"Levyjarrupala UNION on suunniteltu erityisesti AVID\/Juicy-levyjarruihin, ja se tarjoaa luotettavaa suorituskyky\u00e4 monenlaisissa ajo-olosuhteissa. N\u00e4m\u00e4 Marwinin valmistamat jarrupalat takaavat tarkan ja varman jarrutustehon, joten ne sopivat erinomaisesti py\u00f6r\u00e4ilij\u00f6ille, jotka arvostavat turvallisuutta ja luotettavuutta. Mallinumerolla Union DBP-11 varmistetaan t\u00e4ydellinen yhteensopivuus, mik\u00e4 tekee asennuksesta helppoa ja ongelmatonta. Kevyell\u00e4 20 gramman painollaan per pari n\u00e4m\u00e4 jarrupalat tarjoavat tehokkaan ratkaisun [...]L\u00e4s mer \u2026 from Levyjarrupala UNION, Avid \/ Juicy, 1pr.","og_url":"https:\/\/vmsport.fi\/sv\/webbutik\/reservdelar\/bromsar\/bromsbelagg\/skivbromsbelagg-union-avid-juicy-1pr\/","og_site_name":"VM Sport","article_publisher":"https:\/\/www.facebook.com\/Vmsport.fi\/","article_modified_time":"2026-01-16T11:25:42+00:00","og_image":[{"width":800,"height":535,"url":"https:\/\/vmsport.fi\/wp-content\/uploads\/2025\/03\/dbp-11-1.jpg","type":"image\/jpeg"}],"twitter_card":"summary_large_image","schema":{"@context":"https:\/\/schema.org","@graph":[{"@type":["WebPage","ItemPage"],"@id":"https:\/\/vmsport.fi\/verkkokauppa\/varaosat\/jarrut\/jarrupalat\/levyjarrupala-union-avid-juicy-1pr\/","url":"https:\/\/vmsport.fi\/verkkokauppa\/varaosat\/jarrut\/jarrupalat\/levyjarrupala-union-avid-juicy-1pr\/","name":"Skivbromsbel\u00e4gg UNION, Avid \/ Juicy, 1 st - VM Sport","isPartOf":{"@id":"https:\/\/vmsport.fi\/#website"},"primaryImageOfPage":{"@id":"https:\/\/vmsport.fi\/verkkokauppa\/varaosat\/jarrut\/jarrupalat\/levyjarrupala-union-avid-juicy-1pr\/#primaryimage"},"image":{"@id":"https:\/\/vmsport.fi\/verkkokauppa\/varaosat\/jarrut\/jarrupalat\/levyjarrupala-union-avid-juicy-1pr\/#primaryimage"},"thumbnailUrl":"https:\/\/vmsport.fi\/wp-content\/uploads\/2025\/03\/dbp-11-1.jpg","datePublished":"2025-03-05T22:19:36+00:00","dateModified":"2026-01-16T11:25:42+00:00","breadcrumb":{"@id":"https:\/\/vmsport.fi\/verkkokauppa\/varaosat\/jarrut\/jarrupalat\/levyjarrupala-union-avid-juicy-1pr\/#breadcrumb"},"inLanguage":"sv-SE","potentialAction":[{"@type":"ReadAction","target":["https:\/\/vmsport.fi\/verkkokauppa\/varaosat\/jarrut\/jarrupalat\/levyjarrupala-union-avid-juicy-1pr\/"]}]},{"@type":"ImageObject","inLanguage":"sv-SE","@id":"https:\/\/vmsport.fi\/verkkokauppa\/varaosat\/jarrut\/jarrupalat\/levyjarrupala-union-avid-juicy-1pr\/#primaryimage","url":"https:\/\/vmsport.fi\/wp-content\/uploads\/2025\/03\/dbp-11-1.jpg","contentUrl":"https:\/\/vmsport.fi\/wp-content\/uploads\/2025\/03\/dbp-11-1.jpg","width":800,"height":535,"caption":"dbp-11"},{"@type":"BreadcrumbList","@id":"https:\/\/vmsport.fi\/verkkokauppa\/varaosat\/jarrut\/jarrupalat\/levyjarrupala-union-avid-juicy-1pr\/#breadcrumb","itemListElement":[{"@type":"ListItem","position":1,"name":"Etusivu","item":"https:\/\/vmsport.fi\/"},{"@type":"ListItem","position":2,"name":"Online Store","item":"https:\/\/vmsport.fi\/en\/online-store\/"},{"@type":"ListItem","position":3,"name":"Levyjarrupala UNION, Avid \/ Juicy, 1pr."}]},{"@type":"WebSite","@id":"https:\/\/vmsport.fi\/#website","url":"https:\/\/vmsport.fi\/","name":"Vmsport","description":"Allt p\u00e5 ett st\u00e4lle f\u00f6r cykling","publisher":{"@id":"https:\/\/vmsport.fi\/#organization"},"potentialAction":[{"@type":"SearchAction","target":{"@type":"EntryPoint","urlTemplate":"https:\/\/vmsport.fi\/?s={search_term_string}"},"query-input":{"@type":"PropertyValueSpecification","valueRequired":true,"valueName":"search_term_string"}}],"inLanguage":"sv-SE"},{"@type":"Organization","@id":"https:\/\/vmsport.fi\/#organization","name":"Vmsport","url":"https:\/\/vmsport.fi\/","logo":{"@type":"ImageObject","inLanguage":"sv-SE","@id":"https:\/\/vmsport.fi\/#\/schema\/logo\/image\/","url":"https:\/\/vmsport.fi\/wp-content\/uploads\/2024\/12\/vm_sport_RGB_horisontal-e1734526017575.png","contentUrl":"https:\/\/vmsport.fi\/wp-content\/uploads\/2024\/12\/vm_sport_RGB_horisontal-e1734526017575.png","width":668,"height":85,"caption":"Vmsport"},"image":{"@id":"https:\/\/vmsport.fi\/#\/schema\/logo\/image\/"},"sameAs":["https:\/\/www.facebook.com\/Vmsport.fi\/","https:\/\/www.instagram.com\/vmsport\/"]}]}},"global_unique_id":"","_links":{"self":[{"href":"https:\/\/vmsport.fi\/sv\/wp-json\/wp\/v2\/product\/56407","targetHints":{"allow":["GET"]}}],"collection":[{"href":"https:\/\/vmsport.fi\/sv\/wp-json\/wp\/v2\/product"}],"about":[{"href":"https:\/\/vmsport.fi\/sv\/wp-json\/wp\/v2\/types\/product"}],"replies":[{"embeddable":true,"href":"https:\/\/vmsport.fi\/sv\/wp-json\/wp\/v2\/comments?post=56407"}],"wp:featuredmedia":[{"embeddable":true,"href":"https:\/\/vmsport.fi\/sv\/wp-json\/wp\/v2\/media\/56406"}],"wp:attachment":[{"href":"https:\/\/vmsport.fi\/sv\/wp-json\/wp\/v2\/media?parent=56407"}],"wp:term":[{"taxonomy":"product_brand","embeddable":true,"href":"https:\/\/vmsport.fi\/sv\/wp-json\/wp\/v2\/product_brand?post=56407"},{"taxonomy":"product_model","embeddable":true,"href":"https:\/\/vmsport.fi\/sv\/wp-json\/wp\/v2\/product_model?post=56407"},{"taxonomy":"product_cat","embeddable":true,"href":"https:\/\/vmsport.fi\/sv\/wp-json\/wp\/v2\/product_cat?post=56407"},{"taxonomy":"product_tag","embeddable":true,"href":"https:\/\/vmsport.fi\/sv\/wp-json\/wp\/v2\/product_tag?post=56407"},{"taxonomy":"industry_terminology","embeddable":true,"href":"https:\/\/vmsport.fi\/sv\/wp-json\/wp\/v2\/industry-terminology?post=56407"}],"curies":[{"name":"wp","href":"https:\/\/api.w.org\/{rel}","templated":true}]}}