{"id":56401,"date":"2025-03-06T00:19:32","date_gmt":"2025-03-05T22:19:32","guid":{"rendered":"https:\/\/vmsport.fi\/verkkokauppa\/Ei-luokiteltu\/etukiekko-xt-m8000-29-trail15mme-thrulukkorenk\/"},"modified":"2026-01-16T13:23:32","modified_gmt":"2026-01-16T11:23:32","slug":"etukiekko-xt-m8000-29-trail15mme-thrulukkorenk","status":"publish","type":"product","link":"https:\/\/vmsport.fi\/sv\/verkkokauppa\/varaosat\/kiekot-ja-navat\/etukiekot\/etukiekko-xt-m8000-29-trail15mme-thrulukkorenk\/","title":{"rendered":"Framhjul XT M8000-29\u2033 Trail,15mm,E-thru,l\u00e5sring."},"content":{"rendered":"<p>Shimano Deore XT M8000 -etukiekko on suunniteltu erityisesti 29 tuuman maastopy\u00f6r\u00e4ilyyn, tarjoten upean suorituskyvyn vaativilla poluilla. T\u00e4m\u00e4 e-thru-teknologiaa hy\u00f6dynt\u00e4v\u00e4 kiekko, jonka akselin halkaisija on 15 mm, tuo mukanaan erinomaisen vakauden ja kest\u00e4vyyden ajettaessa esimerkiksi kivikoissa tai ep\u00e4tasaisilla alustoilla. Lukkorengasmekanismi varmistaa turvallisen kiinnityksen, mik\u00e4 tekee huollosta ja asennuksesta vaivatonta. Shimano Deore XT -sarjaan kuuluva etukiekko on t\u00e4ydellinen valinta kaikille, jotka arvostavat luotettavuutta ja tehokkuutta haastavissa maasto-olosuhteissa.<\/p>","protected":false},"excerpt":{"rendered":"<p>Shimano Deore XT M8000 -etukiekko on suunniteltu erityisesti 29 tuuman maastopy\u00f6r\u00e4ilyyn, tarjoten upean suorituskyvyn vaativilla poluilla. T\u00e4m\u00e4 e-thru-teknologiaa hy\u00f6dynt\u00e4v\u00e4 kiekko, jonka akselin halkaisija on 15 mm, tuo mukanaan erinomaisen vakauden ja kest\u00e4vyyden ajettaessa esimerkiksi kivikoissa tai ep\u00e4tasaisilla alustoilla. Lukkorengasmekanismi varmistaa turvallisen kiinnityksen, mik\u00e4 tekee huollosta ja asennuksesta vaivatonta. Shimano Deore XT -sarjaan kuuluva etukiekko on [&#8230;]<\/p>\n<p><a class=\"btn btn-secondary understrap-read-more-link\" href=\"https:\/\/vmsport.fi\/sv\/verkkokauppa\/varaosat\/kiekot-ja-navat\/etukiekot\/etukiekko-xt-m8000-29-trail15mme-thrulukkorenk\/\">L\u00e4s mer \u2026<span class=\"screen-reader-text\"> from Etukiekko XT M8000-29&#8243; Trail,15mm,E-thru,lukkorenk.<\/span><\/a><\/p>\n","protected":false},"featured_media":56399,"comment_status":"open","ping_status":"closed","template":"","meta":{"_acf_changed":false,"_improvement_type_select":"improve_an_existing","_thumb_yes_seoaic":false,"_frame_yes_seoaic":false,"seoaic_generate_description":"","seoaic_improve_instructions_prompt":"","seoaic_rollback_content_improvement":"","seoaic_idea_thumbnail_generator":"","thumbnail_generated":false,"thumbnail_generate_prompt":"","seoaic_article_description":"","_supplier_stock_quantity":0},"product_brand":[],"product_model":[],"product_cat":[9484],"product_tag":[],"industry-terminology":[],"class_list":{"0":"post-56401","1":"product","2":"type-product","3":"status-publish","4":"has-post-thumbnail","6":"product_cat-etukiekot","8":"first","9":"outofstock","10":"taxable","11":"shipping-taxable","12":"product-type-simple"},"acf":{"bike_features":null,"overview":{"copy_overview":null,"key_features":null,"statement":"","youtube_url":""}},"yoast_head":"<!-- This site is optimized with the Yoast SEO plugin v27.3 - https:\/\/yoast.com\/product\/yoast-seo-wordpress\/ -->\n<title>Etukiekko XT M8000-29&quot; Trail,15mm,E-thru,lukkorenk. - VM Sport<\/title>\n<meta name=\"robots\" content=\"index, follow, max-snippet:-1, max-image-preview:large, max-video-preview:-1\" \/>\n<link rel=\"canonical\" href=\"https:\/\/vmsport.fi\/sv\/webbutik\/reservdelar\/skivor-och-nav\/fram-falg\/etukiekko-xt-m8000-29-trail15mme-thrulukkorenk\/\" \/>\n<meta property=\"og:locale\" content=\"sv_SE\" \/>\n<meta property=\"og:type\" content=\"article\" \/>\n<meta property=\"og:title\" content=\"Etukiekko XT M8000-29&quot; Trail,15mm,E-thru,lukkorenk. - VM Sport\" \/>\n<meta property=\"og:description\" content=\"Shimano Deore XT M8000 -etukiekko on suunniteltu erityisesti 29 tuuman maastopy\u00f6r\u00e4ilyyn, tarjoten upean suorituskyvyn vaativilla poluilla. T\u00e4m\u00e4 e-thru-teknologiaa hy\u00f6dynt\u00e4v\u00e4 kiekko, jonka akselin halkaisija on 15 mm, tuo mukanaan erinomaisen vakauden ja kest\u00e4vyyden ajettaessa esimerkiksi kivikoissa tai ep\u00e4tasaisilla alustoilla. Lukkorengasmekanismi varmistaa turvallisen kiinnityksen, mik\u00e4 tekee huollosta ja asennuksesta vaivatonta. Shimano Deore XT -sarjaan kuuluva etukiekko on [...]L\u00e4s mer \u2026 from Etukiekko XT M8000-29&#8243; Trail,15mm,E-thru,lukkorenk.\" \/>\n<meta property=\"og:url\" content=\"https:\/\/vmsport.fi\/sv\/webbutik\/reservdelar\/skivor-och-nav\/fram-falg\/etukiekko-xt-m8000-29-trail15mme-thrulukkorenk\/\" \/>\n<meta property=\"og:site_name\" content=\"VM Sport\" \/>\n<meta property=\"article:publisher\" content=\"https:\/\/www.facebook.com\/Vmsport.fi\/\" \/>\n<meta property=\"article:modified_time\" content=\"2026-01-16T11:23:32+00:00\" \/>\n<meta property=\"og:image\" content=\"https:\/\/vmsport.fi\/wp-content\/uploads\/2025\/03\/719b4dc2-68d0-4a69-9f48-96bfbc374739-1.jpg\" \/>\n\t<meta property=\"og:image:width\" content=\"600\" \/>\n\t<meta property=\"og:image:height\" content=\"600\" \/>\n\t<meta property=\"og:image:type\" content=\"image\/jpeg\" \/>\n<meta name=\"twitter:card\" content=\"summary_large_image\" \/>\n<script type=\"application\/ld+json\" class=\"yoast-schema-graph\">{\"@context\":\"https:\\\/\\\/schema.org\",\"@graph\":[{\"@type\":[\"WebPage\",\"ItemPage\"],\"@id\":\"https:\\\/\\\/vmsport.fi\\\/verkkokauppa\\\/varaosat\\\/kiekot-ja-navat\\\/etukiekot\\\/etukiekko-xt-m8000-29-trail15mme-thrulukkorenk\\\/\",\"url\":\"https:\\\/\\\/vmsport.fi\\\/verkkokauppa\\\/varaosat\\\/kiekot-ja-navat\\\/etukiekot\\\/etukiekko-xt-m8000-29-trail15mme-thrulukkorenk\\\/\",\"name\":\"Etukiekko XT M8000-29\\\" Trail,15mm,E-thru,lukkorenk. - VM Sport\",\"isPartOf\":{\"@id\":\"https:\\\/\\\/vmsport.fi\\\/#website\"},\"primaryImageOfPage\":{\"@id\":\"https:\\\/\\\/vmsport.fi\\\/verkkokauppa\\\/varaosat\\\/kiekot-ja-navat\\\/etukiekot\\\/etukiekko-xt-m8000-29-trail15mme-thrulukkorenk\\\/#primaryimage\"},\"image\":{\"@id\":\"https:\\\/\\\/vmsport.fi\\\/verkkokauppa\\\/varaosat\\\/kiekot-ja-navat\\\/etukiekot\\\/etukiekko-xt-m8000-29-trail15mme-thrulukkorenk\\\/#primaryimage\"},\"thumbnailUrl\":\"https:\\\/\\\/vmsport.fi\\\/wp-content\\\/uploads\\\/2025\\\/03\\\/719b4dc2-68d0-4a69-9f48-96bfbc374739-1.jpg\",\"datePublished\":\"2025-03-05T22:19:32+00:00\",\"dateModified\":\"2026-01-16T11:23:32+00:00\",\"breadcrumb\":{\"@id\":\"https:\\\/\\\/vmsport.fi\\\/verkkokauppa\\\/varaosat\\\/kiekot-ja-navat\\\/etukiekot\\\/etukiekko-xt-m8000-29-trail15mme-thrulukkorenk\\\/#breadcrumb\"},\"inLanguage\":\"sv-SE\",\"potentialAction\":[{\"@type\":\"ReadAction\",\"target\":[\"https:\\\/\\\/vmsport.fi\\\/verkkokauppa\\\/varaosat\\\/kiekot-ja-navat\\\/etukiekot\\\/etukiekko-xt-m8000-29-trail15mme-thrulukkorenk\\\/\"]}]},{\"@type\":\"ImageObject\",\"inLanguage\":\"sv-SE\",\"@id\":\"https:\\\/\\\/vmsport.fi\\\/verkkokauppa\\\/varaosat\\\/kiekot-ja-navat\\\/etukiekot\\\/etukiekko-xt-m8000-29-trail15mme-thrulukkorenk\\\/#primaryimage\",\"url\":\"https:\\\/\\\/vmsport.fi\\\/wp-content\\\/uploads\\\/2025\\\/03\\\/719b4dc2-68d0-4a69-9f48-96bfbc374739-1.jpg\",\"contentUrl\":\"https:\\\/\\\/vmsport.fi\\\/wp-content\\\/uploads\\\/2025\\\/03\\\/719b4dc2-68d0-4a69-9f48-96bfbc374739-1.jpg\",\"width\":600,\"height\":600,\"caption\":\"719b4dc2-68d0-4a69-9f48-96bfbc374739\"},{\"@type\":\"BreadcrumbList\",\"@id\":\"https:\\\/\\\/vmsport.fi\\\/verkkokauppa\\\/varaosat\\\/kiekot-ja-navat\\\/etukiekot\\\/etukiekko-xt-m8000-29-trail15mme-thrulukkorenk\\\/#breadcrumb\",\"itemListElement\":[{\"@type\":\"ListItem\",\"position\":1,\"name\":\"Etusivu\",\"item\":\"https:\\\/\\\/vmsport.fi\\\/\"},{\"@type\":\"ListItem\",\"position\":2,\"name\":\"Online Store\",\"item\":\"https:\\\/\\\/vmsport.fi\\\/en\\\/online-store\\\/\"},{\"@type\":\"ListItem\",\"position\":3,\"name\":\"Etukiekko XT M8000-29&#8243; Trail,15mm,E-thru,lukkorenk.\"}]},{\"@type\":\"WebSite\",\"@id\":\"https:\\\/\\\/vmsport.fi\\\/#website\",\"url\":\"https:\\\/\\\/vmsport.fi\\\/\",\"name\":\"Vmsport\",\"description\":\"Kaikki py\u00f6r\u00e4ilyyn yhdest\u00e4 paikasta\",\"publisher\":{\"@id\":\"https:\\\/\\\/vmsport.fi\\\/#organization\"},\"potentialAction\":[{\"@type\":\"SearchAction\",\"target\":{\"@type\":\"EntryPoint\",\"urlTemplate\":\"https:\\\/\\\/vmsport.fi\\\/?s={search_term_string}\"},\"query-input\":{\"@type\":\"PropertyValueSpecification\",\"valueRequired\":true,\"valueName\":\"search_term_string\"}}],\"inLanguage\":\"sv-SE\"},{\"@type\":\"Organization\",\"@id\":\"https:\\\/\\\/vmsport.fi\\\/#organization\",\"name\":\"Vmsport\",\"url\":\"https:\\\/\\\/vmsport.fi\\\/\",\"logo\":{\"@type\":\"ImageObject\",\"inLanguage\":\"sv-SE\",\"@id\":\"https:\\\/\\\/vmsport.fi\\\/#\\\/schema\\\/logo\\\/image\\\/\",\"url\":\"https:\\\/\\\/vmsport.fi\\\/wp-content\\\/uploads\\\/2024\\\/12\\\/vm_sport_RGB_horisontal-e1734526017575.png\",\"contentUrl\":\"https:\\\/\\\/vmsport.fi\\\/wp-content\\\/uploads\\\/2024\\\/12\\\/vm_sport_RGB_horisontal-e1734526017575.png\",\"width\":668,\"height\":85,\"caption\":\"Vmsport\"},\"image\":{\"@id\":\"https:\\\/\\\/vmsport.fi\\\/#\\\/schema\\\/logo\\\/image\\\/\"},\"sameAs\":[\"https:\\\/\\\/www.facebook.com\\\/Vmsport.fi\\\/\",\"https:\\\/\\\/www.instagram.com\\\/vmsport\\\/\"]}]}<\/script>\n<!-- \/ Yoast SEO plugin. -->","yoast_head_json":{"title":"Etukiekko XT M8000-29\" Trail,15mm,E-thru,lukkorenk. - VM Sport","robots":{"index":"index","follow":"follow","max-snippet":"max-snippet:-1","max-image-preview":"max-image-preview:large","max-video-preview":"max-video-preview:-1"},"canonical":"https:\/\/vmsport.fi\/sv\/webbutik\/reservdelar\/skivor-och-nav\/fram-falg\/etukiekko-xt-m8000-29-trail15mme-thrulukkorenk\/","og_locale":"sv_SE","og_type":"article","og_title":"Etukiekko XT M8000-29\" Trail,15mm,E-thru,lukkorenk. - VM Sport","og_description":"Shimano Deore XT M8000 -etukiekko on suunniteltu erityisesti 29 tuuman maastopy\u00f6r\u00e4ilyyn, tarjoten upean suorituskyvyn vaativilla poluilla. T\u00e4m\u00e4 e-thru-teknologiaa hy\u00f6dynt\u00e4v\u00e4 kiekko, jonka akselin halkaisija on 15 mm, tuo mukanaan erinomaisen vakauden ja kest\u00e4vyyden ajettaessa esimerkiksi kivikoissa tai ep\u00e4tasaisilla alustoilla. Lukkorengasmekanismi varmistaa turvallisen kiinnityksen, mik\u00e4 tekee huollosta ja asennuksesta vaivatonta. Shimano Deore XT -sarjaan kuuluva etukiekko on [...]L\u00e4s mer \u2026 from Etukiekko XT M8000-29&#8243; Trail,15mm,E-thru,lukkorenk.","og_url":"https:\/\/vmsport.fi\/sv\/webbutik\/reservdelar\/skivor-och-nav\/fram-falg\/etukiekko-xt-m8000-29-trail15mme-thrulukkorenk\/","og_site_name":"VM Sport","article_publisher":"https:\/\/www.facebook.com\/Vmsport.fi\/","article_modified_time":"2026-01-16T11:23:32+00:00","og_image":[{"width":600,"height":600,"url":"https:\/\/vmsport.fi\/wp-content\/uploads\/2025\/03\/719b4dc2-68d0-4a69-9f48-96bfbc374739-1.jpg","type":"image\/jpeg"}],"twitter_card":"summary_large_image","schema":{"@context":"https:\/\/schema.org","@graph":[{"@type":["WebPage","ItemPage"],"@id":"https:\/\/vmsport.fi\/verkkokauppa\/varaosat\/kiekot-ja-navat\/etukiekot\/etukiekko-xt-m8000-29-trail15mme-thrulukkorenk\/","url":"https:\/\/vmsport.fi\/verkkokauppa\/varaosat\/kiekot-ja-navat\/etukiekot\/etukiekko-xt-m8000-29-trail15mme-thrulukkorenk\/","name":"Etukiekko XT M8000-29\" Trail,15mm,E-thru,lukkorenk. - VM Sport","isPartOf":{"@id":"https:\/\/vmsport.fi\/#website"},"primaryImageOfPage":{"@id":"https:\/\/vmsport.fi\/verkkokauppa\/varaosat\/kiekot-ja-navat\/etukiekot\/etukiekko-xt-m8000-29-trail15mme-thrulukkorenk\/#primaryimage"},"image":{"@id":"https:\/\/vmsport.fi\/verkkokauppa\/varaosat\/kiekot-ja-navat\/etukiekot\/etukiekko-xt-m8000-29-trail15mme-thrulukkorenk\/#primaryimage"},"thumbnailUrl":"https:\/\/vmsport.fi\/wp-content\/uploads\/2025\/03\/719b4dc2-68d0-4a69-9f48-96bfbc374739-1.jpg","datePublished":"2025-03-05T22:19:32+00:00","dateModified":"2026-01-16T11:23:32+00:00","breadcrumb":{"@id":"https:\/\/vmsport.fi\/verkkokauppa\/varaosat\/kiekot-ja-navat\/etukiekot\/etukiekko-xt-m8000-29-trail15mme-thrulukkorenk\/#breadcrumb"},"inLanguage":"sv-SE","potentialAction":[{"@type":"ReadAction","target":["https:\/\/vmsport.fi\/verkkokauppa\/varaosat\/kiekot-ja-navat\/etukiekot\/etukiekko-xt-m8000-29-trail15mme-thrulukkorenk\/"]}]},{"@type":"ImageObject","inLanguage":"sv-SE","@id":"https:\/\/vmsport.fi\/verkkokauppa\/varaosat\/kiekot-ja-navat\/etukiekot\/etukiekko-xt-m8000-29-trail15mme-thrulukkorenk\/#primaryimage","url":"https:\/\/vmsport.fi\/wp-content\/uploads\/2025\/03\/719b4dc2-68d0-4a69-9f48-96bfbc374739-1.jpg","contentUrl":"https:\/\/vmsport.fi\/wp-content\/uploads\/2025\/03\/719b4dc2-68d0-4a69-9f48-96bfbc374739-1.jpg","width":600,"height":600,"caption":"719b4dc2-68d0-4a69-9f48-96bfbc374739"},{"@type":"BreadcrumbList","@id":"https:\/\/vmsport.fi\/verkkokauppa\/varaosat\/kiekot-ja-navat\/etukiekot\/etukiekko-xt-m8000-29-trail15mme-thrulukkorenk\/#breadcrumb","itemListElement":[{"@type":"ListItem","position":1,"name":"Etusivu","item":"https:\/\/vmsport.fi\/"},{"@type":"ListItem","position":2,"name":"Online Store","item":"https:\/\/vmsport.fi\/en\/online-store\/"},{"@type":"ListItem","position":3,"name":"Etukiekko XT M8000-29&#8243; Trail,15mm,E-thru,lukkorenk."}]},{"@type":"WebSite","@id":"https:\/\/vmsport.fi\/#website","url":"https:\/\/vmsport.fi\/","name":"Vmsport","description":"Allt p\u00e5 ett st\u00e4lle f\u00f6r cykling","publisher":{"@id":"https:\/\/vmsport.fi\/#organization"},"potentialAction":[{"@type":"SearchAction","target":{"@type":"EntryPoint","urlTemplate":"https:\/\/vmsport.fi\/?s={search_term_string}"},"query-input":{"@type":"PropertyValueSpecification","valueRequired":true,"valueName":"search_term_string"}}],"inLanguage":"sv-SE"},{"@type":"Organization","@id":"https:\/\/vmsport.fi\/#organization","name":"Vmsport","url":"https:\/\/vmsport.fi\/","logo":{"@type":"ImageObject","inLanguage":"sv-SE","@id":"https:\/\/vmsport.fi\/#\/schema\/logo\/image\/","url":"https:\/\/vmsport.fi\/wp-content\/uploads\/2024\/12\/vm_sport_RGB_horisontal-e1734526017575.png","contentUrl":"https:\/\/vmsport.fi\/wp-content\/uploads\/2024\/12\/vm_sport_RGB_horisontal-e1734526017575.png","width":668,"height":85,"caption":"Vmsport"},"image":{"@id":"https:\/\/vmsport.fi\/#\/schema\/logo\/image\/"},"sameAs":["https:\/\/www.facebook.com\/Vmsport.fi\/","https:\/\/www.instagram.com\/vmsport\/"]}]}},"global_unique_id":"","_links":{"self":[{"href":"https:\/\/vmsport.fi\/sv\/wp-json\/wp\/v2\/product\/56401","targetHints":{"allow":["GET"]}}],"collection":[{"href":"https:\/\/vmsport.fi\/sv\/wp-json\/wp\/v2\/product"}],"about":[{"href":"https:\/\/vmsport.fi\/sv\/wp-json\/wp\/v2\/types\/product"}],"replies":[{"embeddable":true,"href":"https:\/\/vmsport.fi\/sv\/wp-json\/wp\/v2\/comments?post=56401"}],"wp:featuredmedia":[{"embeddable":true,"href":"https:\/\/vmsport.fi\/sv\/wp-json\/wp\/v2\/media\/56399"}],"wp:attachment":[{"href":"https:\/\/vmsport.fi\/sv\/wp-json\/wp\/v2\/media?parent=56401"}],"wp:term":[{"taxonomy":"product_brand","embeddable":true,"href":"https:\/\/vmsport.fi\/sv\/wp-json\/wp\/v2\/product_brand?post=56401"},{"taxonomy":"product_model","embeddable":true,"href":"https:\/\/vmsport.fi\/sv\/wp-json\/wp\/v2\/product_model?post=56401"},{"taxonomy":"product_cat","embeddable":true,"href":"https:\/\/vmsport.fi\/sv\/wp-json\/wp\/v2\/product_cat?post=56401"},{"taxonomy":"product_tag","embeddable":true,"href":"https:\/\/vmsport.fi\/sv\/wp-json\/wp\/v2\/product_tag?post=56401"},{"taxonomy":"industry_terminology","embeddable":true,"href":"https:\/\/vmsport.fi\/sv\/wp-json\/wp\/v2\/industry-terminology?post=56401"}],"curies":[{"name":"wp","href":"https:\/\/api.w.org\/{rel}","templated":true}]}}