{"id":56393,"date":"2025-03-06T00:19:26","date_gmt":"2025-03-05T22:19:26","guid":{"rendered":"https:\/\/vmsport.fi\/verkkokauppa\/Ei-luokiteltu\/trek-trek-full-suspension-17x26x10mm-heavy-contact-sealed-bearing-black\/"},"modified":"2026-04-22T15:16:08","modified_gmt":"2026-04-22T12:16:08","slug":"trek-trek-full-suspension-17x26x10mm-heavy-contact-tatat-lager-svart","status":"publish","type":"product","link":"https:\/\/vmsport.fi\/sv\/verkkokauppa\/varaosat\/kiekot-ja-navat\/laakerit\/trek-trek-full-suspension-17x26x10mm-heavy-contact-sealed-bearing-black\/","title":{"rendered":"Trek Trek Full Suspension 17x26x10mm Heavy Contact Sealed Bearing - Svart"},"content":{"rendered":"<p>Trek Suspension Bearing 3803 Max 26x17x10mm on suunniteltu erityisesti t\u00e4ysjousitettuihin maastopy\u00f6riin. Ter\u00e4ksinen rakenne tarjoaa kest\u00e4vyytt\u00e4 ja pitk\u00e4ik\u00e4isyytt\u00e4. Raskas kosketustiiviste est\u00e4\u00e4 tehokkaasti kosteuden ja lian p\u00e4\u00e4syn sis\u00e4osiin, mik\u00e4 pident\u00e4\u00e4 laakerin k\u00e4ytt\u00f6ik\u00e4\u00e4 ja varmistaa sujuvan toiminnan. Koko ja muoto ovat tarkkaan m\u00e4\u00e4riteltyj\u00e4, jolloin asennus on vaivatonta yhteensopiviin Trek-py\u00f6riin. Huolto- ja asennusohjeet l\u00f6ytyv\u00e4t valmistajan huoltomanuaalista.<\/p>","protected":false},"excerpt":{"rendered":"<p>Kest\u00e4v\u00e4 ter\u00e4ksinen t\u00e4ysjoustolaakeri, jossa raskas kosketustiiviste suojaa tehokkaasti elementeilt\u00e4. Sopii Trek-t\u00e4ysjousitettuihin py\u00f6riin. [&#8230;]<\/p>\n<p><a class=\"btn btn-secondary understrap-read-more-link\" href=\"https:\/\/vmsport.fi\/sv\/verkkokauppa\/varaosat\/kiekot-ja-navat\/laakerit\/trek-trek-full-suspension-17x26x10mm-heavy-contact-sealed-bearing-black\/\">L\u00e4s mer \u2026<span class=\"screen-reader-text\"> from Trek Trek Full Suspension 17x26x10mm Heavy Contact Sealed Bearing &#8211; Black<\/span><\/a><\/p>\n","protected":false},"featured_media":56392,"comment_status":"open","ping_status":"closed","template":"","meta":{"_acf_changed":false,"_improvement_type_select":"improve_an_existing","_thumb_yes_seoaic":false,"_frame_yes_seoaic":false,"seoaic_generate_description":"","seoaic_improve_instructions_prompt":"","seoaic_rollback_content_improvement":"","seoaic_idea_thumbnail_generator":"","thumbnail_generated":false,"thumbnail_generate_prompt":"","seoaic_article_description":"","_supplier_stock_quantity":0},"product_brand":[37],"product_model":[],"product_cat":[9464],"product_tag":[],"industry-terminology":[],"class_list":{"0":"post-56393","1":"product","2":"type-product","3":"status-publish","4":"has-post-thumbnail","6":"product_brand-trek","7":"product_cat-laakerit","9":"first","10":"instock","11":"taxable","12":"shipping-taxable","13":"purchasable","14":"product-type-variable"},"acf":{"bike_features":null,"overview":{"copy_overview":null,"key_features":null,"statement":"","youtube_url":""}},"yoast_head":"<!-- This site is optimized with the Yoast SEO plugin v27.5 - https:\/\/yoast.com\/product\/yoast-seo-wordpress\/ -->\n<title>Trek Trek Full Suspension 17x26x10mm Heavy Contact Sealed Bearing - Black - VM Sport<\/title>\n<meta name=\"robots\" content=\"index, follow, max-snippet:-1, max-image-preview:large, max-video-preview:-1\" \/>\n<link rel=\"canonical\" href=\"https:\/\/vmsport.fi\/sv\/webbutik\/reservdelar\/skivor-och-nav\/lager\/trek-trek-full-suspension-17x26x10mm-heavy-contact-tatat-lager-svart\/\" \/>\n<meta property=\"og:locale\" content=\"sv_SE\" \/>\n<meta property=\"og:type\" content=\"article\" \/>\n<meta property=\"og:title\" content=\"Trek Trek Full Suspension 17x26x10mm Heavy Contact Sealed Bearing - Black - VM Sport\" \/>\n<meta property=\"og:description\" content=\"Kest\u00e4v\u00e4 ter\u00e4ksinen t\u00e4ysjoustolaakeri, jossa raskas kosketustiiviste suojaa tehokkaasti elementeilt\u00e4. Sopii Trek-t\u00e4ysjousitettuihin py\u00f6riin. [...]L\u00e4s mer \u2026 from Trek Trek Full Suspension 17x26x10mm Heavy Contact Sealed Bearing &#8211; Black\" \/>\n<meta property=\"og:url\" content=\"https:\/\/vmsport.fi\/sv\/webbutik\/reservdelar\/skivor-och-nav\/lager\/trek-trek-full-suspension-17x26x10mm-heavy-contact-tatat-lager-svart\/\" \/>\n<meta property=\"og:site_name\" content=\"VM Sport\" \/>\n<meta property=\"article:publisher\" content=\"https:\/\/www.facebook.com\/Vmsport.fi\/\" \/>\n<meta property=\"article:modified_time\" content=\"2026-04-22T12:16:08+00:00\" \/>\n<meta property=\"og:image\" content=\"https:\/\/vmsport.fi\/wp-content\/uploads\/2025\/03\/ZFZZ6eloTGC02QpIGRzxIhdhlIf2qJQ5TfvtrJLG1FQgDK0uB8-1.jpg\" \/>\n\t<meta property=\"og:image:width\" content=\"1000\" \/>\n\t<meta property=\"og:image:height\" content=\"720\" \/>\n\t<meta property=\"og:image:type\" content=\"image\/jpeg\" \/>\n<meta name=\"twitter:card\" content=\"summary_large_image\" \/>\n<script type=\"application\/ld+json\" class=\"yoast-schema-graph\">{\"@context\":\"https:\\\/\\\/schema.org\",\"@graph\":[{\"@type\":[\"WebPage\",\"ItemPage\"],\"@id\":\"https:\\\/\\\/vmsport.fi\\\/verkkokauppa\\\/varaosat\\\/kiekot-ja-navat\\\/laakerit\\\/trek-trek-full-suspension-17x26x10mm-heavy-contact-sealed-bearing-black\\\/\",\"url\":\"https:\\\/\\\/vmsport.fi\\\/verkkokauppa\\\/varaosat\\\/kiekot-ja-navat\\\/laakerit\\\/trek-trek-full-suspension-17x26x10mm-heavy-contact-sealed-bearing-black\\\/\",\"name\":\"Trek Trek Full Suspension 17x26x10mm Heavy Contact Sealed Bearing - Black - VM Sport\",\"isPartOf\":{\"@id\":\"https:\\\/\\\/vmsport.fi\\\/#website\"},\"primaryImageOfPage\":{\"@id\":\"https:\\\/\\\/vmsport.fi\\\/verkkokauppa\\\/varaosat\\\/kiekot-ja-navat\\\/laakerit\\\/trek-trek-full-suspension-17x26x10mm-heavy-contact-sealed-bearing-black\\\/#primaryimage\"},\"image\":{\"@id\":\"https:\\\/\\\/vmsport.fi\\\/verkkokauppa\\\/varaosat\\\/kiekot-ja-navat\\\/laakerit\\\/trek-trek-full-suspension-17x26x10mm-heavy-contact-sealed-bearing-black\\\/#primaryimage\"},\"thumbnailUrl\":\"https:\\\/\\\/vmsport.fi\\\/wp-content\\\/uploads\\\/2025\\\/03\\\/ZFZZ6eloTGC02QpIGRzxIhdhlIf2qJQ5TfvtrJLG1FQgDK0uB8-1.jpg\",\"datePublished\":\"2025-03-05T22:19:26+00:00\",\"dateModified\":\"2026-04-22T12:16:08+00:00\",\"breadcrumb\":{\"@id\":\"https:\\\/\\\/vmsport.fi\\\/verkkokauppa\\\/varaosat\\\/kiekot-ja-navat\\\/laakerit\\\/trek-trek-full-suspension-17x26x10mm-heavy-contact-sealed-bearing-black\\\/#breadcrumb\"},\"inLanguage\":\"sv-SE\",\"potentialAction\":[{\"@type\":\"ReadAction\",\"target\":[\"https:\\\/\\\/vmsport.fi\\\/verkkokauppa\\\/varaosat\\\/kiekot-ja-navat\\\/laakerit\\\/trek-trek-full-suspension-17x26x10mm-heavy-contact-sealed-bearing-black\\\/\"]}]},{\"@type\":\"ImageObject\",\"inLanguage\":\"sv-SE\",\"@id\":\"https:\\\/\\\/vmsport.fi\\\/verkkokauppa\\\/varaosat\\\/kiekot-ja-navat\\\/laakerit\\\/trek-trek-full-suspension-17x26x10mm-heavy-contact-sealed-bearing-black\\\/#primaryimage\",\"url\":\"https:\\\/\\\/vmsport.fi\\\/wp-content\\\/uploads\\\/2025\\\/03\\\/ZFZZ6eloTGC02QpIGRzxIhdhlIf2qJQ5TfvtrJLG1FQgDK0uB8-1.jpg\",\"contentUrl\":\"https:\\\/\\\/vmsport.fi\\\/wp-content\\\/uploads\\\/2025\\\/03\\\/ZFZZ6eloTGC02QpIGRzxIhdhlIf2qJQ5TfvtrJLG1FQgDK0uB8-1.jpg\",\"width\":1000,\"height\":720,\"caption\":\"ZFZZ6eloTGC02QpIGRzxIhdhlIf2qJQ5TfvtrJLG1FQgDK0uB8\"},{\"@type\":\"BreadcrumbList\",\"@id\":\"https:\\\/\\\/vmsport.fi\\\/verkkokauppa\\\/varaosat\\\/kiekot-ja-navat\\\/laakerit\\\/trek-trek-full-suspension-17x26x10mm-heavy-contact-sealed-bearing-black\\\/#breadcrumb\",\"itemListElement\":[{\"@type\":\"ListItem\",\"position\":1,\"name\":\"Etusivu\",\"item\":\"https:\\\/\\\/vmsport.fi\\\/\"},{\"@type\":\"ListItem\",\"position\":2,\"name\":\"Online Store\",\"item\":\"https:\\\/\\\/vmsport.fi\\\/en\\\/online-store\\\/\"},{\"@type\":\"ListItem\",\"position\":3,\"name\":\"Trek polkupy\u00f6r\u00e4t\",\"item\":\"https:\\\/\\\/vmsport.fi\\\/sv\\\/merkki\\\/trek\\\/\"},{\"@type\":\"ListItem\",\"position\":4,\"name\":\"Trek Trek Full Suspension 17x26x10mm Heavy Contact Sealed Bearing &#8211; Black\"}]},{\"@type\":\"WebSite\",\"@id\":\"https:\\\/\\\/vmsport.fi\\\/#website\",\"url\":\"https:\\\/\\\/vmsport.fi\\\/\",\"name\":\"Vmsport\",\"description\":\"Kaikki py\u00f6r\u00e4ilyyn yhdest\u00e4 paikasta\",\"publisher\":{\"@id\":\"https:\\\/\\\/vmsport.fi\\\/#organization\"},\"potentialAction\":[{\"@type\":\"SearchAction\",\"target\":{\"@type\":\"EntryPoint\",\"urlTemplate\":\"https:\\\/\\\/vmsport.fi\\\/?s={search_term_string}\"},\"query-input\":{\"@type\":\"PropertyValueSpecification\",\"valueRequired\":true,\"valueName\":\"search_term_string\"}}],\"inLanguage\":\"sv-SE\"},{\"@type\":\"Organization\",\"@id\":\"https:\\\/\\\/vmsport.fi\\\/#organization\",\"name\":\"Vmsport\",\"url\":\"https:\\\/\\\/vmsport.fi\\\/\",\"logo\":{\"@type\":\"ImageObject\",\"inLanguage\":\"sv-SE\",\"@id\":\"https:\\\/\\\/vmsport.fi\\\/#\\\/schema\\\/logo\\\/image\\\/\",\"url\":\"https:\\\/\\\/vmsport.fi\\\/wp-content\\\/uploads\\\/2024\\\/12\\\/vm_sport_RGB_horisontal-e1734526017575.png\",\"contentUrl\":\"https:\\\/\\\/vmsport.fi\\\/wp-content\\\/uploads\\\/2024\\\/12\\\/vm_sport_RGB_horisontal-e1734526017575.png\",\"width\":668,\"height\":85,\"caption\":\"Vmsport\"},\"image\":{\"@id\":\"https:\\\/\\\/vmsport.fi\\\/#\\\/schema\\\/logo\\\/image\\\/\"},\"sameAs\":[\"https:\\\/\\\/www.facebook.com\\\/Vmsport.fi\\\/\",\"https:\\\/\\\/www.instagram.com\\\/vmsport\\\/\"]}]}<\/script>\n<!-- \/ Yoast SEO plugin. -->","yoast_head_json":{"title":"Trek Trek Full Suspension 17x26x10mm Heavy Contact Sealed Bearing - Svart - VM Sport","robots":{"index":"index","follow":"follow","max-snippet":"max-snippet:-1","max-image-preview":"max-image-preview:large","max-video-preview":"max-video-preview:-1"},"canonical":"https:\/\/vmsport.fi\/sv\/webbutik\/reservdelar\/skivor-och-nav\/lager\/trek-trek-full-suspension-17x26x10mm-heavy-contact-tatat-lager-svart\/","og_locale":"sv_SE","og_type":"article","og_title":"Trek Trek Full Suspension 17x26x10mm Heavy Contact Sealed Bearing - Black - VM Sport","og_description":"Kest\u00e4v\u00e4 ter\u00e4ksinen t\u00e4ysjoustolaakeri, jossa raskas kosketustiiviste suojaa tehokkaasti elementeilt\u00e4. Sopii Trek-t\u00e4ysjousitettuihin py\u00f6riin. [...]L\u00e4s mer \u2026 from Trek Trek Full Suspension 17x26x10mm Heavy Contact Sealed Bearing &#8211; Black","og_url":"https:\/\/vmsport.fi\/sv\/webbutik\/reservdelar\/skivor-och-nav\/lager\/trek-trek-full-suspension-17x26x10mm-heavy-contact-tatat-lager-svart\/","og_site_name":"VM Sport","article_publisher":"https:\/\/www.facebook.com\/Vmsport.fi\/","article_modified_time":"2026-04-22T12:16:08+00:00","og_image":[{"width":1000,"height":720,"url":"https:\/\/vmsport.fi\/wp-content\/uploads\/2025\/03\/ZFZZ6eloTGC02QpIGRzxIhdhlIf2qJQ5TfvtrJLG1FQgDK0uB8-1.jpg","type":"image\/jpeg"}],"twitter_card":"summary_large_image","schema":{"@context":"https:\/\/schema.org","@graph":[{"@type":["WebPage","ItemPage"],"@id":"https:\/\/vmsport.fi\/verkkokauppa\/varaosat\/kiekot-ja-navat\/laakerit\/trek-trek-full-suspension-17x26x10mm-heavy-contact-sealed-bearing-black\/","url":"https:\/\/vmsport.fi\/verkkokauppa\/varaosat\/kiekot-ja-navat\/laakerit\/trek-trek-full-suspension-17x26x10mm-heavy-contact-sealed-bearing-black\/","name":"Trek Trek Full Suspension 17x26x10mm Heavy Contact Sealed Bearing - Svart - VM Sport","isPartOf":{"@id":"https:\/\/vmsport.fi\/#website"},"primaryImageOfPage":{"@id":"https:\/\/vmsport.fi\/verkkokauppa\/varaosat\/kiekot-ja-navat\/laakerit\/trek-trek-full-suspension-17x26x10mm-heavy-contact-sealed-bearing-black\/#primaryimage"},"image":{"@id":"https:\/\/vmsport.fi\/verkkokauppa\/varaosat\/kiekot-ja-navat\/laakerit\/trek-trek-full-suspension-17x26x10mm-heavy-contact-sealed-bearing-black\/#primaryimage"},"thumbnailUrl":"https:\/\/vmsport.fi\/wp-content\/uploads\/2025\/03\/ZFZZ6eloTGC02QpIGRzxIhdhlIf2qJQ5TfvtrJLG1FQgDK0uB8-1.jpg","datePublished":"2025-03-05T22:19:26+00:00","dateModified":"2026-04-22T12:16:08+00:00","breadcrumb":{"@id":"https:\/\/vmsport.fi\/verkkokauppa\/varaosat\/kiekot-ja-navat\/laakerit\/trek-trek-full-suspension-17x26x10mm-heavy-contact-sealed-bearing-black\/#breadcrumb"},"inLanguage":"sv-SE","potentialAction":[{"@type":"ReadAction","target":["https:\/\/vmsport.fi\/verkkokauppa\/varaosat\/kiekot-ja-navat\/laakerit\/trek-trek-full-suspension-17x26x10mm-heavy-contact-sealed-bearing-black\/"]}]},{"@type":"ImageObject","inLanguage":"sv-SE","@id":"https:\/\/vmsport.fi\/verkkokauppa\/varaosat\/kiekot-ja-navat\/laakerit\/trek-trek-full-suspension-17x26x10mm-heavy-contact-sealed-bearing-black\/#primaryimage","url":"https:\/\/vmsport.fi\/wp-content\/uploads\/2025\/03\/ZFZZ6eloTGC02QpIGRzxIhdhlIf2qJQ5TfvtrJLG1FQgDK0uB8-1.jpg","contentUrl":"https:\/\/vmsport.fi\/wp-content\/uploads\/2025\/03\/ZFZZ6eloTGC02QpIGRzxIhdhlIf2qJQ5TfvtrJLG1FQgDK0uB8-1.jpg","width":1000,"height":720,"caption":"ZFZZ6eloTGC02QpIGRzxIhdhlIf2qJQ5TfvtrJLG1FQgDK0uB8"},{"@type":"BreadcrumbList","@id":"https:\/\/vmsport.fi\/verkkokauppa\/varaosat\/kiekot-ja-navat\/laakerit\/trek-trek-full-suspension-17x26x10mm-heavy-contact-sealed-bearing-black\/#breadcrumb","itemListElement":[{"@type":"ListItem","position":1,"name":"Etusivu","item":"https:\/\/vmsport.fi\/"},{"@type":"ListItem","position":2,"name":"Online Store","item":"https:\/\/vmsport.fi\/en\/online-store\/"},{"@type":"ListItem","position":3,"name":"Trek polkupy\u00f6r\u00e4t","item":"https:\/\/vmsport.fi\/sv\/merkki\/trek\/"},{"@type":"ListItem","position":4,"name":"Trek Trek Full Suspension 17x26x10mm Heavy Contact Sealed Bearing &#8211; Black"}]},{"@type":"WebSite","@id":"https:\/\/vmsport.fi\/#website","url":"https:\/\/vmsport.fi\/","name":"Vmsport","description":"Allt p\u00e5 ett st\u00e4lle f\u00f6r cykling","publisher":{"@id":"https:\/\/vmsport.fi\/#organization"},"potentialAction":[{"@type":"SearchAction","target":{"@type":"EntryPoint","urlTemplate":"https:\/\/vmsport.fi\/?s={search_term_string}"},"query-input":{"@type":"PropertyValueSpecification","valueRequired":true,"valueName":"search_term_string"}}],"inLanguage":"sv-SE"},{"@type":"Organization","@id":"https:\/\/vmsport.fi\/#organization","name":"Vmsport","url":"https:\/\/vmsport.fi\/","logo":{"@type":"ImageObject","inLanguage":"sv-SE","@id":"https:\/\/vmsport.fi\/#\/schema\/logo\/image\/","url":"https:\/\/vmsport.fi\/wp-content\/uploads\/2024\/12\/vm_sport_RGB_horisontal-e1734526017575.png","contentUrl":"https:\/\/vmsport.fi\/wp-content\/uploads\/2024\/12\/vm_sport_RGB_horisontal-e1734526017575.png","width":668,"height":85,"caption":"Vmsport"},"image":{"@id":"https:\/\/vmsport.fi\/#\/schema\/logo\/image\/"},"sameAs":["https:\/\/www.facebook.com\/Vmsport.fi\/","https:\/\/www.instagram.com\/vmsport\/"]}]}},"global_unique_id":"","_links":{"self":[{"href":"https:\/\/vmsport.fi\/sv\/wp-json\/wp\/v2\/product\/56393","targetHints":{"allow":["GET"]}}],"collection":[{"href":"https:\/\/vmsport.fi\/sv\/wp-json\/wp\/v2\/product"}],"about":[{"href":"https:\/\/vmsport.fi\/sv\/wp-json\/wp\/v2\/types\/product"}],"replies":[{"embeddable":true,"href":"https:\/\/vmsport.fi\/sv\/wp-json\/wp\/v2\/comments?post=56393"}],"wp:featuredmedia":[{"embeddable":true,"href":"https:\/\/vmsport.fi\/sv\/wp-json\/wp\/v2\/media\/56392"}],"wp:attachment":[{"href":"https:\/\/vmsport.fi\/sv\/wp-json\/wp\/v2\/media?parent=56393"}],"wp:term":[{"taxonomy":"product_brand","embeddable":true,"href":"https:\/\/vmsport.fi\/sv\/wp-json\/wp\/v2\/product_brand?post=56393"},{"taxonomy":"product_model","embeddable":true,"href":"https:\/\/vmsport.fi\/sv\/wp-json\/wp\/v2\/product_model?post=56393"},{"taxonomy":"product_cat","embeddable":true,"href":"https:\/\/vmsport.fi\/sv\/wp-json\/wp\/v2\/product_cat?post=56393"},{"taxonomy":"product_tag","embeddable":true,"href":"https:\/\/vmsport.fi\/sv\/wp-json\/wp\/v2\/product_tag?post=56393"},{"taxonomy":"industry_terminology","embeddable":true,"href":"https:\/\/vmsport.fi\/sv\/wp-json\/wp\/v2\/industry-terminology?post=56393"}],"curies":[{"name":"wp","href":"https:\/\/api.w.org\/{rel}","templated":true}]}}