{"id":56391,"date":"2025-03-06T00:19:25","date_gmt":"2025-03-05T22:19:25","guid":{"rendered":"https:\/\/vmsport.fi\/verkkokauppa\/Ei-luokiteltu\/pikalokasuoja-taakse-26-275-29-polisport-xcape-evo\/"},"modified":"2026-04-22T15:01:34","modified_gmt":"2026-04-22T12:01:34","slug":"snabbkoppling-bak-26-275-29-polisport-xcape-evo","status":"publish","type":"product","link":"https:\/\/vmsport.fi\/sv\/verkkokauppa\/tarvikkeet\/lokasuojat\/takalokasuojat\/pikalokasuoja-taakse-26-275-29-polisport-xcape-evo\/","title":{"rendered":"Bakre st\u00e4nksk\u00e4rm med snabbkoppling 26\u2033\/27,5\u2033\/29\u2033, POLISPORT XCAPE EVO"},"content":{"rendered":"<p>Polisport Xcape Evo st\u00e4nksk\u00e4rm med snabbkoppling ger utm\u00e4rkt skydd i cykelf\u00f6rh\u00e5llanden d\u00e4r v\u00e4dret kan \u00f6verraska dig. St\u00e4nksk\u00e4rmen \u00e4r s\u00e4rskilt utformad f\u00f6r att passa 26-, 27,5- och 29-tumscyklar, vilket g\u00f6r den till ett m\u00e5ngsidigt tillbeh\u00f6r f\u00f6r de flesta mountainbikes. Det \u00e4r l\u00e4tt att installera snabbt, vilket g\u00f6r det till ett perfekt val f\u00f6r b\u00e5de amat\u00f6rer och erfarna cyklister.<\/p>\n<p>Den l\u00e4tta men slitstarka konstruktionen av s\u00e4tes\u00f6verdraget garanterar b\u00e5de anv\u00e4ndarv\u00e4nlighet och l\u00e5ng livsl\u00e4ngd f\u00f6r produkten. Den aerodynamiska designen minimerar spridningen av st\u00e4nk och hj\u00e4lper till att h\u00e5lla kl\u00e4derna rena under cyklingen. Dessa egenskaper g\u00f6r varje cykeltur bekv\u00e4mare och roligare, \u00e4ven p\u00e5 leriga eller v\u00e5ta stigar.<\/p>","protected":false},"excerpt":{"rendered":"<p>Polisport Xcape Evo pikalokasuoja tarjoaa erinomaisen suojan py\u00f6r\u00e4ilyolosuhteissa, joissa s\u00e4\u00e4 voi yll\u00e4tt\u00e4\u00e4. T\u00e4m\u00e4 lokasuoja on erityisesti suunniteltu sopimaan 26, 27.5 ja 29 tuuman py\u00f6riin, mik\u00e4 tekee siit\u00e4 monipuolisen lis\u00e4varusteen useimmille maastopy\u00f6rille. Se on helppo asentaa nopeasti, mik\u00e4 tekee siit\u00e4 ihanteellisen valinnan sek\u00e4 harraste- ett\u00e4 kokeneille py\u00f6r\u00e4ilij\u00f6ille. Lokasuojan kevyt mutta kest\u00e4v\u00e4 rakenne varmistaa sek\u00e4 k\u00e4ytt\u00f6mukavuuden ett\u00e4 [&#8230;]<\/p>\n<p><a class=\"btn btn-secondary understrap-read-more-link\" href=\"https:\/\/vmsport.fi\/sv\/verkkokauppa\/tarvikkeet\/lokasuojat\/takalokasuojat\/pikalokasuoja-taakse-26-275-29-polisport-xcape-evo\/\">L\u00e4s mer \u2026<span class=\"screen-reader-text\"> from Pikalokasuoja taakse 26&#8243;\/27,5&#8243;\/29&#8243;, POLISPORT XCAPE EVO<\/span><\/a><\/p>\n","protected":false},"featured_media":56390,"comment_status":"open","ping_status":"closed","template":"","meta":{"_acf_changed":false,"_improvement_type_select":"improve_an_existing","_thumb_yes_seoaic":false,"_frame_yes_seoaic":false,"seoaic_generate_description":"","seoaic_improve_instructions_prompt":"","seoaic_rollback_content_improvement":"","seoaic_idea_thumbnail_generator":"","thumbnail_generated":false,"thumbnail_generate_prompt":"","seoaic_article_description":"","_supplier_stock_quantity":0},"product_brand":[],"product_model":[],"product_cat":[9572],"product_tag":[],"industry-terminology":[],"class_list":{"0":"post-56391","1":"product","2":"type-product","3":"status-publish","4":"has-post-thumbnail","6":"product_cat-takalokasuojat","8":"first","9":"instock","10":"taxable","11":"shipping-taxable","12":"purchasable","13":"product-type-simple"},"acf":{"bike_features":null,"overview":{"copy_overview":null,"key_features":null,"statement":"","youtube_url":""}},"yoast_head":"<!-- This site is optimized with the Yoast SEO plugin v27.4 - https:\/\/yoast.com\/product\/yoast-seo-wordpress\/ -->\n<title>Pikalokasuoja taakse 26&quot;\/27,5&quot;\/29&quot;, POLISPORT XCAPE EVO - VM Sport<\/title>\n<meta name=\"robots\" content=\"index, follow, max-snippet:-1, max-image-preview:large, max-video-preview:-1\" \/>\n<link rel=\"canonical\" href=\"https:\/\/vmsport.fi\/sv\/webbutik\/tillbehor\/stankskarmar\/bakre-stankskarmar\/snabbkoppling-bak-26-275-29-polisport-xcape-evo\/\" \/>\n<meta property=\"og:locale\" content=\"sv_SE\" \/>\n<meta property=\"og:type\" content=\"article\" \/>\n<meta property=\"og:title\" content=\"Pikalokasuoja taakse 26&quot;\/27,5&quot;\/29&quot;, POLISPORT XCAPE EVO - VM Sport\" \/>\n<meta property=\"og:description\" content=\"Polisport Xcape Evo pikalokasuoja tarjoaa erinomaisen suojan py\u00f6r\u00e4ilyolosuhteissa, joissa s\u00e4\u00e4 voi yll\u00e4tt\u00e4\u00e4. T\u00e4m\u00e4 lokasuoja on erityisesti suunniteltu sopimaan 26, 27.5 ja 29 tuuman py\u00f6riin, mik\u00e4 tekee siit\u00e4 monipuolisen lis\u00e4varusteen useimmille maastopy\u00f6rille. Se on helppo asentaa nopeasti, mik\u00e4 tekee siit\u00e4 ihanteellisen valinnan sek\u00e4 harraste- ett\u00e4 kokeneille py\u00f6r\u00e4ilij\u00f6ille. Lokasuojan kevyt mutta kest\u00e4v\u00e4 rakenne varmistaa sek\u00e4 k\u00e4ytt\u00f6mukavuuden ett\u00e4 [...]L\u00e4s mer \u2026 from Pikalokasuoja taakse 26&#8243;\/27,5&#8243;\/29&#8243;, POLISPORT XCAPE EVO\" \/>\n<meta property=\"og:url\" content=\"https:\/\/vmsport.fi\/sv\/webbutik\/tillbehor\/stankskarmar\/bakre-stankskarmar\/snabbkoppling-bak-26-275-29-polisport-xcape-evo\/\" \/>\n<meta property=\"og:site_name\" content=\"VM Sport\" \/>\n<meta property=\"article:publisher\" content=\"https:\/\/www.facebook.com\/Vmsport.fi\/\" \/>\n<meta property=\"article:modified_time\" content=\"2026-04-22T12:01:34+00:00\" \/>\n<meta property=\"og:image\" content=\"https:\/\/vmsport.fi\/wp-content\/uploads\/2025\/03\/8622800001-1.jpg\" \/>\n\t<meta property=\"og:image:width\" content=\"1000\" \/>\n\t<meta property=\"og:image:height\" content=\"1000\" \/>\n\t<meta property=\"og:image:type\" content=\"image\/jpeg\" \/>\n<meta name=\"twitter:card\" content=\"summary_large_image\" \/>\n<meta name=\"twitter:label1\" content=\"Ber\u00e4knad l\u00e4stid\" \/>\n\t<meta name=\"twitter:data1\" content=\"1 minut\" \/>\n<script type=\"application\/ld+json\" class=\"yoast-schema-graph\">{\"@context\":\"https:\\\/\\\/schema.org\",\"@graph\":[{\"@type\":[\"WebPage\",\"ItemPage\"],\"@id\":\"https:\\\/\\\/vmsport.fi\\\/verkkokauppa\\\/tarvikkeet\\\/lokasuojat\\\/takalokasuojat\\\/pikalokasuoja-taakse-26-275-29-polisport-xcape-evo\\\/\",\"url\":\"https:\\\/\\\/vmsport.fi\\\/verkkokauppa\\\/tarvikkeet\\\/lokasuojat\\\/takalokasuojat\\\/pikalokasuoja-taakse-26-275-29-polisport-xcape-evo\\\/\",\"name\":\"Pikalokasuoja taakse 26\\\"\\\/27,5\\\"\\\/29\\\", POLISPORT XCAPE EVO - VM Sport\",\"isPartOf\":{\"@id\":\"https:\\\/\\\/vmsport.fi\\\/#website\"},\"primaryImageOfPage\":{\"@id\":\"https:\\\/\\\/vmsport.fi\\\/verkkokauppa\\\/tarvikkeet\\\/lokasuojat\\\/takalokasuojat\\\/pikalokasuoja-taakse-26-275-29-polisport-xcape-evo\\\/#primaryimage\"},\"image\":{\"@id\":\"https:\\\/\\\/vmsport.fi\\\/verkkokauppa\\\/tarvikkeet\\\/lokasuojat\\\/takalokasuojat\\\/pikalokasuoja-taakse-26-275-29-polisport-xcape-evo\\\/#primaryimage\"},\"thumbnailUrl\":\"https:\\\/\\\/vmsport.fi\\\/wp-content\\\/uploads\\\/2025\\\/03\\\/8622800001-1.jpg\",\"datePublished\":\"2025-03-05T22:19:25+00:00\",\"dateModified\":\"2026-04-22T12:01:34+00:00\",\"breadcrumb\":{\"@id\":\"https:\\\/\\\/vmsport.fi\\\/verkkokauppa\\\/tarvikkeet\\\/lokasuojat\\\/takalokasuojat\\\/pikalokasuoja-taakse-26-275-29-polisport-xcape-evo\\\/#breadcrumb\"},\"inLanguage\":\"sv-SE\",\"potentialAction\":[{\"@type\":\"ReadAction\",\"target\":[\"https:\\\/\\\/vmsport.fi\\\/verkkokauppa\\\/tarvikkeet\\\/lokasuojat\\\/takalokasuojat\\\/pikalokasuoja-taakse-26-275-29-polisport-xcape-evo\\\/\"]}]},{\"@type\":\"ImageObject\",\"inLanguage\":\"sv-SE\",\"@id\":\"https:\\\/\\\/vmsport.fi\\\/verkkokauppa\\\/tarvikkeet\\\/lokasuojat\\\/takalokasuojat\\\/pikalokasuoja-taakse-26-275-29-polisport-xcape-evo\\\/#primaryimage\",\"url\":\"https:\\\/\\\/vmsport.fi\\\/wp-content\\\/uploads\\\/2025\\\/03\\\/8622800001-1.jpg\",\"contentUrl\":\"https:\\\/\\\/vmsport.fi\\\/wp-content\\\/uploads\\\/2025\\\/03\\\/8622800001-1.jpg\",\"width\":1000,\"height\":1000,\"caption\":\"8622800001\"},{\"@type\":\"BreadcrumbList\",\"@id\":\"https:\\\/\\\/vmsport.fi\\\/verkkokauppa\\\/tarvikkeet\\\/lokasuojat\\\/takalokasuojat\\\/pikalokasuoja-taakse-26-275-29-polisport-xcape-evo\\\/#breadcrumb\",\"itemListElement\":[{\"@type\":\"ListItem\",\"position\":1,\"name\":\"Etusivu\",\"item\":\"https:\\\/\\\/vmsport.fi\\\/\"},{\"@type\":\"ListItem\",\"position\":2,\"name\":\"Online Store\",\"item\":\"https:\\\/\\\/vmsport.fi\\\/en\\\/online-store\\\/\"},{\"@type\":\"ListItem\",\"position\":3,\"name\":\"Pikalokasuoja taakse 26&#8243;\\\/27,5&#8243;\\\/29&#8243;, POLISPORT XCAPE EVO\"}]},{\"@type\":\"WebSite\",\"@id\":\"https:\\\/\\\/vmsport.fi\\\/#website\",\"url\":\"https:\\\/\\\/vmsport.fi\\\/\",\"name\":\"Vmsport\",\"description\":\"Kaikki py\u00f6r\u00e4ilyyn yhdest\u00e4 paikasta\",\"publisher\":{\"@id\":\"https:\\\/\\\/vmsport.fi\\\/#organization\"},\"potentialAction\":[{\"@type\":\"SearchAction\",\"target\":{\"@type\":\"EntryPoint\",\"urlTemplate\":\"https:\\\/\\\/vmsport.fi\\\/?s={search_term_string}\"},\"query-input\":{\"@type\":\"PropertyValueSpecification\",\"valueRequired\":true,\"valueName\":\"search_term_string\"}}],\"inLanguage\":\"sv-SE\"},{\"@type\":\"Organization\",\"@id\":\"https:\\\/\\\/vmsport.fi\\\/#organization\",\"name\":\"Vmsport\",\"url\":\"https:\\\/\\\/vmsport.fi\\\/\",\"logo\":{\"@type\":\"ImageObject\",\"inLanguage\":\"sv-SE\",\"@id\":\"https:\\\/\\\/vmsport.fi\\\/#\\\/schema\\\/logo\\\/image\\\/\",\"url\":\"https:\\\/\\\/vmsport.fi\\\/wp-content\\\/uploads\\\/2024\\\/12\\\/vm_sport_RGB_horisontal-e1734526017575.png\",\"contentUrl\":\"https:\\\/\\\/vmsport.fi\\\/wp-content\\\/uploads\\\/2024\\\/12\\\/vm_sport_RGB_horisontal-e1734526017575.png\",\"width\":668,\"height\":85,\"caption\":\"Vmsport\"},\"image\":{\"@id\":\"https:\\\/\\\/vmsport.fi\\\/#\\\/schema\\\/logo\\\/image\\\/\"},\"sameAs\":[\"https:\\\/\\\/www.facebook.com\\\/Vmsport.fi\\\/\",\"https:\\\/\\\/www.instagram.com\\\/vmsport\\\/\"]}]}<\/script>\n<!-- \/ Yoast SEO plugin. -->","yoast_head_json":{"title":"Bakre st\u00e4nksk\u00e4rm med snabbkoppling 26\"\/27,5\"\/29\", POLISPORT XCAPE EVO - VM Sport","robots":{"index":"index","follow":"follow","max-snippet":"max-snippet:-1","max-image-preview":"max-image-preview:large","max-video-preview":"max-video-preview:-1"},"canonical":"https:\/\/vmsport.fi\/sv\/webbutik\/tillbehor\/stankskarmar\/bakre-stankskarmar\/snabbkoppling-bak-26-275-29-polisport-xcape-evo\/","og_locale":"sv_SE","og_type":"article","og_title":"Pikalokasuoja taakse 26\"\/27,5\"\/29\", POLISPORT XCAPE EVO - VM Sport","og_description":"Polisport Xcape Evo pikalokasuoja tarjoaa erinomaisen suojan py\u00f6r\u00e4ilyolosuhteissa, joissa s\u00e4\u00e4 voi yll\u00e4tt\u00e4\u00e4. T\u00e4m\u00e4 lokasuoja on erityisesti suunniteltu sopimaan 26, 27.5 ja 29 tuuman py\u00f6riin, mik\u00e4 tekee siit\u00e4 monipuolisen lis\u00e4varusteen useimmille maastopy\u00f6rille. Se on helppo asentaa nopeasti, mik\u00e4 tekee siit\u00e4 ihanteellisen valinnan sek\u00e4 harraste- ett\u00e4 kokeneille py\u00f6r\u00e4ilij\u00f6ille. Lokasuojan kevyt mutta kest\u00e4v\u00e4 rakenne varmistaa sek\u00e4 k\u00e4ytt\u00f6mukavuuden ett\u00e4 [...]L\u00e4s mer \u2026 from Pikalokasuoja taakse 26&#8243;\/27,5&#8243;\/29&#8243;, POLISPORT XCAPE EVO","og_url":"https:\/\/vmsport.fi\/sv\/webbutik\/tillbehor\/stankskarmar\/bakre-stankskarmar\/snabbkoppling-bak-26-275-29-polisport-xcape-evo\/","og_site_name":"VM Sport","article_publisher":"https:\/\/www.facebook.com\/Vmsport.fi\/","article_modified_time":"2026-04-22T12:01:34+00:00","og_image":[{"width":1000,"height":1000,"url":"https:\/\/vmsport.fi\/wp-content\/uploads\/2025\/03\/8622800001-1.jpg","type":"image\/jpeg"}],"twitter_card":"summary_large_image","twitter_misc":{"Ber\u00e4knad l\u00e4stid":"1 minut"},"schema":{"@context":"https:\/\/schema.org","@graph":[{"@type":["WebPage","ItemPage"],"@id":"https:\/\/vmsport.fi\/verkkokauppa\/tarvikkeet\/lokasuojat\/takalokasuojat\/pikalokasuoja-taakse-26-275-29-polisport-xcape-evo\/","url":"https:\/\/vmsport.fi\/verkkokauppa\/tarvikkeet\/lokasuojat\/takalokasuojat\/pikalokasuoja-taakse-26-275-29-polisport-xcape-evo\/","name":"Bakre st\u00e4nksk\u00e4rm med snabbkoppling 26\"\/27,5\"\/29\", POLISPORT XCAPE EVO - VM Sport","isPartOf":{"@id":"https:\/\/vmsport.fi\/#website"},"primaryImageOfPage":{"@id":"https:\/\/vmsport.fi\/verkkokauppa\/tarvikkeet\/lokasuojat\/takalokasuojat\/pikalokasuoja-taakse-26-275-29-polisport-xcape-evo\/#primaryimage"},"image":{"@id":"https:\/\/vmsport.fi\/verkkokauppa\/tarvikkeet\/lokasuojat\/takalokasuojat\/pikalokasuoja-taakse-26-275-29-polisport-xcape-evo\/#primaryimage"},"thumbnailUrl":"https:\/\/vmsport.fi\/wp-content\/uploads\/2025\/03\/8622800001-1.jpg","datePublished":"2025-03-05T22:19:25+00:00","dateModified":"2026-04-22T12:01:34+00:00","breadcrumb":{"@id":"https:\/\/vmsport.fi\/verkkokauppa\/tarvikkeet\/lokasuojat\/takalokasuojat\/pikalokasuoja-taakse-26-275-29-polisport-xcape-evo\/#breadcrumb"},"inLanguage":"sv-SE","potentialAction":[{"@type":"ReadAction","target":["https:\/\/vmsport.fi\/verkkokauppa\/tarvikkeet\/lokasuojat\/takalokasuojat\/pikalokasuoja-taakse-26-275-29-polisport-xcape-evo\/"]}]},{"@type":"ImageObject","inLanguage":"sv-SE","@id":"https:\/\/vmsport.fi\/verkkokauppa\/tarvikkeet\/lokasuojat\/takalokasuojat\/pikalokasuoja-taakse-26-275-29-polisport-xcape-evo\/#primaryimage","url":"https:\/\/vmsport.fi\/wp-content\/uploads\/2025\/03\/8622800001-1.jpg","contentUrl":"https:\/\/vmsport.fi\/wp-content\/uploads\/2025\/03\/8622800001-1.jpg","width":1000,"height":1000,"caption":"8622800001"},{"@type":"BreadcrumbList","@id":"https:\/\/vmsport.fi\/verkkokauppa\/tarvikkeet\/lokasuojat\/takalokasuojat\/pikalokasuoja-taakse-26-275-29-polisport-xcape-evo\/#breadcrumb","itemListElement":[{"@type":"ListItem","position":1,"name":"Etusivu","item":"https:\/\/vmsport.fi\/"},{"@type":"ListItem","position":2,"name":"Online Store","item":"https:\/\/vmsport.fi\/en\/online-store\/"},{"@type":"ListItem","position":3,"name":"Pikalokasuoja taakse 26&#8243;\/27,5&#8243;\/29&#8243;, POLISPORT XCAPE EVO"}]},{"@type":"WebSite","@id":"https:\/\/vmsport.fi\/#website","url":"https:\/\/vmsport.fi\/","name":"Vmsport","description":"Allt p\u00e5 ett st\u00e4lle f\u00f6r cykling","publisher":{"@id":"https:\/\/vmsport.fi\/#organization"},"potentialAction":[{"@type":"SearchAction","target":{"@type":"EntryPoint","urlTemplate":"https:\/\/vmsport.fi\/?s={search_term_string}"},"query-input":{"@type":"PropertyValueSpecification","valueRequired":true,"valueName":"search_term_string"}}],"inLanguage":"sv-SE"},{"@type":"Organization","@id":"https:\/\/vmsport.fi\/#organization","name":"Vmsport","url":"https:\/\/vmsport.fi\/","logo":{"@type":"ImageObject","inLanguage":"sv-SE","@id":"https:\/\/vmsport.fi\/#\/schema\/logo\/image\/","url":"https:\/\/vmsport.fi\/wp-content\/uploads\/2024\/12\/vm_sport_RGB_horisontal-e1734526017575.png","contentUrl":"https:\/\/vmsport.fi\/wp-content\/uploads\/2024\/12\/vm_sport_RGB_horisontal-e1734526017575.png","width":668,"height":85,"caption":"Vmsport"},"image":{"@id":"https:\/\/vmsport.fi\/#\/schema\/logo\/image\/"},"sameAs":["https:\/\/www.facebook.com\/Vmsport.fi\/","https:\/\/www.instagram.com\/vmsport\/"]}]}},"global_unique_id":"","_links":{"self":[{"href":"https:\/\/vmsport.fi\/sv\/wp-json\/wp\/v2\/product\/56391","targetHints":{"allow":["GET"]}}],"collection":[{"href":"https:\/\/vmsport.fi\/sv\/wp-json\/wp\/v2\/product"}],"about":[{"href":"https:\/\/vmsport.fi\/sv\/wp-json\/wp\/v2\/types\/product"}],"replies":[{"embeddable":true,"href":"https:\/\/vmsport.fi\/sv\/wp-json\/wp\/v2\/comments?post=56391"}],"wp:featuredmedia":[{"embeddable":true,"href":"https:\/\/vmsport.fi\/sv\/wp-json\/wp\/v2\/media\/56390"}],"wp:attachment":[{"href":"https:\/\/vmsport.fi\/sv\/wp-json\/wp\/v2\/media?parent=56391"}],"wp:term":[{"taxonomy":"product_brand","embeddable":true,"href":"https:\/\/vmsport.fi\/sv\/wp-json\/wp\/v2\/product_brand?post=56391"},{"taxonomy":"product_model","embeddable":true,"href":"https:\/\/vmsport.fi\/sv\/wp-json\/wp\/v2\/product_model?post=56391"},{"taxonomy":"product_cat","embeddable":true,"href":"https:\/\/vmsport.fi\/sv\/wp-json\/wp\/v2\/product_cat?post=56391"},{"taxonomy":"product_tag","embeddable":true,"href":"https:\/\/vmsport.fi\/sv\/wp-json\/wp\/v2\/product_tag?post=56391"},{"taxonomy":"industry_terminology","embeddable":true,"href":"https:\/\/vmsport.fi\/sv\/wp-json\/wp\/v2\/industry-terminology?post=56391"}],"curies":[{"name":"wp","href":"https:\/\/api.w.org\/{rel}","templated":true}]}}