{"id":56389,"date":"2025-03-06T00:19:23","date_gmt":"2025-03-05T22:19:23","guid":{"rendered":"https:\/\/vmsport.fi\/verkkokauppa\/Ei-luokiteltu\/klossi-sm-sh51-2\/"},"modified":"2026-01-16T13:22:20","modified_gmt":"2026-01-16T11:22:20","slug":"toalett-sm-sh51-2","status":"publish","type":"product","link":"https:\/\/vmsport.fi\/sv\/verkkokauppa\/varaosat\/polkimet\/klossit-ja-varaosat\/klossi-sm-sh51-2\/","title":{"rendered":"Toalett SM-SH51"},"content":{"rendered":"<p>SM-SH51 \u00e4r ett tillbeh\u00f6r till Shimanos SPD-pedalsystem som ger tillf\u00f6rlitlig prestanda f\u00f6r cykling. Denna kl\u00e4mupps\u00e4ttning, som \u00e4r kompatibel med de flesta SPD-pedaler, m\u00f6jligg\u00f6r effektiv kraft\u00f6verf\u00f6ring. Den l\u00e4ttinstallerade designen, som g\u00f6r att skon kan tas bort fr\u00e5n pedalen p\u00e5 ett s\u00e4kert och bekv\u00e4mt s\u00e4tt, hj\u00e4lper cyklister att prestera under kr\u00e4vande f\u00f6rh\u00e5llanden. Klossarna \u00e4r tillverkade av slitstarkt material och garanterar en l\u00e5ng livsl\u00e4ngd.<\/p>","protected":false},"excerpt":{"rendered":"<p>Klossi SM-SH51 on Shimano SPD -poljinj\u00e4rjestelm\u00e4n lis\u00e4varuste, joka tarjoaa luotettavan suorituskyvyn py\u00f6r\u00e4ilyyn. T\u00e4m\u00e4 klossisetti, yhteensopiva useimpien SPD-poljinten kanssa, mahdollistaa voimansiirron tehokkuuden. Helposti asennettava rakenne, jonka avulla jalkineen saa turvallisesti ja mukavasti irti polkimesta, auttaa py\u00f6r\u00e4ilij\u00f6it\u00e4 suoriutumaan vaativissakin olosuhteissa. Kest\u00e4v\u00e4st\u00e4 materiaalista valmistetut klossit takaavat pitk\u00e4n k\u00e4ytt\u00f6i\u00e4n. [&#8230;]<\/p>\n<p><a class=\"btn btn-secondary understrap-read-more-link\" href=\"https:\/\/vmsport.fi\/sv\/verkkokauppa\/varaosat\/polkimet\/klossit-ja-varaosat\/klossi-sm-sh51-2\/\">L\u00e4s mer \u2026<span class=\"screen-reader-text\"> from Klossi SM-SH51<\/span><\/a><\/p>\n","protected":false},"featured_media":56387,"comment_status":"open","ping_status":"closed","template":"","meta":{"_acf_changed":false,"_improvement_type_select":"improve_an_existing","_thumb_yes_seoaic":false,"_frame_yes_seoaic":false,"seoaic_generate_description":"","seoaic_improve_instructions_prompt":"","seoaic_rollback_content_improvement":"","seoaic_idea_thumbnail_generator":"","thumbnail_generated":false,"thumbnail_generate_prompt":"","seoaic_article_description":"","_supplier_stock_quantity":0},"product_brand":[],"product_model":[],"product_cat":[9322],"product_tag":[],"industry-terminology":[],"class_list":{"0":"post-56389","1":"product","2":"type-product","3":"status-publish","4":"has-post-thumbnail","6":"product_cat-klossit-ja-varaosat","8":"first","9":"outofstock","10":"taxable","11":"shipping-taxable","12":"product-type-simple"},"acf":{"bike_features":null,"overview":{"copy_overview":null,"key_features":null,"statement":"","youtube_url":""}},"yoast_head":"<!-- This site is optimized with the Yoast SEO plugin v27.3 - https:\/\/yoast.com\/product\/yoast-seo-wordpress\/ -->\n<title>Klossi SM-SH51 - VM Sport<\/title>\n<meta name=\"robots\" content=\"index, follow, max-snippet:-1, max-image-preview:large, max-video-preview:-1\" \/>\n<link rel=\"canonical\" href=\"https:\/\/vmsport.fi\/sv\/webbutik\/reservdelar\/pedaler\/klossit-och-reservdelar\/toalett-sm-sh51-2\/\" \/>\n<meta property=\"og:locale\" content=\"sv_SE\" \/>\n<meta property=\"og:type\" content=\"article\" \/>\n<meta property=\"og:title\" content=\"Klossi SM-SH51 - VM Sport\" \/>\n<meta property=\"og:description\" content=\"Klossi SM-SH51 on Shimano SPD -poljinj\u00e4rjestelm\u00e4n lis\u00e4varuste, joka tarjoaa luotettavan suorituskyvyn py\u00f6r\u00e4ilyyn. T\u00e4m\u00e4 klossisetti, yhteensopiva useimpien SPD-poljinten kanssa, mahdollistaa voimansiirron tehokkuuden. Helposti asennettava rakenne, jonka avulla jalkineen saa turvallisesti ja mukavasti irti polkimesta, auttaa py\u00f6r\u00e4ilij\u00f6it\u00e4 suoriutumaan vaativissakin olosuhteissa. Kest\u00e4v\u00e4st\u00e4 materiaalista valmistetut klossit takaavat pitk\u00e4n k\u00e4ytt\u00f6i\u00e4n. [...]L\u00e4s mer \u2026 from Klossi SM-SH51\" \/>\n<meta property=\"og:url\" content=\"https:\/\/vmsport.fi\/sv\/webbutik\/reservdelar\/pedaler\/klossit-och-reservdelar\/toalett-sm-sh51-2\/\" \/>\n<meta property=\"og:site_name\" content=\"VM Sport\" \/>\n<meta property=\"article:publisher\" content=\"https:\/\/www.facebook.com\/Vmsport.fi\/\" \/>\n<meta property=\"article:modified_time\" content=\"2026-01-16T11:22:20+00:00\" \/>\n<meta property=\"og:image\" content=\"https:\/\/vmsport.fi\/wp-content\/uploads\/2025\/03\/20180423-Y42498201-S1-1.jpg\" \/>\n\t<meta property=\"og:image:width\" content=\"600\" \/>\n\t<meta property=\"og:image:height\" content=\"600\" \/>\n\t<meta property=\"og:image:type\" content=\"image\/jpeg\" \/>\n<meta name=\"twitter:card\" content=\"summary_large_image\" \/>\n<script type=\"application\/ld+json\" class=\"yoast-schema-graph\">{\"@context\":\"https:\\\/\\\/schema.org\",\"@graph\":[{\"@type\":[\"WebPage\",\"ItemPage\"],\"@id\":\"https:\\\/\\\/vmsport.fi\\\/verkkokauppa\\\/varaosat\\\/polkimet\\\/klossit-ja-varaosat\\\/klossi-sm-sh51-2\\\/\",\"url\":\"https:\\\/\\\/vmsport.fi\\\/verkkokauppa\\\/varaosat\\\/polkimet\\\/klossit-ja-varaosat\\\/klossi-sm-sh51-2\\\/\",\"name\":\"Klossi SM-SH51 - VM Sport\",\"isPartOf\":{\"@id\":\"https:\\\/\\\/vmsport.fi\\\/#website\"},\"primaryImageOfPage\":{\"@id\":\"https:\\\/\\\/vmsport.fi\\\/verkkokauppa\\\/varaosat\\\/polkimet\\\/klossit-ja-varaosat\\\/klossi-sm-sh51-2\\\/#primaryimage\"},\"image\":{\"@id\":\"https:\\\/\\\/vmsport.fi\\\/verkkokauppa\\\/varaosat\\\/polkimet\\\/klossit-ja-varaosat\\\/klossi-sm-sh51-2\\\/#primaryimage\"},\"thumbnailUrl\":\"https:\\\/\\\/vmsport.fi\\\/wp-content\\\/uploads\\\/2025\\\/03\\\/20180423-Y42498201-S1-1.jpg\",\"datePublished\":\"2025-03-05T22:19:23+00:00\",\"dateModified\":\"2026-01-16T11:22:20+00:00\",\"breadcrumb\":{\"@id\":\"https:\\\/\\\/vmsport.fi\\\/verkkokauppa\\\/varaosat\\\/polkimet\\\/klossit-ja-varaosat\\\/klossi-sm-sh51-2\\\/#breadcrumb\"},\"inLanguage\":\"sv-SE\",\"potentialAction\":[{\"@type\":\"ReadAction\",\"target\":[\"https:\\\/\\\/vmsport.fi\\\/verkkokauppa\\\/varaosat\\\/polkimet\\\/klossit-ja-varaosat\\\/klossi-sm-sh51-2\\\/\"]}]},{\"@type\":\"ImageObject\",\"inLanguage\":\"sv-SE\",\"@id\":\"https:\\\/\\\/vmsport.fi\\\/verkkokauppa\\\/varaosat\\\/polkimet\\\/klossit-ja-varaosat\\\/klossi-sm-sh51-2\\\/#primaryimage\",\"url\":\"https:\\\/\\\/vmsport.fi\\\/wp-content\\\/uploads\\\/2025\\\/03\\\/20180423-Y42498201-S1-1.jpg\",\"contentUrl\":\"https:\\\/\\\/vmsport.fi\\\/wp-content\\\/uploads\\\/2025\\\/03\\\/20180423-Y42498201-S1-1.jpg\",\"width\":600,\"height\":600,\"caption\":\"20180423-Y42498201-S1\"},{\"@type\":\"BreadcrumbList\",\"@id\":\"https:\\\/\\\/vmsport.fi\\\/verkkokauppa\\\/varaosat\\\/polkimet\\\/klossit-ja-varaosat\\\/klossi-sm-sh51-2\\\/#breadcrumb\",\"itemListElement\":[{\"@type\":\"ListItem\",\"position\":1,\"name\":\"Etusivu\",\"item\":\"https:\\\/\\\/vmsport.fi\\\/\"},{\"@type\":\"ListItem\",\"position\":2,\"name\":\"Online Store\",\"item\":\"https:\\\/\\\/vmsport.fi\\\/en\\\/online-store\\\/\"},{\"@type\":\"ListItem\",\"position\":3,\"name\":\"Klossi SM-SH51\"}]},{\"@type\":\"WebSite\",\"@id\":\"https:\\\/\\\/vmsport.fi\\\/#website\",\"url\":\"https:\\\/\\\/vmsport.fi\\\/\",\"name\":\"Vmsport\",\"description\":\"Kaikki py\u00f6r\u00e4ilyyn yhdest\u00e4 paikasta\",\"publisher\":{\"@id\":\"https:\\\/\\\/vmsport.fi\\\/#organization\"},\"potentialAction\":[{\"@type\":\"SearchAction\",\"target\":{\"@type\":\"EntryPoint\",\"urlTemplate\":\"https:\\\/\\\/vmsport.fi\\\/?s={search_term_string}\"},\"query-input\":{\"@type\":\"PropertyValueSpecification\",\"valueRequired\":true,\"valueName\":\"search_term_string\"}}],\"inLanguage\":\"sv-SE\"},{\"@type\":\"Organization\",\"@id\":\"https:\\\/\\\/vmsport.fi\\\/#organization\",\"name\":\"Vmsport\",\"url\":\"https:\\\/\\\/vmsport.fi\\\/\",\"logo\":{\"@type\":\"ImageObject\",\"inLanguage\":\"sv-SE\",\"@id\":\"https:\\\/\\\/vmsport.fi\\\/#\\\/schema\\\/logo\\\/image\\\/\",\"url\":\"https:\\\/\\\/vmsport.fi\\\/wp-content\\\/uploads\\\/2024\\\/12\\\/vm_sport_RGB_horisontal-e1734526017575.png\",\"contentUrl\":\"https:\\\/\\\/vmsport.fi\\\/wp-content\\\/uploads\\\/2024\\\/12\\\/vm_sport_RGB_horisontal-e1734526017575.png\",\"width\":668,\"height\":85,\"caption\":\"Vmsport\"},\"image\":{\"@id\":\"https:\\\/\\\/vmsport.fi\\\/#\\\/schema\\\/logo\\\/image\\\/\"},\"sameAs\":[\"https:\\\/\\\/www.facebook.com\\\/Vmsport.fi\\\/\",\"https:\\\/\\\/www.instagram.com\\\/vmsport\\\/\"]}]}<\/script>\n<!-- \/ Yoast SEO plugin. -->","yoast_head_json":{"title":"Toalett SM-SH51 - VM Sport","robots":{"index":"index","follow":"follow","max-snippet":"max-snippet:-1","max-image-preview":"max-image-preview:large","max-video-preview":"max-video-preview:-1"},"canonical":"https:\/\/vmsport.fi\/sv\/webbutik\/reservdelar\/pedaler\/klossit-och-reservdelar\/toalett-sm-sh51-2\/","og_locale":"sv_SE","og_type":"article","og_title":"Klossi SM-SH51 - VM Sport","og_description":"Klossi SM-SH51 on Shimano SPD -poljinj\u00e4rjestelm\u00e4n lis\u00e4varuste, joka tarjoaa luotettavan suorituskyvyn py\u00f6r\u00e4ilyyn. T\u00e4m\u00e4 klossisetti, yhteensopiva useimpien SPD-poljinten kanssa, mahdollistaa voimansiirron tehokkuuden. Helposti asennettava rakenne, jonka avulla jalkineen saa turvallisesti ja mukavasti irti polkimesta, auttaa py\u00f6r\u00e4ilij\u00f6it\u00e4 suoriutumaan vaativissakin olosuhteissa. Kest\u00e4v\u00e4st\u00e4 materiaalista valmistetut klossit takaavat pitk\u00e4n k\u00e4ytt\u00f6i\u00e4n. [...]L\u00e4s mer \u2026 from Klossi SM-SH51","og_url":"https:\/\/vmsport.fi\/sv\/webbutik\/reservdelar\/pedaler\/klossit-och-reservdelar\/toalett-sm-sh51-2\/","og_site_name":"VM Sport","article_publisher":"https:\/\/www.facebook.com\/Vmsport.fi\/","article_modified_time":"2026-01-16T11:22:20+00:00","og_image":[{"width":600,"height":600,"url":"https:\/\/vmsport.fi\/wp-content\/uploads\/2025\/03\/20180423-Y42498201-S1-1.jpg","type":"image\/jpeg"}],"twitter_card":"summary_large_image","schema":{"@context":"https:\/\/schema.org","@graph":[{"@type":["WebPage","ItemPage"],"@id":"https:\/\/vmsport.fi\/verkkokauppa\/varaosat\/polkimet\/klossit-ja-varaosat\/klossi-sm-sh51-2\/","url":"https:\/\/vmsport.fi\/verkkokauppa\/varaosat\/polkimet\/klossit-ja-varaosat\/klossi-sm-sh51-2\/","name":"Toalett SM-SH51 - VM Sport","isPartOf":{"@id":"https:\/\/vmsport.fi\/#website"},"primaryImageOfPage":{"@id":"https:\/\/vmsport.fi\/verkkokauppa\/varaosat\/polkimet\/klossit-ja-varaosat\/klossi-sm-sh51-2\/#primaryimage"},"image":{"@id":"https:\/\/vmsport.fi\/verkkokauppa\/varaosat\/polkimet\/klossit-ja-varaosat\/klossi-sm-sh51-2\/#primaryimage"},"thumbnailUrl":"https:\/\/vmsport.fi\/wp-content\/uploads\/2025\/03\/20180423-Y42498201-S1-1.jpg","datePublished":"2025-03-05T22:19:23+00:00","dateModified":"2026-01-16T11:22:20+00:00","breadcrumb":{"@id":"https:\/\/vmsport.fi\/verkkokauppa\/varaosat\/polkimet\/klossit-ja-varaosat\/klossi-sm-sh51-2\/#breadcrumb"},"inLanguage":"sv-SE","potentialAction":[{"@type":"ReadAction","target":["https:\/\/vmsport.fi\/verkkokauppa\/varaosat\/polkimet\/klossit-ja-varaosat\/klossi-sm-sh51-2\/"]}]},{"@type":"ImageObject","inLanguage":"sv-SE","@id":"https:\/\/vmsport.fi\/verkkokauppa\/varaosat\/polkimet\/klossit-ja-varaosat\/klossi-sm-sh51-2\/#primaryimage","url":"https:\/\/vmsport.fi\/wp-content\/uploads\/2025\/03\/20180423-Y42498201-S1-1.jpg","contentUrl":"https:\/\/vmsport.fi\/wp-content\/uploads\/2025\/03\/20180423-Y42498201-S1-1.jpg","width":600,"height":600,"caption":"20180423-Y42498201-S1"},{"@type":"BreadcrumbList","@id":"https:\/\/vmsport.fi\/verkkokauppa\/varaosat\/polkimet\/klossit-ja-varaosat\/klossi-sm-sh51-2\/#breadcrumb","itemListElement":[{"@type":"ListItem","position":1,"name":"Etusivu","item":"https:\/\/vmsport.fi\/"},{"@type":"ListItem","position":2,"name":"Online Store","item":"https:\/\/vmsport.fi\/en\/online-store\/"},{"@type":"ListItem","position":3,"name":"Klossi SM-SH51"}]},{"@type":"WebSite","@id":"https:\/\/vmsport.fi\/#website","url":"https:\/\/vmsport.fi\/","name":"Vmsport","description":"Allt p\u00e5 ett st\u00e4lle f\u00f6r cykling","publisher":{"@id":"https:\/\/vmsport.fi\/#organization"},"potentialAction":[{"@type":"SearchAction","target":{"@type":"EntryPoint","urlTemplate":"https:\/\/vmsport.fi\/?s={search_term_string}"},"query-input":{"@type":"PropertyValueSpecification","valueRequired":true,"valueName":"search_term_string"}}],"inLanguage":"sv-SE"},{"@type":"Organization","@id":"https:\/\/vmsport.fi\/#organization","name":"Vmsport","url":"https:\/\/vmsport.fi\/","logo":{"@type":"ImageObject","inLanguage":"sv-SE","@id":"https:\/\/vmsport.fi\/#\/schema\/logo\/image\/","url":"https:\/\/vmsport.fi\/wp-content\/uploads\/2024\/12\/vm_sport_RGB_horisontal-e1734526017575.png","contentUrl":"https:\/\/vmsport.fi\/wp-content\/uploads\/2024\/12\/vm_sport_RGB_horisontal-e1734526017575.png","width":668,"height":85,"caption":"Vmsport"},"image":{"@id":"https:\/\/vmsport.fi\/#\/schema\/logo\/image\/"},"sameAs":["https:\/\/www.facebook.com\/Vmsport.fi\/","https:\/\/www.instagram.com\/vmsport\/"]}]}},"global_unique_id":"","_links":{"self":[{"href":"https:\/\/vmsport.fi\/sv\/wp-json\/wp\/v2\/product\/56389","targetHints":{"allow":["GET"]}}],"collection":[{"href":"https:\/\/vmsport.fi\/sv\/wp-json\/wp\/v2\/product"}],"about":[{"href":"https:\/\/vmsport.fi\/sv\/wp-json\/wp\/v2\/types\/product"}],"replies":[{"embeddable":true,"href":"https:\/\/vmsport.fi\/sv\/wp-json\/wp\/v2\/comments?post=56389"}],"wp:featuredmedia":[{"embeddable":true,"href":"https:\/\/vmsport.fi\/sv\/wp-json\/wp\/v2\/media\/56387"}],"wp:attachment":[{"href":"https:\/\/vmsport.fi\/sv\/wp-json\/wp\/v2\/media?parent=56389"}],"wp:term":[{"taxonomy":"product_brand","embeddable":true,"href":"https:\/\/vmsport.fi\/sv\/wp-json\/wp\/v2\/product_brand?post=56389"},{"taxonomy":"product_model","embeddable":true,"href":"https:\/\/vmsport.fi\/sv\/wp-json\/wp\/v2\/product_model?post=56389"},{"taxonomy":"product_cat","embeddable":true,"href":"https:\/\/vmsport.fi\/sv\/wp-json\/wp\/v2\/product_cat?post=56389"},{"taxonomy":"product_tag","embeddable":true,"href":"https:\/\/vmsport.fi\/sv\/wp-json\/wp\/v2\/product_tag?post=56389"},{"taxonomy":"industry_terminology","embeddable":true,"href":"https:\/\/vmsport.fi\/sv\/wp-json\/wp\/v2\/industry-terminology?post=56389"}],"curies":[{"name":"wp","href":"https:\/\/api.w.org\/{rel}","templated":true}]}}