{"id":56380,"date":"2025-03-06T00:19:18","date_gmt":"2025-03-05T22:19:18","guid":{"rendered":"https:\/\/vmsport.fi\/verkkokauppa\/Ei-luokiteltu\/kasetinrunko-fh-m475-8v\/"},"modified":"2026-01-16T13:20:36","modified_gmt":"2026-01-16T11:20:36","slug":"patronhus-fh-m475-8v","status":"publish","type":"product","link":"https:\/\/vmsport.fi\/sv\/verkkokauppa\/varaosat\/kiekot-ja-navat\/vapaarattaat\/kasetinrunko-fh-m475-8v\/","title":{"rendered":"Kassetth\u00e5llare FH-M475\/ 8v"},"content":{"rendered":"<p>Shimano FH-M475 kassettnav \u00e4r utformat f\u00f6r mountainbike och \u00e4r kompatibelt med 8-, 9-, 10- och 11-v\u00e4xlade MTB-kassetter. Den robusta st\u00e5lkonstruktionen garanterar h\u00e5llbarhet, medan gummit\u00e4tningar skyddar mot vatten och smuts, vilket f\u00f6rhindrar rost och skador p\u00e5 lagerhusen. Det sexstiftade skivbromsf\u00e4stet \u00e4r kompatibelt med Shimanos hydrauliska och mekaniska skivbromssystem. Tv\u00e5 olika h\u00e5lstorlekar f\u00f6r ytan finns tillg\u00e4ngliga, 32 och 36, vilket ger flexibilitet f\u00f6r olika hjulkonfigurationer. Det l\u00e4tta snabbkopplingssystemet underl\u00e4ttar montering och demontering av navet. Kassettnavet \u00e4r ett komplett paket, inklusive dammskydd och reservdelskod Y-3SL98030, som ger tillf\u00f6rlitlighet f\u00f6r b\u00e5de stads- och mountainbikecykling.<\/p>","protected":false},"excerpt":{"rendered":"<p>Shimano FH-M475 -kasettinapa on suunniteltu maastopy\u00f6r\u00e4ilyyn, ja se on yhteensopiva 8-, 9-, 10- ja 11-vaihteisten MTB-kasettien kanssa. Vankka ter\u00e4srakenne takaa kest\u00e4vyyden, ja kumitiivisteet suojaavat vett\u00e4 ja likaa vastaan, est\u00e4en n\u00e4in ruostumista ja vaurioita laakeripesiss\u00e4. Kuusipulttinen jarrulevyn kiinnitys sopii yhteen Shimanon hydraulisten ja mekaanisten levyjarruj\u00e4rjestelmien kanssa. Tarjolla on kaksi eri pinnojen reik\u00e4m\u00e4\u00e4r\u00e4\u00e4, 32 ja 36, mik\u00e4 [&#8230;]<\/p>\n<p><a class=\"btn btn-secondary understrap-read-more-link\" href=\"https:\/\/vmsport.fi\/sv\/verkkokauppa\/varaosat\/kiekot-ja-navat\/vapaarattaat\/kasetinrunko-fh-m475-8v\/\">L\u00e4s mer \u2026<span class=\"screen-reader-text\"> from Kasetinrunko FH-M475\/ 8v<\/span><\/a><\/p>\n","protected":false},"featured_media":56379,"comment_status":"open","ping_status":"closed","template":"","meta":{"_acf_changed":false,"_improvement_type_select":"improve_an_existing","_thumb_yes_seoaic":false,"_frame_yes_seoaic":false,"seoaic_generate_description":"","seoaic_improve_instructions_prompt":"","seoaic_rollback_content_improvement":"","seoaic_idea_thumbnail_generator":"","thumbnail_generated":false,"thumbnail_generate_prompt":"","seoaic_article_description":"","_supplier_stock_quantity":0},"product_brand":[],"product_model":[],"product_cat":[9472],"product_tag":[],"industry-terminology":[],"class_list":{"0":"post-56380","1":"product","2":"type-product","3":"status-publish","4":"has-post-thumbnail","6":"product_cat-vapaarattaat","8":"first","9":"instock","10":"taxable","11":"shipping-taxable","12":"purchasable","13":"product-type-simple"},"acf":{"bike_features":null,"overview":{"copy_overview":null,"key_features":null,"statement":"","youtube_url":""}},"yoast_head":"<!-- This site is optimized with the Yoast SEO plugin v27.3 - https:\/\/yoast.com\/product\/yoast-seo-wordpress\/ -->\n<title>Kasetinrunko FH-M475\/ 8v - VM Sport<\/title>\n<meta name=\"robots\" content=\"index, follow, max-snippet:-1, max-image-preview:large, max-video-preview:-1\" \/>\n<link rel=\"canonical\" href=\"https:\/\/vmsport.fi\/sv\/webbutik\/reservdelar\/skivor-och-nav\/frihjul\/patronhus-fh-m475-8v\/\" \/>\n<meta property=\"og:locale\" content=\"sv_SE\" \/>\n<meta property=\"og:type\" content=\"article\" \/>\n<meta property=\"og:title\" content=\"Kasetinrunko FH-M475\/ 8v - VM Sport\" \/>\n<meta property=\"og:description\" content=\"Shimano FH-M475 -kasettinapa on suunniteltu maastopy\u00f6r\u00e4ilyyn, ja se on yhteensopiva 8-, 9-, 10- ja 11-vaihteisten MTB-kasettien kanssa. Vankka ter\u00e4srakenne takaa kest\u00e4vyyden, ja kumitiivisteet suojaavat vett\u00e4 ja likaa vastaan, est\u00e4en n\u00e4in ruostumista ja vaurioita laakeripesiss\u00e4. Kuusipulttinen jarrulevyn kiinnitys sopii yhteen Shimanon hydraulisten ja mekaanisten levyjarruj\u00e4rjestelmien kanssa. Tarjolla on kaksi eri pinnojen reik\u00e4m\u00e4\u00e4r\u00e4\u00e4, 32 ja 36, mik\u00e4 [...]L\u00e4s mer \u2026 from Kasetinrunko FH-M475\/ 8v\" \/>\n<meta property=\"og:url\" content=\"https:\/\/vmsport.fi\/sv\/webbutik\/reservdelar\/skivor-och-nav\/frihjul\/patronhus-fh-m475-8v\/\" \/>\n<meta property=\"og:site_name\" content=\"VM Sport\" \/>\n<meta property=\"article:publisher\" content=\"https:\/\/www.facebook.com\/Vmsport.fi\/\" \/>\n<meta property=\"article:modified_time\" content=\"2026-01-16T11:20:36+00:00\" \/>\n<meta property=\"og:image\" content=\"https:\/\/vmsport.fi\/wp-content\/uploads\/2025\/03\/KPEvK5R6NtoLSZ4bVFxa5x2YSv45YNxcVvsAVhCoEPYXkaztzV-1.jpg\" \/>\n\t<meta property=\"og:image:width\" content=\"600\" \/>\n\t<meta property=\"og:image:height\" content=\"600\" \/>\n\t<meta property=\"og:image:type\" content=\"image\/jpeg\" \/>\n<meta name=\"twitter:card\" content=\"summary_large_image\" \/>\n<script type=\"application\/ld+json\" class=\"yoast-schema-graph\">{\"@context\":\"https:\\\/\\\/schema.org\",\"@graph\":[{\"@type\":[\"WebPage\",\"ItemPage\"],\"@id\":\"https:\\\/\\\/vmsport.fi\\\/verkkokauppa\\\/varaosat\\\/kiekot-ja-navat\\\/vapaarattaat\\\/kasetinrunko-fh-m475-8v\\\/\",\"url\":\"https:\\\/\\\/vmsport.fi\\\/verkkokauppa\\\/varaosat\\\/kiekot-ja-navat\\\/vapaarattaat\\\/kasetinrunko-fh-m475-8v\\\/\",\"name\":\"Kasetinrunko FH-M475\\\/ 8v - VM Sport\",\"isPartOf\":{\"@id\":\"https:\\\/\\\/vmsport.fi\\\/#website\"},\"primaryImageOfPage\":{\"@id\":\"https:\\\/\\\/vmsport.fi\\\/verkkokauppa\\\/varaosat\\\/kiekot-ja-navat\\\/vapaarattaat\\\/kasetinrunko-fh-m475-8v\\\/#primaryimage\"},\"image\":{\"@id\":\"https:\\\/\\\/vmsport.fi\\\/verkkokauppa\\\/varaosat\\\/kiekot-ja-navat\\\/vapaarattaat\\\/kasetinrunko-fh-m475-8v\\\/#primaryimage\"},\"thumbnailUrl\":\"https:\\\/\\\/vmsport.fi\\\/wp-content\\\/uploads\\\/2025\\\/03\\\/KPEvK5R6NtoLSZ4bVFxa5x2YSv45YNxcVvsAVhCoEPYXkaztzV-1.jpg\",\"datePublished\":\"2025-03-05T22:19:18+00:00\",\"dateModified\":\"2026-01-16T11:20:36+00:00\",\"breadcrumb\":{\"@id\":\"https:\\\/\\\/vmsport.fi\\\/verkkokauppa\\\/varaosat\\\/kiekot-ja-navat\\\/vapaarattaat\\\/kasetinrunko-fh-m475-8v\\\/#breadcrumb\"},\"inLanguage\":\"sv-SE\",\"potentialAction\":[{\"@type\":\"ReadAction\",\"target\":[\"https:\\\/\\\/vmsport.fi\\\/verkkokauppa\\\/varaosat\\\/kiekot-ja-navat\\\/vapaarattaat\\\/kasetinrunko-fh-m475-8v\\\/\"]}]},{\"@type\":\"ImageObject\",\"inLanguage\":\"sv-SE\",\"@id\":\"https:\\\/\\\/vmsport.fi\\\/verkkokauppa\\\/varaosat\\\/kiekot-ja-navat\\\/vapaarattaat\\\/kasetinrunko-fh-m475-8v\\\/#primaryimage\",\"url\":\"https:\\\/\\\/vmsport.fi\\\/wp-content\\\/uploads\\\/2025\\\/03\\\/KPEvK5R6NtoLSZ4bVFxa5x2YSv45YNxcVvsAVhCoEPYXkaztzV-1.jpg\",\"contentUrl\":\"https:\\\/\\\/vmsport.fi\\\/wp-content\\\/uploads\\\/2025\\\/03\\\/KPEvK5R6NtoLSZ4bVFxa5x2YSv45YNxcVvsAVhCoEPYXkaztzV-1.jpg\",\"width\":600,\"height\":600,\"caption\":\"KPEvK5R6NtoLSZ4bVFxa5x2YSv45YNxcVvsAVhCoEPYXkaztzV\"},{\"@type\":\"BreadcrumbList\",\"@id\":\"https:\\\/\\\/vmsport.fi\\\/verkkokauppa\\\/varaosat\\\/kiekot-ja-navat\\\/vapaarattaat\\\/kasetinrunko-fh-m475-8v\\\/#breadcrumb\",\"itemListElement\":[{\"@type\":\"ListItem\",\"position\":1,\"name\":\"Etusivu\",\"item\":\"https:\\\/\\\/vmsport.fi\\\/\"},{\"@type\":\"ListItem\",\"position\":2,\"name\":\"Online Store\",\"item\":\"https:\\\/\\\/vmsport.fi\\\/en\\\/online-store\\\/\"},{\"@type\":\"ListItem\",\"position\":3,\"name\":\"Kasetinrunko FH-M475\\\/ 8v\"}]},{\"@type\":\"WebSite\",\"@id\":\"https:\\\/\\\/vmsport.fi\\\/#website\",\"url\":\"https:\\\/\\\/vmsport.fi\\\/\",\"name\":\"Vmsport\",\"description\":\"Kaikki py\u00f6r\u00e4ilyyn yhdest\u00e4 paikasta\",\"publisher\":{\"@id\":\"https:\\\/\\\/vmsport.fi\\\/#organization\"},\"potentialAction\":[{\"@type\":\"SearchAction\",\"target\":{\"@type\":\"EntryPoint\",\"urlTemplate\":\"https:\\\/\\\/vmsport.fi\\\/?s={search_term_string}\"},\"query-input\":{\"@type\":\"PropertyValueSpecification\",\"valueRequired\":true,\"valueName\":\"search_term_string\"}}],\"inLanguage\":\"sv-SE\"},{\"@type\":\"Organization\",\"@id\":\"https:\\\/\\\/vmsport.fi\\\/#organization\",\"name\":\"Vmsport\",\"url\":\"https:\\\/\\\/vmsport.fi\\\/\",\"logo\":{\"@type\":\"ImageObject\",\"inLanguage\":\"sv-SE\",\"@id\":\"https:\\\/\\\/vmsport.fi\\\/#\\\/schema\\\/logo\\\/image\\\/\",\"url\":\"https:\\\/\\\/vmsport.fi\\\/wp-content\\\/uploads\\\/2024\\\/12\\\/vm_sport_RGB_horisontal-e1734526017575.png\",\"contentUrl\":\"https:\\\/\\\/vmsport.fi\\\/wp-content\\\/uploads\\\/2024\\\/12\\\/vm_sport_RGB_horisontal-e1734526017575.png\",\"width\":668,\"height\":85,\"caption\":\"Vmsport\"},\"image\":{\"@id\":\"https:\\\/\\\/vmsport.fi\\\/#\\\/schema\\\/logo\\\/image\\\/\"},\"sameAs\":[\"https:\\\/\\\/www.facebook.com\\\/Vmsport.fi\\\/\",\"https:\\\/\\\/www.instagram.com\\\/vmsport\\\/\"]}]}<\/script>\n<!-- \/ Yoast SEO plugin. -->","yoast_head_json":{"title":"Kassettram FH-M475\/ 8v - VM Sport","robots":{"index":"index","follow":"follow","max-snippet":"max-snippet:-1","max-image-preview":"max-image-preview:large","max-video-preview":"max-video-preview:-1"},"canonical":"https:\/\/vmsport.fi\/sv\/webbutik\/reservdelar\/skivor-och-nav\/frihjul\/patronhus-fh-m475-8v\/","og_locale":"sv_SE","og_type":"article","og_title":"Kasetinrunko FH-M475\/ 8v - VM Sport","og_description":"Shimano FH-M475 -kasettinapa on suunniteltu maastopy\u00f6r\u00e4ilyyn, ja se on yhteensopiva 8-, 9-, 10- ja 11-vaihteisten MTB-kasettien kanssa. Vankka ter\u00e4srakenne takaa kest\u00e4vyyden, ja kumitiivisteet suojaavat vett\u00e4 ja likaa vastaan, est\u00e4en n\u00e4in ruostumista ja vaurioita laakeripesiss\u00e4. Kuusipulttinen jarrulevyn kiinnitys sopii yhteen Shimanon hydraulisten ja mekaanisten levyjarruj\u00e4rjestelmien kanssa. Tarjolla on kaksi eri pinnojen reik\u00e4m\u00e4\u00e4r\u00e4\u00e4, 32 ja 36, mik\u00e4 [...]L\u00e4s mer \u2026 from Kasetinrunko FH-M475\/ 8v","og_url":"https:\/\/vmsport.fi\/sv\/webbutik\/reservdelar\/skivor-och-nav\/frihjul\/patronhus-fh-m475-8v\/","og_site_name":"VM Sport","article_publisher":"https:\/\/www.facebook.com\/Vmsport.fi\/","article_modified_time":"2026-01-16T11:20:36+00:00","og_image":[{"width":600,"height":600,"url":"https:\/\/vmsport.fi\/wp-content\/uploads\/2025\/03\/KPEvK5R6NtoLSZ4bVFxa5x2YSv45YNxcVvsAVhCoEPYXkaztzV-1.jpg","type":"image\/jpeg"}],"twitter_card":"summary_large_image","schema":{"@context":"https:\/\/schema.org","@graph":[{"@type":["WebPage","ItemPage"],"@id":"https:\/\/vmsport.fi\/verkkokauppa\/varaosat\/kiekot-ja-navat\/vapaarattaat\/kasetinrunko-fh-m475-8v\/","url":"https:\/\/vmsport.fi\/verkkokauppa\/varaosat\/kiekot-ja-navat\/vapaarattaat\/kasetinrunko-fh-m475-8v\/","name":"Kassettram FH-M475\/ 8v - VM Sport","isPartOf":{"@id":"https:\/\/vmsport.fi\/#website"},"primaryImageOfPage":{"@id":"https:\/\/vmsport.fi\/verkkokauppa\/varaosat\/kiekot-ja-navat\/vapaarattaat\/kasetinrunko-fh-m475-8v\/#primaryimage"},"image":{"@id":"https:\/\/vmsport.fi\/verkkokauppa\/varaosat\/kiekot-ja-navat\/vapaarattaat\/kasetinrunko-fh-m475-8v\/#primaryimage"},"thumbnailUrl":"https:\/\/vmsport.fi\/wp-content\/uploads\/2025\/03\/KPEvK5R6NtoLSZ4bVFxa5x2YSv45YNxcVvsAVhCoEPYXkaztzV-1.jpg","datePublished":"2025-03-05T22:19:18+00:00","dateModified":"2026-01-16T11:20:36+00:00","breadcrumb":{"@id":"https:\/\/vmsport.fi\/verkkokauppa\/varaosat\/kiekot-ja-navat\/vapaarattaat\/kasetinrunko-fh-m475-8v\/#breadcrumb"},"inLanguage":"sv-SE","potentialAction":[{"@type":"ReadAction","target":["https:\/\/vmsport.fi\/verkkokauppa\/varaosat\/kiekot-ja-navat\/vapaarattaat\/kasetinrunko-fh-m475-8v\/"]}]},{"@type":"ImageObject","inLanguage":"sv-SE","@id":"https:\/\/vmsport.fi\/verkkokauppa\/varaosat\/kiekot-ja-navat\/vapaarattaat\/kasetinrunko-fh-m475-8v\/#primaryimage","url":"https:\/\/vmsport.fi\/wp-content\/uploads\/2025\/03\/KPEvK5R6NtoLSZ4bVFxa5x2YSv45YNxcVvsAVhCoEPYXkaztzV-1.jpg","contentUrl":"https:\/\/vmsport.fi\/wp-content\/uploads\/2025\/03\/KPEvK5R6NtoLSZ4bVFxa5x2YSv45YNxcVvsAVhCoEPYXkaztzV-1.jpg","width":600,"height":600,"caption":"KPEvK5R6NtoLSZ4bVFxa5x2YSv45YNxcVvsAVhCoEPYXkaztzV"},{"@type":"BreadcrumbList","@id":"https:\/\/vmsport.fi\/verkkokauppa\/varaosat\/kiekot-ja-navat\/vapaarattaat\/kasetinrunko-fh-m475-8v\/#breadcrumb","itemListElement":[{"@type":"ListItem","position":1,"name":"Etusivu","item":"https:\/\/vmsport.fi\/"},{"@type":"ListItem","position":2,"name":"Online Store","item":"https:\/\/vmsport.fi\/en\/online-store\/"},{"@type":"ListItem","position":3,"name":"Kasetinrunko FH-M475\/ 8v"}]},{"@type":"WebSite","@id":"https:\/\/vmsport.fi\/#website","url":"https:\/\/vmsport.fi\/","name":"Vmsport","description":"Allt p\u00e5 ett st\u00e4lle f\u00f6r cykling","publisher":{"@id":"https:\/\/vmsport.fi\/#organization"},"potentialAction":[{"@type":"SearchAction","target":{"@type":"EntryPoint","urlTemplate":"https:\/\/vmsport.fi\/?s={search_term_string}"},"query-input":{"@type":"PropertyValueSpecification","valueRequired":true,"valueName":"search_term_string"}}],"inLanguage":"sv-SE"},{"@type":"Organization","@id":"https:\/\/vmsport.fi\/#organization","name":"Vmsport","url":"https:\/\/vmsport.fi\/","logo":{"@type":"ImageObject","inLanguage":"sv-SE","@id":"https:\/\/vmsport.fi\/#\/schema\/logo\/image\/","url":"https:\/\/vmsport.fi\/wp-content\/uploads\/2024\/12\/vm_sport_RGB_horisontal-e1734526017575.png","contentUrl":"https:\/\/vmsport.fi\/wp-content\/uploads\/2024\/12\/vm_sport_RGB_horisontal-e1734526017575.png","width":668,"height":85,"caption":"Vmsport"},"image":{"@id":"https:\/\/vmsport.fi\/#\/schema\/logo\/image\/"},"sameAs":["https:\/\/www.facebook.com\/Vmsport.fi\/","https:\/\/www.instagram.com\/vmsport\/"]}]}},"global_unique_id":"","_links":{"self":[{"href":"https:\/\/vmsport.fi\/sv\/wp-json\/wp\/v2\/product\/56380","targetHints":{"allow":["GET"]}}],"collection":[{"href":"https:\/\/vmsport.fi\/sv\/wp-json\/wp\/v2\/product"}],"about":[{"href":"https:\/\/vmsport.fi\/sv\/wp-json\/wp\/v2\/types\/product"}],"replies":[{"embeddable":true,"href":"https:\/\/vmsport.fi\/sv\/wp-json\/wp\/v2\/comments?post=56380"}],"wp:featuredmedia":[{"embeddable":true,"href":"https:\/\/vmsport.fi\/sv\/wp-json\/wp\/v2\/media\/56379"}],"wp:attachment":[{"href":"https:\/\/vmsport.fi\/sv\/wp-json\/wp\/v2\/media?parent=56380"}],"wp:term":[{"taxonomy":"product_brand","embeddable":true,"href":"https:\/\/vmsport.fi\/sv\/wp-json\/wp\/v2\/product_brand?post=56380"},{"taxonomy":"product_model","embeddable":true,"href":"https:\/\/vmsport.fi\/sv\/wp-json\/wp\/v2\/product_model?post=56380"},{"taxonomy":"product_cat","embeddable":true,"href":"https:\/\/vmsport.fi\/sv\/wp-json\/wp\/v2\/product_cat?post=56380"},{"taxonomy":"product_tag","embeddable":true,"href":"https:\/\/vmsport.fi\/sv\/wp-json\/wp\/v2\/product_tag?post=56380"},{"taxonomy":"industry_terminology","embeddable":true,"href":"https:\/\/vmsport.fi\/sv\/wp-json\/wp\/v2\/industry-terminology?post=56380"}],"curies":[{"name":"wp","href":"https:\/\/api.w.org\/{rel}","templated":true}]}}