{"id":56376,"date":"2025-03-06T00:19:17","date_gmt":"2025-03-05T22:19:17","guid":{"rendered":"https:\/\/vmsport.fi\/verkkokauppa\/Ei-luokiteltu\/eturatas-40t-ax-acera-fc-m3000\/"},"modified":"2026-01-16T13:22:38","modified_gmt":"2026-01-16T11:22:38","slug":"40t-axelhjul-acera-fc-m3000","status":"publish","type":"product","link":"https:\/\/vmsport.fi\/sv\/verkkokauppa\/varaosat\/voimansiirto\/eturattaat\/eturatas-40t-ax-acera-fc-m3000\/","title":{"rendered":"40T-AX Acera FC-M3000 framhjul"},"content":{"rendered":"<p>Framhjulet 40T-AX Acera FC-M3000 \u00e4r en p\u00e5litlig cykelkomponent som \u00e4r utformad f\u00f6r att f\u00f6rb\u00e4ttra din k\u00f6rupplevelse. Detta 40-tandade kedjehjul \u00e4r en del av Acera-serien, s\u00e5 det erbjuder j\u00e4mn kraft\u00f6verf\u00f6ring och h\u00e5llbarhet \u00e4ven under utmanande f\u00f6rh\u00e5llanden. Kedjehjulet \u00e4r kompatibelt med FC-M3000 vevpartiet, vilket s\u00e4kerst\u00e4ller s\u00f6ml\u00f6s integrering i din cykel. K\u00f6rk\u00e4nslan f\u00f6rb\u00e4ttras med optimal kontakt mellan kedja och kedjehjul, vilket ger effektiv trampning. Oavsett om du \u00e4r en inbiten mountainbikecyklist eller en vardagscyklist erbjuder det h\u00e4r framhjulet prestanda och tillf\u00f6rlitlighet p\u00e5 alla stigar.<\/p>","protected":false},"excerpt":{"rendered":"<p>Eturatas 40T-AX Acera FC-M3000 on luotettava py\u00f6r\u00e4ilykomponentti, joka on suunniteltu parantamaan ajokokemustasi. T\u00e4m\u00e4 40-hampainen ketjupy\u00f6r\u00e4 on osa Acera-sarjaa, joten se tarjoaa sujuvan voimansiirron ja kest\u00e4vyyden haastavissakin olosuhteissa. Ketjupy\u00f6r\u00e4 on yhteensopiva FC-M3000-kampisarjan kanssa, mik\u00e4 varmistaa saumattoman integroitumisen py\u00f6r\u00e4\u00e4si. Ajotuntuma paranee, kun ketjun ja hammaspy\u00f6r\u00e4n v\u00e4linen yhteys on optimaalinen, varmistaen tehokkuuden polkemisessa. Olitpa sitten innokas maastopy\u00f6r\u00e4ilij\u00e4 tai [&#8230;]<\/p>\n<p><a class=\"btn btn-secondary understrap-read-more-link\" href=\"https:\/\/vmsport.fi\/sv\/verkkokauppa\/varaosat\/voimansiirto\/eturattaat\/eturatas-40t-ax-acera-fc-m3000\/\">L\u00e4s mer \u2026<span class=\"screen-reader-text\"> from Eturatas 40T-AX Acera FC-M3000<\/span><\/a><\/p>\n","protected":false},"featured_media":56375,"comment_status":"open","ping_status":"closed","template":"","meta":{"_acf_changed":false,"_improvement_type_select":"improve_an_existing","_thumb_yes_seoaic":false,"_frame_yes_seoaic":false,"seoaic_generate_description":"","seoaic_improve_instructions_prompt":"","seoaic_rollback_content_improvement":"","seoaic_idea_thumbnail_generator":"","thumbnail_generated":false,"thumbnail_generate_prompt":"","seoaic_article_description":"","_supplier_stock_quantity":0},"product_brand":[],"product_model":[],"product_cat":[9252],"product_tag":[],"industry-terminology":[],"class_list":{"0":"post-56376","1":"product","2":"type-product","3":"status-publish","4":"has-post-thumbnail","6":"product_cat-eturattaat","8":"first","9":"outofstock","10":"taxable","11":"shipping-taxable","12":"product-type-simple"},"acf":{"bike_features":null,"overview":{"copy_overview":null,"key_features":null,"statement":"","youtube_url":""}},"yoast_head":"<!-- This site is optimized with the Yoast SEO plugin v27.3 - https:\/\/yoast.com\/product\/yoast-seo-wordpress\/ -->\n<title>Eturatas 40T-AX Acera FC-M3000 - VM Sport<\/title>\n<meta name=\"robots\" content=\"index, follow, max-snippet:-1, max-image-preview:large, max-video-preview:-1\" \/>\n<link rel=\"canonical\" href=\"https:\/\/vmsport.fi\/sv\/webbutik\/reservdelar\/transmission\/framhjulsdrift\/40t-axelhjul-acera-fc-m3000\/\" \/>\n<meta property=\"og:locale\" content=\"sv_SE\" \/>\n<meta property=\"og:type\" content=\"article\" \/>\n<meta property=\"og:title\" content=\"Eturatas 40T-AX Acera FC-M3000 - VM Sport\" \/>\n<meta property=\"og:description\" content=\"Eturatas 40T-AX Acera FC-M3000 on luotettava py\u00f6r\u00e4ilykomponentti, joka on suunniteltu parantamaan ajokokemustasi. T\u00e4m\u00e4 40-hampainen ketjupy\u00f6r\u00e4 on osa Acera-sarjaa, joten se tarjoaa sujuvan voimansiirron ja kest\u00e4vyyden haastavissakin olosuhteissa. Ketjupy\u00f6r\u00e4 on yhteensopiva FC-M3000-kampisarjan kanssa, mik\u00e4 varmistaa saumattoman integroitumisen py\u00f6r\u00e4\u00e4si. Ajotuntuma paranee, kun ketjun ja hammaspy\u00f6r\u00e4n v\u00e4linen yhteys on optimaalinen, varmistaen tehokkuuden polkemisessa. Olitpa sitten innokas maastopy\u00f6r\u00e4ilij\u00e4 tai [...]L\u00e4s mer \u2026 from Eturatas 40T-AX Acera FC-M3000\" \/>\n<meta property=\"og:url\" content=\"https:\/\/vmsport.fi\/sv\/webbutik\/reservdelar\/transmission\/framhjulsdrift\/40t-axelhjul-acera-fc-m3000\/\" \/>\n<meta property=\"og:site_name\" content=\"VM Sport\" \/>\n<meta property=\"article:publisher\" content=\"https:\/\/www.facebook.com\/Vmsport.fi\/\" \/>\n<meta property=\"article:modified_time\" content=\"2026-01-16T11:22:38+00:00\" \/>\n<meta property=\"og:image\" content=\"https:\/\/vmsport.fi\/wp-content\/uploads\/2025\/03\/GrgXwJe4iEijnHvaX9lnrfP71hYfrzJncl6MlXe7GilMw4bfkl-1.jpg\" \/>\n\t<meta property=\"og:image:width\" content=\"600\" \/>\n\t<meta property=\"og:image:height\" content=\"600\" \/>\n\t<meta property=\"og:image:type\" content=\"image\/jpeg\" \/>\n<meta name=\"twitter:card\" content=\"summary_large_image\" \/>\n<script type=\"application\/ld+json\" class=\"yoast-schema-graph\">{\"@context\":\"https:\\\/\\\/schema.org\",\"@graph\":[{\"@type\":[\"WebPage\",\"ItemPage\"],\"@id\":\"https:\\\/\\\/vmsport.fi\\\/verkkokauppa\\\/varaosat\\\/voimansiirto\\\/eturattaat\\\/eturatas-40t-ax-acera-fc-m3000\\\/\",\"url\":\"https:\\\/\\\/vmsport.fi\\\/verkkokauppa\\\/varaosat\\\/voimansiirto\\\/eturattaat\\\/eturatas-40t-ax-acera-fc-m3000\\\/\",\"name\":\"Eturatas 40T-AX Acera FC-M3000 - VM Sport\",\"isPartOf\":{\"@id\":\"https:\\\/\\\/vmsport.fi\\\/#website\"},\"primaryImageOfPage\":{\"@id\":\"https:\\\/\\\/vmsport.fi\\\/verkkokauppa\\\/varaosat\\\/voimansiirto\\\/eturattaat\\\/eturatas-40t-ax-acera-fc-m3000\\\/#primaryimage\"},\"image\":{\"@id\":\"https:\\\/\\\/vmsport.fi\\\/verkkokauppa\\\/varaosat\\\/voimansiirto\\\/eturattaat\\\/eturatas-40t-ax-acera-fc-m3000\\\/#primaryimage\"},\"thumbnailUrl\":\"https:\\\/\\\/vmsport.fi\\\/wp-content\\\/uploads\\\/2025\\\/03\\\/GrgXwJe4iEijnHvaX9lnrfP71hYfrzJncl6MlXe7GilMw4bfkl-1.jpg\",\"datePublished\":\"2025-03-05T22:19:17+00:00\",\"dateModified\":\"2026-01-16T11:22:38+00:00\",\"breadcrumb\":{\"@id\":\"https:\\\/\\\/vmsport.fi\\\/verkkokauppa\\\/varaosat\\\/voimansiirto\\\/eturattaat\\\/eturatas-40t-ax-acera-fc-m3000\\\/#breadcrumb\"},\"inLanguage\":\"sv-SE\",\"potentialAction\":[{\"@type\":\"ReadAction\",\"target\":[\"https:\\\/\\\/vmsport.fi\\\/verkkokauppa\\\/varaosat\\\/voimansiirto\\\/eturattaat\\\/eturatas-40t-ax-acera-fc-m3000\\\/\"]}]},{\"@type\":\"ImageObject\",\"inLanguage\":\"sv-SE\",\"@id\":\"https:\\\/\\\/vmsport.fi\\\/verkkokauppa\\\/varaosat\\\/voimansiirto\\\/eturattaat\\\/eturatas-40t-ax-acera-fc-m3000\\\/#primaryimage\",\"url\":\"https:\\\/\\\/vmsport.fi\\\/wp-content\\\/uploads\\\/2025\\\/03\\\/GrgXwJe4iEijnHvaX9lnrfP71hYfrzJncl6MlXe7GilMw4bfkl-1.jpg\",\"contentUrl\":\"https:\\\/\\\/vmsport.fi\\\/wp-content\\\/uploads\\\/2025\\\/03\\\/GrgXwJe4iEijnHvaX9lnrfP71hYfrzJncl6MlXe7GilMw4bfkl-1.jpg\",\"width\":600,\"height\":600,\"caption\":\"GrgXwJe4iEijnHvaX9lnrfP71hYfrzJncl6MlXe7GilMw4bfkl\"},{\"@type\":\"BreadcrumbList\",\"@id\":\"https:\\\/\\\/vmsport.fi\\\/verkkokauppa\\\/varaosat\\\/voimansiirto\\\/eturattaat\\\/eturatas-40t-ax-acera-fc-m3000\\\/#breadcrumb\",\"itemListElement\":[{\"@type\":\"ListItem\",\"position\":1,\"name\":\"Etusivu\",\"item\":\"https:\\\/\\\/vmsport.fi\\\/\"},{\"@type\":\"ListItem\",\"position\":2,\"name\":\"Online Store\",\"item\":\"https:\\\/\\\/vmsport.fi\\\/en\\\/online-store\\\/\"},{\"@type\":\"ListItem\",\"position\":3,\"name\":\"Eturatas 40T-AX Acera FC-M3000\"}]},{\"@type\":\"WebSite\",\"@id\":\"https:\\\/\\\/vmsport.fi\\\/#website\",\"url\":\"https:\\\/\\\/vmsport.fi\\\/\",\"name\":\"Vmsport\",\"description\":\"Kaikki py\u00f6r\u00e4ilyyn yhdest\u00e4 paikasta\",\"publisher\":{\"@id\":\"https:\\\/\\\/vmsport.fi\\\/#organization\"},\"potentialAction\":[{\"@type\":\"SearchAction\",\"target\":{\"@type\":\"EntryPoint\",\"urlTemplate\":\"https:\\\/\\\/vmsport.fi\\\/?s={search_term_string}\"},\"query-input\":{\"@type\":\"PropertyValueSpecification\",\"valueRequired\":true,\"valueName\":\"search_term_string\"}}],\"inLanguage\":\"sv-SE\"},{\"@type\":\"Organization\",\"@id\":\"https:\\\/\\\/vmsport.fi\\\/#organization\",\"name\":\"Vmsport\",\"url\":\"https:\\\/\\\/vmsport.fi\\\/\",\"logo\":{\"@type\":\"ImageObject\",\"inLanguage\":\"sv-SE\",\"@id\":\"https:\\\/\\\/vmsport.fi\\\/#\\\/schema\\\/logo\\\/image\\\/\",\"url\":\"https:\\\/\\\/vmsport.fi\\\/wp-content\\\/uploads\\\/2024\\\/12\\\/vm_sport_RGB_horisontal-e1734526017575.png\",\"contentUrl\":\"https:\\\/\\\/vmsport.fi\\\/wp-content\\\/uploads\\\/2024\\\/12\\\/vm_sport_RGB_horisontal-e1734526017575.png\",\"width\":668,\"height\":85,\"caption\":\"Vmsport\"},\"image\":{\"@id\":\"https:\\\/\\\/vmsport.fi\\\/#\\\/schema\\\/logo\\\/image\\\/\"},\"sameAs\":[\"https:\\\/\\\/www.facebook.com\\\/Vmsport.fi\\\/\",\"https:\\\/\\\/www.instagram.com\\\/vmsport\\\/\"]}]}<\/script>\n<!-- \/ Yoast SEO plugin. -->","yoast_head_json":{"title":"Eturatas 40T-AX Acera FC-M3000 - VM Sport","robots":{"index":"index","follow":"follow","max-snippet":"max-snippet:-1","max-image-preview":"max-image-preview:large","max-video-preview":"max-video-preview:-1"},"canonical":"https:\/\/vmsport.fi\/sv\/webbutik\/reservdelar\/transmission\/framhjulsdrift\/40t-axelhjul-acera-fc-m3000\/","og_locale":"sv_SE","og_type":"article","og_title":"Eturatas 40T-AX Acera FC-M3000 - VM Sport","og_description":"Eturatas 40T-AX Acera FC-M3000 on luotettava py\u00f6r\u00e4ilykomponentti, joka on suunniteltu parantamaan ajokokemustasi. T\u00e4m\u00e4 40-hampainen ketjupy\u00f6r\u00e4 on osa Acera-sarjaa, joten se tarjoaa sujuvan voimansiirron ja kest\u00e4vyyden haastavissakin olosuhteissa. Ketjupy\u00f6r\u00e4 on yhteensopiva FC-M3000-kampisarjan kanssa, mik\u00e4 varmistaa saumattoman integroitumisen py\u00f6r\u00e4\u00e4si. Ajotuntuma paranee, kun ketjun ja hammaspy\u00f6r\u00e4n v\u00e4linen yhteys on optimaalinen, varmistaen tehokkuuden polkemisessa. Olitpa sitten innokas maastopy\u00f6r\u00e4ilij\u00e4 tai [...]L\u00e4s mer \u2026 from Eturatas 40T-AX Acera FC-M3000","og_url":"https:\/\/vmsport.fi\/sv\/webbutik\/reservdelar\/transmission\/framhjulsdrift\/40t-axelhjul-acera-fc-m3000\/","og_site_name":"VM Sport","article_publisher":"https:\/\/www.facebook.com\/Vmsport.fi\/","article_modified_time":"2026-01-16T11:22:38+00:00","og_image":[{"width":600,"height":600,"url":"https:\/\/vmsport.fi\/wp-content\/uploads\/2025\/03\/GrgXwJe4iEijnHvaX9lnrfP71hYfrzJncl6MlXe7GilMw4bfkl-1.jpg","type":"image\/jpeg"}],"twitter_card":"summary_large_image","schema":{"@context":"https:\/\/schema.org","@graph":[{"@type":["WebPage","ItemPage"],"@id":"https:\/\/vmsport.fi\/verkkokauppa\/varaosat\/voimansiirto\/eturattaat\/eturatas-40t-ax-acera-fc-m3000\/","url":"https:\/\/vmsport.fi\/verkkokauppa\/varaosat\/voimansiirto\/eturattaat\/eturatas-40t-ax-acera-fc-m3000\/","name":"Eturatas 40T-AX Acera FC-M3000 - VM Sport","isPartOf":{"@id":"https:\/\/vmsport.fi\/#website"},"primaryImageOfPage":{"@id":"https:\/\/vmsport.fi\/verkkokauppa\/varaosat\/voimansiirto\/eturattaat\/eturatas-40t-ax-acera-fc-m3000\/#primaryimage"},"image":{"@id":"https:\/\/vmsport.fi\/verkkokauppa\/varaosat\/voimansiirto\/eturattaat\/eturatas-40t-ax-acera-fc-m3000\/#primaryimage"},"thumbnailUrl":"https:\/\/vmsport.fi\/wp-content\/uploads\/2025\/03\/GrgXwJe4iEijnHvaX9lnrfP71hYfrzJncl6MlXe7GilMw4bfkl-1.jpg","datePublished":"2025-03-05T22:19:17+00:00","dateModified":"2026-01-16T11:22:38+00:00","breadcrumb":{"@id":"https:\/\/vmsport.fi\/verkkokauppa\/varaosat\/voimansiirto\/eturattaat\/eturatas-40t-ax-acera-fc-m3000\/#breadcrumb"},"inLanguage":"sv-SE","potentialAction":[{"@type":"ReadAction","target":["https:\/\/vmsport.fi\/verkkokauppa\/varaosat\/voimansiirto\/eturattaat\/eturatas-40t-ax-acera-fc-m3000\/"]}]},{"@type":"ImageObject","inLanguage":"sv-SE","@id":"https:\/\/vmsport.fi\/verkkokauppa\/varaosat\/voimansiirto\/eturattaat\/eturatas-40t-ax-acera-fc-m3000\/#primaryimage","url":"https:\/\/vmsport.fi\/wp-content\/uploads\/2025\/03\/GrgXwJe4iEijnHvaX9lnrfP71hYfrzJncl6MlXe7GilMw4bfkl-1.jpg","contentUrl":"https:\/\/vmsport.fi\/wp-content\/uploads\/2025\/03\/GrgXwJe4iEijnHvaX9lnrfP71hYfrzJncl6MlXe7GilMw4bfkl-1.jpg","width":600,"height":600,"caption":"GrgXwJe4iEijnHvaX9lnrfP71hYfrzJncl6MlXe7GilMw4bfkl"},{"@type":"BreadcrumbList","@id":"https:\/\/vmsport.fi\/verkkokauppa\/varaosat\/voimansiirto\/eturattaat\/eturatas-40t-ax-acera-fc-m3000\/#breadcrumb","itemListElement":[{"@type":"ListItem","position":1,"name":"Etusivu","item":"https:\/\/vmsport.fi\/"},{"@type":"ListItem","position":2,"name":"Online Store","item":"https:\/\/vmsport.fi\/en\/online-store\/"},{"@type":"ListItem","position":3,"name":"Eturatas 40T-AX Acera FC-M3000"}]},{"@type":"WebSite","@id":"https:\/\/vmsport.fi\/#website","url":"https:\/\/vmsport.fi\/","name":"Vmsport","description":"Allt p\u00e5 ett st\u00e4lle f\u00f6r cykling","publisher":{"@id":"https:\/\/vmsport.fi\/#organization"},"potentialAction":[{"@type":"SearchAction","target":{"@type":"EntryPoint","urlTemplate":"https:\/\/vmsport.fi\/?s={search_term_string}"},"query-input":{"@type":"PropertyValueSpecification","valueRequired":true,"valueName":"search_term_string"}}],"inLanguage":"sv-SE"},{"@type":"Organization","@id":"https:\/\/vmsport.fi\/#organization","name":"Vmsport","url":"https:\/\/vmsport.fi\/","logo":{"@type":"ImageObject","inLanguage":"sv-SE","@id":"https:\/\/vmsport.fi\/#\/schema\/logo\/image\/","url":"https:\/\/vmsport.fi\/wp-content\/uploads\/2024\/12\/vm_sport_RGB_horisontal-e1734526017575.png","contentUrl":"https:\/\/vmsport.fi\/wp-content\/uploads\/2024\/12\/vm_sport_RGB_horisontal-e1734526017575.png","width":668,"height":85,"caption":"Vmsport"},"image":{"@id":"https:\/\/vmsport.fi\/#\/schema\/logo\/image\/"},"sameAs":["https:\/\/www.facebook.com\/Vmsport.fi\/","https:\/\/www.instagram.com\/vmsport\/"]}]}},"global_unique_id":"","_links":{"self":[{"href":"https:\/\/vmsport.fi\/sv\/wp-json\/wp\/v2\/product\/56376","targetHints":{"allow":["GET"]}}],"collection":[{"href":"https:\/\/vmsport.fi\/sv\/wp-json\/wp\/v2\/product"}],"about":[{"href":"https:\/\/vmsport.fi\/sv\/wp-json\/wp\/v2\/types\/product"}],"replies":[{"embeddable":true,"href":"https:\/\/vmsport.fi\/sv\/wp-json\/wp\/v2\/comments?post=56376"}],"wp:featuredmedia":[{"embeddable":true,"href":"https:\/\/vmsport.fi\/sv\/wp-json\/wp\/v2\/media\/56375"}],"wp:attachment":[{"href":"https:\/\/vmsport.fi\/sv\/wp-json\/wp\/v2\/media?parent=56376"}],"wp:term":[{"taxonomy":"product_brand","embeddable":true,"href":"https:\/\/vmsport.fi\/sv\/wp-json\/wp\/v2\/product_brand?post=56376"},{"taxonomy":"product_model","embeddable":true,"href":"https:\/\/vmsport.fi\/sv\/wp-json\/wp\/v2\/product_model?post=56376"},{"taxonomy":"product_cat","embeddable":true,"href":"https:\/\/vmsport.fi\/sv\/wp-json\/wp\/v2\/product_cat?post=56376"},{"taxonomy":"product_tag","embeddable":true,"href":"https:\/\/vmsport.fi\/sv\/wp-json\/wp\/v2\/product_tag?post=56376"},{"taxonomy":"industry_terminology","embeddable":true,"href":"https:\/\/vmsport.fi\/sv\/wp-json\/wp\/v2\/industry-terminology?post=56376"}],"curies":[{"name":"wp","href":"https:\/\/api.w.org\/{rel}","templated":true}]}}