{"id":56374,"date":"2025-03-06T00:19:16","date_gmt":"2025-03-05T22:19:16","guid":{"rendered":"https:\/\/vmsport.fi\/verkkokauppa\/Ei-luokiteltu\/poc-joint-vpd-air-elbow\/"},"modified":"2026-01-16T13:32:36","modified_gmt":"2026-01-16T11:32:36","slug":"poc-skarv-vpd-luftvinkel","status":"publish","type":"product","link":"https:\/\/vmsport.fi\/sv\/verkkokauppa\/ajovarusteet\/suojavarusteet\/kyynarsuojat\/poc-joint-vpd-air-elbow\/","title":{"rendered":"POC-led VPD luftvinkel"},"content":{"rendered":"<p>POC Joint VPD Air armb\u00e5gsskydd erbjuder en utm\u00e4rkt kombination av l\u00e4tthet och andningsf\u00f6rm\u00e5ga, vilket g\u00f6r dem idealiska f\u00f6r sport. Trots det l\u00e4tta materialet anpassar sig VPD-tekniken till kroppens r\u00f6relser och absorberar effektivt st\u00f6tar f\u00f6r att uppr\u00e4tth\u00e5lla en h\u00f6g skyddsniv\u00e5. Denna adaptiva skyddsutrustning h\u00e5lls p\u00e5 plats med noggrant utformade remmar och strukturer f\u00f6r att s\u00e4kerst\u00e4lla en bekv\u00e4m passform under hela tr\u00e4ningspasset.<\/p>","protected":false},"excerpt":{"rendered":"<p>POC Joint VPD Air Elbow -suojat tarjoavat erinomaisen yhdistelm\u00e4n keveytt\u00e4 ja hengitt\u00e4vyytt\u00e4, mik\u00e4 tekee niist\u00e4 ihanteelliset urheiluun. Kevyest\u00e4 materiaalista huolimatta suojaus s\u00e4ilyy korkeatasoisena, sill\u00e4 VPD-teknologia mukautuu kehon liikkeisiin ja vaimentaa iskuja tehokkaasti. T\u00e4m\u00e4 mukautuva suojavaruste pysyy paikoillaan, koska siin\u00e4 on tarkasti suunnitellut hihnat ja rakenteet, jotka takaavat mukavan istuvuuden koko harjoituksen ajan. [&#8230;]<\/p>\n<p><a class=\"btn btn-secondary understrap-read-more-link\" href=\"https:\/\/vmsport.fi\/sv\/verkkokauppa\/ajovarusteet\/suojavarusteet\/kyynarsuojat\/poc-joint-vpd-air-elbow\/\">L\u00e4s mer \u2026<span class=\"screen-reader-text\"> from POC Joint VPD Air Elbow<\/span><\/a><\/p>\n","protected":false},"featured_media":56372,"comment_status":"open","ping_status":"closed","template":"","meta":{"_acf_changed":false,"_improvement_type_select":"improve_an_existing","_thumb_yes_seoaic":false,"_frame_yes_seoaic":false,"seoaic_generate_description":"","seoaic_improve_instructions_prompt":"","seoaic_rollback_content_improvement":"","seoaic_idea_thumbnail_generator":"","thumbnail_generated":false,"thumbnail_generate_prompt":"","seoaic_article_description":"","_supplier_stock_quantity":0},"product_brand":[],"product_model":[],"product_cat":[9508],"product_tag":[],"industry-terminology":[],"class_list":{"0":"post-56374","1":"product","2":"type-product","3":"status-publish","4":"has-post-thumbnail","6":"product_cat-kyynarsuojat","8":"first","9":"instock","10":"sale","11":"taxable","12":"shipping-taxable","13":"purchasable","14":"product-type-variable"},"acf":{"bike_features":null,"overview":{"copy_overview":null,"key_features":null,"statement":"","youtube_url":""}},"yoast_head":"<!-- This site is optimized with the Yoast SEO plugin v27.3 - https:\/\/yoast.com\/product\/yoast-seo-wordpress\/ -->\n<title>POC Joint VPD Air Elbow - VM Sport<\/title>\n<meta name=\"robots\" content=\"index, follow, max-snippet:-1, max-image-preview:large, max-video-preview:-1\" \/>\n<link rel=\"canonical\" href=\"https:\/\/vmsport.fi\/sv\/webbutik\/korutrustning\/skyddsutrustning\/rivskydd\/poc-skarv-vpd-luftvinkel\/\" \/>\n<meta property=\"og:locale\" content=\"sv_SE\" \/>\n<meta property=\"og:type\" content=\"article\" \/>\n<meta property=\"og:title\" content=\"POC Joint VPD Air Elbow - VM Sport\" \/>\n<meta property=\"og:description\" content=\"POC Joint VPD Air Elbow -suojat tarjoavat erinomaisen yhdistelm\u00e4n keveytt\u00e4 ja hengitt\u00e4vyytt\u00e4, mik\u00e4 tekee niist\u00e4 ihanteelliset urheiluun. Kevyest\u00e4 materiaalista huolimatta suojaus s\u00e4ilyy korkeatasoisena, sill\u00e4 VPD-teknologia mukautuu kehon liikkeisiin ja vaimentaa iskuja tehokkaasti. T\u00e4m\u00e4 mukautuva suojavaruste pysyy paikoillaan, koska siin\u00e4 on tarkasti suunnitellut hihnat ja rakenteet, jotka takaavat mukavan istuvuuden koko harjoituksen ajan. [...]L\u00e4s mer \u2026 from POC Joint VPD Air Elbow\" \/>\n<meta property=\"og:url\" content=\"https:\/\/vmsport.fi\/sv\/webbutik\/korutrustning\/skyddsutrustning\/rivskydd\/poc-skarv-vpd-luftvinkel\/\" \/>\n<meta property=\"og:site_name\" content=\"VM Sport\" \/>\n<meta property=\"article:publisher\" content=\"https:\/\/www.facebook.com\/Vmsport.fi\/\" \/>\n<meta property=\"article:modified_time\" content=\"2026-01-16T11:32:36+00:00\" \/>\n<meta property=\"og:image\" content=\"https:\/\/vmsport.fi\/wp-content\/uploads\/2025\/03\/20430-JointVPDAirElbow-1002-UraniumBlack-4-1.jpg\" \/>\n\t<meta property=\"og:image:width\" content=\"1000\" \/>\n\t<meta property=\"og:image:height\" content=\"1000\" \/>\n\t<meta property=\"og:image:type\" content=\"image\/jpeg\" \/>\n<meta name=\"twitter:card\" content=\"summary_large_image\" \/>\n<script type=\"application\/ld+json\" class=\"yoast-schema-graph\">{\"@context\":\"https:\\\/\\\/schema.org\",\"@graph\":[{\"@type\":[\"WebPage\",\"ItemPage\"],\"@id\":\"https:\\\/\\\/vmsport.fi\\\/verkkokauppa\\\/ajovarusteet\\\/suojavarusteet\\\/kyynarsuojat\\\/poc-joint-vpd-air-elbow\\\/\",\"url\":\"https:\\\/\\\/vmsport.fi\\\/verkkokauppa\\\/ajovarusteet\\\/suojavarusteet\\\/kyynarsuojat\\\/poc-joint-vpd-air-elbow\\\/\",\"name\":\"POC Joint VPD Air Elbow - VM Sport\",\"isPartOf\":{\"@id\":\"https:\\\/\\\/vmsport.fi\\\/#website\"},\"primaryImageOfPage\":{\"@id\":\"https:\\\/\\\/vmsport.fi\\\/verkkokauppa\\\/ajovarusteet\\\/suojavarusteet\\\/kyynarsuojat\\\/poc-joint-vpd-air-elbow\\\/#primaryimage\"},\"image\":{\"@id\":\"https:\\\/\\\/vmsport.fi\\\/verkkokauppa\\\/ajovarusteet\\\/suojavarusteet\\\/kyynarsuojat\\\/poc-joint-vpd-air-elbow\\\/#primaryimage\"},\"thumbnailUrl\":\"https:\\\/\\\/vmsport.fi\\\/wp-content\\\/uploads\\\/2025\\\/03\\\/20430-JointVPDAirElbow-1002-UraniumBlack-4-1.jpg\",\"datePublished\":\"2025-03-05T22:19:16+00:00\",\"dateModified\":\"2026-01-16T11:32:36+00:00\",\"breadcrumb\":{\"@id\":\"https:\\\/\\\/vmsport.fi\\\/verkkokauppa\\\/ajovarusteet\\\/suojavarusteet\\\/kyynarsuojat\\\/poc-joint-vpd-air-elbow\\\/#breadcrumb\"},\"inLanguage\":\"sv-SE\",\"potentialAction\":[{\"@type\":\"ReadAction\",\"target\":[\"https:\\\/\\\/vmsport.fi\\\/verkkokauppa\\\/ajovarusteet\\\/suojavarusteet\\\/kyynarsuojat\\\/poc-joint-vpd-air-elbow\\\/\"]}]},{\"@type\":\"ImageObject\",\"inLanguage\":\"sv-SE\",\"@id\":\"https:\\\/\\\/vmsport.fi\\\/verkkokauppa\\\/ajovarusteet\\\/suojavarusteet\\\/kyynarsuojat\\\/poc-joint-vpd-air-elbow\\\/#primaryimage\",\"url\":\"https:\\\/\\\/vmsport.fi\\\/wp-content\\\/uploads\\\/2025\\\/03\\\/20430-JointVPDAirElbow-1002-UraniumBlack-4-1.jpg\",\"contentUrl\":\"https:\\\/\\\/vmsport.fi\\\/wp-content\\\/uploads\\\/2025\\\/03\\\/20430-JointVPDAirElbow-1002-UraniumBlack-4-1.jpg\",\"width\":1000,\"height\":1000,\"caption\":\"20430-JointVPDAirElbow-1002-UraniumBlack-4\"},{\"@type\":\"BreadcrumbList\",\"@id\":\"https:\\\/\\\/vmsport.fi\\\/verkkokauppa\\\/ajovarusteet\\\/suojavarusteet\\\/kyynarsuojat\\\/poc-joint-vpd-air-elbow\\\/#breadcrumb\",\"itemListElement\":[{\"@type\":\"ListItem\",\"position\":1,\"name\":\"Etusivu\",\"item\":\"https:\\\/\\\/vmsport.fi\\\/\"},{\"@type\":\"ListItem\",\"position\":2,\"name\":\"Online Store\",\"item\":\"https:\\\/\\\/vmsport.fi\\\/en\\\/online-store\\\/\"},{\"@type\":\"ListItem\",\"position\":3,\"name\":\"POC Joint VPD Air Elbow\"}]},{\"@type\":\"WebSite\",\"@id\":\"https:\\\/\\\/vmsport.fi\\\/#website\",\"url\":\"https:\\\/\\\/vmsport.fi\\\/\",\"name\":\"Vmsport\",\"description\":\"Kaikki py\u00f6r\u00e4ilyyn yhdest\u00e4 paikasta\",\"publisher\":{\"@id\":\"https:\\\/\\\/vmsport.fi\\\/#organization\"},\"potentialAction\":[{\"@type\":\"SearchAction\",\"target\":{\"@type\":\"EntryPoint\",\"urlTemplate\":\"https:\\\/\\\/vmsport.fi\\\/?s={search_term_string}\"},\"query-input\":{\"@type\":\"PropertyValueSpecification\",\"valueRequired\":true,\"valueName\":\"search_term_string\"}}],\"inLanguage\":\"sv-SE\"},{\"@type\":\"Organization\",\"@id\":\"https:\\\/\\\/vmsport.fi\\\/#organization\",\"name\":\"Vmsport\",\"url\":\"https:\\\/\\\/vmsport.fi\\\/\",\"logo\":{\"@type\":\"ImageObject\",\"inLanguage\":\"sv-SE\",\"@id\":\"https:\\\/\\\/vmsport.fi\\\/#\\\/schema\\\/logo\\\/image\\\/\",\"url\":\"https:\\\/\\\/vmsport.fi\\\/wp-content\\\/uploads\\\/2024\\\/12\\\/vm_sport_RGB_horisontal-e1734526017575.png\",\"contentUrl\":\"https:\\\/\\\/vmsport.fi\\\/wp-content\\\/uploads\\\/2024\\\/12\\\/vm_sport_RGB_horisontal-e1734526017575.png\",\"width\":668,\"height\":85,\"caption\":\"Vmsport\"},\"image\":{\"@id\":\"https:\\\/\\\/vmsport.fi\\\/#\\\/schema\\\/logo\\\/image\\\/\"},\"sameAs\":[\"https:\\\/\\\/www.facebook.com\\\/Vmsport.fi\\\/\",\"https:\\\/\\\/www.instagram.com\\\/vmsport\\\/\"]}]}<\/script>\n<!-- \/ Yoast SEO plugin. -->","yoast_head_json":{"title":"POC Joint VPD luftarmb\u00e5ge - VM Sport","robots":{"index":"index","follow":"follow","max-snippet":"max-snippet:-1","max-image-preview":"max-image-preview:large","max-video-preview":"max-video-preview:-1"},"canonical":"https:\/\/vmsport.fi\/sv\/webbutik\/korutrustning\/skyddsutrustning\/rivskydd\/poc-skarv-vpd-luftvinkel\/","og_locale":"sv_SE","og_type":"article","og_title":"POC Joint VPD Air Elbow - VM Sport","og_description":"POC Joint VPD Air Elbow -suojat tarjoavat erinomaisen yhdistelm\u00e4n keveytt\u00e4 ja hengitt\u00e4vyytt\u00e4, mik\u00e4 tekee niist\u00e4 ihanteelliset urheiluun. Kevyest\u00e4 materiaalista huolimatta suojaus s\u00e4ilyy korkeatasoisena, sill\u00e4 VPD-teknologia mukautuu kehon liikkeisiin ja vaimentaa iskuja tehokkaasti. T\u00e4m\u00e4 mukautuva suojavaruste pysyy paikoillaan, koska siin\u00e4 on tarkasti suunnitellut hihnat ja rakenteet, jotka takaavat mukavan istuvuuden koko harjoituksen ajan. [...]L\u00e4s mer \u2026 from POC Joint VPD Air Elbow","og_url":"https:\/\/vmsport.fi\/sv\/webbutik\/korutrustning\/skyddsutrustning\/rivskydd\/poc-skarv-vpd-luftvinkel\/","og_site_name":"VM Sport","article_publisher":"https:\/\/www.facebook.com\/Vmsport.fi\/","article_modified_time":"2026-01-16T11:32:36+00:00","og_image":[{"width":1000,"height":1000,"url":"https:\/\/vmsport.fi\/wp-content\/uploads\/2025\/03\/20430-JointVPDAirElbow-1002-UraniumBlack-4-1.jpg","type":"image\/jpeg"}],"twitter_card":"summary_large_image","schema":{"@context":"https:\/\/schema.org","@graph":[{"@type":["WebPage","ItemPage"],"@id":"https:\/\/vmsport.fi\/verkkokauppa\/ajovarusteet\/suojavarusteet\/kyynarsuojat\/poc-joint-vpd-air-elbow\/","url":"https:\/\/vmsport.fi\/verkkokauppa\/ajovarusteet\/suojavarusteet\/kyynarsuojat\/poc-joint-vpd-air-elbow\/","name":"POC Joint VPD luftarmb\u00e5ge - VM Sport","isPartOf":{"@id":"https:\/\/vmsport.fi\/#website"},"primaryImageOfPage":{"@id":"https:\/\/vmsport.fi\/verkkokauppa\/ajovarusteet\/suojavarusteet\/kyynarsuojat\/poc-joint-vpd-air-elbow\/#primaryimage"},"image":{"@id":"https:\/\/vmsport.fi\/verkkokauppa\/ajovarusteet\/suojavarusteet\/kyynarsuojat\/poc-joint-vpd-air-elbow\/#primaryimage"},"thumbnailUrl":"https:\/\/vmsport.fi\/wp-content\/uploads\/2025\/03\/20430-JointVPDAirElbow-1002-UraniumBlack-4-1.jpg","datePublished":"2025-03-05T22:19:16+00:00","dateModified":"2026-01-16T11:32:36+00:00","breadcrumb":{"@id":"https:\/\/vmsport.fi\/verkkokauppa\/ajovarusteet\/suojavarusteet\/kyynarsuojat\/poc-joint-vpd-air-elbow\/#breadcrumb"},"inLanguage":"sv-SE","potentialAction":[{"@type":"ReadAction","target":["https:\/\/vmsport.fi\/verkkokauppa\/ajovarusteet\/suojavarusteet\/kyynarsuojat\/poc-joint-vpd-air-elbow\/"]}]},{"@type":"ImageObject","inLanguage":"sv-SE","@id":"https:\/\/vmsport.fi\/verkkokauppa\/ajovarusteet\/suojavarusteet\/kyynarsuojat\/poc-joint-vpd-air-elbow\/#primaryimage","url":"https:\/\/vmsport.fi\/wp-content\/uploads\/2025\/03\/20430-JointVPDAirElbow-1002-UraniumBlack-4-1.jpg","contentUrl":"https:\/\/vmsport.fi\/wp-content\/uploads\/2025\/03\/20430-JointVPDAirElbow-1002-UraniumBlack-4-1.jpg","width":1000,"height":1000,"caption":"20430-JointVPDAirElbow-1002-UraniumBlack-4"},{"@type":"BreadcrumbList","@id":"https:\/\/vmsport.fi\/verkkokauppa\/ajovarusteet\/suojavarusteet\/kyynarsuojat\/poc-joint-vpd-air-elbow\/#breadcrumb","itemListElement":[{"@type":"ListItem","position":1,"name":"Etusivu","item":"https:\/\/vmsport.fi\/"},{"@type":"ListItem","position":2,"name":"Online Store","item":"https:\/\/vmsport.fi\/en\/online-store\/"},{"@type":"ListItem","position":3,"name":"POC Joint VPD Air Elbow"}]},{"@type":"WebSite","@id":"https:\/\/vmsport.fi\/#website","url":"https:\/\/vmsport.fi\/","name":"Vmsport","description":"Allt p\u00e5 ett st\u00e4lle f\u00f6r cykling","publisher":{"@id":"https:\/\/vmsport.fi\/#organization"},"potentialAction":[{"@type":"SearchAction","target":{"@type":"EntryPoint","urlTemplate":"https:\/\/vmsport.fi\/?s={search_term_string}"},"query-input":{"@type":"PropertyValueSpecification","valueRequired":true,"valueName":"search_term_string"}}],"inLanguage":"sv-SE"},{"@type":"Organization","@id":"https:\/\/vmsport.fi\/#organization","name":"Vmsport","url":"https:\/\/vmsport.fi\/","logo":{"@type":"ImageObject","inLanguage":"sv-SE","@id":"https:\/\/vmsport.fi\/#\/schema\/logo\/image\/","url":"https:\/\/vmsport.fi\/wp-content\/uploads\/2024\/12\/vm_sport_RGB_horisontal-e1734526017575.png","contentUrl":"https:\/\/vmsport.fi\/wp-content\/uploads\/2024\/12\/vm_sport_RGB_horisontal-e1734526017575.png","width":668,"height":85,"caption":"Vmsport"},"image":{"@id":"https:\/\/vmsport.fi\/#\/schema\/logo\/image\/"},"sameAs":["https:\/\/www.facebook.com\/Vmsport.fi\/","https:\/\/www.instagram.com\/vmsport\/"]}]}},"global_unique_id":"","_links":{"self":[{"href":"https:\/\/vmsport.fi\/sv\/wp-json\/wp\/v2\/product\/56374","targetHints":{"allow":["GET"]}}],"collection":[{"href":"https:\/\/vmsport.fi\/sv\/wp-json\/wp\/v2\/product"}],"about":[{"href":"https:\/\/vmsport.fi\/sv\/wp-json\/wp\/v2\/types\/product"}],"replies":[{"embeddable":true,"href":"https:\/\/vmsport.fi\/sv\/wp-json\/wp\/v2\/comments?post=56374"}],"wp:featuredmedia":[{"embeddable":true,"href":"https:\/\/vmsport.fi\/sv\/wp-json\/wp\/v2\/media\/56372"}],"wp:attachment":[{"href":"https:\/\/vmsport.fi\/sv\/wp-json\/wp\/v2\/media?parent=56374"}],"wp:term":[{"taxonomy":"product_brand","embeddable":true,"href":"https:\/\/vmsport.fi\/sv\/wp-json\/wp\/v2\/product_brand?post=56374"},{"taxonomy":"product_model","embeddable":true,"href":"https:\/\/vmsport.fi\/sv\/wp-json\/wp\/v2\/product_model?post=56374"},{"taxonomy":"product_cat","embeddable":true,"href":"https:\/\/vmsport.fi\/sv\/wp-json\/wp\/v2\/product_cat?post=56374"},{"taxonomy":"product_tag","embeddable":true,"href":"https:\/\/vmsport.fi\/sv\/wp-json\/wp\/v2\/product_tag?post=56374"},{"taxonomy":"industry_terminology","embeddable":true,"href":"https:\/\/vmsport.fi\/sv\/wp-json\/wp\/v2\/industry-terminology?post=56374"}],"curies":[{"name":"wp","href":"https:\/\/api.w.org\/{rel}","templated":true}]}}