{"id":56371,"date":"2025-03-06T00:19:14","date_gmt":"2025-03-05T22:19:14","guid":{"rendered":"https:\/\/vmsport.fi\/verkkokauppa\/Ei-luokiteltu\/avid-set-for-elixir-db-level-tl-level-t-level-level-ult-tlm-b1-2020\/"},"modified":"2026-01-16T13:24:55","modified_gmt":"2026-01-16T11:24:55","slug":"avid-set-for-elixir-db-niva-tl-niva-t-niva-niva-niva-ult-tlm-b1-2020","status":"publish","type":"product","link":"https:\/\/vmsport.fi\/sv\/verkkokauppa\/varaosat\/jarrut\/jarrupalat\/avid-set-for-elixir-db-level-tl-level-t-level-level-ult-tlm-b1-2020\/","title":{"rendered":"AVID Set f\u00f6r Elixir\/DB\/Level TL\/Level T\/Level\/Level ULT\/TLM B1 (2020+)"},"content":{"rendered":"<p>Denna AVID-bromssats, som \u00e4r utformad f\u00f6r att vara kompatibel med Elixir-, DB-, Level TL-, Level T-, Level-, Level ULT- och TLM-hjulkomponenter, ger utm\u00e4rkt bromsprestanda f\u00f6r modeller tillverkade fr\u00e5n 2020 och fram\u00e5t. Bromsoket har en h\u00e5llbar konstruktion och tillf\u00f6rlitlig prestanda och f\u00f6rb\u00e4ttrar cykelns hantering och s\u00e4kerhet. Den innovativa designen med precisionstillverkade komponenter ger en mjuk bromsk\u00e4nsla under alla f\u00f6rh\u00e5llanden. Dess m\u00e5ngsidighet g\u00f6r det till det perfekta valet f\u00f6r ambiti\u00f6sa cyklister som kr\u00e4ver b\u00e5de tillf\u00f6rlitlighet och prestanda. L\u00e4mplig f\u00f6r ett brett spektrum av cykelsituationer d\u00e4r grepp och kontroll kr\u00e4vs.<\/p>","protected":false},"excerpt":{"rendered":"<p>T\u00e4m\u00e4 AVID-jarrusarja, joka on suunniteltu yhteensopivaksi Elixir-, DB-, Level TL-, Level T-, Level-, Level ULT- ja TLM-py\u00f6r\u00e4komponenttien kanssa, tarjoaa erinomaisen jarrutustehon vuodesta 2020 alkaen valmistetuille malleille. Rakenteeltaan kest\u00e4v\u00e4 ja suorituskyvylt\u00e4\u00e4n luotettava, t\u00e4m\u00e4 jarrusatula parantaa py\u00f6r\u00e4ilyn hallittavuutta ja turvallisuutta. Innovatiivinen muotoilu, jossa on tarkkaan suunnitellut osat, takaa tasaisen jarrutuntuman kaikissa olosuhteissa. Sen monipuolisuus tekee siit\u00e4 ihanteellisen [&#8230;]<\/p>\n<p><a class=\"btn btn-secondary understrap-read-more-link\" href=\"https:\/\/vmsport.fi\/sv\/verkkokauppa\/varaosat\/jarrut\/jarrupalat\/avid-set-for-elixir-db-level-tl-level-t-level-level-ult-tlm-b1-2020\/\">L\u00e4s mer \u2026<span class=\"screen-reader-text\"> from AVID Set for Elixir\/DB\/Level TL\/Level T\/Level\/Level ULT\/TLM B1 (2020+)<\/span><\/a><\/p>\n","protected":false},"featured_media":56370,"comment_status":"open","ping_status":"closed","template":"","meta":{"_acf_changed":false,"_improvement_type_select":"improve_an_existing","_thumb_yes_seoaic":false,"_frame_yes_seoaic":false,"seoaic_generate_description":"","seoaic_improve_instructions_prompt":"","seoaic_rollback_content_improvement":"","seoaic_idea_thumbnail_generator":"","thumbnail_generated":false,"thumbnail_generate_prompt":"","seoaic_article_description":"","_supplier_stock_quantity":0},"product_brand":[],"product_model":[],"product_cat":[9288],"product_tag":[],"industry-terminology":[],"class_list":{"0":"post-56371","1":"product","2":"type-product","3":"status-publish","4":"has-post-thumbnail","6":"product_cat-jarrupalat","8":"first","9":"outofstock","10":"taxable","11":"shipping-taxable","12":"product-type-simple"},"acf":{"bike_features":null,"overview":{"copy_overview":null,"key_features":null,"statement":"","youtube_url":""}},"yoast_head":"<!-- This site is optimized with the Yoast SEO plugin v27.3 - https:\/\/yoast.com\/product\/yoast-seo-wordpress\/ -->\n<title>AVID Set for Elixir\/DB\/Level TL\/Level T\/Level\/Level ULT\/TLM B1 (2020+) - VM Sport<\/title>\n<meta name=\"robots\" content=\"index, follow, max-snippet:-1, max-image-preview:large, max-video-preview:-1\" \/>\n<link rel=\"canonical\" href=\"https:\/\/vmsport.fi\/sv\/webbutik\/reservdelar\/bromsar\/bromsbelagg\/avid-set-for-elixir-db-niva-tl-niva-t-niva-niva-niva-ult-tlm-b1-2020\/\" \/>\n<meta property=\"og:locale\" content=\"sv_SE\" \/>\n<meta property=\"og:type\" content=\"article\" \/>\n<meta property=\"og:title\" content=\"AVID Set for Elixir\/DB\/Level TL\/Level T\/Level\/Level ULT\/TLM B1 (2020+) - VM Sport\" \/>\n<meta property=\"og:description\" content=\"T\u00e4m\u00e4 AVID-jarrusarja, joka on suunniteltu yhteensopivaksi Elixir-, DB-, Level TL-, Level T-, Level-, Level ULT- ja TLM-py\u00f6r\u00e4komponenttien kanssa, tarjoaa erinomaisen jarrutustehon vuodesta 2020 alkaen valmistetuille malleille. Rakenteeltaan kest\u00e4v\u00e4 ja suorituskyvylt\u00e4\u00e4n luotettava, t\u00e4m\u00e4 jarrusatula parantaa py\u00f6r\u00e4ilyn hallittavuutta ja turvallisuutta. Innovatiivinen muotoilu, jossa on tarkkaan suunnitellut osat, takaa tasaisen jarrutuntuman kaikissa olosuhteissa. Sen monipuolisuus tekee siit\u00e4 ihanteellisen [...]L\u00e4s mer \u2026 from AVID Set for Elixir\/DB\/Level TL\/Level T\/Level\/Level ULT\/TLM B1 (2020+)\" \/>\n<meta property=\"og:url\" content=\"https:\/\/vmsport.fi\/sv\/webbutik\/reservdelar\/bromsar\/bromsbelagg\/avid-set-for-elixir-db-niva-tl-niva-t-niva-niva-niva-ult-tlm-b1-2020\/\" \/>\n<meta property=\"og:site_name\" content=\"VM Sport\" \/>\n<meta property=\"article:publisher\" content=\"https:\/\/www.facebook.com\/Vmsport.fi\/\" \/>\n<meta property=\"article:modified_time\" content=\"2026-01-16T11:24:55+00:00\" \/>\n<meta property=\"og:image\" content=\"https:\/\/vmsport.fi\/wp-content\/uploads\/2025\/03\/O5rVM9ExIE0X7qRuVQFl2BsIe6QJvFMXuY728bO1PMcea6Vxjr-1.jpg\" \/>\n\t<meta property=\"og:image:width\" content=\"800\" \/>\n\t<meta property=\"og:image:height\" content=\"800\" \/>\n\t<meta property=\"og:image:type\" content=\"image\/jpeg\" \/>\n<meta name=\"twitter:card\" content=\"summary_large_image\" \/>\n<script type=\"application\/ld+json\" class=\"yoast-schema-graph\">{\"@context\":\"https:\\\/\\\/schema.org\",\"@graph\":[{\"@type\":[\"WebPage\",\"ItemPage\"],\"@id\":\"https:\\\/\\\/vmsport.fi\\\/verkkokauppa\\\/varaosat\\\/jarrut\\\/jarrupalat\\\/avid-set-for-elixir-db-level-tl-level-t-level-level-ult-tlm-b1-2020\\\/\",\"url\":\"https:\\\/\\\/vmsport.fi\\\/verkkokauppa\\\/varaosat\\\/jarrut\\\/jarrupalat\\\/avid-set-for-elixir-db-level-tl-level-t-level-level-ult-tlm-b1-2020\\\/\",\"name\":\"AVID Set for Elixir\\\/DB\\\/Level TL\\\/Level T\\\/Level\\\/Level ULT\\\/TLM B1 (2020+) - VM Sport\",\"isPartOf\":{\"@id\":\"https:\\\/\\\/vmsport.fi\\\/#website\"},\"primaryImageOfPage\":{\"@id\":\"https:\\\/\\\/vmsport.fi\\\/verkkokauppa\\\/varaosat\\\/jarrut\\\/jarrupalat\\\/avid-set-for-elixir-db-level-tl-level-t-level-level-ult-tlm-b1-2020\\\/#primaryimage\"},\"image\":{\"@id\":\"https:\\\/\\\/vmsport.fi\\\/verkkokauppa\\\/varaosat\\\/jarrut\\\/jarrupalat\\\/avid-set-for-elixir-db-level-tl-level-t-level-level-ult-tlm-b1-2020\\\/#primaryimage\"},\"thumbnailUrl\":\"https:\\\/\\\/vmsport.fi\\\/wp-content\\\/uploads\\\/2025\\\/03\\\/O5rVM9ExIE0X7qRuVQFl2BsIe6QJvFMXuY728bO1PMcea6Vxjr-1.jpg\",\"datePublished\":\"2025-03-05T22:19:14+00:00\",\"dateModified\":\"2026-01-16T11:24:55+00:00\",\"breadcrumb\":{\"@id\":\"https:\\\/\\\/vmsport.fi\\\/verkkokauppa\\\/varaosat\\\/jarrut\\\/jarrupalat\\\/avid-set-for-elixir-db-level-tl-level-t-level-level-ult-tlm-b1-2020\\\/#breadcrumb\"},\"inLanguage\":\"sv-SE\",\"potentialAction\":[{\"@type\":\"ReadAction\",\"target\":[\"https:\\\/\\\/vmsport.fi\\\/verkkokauppa\\\/varaosat\\\/jarrut\\\/jarrupalat\\\/avid-set-for-elixir-db-level-tl-level-t-level-level-ult-tlm-b1-2020\\\/\"]}]},{\"@type\":\"ImageObject\",\"inLanguage\":\"sv-SE\",\"@id\":\"https:\\\/\\\/vmsport.fi\\\/verkkokauppa\\\/varaosat\\\/jarrut\\\/jarrupalat\\\/avid-set-for-elixir-db-level-tl-level-t-level-level-ult-tlm-b1-2020\\\/#primaryimage\",\"url\":\"https:\\\/\\\/vmsport.fi\\\/wp-content\\\/uploads\\\/2025\\\/03\\\/O5rVM9ExIE0X7qRuVQFl2BsIe6QJvFMXuY728bO1PMcea6Vxjr-1.jpg\",\"contentUrl\":\"https:\\\/\\\/vmsport.fi\\\/wp-content\\\/uploads\\\/2025\\\/03\\\/O5rVM9ExIE0X7qRuVQFl2BsIe6QJvFMXuY728bO1PMcea6Vxjr-1.jpg\",\"width\":800,\"height\":800,\"caption\":\"O5rVM9ExIE0X7qRuVQFl2BsIe6QJvFMXuY728bO1PMcea6Vxjr\"},{\"@type\":\"BreadcrumbList\",\"@id\":\"https:\\\/\\\/vmsport.fi\\\/verkkokauppa\\\/varaosat\\\/jarrut\\\/jarrupalat\\\/avid-set-for-elixir-db-level-tl-level-t-level-level-ult-tlm-b1-2020\\\/#breadcrumb\",\"itemListElement\":[{\"@type\":\"ListItem\",\"position\":1,\"name\":\"Etusivu\",\"item\":\"https:\\\/\\\/vmsport.fi\\\/\"},{\"@type\":\"ListItem\",\"position\":2,\"name\":\"Online Store\",\"item\":\"https:\\\/\\\/vmsport.fi\\\/en\\\/online-store\\\/\"},{\"@type\":\"ListItem\",\"position\":3,\"name\":\"AVID Set for Elixir\\\/DB\\\/Level TL\\\/Level T\\\/Level\\\/Level ULT\\\/TLM B1 (2020+)\"}]},{\"@type\":\"WebSite\",\"@id\":\"https:\\\/\\\/vmsport.fi\\\/#website\",\"url\":\"https:\\\/\\\/vmsport.fi\\\/\",\"name\":\"Vmsport\",\"description\":\"Kaikki py\u00f6r\u00e4ilyyn yhdest\u00e4 paikasta\",\"publisher\":{\"@id\":\"https:\\\/\\\/vmsport.fi\\\/#organization\"},\"potentialAction\":[{\"@type\":\"SearchAction\",\"target\":{\"@type\":\"EntryPoint\",\"urlTemplate\":\"https:\\\/\\\/vmsport.fi\\\/?s={search_term_string}\"},\"query-input\":{\"@type\":\"PropertyValueSpecification\",\"valueRequired\":true,\"valueName\":\"search_term_string\"}}],\"inLanguage\":\"sv-SE\"},{\"@type\":\"Organization\",\"@id\":\"https:\\\/\\\/vmsport.fi\\\/#organization\",\"name\":\"Vmsport\",\"url\":\"https:\\\/\\\/vmsport.fi\\\/\",\"logo\":{\"@type\":\"ImageObject\",\"inLanguage\":\"sv-SE\",\"@id\":\"https:\\\/\\\/vmsport.fi\\\/#\\\/schema\\\/logo\\\/image\\\/\",\"url\":\"https:\\\/\\\/vmsport.fi\\\/wp-content\\\/uploads\\\/2024\\\/12\\\/vm_sport_RGB_horisontal-e1734526017575.png\",\"contentUrl\":\"https:\\\/\\\/vmsport.fi\\\/wp-content\\\/uploads\\\/2024\\\/12\\\/vm_sport_RGB_horisontal-e1734526017575.png\",\"width\":668,\"height\":85,\"caption\":\"Vmsport\"},\"image\":{\"@id\":\"https:\\\/\\\/vmsport.fi\\\/#\\\/schema\\\/logo\\\/image\\\/\"},\"sameAs\":[\"https:\\\/\\\/www.facebook.com\\\/Vmsport.fi\\\/\",\"https:\\\/\\\/www.instagram.com\\\/vmsport\\\/\"]}]}<\/script>\n<!-- \/ Yoast SEO plugin. -->","yoast_head_json":{"title":"AVID-sats f\u00f6r Elixir\/DB\/Level TL\/Level T\/Level\/Level ULT\/TLM B1 (2020+) - VM Sport","robots":{"index":"index","follow":"follow","max-snippet":"max-snippet:-1","max-image-preview":"max-image-preview:large","max-video-preview":"max-video-preview:-1"},"canonical":"https:\/\/vmsport.fi\/sv\/webbutik\/reservdelar\/bromsar\/bromsbelagg\/avid-set-for-elixir-db-niva-tl-niva-t-niva-niva-niva-ult-tlm-b1-2020\/","og_locale":"sv_SE","og_type":"article","og_title":"AVID Set for Elixir\/DB\/Level TL\/Level T\/Level\/Level ULT\/TLM B1 (2020+) - VM Sport","og_description":"T\u00e4m\u00e4 AVID-jarrusarja, joka on suunniteltu yhteensopivaksi Elixir-, DB-, Level TL-, Level T-, Level-, Level ULT- ja TLM-py\u00f6r\u00e4komponenttien kanssa, tarjoaa erinomaisen jarrutustehon vuodesta 2020 alkaen valmistetuille malleille. Rakenteeltaan kest\u00e4v\u00e4 ja suorituskyvylt\u00e4\u00e4n luotettava, t\u00e4m\u00e4 jarrusatula parantaa py\u00f6r\u00e4ilyn hallittavuutta ja turvallisuutta. Innovatiivinen muotoilu, jossa on tarkkaan suunnitellut osat, takaa tasaisen jarrutuntuman kaikissa olosuhteissa. Sen monipuolisuus tekee siit\u00e4 ihanteellisen [...]L\u00e4s mer \u2026 from AVID Set for Elixir\/DB\/Level TL\/Level T\/Level\/Level ULT\/TLM B1 (2020+)","og_url":"https:\/\/vmsport.fi\/sv\/webbutik\/reservdelar\/bromsar\/bromsbelagg\/avid-set-for-elixir-db-niva-tl-niva-t-niva-niva-niva-ult-tlm-b1-2020\/","og_site_name":"VM Sport","article_publisher":"https:\/\/www.facebook.com\/Vmsport.fi\/","article_modified_time":"2026-01-16T11:24:55+00:00","og_image":[{"width":800,"height":800,"url":"https:\/\/vmsport.fi\/wp-content\/uploads\/2025\/03\/O5rVM9ExIE0X7qRuVQFl2BsIe6QJvFMXuY728bO1PMcea6Vxjr-1.jpg","type":"image\/jpeg"}],"twitter_card":"summary_large_image","schema":{"@context":"https:\/\/schema.org","@graph":[{"@type":["WebPage","ItemPage"],"@id":"https:\/\/vmsport.fi\/verkkokauppa\/varaosat\/jarrut\/jarrupalat\/avid-set-for-elixir-db-level-tl-level-t-level-level-ult-tlm-b1-2020\/","url":"https:\/\/vmsport.fi\/verkkokauppa\/varaosat\/jarrut\/jarrupalat\/avid-set-for-elixir-db-level-tl-level-t-level-level-ult-tlm-b1-2020\/","name":"AVID-sats f\u00f6r Elixir\/DB\/Level TL\/Level T\/Level\/Level ULT\/TLM B1 (2020+) - VM Sport","isPartOf":{"@id":"https:\/\/vmsport.fi\/#website"},"primaryImageOfPage":{"@id":"https:\/\/vmsport.fi\/verkkokauppa\/varaosat\/jarrut\/jarrupalat\/avid-set-for-elixir-db-level-tl-level-t-level-level-ult-tlm-b1-2020\/#primaryimage"},"image":{"@id":"https:\/\/vmsport.fi\/verkkokauppa\/varaosat\/jarrut\/jarrupalat\/avid-set-for-elixir-db-level-tl-level-t-level-level-ult-tlm-b1-2020\/#primaryimage"},"thumbnailUrl":"https:\/\/vmsport.fi\/wp-content\/uploads\/2025\/03\/O5rVM9ExIE0X7qRuVQFl2BsIe6QJvFMXuY728bO1PMcea6Vxjr-1.jpg","datePublished":"2025-03-05T22:19:14+00:00","dateModified":"2026-01-16T11:24:55+00:00","breadcrumb":{"@id":"https:\/\/vmsport.fi\/verkkokauppa\/varaosat\/jarrut\/jarrupalat\/avid-set-for-elixir-db-level-tl-level-t-level-level-ult-tlm-b1-2020\/#breadcrumb"},"inLanguage":"sv-SE","potentialAction":[{"@type":"ReadAction","target":["https:\/\/vmsport.fi\/verkkokauppa\/varaosat\/jarrut\/jarrupalat\/avid-set-for-elixir-db-level-tl-level-t-level-level-ult-tlm-b1-2020\/"]}]},{"@type":"ImageObject","inLanguage":"sv-SE","@id":"https:\/\/vmsport.fi\/verkkokauppa\/varaosat\/jarrut\/jarrupalat\/avid-set-for-elixir-db-level-tl-level-t-level-level-ult-tlm-b1-2020\/#primaryimage","url":"https:\/\/vmsport.fi\/wp-content\/uploads\/2025\/03\/O5rVM9ExIE0X7qRuVQFl2BsIe6QJvFMXuY728bO1PMcea6Vxjr-1.jpg","contentUrl":"https:\/\/vmsport.fi\/wp-content\/uploads\/2025\/03\/O5rVM9ExIE0X7qRuVQFl2BsIe6QJvFMXuY728bO1PMcea6Vxjr-1.jpg","width":800,"height":800,"caption":"O5rVM9ExIE0X7qRuVQFl2BsIe6QJvFMXuY728bO1PMcea6Vxjr"},{"@type":"BreadcrumbList","@id":"https:\/\/vmsport.fi\/verkkokauppa\/varaosat\/jarrut\/jarrupalat\/avid-set-for-elixir-db-level-tl-level-t-level-level-ult-tlm-b1-2020\/#breadcrumb","itemListElement":[{"@type":"ListItem","position":1,"name":"Etusivu","item":"https:\/\/vmsport.fi\/"},{"@type":"ListItem","position":2,"name":"Online Store","item":"https:\/\/vmsport.fi\/en\/online-store\/"},{"@type":"ListItem","position":3,"name":"AVID Set for Elixir\/DB\/Level TL\/Level T\/Level\/Level ULT\/TLM B1 (2020+)"}]},{"@type":"WebSite","@id":"https:\/\/vmsport.fi\/#website","url":"https:\/\/vmsport.fi\/","name":"Vmsport","description":"Allt p\u00e5 ett st\u00e4lle f\u00f6r cykling","publisher":{"@id":"https:\/\/vmsport.fi\/#organization"},"potentialAction":[{"@type":"SearchAction","target":{"@type":"EntryPoint","urlTemplate":"https:\/\/vmsport.fi\/?s={search_term_string}"},"query-input":{"@type":"PropertyValueSpecification","valueRequired":true,"valueName":"search_term_string"}}],"inLanguage":"sv-SE"},{"@type":"Organization","@id":"https:\/\/vmsport.fi\/#organization","name":"Vmsport","url":"https:\/\/vmsport.fi\/","logo":{"@type":"ImageObject","inLanguage":"sv-SE","@id":"https:\/\/vmsport.fi\/#\/schema\/logo\/image\/","url":"https:\/\/vmsport.fi\/wp-content\/uploads\/2024\/12\/vm_sport_RGB_horisontal-e1734526017575.png","contentUrl":"https:\/\/vmsport.fi\/wp-content\/uploads\/2024\/12\/vm_sport_RGB_horisontal-e1734526017575.png","width":668,"height":85,"caption":"Vmsport"},"image":{"@id":"https:\/\/vmsport.fi\/#\/schema\/logo\/image\/"},"sameAs":["https:\/\/www.facebook.com\/Vmsport.fi\/","https:\/\/www.instagram.com\/vmsport\/"]}]}},"global_unique_id":"","_links":{"self":[{"href":"https:\/\/vmsport.fi\/sv\/wp-json\/wp\/v2\/product\/56371","targetHints":{"allow":["GET"]}}],"collection":[{"href":"https:\/\/vmsport.fi\/sv\/wp-json\/wp\/v2\/product"}],"about":[{"href":"https:\/\/vmsport.fi\/sv\/wp-json\/wp\/v2\/types\/product"}],"replies":[{"embeddable":true,"href":"https:\/\/vmsport.fi\/sv\/wp-json\/wp\/v2\/comments?post=56371"}],"wp:featuredmedia":[{"embeddable":true,"href":"https:\/\/vmsport.fi\/sv\/wp-json\/wp\/v2\/media\/56370"}],"wp:attachment":[{"href":"https:\/\/vmsport.fi\/sv\/wp-json\/wp\/v2\/media?parent=56371"}],"wp:term":[{"taxonomy":"product_brand","embeddable":true,"href":"https:\/\/vmsport.fi\/sv\/wp-json\/wp\/v2\/product_brand?post=56371"},{"taxonomy":"product_model","embeddable":true,"href":"https:\/\/vmsport.fi\/sv\/wp-json\/wp\/v2\/product_model?post=56371"},{"taxonomy":"product_cat","embeddable":true,"href":"https:\/\/vmsport.fi\/sv\/wp-json\/wp\/v2\/product_cat?post=56371"},{"taxonomy":"product_tag","embeddable":true,"href":"https:\/\/vmsport.fi\/sv\/wp-json\/wp\/v2\/product_tag?post=56371"},{"taxonomy":"industry_terminology","embeddable":true,"href":"https:\/\/vmsport.fi\/sv\/wp-json\/wp\/v2\/industry-terminology?post=56371"}],"curies":[{"name":"wp","href":"https:\/\/api.w.org\/{rel}","templated":true}]}}