{"id":56361,"date":"2025-03-06T00:19:08","date_gmt":"2025-03-05T22:19:08","guid":{"rendered":"https:\/\/vmsport.fi\/verkkokauppa\/Ei-luokiteltu\/sks-x-guard-black\/"},"modified":"2026-01-16T13:22:55","modified_gmt":"2026-01-16T11:22:55","slug":"sks-x-guard-black","status":"publish","type":"product","link":"https:\/\/vmsport.fi\/sv\/verkkokauppa\/tarvikkeet\/lokasuojat\/etulokasuojat\/sks-x-guard-black\/","title":{"rendered":"SKS X-Guard Svart"},"content":{"rendered":"<p>SKS X-Guard Black on monik\u00e4ytt\u00f6inen ja kest\u00e4v\u00e4 lokasuoja, joka tarjoaa erinomaista suojaa polkupy\u00f6rille, joissa on erikokoiset ja -levyiset renkaat. Se on erityisesti suunniteltu leveille ja ylikokoisille renkaille. Lokasuoja kiinnittyy tukevasti alemman tangon kohdalle kahden s\u00e4\u00e4dett\u00e4v\u00e4n hihnan avulla, suojaten tehokkaasti mudalta, lialta, roiskeilta ja lent\u00e4vilt\u00e4 kivilt\u00e4. Se on erityisen hy\u00f6dyllinen s\u00e4hk\u00f6maastopy\u00f6rien akkujen suojaamiseen. <\/p>\n<p>Pitkien hihnojen ansiosta lokasuoja on helposti muokattavissa ja lyhennett\u00e4viss\u00e4 eri py\u00f6r\u00e4runkojen tarpeisiin. Kest\u00e4v\u00e4st\u00e4 muovista valmistettu rakenne yhdist\u00e4\u00e4 kevyen painon, vain 145 grammaa, ja musta v\u00e4ri viimeistelee tyylikk\u00e4\u00e4n ulkoasun. Universaali istuvuus kattaa yleisimm\u00e4t rengaskoot, mukaan lukien 26&#8243;, 27.5&#8243;, 28&#8243; ja 29&#8243;, ja tukee rengasleveyksi\u00e4 v\u00e4lill\u00e4 3.0&#8243; &#8211; 4.8&#8243;. T\u00e4m\u00e4 lokasuoja on yhteensopiva kaikkien tavallisten s\u00e4hk\u00f6maastopy\u00f6rien akkujen ja erilaisten runkomuotojen kanssa, tarjoten tehokasta ja monipuolista suojaa.<\/p>","protected":false},"excerpt":{"rendered":"<p>SKS X-Guard Black on monik\u00e4ytt\u00f6inen ja kest\u00e4v\u00e4 lokasuoja, joka tarjoaa erinomaista suojaa polkupy\u00f6rille, joissa on erikokoiset ja -levyiset renkaat. Se on erityisesti suunniteltu leveille ja ylikokoisille renkaille. Lokasuoja kiinnittyy tukevasti alemman tangon kohdalle kahden s\u00e4\u00e4dett\u00e4v\u00e4n hihnan avulla, suojaten tehokkaasti mudalta, lialta, roiskeilta ja lent\u00e4vilt\u00e4 kivilt\u00e4. Se on erityisen hy\u00f6dyllinen s\u00e4hk\u00f6maastopy\u00f6rien akkujen suojaamiseen. Pitkien hihnojen ansiosta [&#8230;]<\/p>\n<p><a class=\"btn btn-secondary understrap-read-more-link\" href=\"https:\/\/vmsport.fi\/sv\/verkkokauppa\/tarvikkeet\/lokasuojat\/etulokasuojat\/sks-x-guard-black\/\">L\u00e4s mer \u2026<span class=\"screen-reader-text\"> from SKS X-Guard Black<\/span><\/a><\/p>\n","protected":false},"featured_media":56360,"comment_status":"open","ping_status":"closed","template":"","meta":{"_acf_changed":false,"_improvement_type_select":"improve_an_existing","_thumb_yes_seoaic":false,"_frame_yes_seoaic":false,"seoaic_generate_description":"","seoaic_improve_instructions_prompt":"","seoaic_rollback_content_improvement":"","seoaic_idea_thumbnail_generator":"","thumbnail_generated":false,"thumbnail_generate_prompt":"","seoaic_article_description":"","_supplier_stock_quantity":0},"product_brand":[1583],"product_model":[],"product_cat":[9570],"product_tag":[],"industry-terminology":[],"class_list":{"0":"post-56361","1":"product","2":"type-product","3":"status-publish","4":"has-post-thumbnail","6":"product_brand-sks-germany","7":"product_cat-etulokasuojat","9":"first","10":"instock","11":"taxable","12":"shipping-taxable","13":"purchasable","14":"product-type-simple"},"acf":{"bike_features":null,"overview":{"copy_overview":null,"key_features":null,"statement":"","youtube_url":""}},"yoast_head":"<!-- This site is optimized with the Yoast SEO plugin v27.3 - https:\/\/yoast.com\/product\/yoast-seo-wordpress\/ -->\n<title>SKS X-Guard Black - VM Sport<\/title>\n<meta name=\"robots\" content=\"index, follow, max-snippet:-1, max-image-preview:large, max-video-preview:-1\" \/>\n<link rel=\"canonical\" href=\"https:\/\/vmsport.fi\/sv\/webbutik\/tillbehor\/stankskarmar\/frontskydd\/sks-x-guard-black\/\" \/>\n<meta property=\"og:locale\" content=\"sv_SE\" \/>\n<meta property=\"og:type\" content=\"article\" \/>\n<meta property=\"og:title\" content=\"SKS X-Guard Black - VM Sport\" \/>\n<meta property=\"og:description\" content=\"SKS X-Guard Black on monik\u00e4ytt\u00f6inen ja kest\u00e4v\u00e4 lokasuoja, joka tarjoaa erinomaista suojaa polkupy\u00f6rille, joissa on erikokoiset ja -levyiset renkaat. Se on erityisesti suunniteltu leveille ja ylikokoisille renkaille. Lokasuoja kiinnittyy tukevasti alemman tangon kohdalle kahden s\u00e4\u00e4dett\u00e4v\u00e4n hihnan avulla, suojaten tehokkaasti mudalta, lialta, roiskeilta ja lent\u00e4vilt\u00e4 kivilt\u00e4. Se on erityisen hy\u00f6dyllinen s\u00e4hk\u00f6maastopy\u00f6rien akkujen suojaamiseen. Pitkien hihnojen ansiosta [...]L\u00e4s mer \u2026 from SKS X-Guard Black\" \/>\n<meta property=\"og:url\" content=\"https:\/\/vmsport.fi\/sv\/webbutik\/tillbehor\/stankskarmar\/frontskydd\/sks-x-guard-black\/\" \/>\n<meta property=\"og:site_name\" content=\"VM Sport\" \/>\n<meta property=\"article:publisher\" content=\"https:\/\/www.facebook.com\/Vmsport.fi\/\" \/>\n<meta property=\"article:modified_time\" content=\"2026-01-16T11:22:55+00:00\" \/>\n<meta property=\"og:image\" content=\"https:\/\/vmsport.fi\/wp-content\/uploads\/2025\/03\/25NfUqQvxFvR3TcjutaA2W9uc4b9T7E8vDkcNlJRewmANLhW04-1.jpg\" \/>\n\t<meta property=\"og:image:width\" content=\"800\" \/>\n\t<meta property=\"og:image:height\" content=\"746\" \/>\n\t<meta property=\"og:image:type\" content=\"image\/jpeg\" \/>\n<meta name=\"twitter:card\" content=\"summary_large_image\" \/>\n<meta name=\"twitter:label1\" content=\"Ber\u00e4knad l\u00e4stid\" \/>\n\t<meta name=\"twitter:data1\" content=\"1 minut\" \/>\n<script type=\"application\/ld+json\" class=\"yoast-schema-graph\">{\"@context\":\"https:\\\/\\\/schema.org\",\"@graph\":[{\"@type\":[\"WebPage\",\"ItemPage\"],\"@id\":\"https:\\\/\\\/vmsport.fi\\\/verkkokauppa\\\/tarvikkeet\\\/lokasuojat\\\/etulokasuojat\\\/sks-x-guard-black\\\/\",\"url\":\"https:\\\/\\\/vmsport.fi\\\/verkkokauppa\\\/tarvikkeet\\\/lokasuojat\\\/etulokasuojat\\\/sks-x-guard-black\\\/\",\"name\":\"SKS X-Guard Black - VM Sport\",\"isPartOf\":{\"@id\":\"https:\\\/\\\/vmsport.fi\\\/#website\"},\"primaryImageOfPage\":{\"@id\":\"https:\\\/\\\/vmsport.fi\\\/verkkokauppa\\\/tarvikkeet\\\/lokasuojat\\\/etulokasuojat\\\/sks-x-guard-black\\\/#primaryimage\"},\"image\":{\"@id\":\"https:\\\/\\\/vmsport.fi\\\/verkkokauppa\\\/tarvikkeet\\\/lokasuojat\\\/etulokasuojat\\\/sks-x-guard-black\\\/#primaryimage\"},\"thumbnailUrl\":\"https:\\\/\\\/vmsport.fi\\\/wp-content\\\/uploads\\\/2025\\\/03\\\/25NfUqQvxFvR3TcjutaA2W9uc4b9T7E8vDkcNlJRewmANLhW04-1.jpg\",\"datePublished\":\"2025-03-05T22:19:08+00:00\",\"dateModified\":\"2026-01-16T11:22:55+00:00\",\"breadcrumb\":{\"@id\":\"https:\\\/\\\/vmsport.fi\\\/verkkokauppa\\\/tarvikkeet\\\/lokasuojat\\\/etulokasuojat\\\/sks-x-guard-black\\\/#breadcrumb\"},\"inLanguage\":\"sv-SE\",\"potentialAction\":[{\"@type\":\"ReadAction\",\"target\":[\"https:\\\/\\\/vmsport.fi\\\/verkkokauppa\\\/tarvikkeet\\\/lokasuojat\\\/etulokasuojat\\\/sks-x-guard-black\\\/\"]}]},{\"@type\":\"ImageObject\",\"inLanguage\":\"sv-SE\",\"@id\":\"https:\\\/\\\/vmsport.fi\\\/verkkokauppa\\\/tarvikkeet\\\/lokasuojat\\\/etulokasuojat\\\/sks-x-guard-black\\\/#primaryimage\",\"url\":\"https:\\\/\\\/vmsport.fi\\\/wp-content\\\/uploads\\\/2025\\\/03\\\/25NfUqQvxFvR3TcjutaA2W9uc4b9T7E8vDkcNlJRewmANLhW04-1.jpg\",\"contentUrl\":\"https:\\\/\\\/vmsport.fi\\\/wp-content\\\/uploads\\\/2025\\\/03\\\/25NfUqQvxFvR3TcjutaA2W9uc4b9T7E8vDkcNlJRewmANLhW04-1.jpg\",\"width\":800,\"height\":746,\"caption\":\"25NfUqQvxFvR3TcjutaA2W9uc4b9T7E8vDkcNlJRewmANLhW04\"},{\"@type\":\"BreadcrumbList\",\"@id\":\"https:\\\/\\\/vmsport.fi\\\/verkkokauppa\\\/tarvikkeet\\\/lokasuojat\\\/etulokasuojat\\\/sks-x-guard-black\\\/#breadcrumb\",\"itemListElement\":[{\"@type\":\"ListItem\",\"position\":1,\"name\":\"Etusivu\",\"item\":\"https:\\\/\\\/vmsport.fi\\\/\"},{\"@type\":\"ListItem\",\"position\":2,\"name\":\"Online Store\",\"item\":\"https:\\\/\\\/vmsport.fi\\\/en\\\/online-store\\\/\"},{\"@type\":\"ListItem\",\"position\":3,\"name\":\"SKS X-Guard Black\"}]},{\"@type\":\"WebSite\",\"@id\":\"https:\\\/\\\/vmsport.fi\\\/#website\",\"url\":\"https:\\\/\\\/vmsport.fi\\\/\",\"name\":\"Vmsport\",\"description\":\"Kaikki py\u00f6r\u00e4ilyyn yhdest\u00e4 paikasta\",\"publisher\":{\"@id\":\"https:\\\/\\\/vmsport.fi\\\/#organization\"},\"potentialAction\":[{\"@type\":\"SearchAction\",\"target\":{\"@type\":\"EntryPoint\",\"urlTemplate\":\"https:\\\/\\\/vmsport.fi\\\/?s={search_term_string}\"},\"query-input\":{\"@type\":\"PropertyValueSpecification\",\"valueRequired\":true,\"valueName\":\"search_term_string\"}}],\"inLanguage\":\"sv-SE\"},{\"@type\":\"Organization\",\"@id\":\"https:\\\/\\\/vmsport.fi\\\/#organization\",\"name\":\"Vmsport\",\"url\":\"https:\\\/\\\/vmsport.fi\\\/\",\"logo\":{\"@type\":\"ImageObject\",\"inLanguage\":\"sv-SE\",\"@id\":\"https:\\\/\\\/vmsport.fi\\\/#\\\/schema\\\/logo\\\/image\\\/\",\"url\":\"https:\\\/\\\/vmsport.fi\\\/wp-content\\\/uploads\\\/2024\\\/12\\\/vm_sport_RGB_horisontal-e1734526017575.png\",\"contentUrl\":\"https:\\\/\\\/vmsport.fi\\\/wp-content\\\/uploads\\\/2024\\\/12\\\/vm_sport_RGB_horisontal-e1734526017575.png\",\"width\":668,\"height\":85,\"caption\":\"Vmsport\"},\"image\":{\"@id\":\"https:\\\/\\\/vmsport.fi\\\/#\\\/schema\\\/logo\\\/image\\\/\"},\"sameAs\":[\"https:\\\/\\\/www.facebook.com\\\/Vmsport.fi\\\/\",\"https:\\\/\\\/www.instagram.com\\\/vmsport\\\/\"]}]}<\/script>\n<!-- \/ Yoast SEO plugin. -->","yoast_head_json":{"title":"SKS X-Guard Black - VM Sport","robots":{"index":"index","follow":"follow","max-snippet":"max-snippet:-1","max-image-preview":"max-image-preview:large","max-video-preview":"max-video-preview:-1"},"canonical":"https:\/\/vmsport.fi\/sv\/webbutik\/tillbehor\/stankskarmar\/frontskydd\/sks-x-guard-black\/","og_locale":"sv_SE","og_type":"article","og_title":"SKS X-Guard Black - VM Sport","og_description":"SKS X-Guard Black on monik\u00e4ytt\u00f6inen ja kest\u00e4v\u00e4 lokasuoja, joka tarjoaa erinomaista suojaa polkupy\u00f6rille, joissa on erikokoiset ja -levyiset renkaat. Se on erityisesti suunniteltu leveille ja ylikokoisille renkaille. Lokasuoja kiinnittyy tukevasti alemman tangon kohdalle kahden s\u00e4\u00e4dett\u00e4v\u00e4n hihnan avulla, suojaten tehokkaasti mudalta, lialta, roiskeilta ja lent\u00e4vilt\u00e4 kivilt\u00e4. Se on erityisen hy\u00f6dyllinen s\u00e4hk\u00f6maastopy\u00f6rien akkujen suojaamiseen. Pitkien hihnojen ansiosta [...]L\u00e4s mer \u2026 from SKS X-Guard Black","og_url":"https:\/\/vmsport.fi\/sv\/webbutik\/tillbehor\/stankskarmar\/frontskydd\/sks-x-guard-black\/","og_site_name":"VM Sport","article_publisher":"https:\/\/www.facebook.com\/Vmsport.fi\/","article_modified_time":"2026-01-16T11:22:55+00:00","og_image":[{"width":800,"height":746,"url":"https:\/\/vmsport.fi\/wp-content\/uploads\/2025\/03\/25NfUqQvxFvR3TcjutaA2W9uc4b9T7E8vDkcNlJRewmANLhW04-1.jpg","type":"image\/jpeg"}],"twitter_card":"summary_large_image","twitter_misc":{"Ber\u00e4knad l\u00e4stid":"1 minut"},"schema":{"@context":"https:\/\/schema.org","@graph":[{"@type":["WebPage","ItemPage"],"@id":"https:\/\/vmsport.fi\/verkkokauppa\/tarvikkeet\/lokasuojat\/etulokasuojat\/sks-x-guard-black\/","url":"https:\/\/vmsport.fi\/verkkokauppa\/tarvikkeet\/lokasuojat\/etulokasuojat\/sks-x-guard-black\/","name":"SKS X-Guard Black - VM Sport","isPartOf":{"@id":"https:\/\/vmsport.fi\/#website"},"primaryImageOfPage":{"@id":"https:\/\/vmsport.fi\/verkkokauppa\/tarvikkeet\/lokasuojat\/etulokasuojat\/sks-x-guard-black\/#primaryimage"},"image":{"@id":"https:\/\/vmsport.fi\/verkkokauppa\/tarvikkeet\/lokasuojat\/etulokasuojat\/sks-x-guard-black\/#primaryimage"},"thumbnailUrl":"https:\/\/vmsport.fi\/wp-content\/uploads\/2025\/03\/25NfUqQvxFvR3TcjutaA2W9uc4b9T7E8vDkcNlJRewmANLhW04-1.jpg","datePublished":"2025-03-05T22:19:08+00:00","dateModified":"2026-01-16T11:22:55+00:00","breadcrumb":{"@id":"https:\/\/vmsport.fi\/verkkokauppa\/tarvikkeet\/lokasuojat\/etulokasuojat\/sks-x-guard-black\/#breadcrumb"},"inLanguage":"sv-SE","potentialAction":[{"@type":"ReadAction","target":["https:\/\/vmsport.fi\/verkkokauppa\/tarvikkeet\/lokasuojat\/etulokasuojat\/sks-x-guard-black\/"]}]},{"@type":"ImageObject","inLanguage":"sv-SE","@id":"https:\/\/vmsport.fi\/verkkokauppa\/tarvikkeet\/lokasuojat\/etulokasuojat\/sks-x-guard-black\/#primaryimage","url":"https:\/\/vmsport.fi\/wp-content\/uploads\/2025\/03\/25NfUqQvxFvR3TcjutaA2W9uc4b9T7E8vDkcNlJRewmANLhW04-1.jpg","contentUrl":"https:\/\/vmsport.fi\/wp-content\/uploads\/2025\/03\/25NfUqQvxFvR3TcjutaA2W9uc4b9T7E8vDkcNlJRewmANLhW04-1.jpg","width":800,"height":746,"caption":"25NfUqQvxFvR3TcjutaA2W9uc4b9T7E8vDkcNlJRewmANLhW04"},{"@type":"BreadcrumbList","@id":"https:\/\/vmsport.fi\/verkkokauppa\/tarvikkeet\/lokasuojat\/etulokasuojat\/sks-x-guard-black\/#breadcrumb","itemListElement":[{"@type":"ListItem","position":1,"name":"Etusivu","item":"https:\/\/vmsport.fi\/"},{"@type":"ListItem","position":2,"name":"Online Store","item":"https:\/\/vmsport.fi\/en\/online-store\/"},{"@type":"ListItem","position":3,"name":"SKS X-Guard Black"}]},{"@type":"WebSite","@id":"https:\/\/vmsport.fi\/#website","url":"https:\/\/vmsport.fi\/","name":"Vmsport","description":"Allt p\u00e5 ett st\u00e4lle f\u00f6r cykling","publisher":{"@id":"https:\/\/vmsport.fi\/#organization"},"potentialAction":[{"@type":"SearchAction","target":{"@type":"EntryPoint","urlTemplate":"https:\/\/vmsport.fi\/?s={search_term_string}"},"query-input":{"@type":"PropertyValueSpecification","valueRequired":true,"valueName":"search_term_string"}}],"inLanguage":"sv-SE"},{"@type":"Organization","@id":"https:\/\/vmsport.fi\/#organization","name":"Vmsport","url":"https:\/\/vmsport.fi\/","logo":{"@type":"ImageObject","inLanguage":"sv-SE","@id":"https:\/\/vmsport.fi\/#\/schema\/logo\/image\/","url":"https:\/\/vmsport.fi\/wp-content\/uploads\/2024\/12\/vm_sport_RGB_horisontal-e1734526017575.png","contentUrl":"https:\/\/vmsport.fi\/wp-content\/uploads\/2024\/12\/vm_sport_RGB_horisontal-e1734526017575.png","width":668,"height":85,"caption":"Vmsport"},"image":{"@id":"https:\/\/vmsport.fi\/#\/schema\/logo\/image\/"},"sameAs":["https:\/\/www.facebook.com\/Vmsport.fi\/","https:\/\/www.instagram.com\/vmsport\/"]}]}},"global_unique_id":"","_links":{"self":[{"href":"https:\/\/vmsport.fi\/sv\/wp-json\/wp\/v2\/product\/56361","targetHints":{"allow":["GET"]}}],"collection":[{"href":"https:\/\/vmsport.fi\/sv\/wp-json\/wp\/v2\/product"}],"about":[{"href":"https:\/\/vmsport.fi\/sv\/wp-json\/wp\/v2\/types\/product"}],"replies":[{"embeddable":true,"href":"https:\/\/vmsport.fi\/sv\/wp-json\/wp\/v2\/comments?post=56361"}],"wp:featuredmedia":[{"embeddable":true,"href":"https:\/\/vmsport.fi\/sv\/wp-json\/wp\/v2\/media\/56360"}],"wp:attachment":[{"href":"https:\/\/vmsport.fi\/sv\/wp-json\/wp\/v2\/media?parent=56361"}],"wp:term":[{"taxonomy":"product_brand","embeddable":true,"href":"https:\/\/vmsport.fi\/sv\/wp-json\/wp\/v2\/product_brand?post=56361"},{"taxonomy":"product_model","embeddable":true,"href":"https:\/\/vmsport.fi\/sv\/wp-json\/wp\/v2\/product_model?post=56361"},{"taxonomy":"product_cat","embeddable":true,"href":"https:\/\/vmsport.fi\/sv\/wp-json\/wp\/v2\/product_cat?post=56361"},{"taxonomy":"product_tag","embeddable":true,"href":"https:\/\/vmsport.fi\/sv\/wp-json\/wp\/v2\/product_tag?post=56361"},{"taxonomy":"industry_terminology","embeddable":true,"href":"https:\/\/vmsport.fi\/sv\/wp-json\/wp\/v2\/industry-terminology?post=56361"}],"curies":[{"name":"wp","href":"https:\/\/api.w.org\/{rel}","templated":true}]}}