{"id":56349,"date":"2025-03-06T00:19:01","date_gmt":"2025-03-05T22:19:01","guid":{"rendered":"https:\/\/vmsport.fi\/verkkokauppa\/Ei-luokiteltu\/galfer-mtb-disc-wave-floating-o203x2-0mm-green-pins\/"},"modified":"2026-01-16T13:23:06","modified_gmt":"2026-01-16T11:23:06","slug":"galfer-mtb-skiva-vag-flytande-o203x2-0mm-grona-stift","status":"publish","type":"product","link":"https:\/\/vmsport.fi\/sv\/verkkokauppa\/varaosat\/jarrut\/jarrulevyt\/galfer-mtb-disc-wave-floating-o203x2-0mm-green-pins\/","title":{"rendered":"Galfer MTB-skiva Wave flytande \u00d8203X2,0mm gr\u00f6na stift"},"content":{"rendered":"<p>Galfer MTB Disc Wave Floating \u00d8203X2,0mm \u00e4r en toppmodern skiva som \u00e4r s\u00e4rskilt l\u00e4mpad f\u00f6r mountainbike. Dess innovativa v\u00e5gstruktur ger utm\u00e4rkt temperaturkontroll, vilket f\u00f6rb\u00e4ttrar bromsprestandan. Den flytande designen minskar risken f\u00f6r vridning, vilket g\u00f6r den till ett p\u00e5litligt val f\u00f6r kr\u00e4vande f\u00f6rh\u00e5llanden. Skivan med en diameter p\u00e5 203 mm \u00e4r utformad f\u00f6r att ge maximal bromsprestanda, vilket g\u00f6r den idealisk f\u00f6r branta nedfarter eller snabba stigar. Unika gr\u00f6na stift ger inte bara skivan ett snyggt utseende utan st\u00f6der ocks\u00e5 dess struktur, vilket f\u00f6rb\u00e4ttrar h\u00e5llbarheten och livsl\u00e4ngden.<\/p>","protected":false},"excerpt":{"rendered":"<p>Galfer MTB Disc Wave Floating \u00d8203X2.0mm on huippuluokan jarrulevy, joka soveltuu erityisesti maastopy\u00f6r\u00e4ilyyn. Sen innovatiivinen aaltoileva rakenne varmistaa erinomaisen l\u00e4mp\u00f6tilan hallinnan, mik\u00e4 parantaa jarrutuksen tehoa. Kelluva muotoilu v\u00e4hent\u00e4\u00e4 jarrulevyn v\u00e4\u00e4ntymisriski\u00e4, mik\u00e4 tekee siit\u00e4 luotettavan valinnan vaativiin olosuhteisiin. 203 mm halkaisijalla varustettu levy on suunniteltu tarjoamaan maksimaalista jarrutustehoa, mik\u00e4 tekee siit\u00e4 ideaalin jyrkkiin laskuihin tai nopeisiin [&#8230;]<\/p>\n<p><a class=\"btn btn-secondary understrap-read-more-link\" href=\"https:\/\/vmsport.fi\/sv\/verkkokauppa\/varaosat\/jarrut\/jarrulevyt\/galfer-mtb-disc-wave-floating-o203x2-0mm-green-pins\/\">L\u00e4s mer \u2026<span class=\"screen-reader-text\"> from Galfer MTB Disc Wave Floating \u00d8203X2.0mm Green Pins<\/span><\/a><\/p>\n","protected":false},"featured_media":56348,"comment_status":"open","ping_status":"closed","template":"","meta":{"_acf_changed":false,"_improvement_type_select":"improve_an_existing","_thumb_yes_seoaic":false,"_frame_yes_seoaic":false,"seoaic_generate_description":"","seoaic_improve_instructions_prompt":"","seoaic_rollback_content_improvement":"","seoaic_idea_thumbnail_generator":"","thumbnail_generated":false,"thumbnail_generate_prompt":"","seoaic_article_description":"","_supplier_stock_quantity":0},"product_brand":[],"product_model":[],"product_cat":[9340],"product_tag":[],"industry-terminology":[],"class_list":{"0":"post-56349","1":"product","2":"type-product","3":"status-publish","4":"has-post-thumbnail","6":"product_cat-jarrulevyt","8":"first","9":"outofstock","10":"taxable","11":"shipping-taxable","12":"product-type-simple"},"acf":{"bike_features":null,"overview":{"copy_overview":null,"key_features":null,"statement":"","youtube_url":""}},"yoast_head":"<!-- This site is optimized with the Yoast SEO plugin v27.3 - https:\/\/yoast.com\/product\/yoast-seo-wordpress\/ -->\n<title>Galfer MTB Disc Wave Floating \u00d8203X2.0mm Green Pins - VM Sport<\/title>\n<meta name=\"robots\" content=\"index, follow, max-snippet:-1, max-image-preview:large, max-video-preview:-1\" \/>\n<link rel=\"canonical\" href=\"https:\/\/vmsport.fi\/sv\/webbutik\/reservdelar\/bromsar\/bromsskivor\/galfer-mtb-skiva-vag-flytande-o203x2-0mm-grona-stift\/\" \/>\n<meta property=\"og:locale\" content=\"sv_SE\" \/>\n<meta property=\"og:type\" content=\"article\" \/>\n<meta property=\"og:title\" content=\"Galfer MTB Disc Wave Floating \u00d8203X2.0mm Green Pins - VM Sport\" \/>\n<meta property=\"og:description\" content=\"Galfer MTB Disc Wave Floating \u00d8203X2.0mm on huippuluokan jarrulevy, joka soveltuu erityisesti maastopy\u00f6r\u00e4ilyyn. Sen innovatiivinen aaltoileva rakenne varmistaa erinomaisen l\u00e4mp\u00f6tilan hallinnan, mik\u00e4 parantaa jarrutuksen tehoa. Kelluva muotoilu v\u00e4hent\u00e4\u00e4 jarrulevyn v\u00e4\u00e4ntymisriski\u00e4, mik\u00e4 tekee siit\u00e4 luotettavan valinnan vaativiin olosuhteisiin. 203 mm halkaisijalla varustettu levy on suunniteltu tarjoamaan maksimaalista jarrutustehoa, mik\u00e4 tekee siit\u00e4 ideaalin jyrkkiin laskuihin tai nopeisiin [...]L\u00e4s mer \u2026 from Galfer MTB Disc Wave Floating \u00d8203X2.0mm Green Pins\" \/>\n<meta property=\"og:url\" content=\"https:\/\/vmsport.fi\/sv\/webbutik\/reservdelar\/bromsar\/bromsskivor\/galfer-mtb-skiva-vag-flytande-o203x2-0mm-grona-stift\/\" \/>\n<meta property=\"og:site_name\" content=\"VM Sport\" \/>\n<meta property=\"article:publisher\" content=\"https:\/\/www.facebook.com\/Vmsport.fi\/\" \/>\n<meta property=\"article:modified_time\" content=\"2026-01-16T11:23:06+00:00\" \/>\n<meta property=\"og:image\" content=\"https:\/\/vmsport.fi\/wp-content\/uploads\/2025\/03\/GBDB01XKFLWG-1.jpg\" \/>\n\t<meta property=\"og:image:width\" content=\"1000\" \/>\n\t<meta property=\"og:image:height\" content=\"1000\" \/>\n\t<meta property=\"og:image:type\" content=\"image\/jpeg\" \/>\n<meta name=\"twitter:card\" content=\"summary_large_image\" \/>\n<script type=\"application\/ld+json\" class=\"yoast-schema-graph\">{\"@context\":\"https:\\\/\\\/schema.org\",\"@graph\":[{\"@type\":[\"WebPage\",\"ItemPage\"],\"@id\":\"https:\\\/\\\/vmsport.fi\\\/verkkokauppa\\\/varaosat\\\/jarrut\\\/jarrulevyt\\\/galfer-mtb-disc-wave-floating-o203x2-0mm-green-pins\\\/\",\"url\":\"https:\\\/\\\/vmsport.fi\\\/verkkokauppa\\\/varaosat\\\/jarrut\\\/jarrulevyt\\\/galfer-mtb-disc-wave-floating-o203x2-0mm-green-pins\\\/\",\"name\":\"Galfer MTB Disc Wave Floating \u00d8203X2.0mm Green Pins - VM Sport\",\"isPartOf\":{\"@id\":\"https:\\\/\\\/vmsport.fi\\\/#website\"},\"primaryImageOfPage\":{\"@id\":\"https:\\\/\\\/vmsport.fi\\\/verkkokauppa\\\/varaosat\\\/jarrut\\\/jarrulevyt\\\/galfer-mtb-disc-wave-floating-o203x2-0mm-green-pins\\\/#primaryimage\"},\"image\":{\"@id\":\"https:\\\/\\\/vmsport.fi\\\/verkkokauppa\\\/varaosat\\\/jarrut\\\/jarrulevyt\\\/galfer-mtb-disc-wave-floating-o203x2-0mm-green-pins\\\/#primaryimage\"},\"thumbnailUrl\":\"https:\\\/\\\/vmsport.fi\\\/wp-content\\\/uploads\\\/2025\\\/03\\\/GBDB01XKFLWG-1.jpg\",\"datePublished\":\"2025-03-05T22:19:01+00:00\",\"dateModified\":\"2026-01-16T11:23:06+00:00\",\"breadcrumb\":{\"@id\":\"https:\\\/\\\/vmsport.fi\\\/verkkokauppa\\\/varaosat\\\/jarrut\\\/jarrulevyt\\\/galfer-mtb-disc-wave-floating-o203x2-0mm-green-pins\\\/#breadcrumb\"},\"inLanguage\":\"sv-SE\",\"potentialAction\":[{\"@type\":\"ReadAction\",\"target\":[\"https:\\\/\\\/vmsport.fi\\\/verkkokauppa\\\/varaosat\\\/jarrut\\\/jarrulevyt\\\/galfer-mtb-disc-wave-floating-o203x2-0mm-green-pins\\\/\"]}]},{\"@type\":\"ImageObject\",\"inLanguage\":\"sv-SE\",\"@id\":\"https:\\\/\\\/vmsport.fi\\\/verkkokauppa\\\/varaosat\\\/jarrut\\\/jarrulevyt\\\/galfer-mtb-disc-wave-floating-o203x2-0mm-green-pins\\\/#primaryimage\",\"url\":\"https:\\\/\\\/vmsport.fi\\\/wp-content\\\/uploads\\\/2025\\\/03\\\/GBDB01XKFLWG-1.jpg\",\"contentUrl\":\"https:\\\/\\\/vmsport.fi\\\/wp-content\\\/uploads\\\/2025\\\/03\\\/GBDB01XKFLWG-1.jpg\",\"width\":1000,\"height\":1000,\"caption\":\"GBDB01XKFLWG\"},{\"@type\":\"BreadcrumbList\",\"@id\":\"https:\\\/\\\/vmsport.fi\\\/verkkokauppa\\\/varaosat\\\/jarrut\\\/jarrulevyt\\\/galfer-mtb-disc-wave-floating-o203x2-0mm-green-pins\\\/#breadcrumb\",\"itemListElement\":[{\"@type\":\"ListItem\",\"position\":1,\"name\":\"Etusivu\",\"item\":\"https:\\\/\\\/vmsport.fi\\\/\"},{\"@type\":\"ListItem\",\"position\":2,\"name\":\"Online Store\",\"item\":\"https:\\\/\\\/vmsport.fi\\\/en\\\/online-store\\\/\"},{\"@type\":\"ListItem\",\"position\":3,\"name\":\"Galfer MTB Disc Wave Floating \u00d8203X2.0mm Green Pins\"}]},{\"@type\":\"WebSite\",\"@id\":\"https:\\\/\\\/vmsport.fi\\\/#website\",\"url\":\"https:\\\/\\\/vmsport.fi\\\/\",\"name\":\"Vmsport\",\"description\":\"Kaikki py\u00f6r\u00e4ilyyn yhdest\u00e4 paikasta\",\"publisher\":{\"@id\":\"https:\\\/\\\/vmsport.fi\\\/#organization\"},\"potentialAction\":[{\"@type\":\"SearchAction\",\"target\":{\"@type\":\"EntryPoint\",\"urlTemplate\":\"https:\\\/\\\/vmsport.fi\\\/?s={search_term_string}\"},\"query-input\":{\"@type\":\"PropertyValueSpecification\",\"valueRequired\":true,\"valueName\":\"search_term_string\"}}],\"inLanguage\":\"sv-SE\"},{\"@type\":\"Organization\",\"@id\":\"https:\\\/\\\/vmsport.fi\\\/#organization\",\"name\":\"Vmsport\",\"url\":\"https:\\\/\\\/vmsport.fi\\\/\",\"logo\":{\"@type\":\"ImageObject\",\"inLanguage\":\"sv-SE\",\"@id\":\"https:\\\/\\\/vmsport.fi\\\/#\\\/schema\\\/logo\\\/image\\\/\",\"url\":\"https:\\\/\\\/vmsport.fi\\\/wp-content\\\/uploads\\\/2024\\\/12\\\/vm_sport_RGB_horisontal-e1734526017575.png\",\"contentUrl\":\"https:\\\/\\\/vmsport.fi\\\/wp-content\\\/uploads\\\/2024\\\/12\\\/vm_sport_RGB_horisontal-e1734526017575.png\",\"width\":668,\"height\":85,\"caption\":\"Vmsport\"},\"image\":{\"@id\":\"https:\\\/\\\/vmsport.fi\\\/#\\\/schema\\\/logo\\\/image\\\/\"},\"sameAs\":[\"https:\\\/\\\/www.facebook.com\\\/Vmsport.fi\\\/\",\"https:\\\/\\\/www.instagram.com\\\/vmsport\\\/\"]}]}<\/script>\n<!-- \/ Yoast SEO plugin. -->","yoast_head_json":{"title":"Galfer MTB-skiva Wave flytande \u00d8203X2,0mm gr\u00f6na stift - VM Sport","robots":{"index":"index","follow":"follow","max-snippet":"max-snippet:-1","max-image-preview":"max-image-preview:large","max-video-preview":"max-video-preview:-1"},"canonical":"https:\/\/vmsport.fi\/sv\/webbutik\/reservdelar\/bromsar\/bromsskivor\/galfer-mtb-skiva-vag-flytande-o203x2-0mm-grona-stift\/","og_locale":"sv_SE","og_type":"article","og_title":"Galfer MTB Disc Wave Floating \u00d8203X2.0mm Green Pins - VM Sport","og_description":"Galfer MTB Disc Wave Floating \u00d8203X2.0mm on huippuluokan jarrulevy, joka soveltuu erityisesti maastopy\u00f6r\u00e4ilyyn. Sen innovatiivinen aaltoileva rakenne varmistaa erinomaisen l\u00e4mp\u00f6tilan hallinnan, mik\u00e4 parantaa jarrutuksen tehoa. Kelluva muotoilu v\u00e4hent\u00e4\u00e4 jarrulevyn v\u00e4\u00e4ntymisriski\u00e4, mik\u00e4 tekee siit\u00e4 luotettavan valinnan vaativiin olosuhteisiin. 203 mm halkaisijalla varustettu levy on suunniteltu tarjoamaan maksimaalista jarrutustehoa, mik\u00e4 tekee siit\u00e4 ideaalin jyrkkiin laskuihin tai nopeisiin [...]L\u00e4s mer \u2026 from Galfer MTB Disc Wave Floating \u00d8203X2.0mm Green Pins","og_url":"https:\/\/vmsport.fi\/sv\/webbutik\/reservdelar\/bromsar\/bromsskivor\/galfer-mtb-skiva-vag-flytande-o203x2-0mm-grona-stift\/","og_site_name":"VM Sport","article_publisher":"https:\/\/www.facebook.com\/Vmsport.fi\/","article_modified_time":"2026-01-16T11:23:06+00:00","og_image":[{"width":1000,"height":1000,"url":"https:\/\/vmsport.fi\/wp-content\/uploads\/2025\/03\/GBDB01XKFLWG-1.jpg","type":"image\/jpeg"}],"twitter_card":"summary_large_image","schema":{"@context":"https:\/\/schema.org","@graph":[{"@type":["WebPage","ItemPage"],"@id":"https:\/\/vmsport.fi\/verkkokauppa\/varaosat\/jarrut\/jarrulevyt\/galfer-mtb-disc-wave-floating-o203x2-0mm-green-pins\/","url":"https:\/\/vmsport.fi\/verkkokauppa\/varaosat\/jarrut\/jarrulevyt\/galfer-mtb-disc-wave-floating-o203x2-0mm-green-pins\/","name":"Galfer MTB-skiva Wave flytande \u00d8203X2,0mm gr\u00f6na stift - VM Sport","isPartOf":{"@id":"https:\/\/vmsport.fi\/#website"},"primaryImageOfPage":{"@id":"https:\/\/vmsport.fi\/verkkokauppa\/varaosat\/jarrut\/jarrulevyt\/galfer-mtb-disc-wave-floating-o203x2-0mm-green-pins\/#primaryimage"},"image":{"@id":"https:\/\/vmsport.fi\/verkkokauppa\/varaosat\/jarrut\/jarrulevyt\/galfer-mtb-disc-wave-floating-o203x2-0mm-green-pins\/#primaryimage"},"thumbnailUrl":"https:\/\/vmsport.fi\/wp-content\/uploads\/2025\/03\/GBDB01XKFLWG-1.jpg","datePublished":"2025-03-05T22:19:01+00:00","dateModified":"2026-01-16T11:23:06+00:00","breadcrumb":{"@id":"https:\/\/vmsport.fi\/verkkokauppa\/varaosat\/jarrut\/jarrulevyt\/galfer-mtb-disc-wave-floating-o203x2-0mm-green-pins\/#breadcrumb"},"inLanguage":"sv-SE","potentialAction":[{"@type":"ReadAction","target":["https:\/\/vmsport.fi\/verkkokauppa\/varaosat\/jarrut\/jarrulevyt\/galfer-mtb-disc-wave-floating-o203x2-0mm-green-pins\/"]}]},{"@type":"ImageObject","inLanguage":"sv-SE","@id":"https:\/\/vmsport.fi\/verkkokauppa\/varaosat\/jarrut\/jarrulevyt\/galfer-mtb-disc-wave-floating-o203x2-0mm-green-pins\/#primaryimage","url":"https:\/\/vmsport.fi\/wp-content\/uploads\/2025\/03\/GBDB01XKFLWG-1.jpg","contentUrl":"https:\/\/vmsport.fi\/wp-content\/uploads\/2025\/03\/GBDB01XKFLWG-1.jpg","width":1000,"height":1000,"caption":"GBDB01XKFLWG"},{"@type":"BreadcrumbList","@id":"https:\/\/vmsport.fi\/verkkokauppa\/varaosat\/jarrut\/jarrulevyt\/galfer-mtb-disc-wave-floating-o203x2-0mm-green-pins\/#breadcrumb","itemListElement":[{"@type":"ListItem","position":1,"name":"Etusivu","item":"https:\/\/vmsport.fi\/"},{"@type":"ListItem","position":2,"name":"Online Store","item":"https:\/\/vmsport.fi\/en\/online-store\/"},{"@type":"ListItem","position":3,"name":"Galfer MTB Disc Wave Floating \u00d8203X2.0mm Green Pins"}]},{"@type":"WebSite","@id":"https:\/\/vmsport.fi\/#website","url":"https:\/\/vmsport.fi\/","name":"Vmsport","description":"Allt p\u00e5 ett st\u00e4lle f\u00f6r cykling","publisher":{"@id":"https:\/\/vmsport.fi\/#organization"},"potentialAction":[{"@type":"SearchAction","target":{"@type":"EntryPoint","urlTemplate":"https:\/\/vmsport.fi\/?s={search_term_string}"},"query-input":{"@type":"PropertyValueSpecification","valueRequired":true,"valueName":"search_term_string"}}],"inLanguage":"sv-SE"},{"@type":"Organization","@id":"https:\/\/vmsport.fi\/#organization","name":"Vmsport","url":"https:\/\/vmsport.fi\/","logo":{"@type":"ImageObject","inLanguage":"sv-SE","@id":"https:\/\/vmsport.fi\/#\/schema\/logo\/image\/","url":"https:\/\/vmsport.fi\/wp-content\/uploads\/2024\/12\/vm_sport_RGB_horisontal-e1734526017575.png","contentUrl":"https:\/\/vmsport.fi\/wp-content\/uploads\/2024\/12\/vm_sport_RGB_horisontal-e1734526017575.png","width":668,"height":85,"caption":"Vmsport"},"image":{"@id":"https:\/\/vmsport.fi\/#\/schema\/logo\/image\/"},"sameAs":["https:\/\/www.facebook.com\/Vmsport.fi\/","https:\/\/www.instagram.com\/vmsport\/"]}]}},"global_unique_id":"","_links":{"self":[{"href":"https:\/\/vmsport.fi\/sv\/wp-json\/wp\/v2\/product\/56349","targetHints":{"allow":["GET"]}}],"collection":[{"href":"https:\/\/vmsport.fi\/sv\/wp-json\/wp\/v2\/product"}],"about":[{"href":"https:\/\/vmsport.fi\/sv\/wp-json\/wp\/v2\/types\/product"}],"replies":[{"embeddable":true,"href":"https:\/\/vmsport.fi\/sv\/wp-json\/wp\/v2\/comments?post=56349"}],"wp:featuredmedia":[{"embeddable":true,"href":"https:\/\/vmsport.fi\/sv\/wp-json\/wp\/v2\/media\/56348"}],"wp:attachment":[{"href":"https:\/\/vmsport.fi\/sv\/wp-json\/wp\/v2\/media?parent=56349"}],"wp:term":[{"taxonomy":"product_brand","embeddable":true,"href":"https:\/\/vmsport.fi\/sv\/wp-json\/wp\/v2\/product_brand?post=56349"},{"taxonomy":"product_model","embeddable":true,"href":"https:\/\/vmsport.fi\/sv\/wp-json\/wp\/v2\/product_model?post=56349"},{"taxonomy":"product_cat","embeddable":true,"href":"https:\/\/vmsport.fi\/sv\/wp-json\/wp\/v2\/product_cat?post=56349"},{"taxonomy":"product_tag","embeddable":true,"href":"https:\/\/vmsport.fi\/sv\/wp-json\/wp\/v2\/product_tag?post=56349"},{"taxonomy":"industry_terminology","embeddable":true,"href":"https:\/\/vmsport.fi\/sv\/wp-json\/wp\/v2\/industry-terminology?post=56349"}],"curies":[{"name":"wp","href":"https:\/\/api.w.org\/{rel}","templated":true}]}}