{"id":56347,"date":"2025-03-06T00:19:00","date_gmt":"2025-03-05T22:19:00","guid":{"rendered":"https:\/\/vmsport.fi\/verkkokauppa\/Ei-luokiteltu\/poc-ms-reform-enduro-jersey-prehnite-green\/"},"modified":"2026-01-16T13:29:52","modified_gmt":"2026-01-16T11:29:52","slug":"poc-ms-reform-endurotroja-prehnite-gron","status":"publish","type":"product","link":"https:\/\/vmsport.fi\/sv\/verkkokauppa\/ajovarusteet\/vaatteet\/paidat\/poc-ms-reform-enduro-jersey-prehnite-green\/","title":{"rendered":"POC Reform Enduro Jersey f\u00f6r herrar Prehnite Green"},"content":{"rendered":"<p>POC M's Reform Enduro Shirt i Prehnite Green erbjuder utm\u00e4rkt komfort och prestanda f\u00f6r terr\u00e4ngk\u00f6rning. Den l\u00e5ng\u00e4rmade tr\u00f6jan har ett genomt\u00e4nkt materialval som f\u00f6rb\u00e4ttrar andningsf\u00f6rm\u00e5gan och fukttransporten. Den l\u00e4tta konstruktionen anpassar sig till dina r\u00f6relser och g\u00f6r att du kan r\u00f6ra dig fritt utan begr\u00e4nsningar. Om du letar efter en snygg och funktionell produkt f\u00f6r utmanande f\u00f6rh\u00e5llanden \u00e4r den h\u00e4r skjortan ett p\u00e5litligt val f\u00f6r ett brett utbud av stigar.<\/p>","protected":false},"excerpt":{"rendered":"<p>POC M:n Reform Enduro -paita, v\u00e4rilt\u00e4\u00e4n Prehnite Green, tarjoaa erinomaisen mukavuuden ja suorituskyvyn maastoajoon. Pitk\u00e4hihaisen paidan tarkkaan harkittu materiaalivalinta parantaa hengitt\u00e4vyytt\u00e4 ja kosteudensiirtoa. Kevyt rakenne mukautuu liikkeeseesi ja mahdollistaa vapaan liikkumisen ilman rajoituksia. Jos etsit tyylik\u00e4st\u00e4 ja toimivaa tuotetta, joka soveltuu haastaviin olosuhteisiin, t\u00e4m\u00e4 paita on luotettava valinta monenlaisille reiteille. [&#8230;]<\/p>\n<p><a class=\"btn btn-secondary understrap-read-more-link\" href=\"https:\/\/vmsport.fi\/sv\/verkkokauppa\/ajovarusteet\/vaatteet\/paidat\/poc-ms-reform-enduro-jersey-prehnite-green\/\">L\u00e4s mer \u2026<span class=\"screen-reader-text\"> from POC M&#8217;s Reform Enduro Jersey Prehnite Green<\/span><\/a><\/p>\n","protected":false},"featured_media":56345,"comment_status":"open","ping_status":"closed","template":"","meta":{"_acf_changed":false,"_improvement_type_select":"improve_an_existing","_thumb_yes_seoaic":false,"_frame_yes_seoaic":false,"seoaic_generate_description":"","seoaic_improve_instructions_prompt":"","seoaic_rollback_content_improvement":"","seoaic_idea_thumbnail_generator":"","thumbnail_generated":false,"thumbnail_generate_prompt":"","seoaic_article_description":"","_supplier_stock_quantity":0},"product_brand":[],"product_model":[],"product_cat":[9460],"product_tag":[],"industry-terminology":[],"class_list":{"0":"post-56347","1":"product","2":"type-product","3":"status-publish","4":"has-post-thumbnail","6":"product_cat-paidat","8":"first","9":"instock","10":"taxable","11":"shipping-taxable","12":"purchasable","13":"product-type-variable"},"acf":{"bike_features":null,"overview":{"copy_overview":null,"key_features":null,"statement":"","youtube_url":""}},"yoast_head":"<!-- This site is optimized with the Yoast SEO plugin v27.3 - https:\/\/yoast.com\/product\/yoast-seo-wordpress\/ -->\n<title>POC M&#039;s Reform Enduro Jersey Prehnite Green - VM Sport<\/title>\n<meta name=\"robots\" content=\"index, follow, max-snippet:-1, max-image-preview:large, max-video-preview:-1\" \/>\n<link rel=\"canonical\" href=\"https:\/\/vmsport.fi\/sv\/webbutik\/korutrustning\/klader\/skjorta\/poc-ms-reform-endurotroja-prehnite-gron\/\" \/>\n<meta property=\"og:locale\" content=\"sv_SE\" \/>\n<meta property=\"og:type\" content=\"article\" \/>\n<meta property=\"og:title\" content=\"POC M&#039;s Reform Enduro Jersey Prehnite Green - VM Sport\" \/>\n<meta property=\"og:description\" content=\"POC M:n Reform Enduro -paita, v\u00e4rilt\u00e4\u00e4n Prehnite Green, tarjoaa erinomaisen mukavuuden ja suorituskyvyn maastoajoon. Pitk\u00e4hihaisen paidan tarkkaan harkittu materiaalivalinta parantaa hengitt\u00e4vyytt\u00e4 ja kosteudensiirtoa. Kevyt rakenne mukautuu liikkeeseesi ja mahdollistaa vapaan liikkumisen ilman rajoituksia. Jos etsit tyylik\u00e4st\u00e4 ja toimivaa tuotetta, joka soveltuu haastaviin olosuhteisiin, t\u00e4m\u00e4 paita on luotettava valinta monenlaisille reiteille. [...]L\u00e4s mer \u2026 from POC M&#8217;s Reform Enduro Jersey Prehnite Green\" \/>\n<meta property=\"og:url\" content=\"https:\/\/vmsport.fi\/sv\/webbutik\/korutrustning\/klader\/skjorta\/poc-ms-reform-endurotroja-prehnite-gron\/\" \/>\n<meta property=\"og:site_name\" content=\"VM Sport\" \/>\n<meta property=\"article:publisher\" content=\"https:\/\/www.facebook.com\/Vmsport.fi\/\" \/>\n<meta property=\"article:modified_time\" content=\"2026-01-16T11:29:52+00:00\" \/>\n<meta property=\"og:image\" content=\"https:\/\/vmsport.fi\/wp-content\/uploads\/2025\/03\/52906-1447-Ms-ReformEnduroJersey-PrehniteGreen-1-1.png\" \/>\n\t<meta property=\"og:image:width\" content=\"1000\" \/>\n\t<meta property=\"og:image:height\" content=\"1000\" \/>\n\t<meta property=\"og:image:type\" content=\"image\/png\" \/>\n<meta name=\"twitter:card\" content=\"summary_large_image\" \/>\n<script type=\"application\/ld+json\" class=\"yoast-schema-graph\">{\"@context\":\"https:\\\/\\\/schema.org\",\"@graph\":[{\"@type\":[\"WebPage\",\"ItemPage\"],\"@id\":\"https:\\\/\\\/vmsport.fi\\\/verkkokauppa\\\/ajovarusteet\\\/vaatteet\\\/paidat\\\/poc-ms-reform-enduro-jersey-prehnite-green\\\/\",\"url\":\"https:\\\/\\\/vmsport.fi\\\/verkkokauppa\\\/ajovarusteet\\\/vaatteet\\\/paidat\\\/poc-ms-reform-enduro-jersey-prehnite-green\\\/\",\"name\":\"POC M's Reform Enduro Jersey Prehnite Green - VM Sport\",\"isPartOf\":{\"@id\":\"https:\\\/\\\/vmsport.fi\\\/#website\"},\"primaryImageOfPage\":{\"@id\":\"https:\\\/\\\/vmsport.fi\\\/verkkokauppa\\\/ajovarusteet\\\/vaatteet\\\/paidat\\\/poc-ms-reform-enduro-jersey-prehnite-green\\\/#primaryimage\"},\"image\":{\"@id\":\"https:\\\/\\\/vmsport.fi\\\/verkkokauppa\\\/ajovarusteet\\\/vaatteet\\\/paidat\\\/poc-ms-reform-enduro-jersey-prehnite-green\\\/#primaryimage\"},\"thumbnailUrl\":\"https:\\\/\\\/vmsport.fi\\\/wp-content\\\/uploads\\\/2025\\\/03\\\/52906-1447-Ms-ReformEnduroJersey-PrehniteGreen-1-1.png\",\"datePublished\":\"2025-03-05T22:19:00+00:00\",\"dateModified\":\"2026-01-16T11:29:52+00:00\",\"breadcrumb\":{\"@id\":\"https:\\\/\\\/vmsport.fi\\\/verkkokauppa\\\/ajovarusteet\\\/vaatteet\\\/paidat\\\/poc-ms-reform-enduro-jersey-prehnite-green\\\/#breadcrumb\"},\"inLanguage\":\"sv-SE\",\"potentialAction\":[{\"@type\":\"ReadAction\",\"target\":[\"https:\\\/\\\/vmsport.fi\\\/verkkokauppa\\\/ajovarusteet\\\/vaatteet\\\/paidat\\\/poc-ms-reform-enduro-jersey-prehnite-green\\\/\"]}]},{\"@type\":\"ImageObject\",\"inLanguage\":\"sv-SE\",\"@id\":\"https:\\\/\\\/vmsport.fi\\\/verkkokauppa\\\/ajovarusteet\\\/vaatteet\\\/paidat\\\/poc-ms-reform-enduro-jersey-prehnite-green\\\/#primaryimage\",\"url\":\"https:\\\/\\\/vmsport.fi\\\/wp-content\\\/uploads\\\/2025\\\/03\\\/52906-1447-Ms-ReformEnduroJersey-PrehniteGreen-1-1.png\",\"contentUrl\":\"https:\\\/\\\/vmsport.fi\\\/wp-content\\\/uploads\\\/2025\\\/03\\\/52906-1447-Ms-ReformEnduroJersey-PrehniteGreen-1-1.png\",\"width\":1000,\"height\":1000,\"caption\":\"52906-1447-Ms-ReformEnduroJersey-PrehniteGreen-1\"},{\"@type\":\"BreadcrumbList\",\"@id\":\"https:\\\/\\\/vmsport.fi\\\/verkkokauppa\\\/ajovarusteet\\\/vaatteet\\\/paidat\\\/poc-ms-reform-enduro-jersey-prehnite-green\\\/#breadcrumb\",\"itemListElement\":[{\"@type\":\"ListItem\",\"position\":1,\"name\":\"Etusivu\",\"item\":\"https:\\\/\\\/vmsport.fi\\\/\"},{\"@type\":\"ListItem\",\"position\":2,\"name\":\"Online Store\",\"item\":\"https:\\\/\\\/vmsport.fi\\\/en\\\/online-store\\\/\"},{\"@type\":\"ListItem\",\"position\":3,\"name\":\"POC M&#8217;s Reform Enduro Jersey Prehnite Green\"}]},{\"@type\":\"WebSite\",\"@id\":\"https:\\\/\\\/vmsport.fi\\\/#website\",\"url\":\"https:\\\/\\\/vmsport.fi\\\/\",\"name\":\"Vmsport\",\"description\":\"Kaikki py\u00f6r\u00e4ilyyn yhdest\u00e4 paikasta\",\"publisher\":{\"@id\":\"https:\\\/\\\/vmsport.fi\\\/#organization\"},\"potentialAction\":[{\"@type\":\"SearchAction\",\"target\":{\"@type\":\"EntryPoint\",\"urlTemplate\":\"https:\\\/\\\/vmsport.fi\\\/?s={search_term_string}\"},\"query-input\":{\"@type\":\"PropertyValueSpecification\",\"valueRequired\":true,\"valueName\":\"search_term_string\"}}],\"inLanguage\":\"sv-SE\"},{\"@type\":\"Organization\",\"@id\":\"https:\\\/\\\/vmsport.fi\\\/#organization\",\"name\":\"Vmsport\",\"url\":\"https:\\\/\\\/vmsport.fi\\\/\",\"logo\":{\"@type\":\"ImageObject\",\"inLanguage\":\"sv-SE\",\"@id\":\"https:\\\/\\\/vmsport.fi\\\/#\\\/schema\\\/logo\\\/image\\\/\",\"url\":\"https:\\\/\\\/vmsport.fi\\\/wp-content\\\/uploads\\\/2024\\\/12\\\/vm_sport_RGB_horisontal-e1734526017575.png\",\"contentUrl\":\"https:\\\/\\\/vmsport.fi\\\/wp-content\\\/uploads\\\/2024\\\/12\\\/vm_sport_RGB_horisontal-e1734526017575.png\",\"width\":668,\"height\":85,\"caption\":\"Vmsport\"},\"image\":{\"@id\":\"https:\\\/\\\/vmsport.fi\\\/#\\\/schema\\\/logo\\\/image\\\/\"},\"sameAs\":[\"https:\\\/\\\/www.facebook.com\\\/Vmsport.fi\\\/\",\"https:\\\/\\\/www.instagram.com\\\/vmsport\\\/\"]}]}<\/script>\n<!-- \/ Yoast SEO plugin. -->","yoast_head_json":{"title":"POC Reform Enduro Jersey Prehnite Green f\u00f6r herrar - VM Sport","robots":{"index":"index","follow":"follow","max-snippet":"max-snippet:-1","max-image-preview":"max-image-preview:large","max-video-preview":"max-video-preview:-1"},"canonical":"https:\/\/vmsport.fi\/sv\/webbutik\/korutrustning\/klader\/skjorta\/poc-ms-reform-endurotroja-prehnite-gron\/","og_locale":"sv_SE","og_type":"article","og_title":"POC M's Reform Enduro Jersey Prehnite Green - VM Sport","og_description":"POC M:n Reform Enduro -paita, v\u00e4rilt\u00e4\u00e4n Prehnite Green, tarjoaa erinomaisen mukavuuden ja suorituskyvyn maastoajoon. Pitk\u00e4hihaisen paidan tarkkaan harkittu materiaalivalinta parantaa hengitt\u00e4vyytt\u00e4 ja kosteudensiirtoa. Kevyt rakenne mukautuu liikkeeseesi ja mahdollistaa vapaan liikkumisen ilman rajoituksia. Jos etsit tyylik\u00e4st\u00e4 ja toimivaa tuotetta, joka soveltuu haastaviin olosuhteisiin, t\u00e4m\u00e4 paita on luotettava valinta monenlaisille reiteille. [...]L\u00e4s mer \u2026 from POC M&#8217;s Reform Enduro Jersey Prehnite Green","og_url":"https:\/\/vmsport.fi\/sv\/webbutik\/korutrustning\/klader\/skjorta\/poc-ms-reform-endurotroja-prehnite-gron\/","og_site_name":"VM Sport","article_publisher":"https:\/\/www.facebook.com\/Vmsport.fi\/","article_modified_time":"2026-01-16T11:29:52+00:00","og_image":[{"width":1000,"height":1000,"url":"https:\/\/vmsport.fi\/wp-content\/uploads\/2025\/03\/52906-1447-Ms-ReformEnduroJersey-PrehniteGreen-1-1.png","type":"image\/png"}],"twitter_card":"summary_large_image","schema":{"@context":"https:\/\/schema.org","@graph":[{"@type":["WebPage","ItemPage"],"@id":"https:\/\/vmsport.fi\/verkkokauppa\/ajovarusteet\/vaatteet\/paidat\/poc-ms-reform-enduro-jersey-prehnite-green\/","url":"https:\/\/vmsport.fi\/verkkokauppa\/ajovarusteet\/vaatteet\/paidat\/poc-ms-reform-enduro-jersey-prehnite-green\/","name":"POC Reform Enduro Jersey Prehnite Green f\u00f6r herrar - VM Sport","isPartOf":{"@id":"https:\/\/vmsport.fi\/#website"},"primaryImageOfPage":{"@id":"https:\/\/vmsport.fi\/verkkokauppa\/ajovarusteet\/vaatteet\/paidat\/poc-ms-reform-enduro-jersey-prehnite-green\/#primaryimage"},"image":{"@id":"https:\/\/vmsport.fi\/verkkokauppa\/ajovarusteet\/vaatteet\/paidat\/poc-ms-reform-enduro-jersey-prehnite-green\/#primaryimage"},"thumbnailUrl":"https:\/\/vmsport.fi\/wp-content\/uploads\/2025\/03\/52906-1447-Ms-ReformEnduroJersey-PrehniteGreen-1-1.png","datePublished":"2025-03-05T22:19:00+00:00","dateModified":"2026-01-16T11:29:52+00:00","breadcrumb":{"@id":"https:\/\/vmsport.fi\/verkkokauppa\/ajovarusteet\/vaatteet\/paidat\/poc-ms-reform-enduro-jersey-prehnite-green\/#breadcrumb"},"inLanguage":"sv-SE","potentialAction":[{"@type":"ReadAction","target":["https:\/\/vmsport.fi\/verkkokauppa\/ajovarusteet\/vaatteet\/paidat\/poc-ms-reform-enduro-jersey-prehnite-green\/"]}]},{"@type":"ImageObject","inLanguage":"sv-SE","@id":"https:\/\/vmsport.fi\/verkkokauppa\/ajovarusteet\/vaatteet\/paidat\/poc-ms-reform-enduro-jersey-prehnite-green\/#primaryimage","url":"https:\/\/vmsport.fi\/wp-content\/uploads\/2025\/03\/52906-1447-Ms-ReformEnduroJersey-PrehniteGreen-1-1.png","contentUrl":"https:\/\/vmsport.fi\/wp-content\/uploads\/2025\/03\/52906-1447-Ms-ReformEnduroJersey-PrehniteGreen-1-1.png","width":1000,"height":1000,"caption":"52906-1447-Ms-ReformEnduroJersey-PrehniteGreen-1"},{"@type":"BreadcrumbList","@id":"https:\/\/vmsport.fi\/verkkokauppa\/ajovarusteet\/vaatteet\/paidat\/poc-ms-reform-enduro-jersey-prehnite-green\/#breadcrumb","itemListElement":[{"@type":"ListItem","position":1,"name":"Etusivu","item":"https:\/\/vmsport.fi\/"},{"@type":"ListItem","position":2,"name":"Online Store","item":"https:\/\/vmsport.fi\/en\/online-store\/"},{"@type":"ListItem","position":3,"name":"POC M&#8217;s Reform Enduro Jersey Prehnite Green"}]},{"@type":"WebSite","@id":"https:\/\/vmsport.fi\/#website","url":"https:\/\/vmsport.fi\/","name":"Vmsport","description":"Allt p\u00e5 ett st\u00e4lle f\u00f6r cykling","publisher":{"@id":"https:\/\/vmsport.fi\/#organization"},"potentialAction":[{"@type":"SearchAction","target":{"@type":"EntryPoint","urlTemplate":"https:\/\/vmsport.fi\/?s={search_term_string}"},"query-input":{"@type":"PropertyValueSpecification","valueRequired":true,"valueName":"search_term_string"}}],"inLanguage":"sv-SE"},{"@type":"Organization","@id":"https:\/\/vmsport.fi\/#organization","name":"Vmsport","url":"https:\/\/vmsport.fi\/","logo":{"@type":"ImageObject","inLanguage":"sv-SE","@id":"https:\/\/vmsport.fi\/#\/schema\/logo\/image\/","url":"https:\/\/vmsport.fi\/wp-content\/uploads\/2024\/12\/vm_sport_RGB_horisontal-e1734526017575.png","contentUrl":"https:\/\/vmsport.fi\/wp-content\/uploads\/2024\/12\/vm_sport_RGB_horisontal-e1734526017575.png","width":668,"height":85,"caption":"Vmsport"},"image":{"@id":"https:\/\/vmsport.fi\/#\/schema\/logo\/image\/"},"sameAs":["https:\/\/www.facebook.com\/Vmsport.fi\/","https:\/\/www.instagram.com\/vmsport\/"]}]}},"global_unique_id":"","_links":{"self":[{"href":"https:\/\/vmsport.fi\/sv\/wp-json\/wp\/v2\/product\/56347","targetHints":{"allow":["GET"]}}],"collection":[{"href":"https:\/\/vmsport.fi\/sv\/wp-json\/wp\/v2\/product"}],"about":[{"href":"https:\/\/vmsport.fi\/sv\/wp-json\/wp\/v2\/types\/product"}],"replies":[{"embeddable":true,"href":"https:\/\/vmsport.fi\/sv\/wp-json\/wp\/v2\/comments?post=56347"}],"wp:featuredmedia":[{"embeddable":true,"href":"https:\/\/vmsport.fi\/sv\/wp-json\/wp\/v2\/media\/56345"}],"wp:attachment":[{"href":"https:\/\/vmsport.fi\/sv\/wp-json\/wp\/v2\/media?parent=56347"}],"wp:term":[{"taxonomy":"product_brand","embeddable":true,"href":"https:\/\/vmsport.fi\/sv\/wp-json\/wp\/v2\/product_brand?post=56347"},{"taxonomy":"product_model","embeddable":true,"href":"https:\/\/vmsport.fi\/sv\/wp-json\/wp\/v2\/product_model?post=56347"},{"taxonomy":"product_cat","embeddable":true,"href":"https:\/\/vmsport.fi\/sv\/wp-json\/wp\/v2\/product_cat?post=56347"},{"taxonomy":"product_tag","embeddable":true,"href":"https:\/\/vmsport.fi\/sv\/wp-json\/wp\/v2\/product_tag?post=56347"},{"taxonomy":"industry_terminology","embeddable":true,"href":"https:\/\/vmsport.fi\/sv\/wp-json\/wp\/v2\/industry-terminology?post=56347"}],"curies":[{"name":"wp","href":"https:\/\/api.w.org\/{rel}","templated":true}]}}