{"id":56325,"date":"2025-03-06T00:18:29","date_gmt":"2025-03-05T22:18:29","guid":{"rendered":"https:\/\/vmsport.fi\/verkkokauppa\/Ei-luokiteltu\/muc-off-tubeless-valve-kit-v-2-0-purple\/"},"modified":"2026-01-16T13:25:28","modified_gmt":"2026-01-16T11:25:28","slug":"muc-off-slanglos-ventilsats-v-2-0-lila","status":"publish","type":"product","link":"https:\/\/vmsport.fi\/sv\/verkkokauppa\/renkaat\/tubeless-tarvikkeet\/tubeless-venttiilit\/muc-off-tubeless-valve-kit-v-2-0-purple\/","title":{"rendered":"MUC-OFF Tubeless Valve Kit V. 2.0 Purple"},"content":{"rendered":"<p>MUC-OFF Tubeless Valve Kit V 2.0 Purple \u00e4r tillverkad av h\u00f6gkvalitativ 7075 aluminium av flygplanskvalitet, vilket g\u00f6r den l\u00e4tt och h\u00e5llbar. Ventilens 44 mm l\u00e5nga skaft m\u00f6jligg\u00f6r enkel installation med hj\u00e4lp av en 4 mm sexkantsnyckel. Det \u00e4r enkelt att ta bort ventilk\u00e4rnan tack vare ett praktiskt verktyg som \u00e4r integrerat i aluminiumlocket.<\/p>\n<p>Produkten \u00e4r kompatibel med Presta-ventiler och passar perfekt f\u00f6r terr\u00e4ng-, grus- och landsv\u00e4gscyklar. Ventilskaftet har sex sp\u00e5r i botten f\u00f6r att s\u00e4kerst\u00e4lla ett effektivt luft- och t\u00e4tningsfl\u00f6de. Tre olika gummibrickor medf\u00f6ljer f\u00f6r att s\u00e4kerst\u00e4lla perfekt t\u00e4tning av ventilen p\u00e5 olika f\u00e4lgar.<\/p>\n<p>Satsen inneh\u00e5ller tv\u00e5 slangl\u00f6sa Presta-ventiler, tv\u00e5 ventilhattar, tv\u00e5 l\u00e5smuttrar och ett verktyg f\u00f6r borttagning av ventilk\u00e4rnan, som ocks\u00e5 fungerar som reservventilh\u00e4tta. MUC-OFF Tubeless Valve Kit erbjuder h\u00f6g prestanda och m\u00f6jlighet till personlig anpassning i en sl\u00e5ende lila f\u00e4rg.<\/p>","protected":false},"excerpt":{"rendered":"<p>MUC-OFF Tubeless Valve Kit V 2.0 Purppura hy\u00f6dynt\u00e4\u00e4 laadukasta lentokonetason 7075-alumiinia, joka tekee siit\u00e4 kevyen ja kest\u00e4v\u00e4n. Venttiilin 44 mm:n pituinen varsi mahdollistaa helpon asennuksen 4 mm:n kuusiokoloavaimen avulla. Venttiilinsyd\u00e4men irrottaminen k\u00e4y vaivattomasti, sill\u00e4 alumiinikorkkiin on integroitu k\u00e4tev\u00e4 ty\u00f6kalu. Tuote on yhteensopiva Presta-venttiilien kanssa ja sopii erinomaisesti maasto-, sora- ja maantiepy\u00f6rille. Venttiilin varren pohjassa on [&#8230;]<\/p>\n<p><a class=\"btn btn-secondary understrap-read-more-link\" href=\"https:\/\/vmsport.fi\/sv\/verkkokauppa\/renkaat\/tubeless-tarvikkeet\/tubeless-venttiilit\/muc-off-tubeless-valve-kit-v-2-0-purple\/\">L\u00e4s mer \u2026<span class=\"screen-reader-text\"> from MUC-OFF Tubeless Valve Kit V. 2.0 Purple<\/span><\/a><\/p>\n","protected":false},"featured_media":56324,"comment_status":"open","ping_status":"closed","template":"","meta":{"_acf_changed":false,"_improvement_type_select":"improve_an_existing","_thumb_yes_seoaic":false,"_frame_yes_seoaic":false,"seoaic_generate_description":"","seoaic_improve_instructions_prompt":"","seoaic_rollback_content_improvement":"","seoaic_idea_thumbnail_generator":"","thumbnail_generated":false,"thumbnail_generate_prompt":"","seoaic_article_description":"","_supplier_stock_quantity":0},"product_brand":[1584],"product_model":[],"product_cat":[9392],"product_tag":[],"industry-terminology":[],"class_list":{"0":"post-56325","1":"product","2":"type-product","3":"status-publish","4":"has-post-thumbnail","6":"product_brand-muc-off","7":"product_cat-tubeless-venttiilit","9":"first","10":"outofstock","11":"taxable","12":"shipping-taxable","13":"product-type-simple"},"acf":{"bike_features":null,"overview":{"copy_overview":null,"key_features":null,"statement":"","youtube_url":""}},"yoast_head":"<!-- This site is optimized with the Yoast SEO plugin v27.3 - https:\/\/yoast.com\/product\/yoast-seo-wordpress\/ -->\n<title>MUC-OFF Tubeless Valve Kit V. 2.0 Purple - VM Sport<\/title>\n<meta name=\"robots\" content=\"index, follow, max-snippet:-1, max-image-preview:large, max-video-preview:-1\" \/>\n<link rel=\"canonical\" href=\"https:\/\/vmsport.fi\/sv\/webbutik\/dack\/slanglosa-tillbehor\/slanglosa-ventiler\/muc-off-slanglos-ventilsats-v-2-0-lila\/\" \/>\n<meta property=\"og:locale\" content=\"sv_SE\" \/>\n<meta property=\"og:type\" content=\"article\" \/>\n<meta property=\"og:title\" content=\"MUC-OFF Tubeless Valve Kit V. 2.0 Purple - VM Sport\" \/>\n<meta property=\"og:description\" content=\"MUC-OFF Tubeless Valve Kit V 2.0 Purppura hy\u00f6dynt\u00e4\u00e4 laadukasta lentokonetason 7075-alumiinia, joka tekee siit\u00e4 kevyen ja kest\u00e4v\u00e4n. Venttiilin 44 mm:n pituinen varsi mahdollistaa helpon asennuksen 4 mm:n kuusiokoloavaimen avulla. Venttiilinsyd\u00e4men irrottaminen k\u00e4y vaivattomasti, sill\u00e4 alumiinikorkkiin on integroitu k\u00e4tev\u00e4 ty\u00f6kalu. Tuote on yhteensopiva Presta-venttiilien kanssa ja sopii erinomaisesti maasto-, sora- ja maantiepy\u00f6rille. Venttiilin varren pohjassa on [...]L\u00e4s mer \u2026 from MUC-OFF Tubeless Valve Kit V. 2.0 Purple\" \/>\n<meta property=\"og:url\" content=\"https:\/\/vmsport.fi\/sv\/webbutik\/dack\/slanglosa-tillbehor\/slanglosa-ventiler\/muc-off-slanglos-ventilsats-v-2-0-lila\/\" \/>\n<meta property=\"og:site_name\" content=\"VM Sport\" \/>\n<meta property=\"article:publisher\" content=\"https:\/\/www.facebook.com\/Vmsport.fi\/\" \/>\n<meta property=\"article:modified_time\" content=\"2026-01-16T11:25:28+00:00\" \/>\n<meta property=\"og:image\" content=\"https:\/\/vmsport.fi\/wp-content\/uploads\/2025\/03\/iYyU12xOZ4kENCzXnTbdxzz1Ye1z6F9A0ZB3YPBZfzkGTslwPA-1.jpg\" \/>\n\t<meta property=\"og:image:width\" content=\"800\" \/>\n\t<meta property=\"og:image:height\" content=\"800\" \/>\n\t<meta property=\"og:image:type\" content=\"image\/jpeg\" \/>\n<meta name=\"twitter:card\" content=\"summary_large_image\" \/>\n<meta name=\"twitter:label1\" content=\"Ber\u00e4knad l\u00e4stid\" \/>\n\t<meta name=\"twitter:data1\" content=\"1 minut\" \/>\n<script type=\"application\/ld+json\" class=\"yoast-schema-graph\">{\"@context\":\"https:\\\/\\\/schema.org\",\"@graph\":[{\"@type\":[\"WebPage\",\"ItemPage\"],\"@id\":\"https:\\\/\\\/vmsport.fi\\\/verkkokauppa\\\/renkaat\\\/tubeless-tarvikkeet\\\/tubeless-venttiilit\\\/muc-off-tubeless-valve-kit-v-2-0-purple\\\/\",\"url\":\"https:\\\/\\\/vmsport.fi\\\/verkkokauppa\\\/renkaat\\\/tubeless-tarvikkeet\\\/tubeless-venttiilit\\\/muc-off-tubeless-valve-kit-v-2-0-purple\\\/\",\"name\":\"MUC-OFF Tubeless Valve Kit V. 2.0 Purple - VM Sport\",\"isPartOf\":{\"@id\":\"https:\\\/\\\/vmsport.fi\\\/#website\"},\"primaryImageOfPage\":{\"@id\":\"https:\\\/\\\/vmsport.fi\\\/verkkokauppa\\\/renkaat\\\/tubeless-tarvikkeet\\\/tubeless-venttiilit\\\/muc-off-tubeless-valve-kit-v-2-0-purple\\\/#primaryimage\"},\"image\":{\"@id\":\"https:\\\/\\\/vmsport.fi\\\/verkkokauppa\\\/renkaat\\\/tubeless-tarvikkeet\\\/tubeless-venttiilit\\\/muc-off-tubeless-valve-kit-v-2-0-purple\\\/#primaryimage\"},\"thumbnailUrl\":\"https:\\\/\\\/vmsport.fi\\\/wp-content\\\/uploads\\\/2025\\\/03\\\/iYyU12xOZ4kENCzXnTbdxzz1Ye1z6F9A0ZB3YPBZfzkGTslwPA-1.jpg\",\"datePublished\":\"2025-03-05T22:18:29+00:00\",\"dateModified\":\"2026-01-16T11:25:28+00:00\",\"breadcrumb\":{\"@id\":\"https:\\\/\\\/vmsport.fi\\\/verkkokauppa\\\/renkaat\\\/tubeless-tarvikkeet\\\/tubeless-venttiilit\\\/muc-off-tubeless-valve-kit-v-2-0-purple\\\/#breadcrumb\"},\"inLanguage\":\"sv-SE\",\"potentialAction\":[{\"@type\":\"ReadAction\",\"target\":[\"https:\\\/\\\/vmsport.fi\\\/verkkokauppa\\\/renkaat\\\/tubeless-tarvikkeet\\\/tubeless-venttiilit\\\/muc-off-tubeless-valve-kit-v-2-0-purple\\\/\"]}]},{\"@type\":\"ImageObject\",\"inLanguage\":\"sv-SE\",\"@id\":\"https:\\\/\\\/vmsport.fi\\\/verkkokauppa\\\/renkaat\\\/tubeless-tarvikkeet\\\/tubeless-venttiilit\\\/muc-off-tubeless-valve-kit-v-2-0-purple\\\/#primaryimage\",\"url\":\"https:\\\/\\\/vmsport.fi\\\/wp-content\\\/uploads\\\/2025\\\/03\\\/iYyU12xOZ4kENCzXnTbdxzz1Ye1z6F9A0ZB3YPBZfzkGTslwPA-1.jpg\",\"contentUrl\":\"https:\\\/\\\/vmsport.fi\\\/wp-content\\\/uploads\\\/2025\\\/03\\\/iYyU12xOZ4kENCzXnTbdxzz1Ye1z6F9A0ZB3YPBZfzkGTslwPA-1.jpg\",\"width\":800,\"height\":800,\"caption\":\"iYyU12xOZ4kENCzXnTbdxzz1Ye1z6F9A0ZB3YPBZfzkGTslwPA\"},{\"@type\":\"BreadcrumbList\",\"@id\":\"https:\\\/\\\/vmsport.fi\\\/verkkokauppa\\\/renkaat\\\/tubeless-tarvikkeet\\\/tubeless-venttiilit\\\/muc-off-tubeless-valve-kit-v-2-0-purple\\\/#breadcrumb\",\"itemListElement\":[{\"@type\":\"ListItem\",\"position\":1,\"name\":\"Etusivu\",\"item\":\"https:\\\/\\\/vmsport.fi\\\/\"},{\"@type\":\"ListItem\",\"position\":2,\"name\":\"Online Store\",\"item\":\"https:\\\/\\\/vmsport.fi\\\/en\\\/online-store\\\/\"},{\"@type\":\"ListItem\",\"position\":3,\"name\":\"MUC-OFF Tubeless Valve Kit V. 2.0 Purple\"}]},{\"@type\":\"WebSite\",\"@id\":\"https:\\\/\\\/vmsport.fi\\\/#website\",\"url\":\"https:\\\/\\\/vmsport.fi\\\/\",\"name\":\"Vmsport\",\"description\":\"Kaikki py\u00f6r\u00e4ilyyn yhdest\u00e4 paikasta\",\"publisher\":{\"@id\":\"https:\\\/\\\/vmsport.fi\\\/#organization\"},\"potentialAction\":[{\"@type\":\"SearchAction\",\"target\":{\"@type\":\"EntryPoint\",\"urlTemplate\":\"https:\\\/\\\/vmsport.fi\\\/?s={search_term_string}\"},\"query-input\":{\"@type\":\"PropertyValueSpecification\",\"valueRequired\":true,\"valueName\":\"search_term_string\"}}],\"inLanguage\":\"sv-SE\"},{\"@type\":\"Organization\",\"@id\":\"https:\\\/\\\/vmsport.fi\\\/#organization\",\"name\":\"Vmsport\",\"url\":\"https:\\\/\\\/vmsport.fi\\\/\",\"logo\":{\"@type\":\"ImageObject\",\"inLanguage\":\"sv-SE\",\"@id\":\"https:\\\/\\\/vmsport.fi\\\/#\\\/schema\\\/logo\\\/image\\\/\",\"url\":\"https:\\\/\\\/vmsport.fi\\\/wp-content\\\/uploads\\\/2024\\\/12\\\/vm_sport_RGB_horisontal-e1734526017575.png\",\"contentUrl\":\"https:\\\/\\\/vmsport.fi\\\/wp-content\\\/uploads\\\/2024\\\/12\\\/vm_sport_RGB_horisontal-e1734526017575.png\",\"width\":668,\"height\":85,\"caption\":\"Vmsport\"},\"image\":{\"@id\":\"https:\\\/\\\/vmsport.fi\\\/#\\\/schema\\\/logo\\\/image\\\/\"},\"sameAs\":[\"https:\\\/\\\/www.facebook.com\\\/Vmsport.fi\\\/\",\"https:\\\/\\\/www.instagram.com\\\/vmsport\\\/\"]}]}<\/script>\n<!-- \/ Yoast SEO plugin. -->","yoast_head_json":{"title":"MUC-OFF Tubeless Valve Kit V. 2.0 Purple - VM Sport","robots":{"index":"index","follow":"follow","max-snippet":"max-snippet:-1","max-image-preview":"max-image-preview:large","max-video-preview":"max-video-preview:-1"},"canonical":"https:\/\/vmsport.fi\/sv\/webbutik\/dack\/slanglosa-tillbehor\/slanglosa-ventiler\/muc-off-slanglos-ventilsats-v-2-0-lila\/","og_locale":"sv_SE","og_type":"article","og_title":"MUC-OFF Tubeless Valve Kit V. 2.0 Purple - VM Sport","og_description":"MUC-OFF Tubeless Valve Kit V 2.0 Purppura hy\u00f6dynt\u00e4\u00e4 laadukasta lentokonetason 7075-alumiinia, joka tekee siit\u00e4 kevyen ja kest\u00e4v\u00e4n. Venttiilin 44 mm:n pituinen varsi mahdollistaa helpon asennuksen 4 mm:n kuusiokoloavaimen avulla. Venttiilinsyd\u00e4men irrottaminen k\u00e4y vaivattomasti, sill\u00e4 alumiinikorkkiin on integroitu k\u00e4tev\u00e4 ty\u00f6kalu. Tuote on yhteensopiva Presta-venttiilien kanssa ja sopii erinomaisesti maasto-, sora- ja maantiepy\u00f6rille. Venttiilin varren pohjassa on [...]L\u00e4s mer \u2026 from MUC-OFF Tubeless Valve Kit V. 2.0 Purple","og_url":"https:\/\/vmsport.fi\/sv\/webbutik\/dack\/slanglosa-tillbehor\/slanglosa-ventiler\/muc-off-slanglos-ventilsats-v-2-0-lila\/","og_site_name":"VM Sport","article_publisher":"https:\/\/www.facebook.com\/Vmsport.fi\/","article_modified_time":"2026-01-16T11:25:28+00:00","og_image":[{"width":800,"height":800,"url":"https:\/\/vmsport.fi\/wp-content\/uploads\/2025\/03\/iYyU12xOZ4kENCzXnTbdxzz1Ye1z6F9A0ZB3YPBZfzkGTslwPA-1.jpg","type":"image\/jpeg"}],"twitter_card":"summary_large_image","twitter_misc":{"Ber\u00e4knad l\u00e4stid":"1 minut"},"schema":{"@context":"https:\/\/schema.org","@graph":[{"@type":["WebPage","ItemPage"],"@id":"https:\/\/vmsport.fi\/verkkokauppa\/renkaat\/tubeless-tarvikkeet\/tubeless-venttiilit\/muc-off-tubeless-valve-kit-v-2-0-purple\/","url":"https:\/\/vmsport.fi\/verkkokauppa\/renkaat\/tubeless-tarvikkeet\/tubeless-venttiilit\/muc-off-tubeless-valve-kit-v-2-0-purple\/","name":"MUC-OFF Tubeless Valve Kit V. 2.0 Purple - VM Sport","isPartOf":{"@id":"https:\/\/vmsport.fi\/#website"},"primaryImageOfPage":{"@id":"https:\/\/vmsport.fi\/verkkokauppa\/renkaat\/tubeless-tarvikkeet\/tubeless-venttiilit\/muc-off-tubeless-valve-kit-v-2-0-purple\/#primaryimage"},"image":{"@id":"https:\/\/vmsport.fi\/verkkokauppa\/renkaat\/tubeless-tarvikkeet\/tubeless-venttiilit\/muc-off-tubeless-valve-kit-v-2-0-purple\/#primaryimage"},"thumbnailUrl":"https:\/\/vmsport.fi\/wp-content\/uploads\/2025\/03\/iYyU12xOZ4kENCzXnTbdxzz1Ye1z6F9A0ZB3YPBZfzkGTslwPA-1.jpg","datePublished":"2025-03-05T22:18:29+00:00","dateModified":"2026-01-16T11:25:28+00:00","breadcrumb":{"@id":"https:\/\/vmsport.fi\/verkkokauppa\/renkaat\/tubeless-tarvikkeet\/tubeless-venttiilit\/muc-off-tubeless-valve-kit-v-2-0-purple\/#breadcrumb"},"inLanguage":"sv-SE","potentialAction":[{"@type":"ReadAction","target":["https:\/\/vmsport.fi\/verkkokauppa\/renkaat\/tubeless-tarvikkeet\/tubeless-venttiilit\/muc-off-tubeless-valve-kit-v-2-0-purple\/"]}]},{"@type":"ImageObject","inLanguage":"sv-SE","@id":"https:\/\/vmsport.fi\/verkkokauppa\/renkaat\/tubeless-tarvikkeet\/tubeless-venttiilit\/muc-off-tubeless-valve-kit-v-2-0-purple\/#primaryimage","url":"https:\/\/vmsport.fi\/wp-content\/uploads\/2025\/03\/iYyU12xOZ4kENCzXnTbdxzz1Ye1z6F9A0ZB3YPBZfzkGTslwPA-1.jpg","contentUrl":"https:\/\/vmsport.fi\/wp-content\/uploads\/2025\/03\/iYyU12xOZ4kENCzXnTbdxzz1Ye1z6F9A0ZB3YPBZfzkGTslwPA-1.jpg","width":800,"height":800,"caption":"iYyU12xOZ4kENCzXnTbdxzz1Ye1z6F9A0ZB3YPBZfzkGTslwPA"},{"@type":"BreadcrumbList","@id":"https:\/\/vmsport.fi\/verkkokauppa\/renkaat\/tubeless-tarvikkeet\/tubeless-venttiilit\/muc-off-tubeless-valve-kit-v-2-0-purple\/#breadcrumb","itemListElement":[{"@type":"ListItem","position":1,"name":"Etusivu","item":"https:\/\/vmsport.fi\/"},{"@type":"ListItem","position":2,"name":"Online Store","item":"https:\/\/vmsport.fi\/en\/online-store\/"},{"@type":"ListItem","position":3,"name":"MUC-OFF Tubeless Valve Kit V. 2.0 Purple"}]},{"@type":"WebSite","@id":"https:\/\/vmsport.fi\/#website","url":"https:\/\/vmsport.fi\/","name":"Vmsport","description":"Allt p\u00e5 ett st\u00e4lle f\u00f6r cykling","publisher":{"@id":"https:\/\/vmsport.fi\/#organization"},"potentialAction":[{"@type":"SearchAction","target":{"@type":"EntryPoint","urlTemplate":"https:\/\/vmsport.fi\/?s={search_term_string}"},"query-input":{"@type":"PropertyValueSpecification","valueRequired":true,"valueName":"search_term_string"}}],"inLanguage":"sv-SE"},{"@type":"Organization","@id":"https:\/\/vmsport.fi\/#organization","name":"Vmsport","url":"https:\/\/vmsport.fi\/","logo":{"@type":"ImageObject","inLanguage":"sv-SE","@id":"https:\/\/vmsport.fi\/#\/schema\/logo\/image\/","url":"https:\/\/vmsport.fi\/wp-content\/uploads\/2024\/12\/vm_sport_RGB_horisontal-e1734526017575.png","contentUrl":"https:\/\/vmsport.fi\/wp-content\/uploads\/2024\/12\/vm_sport_RGB_horisontal-e1734526017575.png","width":668,"height":85,"caption":"Vmsport"},"image":{"@id":"https:\/\/vmsport.fi\/#\/schema\/logo\/image\/"},"sameAs":["https:\/\/www.facebook.com\/Vmsport.fi\/","https:\/\/www.instagram.com\/vmsport\/"]}]}},"global_unique_id":"","_links":{"self":[{"href":"https:\/\/vmsport.fi\/sv\/wp-json\/wp\/v2\/product\/56325","targetHints":{"allow":["GET"]}}],"collection":[{"href":"https:\/\/vmsport.fi\/sv\/wp-json\/wp\/v2\/product"}],"about":[{"href":"https:\/\/vmsport.fi\/sv\/wp-json\/wp\/v2\/types\/product"}],"replies":[{"embeddable":true,"href":"https:\/\/vmsport.fi\/sv\/wp-json\/wp\/v2\/comments?post=56325"}],"wp:featuredmedia":[{"embeddable":true,"href":"https:\/\/vmsport.fi\/sv\/wp-json\/wp\/v2\/media\/56324"}],"wp:attachment":[{"href":"https:\/\/vmsport.fi\/sv\/wp-json\/wp\/v2\/media?parent=56325"}],"wp:term":[{"taxonomy":"product_brand","embeddable":true,"href":"https:\/\/vmsport.fi\/sv\/wp-json\/wp\/v2\/product_brand?post=56325"},{"taxonomy":"product_model","embeddable":true,"href":"https:\/\/vmsport.fi\/sv\/wp-json\/wp\/v2\/product_model?post=56325"},{"taxonomy":"product_cat","embeddable":true,"href":"https:\/\/vmsport.fi\/sv\/wp-json\/wp\/v2\/product_cat?post=56325"},{"taxonomy":"product_tag","embeddable":true,"href":"https:\/\/vmsport.fi\/sv\/wp-json\/wp\/v2\/product_tag?post=56325"},{"taxonomy":"industry_terminology","embeddable":true,"href":"https:\/\/vmsport.fi\/sv\/wp-json\/wp\/v2\/industry-terminology?post=56325"}],"curies":[{"name":"wp","href":"https:\/\/api.w.org\/{rel}","templated":true}]}}