{"id":56319,"date":"2025-03-06T00:18:26","date_gmt":"2025-03-05T22:18:26","guid":{"rendered":"https:\/\/vmsport.fi\/verkkokauppa\/Ei-luokiteltu\/etukiekko-28-21-622-hybrid-disc-alex-dp21-tuplapohja-32r\/"},"modified":"2026-01-16T13:26:04","modified_gmt":"2026-01-16T11:26:04","slug":"framre-skiva-28-21-622-hybridskiva-alex-dp21-dubbelsula-32r","status":"publish","type":"product","link":"https:\/\/vmsport.fi\/sv\/verkkokauppa\/varaosat\/kiekot-ja-navat\/etukiekot\/etukiekko-28-21-622-hybrid-disc-alex-dp21-tuplapohja-32r\/","title":{"rendered":"Fr\u00e4mre skiva 28\u2033 21-622 Hybrid Disc, Alex DP21, dubbelsula, 32r"},"content":{"rendered":"<p>Den fr\u00e4mre skivan 28\u2033 21-622 Hybrid Disc \u00e4r s\u00e4rskilt utformad f\u00f6r hybridcyklar, vilket g\u00f6r den till det perfekta valet f\u00f6r skivbromsar med 6-pinnars rotorf\u00e4sten. Den har en praktisk snabbkopplingsmekanism som g\u00f6r monteringen mycket enklare. Alex DP21-f\u00e4lgen utm\u00e4rker sig f\u00f6r sin h\u00e5llbarhet tack vare sin dubbelbottnade konstruktion och har 32 ytor i rostfritt st\u00e5l f\u00f6r extra styrka. F\u00e4lgen \u00e4r tubeless-kompatibel, vilket f\u00f6rb\u00e4ttrar hjulets prestanda och minskar risken f\u00f6r punktering. Den inre bredden \u00e4r 21 mm och den yttre bredden \u00e4r 26,1 mm, vilket \u00f6kar k\u00e4nslan av stabilitet och k\u00f6rkomfort. Den svarta, matta finishen ger f\u00e4lgen ett elegant utseende. Navet \u00e4r av h\u00f6g kvalitet, svart och st\u00f6der l\u00e5ngvarig anv\u00e4ndning av hjulet.<\/p>","protected":false},"excerpt":{"rendered":"<p>Etukiekko 28&#8243; 21-622 Hybrid Disc on suunniteltu erityisesti hybridipy\u00f6riin, mik\u00e4 tekee siit\u00e4 t\u00e4ydellisen valinnan levyjarruille, joissa on 6-pulttinen roottorikiinnitys. Siin\u00e4 on k\u00e4tev\u00e4 pikalukitusmekanismi, joka helpottaa asennusta huomattavasti. Alex DP21 -mallin vanne erottuu kest\u00e4vyydell\u00e4\u00e4n tuplapohjarakenteen ansiosta, ja siin\u00e4 on 32 pinnaa, valmistettu ruostumattomasta ter\u00e4ksest\u00e4, mik\u00e4 takaa lis\u00e4\u00e4 lujuutta. Vanne on tubeless-yhteensopiva, mik\u00e4 parantaa py\u00f6r\u00e4n suorituskyky\u00e4 ja [&#8230;]<\/p>\n<p><a class=\"btn btn-secondary understrap-read-more-link\" href=\"https:\/\/vmsport.fi\/sv\/verkkokauppa\/varaosat\/kiekot-ja-navat\/etukiekot\/etukiekko-28-21-622-hybrid-disc-alex-dp21-tuplapohja-32r\/\">L\u00e4s mer \u2026<span class=\"screen-reader-text\"> from Etukiekko 28&#8243; 21-622 Hybrid Disc, Alex DP21, tuplapohja, 32r<\/span><\/a><\/p>\n","protected":false},"featured_media":56318,"comment_status":"open","ping_status":"closed","template":"","meta":{"_acf_changed":false,"_improvement_type_select":"improve_an_existing","_thumb_yes_seoaic":false,"_frame_yes_seoaic":false,"seoaic_generate_description":"","seoaic_improve_instructions_prompt":"","seoaic_rollback_content_improvement":"","seoaic_idea_thumbnail_generator":"","thumbnail_generated":false,"thumbnail_generate_prompt":"","seoaic_article_description":"","_supplier_stock_quantity":0},"product_brand":[],"product_model":[],"product_cat":[9484],"product_tag":[],"industry-terminology":[],"class_list":{"0":"post-56319","1":"product","2":"type-product","3":"status-publish","4":"has-post-thumbnail","6":"product_cat-etukiekot","8":"first","9":"outofstock","10":"taxable","11":"shipping-taxable","12":"product-type-simple"},"acf":{"bike_features":null,"overview":{"copy_overview":null,"key_features":null,"statement":"","youtube_url":""}},"yoast_head":"<!-- This site is optimized with the Yoast SEO plugin v27.3 - https:\/\/yoast.com\/product\/yoast-seo-wordpress\/ -->\n<title>Etukiekko 28&quot; 21-622 Hybrid Disc, Alex DP21, tuplapohja, 32r - VM Sport<\/title>\n<meta name=\"robots\" content=\"index, follow, max-snippet:-1, max-image-preview:large, max-video-preview:-1\" \/>\n<link rel=\"canonical\" href=\"https:\/\/vmsport.fi\/sv\/webbutik\/reservdelar\/skivor-och-nav\/fram-falg\/framre-skiva-28-21-622-hybridskiva-alex-dp21-dubbelsula-32r\/\" \/>\n<meta property=\"og:locale\" content=\"sv_SE\" \/>\n<meta property=\"og:type\" content=\"article\" \/>\n<meta property=\"og:title\" content=\"Etukiekko 28&quot; 21-622 Hybrid Disc, Alex DP21, tuplapohja, 32r - VM Sport\" \/>\n<meta property=\"og:description\" content=\"Etukiekko 28&#8243; 21-622 Hybrid Disc on suunniteltu erityisesti hybridipy\u00f6riin, mik\u00e4 tekee siit\u00e4 t\u00e4ydellisen valinnan levyjarruille, joissa on 6-pulttinen roottorikiinnitys. Siin\u00e4 on k\u00e4tev\u00e4 pikalukitusmekanismi, joka helpottaa asennusta huomattavasti. Alex DP21 -mallin vanne erottuu kest\u00e4vyydell\u00e4\u00e4n tuplapohjarakenteen ansiosta, ja siin\u00e4 on 32 pinnaa, valmistettu ruostumattomasta ter\u00e4ksest\u00e4, mik\u00e4 takaa lis\u00e4\u00e4 lujuutta. Vanne on tubeless-yhteensopiva, mik\u00e4 parantaa py\u00f6r\u00e4n suorituskyky\u00e4 ja [...]L\u00e4s mer \u2026 from Etukiekko 28&#8243; 21-622 Hybrid Disc, Alex DP21, tuplapohja, 32r\" \/>\n<meta property=\"og:url\" content=\"https:\/\/vmsport.fi\/sv\/webbutik\/reservdelar\/skivor-och-nav\/fram-falg\/framre-skiva-28-21-622-hybridskiva-alex-dp21-dubbelsula-32r\/\" \/>\n<meta property=\"og:site_name\" content=\"VM Sport\" \/>\n<meta property=\"article:publisher\" content=\"https:\/\/www.facebook.com\/Vmsport.fi\/\" \/>\n<meta property=\"article:modified_time\" content=\"2026-01-16T11:26:04+00:00\" \/>\n<meta property=\"og:image\" content=\"https:\/\/vmsport.fi\/wp-content\/uploads\/2025\/03\/69075-1-1.jpg\" \/>\n\t<meta property=\"og:image:width\" content=\"1000\" \/>\n\t<meta property=\"og:image:height\" content=\"1000\" \/>\n\t<meta property=\"og:image:type\" content=\"image\/jpeg\" \/>\n<meta name=\"twitter:card\" content=\"summary_large_image\" \/>\n<script type=\"application\/ld+json\" class=\"yoast-schema-graph\">{\"@context\":\"https:\\\/\\\/schema.org\",\"@graph\":[{\"@type\":[\"WebPage\",\"ItemPage\"],\"@id\":\"https:\\\/\\\/vmsport.fi\\\/verkkokauppa\\\/varaosat\\\/kiekot-ja-navat\\\/etukiekot\\\/etukiekko-28-21-622-hybrid-disc-alex-dp21-tuplapohja-32r\\\/\",\"url\":\"https:\\\/\\\/vmsport.fi\\\/verkkokauppa\\\/varaosat\\\/kiekot-ja-navat\\\/etukiekot\\\/etukiekko-28-21-622-hybrid-disc-alex-dp21-tuplapohja-32r\\\/\",\"name\":\"Etukiekko 28\\\" 21-622 Hybrid Disc, Alex DP21, tuplapohja, 32r - VM Sport\",\"isPartOf\":{\"@id\":\"https:\\\/\\\/vmsport.fi\\\/#website\"},\"primaryImageOfPage\":{\"@id\":\"https:\\\/\\\/vmsport.fi\\\/verkkokauppa\\\/varaosat\\\/kiekot-ja-navat\\\/etukiekot\\\/etukiekko-28-21-622-hybrid-disc-alex-dp21-tuplapohja-32r\\\/#primaryimage\"},\"image\":{\"@id\":\"https:\\\/\\\/vmsport.fi\\\/verkkokauppa\\\/varaosat\\\/kiekot-ja-navat\\\/etukiekot\\\/etukiekko-28-21-622-hybrid-disc-alex-dp21-tuplapohja-32r\\\/#primaryimage\"},\"thumbnailUrl\":\"https:\\\/\\\/vmsport.fi\\\/wp-content\\\/uploads\\\/2025\\\/03\\\/69075-1-1.jpg\",\"datePublished\":\"2025-03-05T22:18:26+00:00\",\"dateModified\":\"2026-01-16T11:26:04+00:00\",\"breadcrumb\":{\"@id\":\"https:\\\/\\\/vmsport.fi\\\/verkkokauppa\\\/varaosat\\\/kiekot-ja-navat\\\/etukiekot\\\/etukiekko-28-21-622-hybrid-disc-alex-dp21-tuplapohja-32r\\\/#breadcrumb\"},\"inLanguage\":\"sv-SE\",\"potentialAction\":[{\"@type\":\"ReadAction\",\"target\":[\"https:\\\/\\\/vmsport.fi\\\/verkkokauppa\\\/varaosat\\\/kiekot-ja-navat\\\/etukiekot\\\/etukiekko-28-21-622-hybrid-disc-alex-dp21-tuplapohja-32r\\\/\"]}]},{\"@type\":\"ImageObject\",\"inLanguage\":\"sv-SE\",\"@id\":\"https:\\\/\\\/vmsport.fi\\\/verkkokauppa\\\/varaosat\\\/kiekot-ja-navat\\\/etukiekot\\\/etukiekko-28-21-622-hybrid-disc-alex-dp21-tuplapohja-32r\\\/#primaryimage\",\"url\":\"https:\\\/\\\/vmsport.fi\\\/wp-content\\\/uploads\\\/2025\\\/03\\\/69075-1-1.jpg\",\"contentUrl\":\"https:\\\/\\\/vmsport.fi\\\/wp-content\\\/uploads\\\/2025\\\/03\\\/69075-1-1.jpg\",\"width\":1000,\"height\":1000,\"caption\":\"69075-1\"},{\"@type\":\"BreadcrumbList\",\"@id\":\"https:\\\/\\\/vmsport.fi\\\/verkkokauppa\\\/varaosat\\\/kiekot-ja-navat\\\/etukiekot\\\/etukiekko-28-21-622-hybrid-disc-alex-dp21-tuplapohja-32r\\\/#breadcrumb\",\"itemListElement\":[{\"@type\":\"ListItem\",\"position\":1,\"name\":\"Etusivu\",\"item\":\"https:\\\/\\\/vmsport.fi\\\/\"},{\"@type\":\"ListItem\",\"position\":2,\"name\":\"Online Store\",\"item\":\"https:\\\/\\\/vmsport.fi\\\/en\\\/online-store\\\/\"},{\"@type\":\"ListItem\",\"position\":3,\"name\":\"Etukiekko 28&#8243; 21-622 Hybrid Disc, Alex DP21, tuplapohja, 32r\"}]},{\"@type\":\"WebSite\",\"@id\":\"https:\\\/\\\/vmsport.fi\\\/#website\",\"url\":\"https:\\\/\\\/vmsport.fi\\\/\",\"name\":\"Vmsport\",\"description\":\"Kaikki py\u00f6r\u00e4ilyyn yhdest\u00e4 paikasta\",\"publisher\":{\"@id\":\"https:\\\/\\\/vmsport.fi\\\/#organization\"},\"potentialAction\":[{\"@type\":\"SearchAction\",\"target\":{\"@type\":\"EntryPoint\",\"urlTemplate\":\"https:\\\/\\\/vmsport.fi\\\/?s={search_term_string}\"},\"query-input\":{\"@type\":\"PropertyValueSpecification\",\"valueRequired\":true,\"valueName\":\"search_term_string\"}}],\"inLanguage\":\"sv-SE\"},{\"@type\":\"Organization\",\"@id\":\"https:\\\/\\\/vmsport.fi\\\/#organization\",\"name\":\"Vmsport\",\"url\":\"https:\\\/\\\/vmsport.fi\\\/\",\"logo\":{\"@type\":\"ImageObject\",\"inLanguage\":\"sv-SE\",\"@id\":\"https:\\\/\\\/vmsport.fi\\\/#\\\/schema\\\/logo\\\/image\\\/\",\"url\":\"https:\\\/\\\/vmsport.fi\\\/wp-content\\\/uploads\\\/2024\\\/12\\\/vm_sport_RGB_horisontal-e1734526017575.png\",\"contentUrl\":\"https:\\\/\\\/vmsport.fi\\\/wp-content\\\/uploads\\\/2024\\\/12\\\/vm_sport_RGB_horisontal-e1734526017575.png\",\"width\":668,\"height\":85,\"caption\":\"Vmsport\"},\"image\":{\"@id\":\"https:\\\/\\\/vmsport.fi\\\/#\\\/schema\\\/logo\\\/image\\\/\"},\"sameAs\":[\"https:\\\/\\\/www.facebook.com\\\/Vmsport.fi\\\/\",\"https:\\\/\\\/www.instagram.com\\\/vmsport\\\/\"]}]}<\/script>\n<!-- \/ Yoast SEO plugin. -->","yoast_head_json":{"title":"Fr\u00e4mre skiva 28\" 21-622 Hybrid Disc, Alex DP21, dubbelsula, 32r - VM Sport","robots":{"index":"index","follow":"follow","max-snippet":"max-snippet:-1","max-image-preview":"max-image-preview:large","max-video-preview":"max-video-preview:-1"},"canonical":"https:\/\/vmsport.fi\/sv\/webbutik\/reservdelar\/skivor-och-nav\/fram-falg\/framre-skiva-28-21-622-hybridskiva-alex-dp21-dubbelsula-32r\/","og_locale":"sv_SE","og_type":"article","og_title":"Etukiekko 28\" 21-622 Hybrid Disc, Alex DP21, tuplapohja, 32r - VM Sport","og_description":"Etukiekko 28&#8243; 21-622 Hybrid Disc on suunniteltu erityisesti hybridipy\u00f6riin, mik\u00e4 tekee siit\u00e4 t\u00e4ydellisen valinnan levyjarruille, joissa on 6-pulttinen roottorikiinnitys. Siin\u00e4 on k\u00e4tev\u00e4 pikalukitusmekanismi, joka helpottaa asennusta huomattavasti. Alex DP21 -mallin vanne erottuu kest\u00e4vyydell\u00e4\u00e4n tuplapohjarakenteen ansiosta, ja siin\u00e4 on 32 pinnaa, valmistettu ruostumattomasta ter\u00e4ksest\u00e4, mik\u00e4 takaa lis\u00e4\u00e4 lujuutta. Vanne on tubeless-yhteensopiva, mik\u00e4 parantaa py\u00f6r\u00e4n suorituskyky\u00e4 ja [...]L\u00e4s mer \u2026 from Etukiekko 28&#8243; 21-622 Hybrid Disc, Alex DP21, tuplapohja, 32r","og_url":"https:\/\/vmsport.fi\/sv\/webbutik\/reservdelar\/skivor-och-nav\/fram-falg\/framre-skiva-28-21-622-hybridskiva-alex-dp21-dubbelsula-32r\/","og_site_name":"VM Sport","article_publisher":"https:\/\/www.facebook.com\/Vmsport.fi\/","article_modified_time":"2026-01-16T11:26:04+00:00","og_image":[{"width":1000,"height":1000,"url":"https:\/\/vmsport.fi\/wp-content\/uploads\/2025\/03\/69075-1-1.jpg","type":"image\/jpeg"}],"twitter_card":"summary_large_image","schema":{"@context":"https:\/\/schema.org","@graph":[{"@type":["WebPage","ItemPage"],"@id":"https:\/\/vmsport.fi\/verkkokauppa\/varaosat\/kiekot-ja-navat\/etukiekot\/etukiekko-28-21-622-hybrid-disc-alex-dp21-tuplapohja-32r\/","url":"https:\/\/vmsport.fi\/verkkokauppa\/varaosat\/kiekot-ja-navat\/etukiekot\/etukiekko-28-21-622-hybrid-disc-alex-dp21-tuplapohja-32r\/","name":"Fr\u00e4mre skiva 28\" 21-622 Hybrid Disc, Alex DP21, dubbelsula, 32r - VM Sport","isPartOf":{"@id":"https:\/\/vmsport.fi\/#website"},"primaryImageOfPage":{"@id":"https:\/\/vmsport.fi\/verkkokauppa\/varaosat\/kiekot-ja-navat\/etukiekot\/etukiekko-28-21-622-hybrid-disc-alex-dp21-tuplapohja-32r\/#primaryimage"},"image":{"@id":"https:\/\/vmsport.fi\/verkkokauppa\/varaosat\/kiekot-ja-navat\/etukiekot\/etukiekko-28-21-622-hybrid-disc-alex-dp21-tuplapohja-32r\/#primaryimage"},"thumbnailUrl":"https:\/\/vmsport.fi\/wp-content\/uploads\/2025\/03\/69075-1-1.jpg","datePublished":"2025-03-05T22:18:26+00:00","dateModified":"2026-01-16T11:26:04+00:00","breadcrumb":{"@id":"https:\/\/vmsport.fi\/verkkokauppa\/varaosat\/kiekot-ja-navat\/etukiekot\/etukiekko-28-21-622-hybrid-disc-alex-dp21-tuplapohja-32r\/#breadcrumb"},"inLanguage":"sv-SE","potentialAction":[{"@type":"ReadAction","target":["https:\/\/vmsport.fi\/verkkokauppa\/varaosat\/kiekot-ja-navat\/etukiekot\/etukiekko-28-21-622-hybrid-disc-alex-dp21-tuplapohja-32r\/"]}]},{"@type":"ImageObject","inLanguage":"sv-SE","@id":"https:\/\/vmsport.fi\/verkkokauppa\/varaosat\/kiekot-ja-navat\/etukiekot\/etukiekko-28-21-622-hybrid-disc-alex-dp21-tuplapohja-32r\/#primaryimage","url":"https:\/\/vmsport.fi\/wp-content\/uploads\/2025\/03\/69075-1-1.jpg","contentUrl":"https:\/\/vmsport.fi\/wp-content\/uploads\/2025\/03\/69075-1-1.jpg","width":1000,"height":1000,"caption":"69075-1"},{"@type":"BreadcrumbList","@id":"https:\/\/vmsport.fi\/verkkokauppa\/varaosat\/kiekot-ja-navat\/etukiekot\/etukiekko-28-21-622-hybrid-disc-alex-dp21-tuplapohja-32r\/#breadcrumb","itemListElement":[{"@type":"ListItem","position":1,"name":"Etusivu","item":"https:\/\/vmsport.fi\/"},{"@type":"ListItem","position":2,"name":"Online Store","item":"https:\/\/vmsport.fi\/en\/online-store\/"},{"@type":"ListItem","position":3,"name":"Etukiekko 28&#8243; 21-622 Hybrid Disc, Alex DP21, tuplapohja, 32r"}]},{"@type":"WebSite","@id":"https:\/\/vmsport.fi\/#website","url":"https:\/\/vmsport.fi\/","name":"Vmsport","description":"Allt p\u00e5 ett st\u00e4lle f\u00f6r cykling","publisher":{"@id":"https:\/\/vmsport.fi\/#organization"},"potentialAction":[{"@type":"SearchAction","target":{"@type":"EntryPoint","urlTemplate":"https:\/\/vmsport.fi\/?s={search_term_string}"},"query-input":{"@type":"PropertyValueSpecification","valueRequired":true,"valueName":"search_term_string"}}],"inLanguage":"sv-SE"},{"@type":"Organization","@id":"https:\/\/vmsport.fi\/#organization","name":"Vmsport","url":"https:\/\/vmsport.fi\/","logo":{"@type":"ImageObject","inLanguage":"sv-SE","@id":"https:\/\/vmsport.fi\/#\/schema\/logo\/image\/","url":"https:\/\/vmsport.fi\/wp-content\/uploads\/2024\/12\/vm_sport_RGB_horisontal-e1734526017575.png","contentUrl":"https:\/\/vmsport.fi\/wp-content\/uploads\/2024\/12\/vm_sport_RGB_horisontal-e1734526017575.png","width":668,"height":85,"caption":"Vmsport"},"image":{"@id":"https:\/\/vmsport.fi\/#\/schema\/logo\/image\/"},"sameAs":["https:\/\/www.facebook.com\/Vmsport.fi\/","https:\/\/www.instagram.com\/vmsport\/"]}]}},"global_unique_id":"","_links":{"self":[{"href":"https:\/\/vmsport.fi\/sv\/wp-json\/wp\/v2\/product\/56319","targetHints":{"allow":["GET"]}}],"collection":[{"href":"https:\/\/vmsport.fi\/sv\/wp-json\/wp\/v2\/product"}],"about":[{"href":"https:\/\/vmsport.fi\/sv\/wp-json\/wp\/v2\/types\/product"}],"replies":[{"embeddable":true,"href":"https:\/\/vmsport.fi\/sv\/wp-json\/wp\/v2\/comments?post=56319"}],"wp:featuredmedia":[{"embeddable":true,"href":"https:\/\/vmsport.fi\/sv\/wp-json\/wp\/v2\/media\/56318"}],"wp:attachment":[{"href":"https:\/\/vmsport.fi\/sv\/wp-json\/wp\/v2\/media?parent=56319"}],"wp:term":[{"taxonomy":"product_brand","embeddable":true,"href":"https:\/\/vmsport.fi\/sv\/wp-json\/wp\/v2\/product_brand?post=56319"},{"taxonomy":"product_model","embeddable":true,"href":"https:\/\/vmsport.fi\/sv\/wp-json\/wp\/v2\/product_model?post=56319"},{"taxonomy":"product_cat","embeddable":true,"href":"https:\/\/vmsport.fi\/sv\/wp-json\/wp\/v2\/product_cat?post=56319"},{"taxonomy":"product_tag","embeddable":true,"href":"https:\/\/vmsport.fi\/sv\/wp-json\/wp\/v2\/product_tag?post=56319"},{"taxonomy":"industry_terminology","embeddable":true,"href":"https:\/\/vmsport.fi\/sv\/wp-json\/wp\/v2\/industry-terminology?post=56319"}],"curies":[{"name":"wp","href":"https:\/\/api.w.org\/{rel}","templated":true}]}}