{"id":56317,"date":"2025-03-06T00:18:25","date_gmt":"2025-03-05T22:18:25","guid":{"rendered":"https:\/\/vmsport.fi\/verkkokauppa\/Ei-luokiteltu\/alpina-bloom-mips-smoke-grey-matt\/"},"modified":"2026-04-02T13:56:39","modified_gmt":"2026-04-02T10:56:39","slug":"alpina-bloom-mips-rokgra-matt","status":"publish","type":"product","link":"https:\/\/vmsport.fi\/sv\/verkkokauppa\/ajovarusteet\/kyparat\/kaupunkikyparat\/alpina-bloom-mips-smoke-grey-matt\/","title":{"rendered":"Alpina Bloom Mips Smoke-Grey Matt"},"content":{"rendered":"<p>Alpina Bloom Mips Smoke-Grey Matt-hj\u00e4lmen erbjuder utm\u00e4rkt skydd f\u00f6r cykling. Den kombinerar en snygg r\u00f6kgr\u00e5 matt yta med en modern design, vilket garanterar komfort och s\u00e4kerhet f\u00f6r b\u00e4raren. Med MIPS-teknik hj\u00e4lper den till att minska effekterna av rotationsr\u00f6relser mot huvudd\u00e4cket, vilket \u00f6kar s\u00e4kerheten avsev\u00e4rt. Den ergonomiska designen och de l\u00e4tt justerbara remmarna g\u00f6r hj\u00e4lmen enkel och bekv\u00e4m att b\u00e4ra. Den h\u00e4r hj\u00e4lmen \u00e4r l\u00e4tt men extremt h\u00e5llbar och \u00e4r utformad f\u00f6r en aktiv livsstil.<\/p>","protected":false},"excerpt":{"rendered":"<p>Alpina Bloom Mips Smoke-Grey Matt -kyp\u00e4r\u00e4 tarjoaa erinomaisen suojan py\u00f6r\u00e4ilyyn. Se yhdist\u00e4\u00e4 tyylikk\u00e4\u00e4n savunharmaan mattapinnan ja modernin muotoilun, varmistaen k\u00e4ytt\u00e4j\u00e4lleen mukavuuden ja turvan. MIPS-teknologialla varustettuna se auttaa v\u00e4hent\u00e4m\u00e4\u00e4n kiertoliikkeen vaikutuksia p\u00e4\u00e4osumia vastaan, mik\u00e4 lis\u00e4\u00e4 merkitt\u00e4v\u00e4sti turvallisuutta. Ergonominen muotoilu ja helposti s\u00e4\u00e4dett\u00e4v\u00e4t hihnat tekev\u00e4t kyp\u00e4r\u00e4n k\u00e4yt\u00f6st\u00e4 vaivatonta ja miellytt\u00e4v\u00e4\u00e4. Kevyt mutta eritt\u00e4in kest\u00e4v\u00e4, t\u00e4m\u00e4 kyp\u00e4r\u00e4 on [&#8230;]<\/p>\n<p><a class=\"btn btn-secondary understrap-read-more-link\" href=\"https:\/\/vmsport.fi\/sv\/verkkokauppa\/ajovarusteet\/kyparat\/kaupunkikyparat\/alpina-bloom-mips-smoke-grey-matt\/\">L\u00e4s mer \u2026<span class=\"screen-reader-text\"> from Alpina Bloom Mips Smoke-Grey Matt<\/span><\/a><\/p>\n","protected":false},"featured_media":56313,"comment_status":"open","ping_status":"closed","template":"","meta":{"_acf_changed":false,"_improvement_type_select":"improve_an_existing","_thumb_yes_seoaic":false,"_frame_yes_seoaic":false,"seoaic_generate_description":"","seoaic_improve_instructions_prompt":"","seoaic_rollback_content_improvement":"","seoaic_idea_thumbnail_generator":"","thumbnail_generated":false,"thumbnail_generate_prompt":"","seoaic_article_description":"","_supplier_stock_quantity":0},"product_brand":[],"product_model":[],"product_cat":[9516],"product_tag":[],"industry-terminology":[],"class_list":{"0":"post-56317","1":"product","2":"type-product","3":"status-publish","4":"has-post-thumbnail","6":"product_cat-kaupunkikyparat","8":"first","9":"instock","10":"sale","11":"taxable","12":"shipping-taxable","13":"purchasable","14":"product-type-variable"},"acf":{"bike_features":null,"overview":{"copy_overview":null,"key_features":null,"statement":"","youtube_url":""}},"yoast_head":"<!-- This site is optimized with the Yoast SEO plugin v27.3 - https:\/\/yoast.com\/product\/yoast-seo-wordpress\/ -->\n<title>Alpina Bloom Mips Smoke-Grey Matt - VM Sport<\/title>\n<meta name=\"robots\" content=\"index, follow, max-snippet:-1, max-image-preview:large, max-video-preview:-1\" \/>\n<link rel=\"canonical\" href=\"https:\/\/vmsport.fi\/sv\/webbutik\/korutrustning\/kyparat\/stadscykling\/alpina-bloom-mips-rokgra-matt\/\" \/>\n<meta property=\"og:locale\" content=\"sv_SE\" \/>\n<meta property=\"og:type\" content=\"article\" \/>\n<meta property=\"og:title\" content=\"Alpina Bloom Mips Smoke-Grey Matt - VM Sport\" \/>\n<meta property=\"og:description\" content=\"Alpina Bloom Mips Smoke-Grey Matt -kyp\u00e4r\u00e4 tarjoaa erinomaisen suojan py\u00f6r\u00e4ilyyn. Se yhdist\u00e4\u00e4 tyylikk\u00e4\u00e4n savunharmaan mattapinnan ja modernin muotoilun, varmistaen k\u00e4ytt\u00e4j\u00e4lleen mukavuuden ja turvan. MIPS-teknologialla varustettuna se auttaa v\u00e4hent\u00e4m\u00e4\u00e4n kiertoliikkeen vaikutuksia p\u00e4\u00e4osumia vastaan, mik\u00e4 lis\u00e4\u00e4 merkitt\u00e4v\u00e4sti turvallisuutta. Ergonominen muotoilu ja helposti s\u00e4\u00e4dett\u00e4v\u00e4t hihnat tekev\u00e4t kyp\u00e4r\u00e4n k\u00e4yt\u00f6st\u00e4 vaivatonta ja miellytt\u00e4v\u00e4\u00e4. Kevyt mutta eritt\u00e4in kest\u00e4v\u00e4, t\u00e4m\u00e4 kyp\u00e4r\u00e4 on [...]L\u00e4s mer \u2026 from Alpina Bloom Mips Smoke-Grey Matt\" \/>\n<meta property=\"og:url\" content=\"https:\/\/vmsport.fi\/sv\/webbutik\/korutrustning\/kyparat\/stadscykling\/alpina-bloom-mips-rokgra-matt\/\" \/>\n<meta property=\"og:site_name\" content=\"VM Sport\" \/>\n<meta property=\"article:publisher\" content=\"https:\/\/www.facebook.com\/Vmsport.fi\/\" \/>\n<meta property=\"article:modified_time\" content=\"2026-04-02T10:56:39+00:00\" \/>\n<meta property=\"og:image\" content=\"https:\/\/vmsport.fi\/wp-content\/uploads\/2025\/03\/17293890-1.jpg\" \/>\n\t<meta property=\"og:image:width\" content=\"1000\" \/>\n\t<meta property=\"og:image:height\" content=\"1000\" \/>\n\t<meta property=\"og:image:type\" content=\"image\/jpeg\" \/>\n<meta name=\"twitter:card\" content=\"summary_large_image\" \/>\n<script type=\"application\/ld+json\" class=\"yoast-schema-graph\">{\"@context\":\"https:\\\/\\\/schema.org\",\"@graph\":[{\"@type\":[\"WebPage\",\"ItemPage\"],\"@id\":\"https:\\\/\\\/vmsport.fi\\\/verkkokauppa\\\/ajovarusteet\\\/kyparat\\\/kaupunkikyparat\\\/alpina-bloom-mips-smoke-grey-matt\\\/\",\"url\":\"https:\\\/\\\/vmsport.fi\\\/verkkokauppa\\\/ajovarusteet\\\/kyparat\\\/kaupunkikyparat\\\/alpina-bloom-mips-smoke-grey-matt\\\/\",\"name\":\"Alpina Bloom Mips Smoke-Grey Matt - VM Sport\",\"isPartOf\":{\"@id\":\"https:\\\/\\\/vmsport.fi\\\/#website\"},\"primaryImageOfPage\":{\"@id\":\"https:\\\/\\\/vmsport.fi\\\/verkkokauppa\\\/ajovarusteet\\\/kyparat\\\/kaupunkikyparat\\\/alpina-bloom-mips-smoke-grey-matt\\\/#primaryimage\"},\"image\":{\"@id\":\"https:\\\/\\\/vmsport.fi\\\/verkkokauppa\\\/ajovarusteet\\\/kyparat\\\/kaupunkikyparat\\\/alpina-bloom-mips-smoke-grey-matt\\\/#primaryimage\"},\"thumbnailUrl\":\"https:\\\/\\\/vmsport.fi\\\/wp-content\\\/uploads\\\/2025\\\/03\\\/17293890-1.jpg\",\"datePublished\":\"2025-03-05T22:18:25+00:00\",\"dateModified\":\"2026-04-02T10:56:39+00:00\",\"breadcrumb\":{\"@id\":\"https:\\\/\\\/vmsport.fi\\\/verkkokauppa\\\/ajovarusteet\\\/kyparat\\\/kaupunkikyparat\\\/alpina-bloom-mips-smoke-grey-matt\\\/#breadcrumb\"},\"inLanguage\":\"sv-SE\",\"potentialAction\":[{\"@type\":\"ReadAction\",\"target\":[\"https:\\\/\\\/vmsport.fi\\\/verkkokauppa\\\/ajovarusteet\\\/kyparat\\\/kaupunkikyparat\\\/alpina-bloom-mips-smoke-grey-matt\\\/\"]}]},{\"@type\":\"ImageObject\",\"inLanguage\":\"sv-SE\",\"@id\":\"https:\\\/\\\/vmsport.fi\\\/verkkokauppa\\\/ajovarusteet\\\/kyparat\\\/kaupunkikyparat\\\/alpina-bloom-mips-smoke-grey-matt\\\/#primaryimage\",\"url\":\"https:\\\/\\\/vmsport.fi\\\/wp-content\\\/uploads\\\/2025\\\/03\\\/17293890-1.jpg\",\"contentUrl\":\"https:\\\/\\\/vmsport.fi\\\/wp-content\\\/uploads\\\/2025\\\/03\\\/17293890-1.jpg\",\"width\":1000,\"height\":1000,\"caption\":\"17293890\"},{\"@type\":\"BreadcrumbList\",\"@id\":\"https:\\\/\\\/vmsport.fi\\\/verkkokauppa\\\/ajovarusteet\\\/kyparat\\\/kaupunkikyparat\\\/alpina-bloom-mips-smoke-grey-matt\\\/#breadcrumb\",\"itemListElement\":[{\"@type\":\"ListItem\",\"position\":1,\"name\":\"Etusivu\",\"item\":\"https:\\\/\\\/vmsport.fi\\\/\"},{\"@type\":\"ListItem\",\"position\":2,\"name\":\"Online Store\",\"item\":\"https:\\\/\\\/vmsport.fi\\\/en\\\/online-store\\\/\"},{\"@type\":\"ListItem\",\"position\":3,\"name\":\"Alpina Bloom Mips Smoke-Grey Matt\"}]},{\"@type\":\"WebSite\",\"@id\":\"https:\\\/\\\/vmsport.fi\\\/#website\",\"url\":\"https:\\\/\\\/vmsport.fi\\\/\",\"name\":\"Vmsport\",\"description\":\"Kaikki py\u00f6r\u00e4ilyyn yhdest\u00e4 paikasta\",\"publisher\":{\"@id\":\"https:\\\/\\\/vmsport.fi\\\/#organization\"},\"potentialAction\":[{\"@type\":\"SearchAction\",\"target\":{\"@type\":\"EntryPoint\",\"urlTemplate\":\"https:\\\/\\\/vmsport.fi\\\/?s={search_term_string}\"},\"query-input\":{\"@type\":\"PropertyValueSpecification\",\"valueRequired\":true,\"valueName\":\"search_term_string\"}}],\"inLanguage\":\"sv-SE\"},{\"@type\":\"Organization\",\"@id\":\"https:\\\/\\\/vmsport.fi\\\/#organization\",\"name\":\"Vmsport\",\"url\":\"https:\\\/\\\/vmsport.fi\\\/\",\"logo\":{\"@type\":\"ImageObject\",\"inLanguage\":\"sv-SE\",\"@id\":\"https:\\\/\\\/vmsport.fi\\\/#\\\/schema\\\/logo\\\/image\\\/\",\"url\":\"https:\\\/\\\/vmsport.fi\\\/wp-content\\\/uploads\\\/2024\\\/12\\\/vm_sport_RGB_horisontal-e1734526017575.png\",\"contentUrl\":\"https:\\\/\\\/vmsport.fi\\\/wp-content\\\/uploads\\\/2024\\\/12\\\/vm_sport_RGB_horisontal-e1734526017575.png\",\"width\":668,\"height\":85,\"caption\":\"Vmsport\"},\"image\":{\"@id\":\"https:\\\/\\\/vmsport.fi\\\/#\\\/schema\\\/logo\\\/image\\\/\"},\"sameAs\":[\"https:\\\/\\\/www.facebook.com\\\/Vmsport.fi\\\/\",\"https:\\\/\\\/www.instagram.com\\\/vmsport\\\/\"]}]}<\/script>\n<!-- \/ Yoast SEO plugin. -->","yoast_head_json":{"title":"Alpina Bloom Mips Smoke-Grey Matt - VM Sport","robots":{"index":"index","follow":"follow","max-snippet":"max-snippet:-1","max-image-preview":"max-image-preview:large","max-video-preview":"max-video-preview:-1"},"canonical":"https:\/\/vmsport.fi\/sv\/webbutik\/korutrustning\/kyparat\/stadscykling\/alpina-bloom-mips-rokgra-matt\/","og_locale":"sv_SE","og_type":"article","og_title":"Alpina Bloom Mips Smoke-Grey Matt - VM Sport","og_description":"Alpina Bloom Mips Smoke-Grey Matt -kyp\u00e4r\u00e4 tarjoaa erinomaisen suojan py\u00f6r\u00e4ilyyn. Se yhdist\u00e4\u00e4 tyylikk\u00e4\u00e4n savunharmaan mattapinnan ja modernin muotoilun, varmistaen k\u00e4ytt\u00e4j\u00e4lleen mukavuuden ja turvan. MIPS-teknologialla varustettuna se auttaa v\u00e4hent\u00e4m\u00e4\u00e4n kiertoliikkeen vaikutuksia p\u00e4\u00e4osumia vastaan, mik\u00e4 lis\u00e4\u00e4 merkitt\u00e4v\u00e4sti turvallisuutta. Ergonominen muotoilu ja helposti s\u00e4\u00e4dett\u00e4v\u00e4t hihnat tekev\u00e4t kyp\u00e4r\u00e4n k\u00e4yt\u00f6st\u00e4 vaivatonta ja miellytt\u00e4v\u00e4\u00e4. Kevyt mutta eritt\u00e4in kest\u00e4v\u00e4, t\u00e4m\u00e4 kyp\u00e4r\u00e4 on [...]L\u00e4s mer \u2026 from Alpina Bloom Mips Smoke-Grey Matt","og_url":"https:\/\/vmsport.fi\/sv\/webbutik\/korutrustning\/kyparat\/stadscykling\/alpina-bloom-mips-rokgra-matt\/","og_site_name":"VM Sport","article_publisher":"https:\/\/www.facebook.com\/Vmsport.fi\/","article_modified_time":"2026-04-02T10:56:39+00:00","og_image":[{"width":1000,"height":1000,"url":"https:\/\/vmsport.fi\/wp-content\/uploads\/2025\/03\/17293890-1.jpg","type":"image\/jpeg"}],"twitter_card":"summary_large_image","schema":{"@context":"https:\/\/schema.org","@graph":[{"@type":["WebPage","ItemPage"],"@id":"https:\/\/vmsport.fi\/verkkokauppa\/ajovarusteet\/kyparat\/kaupunkikyparat\/alpina-bloom-mips-smoke-grey-matt\/","url":"https:\/\/vmsport.fi\/verkkokauppa\/ajovarusteet\/kyparat\/kaupunkikyparat\/alpina-bloom-mips-smoke-grey-matt\/","name":"Alpina Bloom Mips Smoke-Grey Matt - VM Sport","isPartOf":{"@id":"https:\/\/vmsport.fi\/#website"},"primaryImageOfPage":{"@id":"https:\/\/vmsport.fi\/verkkokauppa\/ajovarusteet\/kyparat\/kaupunkikyparat\/alpina-bloom-mips-smoke-grey-matt\/#primaryimage"},"image":{"@id":"https:\/\/vmsport.fi\/verkkokauppa\/ajovarusteet\/kyparat\/kaupunkikyparat\/alpina-bloom-mips-smoke-grey-matt\/#primaryimage"},"thumbnailUrl":"https:\/\/vmsport.fi\/wp-content\/uploads\/2025\/03\/17293890-1.jpg","datePublished":"2025-03-05T22:18:25+00:00","dateModified":"2026-04-02T10:56:39+00:00","breadcrumb":{"@id":"https:\/\/vmsport.fi\/verkkokauppa\/ajovarusteet\/kyparat\/kaupunkikyparat\/alpina-bloom-mips-smoke-grey-matt\/#breadcrumb"},"inLanguage":"sv-SE","potentialAction":[{"@type":"ReadAction","target":["https:\/\/vmsport.fi\/verkkokauppa\/ajovarusteet\/kyparat\/kaupunkikyparat\/alpina-bloom-mips-smoke-grey-matt\/"]}]},{"@type":"ImageObject","inLanguage":"sv-SE","@id":"https:\/\/vmsport.fi\/verkkokauppa\/ajovarusteet\/kyparat\/kaupunkikyparat\/alpina-bloom-mips-smoke-grey-matt\/#primaryimage","url":"https:\/\/vmsport.fi\/wp-content\/uploads\/2025\/03\/17293890-1.jpg","contentUrl":"https:\/\/vmsport.fi\/wp-content\/uploads\/2025\/03\/17293890-1.jpg","width":1000,"height":1000,"caption":"17293890"},{"@type":"BreadcrumbList","@id":"https:\/\/vmsport.fi\/verkkokauppa\/ajovarusteet\/kyparat\/kaupunkikyparat\/alpina-bloom-mips-smoke-grey-matt\/#breadcrumb","itemListElement":[{"@type":"ListItem","position":1,"name":"Etusivu","item":"https:\/\/vmsport.fi\/"},{"@type":"ListItem","position":2,"name":"Online Store","item":"https:\/\/vmsport.fi\/en\/online-store\/"},{"@type":"ListItem","position":3,"name":"Alpina Bloom Mips Smoke-Grey Matt"}]},{"@type":"WebSite","@id":"https:\/\/vmsport.fi\/#website","url":"https:\/\/vmsport.fi\/","name":"Vmsport","description":"Allt p\u00e5 ett st\u00e4lle f\u00f6r cykling","publisher":{"@id":"https:\/\/vmsport.fi\/#organization"},"potentialAction":[{"@type":"SearchAction","target":{"@type":"EntryPoint","urlTemplate":"https:\/\/vmsport.fi\/?s={search_term_string}"},"query-input":{"@type":"PropertyValueSpecification","valueRequired":true,"valueName":"search_term_string"}}],"inLanguage":"sv-SE"},{"@type":"Organization","@id":"https:\/\/vmsport.fi\/#organization","name":"Vmsport","url":"https:\/\/vmsport.fi\/","logo":{"@type":"ImageObject","inLanguage":"sv-SE","@id":"https:\/\/vmsport.fi\/#\/schema\/logo\/image\/","url":"https:\/\/vmsport.fi\/wp-content\/uploads\/2024\/12\/vm_sport_RGB_horisontal-e1734526017575.png","contentUrl":"https:\/\/vmsport.fi\/wp-content\/uploads\/2024\/12\/vm_sport_RGB_horisontal-e1734526017575.png","width":668,"height":85,"caption":"Vmsport"},"image":{"@id":"https:\/\/vmsport.fi\/#\/schema\/logo\/image\/"},"sameAs":["https:\/\/www.facebook.com\/Vmsport.fi\/","https:\/\/www.instagram.com\/vmsport\/"]}]}},"global_unique_id":"","_links":{"self":[{"href":"https:\/\/vmsport.fi\/sv\/wp-json\/wp\/v2\/product\/56317","targetHints":{"allow":["GET"]}}],"collection":[{"href":"https:\/\/vmsport.fi\/sv\/wp-json\/wp\/v2\/product"}],"about":[{"href":"https:\/\/vmsport.fi\/sv\/wp-json\/wp\/v2\/types\/product"}],"replies":[{"embeddable":true,"href":"https:\/\/vmsport.fi\/sv\/wp-json\/wp\/v2\/comments?post=56317"}],"wp:featuredmedia":[{"embeddable":true,"href":"https:\/\/vmsport.fi\/sv\/wp-json\/wp\/v2\/media\/56313"}],"wp:attachment":[{"href":"https:\/\/vmsport.fi\/sv\/wp-json\/wp\/v2\/media?parent=56317"}],"wp:term":[{"taxonomy":"product_brand","embeddable":true,"href":"https:\/\/vmsport.fi\/sv\/wp-json\/wp\/v2\/product_brand?post=56317"},{"taxonomy":"product_model","embeddable":true,"href":"https:\/\/vmsport.fi\/sv\/wp-json\/wp\/v2\/product_model?post=56317"},{"taxonomy":"product_cat","embeddable":true,"href":"https:\/\/vmsport.fi\/sv\/wp-json\/wp\/v2\/product_cat?post=56317"},{"taxonomy":"product_tag","embeddable":true,"href":"https:\/\/vmsport.fi\/sv\/wp-json\/wp\/v2\/product_tag?post=56317"},{"taxonomy":"industry_terminology","embeddable":true,"href":"https:\/\/vmsport.fi\/sv\/wp-json\/wp\/v2\/industry-terminology?post=56317"}],"curies":[{"name":"wp","href":"https:\/\/api.w.org\/{rel}","templated":true}]}}