{"id":56312,"date":"2025-03-06T00:18:22","date_gmt":"2025-03-05T22:18:22","guid":{"rendered":"https:\/\/vmsport.fi\/verkkokauppa\/Ei-luokiteltu\/etukiekko-24-18-507-union-3-8-alex-ace-17-2-pohja-alumiini\/"},"modified":"2026-01-16T13:24:55","modified_gmt":"2026-01-16T11:24:55","slug":"framre-skiva-24-18-507-union-3-8-alex-ace-17-2-botten-aluminium","status":"publish","type":"product","link":"https:\/\/vmsport.fi\/sv\/verkkokauppa\/varaosat\/kiekot-ja-navat\/etukiekot\/etukiekko-24-18-507-union-3-8-alex-ace-17-2-pohja-alumiini\/","title":{"rendered":"Framhjul 24\u2033 18-507 UNION 3\/8\u2033, Alex ACE 17, 2-suligt, aluminium"},"content":{"rendered":"<p>Union 24\u2033 framskiva kombinerar styrka och l\u00e4tthet, med en aluminiumkonstruktion som g\u00f6r den h\u00e5llbar och enkel att anv\u00e4nda. Alex ACE 17-f\u00e4lgen med dubbla v\u00e4ggar ger \u00f6kad styrka och l\u00e4ngre livsl\u00e4ngd, och diametern p\u00e5 24 tum \u00e4r perfekt f\u00f6r m\u00e5nga olika cyklar. D\u00e4ckstorleken 18-507 s\u00e4kerst\u00e4ller kompatibilitet med en m\u00e4ngd olika d\u00e4ck. 3\/8-tums axeldesign f\u00f6r enkel installation g\u00f6r denna fr\u00e4mre skiva till ett utm\u00e4rkt val f\u00f6r vardagscykling.<\/p>","protected":false},"excerpt":{"rendered":"<p>Unionin etukiekko 24&#8243; yhdist\u00e4\u00e4 voiman ja keveyden, sill\u00e4 sen alumiinirakenne tekee siit\u00e4 kest\u00e4v\u00e4 ja helppok\u00e4ytt\u00f6inen. Alex ACE 17 -malliin perustuva kaksinkertaisen sein\u00e4m\u00e4n vanne lis\u00e4\u00e4 lujuutta ja pident\u00e4\u00e4 k\u00e4ytt\u00f6ik\u00e4\u00e4, ja 24 tuuman halkaisija sopii mainiosti monenlaisille polkupy\u00f6rille. Rengaskoko 18-507 varmistaa yhteensopivuuden erilaisten renkaiden kanssa. 3\/8 tuuman akselilla varustettu rakenne helpottaa asennusta, mik\u00e4 tekee t\u00e4st\u00e4 etukiekosta erinomaisen [&#8230;]<\/p>\n<p><a class=\"btn btn-secondary understrap-read-more-link\" href=\"https:\/\/vmsport.fi\/sv\/verkkokauppa\/varaosat\/kiekot-ja-navat\/etukiekot\/etukiekko-24-18-507-union-3-8-alex-ace-17-2-pohja-alumiini\/\">L\u00e4s mer \u2026<span class=\"screen-reader-text\"> from Etukiekko 24&#8243; 18-507 UNION 3\/8&#8243;, Alex ACE 17, 2-pohja, alumiini<\/span><\/a><\/p>\n","protected":false},"featured_media":56311,"comment_status":"open","ping_status":"closed","template":"","meta":{"_acf_changed":false,"_improvement_type_select":"improve_an_existing","_thumb_yes_seoaic":false,"_frame_yes_seoaic":false,"seoaic_generate_description":"","seoaic_improve_instructions_prompt":"","seoaic_rollback_content_improvement":"","seoaic_idea_thumbnail_generator":"","thumbnail_generated":false,"thumbnail_generate_prompt":"","seoaic_article_description":"","_supplier_stock_quantity":0},"product_brand":[],"product_model":[],"product_cat":[9484],"product_tag":[],"industry-terminology":[],"class_list":{"0":"post-56312","1":"product","2":"type-product","3":"status-publish","4":"has-post-thumbnail","6":"product_cat-etukiekot","8":"first","9":"outofstock","10":"taxable","11":"shipping-taxable","12":"product-type-simple"},"acf":{"bike_features":null,"overview":{"copy_overview":null,"key_features":null,"statement":"","youtube_url":""}},"yoast_head":"<!-- This site is optimized with the Yoast SEO plugin v27.3 - https:\/\/yoast.com\/product\/yoast-seo-wordpress\/ -->\n<title>Etukiekko 24&quot; 18-507 UNION 3\/8&quot;, Alex ACE 17, 2-pohja, alumiini - VM Sport<\/title>\n<meta name=\"robots\" content=\"index, follow, max-snippet:-1, max-image-preview:large, max-video-preview:-1\" \/>\n<link rel=\"canonical\" href=\"https:\/\/vmsport.fi\/sv\/webbutik\/reservdelar\/skivor-och-nav\/fram-falg\/framre-skiva-24-18-507-union-3-8-alex-ace-17-2-botten-aluminium\/\" \/>\n<meta property=\"og:locale\" content=\"sv_SE\" \/>\n<meta property=\"og:type\" content=\"article\" \/>\n<meta property=\"og:title\" content=\"Etukiekko 24&quot; 18-507 UNION 3\/8&quot;, Alex ACE 17, 2-pohja, alumiini - VM Sport\" \/>\n<meta property=\"og:description\" content=\"Unionin etukiekko 24&#8243; yhdist\u00e4\u00e4 voiman ja keveyden, sill\u00e4 sen alumiinirakenne tekee siit\u00e4 kest\u00e4v\u00e4 ja helppok\u00e4ytt\u00f6inen. Alex ACE 17 -malliin perustuva kaksinkertaisen sein\u00e4m\u00e4n vanne lis\u00e4\u00e4 lujuutta ja pident\u00e4\u00e4 k\u00e4ytt\u00f6ik\u00e4\u00e4, ja 24 tuuman halkaisija sopii mainiosti monenlaisille polkupy\u00f6rille. Rengaskoko 18-507 varmistaa yhteensopivuuden erilaisten renkaiden kanssa. 3\/8 tuuman akselilla varustettu rakenne helpottaa asennusta, mik\u00e4 tekee t\u00e4st\u00e4 etukiekosta erinomaisen [...]L\u00e4s mer \u2026 from Etukiekko 24&#8243; 18-507 UNION 3\/8&#8243;, Alex ACE 17, 2-pohja, alumiini\" \/>\n<meta property=\"og:url\" content=\"https:\/\/vmsport.fi\/sv\/webbutik\/reservdelar\/skivor-och-nav\/fram-falg\/framre-skiva-24-18-507-union-3-8-alex-ace-17-2-botten-aluminium\/\" \/>\n<meta property=\"og:site_name\" content=\"VM Sport\" \/>\n<meta property=\"article:publisher\" content=\"https:\/\/www.facebook.com\/Vmsport.fi\/\" \/>\n<meta property=\"article:modified_time\" content=\"2026-01-16T11:24:55+00:00\" \/>\n<meta property=\"og:image\" content=\"https:\/\/vmsport.fi\/wp-content\/uploads\/2025\/03\/Etupyoerae-24-18-507-UNION-1.jpg\" \/>\n\t<meta property=\"og:image:width\" content=\"75\" \/>\n\t<meta property=\"og:image:height\" content=\"75\" \/>\n\t<meta property=\"og:image:type\" content=\"image\/jpeg\" \/>\n<meta name=\"twitter:card\" content=\"summary_large_image\" \/>\n<script type=\"application\/ld+json\" class=\"yoast-schema-graph\">{\"@context\":\"https:\\\/\\\/schema.org\",\"@graph\":[{\"@type\":[\"WebPage\",\"ItemPage\"],\"@id\":\"https:\\\/\\\/vmsport.fi\\\/verkkokauppa\\\/varaosat\\\/kiekot-ja-navat\\\/etukiekot\\\/etukiekko-24-18-507-union-3-8-alex-ace-17-2-pohja-alumiini\\\/\",\"url\":\"https:\\\/\\\/vmsport.fi\\\/verkkokauppa\\\/varaosat\\\/kiekot-ja-navat\\\/etukiekot\\\/etukiekko-24-18-507-union-3-8-alex-ace-17-2-pohja-alumiini\\\/\",\"name\":\"Etukiekko 24\\\" 18-507 UNION 3\\\/8\\\", Alex ACE 17, 2-pohja, alumiini - VM Sport\",\"isPartOf\":{\"@id\":\"https:\\\/\\\/vmsport.fi\\\/#website\"},\"primaryImageOfPage\":{\"@id\":\"https:\\\/\\\/vmsport.fi\\\/verkkokauppa\\\/varaosat\\\/kiekot-ja-navat\\\/etukiekot\\\/etukiekko-24-18-507-union-3-8-alex-ace-17-2-pohja-alumiini\\\/#primaryimage\"},\"image\":{\"@id\":\"https:\\\/\\\/vmsport.fi\\\/verkkokauppa\\\/varaosat\\\/kiekot-ja-navat\\\/etukiekot\\\/etukiekko-24-18-507-union-3-8-alex-ace-17-2-pohja-alumiini\\\/#primaryimage\"},\"thumbnailUrl\":\"https:\\\/\\\/vmsport.fi\\\/wp-content\\\/uploads\\\/2025\\\/03\\\/Etupyoerae-24-18-507-UNION-1.jpg\",\"datePublished\":\"2025-03-05T22:18:22+00:00\",\"dateModified\":\"2026-01-16T11:24:55+00:00\",\"breadcrumb\":{\"@id\":\"https:\\\/\\\/vmsport.fi\\\/verkkokauppa\\\/varaosat\\\/kiekot-ja-navat\\\/etukiekot\\\/etukiekko-24-18-507-union-3-8-alex-ace-17-2-pohja-alumiini\\\/#breadcrumb\"},\"inLanguage\":\"sv-SE\",\"potentialAction\":[{\"@type\":\"ReadAction\",\"target\":[\"https:\\\/\\\/vmsport.fi\\\/verkkokauppa\\\/varaosat\\\/kiekot-ja-navat\\\/etukiekot\\\/etukiekko-24-18-507-union-3-8-alex-ace-17-2-pohja-alumiini\\\/\"]}]},{\"@type\":\"ImageObject\",\"inLanguage\":\"sv-SE\",\"@id\":\"https:\\\/\\\/vmsport.fi\\\/verkkokauppa\\\/varaosat\\\/kiekot-ja-navat\\\/etukiekot\\\/etukiekko-24-18-507-union-3-8-alex-ace-17-2-pohja-alumiini\\\/#primaryimage\",\"url\":\"https:\\\/\\\/vmsport.fi\\\/wp-content\\\/uploads\\\/2025\\\/03\\\/Etupyoerae-24-18-507-UNION-1.jpg\",\"contentUrl\":\"https:\\\/\\\/vmsport.fi\\\/wp-content\\\/uploads\\\/2025\\\/03\\\/Etupyoerae-24-18-507-UNION-1.jpg\",\"width\":75,\"height\":75,\"caption\":\"Etupyoerae-24-18-507-UNION\"},{\"@type\":\"BreadcrumbList\",\"@id\":\"https:\\\/\\\/vmsport.fi\\\/verkkokauppa\\\/varaosat\\\/kiekot-ja-navat\\\/etukiekot\\\/etukiekko-24-18-507-union-3-8-alex-ace-17-2-pohja-alumiini\\\/#breadcrumb\",\"itemListElement\":[{\"@type\":\"ListItem\",\"position\":1,\"name\":\"Etusivu\",\"item\":\"https:\\\/\\\/vmsport.fi\\\/\"},{\"@type\":\"ListItem\",\"position\":2,\"name\":\"Online Store\",\"item\":\"https:\\\/\\\/vmsport.fi\\\/en\\\/online-store\\\/\"},{\"@type\":\"ListItem\",\"position\":3,\"name\":\"Etukiekko 24&#8243; 18-507 UNION 3\\\/8&#8243;, Alex ACE 17, 2-pohja, alumiini\"}]},{\"@type\":\"WebSite\",\"@id\":\"https:\\\/\\\/vmsport.fi\\\/#website\",\"url\":\"https:\\\/\\\/vmsport.fi\\\/\",\"name\":\"Vmsport\",\"description\":\"Kaikki py\u00f6r\u00e4ilyyn yhdest\u00e4 paikasta\",\"publisher\":{\"@id\":\"https:\\\/\\\/vmsport.fi\\\/#organization\"},\"potentialAction\":[{\"@type\":\"SearchAction\",\"target\":{\"@type\":\"EntryPoint\",\"urlTemplate\":\"https:\\\/\\\/vmsport.fi\\\/?s={search_term_string}\"},\"query-input\":{\"@type\":\"PropertyValueSpecification\",\"valueRequired\":true,\"valueName\":\"search_term_string\"}}],\"inLanguage\":\"sv-SE\"},{\"@type\":\"Organization\",\"@id\":\"https:\\\/\\\/vmsport.fi\\\/#organization\",\"name\":\"Vmsport\",\"url\":\"https:\\\/\\\/vmsport.fi\\\/\",\"logo\":{\"@type\":\"ImageObject\",\"inLanguage\":\"sv-SE\",\"@id\":\"https:\\\/\\\/vmsport.fi\\\/#\\\/schema\\\/logo\\\/image\\\/\",\"url\":\"https:\\\/\\\/vmsport.fi\\\/wp-content\\\/uploads\\\/2024\\\/12\\\/vm_sport_RGB_horisontal-e1734526017575.png\",\"contentUrl\":\"https:\\\/\\\/vmsport.fi\\\/wp-content\\\/uploads\\\/2024\\\/12\\\/vm_sport_RGB_horisontal-e1734526017575.png\",\"width\":668,\"height\":85,\"caption\":\"Vmsport\"},\"image\":{\"@id\":\"https:\\\/\\\/vmsport.fi\\\/#\\\/schema\\\/logo\\\/image\\\/\"},\"sameAs\":[\"https:\\\/\\\/www.facebook.com\\\/Vmsport.fi\\\/\",\"https:\\\/\\\/www.instagram.com\\\/vmsport\\\/\"]}]}<\/script>\n<!-- \/ Yoast SEO plugin. -->","yoast_head_json":{"title":"24\" 18-507 UNION 3\/8\", Alex ACE 17, 2-sulig, aluminium - VM Sport","robots":{"index":"index","follow":"follow","max-snippet":"max-snippet:-1","max-image-preview":"max-image-preview:large","max-video-preview":"max-video-preview:-1"},"canonical":"https:\/\/vmsport.fi\/sv\/webbutik\/reservdelar\/skivor-och-nav\/fram-falg\/framre-skiva-24-18-507-union-3-8-alex-ace-17-2-botten-aluminium\/","og_locale":"sv_SE","og_type":"article","og_title":"Etukiekko 24\" 18-507 UNION 3\/8\", Alex ACE 17, 2-pohja, alumiini - VM Sport","og_description":"Unionin etukiekko 24&#8243; yhdist\u00e4\u00e4 voiman ja keveyden, sill\u00e4 sen alumiinirakenne tekee siit\u00e4 kest\u00e4v\u00e4 ja helppok\u00e4ytt\u00f6inen. Alex ACE 17 -malliin perustuva kaksinkertaisen sein\u00e4m\u00e4n vanne lis\u00e4\u00e4 lujuutta ja pident\u00e4\u00e4 k\u00e4ytt\u00f6ik\u00e4\u00e4, ja 24 tuuman halkaisija sopii mainiosti monenlaisille polkupy\u00f6rille. Rengaskoko 18-507 varmistaa yhteensopivuuden erilaisten renkaiden kanssa. 3\/8 tuuman akselilla varustettu rakenne helpottaa asennusta, mik\u00e4 tekee t\u00e4st\u00e4 etukiekosta erinomaisen [...]L\u00e4s mer \u2026 from Etukiekko 24&#8243; 18-507 UNION 3\/8&#8243;, Alex ACE 17, 2-pohja, alumiini","og_url":"https:\/\/vmsport.fi\/sv\/webbutik\/reservdelar\/skivor-och-nav\/fram-falg\/framre-skiva-24-18-507-union-3-8-alex-ace-17-2-botten-aluminium\/","og_site_name":"VM Sport","article_publisher":"https:\/\/www.facebook.com\/Vmsport.fi\/","article_modified_time":"2026-01-16T11:24:55+00:00","og_image":[{"width":75,"height":75,"url":"https:\/\/vmsport.fi\/wp-content\/uploads\/2025\/03\/Etupyoerae-24-18-507-UNION-1.jpg","type":"image\/jpeg"}],"twitter_card":"summary_large_image","schema":{"@context":"https:\/\/schema.org","@graph":[{"@type":["WebPage","ItemPage"],"@id":"https:\/\/vmsport.fi\/verkkokauppa\/varaosat\/kiekot-ja-navat\/etukiekot\/etukiekko-24-18-507-union-3-8-alex-ace-17-2-pohja-alumiini\/","url":"https:\/\/vmsport.fi\/verkkokauppa\/varaosat\/kiekot-ja-navat\/etukiekot\/etukiekko-24-18-507-union-3-8-alex-ace-17-2-pohja-alumiini\/","name":"24\" 18-507 UNION 3\/8\", Alex ACE 17, 2-sulig, aluminium - VM Sport","isPartOf":{"@id":"https:\/\/vmsport.fi\/#website"},"primaryImageOfPage":{"@id":"https:\/\/vmsport.fi\/verkkokauppa\/varaosat\/kiekot-ja-navat\/etukiekot\/etukiekko-24-18-507-union-3-8-alex-ace-17-2-pohja-alumiini\/#primaryimage"},"image":{"@id":"https:\/\/vmsport.fi\/verkkokauppa\/varaosat\/kiekot-ja-navat\/etukiekot\/etukiekko-24-18-507-union-3-8-alex-ace-17-2-pohja-alumiini\/#primaryimage"},"thumbnailUrl":"https:\/\/vmsport.fi\/wp-content\/uploads\/2025\/03\/Etupyoerae-24-18-507-UNION-1.jpg","datePublished":"2025-03-05T22:18:22+00:00","dateModified":"2026-01-16T11:24:55+00:00","breadcrumb":{"@id":"https:\/\/vmsport.fi\/verkkokauppa\/varaosat\/kiekot-ja-navat\/etukiekot\/etukiekko-24-18-507-union-3-8-alex-ace-17-2-pohja-alumiini\/#breadcrumb"},"inLanguage":"sv-SE","potentialAction":[{"@type":"ReadAction","target":["https:\/\/vmsport.fi\/verkkokauppa\/varaosat\/kiekot-ja-navat\/etukiekot\/etukiekko-24-18-507-union-3-8-alex-ace-17-2-pohja-alumiini\/"]}]},{"@type":"ImageObject","inLanguage":"sv-SE","@id":"https:\/\/vmsport.fi\/verkkokauppa\/varaosat\/kiekot-ja-navat\/etukiekot\/etukiekko-24-18-507-union-3-8-alex-ace-17-2-pohja-alumiini\/#primaryimage","url":"https:\/\/vmsport.fi\/wp-content\/uploads\/2025\/03\/Etupyoerae-24-18-507-UNION-1.jpg","contentUrl":"https:\/\/vmsport.fi\/wp-content\/uploads\/2025\/03\/Etupyoerae-24-18-507-UNION-1.jpg","width":75,"height":75,"caption":"Etupyoerae-24-18-507-UNION"},{"@type":"BreadcrumbList","@id":"https:\/\/vmsport.fi\/verkkokauppa\/varaosat\/kiekot-ja-navat\/etukiekot\/etukiekko-24-18-507-union-3-8-alex-ace-17-2-pohja-alumiini\/#breadcrumb","itemListElement":[{"@type":"ListItem","position":1,"name":"Etusivu","item":"https:\/\/vmsport.fi\/"},{"@type":"ListItem","position":2,"name":"Online Store","item":"https:\/\/vmsport.fi\/en\/online-store\/"},{"@type":"ListItem","position":3,"name":"Etukiekko 24&#8243; 18-507 UNION 3\/8&#8243;, Alex ACE 17, 2-pohja, alumiini"}]},{"@type":"WebSite","@id":"https:\/\/vmsport.fi\/#website","url":"https:\/\/vmsport.fi\/","name":"Vmsport","description":"Allt p\u00e5 ett st\u00e4lle f\u00f6r cykling","publisher":{"@id":"https:\/\/vmsport.fi\/#organization"},"potentialAction":[{"@type":"SearchAction","target":{"@type":"EntryPoint","urlTemplate":"https:\/\/vmsport.fi\/?s={search_term_string}"},"query-input":{"@type":"PropertyValueSpecification","valueRequired":true,"valueName":"search_term_string"}}],"inLanguage":"sv-SE"},{"@type":"Organization","@id":"https:\/\/vmsport.fi\/#organization","name":"Vmsport","url":"https:\/\/vmsport.fi\/","logo":{"@type":"ImageObject","inLanguage":"sv-SE","@id":"https:\/\/vmsport.fi\/#\/schema\/logo\/image\/","url":"https:\/\/vmsport.fi\/wp-content\/uploads\/2024\/12\/vm_sport_RGB_horisontal-e1734526017575.png","contentUrl":"https:\/\/vmsport.fi\/wp-content\/uploads\/2024\/12\/vm_sport_RGB_horisontal-e1734526017575.png","width":668,"height":85,"caption":"Vmsport"},"image":{"@id":"https:\/\/vmsport.fi\/#\/schema\/logo\/image\/"},"sameAs":["https:\/\/www.facebook.com\/Vmsport.fi\/","https:\/\/www.instagram.com\/vmsport\/"]}]}},"global_unique_id":"","_links":{"self":[{"href":"https:\/\/vmsport.fi\/sv\/wp-json\/wp\/v2\/product\/56312","targetHints":{"allow":["GET"]}}],"collection":[{"href":"https:\/\/vmsport.fi\/sv\/wp-json\/wp\/v2\/product"}],"about":[{"href":"https:\/\/vmsport.fi\/sv\/wp-json\/wp\/v2\/types\/product"}],"replies":[{"embeddable":true,"href":"https:\/\/vmsport.fi\/sv\/wp-json\/wp\/v2\/comments?post=56312"}],"wp:featuredmedia":[{"embeddable":true,"href":"https:\/\/vmsport.fi\/sv\/wp-json\/wp\/v2\/media\/56311"}],"wp:attachment":[{"href":"https:\/\/vmsport.fi\/sv\/wp-json\/wp\/v2\/media?parent=56312"}],"wp:term":[{"taxonomy":"product_brand","embeddable":true,"href":"https:\/\/vmsport.fi\/sv\/wp-json\/wp\/v2\/product_brand?post=56312"},{"taxonomy":"product_model","embeddable":true,"href":"https:\/\/vmsport.fi\/sv\/wp-json\/wp\/v2\/product_model?post=56312"},{"taxonomy":"product_cat","embeddable":true,"href":"https:\/\/vmsport.fi\/sv\/wp-json\/wp\/v2\/product_cat?post=56312"},{"taxonomy":"product_tag","embeddable":true,"href":"https:\/\/vmsport.fi\/sv\/wp-json\/wp\/v2\/product_tag?post=56312"},{"taxonomy":"industry_terminology","embeddable":true,"href":"https:\/\/vmsport.fi\/sv\/wp-json\/wp\/v2\/industry-terminology?post=56312"}],"curies":[{"name":"wp","href":"https:\/\/api.w.org\/{rel}","templated":true}]}}