{"id":56308,"date":"2025-03-06T00:18:20","date_gmt":"2025-03-05T22:18:20","guid":{"rendered":"https:\/\/vmsport.fi\/verkkokauppa\/Ei-luokiteltu\/takavaihtajan-korvake-union-gh-043\/"},"modified":"2026-01-16T13:25:19","modified_gmt":"2026-01-16T11:25:19","slug":"byte-av-bakvaxel-union-gh-043","status":"publish","type":"product","link":"https:\/\/vmsport.fi\/sv\/verkkokauppa\/varaosat\/vaihteistot\/takavaihtajan-korvake\/takavaihtajan-korvake-union-gh-043\/","title":{"rendered":"V\u00e4xel\u00f6ra UNION, GH-043"},"content":{"rendered":"<p>UNION GH-043 Backpack Replacement \u00e4r utformad f\u00f6r att h\u00e5lla och ge tillf\u00f6rlitlig prestanda under l\u00e5ng tid. Den \u00e4r tillverkad av 6061 kallsmidd aluminium som kombinerar styrka och flexibilitet, vilket skyddar cykelramen vid en eventuell krasch. Detta \u00f6ronstycke \u00e4r kompatibelt med m\u00e5nga cykelm\u00e4rken, inklusive Centurion, Focus, Fuji, Kalkhoff och Merida. Den fungerar som en offerkomponent som b\u00f6jer sig eller g\u00e5r s\u00f6nder f\u00f6r att skydda ramen vid krascher. Denna del av Marwi-sortimentet matchar \u00f6ronspecifikationerna f\u00f6r originalbakv\u00e4xeln, vilket s\u00e4kerst\u00e4ller enkel integrering med olika cykelmodeller. Monteringsskruvar (M4x0,7 - 2 st) medf\u00f6ljer, vilket s\u00e4kerst\u00e4ller all n\u00f6dv\u00e4ndig monteringsutrustning. Denna komponent \u00e4r en viktig del f\u00f6r att uppr\u00e4tth\u00e5lla optimal funktion hos cykelns v\u00e4xelsystem.<\/p>","protected":false},"excerpt":{"rendered":"<p>UNION GH-043 -takavaihtajan korvake on suunniteltu kest\u00e4m\u00e4\u00e4n ja tarjoamaan luotettavaa suorituskyky\u00e4 pitk\u00e4\u00e4n. Se on valmistettu 6061-kylm\u00e4taotusta alumiinista, joka yhdist\u00e4\u00e4 vahvuuden ja joustavuuden, suojaten py\u00f6r\u00e4n runkoa kaatumistilanteissa. T\u00e4m\u00e4 korvake on yhteensopiva useiden polkupy\u00f6r\u00e4merkkien, kuten Centurion, Focus, Fuji, Kalkhoff ja Merida, kanssa. Se toimii uhrautuvana osana, joka taipuu tai katkeaa suojatakseen runkoa onnettomuuksissa. T\u00e4m\u00e4 Marwi-mallistoon kuuluva osa [&#8230;]<\/p>\n<p><a class=\"btn btn-secondary understrap-read-more-link\" href=\"https:\/\/vmsport.fi\/sv\/verkkokauppa\/varaosat\/vaihteistot\/takavaihtajan-korvake\/takavaihtajan-korvake-union-gh-043\/\">L\u00e4s mer \u2026<span class=\"screen-reader-text\"> from Takavaihtajan korvake UNION, GH-043<\/span><\/a><\/p>\n","protected":false},"featured_media":56307,"comment_status":"open","ping_status":"closed","template":"","meta":{"_acf_changed":false,"_improvement_type_select":"improve_an_existing","_thumb_yes_seoaic":false,"_frame_yes_seoaic":false,"seoaic_generate_description":"","seoaic_improve_instructions_prompt":"","seoaic_rollback_content_improvement":"","seoaic_idea_thumbnail_generator":"","thumbnail_generated":false,"thumbnail_generate_prompt":"","seoaic_article_description":"","_supplier_stock_quantity":0},"product_brand":[],"product_model":[],"product_cat":[9480],"product_tag":[],"industry-terminology":[],"class_list":{"0":"post-56308","1":"product","2":"type-product","3":"status-publish","4":"has-post-thumbnail","6":"product_cat-takavaihtajan-korvake","8":"first","9":"instock","10":"taxable","11":"shipping-taxable","12":"purchasable","13":"product-type-simple"},"acf":{"bike_features":null,"overview":{"copy_overview":null,"key_features":null,"statement":"","youtube_url":""}},"yoast_head":"<!-- This site is optimized with the Yoast SEO plugin v27.3 - https:\/\/yoast.com\/product\/yoast-seo-wordpress\/ -->\n<title>Takavaihtajan korvake UNION, GH-043 - VM Sport<\/title>\n<meta name=\"robots\" content=\"index, follow, max-snippet:-1, max-image-preview:large, max-video-preview:-1\" \/>\n<link rel=\"canonical\" href=\"https:\/\/vmsport.fi\/sv\/webbutik\/reservdelar\/vaxellador\/byte-av-bakvaxel\/byte-av-bakvaxel-union-gh-043\/\" \/>\n<meta property=\"og:locale\" content=\"sv_SE\" \/>\n<meta property=\"og:type\" content=\"article\" \/>\n<meta property=\"og:title\" content=\"Takavaihtajan korvake UNION, GH-043 - VM Sport\" \/>\n<meta property=\"og:description\" content=\"UNION GH-043 -takavaihtajan korvake on suunniteltu kest\u00e4m\u00e4\u00e4n ja tarjoamaan luotettavaa suorituskyky\u00e4 pitk\u00e4\u00e4n. Se on valmistettu 6061-kylm\u00e4taotusta alumiinista, joka yhdist\u00e4\u00e4 vahvuuden ja joustavuuden, suojaten py\u00f6r\u00e4n runkoa kaatumistilanteissa. T\u00e4m\u00e4 korvake on yhteensopiva useiden polkupy\u00f6r\u00e4merkkien, kuten Centurion, Focus, Fuji, Kalkhoff ja Merida, kanssa. Se toimii uhrautuvana osana, joka taipuu tai katkeaa suojatakseen runkoa onnettomuuksissa. T\u00e4m\u00e4 Marwi-mallistoon kuuluva osa [...]L\u00e4s mer \u2026 from Takavaihtajan korvake UNION, GH-043\" \/>\n<meta property=\"og:url\" content=\"https:\/\/vmsport.fi\/sv\/webbutik\/reservdelar\/vaxellador\/byte-av-bakvaxel\/byte-av-bakvaxel-union-gh-043\/\" \/>\n<meta property=\"og:site_name\" content=\"VM Sport\" \/>\n<meta property=\"article:publisher\" content=\"https:\/\/www.facebook.com\/Vmsport.fi\/\" \/>\n<meta property=\"article:modified_time\" content=\"2026-01-16T11:25:19+00:00\" \/>\n<meta property=\"og:image\" content=\"https:\/\/vmsport.fi\/wp-content\/uploads\/2025\/03\/gh-043-1.jpg\" \/>\n\t<meta property=\"og:image:width\" content=\"800\" \/>\n\t<meta property=\"og:image:height\" content=\"800\" \/>\n\t<meta property=\"og:image:type\" content=\"image\/jpeg\" \/>\n<meta name=\"twitter:card\" content=\"summary_large_image\" \/>\n<meta name=\"twitter:label1\" content=\"Ber\u00e4knad l\u00e4stid\" \/>\n\t<meta name=\"twitter:data1\" content=\"1 minut\" \/>\n<script type=\"application\/ld+json\" class=\"yoast-schema-graph\">{\"@context\":\"https:\\\/\\\/schema.org\",\"@graph\":[{\"@type\":[\"WebPage\",\"ItemPage\"],\"@id\":\"https:\\\/\\\/vmsport.fi\\\/verkkokauppa\\\/varaosat\\\/vaihteistot\\\/takavaihtajan-korvake\\\/takavaihtajan-korvake-union-gh-043\\\/\",\"url\":\"https:\\\/\\\/vmsport.fi\\\/verkkokauppa\\\/varaosat\\\/vaihteistot\\\/takavaihtajan-korvake\\\/takavaihtajan-korvake-union-gh-043\\\/\",\"name\":\"Takavaihtajan korvake UNION, GH-043 - VM Sport\",\"isPartOf\":{\"@id\":\"https:\\\/\\\/vmsport.fi\\\/#website\"},\"primaryImageOfPage\":{\"@id\":\"https:\\\/\\\/vmsport.fi\\\/verkkokauppa\\\/varaosat\\\/vaihteistot\\\/takavaihtajan-korvake\\\/takavaihtajan-korvake-union-gh-043\\\/#primaryimage\"},\"image\":{\"@id\":\"https:\\\/\\\/vmsport.fi\\\/verkkokauppa\\\/varaosat\\\/vaihteistot\\\/takavaihtajan-korvake\\\/takavaihtajan-korvake-union-gh-043\\\/#primaryimage\"},\"thumbnailUrl\":\"https:\\\/\\\/vmsport.fi\\\/wp-content\\\/uploads\\\/2025\\\/03\\\/gh-043-1.jpg\",\"datePublished\":\"2025-03-05T22:18:20+00:00\",\"dateModified\":\"2026-01-16T11:25:19+00:00\",\"breadcrumb\":{\"@id\":\"https:\\\/\\\/vmsport.fi\\\/verkkokauppa\\\/varaosat\\\/vaihteistot\\\/takavaihtajan-korvake\\\/takavaihtajan-korvake-union-gh-043\\\/#breadcrumb\"},\"inLanguage\":\"sv-SE\",\"potentialAction\":[{\"@type\":\"ReadAction\",\"target\":[\"https:\\\/\\\/vmsport.fi\\\/verkkokauppa\\\/varaosat\\\/vaihteistot\\\/takavaihtajan-korvake\\\/takavaihtajan-korvake-union-gh-043\\\/\"]}]},{\"@type\":\"ImageObject\",\"inLanguage\":\"sv-SE\",\"@id\":\"https:\\\/\\\/vmsport.fi\\\/verkkokauppa\\\/varaosat\\\/vaihteistot\\\/takavaihtajan-korvake\\\/takavaihtajan-korvake-union-gh-043\\\/#primaryimage\",\"url\":\"https:\\\/\\\/vmsport.fi\\\/wp-content\\\/uploads\\\/2025\\\/03\\\/gh-043-1.jpg\",\"contentUrl\":\"https:\\\/\\\/vmsport.fi\\\/wp-content\\\/uploads\\\/2025\\\/03\\\/gh-043-1.jpg\",\"width\":800,\"height\":800,\"caption\":\"gh-043\"},{\"@type\":\"BreadcrumbList\",\"@id\":\"https:\\\/\\\/vmsport.fi\\\/verkkokauppa\\\/varaosat\\\/vaihteistot\\\/takavaihtajan-korvake\\\/takavaihtajan-korvake-union-gh-043\\\/#breadcrumb\",\"itemListElement\":[{\"@type\":\"ListItem\",\"position\":1,\"name\":\"Etusivu\",\"item\":\"https:\\\/\\\/vmsport.fi\\\/\"},{\"@type\":\"ListItem\",\"position\":2,\"name\":\"Online Store\",\"item\":\"https:\\\/\\\/vmsport.fi\\\/en\\\/online-store\\\/\"},{\"@type\":\"ListItem\",\"position\":3,\"name\":\"Takavaihtajan korvake UNION, GH-043\"}]},{\"@type\":\"WebSite\",\"@id\":\"https:\\\/\\\/vmsport.fi\\\/#website\",\"url\":\"https:\\\/\\\/vmsport.fi\\\/\",\"name\":\"Vmsport\",\"description\":\"Kaikki py\u00f6r\u00e4ilyyn yhdest\u00e4 paikasta\",\"publisher\":{\"@id\":\"https:\\\/\\\/vmsport.fi\\\/#organization\"},\"potentialAction\":[{\"@type\":\"SearchAction\",\"target\":{\"@type\":\"EntryPoint\",\"urlTemplate\":\"https:\\\/\\\/vmsport.fi\\\/?s={search_term_string}\"},\"query-input\":{\"@type\":\"PropertyValueSpecification\",\"valueRequired\":true,\"valueName\":\"search_term_string\"}}],\"inLanguage\":\"sv-SE\"},{\"@type\":\"Organization\",\"@id\":\"https:\\\/\\\/vmsport.fi\\\/#organization\",\"name\":\"Vmsport\",\"url\":\"https:\\\/\\\/vmsport.fi\\\/\",\"logo\":{\"@type\":\"ImageObject\",\"inLanguage\":\"sv-SE\",\"@id\":\"https:\\\/\\\/vmsport.fi\\\/#\\\/schema\\\/logo\\\/image\\\/\",\"url\":\"https:\\\/\\\/vmsport.fi\\\/wp-content\\\/uploads\\\/2024\\\/12\\\/vm_sport_RGB_horisontal-e1734526017575.png\",\"contentUrl\":\"https:\\\/\\\/vmsport.fi\\\/wp-content\\\/uploads\\\/2024\\\/12\\\/vm_sport_RGB_horisontal-e1734526017575.png\",\"width\":668,\"height\":85,\"caption\":\"Vmsport\"},\"image\":{\"@id\":\"https:\\\/\\\/vmsport.fi\\\/#\\\/schema\\\/logo\\\/image\\\/\"},\"sameAs\":[\"https:\\\/\\\/www.facebook.com\\\/Vmsport.fi\\\/\",\"https:\\\/\\\/www.instagram.com\\\/vmsport\\\/\"]}]}<\/script>\n<!-- \/ Yoast SEO plugin. -->","yoast_head_json":{"title":"Byte av bakv\u00e4xel UNION, GH-043 - VM Sport","robots":{"index":"index","follow":"follow","max-snippet":"max-snippet:-1","max-image-preview":"max-image-preview:large","max-video-preview":"max-video-preview:-1"},"canonical":"https:\/\/vmsport.fi\/sv\/webbutik\/reservdelar\/vaxellador\/byte-av-bakvaxel\/byte-av-bakvaxel-union-gh-043\/","og_locale":"sv_SE","og_type":"article","og_title":"Takavaihtajan korvake UNION, GH-043 - VM Sport","og_description":"UNION GH-043 -takavaihtajan korvake on suunniteltu kest\u00e4m\u00e4\u00e4n ja tarjoamaan luotettavaa suorituskyky\u00e4 pitk\u00e4\u00e4n. Se on valmistettu 6061-kylm\u00e4taotusta alumiinista, joka yhdist\u00e4\u00e4 vahvuuden ja joustavuuden, suojaten py\u00f6r\u00e4n runkoa kaatumistilanteissa. T\u00e4m\u00e4 korvake on yhteensopiva useiden polkupy\u00f6r\u00e4merkkien, kuten Centurion, Focus, Fuji, Kalkhoff ja Merida, kanssa. Se toimii uhrautuvana osana, joka taipuu tai katkeaa suojatakseen runkoa onnettomuuksissa. T\u00e4m\u00e4 Marwi-mallistoon kuuluva osa [...]L\u00e4s mer \u2026 from Takavaihtajan korvake UNION, GH-043","og_url":"https:\/\/vmsport.fi\/sv\/webbutik\/reservdelar\/vaxellador\/byte-av-bakvaxel\/byte-av-bakvaxel-union-gh-043\/","og_site_name":"VM Sport","article_publisher":"https:\/\/www.facebook.com\/Vmsport.fi\/","article_modified_time":"2026-01-16T11:25:19+00:00","og_image":[{"width":800,"height":800,"url":"https:\/\/vmsport.fi\/wp-content\/uploads\/2025\/03\/gh-043-1.jpg","type":"image\/jpeg"}],"twitter_card":"summary_large_image","twitter_misc":{"Ber\u00e4knad l\u00e4stid":"1 minut"},"schema":{"@context":"https:\/\/schema.org","@graph":[{"@type":["WebPage","ItemPage"],"@id":"https:\/\/vmsport.fi\/verkkokauppa\/varaosat\/vaihteistot\/takavaihtajan-korvake\/takavaihtajan-korvake-union-gh-043\/","url":"https:\/\/vmsport.fi\/verkkokauppa\/varaosat\/vaihteistot\/takavaihtajan-korvake\/takavaihtajan-korvake-union-gh-043\/","name":"Byte av bakv\u00e4xel UNION, GH-043 - VM Sport","isPartOf":{"@id":"https:\/\/vmsport.fi\/#website"},"primaryImageOfPage":{"@id":"https:\/\/vmsport.fi\/verkkokauppa\/varaosat\/vaihteistot\/takavaihtajan-korvake\/takavaihtajan-korvake-union-gh-043\/#primaryimage"},"image":{"@id":"https:\/\/vmsport.fi\/verkkokauppa\/varaosat\/vaihteistot\/takavaihtajan-korvake\/takavaihtajan-korvake-union-gh-043\/#primaryimage"},"thumbnailUrl":"https:\/\/vmsport.fi\/wp-content\/uploads\/2025\/03\/gh-043-1.jpg","datePublished":"2025-03-05T22:18:20+00:00","dateModified":"2026-01-16T11:25:19+00:00","breadcrumb":{"@id":"https:\/\/vmsport.fi\/verkkokauppa\/varaosat\/vaihteistot\/takavaihtajan-korvake\/takavaihtajan-korvake-union-gh-043\/#breadcrumb"},"inLanguage":"sv-SE","potentialAction":[{"@type":"ReadAction","target":["https:\/\/vmsport.fi\/verkkokauppa\/varaosat\/vaihteistot\/takavaihtajan-korvake\/takavaihtajan-korvake-union-gh-043\/"]}]},{"@type":"ImageObject","inLanguage":"sv-SE","@id":"https:\/\/vmsport.fi\/verkkokauppa\/varaosat\/vaihteistot\/takavaihtajan-korvake\/takavaihtajan-korvake-union-gh-043\/#primaryimage","url":"https:\/\/vmsport.fi\/wp-content\/uploads\/2025\/03\/gh-043-1.jpg","contentUrl":"https:\/\/vmsport.fi\/wp-content\/uploads\/2025\/03\/gh-043-1.jpg","width":800,"height":800,"caption":"gh-043"},{"@type":"BreadcrumbList","@id":"https:\/\/vmsport.fi\/verkkokauppa\/varaosat\/vaihteistot\/takavaihtajan-korvake\/takavaihtajan-korvake-union-gh-043\/#breadcrumb","itemListElement":[{"@type":"ListItem","position":1,"name":"Etusivu","item":"https:\/\/vmsport.fi\/"},{"@type":"ListItem","position":2,"name":"Online Store","item":"https:\/\/vmsport.fi\/en\/online-store\/"},{"@type":"ListItem","position":3,"name":"Takavaihtajan korvake UNION, GH-043"}]},{"@type":"WebSite","@id":"https:\/\/vmsport.fi\/#website","url":"https:\/\/vmsport.fi\/","name":"Vmsport","description":"Allt p\u00e5 ett st\u00e4lle f\u00f6r cykling","publisher":{"@id":"https:\/\/vmsport.fi\/#organization"},"potentialAction":[{"@type":"SearchAction","target":{"@type":"EntryPoint","urlTemplate":"https:\/\/vmsport.fi\/?s={search_term_string}"},"query-input":{"@type":"PropertyValueSpecification","valueRequired":true,"valueName":"search_term_string"}}],"inLanguage":"sv-SE"},{"@type":"Organization","@id":"https:\/\/vmsport.fi\/#organization","name":"Vmsport","url":"https:\/\/vmsport.fi\/","logo":{"@type":"ImageObject","inLanguage":"sv-SE","@id":"https:\/\/vmsport.fi\/#\/schema\/logo\/image\/","url":"https:\/\/vmsport.fi\/wp-content\/uploads\/2024\/12\/vm_sport_RGB_horisontal-e1734526017575.png","contentUrl":"https:\/\/vmsport.fi\/wp-content\/uploads\/2024\/12\/vm_sport_RGB_horisontal-e1734526017575.png","width":668,"height":85,"caption":"Vmsport"},"image":{"@id":"https:\/\/vmsport.fi\/#\/schema\/logo\/image\/"},"sameAs":["https:\/\/www.facebook.com\/Vmsport.fi\/","https:\/\/www.instagram.com\/vmsport\/"]}]}},"global_unique_id":"","_links":{"self":[{"href":"https:\/\/vmsport.fi\/sv\/wp-json\/wp\/v2\/product\/56308","targetHints":{"allow":["GET"]}}],"collection":[{"href":"https:\/\/vmsport.fi\/sv\/wp-json\/wp\/v2\/product"}],"about":[{"href":"https:\/\/vmsport.fi\/sv\/wp-json\/wp\/v2\/types\/product"}],"replies":[{"embeddable":true,"href":"https:\/\/vmsport.fi\/sv\/wp-json\/wp\/v2\/comments?post=56308"}],"wp:featuredmedia":[{"embeddable":true,"href":"https:\/\/vmsport.fi\/sv\/wp-json\/wp\/v2\/media\/56307"}],"wp:attachment":[{"href":"https:\/\/vmsport.fi\/sv\/wp-json\/wp\/v2\/media?parent=56308"}],"wp:term":[{"taxonomy":"product_brand","embeddable":true,"href":"https:\/\/vmsport.fi\/sv\/wp-json\/wp\/v2\/product_brand?post=56308"},{"taxonomy":"product_model","embeddable":true,"href":"https:\/\/vmsport.fi\/sv\/wp-json\/wp\/v2\/product_model?post=56308"},{"taxonomy":"product_cat","embeddable":true,"href":"https:\/\/vmsport.fi\/sv\/wp-json\/wp\/v2\/product_cat?post=56308"},{"taxonomy":"product_tag","embeddable":true,"href":"https:\/\/vmsport.fi\/sv\/wp-json\/wp\/v2\/product_tag?post=56308"},{"taxonomy":"industry_terminology","embeddable":true,"href":"https:\/\/vmsport.fi\/sv\/wp-json\/wp\/v2\/industry-terminology?post=56308"}],"curies":[{"name":"wp","href":"https:\/\/api.w.org\/{rel}","templated":true}]}}