{"id":56300,"date":"2025-03-06T00:18:15","date_gmt":"2025-03-05T22:18:15","guid":{"rendered":"https:\/\/vmsport.fi\/verkkokauppa\/Ei-luokiteltu\/bontrager-bontrager-ion-elite-r-front-bike-light\/"},"modified":"2026-04-22T15:08:28","modified_gmt":"2026-04-22T12:08:28","slug":"bontrager-bontrager-ion-elite-r-framre-cykellampa","status":"publish","type":"product","link":"https:\/\/vmsport.fi\/sv\/verkkokauppa\/tarvikkeet\/valaisimet-ja-osat\/etuvalot\/bontrager-bontrager-ion-elite-r-front-bike-light\/","title":{"rendered":"Bontrager Bontrager Ion Elite R fr\u00e4mre cykellampa"},"content":{"rendered":"<p>Bontrager Ion Elite R \u00e4r en kraftfull framlampa f\u00f6r cykel som kombinerar kraftfullt ljusfl\u00f6de med h\u00e5llbar konstruktion. Den \u00e4r utformad f\u00f6r att ge optimal synlighet i alla v\u00e4derf\u00f6rh\u00e5llanden. Det uppladdningsbara batteriet m\u00f6jligg\u00f6r l\u00e5nga anv\u00e4ndningstimmar utan behov av st\u00e4ndiga batteribyten. Denna utrustning f\u00f6rb\u00e4ttrar avsev\u00e4rt k\u00f6rs\u00e4kerheten och komforten i svagt ljus och m\u00f6rka f\u00f6rh\u00e5llanden.<\/p>","protected":false},"excerpt":{"rendered":"<p>Bontrager Ion Elite R on tehokas polkupy\u00f6r\u00e4n etuvalo, joka yhdist\u00e4\u00e4 voimakkaan valotehon ja kest\u00e4v\u00e4n rakenteen. Se on suunniteltu tarjoamaan optimaalisen n\u00e4kyvyyden kaikissa s\u00e4\u00e4olosuhteissa. Ladattava akku mahdollistaa pitk\u00e4n k\u00e4ytt\u00f6ajan ilman jatkuvaa akkujen vaihtotarvetta. T\u00e4m\u00e4 varuste parantaa merkitt\u00e4v\u00e4sti ajamisen turvallisuutta ja mukavuutta h\u00e4m\u00e4r\u00e4ss\u00e4 ja pime\u00e4ll\u00e4. [&#8230;]<\/p>\n<p><a class=\"btn btn-secondary understrap-read-more-link\" href=\"https:\/\/vmsport.fi\/sv\/verkkokauppa\/tarvikkeet\/valaisimet-ja-osat\/etuvalot\/bontrager-bontrager-ion-elite-r-front-bike-light\/\">L\u00e4s mer \u2026<span class=\"screen-reader-text\"> from Bontrager Bontrager Ion Elite R Front Bike Light<\/span><\/a><\/p>\n","protected":false},"featured_media":56294,"comment_status":"open","ping_status":"closed","template":"","meta":{"_acf_changed":false,"_improvement_type_select":"improve_an_existing","_thumb_yes_seoaic":false,"_frame_yes_seoaic":false,"seoaic_generate_description":"","seoaic_improve_instructions_prompt":"","seoaic_rollback_content_improvement":"","seoaic_idea_thumbnail_generator":"","thumbnail_generated":false,"thumbnail_generate_prompt":"","seoaic_article_description":"","_supplier_stock_quantity":0},"product_brand":[],"product_model":[],"product_cat":[9562],"product_tag":[],"industry-terminology":[],"class_list":{"0":"post-56300","1":"product","2":"type-product","3":"status-publish","4":"has-post-thumbnail","6":"product_cat-etuvalot","8":"first","9":"outofstock","10":"taxable","11":"shipping-taxable","12":"product-type-simple"},"acf":{"bike_features":null,"overview":{"copy_overview":null,"key_features":null,"statement":"","youtube_url":""}},"yoast_head":"<!-- This site is optimized with the Yoast SEO plugin v27.4 - https:\/\/yoast.com\/product\/yoast-seo-wordpress\/ -->\n<title>Bontrager Bontrager Ion Elite R Front Bike Light - VM Sport<\/title>\n<meta name=\"robots\" content=\"index, follow, max-snippet:-1, max-image-preview:large, max-video-preview:-1\" \/>\n<link rel=\"canonical\" href=\"https:\/\/vmsport.fi\/sv\/webbutik\/tillbehor\/armaturer-och-komponenter\/framljus\/bontrager-bontrager-ion-elite-r-framre-cykellampa\/\" \/>\n<meta property=\"og:locale\" content=\"sv_SE\" \/>\n<meta property=\"og:type\" content=\"article\" \/>\n<meta property=\"og:title\" content=\"Bontrager Bontrager Ion Elite R Front Bike Light - VM Sport\" \/>\n<meta property=\"og:description\" content=\"Bontrager Ion Elite R on tehokas polkupy\u00f6r\u00e4n etuvalo, joka yhdist\u00e4\u00e4 voimakkaan valotehon ja kest\u00e4v\u00e4n rakenteen. Se on suunniteltu tarjoamaan optimaalisen n\u00e4kyvyyden kaikissa s\u00e4\u00e4olosuhteissa. Ladattava akku mahdollistaa pitk\u00e4n k\u00e4ytt\u00f6ajan ilman jatkuvaa akkujen vaihtotarvetta. T\u00e4m\u00e4 varuste parantaa merkitt\u00e4v\u00e4sti ajamisen turvallisuutta ja mukavuutta h\u00e4m\u00e4r\u00e4ss\u00e4 ja pime\u00e4ll\u00e4. [...]L\u00e4s mer \u2026 from Bontrager Bontrager Ion Elite R Front Bike Light\" \/>\n<meta property=\"og:url\" content=\"https:\/\/vmsport.fi\/sv\/webbutik\/tillbehor\/armaturer-och-komponenter\/framljus\/bontrager-bontrager-ion-elite-r-framre-cykellampa\/\" \/>\n<meta property=\"og:site_name\" content=\"VM Sport\" \/>\n<meta property=\"article:publisher\" content=\"https:\/\/www.facebook.com\/Vmsport.fi\/\" \/>\n<meta property=\"article:modified_time\" content=\"2026-04-22T12:08:28+00:00\" \/>\n<meta property=\"og:image\" content=\"https:\/\/vmsport.fi\/wp-content\/uploads\/2025\/03\/vgWOL0SMgfDYqUqaiCHG32sxUfCq2fW66MNtdtDOaEidUHSpDX-1.jpg\" \/>\n\t<meta property=\"og:image:width\" content=\"1000\" \/>\n\t<meta property=\"og:image:height\" content=\"750\" \/>\n\t<meta property=\"og:image:type\" content=\"image\/jpeg\" \/>\n<meta name=\"twitter:card\" content=\"summary_large_image\" \/>\n<script type=\"application\/ld+json\" class=\"yoast-schema-graph\">{\"@context\":\"https:\\\/\\\/schema.org\",\"@graph\":[{\"@type\":[\"WebPage\",\"ItemPage\"],\"@id\":\"https:\\\/\\\/vmsport.fi\\\/verkkokauppa\\\/tarvikkeet\\\/valaisimet-ja-osat\\\/etuvalot\\\/bontrager-bontrager-ion-elite-r-front-bike-light\\\/\",\"url\":\"https:\\\/\\\/vmsport.fi\\\/verkkokauppa\\\/tarvikkeet\\\/valaisimet-ja-osat\\\/etuvalot\\\/bontrager-bontrager-ion-elite-r-front-bike-light\\\/\",\"name\":\"Bontrager Bontrager Ion Elite R Front Bike Light - VM Sport\",\"isPartOf\":{\"@id\":\"https:\\\/\\\/vmsport.fi\\\/#website\"},\"primaryImageOfPage\":{\"@id\":\"https:\\\/\\\/vmsport.fi\\\/verkkokauppa\\\/tarvikkeet\\\/valaisimet-ja-osat\\\/etuvalot\\\/bontrager-bontrager-ion-elite-r-front-bike-light\\\/#primaryimage\"},\"image\":{\"@id\":\"https:\\\/\\\/vmsport.fi\\\/verkkokauppa\\\/tarvikkeet\\\/valaisimet-ja-osat\\\/etuvalot\\\/bontrager-bontrager-ion-elite-r-front-bike-light\\\/#primaryimage\"},\"thumbnailUrl\":\"https:\\\/\\\/vmsport.fi\\\/wp-content\\\/uploads\\\/2025\\\/03\\\/vgWOL0SMgfDYqUqaiCHG32sxUfCq2fW66MNtdtDOaEidUHSpDX-1.jpg\",\"datePublished\":\"2025-03-05T22:18:15+00:00\",\"dateModified\":\"2026-04-22T12:08:28+00:00\",\"breadcrumb\":{\"@id\":\"https:\\\/\\\/vmsport.fi\\\/verkkokauppa\\\/tarvikkeet\\\/valaisimet-ja-osat\\\/etuvalot\\\/bontrager-bontrager-ion-elite-r-front-bike-light\\\/#breadcrumb\"},\"inLanguage\":\"sv-SE\",\"potentialAction\":[{\"@type\":\"ReadAction\",\"target\":[\"https:\\\/\\\/vmsport.fi\\\/verkkokauppa\\\/tarvikkeet\\\/valaisimet-ja-osat\\\/etuvalot\\\/bontrager-bontrager-ion-elite-r-front-bike-light\\\/\"]}]},{\"@type\":\"ImageObject\",\"inLanguage\":\"sv-SE\",\"@id\":\"https:\\\/\\\/vmsport.fi\\\/verkkokauppa\\\/tarvikkeet\\\/valaisimet-ja-osat\\\/etuvalot\\\/bontrager-bontrager-ion-elite-r-front-bike-light\\\/#primaryimage\",\"url\":\"https:\\\/\\\/vmsport.fi\\\/wp-content\\\/uploads\\\/2025\\\/03\\\/vgWOL0SMgfDYqUqaiCHG32sxUfCq2fW66MNtdtDOaEidUHSpDX-1.jpg\",\"contentUrl\":\"https:\\\/\\\/vmsport.fi\\\/wp-content\\\/uploads\\\/2025\\\/03\\\/vgWOL0SMgfDYqUqaiCHG32sxUfCq2fW66MNtdtDOaEidUHSpDX-1.jpg\",\"width\":1000,\"height\":750,\"caption\":\"vgWOL0SMgfDYqUqaiCHG32sxUfCq2fW66MNtdtDOaEidUHSpDX\"},{\"@type\":\"BreadcrumbList\",\"@id\":\"https:\\\/\\\/vmsport.fi\\\/verkkokauppa\\\/tarvikkeet\\\/valaisimet-ja-osat\\\/etuvalot\\\/bontrager-bontrager-ion-elite-r-front-bike-light\\\/#breadcrumb\",\"itemListElement\":[{\"@type\":\"ListItem\",\"position\":1,\"name\":\"Etusivu\",\"item\":\"https:\\\/\\\/vmsport.fi\\\/\"},{\"@type\":\"ListItem\",\"position\":2,\"name\":\"Online Store\",\"item\":\"https:\\\/\\\/vmsport.fi\\\/en\\\/online-store\\\/\"},{\"@type\":\"ListItem\",\"position\":3,\"name\":\"Bontrager Bontrager Ion Elite R Front Bike Light\"}]},{\"@type\":\"WebSite\",\"@id\":\"https:\\\/\\\/vmsport.fi\\\/#website\",\"url\":\"https:\\\/\\\/vmsport.fi\\\/\",\"name\":\"Vmsport\",\"description\":\"Kaikki py\u00f6r\u00e4ilyyn yhdest\u00e4 paikasta\",\"publisher\":{\"@id\":\"https:\\\/\\\/vmsport.fi\\\/#organization\"},\"potentialAction\":[{\"@type\":\"SearchAction\",\"target\":{\"@type\":\"EntryPoint\",\"urlTemplate\":\"https:\\\/\\\/vmsport.fi\\\/?s={search_term_string}\"},\"query-input\":{\"@type\":\"PropertyValueSpecification\",\"valueRequired\":true,\"valueName\":\"search_term_string\"}}],\"inLanguage\":\"sv-SE\"},{\"@type\":\"Organization\",\"@id\":\"https:\\\/\\\/vmsport.fi\\\/#organization\",\"name\":\"Vmsport\",\"url\":\"https:\\\/\\\/vmsport.fi\\\/\",\"logo\":{\"@type\":\"ImageObject\",\"inLanguage\":\"sv-SE\",\"@id\":\"https:\\\/\\\/vmsport.fi\\\/#\\\/schema\\\/logo\\\/image\\\/\",\"url\":\"https:\\\/\\\/vmsport.fi\\\/wp-content\\\/uploads\\\/2024\\\/12\\\/vm_sport_RGB_horisontal-e1734526017575.png\",\"contentUrl\":\"https:\\\/\\\/vmsport.fi\\\/wp-content\\\/uploads\\\/2024\\\/12\\\/vm_sport_RGB_horisontal-e1734526017575.png\",\"width\":668,\"height\":85,\"caption\":\"Vmsport\"},\"image\":{\"@id\":\"https:\\\/\\\/vmsport.fi\\\/#\\\/schema\\\/logo\\\/image\\\/\"},\"sameAs\":[\"https:\\\/\\\/www.facebook.com\\\/Vmsport.fi\\\/\",\"https:\\\/\\\/www.instagram.com\\\/vmsport\\\/\"]}]}<\/script>\n<!-- \/ Yoast SEO plugin. -->","yoast_head_json":{"title":"Bontrager Bontrager Ion Elite R fr\u00e4mre cykellampa - VM Sport","robots":{"index":"index","follow":"follow","max-snippet":"max-snippet:-1","max-image-preview":"max-image-preview:large","max-video-preview":"max-video-preview:-1"},"canonical":"https:\/\/vmsport.fi\/sv\/webbutik\/tillbehor\/armaturer-och-komponenter\/framljus\/bontrager-bontrager-ion-elite-r-framre-cykellampa\/","og_locale":"sv_SE","og_type":"article","og_title":"Bontrager Bontrager Ion Elite R Front Bike Light - VM Sport","og_description":"Bontrager Ion Elite R on tehokas polkupy\u00f6r\u00e4n etuvalo, joka yhdist\u00e4\u00e4 voimakkaan valotehon ja kest\u00e4v\u00e4n rakenteen. Se on suunniteltu tarjoamaan optimaalisen n\u00e4kyvyyden kaikissa s\u00e4\u00e4olosuhteissa. Ladattava akku mahdollistaa pitk\u00e4n k\u00e4ytt\u00f6ajan ilman jatkuvaa akkujen vaihtotarvetta. T\u00e4m\u00e4 varuste parantaa merkitt\u00e4v\u00e4sti ajamisen turvallisuutta ja mukavuutta h\u00e4m\u00e4r\u00e4ss\u00e4 ja pime\u00e4ll\u00e4. [...]L\u00e4s mer \u2026 from Bontrager Bontrager Ion Elite R Front Bike Light","og_url":"https:\/\/vmsport.fi\/sv\/webbutik\/tillbehor\/armaturer-och-komponenter\/framljus\/bontrager-bontrager-ion-elite-r-framre-cykellampa\/","og_site_name":"VM Sport","article_publisher":"https:\/\/www.facebook.com\/Vmsport.fi\/","article_modified_time":"2026-04-22T12:08:28+00:00","og_image":[{"width":1000,"height":750,"url":"https:\/\/vmsport.fi\/wp-content\/uploads\/2025\/03\/vgWOL0SMgfDYqUqaiCHG32sxUfCq2fW66MNtdtDOaEidUHSpDX-1.jpg","type":"image\/jpeg"}],"twitter_card":"summary_large_image","schema":{"@context":"https:\/\/schema.org","@graph":[{"@type":["WebPage","ItemPage"],"@id":"https:\/\/vmsport.fi\/verkkokauppa\/tarvikkeet\/valaisimet-ja-osat\/etuvalot\/bontrager-bontrager-ion-elite-r-front-bike-light\/","url":"https:\/\/vmsport.fi\/verkkokauppa\/tarvikkeet\/valaisimet-ja-osat\/etuvalot\/bontrager-bontrager-ion-elite-r-front-bike-light\/","name":"Bontrager Bontrager Ion Elite R fr\u00e4mre cykellampa - VM Sport","isPartOf":{"@id":"https:\/\/vmsport.fi\/#website"},"primaryImageOfPage":{"@id":"https:\/\/vmsport.fi\/verkkokauppa\/tarvikkeet\/valaisimet-ja-osat\/etuvalot\/bontrager-bontrager-ion-elite-r-front-bike-light\/#primaryimage"},"image":{"@id":"https:\/\/vmsport.fi\/verkkokauppa\/tarvikkeet\/valaisimet-ja-osat\/etuvalot\/bontrager-bontrager-ion-elite-r-front-bike-light\/#primaryimage"},"thumbnailUrl":"https:\/\/vmsport.fi\/wp-content\/uploads\/2025\/03\/vgWOL0SMgfDYqUqaiCHG32sxUfCq2fW66MNtdtDOaEidUHSpDX-1.jpg","datePublished":"2025-03-05T22:18:15+00:00","dateModified":"2026-04-22T12:08:28+00:00","breadcrumb":{"@id":"https:\/\/vmsport.fi\/verkkokauppa\/tarvikkeet\/valaisimet-ja-osat\/etuvalot\/bontrager-bontrager-ion-elite-r-front-bike-light\/#breadcrumb"},"inLanguage":"sv-SE","potentialAction":[{"@type":"ReadAction","target":["https:\/\/vmsport.fi\/verkkokauppa\/tarvikkeet\/valaisimet-ja-osat\/etuvalot\/bontrager-bontrager-ion-elite-r-front-bike-light\/"]}]},{"@type":"ImageObject","inLanguage":"sv-SE","@id":"https:\/\/vmsport.fi\/verkkokauppa\/tarvikkeet\/valaisimet-ja-osat\/etuvalot\/bontrager-bontrager-ion-elite-r-front-bike-light\/#primaryimage","url":"https:\/\/vmsport.fi\/wp-content\/uploads\/2025\/03\/vgWOL0SMgfDYqUqaiCHG32sxUfCq2fW66MNtdtDOaEidUHSpDX-1.jpg","contentUrl":"https:\/\/vmsport.fi\/wp-content\/uploads\/2025\/03\/vgWOL0SMgfDYqUqaiCHG32sxUfCq2fW66MNtdtDOaEidUHSpDX-1.jpg","width":1000,"height":750,"caption":"vgWOL0SMgfDYqUqaiCHG32sxUfCq2fW66MNtdtDOaEidUHSpDX"},{"@type":"BreadcrumbList","@id":"https:\/\/vmsport.fi\/verkkokauppa\/tarvikkeet\/valaisimet-ja-osat\/etuvalot\/bontrager-bontrager-ion-elite-r-front-bike-light\/#breadcrumb","itemListElement":[{"@type":"ListItem","position":1,"name":"Etusivu","item":"https:\/\/vmsport.fi\/"},{"@type":"ListItem","position":2,"name":"Online Store","item":"https:\/\/vmsport.fi\/en\/online-store\/"},{"@type":"ListItem","position":3,"name":"Bontrager Bontrager Ion Elite R Front Bike Light"}]},{"@type":"WebSite","@id":"https:\/\/vmsport.fi\/#website","url":"https:\/\/vmsport.fi\/","name":"Vmsport","description":"Allt p\u00e5 ett st\u00e4lle f\u00f6r cykling","publisher":{"@id":"https:\/\/vmsport.fi\/#organization"},"potentialAction":[{"@type":"SearchAction","target":{"@type":"EntryPoint","urlTemplate":"https:\/\/vmsport.fi\/?s={search_term_string}"},"query-input":{"@type":"PropertyValueSpecification","valueRequired":true,"valueName":"search_term_string"}}],"inLanguage":"sv-SE"},{"@type":"Organization","@id":"https:\/\/vmsport.fi\/#organization","name":"Vmsport","url":"https:\/\/vmsport.fi\/","logo":{"@type":"ImageObject","inLanguage":"sv-SE","@id":"https:\/\/vmsport.fi\/#\/schema\/logo\/image\/","url":"https:\/\/vmsport.fi\/wp-content\/uploads\/2024\/12\/vm_sport_RGB_horisontal-e1734526017575.png","contentUrl":"https:\/\/vmsport.fi\/wp-content\/uploads\/2024\/12\/vm_sport_RGB_horisontal-e1734526017575.png","width":668,"height":85,"caption":"Vmsport"},"image":{"@id":"https:\/\/vmsport.fi\/#\/schema\/logo\/image\/"},"sameAs":["https:\/\/www.facebook.com\/Vmsport.fi\/","https:\/\/www.instagram.com\/vmsport\/"]}]}},"global_unique_id":"","_links":{"self":[{"href":"https:\/\/vmsport.fi\/sv\/wp-json\/wp\/v2\/product\/56300","targetHints":{"allow":["GET"]}}],"collection":[{"href":"https:\/\/vmsport.fi\/sv\/wp-json\/wp\/v2\/product"}],"about":[{"href":"https:\/\/vmsport.fi\/sv\/wp-json\/wp\/v2\/types\/product"}],"replies":[{"embeddable":true,"href":"https:\/\/vmsport.fi\/sv\/wp-json\/wp\/v2\/comments?post=56300"}],"wp:featuredmedia":[{"embeddable":true,"href":"https:\/\/vmsport.fi\/sv\/wp-json\/wp\/v2\/media\/56294"}],"wp:attachment":[{"href":"https:\/\/vmsport.fi\/sv\/wp-json\/wp\/v2\/media?parent=56300"}],"wp:term":[{"taxonomy":"product_brand","embeddable":true,"href":"https:\/\/vmsport.fi\/sv\/wp-json\/wp\/v2\/product_brand?post=56300"},{"taxonomy":"product_model","embeddable":true,"href":"https:\/\/vmsport.fi\/sv\/wp-json\/wp\/v2\/product_model?post=56300"},{"taxonomy":"product_cat","embeddable":true,"href":"https:\/\/vmsport.fi\/sv\/wp-json\/wp\/v2\/product_cat?post=56300"},{"taxonomy":"product_tag","embeddable":true,"href":"https:\/\/vmsport.fi\/sv\/wp-json\/wp\/v2\/product_tag?post=56300"},{"taxonomy":"industry_terminology","embeddable":true,"href":"https:\/\/vmsport.fi\/sv\/wp-json\/wp\/v2\/industry-terminology?post=56300"}],"curies":[{"name":"wp","href":"https:\/\/api.w.org\/{rel}","templated":true}]}}