{"id":56291,"date":"2025-03-06T00:18:09","date_gmt":"2025-03-05T22:18:09","guid":{"rendered":"https:\/\/vmsport.fi\/verkkokauppa\/Ei-luokiteltu\/pumppu-bontrager-charger\/"},"modified":"2026-03-13T02:00:14","modified_gmt":"2026-03-13T00:00:14","slug":"pump-bontrager-laddare","status":"publish","type":"product","link":"https:\/\/vmsport.fi\/sv\/verkkokauppa\/tarvikkeet\/pumput\/jalkapumput\/pumppu-bontrager-charger\/","title":{"rendered":"Pump Bontrager laddare"},"content":{"rendered":"<p>Bontrager Charger Euro-pumpen \u00e4r en p\u00e5litlig och effektiv l\u00f6sning f\u00f6r pumpning av cykeld\u00e4ck. Den h\u00e4r svarta golvmonterade pumpen \u00e4r stabil och enkel att hantera f\u00f6r alla anv\u00e4ndare. Den manuella man\u00f6vreringen g\u00f6r pumpen s\u00e4rskilt anv\u00e4ndarv\u00e4nlig och den uppdaterade modellen \u00e4r utformad f\u00f6r att klara l\u00e5ngvarig anv\u00e4ndning. Bontrager Charger kombinerar robust konstruktion med utm\u00e4rkt prestanda, vilket g\u00f6r den till det perfekta valet f\u00f6r alla cyklister.<\/p>","protected":false},"excerpt":{"rendered":"<p>Bontrager Charger Euro -pumppu tarjoaa luotettavan ja tehokkaan ratkaisun polkupy\u00f6r\u00e4n renkaiden t\u00e4ytt\u00e4miseen. T\u00e4m\u00e4 musta lattiamallinen pumppu takaa vakaan ja helpon k\u00e4sittelyn jokaiselle k\u00e4ytt\u00e4j\u00e4lle. Manuaalista k\u00e4ytt\u00f6\u00e4 helpottava muotoilu tekee pumpusta erityisen k\u00e4ytt\u00e4j\u00e4yst\u00e4v\u00e4llisen, ja sen p\u00e4ivitetty malli on suunniteltu kest\u00e4m\u00e4\u00e4n pitk\u00e4aikaista k\u00e4ytt\u00f6\u00e4. Bontrager Charger yhdist\u00e4\u00e4 tukevan rakenteen ja erinomaisen suorituskyvyn, mik\u00e4 tekee siit\u00e4 ihanteellisen valinnan kaikille py\u00f6r\u00e4ilij\u00f6ille. [&#8230;]<\/p>\n<p><a class=\"btn btn-secondary understrap-read-more-link\" href=\"https:\/\/vmsport.fi\/sv\/verkkokauppa\/tarvikkeet\/pumput\/jalkapumput\/pumppu-bontrager-charger\/\">L\u00e4s mer \u2026<span class=\"screen-reader-text\"> from Pumppu Bontrager Charger<\/span><\/a><\/p>\n","protected":false},"featured_media":56288,"comment_status":"open","ping_status":"closed","template":"","meta":{"_acf_changed":false,"_improvement_type_select":"improve_an_existing","_thumb_yes_seoaic":false,"_frame_yes_seoaic":false,"seoaic_generate_description":"","seoaic_improve_instructions_prompt":"","seoaic_rollback_content_improvement":"","seoaic_idea_thumbnail_generator":"","thumbnail_generated":false,"thumbnail_generate_prompt":"","seoaic_article_description":"","_supplier_stock_quantity":0},"product_brand":[],"product_model":[],"product_cat":[9580],"product_tag":[],"industry-terminology":[],"class_list":{"0":"post-56291","1":"product","2":"type-product","3":"status-publish","4":"has-post-thumbnail","6":"product_cat-jalkapumput","8":"first","9":"instock","10":"taxable","11":"shipping-taxable","12":"purchasable","13":"product-type-simple"},"acf":{"bike_features":null,"overview":{"copy_overview":null,"key_features":null,"statement":"","youtube_url":""}},"yoast_head":"<!-- This site is optimized with the Yoast SEO plugin v27.3 - https:\/\/yoast.com\/product\/yoast-seo-wordpress\/ -->\n<title>Pumppu Bontrager Charger - VM Sport<\/title>\n<meta name=\"robots\" content=\"index, follow, max-snippet:-1, max-image-preview:large, max-video-preview:-1\" \/>\n<link rel=\"canonical\" href=\"https:\/\/vmsport.fi\/sv\/webbutik\/tillbehor\/pumpar\/fotpumpar\/pump-bontrager-laddare\/\" \/>\n<meta property=\"og:locale\" content=\"sv_SE\" \/>\n<meta property=\"og:type\" content=\"article\" \/>\n<meta property=\"og:title\" content=\"Pumppu Bontrager Charger - VM Sport\" \/>\n<meta property=\"og:description\" content=\"Bontrager Charger Euro -pumppu tarjoaa luotettavan ja tehokkaan ratkaisun polkupy\u00f6r\u00e4n renkaiden t\u00e4ytt\u00e4miseen. T\u00e4m\u00e4 musta lattiamallinen pumppu takaa vakaan ja helpon k\u00e4sittelyn jokaiselle k\u00e4ytt\u00e4j\u00e4lle. Manuaalista k\u00e4ytt\u00f6\u00e4 helpottava muotoilu tekee pumpusta erityisen k\u00e4ytt\u00e4j\u00e4yst\u00e4v\u00e4llisen, ja sen p\u00e4ivitetty malli on suunniteltu kest\u00e4m\u00e4\u00e4n pitk\u00e4aikaista k\u00e4ytt\u00f6\u00e4. Bontrager Charger yhdist\u00e4\u00e4 tukevan rakenteen ja erinomaisen suorituskyvyn, mik\u00e4 tekee siit\u00e4 ihanteellisen valinnan kaikille py\u00f6r\u00e4ilij\u00f6ille. [...]L\u00e4s mer \u2026 from Pumppu Bontrager Charger\" \/>\n<meta property=\"og:url\" content=\"https:\/\/vmsport.fi\/sv\/webbutik\/tillbehor\/pumpar\/fotpumpar\/pump-bontrager-laddare\/\" \/>\n<meta property=\"og:site_name\" content=\"VM Sport\" \/>\n<meta property=\"article:publisher\" content=\"https:\/\/www.facebook.com\/Vmsport.fi\/\" \/>\n<meta property=\"article:modified_time\" content=\"2026-03-13T00:00:14+00:00\" \/>\n<meta property=\"og:image\" content=\"https:\/\/vmsport.fi\/wp-content\/uploads\/2025\/03\/f5722263-6115-4912-bc9b-1a65d532498b-1.jpg\" \/>\n\t<meta property=\"og:image:width\" content=\"239\" \/>\n\t<meta property=\"og:image:height\" content=\"800\" \/>\n\t<meta property=\"og:image:type\" content=\"image\/jpeg\" \/>\n<meta name=\"twitter:card\" content=\"summary_large_image\" \/>\n<script type=\"application\/ld+json\" class=\"yoast-schema-graph\">{\"@context\":\"https:\\\/\\\/schema.org\",\"@graph\":[{\"@type\":[\"WebPage\",\"ItemPage\"],\"@id\":\"https:\\\/\\\/vmsport.fi\\\/verkkokauppa\\\/tarvikkeet\\\/pumput\\\/jalkapumput\\\/pumppu-bontrager-charger\\\/\",\"url\":\"https:\\\/\\\/vmsport.fi\\\/verkkokauppa\\\/tarvikkeet\\\/pumput\\\/jalkapumput\\\/pumppu-bontrager-charger\\\/\",\"name\":\"Pumppu Bontrager Charger - VM Sport\",\"isPartOf\":{\"@id\":\"https:\\\/\\\/vmsport.fi\\\/#website\"},\"primaryImageOfPage\":{\"@id\":\"https:\\\/\\\/vmsport.fi\\\/verkkokauppa\\\/tarvikkeet\\\/pumput\\\/jalkapumput\\\/pumppu-bontrager-charger\\\/#primaryimage\"},\"image\":{\"@id\":\"https:\\\/\\\/vmsport.fi\\\/verkkokauppa\\\/tarvikkeet\\\/pumput\\\/jalkapumput\\\/pumppu-bontrager-charger\\\/#primaryimage\"},\"thumbnailUrl\":\"https:\\\/\\\/vmsport.fi\\\/wp-content\\\/uploads\\\/2025\\\/03\\\/f5722263-6115-4912-bc9b-1a65d532498b-1.jpg\",\"datePublished\":\"2025-03-05T22:18:09+00:00\",\"dateModified\":\"2026-03-13T00:00:14+00:00\",\"breadcrumb\":{\"@id\":\"https:\\\/\\\/vmsport.fi\\\/verkkokauppa\\\/tarvikkeet\\\/pumput\\\/jalkapumput\\\/pumppu-bontrager-charger\\\/#breadcrumb\"},\"inLanguage\":\"sv-SE\",\"potentialAction\":[{\"@type\":\"ReadAction\",\"target\":[\"https:\\\/\\\/vmsport.fi\\\/verkkokauppa\\\/tarvikkeet\\\/pumput\\\/jalkapumput\\\/pumppu-bontrager-charger\\\/\"]}]},{\"@type\":\"ImageObject\",\"inLanguage\":\"sv-SE\",\"@id\":\"https:\\\/\\\/vmsport.fi\\\/verkkokauppa\\\/tarvikkeet\\\/pumput\\\/jalkapumput\\\/pumppu-bontrager-charger\\\/#primaryimage\",\"url\":\"https:\\\/\\\/vmsport.fi\\\/wp-content\\\/uploads\\\/2025\\\/03\\\/f5722263-6115-4912-bc9b-1a65d532498b-1.jpg\",\"contentUrl\":\"https:\\\/\\\/vmsport.fi\\\/wp-content\\\/uploads\\\/2025\\\/03\\\/f5722263-6115-4912-bc9b-1a65d532498b-1.jpg\",\"width\":239,\"height\":800,\"caption\":\"f5722263-6115-4912-bc9b-1a65d532498b\"},{\"@type\":\"BreadcrumbList\",\"@id\":\"https:\\\/\\\/vmsport.fi\\\/verkkokauppa\\\/tarvikkeet\\\/pumput\\\/jalkapumput\\\/pumppu-bontrager-charger\\\/#breadcrumb\",\"itemListElement\":[{\"@type\":\"ListItem\",\"position\":1,\"name\":\"Etusivu\",\"item\":\"https:\\\/\\\/vmsport.fi\\\/\"},{\"@type\":\"ListItem\",\"position\":2,\"name\":\"Online Store\",\"item\":\"https:\\\/\\\/vmsport.fi\\\/en\\\/online-store\\\/\"},{\"@type\":\"ListItem\",\"position\":3,\"name\":\"Pumppu Bontrager Charger\"}]},{\"@type\":\"WebSite\",\"@id\":\"https:\\\/\\\/vmsport.fi\\\/#website\",\"url\":\"https:\\\/\\\/vmsport.fi\\\/\",\"name\":\"Vmsport\",\"description\":\"Kaikki py\u00f6r\u00e4ilyyn yhdest\u00e4 paikasta\",\"publisher\":{\"@id\":\"https:\\\/\\\/vmsport.fi\\\/#organization\"},\"potentialAction\":[{\"@type\":\"SearchAction\",\"target\":{\"@type\":\"EntryPoint\",\"urlTemplate\":\"https:\\\/\\\/vmsport.fi\\\/?s={search_term_string}\"},\"query-input\":{\"@type\":\"PropertyValueSpecification\",\"valueRequired\":true,\"valueName\":\"search_term_string\"}}],\"inLanguage\":\"sv-SE\"},{\"@type\":\"Organization\",\"@id\":\"https:\\\/\\\/vmsport.fi\\\/#organization\",\"name\":\"Vmsport\",\"url\":\"https:\\\/\\\/vmsport.fi\\\/\",\"logo\":{\"@type\":\"ImageObject\",\"inLanguage\":\"sv-SE\",\"@id\":\"https:\\\/\\\/vmsport.fi\\\/#\\\/schema\\\/logo\\\/image\\\/\",\"url\":\"https:\\\/\\\/vmsport.fi\\\/wp-content\\\/uploads\\\/2024\\\/12\\\/vm_sport_RGB_horisontal-e1734526017575.png\",\"contentUrl\":\"https:\\\/\\\/vmsport.fi\\\/wp-content\\\/uploads\\\/2024\\\/12\\\/vm_sport_RGB_horisontal-e1734526017575.png\",\"width\":668,\"height\":85,\"caption\":\"Vmsport\"},\"image\":{\"@id\":\"https:\\\/\\\/vmsport.fi\\\/#\\\/schema\\\/logo\\\/image\\\/\"},\"sameAs\":[\"https:\\\/\\\/www.facebook.com\\\/Vmsport.fi\\\/\",\"https:\\\/\\\/www.instagram.com\\\/vmsport\\\/\"]}]}<\/script>\n<!-- \/ Yoast SEO plugin. -->","yoast_head_json":{"title":"Pump Bontrager Charger - VM Sport","robots":{"index":"index","follow":"follow","max-snippet":"max-snippet:-1","max-image-preview":"max-image-preview:large","max-video-preview":"max-video-preview:-1"},"canonical":"https:\/\/vmsport.fi\/sv\/webbutik\/tillbehor\/pumpar\/fotpumpar\/pump-bontrager-laddare\/","og_locale":"sv_SE","og_type":"article","og_title":"Pumppu Bontrager Charger - VM Sport","og_description":"Bontrager Charger Euro -pumppu tarjoaa luotettavan ja tehokkaan ratkaisun polkupy\u00f6r\u00e4n renkaiden t\u00e4ytt\u00e4miseen. T\u00e4m\u00e4 musta lattiamallinen pumppu takaa vakaan ja helpon k\u00e4sittelyn jokaiselle k\u00e4ytt\u00e4j\u00e4lle. Manuaalista k\u00e4ytt\u00f6\u00e4 helpottava muotoilu tekee pumpusta erityisen k\u00e4ytt\u00e4j\u00e4yst\u00e4v\u00e4llisen, ja sen p\u00e4ivitetty malli on suunniteltu kest\u00e4m\u00e4\u00e4n pitk\u00e4aikaista k\u00e4ytt\u00f6\u00e4. Bontrager Charger yhdist\u00e4\u00e4 tukevan rakenteen ja erinomaisen suorituskyvyn, mik\u00e4 tekee siit\u00e4 ihanteellisen valinnan kaikille py\u00f6r\u00e4ilij\u00f6ille. [...]L\u00e4s mer \u2026 from Pumppu Bontrager Charger","og_url":"https:\/\/vmsport.fi\/sv\/webbutik\/tillbehor\/pumpar\/fotpumpar\/pump-bontrager-laddare\/","og_site_name":"VM Sport","article_publisher":"https:\/\/www.facebook.com\/Vmsport.fi\/","article_modified_time":"2026-03-13T00:00:14+00:00","og_image":[{"width":239,"height":800,"url":"https:\/\/vmsport.fi\/wp-content\/uploads\/2025\/03\/f5722263-6115-4912-bc9b-1a65d532498b-1.jpg","type":"image\/jpeg"}],"twitter_card":"summary_large_image","schema":{"@context":"https:\/\/schema.org","@graph":[{"@type":["WebPage","ItemPage"],"@id":"https:\/\/vmsport.fi\/verkkokauppa\/tarvikkeet\/pumput\/jalkapumput\/pumppu-bontrager-charger\/","url":"https:\/\/vmsport.fi\/verkkokauppa\/tarvikkeet\/pumput\/jalkapumput\/pumppu-bontrager-charger\/","name":"Pump Bontrager Charger - VM Sport","isPartOf":{"@id":"https:\/\/vmsport.fi\/#website"},"primaryImageOfPage":{"@id":"https:\/\/vmsport.fi\/verkkokauppa\/tarvikkeet\/pumput\/jalkapumput\/pumppu-bontrager-charger\/#primaryimage"},"image":{"@id":"https:\/\/vmsport.fi\/verkkokauppa\/tarvikkeet\/pumput\/jalkapumput\/pumppu-bontrager-charger\/#primaryimage"},"thumbnailUrl":"https:\/\/vmsport.fi\/wp-content\/uploads\/2025\/03\/f5722263-6115-4912-bc9b-1a65d532498b-1.jpg","datePublished":"2025-03-05T22:18:09+00:00","dateModified":"2026-03-13T00:00:14+00:00","breadcrumb":{"@id":"https:\/\/vmsport.fi\/verkkokauppa\/tarvikkeet\/pumput\/jalkapumput\/pumppu-bontrager-charger\/#breadcrumb"},"inLanguage":"sv-SE","potentialAction":[{"@type":"ReadAction","target":["https:\/\/vmsport.fi\/verkkokauppa\/tarvikkeet\/pumput\/jalkapumput\/pumppu-bontrager-charger\/"]}]},{"@type":"ImageObject","inLanguage":"sv-SE","@id":"https:\/\/vmsport.fi\/verkkokauppa\/tarvikkeet\/pumput\/jalkapumput\/pumppu-bontrager-charger\/#primaryimage","url":"https:\/\/vmsport.fi\/wp-content\/uploads\/2025\/03\/f5722263-6115-4912-bc9b-1a65d532498b-1.jpg","contentUrl":"https:\/\/vmsport.fi\/wp-content\/uploads\/2025\/03\/f5722263-6115-4912-bc9b-1a65d532498b-1.jpg","width":239,"height":800,"caption":"f5722263-6115-4912-bc9b-1a65d532498b"},{"@type":"BreadcrumbList","@id":"https:\/\/vmsport.fi\/verkkokauppa\/tarvikkeet\/pumput\/jalkapumput\/pumppu-bontrager-charger\/#breadcrumb","itemListElement":[{"@type":"ListItem","position":1,"name":"Etusivu","item":"https:\/\/vmsport.fi\/"},{"@type":"ListItem","position":2,"name":"Online Store","item":"https:\/\/vmsport.fi\/en\/online-store\/"},{"@type":"ListItem","position":3,"name":"Pumppu Bontrager Charger"}]},{"@type":"WebSite","@id":"https:\/\/vmsport.fi\/#website","url":"https:\/\/vmsport.fi\/","name":"Vmsport","description":"Allt p\u00e5 ett st\u00e4lle f\u00f6r cykling","publisher":{"@id":"https:\/\/vmsport.fi\/#organization"},"potentialAction":[{"@type":"SearchAction","target":{"@type":"EntryPoint","urlTemplate":"https:\/\/vmsport.fi\/?s={search_term_string}"},"query-input":{"@type":"PropertyValueSpecification","valueRequired":true,"valueName":"search_term_string"}}],"inLanguage":"sv-SE"},{"@type":"Organization","@id":"https:\/\/vmsport.fi\/#organization","name":"Vmsport","url":"https:\/\/vmsport.fi\/","logo":{"@type":"ImageObject","inLanguage":"sv-SE","@id":"https:\/\/vmsport.fi\/#\/schema\/logo\/image\/","url":"https:\/\/vmsport.fi\/wp-content\/uploads\/2024\/12\/vm_sport_RGB_horisontal-e1734526017575.png","contentUrl":"https:\/\/vmsport.fi\/wp-content\/uploads\/2024\/12\/vm_sport_RGB_horisontal-e1734526017575.png","width":668,"height":85,"caption":"Vmsport"},"image":{"@id":"https:\/\/vmsport.fi\/#\/schema\/logo\/image\/"},"sameAs":["https:\/\/www.facebook.com\/Vmsport.fi\/","https:\/\/www.instagram.com\/vmsport\/"]}]}},"global_unique_id":"","_links":{"self":[{"href":"https:\/\/vmsport.fi\/sv\/wp-json\/wp\/v2\/product\/56291","targetHints":{"allow":["GET"]}}],"collection":[{"href":"https:\/\/vmsport.fi\/sv\/wp-json\/wp\/v2\/product"}],"about":[{"href":"https:\/\/vmsport.fi\/sv\/wp-json\/wp\/v2\/types\/product"}],"replies":[{"embeddable":true,"href":"https:\/\/vmsport.fi\/sv\/wp-json\/wp\/v2\/comments?post=56291"}],"wp:featuredmedia":[{"embeddable":true,"href":"https:\/\/vmsport.fi\/sv\/wp-json\/wp\/v2\/media\/56288"}],"wp:attachment":[{"href":"https:\/\/vmsport.fi\/sv\/wp-json\/wp\/v2\/media?parent=56291"}],"wp:term":[{"taxonomy":"product_brand","embeddable":true,"href":"https:\/\/vmsport.fi\/sv\/wp-json\/wp\/v2\/product_brand?post=56291"},{"taxonomy":"product_model","embeddable":true,"href":"https:\/\/vmsport.fi\/sv\/wp-json\/wp\/v2\/product_model?post=56291"},{"taxonomy":"product_cat","embeddable":true,"href":"https:\/\/vmsport.fi\/sv\/wp-json\/wp\/v2\/product_cat?post=56291"},{"taxonomy":"product_tag","embeddable":true,"href":"https:\/\/vmsport.fi\/sv\/wp-json\/wp\/v2\/product_tag?post=56291"},{"taxonomy":"industry_terminology","embeddable":true,"href":"https:\/\/vmsport.fi\/sv\/wp-json\/wp\/v2\/industry-terminology?post=56291"}],"curies":[{"name":"wp","href":"https:\/\/api.w.org\/{rel}","templated":true}]}}