{"id":56284,"date":"2025-03-06T00:18:06","date_gmt":"2025-03-05T22:18:06","guid":{"rendered":"https:\/\/vmsport.fi\/verkkokauppa\/Ei-luokiteltu\/thule-12x175-maxle-lastenkuljetusperakarryn-lapiakseliadapteri-192-198mm\/"},"modified":"2026-01-16T13:22:03","modified_gmt":"2026-01-16T11:22:03","slug":"thule-12x175-maxle-lastenkuljetusperakarryn-lapiakseliadapteri-192-198mm","status":"publish","type":"product","link":"https:\/\/vmsport.fi\/sv\/verkkokauppa\/tarvikkeet\/muut-oheistuotteet\/lastenistuimet-ja-vaunut\/thule-12x175-maxle-lastenkuljetusperakarryn-lapiakseliadapteri-192-198mm\/","title":{"rendered":"THULE 12\u00d71,75 Maxle adapter f\u00f6r genomg\u00e5ende axel 192\/198 mm f\u00f6r lastvagnar"},"content":{"rendered":"<p>Thule 12&#215;1,75 Maxle -l\u00e4piakseliadapteri on erityisesti suunniteltu mahdollistamaan lastenkuljetusper\u00e4k\u00e4rryjen turvallinen kiinnitys polkupy\u00f6riin, joissa on 12 mm Maxle Lite ja Trek ABP -takakselit. T\u00e4m\u00e4 adapteri sopii yhteen useiden Thule-merkkisten per\u00e4k\u00e4rrymallien kanssa, kuten Cadence, Chariot Cab ja Coaster XT. Asennus tapahtuu helposti mukana toimitettavan mutterikiinnityksen avulla. Adapterissa k\u00e4ytetty M12x1,75-kierre varmistaa luotettavan ja tukevan liitoksen py\u00f6r\u00e4n ja per\u00e4k\u00e4rryn v\u00e4lill\u00e4, varmistaen turvallisen kyydin sek\u00e4 lapsille ett\u00e4 muille kuljetettaville tavaroille.<\/p>","protected":false},"excerpt":{"rendered":"<p>Thule 12&#215;1,75 Maxle -l\u00e4piakseliadapteri on erityisesti suunniteltu mahdollistamaan lastenkuljetusper\u00e4k\u00e4rryjen turvallinen kiinnitys polkupy\u00f6riin, joissa on 12 mm Maxle Lite ja Trek ABP -takakselit. T\u00e4m\u00e4 adapteri sopii yhteen useiden Thule-merkkisten per\u00e4k\u00e4rrymallien kanssa, kuten Cadence, Chariot Cab ja Coaster XT. Asennus tapahtuu helposti mukana toimitettavan mutterikiinnityksen avulla. Adapterissa k\u00e4ytetty M12x1,75-kierre varmistaa luotettavan ja tukevan liitoksen py\u00f6r\u00e4n ja per\u00e4k\u00e4rryn [&#8230;]<\/p>\n<p><a class=\"btn btn-secondary understrap-read-more-link\" href=\"https:\/\/vmsport.fi\/sv\/verkkokauppa\/tarvikkeet\/muut-oheistuotteet\/lastenistuimet-ja-vaunut\/thule-12x175-maxle-lastenkuljetusperakarryn-lapiakseliadapteri-192-198mm\/\">L\u00e4s mer \u2026<span class=\"screen-reader-text\"> from THULE 12&#215;1,75 Maxle -lastenkuljetusper\u00e4k\u00e4rryn l\u00e4piakseliadapteri 192\/198mm<\/span><\/a><\/p>\n","protected":false},"featured_media":56283,"comment_status":"open","ping_status":"closed","template":"","meta":{"_acf_changed":false,"_improvement_type_select":"improve_an_existing","_thumb_yes_seoaic":false,"_frame_yes_seoaic":false,"seoaic_generate_description":"","seoaic_improve_instructions_prompt":"","seoaic_rollback_content_improvement":"","seoaic_idea_thumbnail_generator":"","thumbnail_generated":false,"thumbnail_generate_prompt":"","seoaic_article_description":"","_supplier_stock_quantity":0},"product_brand":[],"product_model":[],"product_cat":[9602],"product_tag":[],"industry-terminology":[],"class_list":{"0":"post-56284","1":"product","2":"type-product","3":"status-publish","4":"has-post-thumbnail","6":"product_cat-lastenistuimet-ja-vaunut","8":"first","9":"instock","10":"taxable","11":"shipping-taxable","12":"purchasable","13":"product-type-simple"},"acf":{"bike_features":null,"overview":{"copy_overview":null,"key_features":null,"statement":"","youtube_url":""}},"yoast_head":"<!-- This site is optimized with the Yoast SEO plugin v27.4 - https:\/\/yoast.com\/product\/yoast-seo-wordpress\/ -->\n<title>THULE 12x1,75 Maxle -lastenkuljetusper\u00e4k\u00e4rryn l\u00e4piakseliadapteri 192\/198mm - VM Sport<\/title>\n<meta name=\"robots\" content=\"index, follow, max-snippet:-1, max-image-preview:large, max-video-preview:-1\" \/>\n<link rel=\"canonical\" href=\"https:\/\/vmsport.fi\/sv\/webbutik\/tillbehor\/andra-kompletterande-produkter\/barnstolar-och-barnvagnar\/thule-12x175-maxle-lastenkuljetusperakarryn-lapiakseliadapteri-192-198mm\/\" \/>\n<meta property=\"og:locale\" content=\"sv_SE\" \/>\n<meta property=\"og:type\" content=\"article\" \/>\n<meta property=\"og:title\" content=\"THULE 12x1,75 Maxle -lastenkuljetusper\u00e4k\u00e4rryn l\u00e4piakseliadapteri 192\/198mm - VM Sport\" \/>\n<meta property=\"og:description\" content=\"Thule 12&#215;1,75 Maxle -l\u00e4piakseliadapteri on erityisesti suunniteltu mahdollistamaan lastenkuljetusper\u00e4k\u00e4rryjen turvallinen kiinnitys polkupy\u00f6riin, joissa on 12 mm Maxle Lite ja Trek ABP -takakselit. T\u00e4m\u00e4 adapteri sopii yhteen useiden Thule-merkkisten per\u00e4k\u00e4rrymallien kanssa, kuten Cadence, Chariot Cab ja Coaster XT. Asennus tapahtuu helposti mukana toimitettavan mutterikiinnityksen avulla. Adapterissa k\u00e4ytetty M12x1,75-kierre varmistaa luotettavan ja tukevan liitoksen py\u00f6r\u00e4n ja per\u00e4k\u00e4rryn [...]L\u00e4s mer \u2026 from THULE 12&#215;1,75 Maxle -lastenkuljetusper\u00e4k\u00e4rryn l\u00e4piakseliadapteri 192\/198mm\" \/>\n<meta property=\"og:url\" content=\"https:\/\/vmsport.fi\/sv\/webbutik\/tillbehor\/andra-kompletterande-produkter\/barnstolar-och-barnvagnar\/thule-12x175-maxle-lastenkuljetusperakarryn-lapiakseliadapteri-192-198mm\/\" \/>\n<meta property=\"og:site_name\" content=\"VM Sport\" \/>\n<meta property=\"article:publisher\" content=\"https:\/\/www.facebook.com\/Vmsport.fi\/\" \/>\n<meta property=\"article:modified_time\" content=\"2026-01-16T11:22:03+00:00\" \/>\n<meta property=\"og:image\" content=\"https:\/\/vmsport.fi\/wp-content\/uploads\/2025\/03\/thuleakseli-2-1.jpg\" \/>\n\t<meta property=\"og:image:width\" content=\"900\" \/>\n\t<meta property=\"og:image:height\" content=\"595\" \/>\n\t<meta property=\"og:image:type\" content=\"image\/jpeg\" \/>\n<meta name=\"twitter:card\" content=\"summary_large_image\" \/>\n<script type=\"application\/ld+json\" class=\"yoast-schema-graph\">{\"@context\":\"https:\\\/\\\/schema.org\",\"@graph\":[{\"@type\":[\"WebPage\",\"ItemPage\"],\"@id\":\"https:\\\/\\\/vmsport.fi\\\/verkkokauppa\\\/tarvikkeet\\\/muut-oheistuotteet\\\/lastenistuimet-ja-vaunut\\\/thule-12x175-maxle-lastenkuljetusperakarryn-lapiakseliadapteri-192-198mm\\\/\",\"url\":\"https:\\\/\\\/vmsport.fi\\\/verkkokauppa\\\/tarvikkeet\\\/muut-oheistuotteet\\\/lastenistuimet-ja-vaunut\\\/thule-12x175-maxle-lastenkuljetusperakarryn-lapiakseliadapteri-192-198mm\\\/\",\"name\":\"THULE 12x1,75 Maxle -lastenkuljetusper\u00e4k\u00e4rryn l\u00e4piakseliadapteri 192\\\/198mm - VM Sport\",\"isPartOf\":{\"@id\":\"https:\\\/\\\/vmsport.fi\\\/#website\"},\"primaryImageOfPage\":{\"@id\":\"https:\\\/\\\/vmsport.fi\\\/verkkokauppa\\\/tarvikkeet\\\/muut-oheistuotteet\\\/lastenistuimet-ja-vaunut\\\/thule-12x175-maxle-lastenkuljetusperakarryn-lapiakseliadapteri-192-198mm\\\/#primaryimage\"},\"image\":{\"@id\":\"https:\\\/\\\/vmsport.fi\\\/verkkokauppa\\\/tarvikkeet\\\/muut-oheistuotteet\\\/lastenistuimet-ja-vaunut\\\/thule-12x175-maxle-lastenkuljetusperakarryn-lapiakseliadapteri-192-198mm\\\/#primaryimage\"},\"thumbnailUrl\":\"https:\\\/\\\/vmsport.fi\\\/wp-content\\\/uploads\\\/2025\\\/03\\\/thuleakseli-2-1.jpg\",\"datePublished\":\"2025-03-05T22:18:06+00:00\",\"dateModified\":\"2026-01-16T11:22:03+00:00\",\"breadcrumb\":{\"@id\":\"https:\\\/\\\/vmsport.fi\\\/verkkokauppa\\\/tarvikkeet\\\/muut-oheistuotteet\\\/lastenistuimet-ja-vaunut\\\/thule-12x175-maxle-lastenkuljetusperakarryn-lapiakseliadapteri-192-198mm\\\/#breadcrumb\"},\"inLanguage\":\"sv-SE\",\"potentialAction\":[{\"@type\":\"ReadAction\",\"target\":[\"https:\\\/\\\/vmsport.fi\\\/verkkokauppa\\\/tarvikkeet\\\/muut-oheistuotteet\\\/lastenistuimet-ja-vaunut\\\/thule-12x175-maxle-lastenkuljetusperakarryn-lapiakseliadapteri-192-198mm\\\/\"]}]},{\"@type\":\"ImageObject\",\"inLanguage\":\"sv-SE\",\"@id\":\"https:\\\/\\\/vmsport.fi\\\/verkkokauppa\\\/tarvikkeet\\\/muut-oheistuotteet\\\/lastenistuimet-ja-vaunut\\\/thule-12x175-maxle-lastenkuljetusperakarryn-lapiakseliadapteri-192-198mm\\\/#primaryimage\",\"url\":\"https:\\\/\\\/vmsport.fi\\\/wp-content\\\/uploads\\\/2025\\\/03\\\/thuleakseli-2-1.jpg\",\"contentUrl\":\"https:\\\/\\\/vmsport.fi\\\/wp-content\\\/uploads\\\/2025\\\/03\\\/thuleakseli-2-1.jpg\",\"width\":900,\"height\":595,\"caption\":\"thuleakseli-2\"},{\"@type\":\"BreadcrumbList\",\"@id\":\"https:\\\/\\\/vmsport.fi\\\/verkkokauppa\\\/tarvikkeet\\\/muut-oheistuotteet\\\/lastenistuimet-ja-vaunut\\\/thule-12x175-maxle-lastenkuljetusperakarryn-lapiakseliadapteri-192-198mm\\\/#breadcrumb\",\"itemListElement\":[{\"@type\":\"ListItem\",\"position\":1,\"name\":\"Etusivu\",\"item\":\"https:\\\/\\\/vmsport.fi\\\/\"},{\"@type\":\"ListItem\",\"position\":2,\"name\":\"Online Store\",\"item\":\"https:\\\/\\\/vmsport.fi\\\/en\\\/online-store\\\/\"},{\"@type\":\"ListItem\",\"position\":3,\"name\":\"THULE 12&#215;1,75 Maxle -lastenkuljetusper\u00e4k\u00e4rryn l\u00e4piakseliadapteri 192\\\/198mm\"}]},{\"@type\":\"WebSite\",\"@id\":\"https:\\\/\\\/vmsport.fi\\\/#website\",\"url\":\"https:\\\/\\\/vmsport.fi\\\/\",\"name\":\"Vmsport\",\"description\":\"Kaikki py\u00f6r\u00e4ilyyn yhdest\u00e4 paikasta\",\"publisher\":{\"@id\":\"https:\\\/\\\/vmsport.fi\\\/#organization\"},\"potentialAction\":[{\"@type\":\"SearchAction\",\"target\":{\"@type\":\"EntryPoint\",\"urlTemplate\":\"https:\\\/\\\/vmsport.fi\\\/?s={search_term_string}\"},\"query-input\":{\"@type\":\"PropertyValueSpecification\",\"valueRequired\":true,\"valueName\":\"search_term_string\"}}],\"inLanguage\":\"sv-SE\"},{\"@type\":\"Organization\",\"@id\":\"https:\\\/\\\/vmsport.fi\\\/#organization\",\"name\":\"Vmsport\",\"url\":\"https:\\\/\\\/vmsport.fi\\\/\",\"logo\":{\"@type\":\"ImageObject\",\"inLanguage\":\"sv-SE\",\"@id\":\"https:\\\/\\\/vmsport.fi\\\/#\\\/schema\\\/logo\\\/image\\\/\",\"url\":\"https:\\\/\\\/vmsport.fi\\\/wp-content\\\/uploads\\\/2024\\\/12\\\/vm_sport_RGB_horisontal-e1734526017575.png\",\"contentUrl\":\"https:\\\/\\\/vmsport.fi\\\/wp-content\\\/uploads\\\/2024\\\/12\\\/vm_sport_RGB_horisontal-e1734526017575.png\",\"width\":668,\"height\":85,\"caption\":\"Vmsport\"},\"image\":{\"@id\":\"https:\\\/\\\/vmsport.fi\\\/#\\\/schema\\\/logo\\\/image\\\/\"},\"sameAs\":[\"https:\\\/\\\/www.facebook.com\\\/Vmsport.fi\\\/\",\"https:\\\/\\\/www.instagram.com\\\/vmsport\\\/\"]}]}<\/script>\n<!-- \/ Yoast SEO plugin. -->","yoast_head_json":{"title":"THULE 12x1,75 Maxle -lastenkuljetusper\u00e4k\u00e4rryn l\u00e4piakseliadapteri 192\/198mm - VM Sport","robots":{"index":"index","follow":"follow","max-snippet":"max-snippet:-1","max-image-preview":"max-image-preview:large","max-video-preview":"max-video-preview:-1"},"canonical":"https:\/\/vmsport.fi\/sv\/webbutik\/tillbehor\/andra-kompletterande-produkter\/barnstolar-och-barnvagnar\/thule-12x175-maxle-lastenkuljetusperakarryn-lapiakseliadapteri-192-198mm\/","og_locale":"sv_SE","og_type":"article","og_title":"THULE 12x1,75 Maxle -lastenkuljetusper\u00e4k\u00e4rryn l\u00e4piakseliadapteri 192\/198mm - VM Sport","og_description":"Thule 12&#215;1,75 Maxle -l\u00e4piakseliadapteri on erityisesti suunniteltu mahdollistamaan lastenkuljetusper\u00e4k\u00e4rryjen turvallinen kiinnitys polkupy\u00f6riin, joissa on 12 mm Maxle Lite ja Trek ABP -takakselit. T\u00e4m\u00e4 adapteri sopii yhteen useiden Thule-merkkisten per\u00e4k\u00e4rrymallien kanssa, kuten Cadence, Chariot Cab ja Coaster XT. Asennus tapahtuu helposti mukana toimitettavan mutterikiinnityksen avulla. Adapterissa k\u00e4ytetty M12x1,75-kierre varmistaa luotettavan ja tukevan liitoksen py\u00f6r\u00e4n ja per\u00e4k\u00e4rryn [...]L\u00e4s mer \u2026 from THULE 12&#215;1,75 Maxle -lastenkuljetusper\u00e4k\u00e4rryn l\u00e4piakseliadapteri 192\/198mm","og_url":"https:\/\/vmsport.fi\/sv\/webbutik\/tillbehor\/andra-kompletterande-produkter\/barnstolar-och-barnvagnar\/thule-12x175-maxle-lastenkuljetusperakarryn-lapiakseliadapteri-192-198mm\/","og_site_name":"VM Sport","article_publisher":"https:\/\/www.facebook.com\/Vmsport.fi\/","article_modified_time":"2026-01-16T11:22:03+00:00","og_image":[{"width":900,"height":595,"url":"https:\/\/vmsport.fi\/wp-content\/uploads\/2025\/03\/thuleakseli-2-1.jpg","type":"image\/jpeg"}],"twitter_card":"summary_large_image","schema":{"@context":"https:\/\/schema.org","@graph":[{"@type":["WebPage","ItemPage"],"@id":"https:\/\/vmsport.fi\/verkkokauppa\/tarvikkeet\/muut-oheistuotteet\/lastenistuimet-ja-vaunut\/thule-12x175-maxle-lastenkuljetusperakarryn-lapiakseliadapteri-192-198mm\/","url":"https:\/\/vmsport.fi\/verkkokauppa\/tarvikkeet\/muut-oheistuotteet\/lastenistuimet-ja-vaunut\/thule-12x175-maxle-lastenkuljetusperakarryn-lapiakseliadapteri-192-198mm\/","name":"THULE 12x1,75 Maxle -lastenkuljetusper\u00e4k\u00e4rryn l\u00e4piakseliadapteri 192\/198mm - VM Sport","isPartOf":{"@id":"https:\/\/vmsport.fi\/#website"},"primaryImageOfPage":{"@id":"https:\/\/vmsport.fi\/verkkokauppa\/tarvikkeet\/muut-oheistuotteet\/lastenistuimet-ja-vaunut\/thule-12x175-maxle-lastenkuljetusperakarryn-lapiakseliadapteri-192-198mm\/#primaryimage"},"image":{"@id":"https:\/\/vmsport.fi\/verkkokauppa\/tarvikkeet\/muut-oheistuotteet\/lastenistuimet-ja-vaunut\/thule-12x175-maxle-lastenkuljetusperakarryn-lapiakseliadapteri-192-198mm\/#primaryimage"},"thumbnailUrl":"https:\/\/vmsport.fi\/wp-content\/uploads\/2025\/03\/thuleakseli-2-1.jpg","datePublished":"2025-03-05T22:18:06+00:00","dateModified":"2026-01-16T11:22:03+00:00","breadcrumb":{"@id":"https:\/\/vmsport.fi\/verkkokauppa\/tarvikkeet\/muut-oheistuotteet\/lastenistuimet-ja-vaunut\/thule-12x175-maxle-lastenkuljetusperakarryn-lapiakseliadapteri-192-198mm\/#breadcrumb"},"inLanguage":"sv-SE","potentialAction":[{"@type":"ReadAction","target":["https:\/\/vmsport.fi\/verkkokauppa\/tarvikkeet\/muut-oheistuotteet\/lastenistuimet-ja-vaunut\/thule-12x175-maxle-lastenkuljetusperakarryn-lapiakseliadapteri-192-198mm\/"]}]},{"@type":"ImageObject","inLanguage":"sv-SE","@id":"https:\/\/vmsport.fi\/verkkokauppa\/tarvikkeet\/muut-oheistuotteet\/lastenistuimet-ja-vaunut\/thule-12x175-maxle-lastenkuljetusperakarryn-lapiakseliadapteri-192-198mm\/#primaryimage","url":"https:\/\/vmsport.fi\/wp-content\/uploads\/2025\/03\/thuleakseli-2-1.jpg","contentUrl":"https:\/\/vmsport.fi\/wp-content\/uploads\/2025\/03\/thuleakseli-2-1.jpg","width":900,"height":595,"caption":"thuleakseli-2"},{"@type":"BreadcrumbList","@id":"https:\/\/vmsport.fi\/verkkokauppa\/tarvikkeet\/muut-oheistuotteet\/lastenistuimet-ja-vaunut\/thule-12x175-maxle-lastenkuljetusperakarryn-lapiakseliadapteri-192-198mm\/#breadcrumb","itemListElement":[{"@type":"ListItem","position":1,"name":"Etusivu","item":"https:\/\/vmsport.fi\/"},{"@type":"ListItem","position":2,"name":"Online Store","item":"https:\/\/vmsport.fi\/en\/online-store\/"},{"@type":"ListItem","position":3,"name":"THULE 12&#215;1,75 Maxle -lastenkuljetusper\u00e4k\u00e4rryn l\u00e4piakseliadapteri 192\/198mm"}]},{"@type":"WebSite","@id":"https:\/\/vmsport.fi\/#website","url":"https:\/\/vmsport.fi\/","name":"Vmsport","description":"Allt p\u00e5 ett st\u00e4lle f\u00f6r cykling","publisher":{"@id":"https:\/\/vmsport.fi\/#organization"},"potentialAction":[{"@type":"SearchAction","target":{"@type":"EntryPoint","urlTemplate":"https:\/\/vmsport.fi\/?s={search_term_string}"},"query-input":{"@type":"PropertyValueSpecification","valueRequired":true,"valueName":"search_term_string"}}],"inLanguage":"sv-SE"},{"@type":"Organization","@id":"https:\/\/vmsport.fi\/#organization","name":"Vmsport","url":"https:\/\/vmsport.fi\/","logo":{"@type":"ImageObject","inLanguage":"sv-SE","@id":"https:\/\/vmsport.fi\/#\/schema\/logo\/image\/","url":"https:\/\/vmsport.fi\/wp-content\/uploads\/2024\/12\/vm_sport_RGB_horisontal-e1734526017575.png","contentUrl":"https:\/\/vmsport.fi\/wp-content\/uploads\/2024\/12\/vm_sport_RGB_horisontal-e1734526017575.png","width":668,"height":85,"caption":"Vmsport"},"image":{"@id":"https:\/\/vmsport.fi\/#\/schema\/logo\/image\/"},"sameAs":["https:\/\/www.facebook.com\/Vmsport.fi\/","https:\/\/www.instagram.com\/vmsport\/"]}]}},"global_unique_id":"","_links":{"self":[{"href":"https:\/\/vmsport.fi\/sv\/wp-json\/wp\/v2\/product\/56284","targetHints":{"allow":["GET"]}}],"collection":[{"href":"https:\/\/vmsport.fi\/sv\/wp-json\/wp\/v2\/product"}],"about":[{"href":"https:\/\/vmsport.fi\/sv\/wp-json\/wp\/v2\/types\/product"}],"replies":[{"embeddable":true,"href":"https:\/\/vmsport.fi\/sv\/wp-json\/wp\/v2\/comments?post=56284"}],"wp:featuredmedia":[{"embeddable":true,"href":"https:\/\/vmsport.fi\/sv\/wp-json\/wp\/v2\/media\/56283"}],"wp:attachment":[{"href":"https:\/\/vmsport.fi\/sv\/wp-json\/wp\/v2\/media?parent=56284"}],"wp:term":[{"taxonomy":"product_brand","embeddable":true,"href":"https:\/\/vmsport.fi\/sv\/wp-json\/wp\/v2\/product_brand?post=56284"},{"taxonomy":"product_model","embeddable":true,"href":"https:\/\/vmsport.fi\/sv\/wp-json\/wp\/v2\/product_model?post=56284"},{"taxonomy":"product_cat","embeddable":true,"href":"https:\/\/vmsport.fi\/sv\/wp-json\/wp\/v2\/product_cat?post=56284"},{"taxonomy":"product_tag","embeddable":true,"href":"https:\/\/vmsport.fi\/sv\/wp-json\/wp\/v2\/product_tag?post=56284"},{"taxonomy":"industry_terminology","embeddable":true,"href":"https:\/\/vmsport.fi\/sv\/wp-json\/wp\/v2\/industry-terminology?post=56284"}],"curies":[{"name":"wp","href":"https:\/\/api.w.org\/{rel}","templated":true}]}}