{"id":56280,"date":"2025-03-06T00:18:04","date_gmt":"2025-03-05T22:18:04","guid":{"rendered":"https:\/\/vmsport.fi\/verkkokauppa\/Ei-luokiteltu\/poc-resistance-enduro-adj-glove-uranium-black-uranium-black\/"},"modified":"2026-04-22T15:15:56","modified_gmt":"2026-04-22T12:15:56","slug":"poc-resistance-enduro-adj-glove-uranium-black-uranium-black","status":"publish","type":"product","link":"https:\/\/vmsport.fi\/sv\/verkkokauppa\/ajovarusteet\/vaatteet\/pyorailyhanskat\/poc-resistance-enduro-adj-glove-uranium-black-uranium-black\/","title":{"rendered":"POC Resistance Enduro Adj Glove Uranium black\/Uranium Black"},"content":{"rendered":"<p>POC Resistance Enduro -ajohansikas Uranium Black -v\u00e4riss\u00e4 tarjoaa erinomaisen suorituskyvyn enduro-ajoon. S\u00e4\u00e4dett\u00e4v\u00e4n tarrakiinnityksen ansiosta hansikas istuu tiukasti, mik\u00e4 takaa mukavuuden ja varmuuden ajossa. Silikonipinnoitteet etu- ja keskisormissa parantavat otetta jarruista, mik\u00e4 tehostaa hallittavuutta ja tarkkuutta. Peukalon kosketusn\u00e4ytt\u00f6yhteensopivuus mahdollistaa laitteiden k\u00e4yt\u00f6n ilman, ett\u00e4 hansikasta tarvitsee riisua. Kest\u00e4v\u00e4 ja rei&#8217;itetty k\u00e4mmenosa tarjoaa optimaalisen tuuletuksen ja erinomaisen tuntuman ohjaustankoon. Kosteutta hylkiv\u00e4 materiaali hansikkaan selk\u00e4puolella pit\u00e4\u00e4 k\u00e4det kuivina intensiivisten suoritusten aikana. Froteepinta peukalossa mahdollistaa hikipisaroiden nopean pyyhkimisen pois. T\u00e4m\u00e4 hansikas on suunniteltu erityisesti vaativille enduro-kuljettajille, jotka haluavat parhaan mahdollisen hallinnan ja mukavuuden.<\/p>","protected":false},"excerpt":{"rendered":"<p>POC Resistance Enduro -ajohansikas Uranium Black -v\u00e4riss\u00e4 tarjoaa erinomaisen suorituskyvyn enduro-ajoon. S\u00e4\u00e4dett\u00e4v\u00e4n tarrakiinnityksen ansiosta hansikas istuu tiukasti, mik\u00e4 takaa mukavuuden ja varmuuden ajossa. Silikonipinnoitteet etu- ja keskisormissa parantavat otetta jarruista, mik\u00e4 tehostaa hallittavuutta ja tarkkuutta. Peukalon kosketusn\u00e4ytt\u00f6yhteensopivuus mahdollistaa laitteiden k\u00e4yt\u00f6n ilman, ett\u00e4 hansikasta tarvitsee riisua. Kest\u00e4v\u00e4 ja rei&#8217;itetty k\u00e4mmenosa tarjoaa optimaalisen tuuletuksen ja erinomaisen tuntuman [&#8230;]<\/p>\n<p><a class=\"btn btn-secondary understrap-read-more-link\" href=\"https:\/\/vmsport.fi\/sv\/verkkokauppa\/ajovarusteet\/vaatteet\/pyorailyhanskat\/poc-resistance-enduro-adj-glove-uranium-black-uranium-black\/\">L\u00e4s mer \u2026<span class=\"screen-reader-text\"> from POC Resistance Enduro Adj Glove Uranium black\/Uranium Black<\/span><\/a><\/p>\n","protected":false},"featured_media":56279,"comment_status":"open","ping_status":"closed","template":"","meta":{"_acf_changed":false,"_improvement_type_select":"improve_an_existing","_thumb_yes_seoaic":false,"_frame_yes_seoaic":false,"seoaic_generate_description":"","seoaic_improve_instructions_prompt":"","seoaic_rollback_content_improvement":"","seoaic_idea_thumbnail_generator":"","thumbnail_generated":false,"thumbnail_generate_prompt":"","seoaic_article_description":"","_supplier_stock_quantity":0},"product_brand":[],"product_model":[],"product_cat":[9454],"product_tag":[],"industry-terminology":[],"class_list":{"0":"post-56280","1":"product","2":"type-product","3":"status-publish","4":"has-post-thumbnail","6":"product_cat-pyorailyhanskat","8":"first","9":"instock","10":"taxable","11":"shipping-taxable","12":"purchasable","13":"product-type-variable"},"acf":{"bike_features":null,"overview":{"copy_overview":null,"key_features":null,"statement":"","youtube_url":""}},"yoast_head":"<!-- This site is optimized with the Yoast SEO plugin v27.4 - https:\/\/yoast.com\/product\/yoast-seo-wordpress\/ -->\n<title>POC Resistance Enduro Adj Glove Uranium black\/Uranium Black - VM Sport<\/title>\n<meta name=\"robots\" content=\"index, follow, max-snippet:-1, max-image-preview:large, max-video-preview:-1\" \/>\n<link rel=\"canonical\" href=\"https:\/\/vmsport.fi\/sv\/webbutik\/korutrustning\/klader\/pyorailhandskar\/poc-resistance-enduro-adj-glove-uranium-black-uranium-black\/\" \/>\n<meta property=\"og:locale\" content=\"sv_SE\" \/>\n<meta property=\"og:type\" content=\"article\" \/>\n<meta property=\"og:title\" content=\"POC Resistance Enduro Adj Glove Uranium black\/Uranium Black - VM Sport\" \/>\n<meta property=\"og:description\" content=\"POC Resistance Enduro -ajohansikas Uranium Black -v\u00e4riss\u00e4 tarjoaa erinomaisen suorituskyvyn enduro-ajoon. S\u00e4\u00e4dett\u00e4v\u00e4n tarrakiinnityksen ansiosta hansikas istuu tiukasti, mik\u00e4 takaa mukavuuden ja varmuuden ajossa. Silikonipinnoitteet etu- ja keskisormissa parantavat otetta jarruista, mik\u00e4 tehostaa hallittavuutta ja tarkkuutta. Peukalon kosketusn\u00e4ytt\u00f6yhteensopivuus mahdollistaa laitteiden k\u00e4yt\u00f6n ilman, ett\u00e4 hansikasta tarvitsee riisua. Kest\u00e4v\u00e4 ja rei&#8217;itetty k\u00e4mmenosa tarjoaa optimaalisen tuuletuksen ja erinomaisen tuntuman [...]L\u00e4s mer \u2026 from POC Resistance Enduro Adj Glove Uranium black\/Uranium Black\" \/>\n<meta property=\"og:url\" content=\"https:\/\/vmsport.fi\/sv\/webbutik\/korutrustning\/klader\/pyorailhandskar\/poc-resistance-enduro-adj-glove-uranium-black-uranium-black\/\" \/>\n<meta property=\"og:site_name\" content=\"VM Sport\" \/>\n<meta property=\"article:publisher\" content=\"https:\/\/www.facebook.com\/Vmsport.fi\/\" \/>\n<meta property=\"article:modified_time\" content=\"2026-04-22T12:15:56+00:00\" \/>\n<meta property=\"og:image\" content=\"https:\/\/vmsport.fi\/wp-content\/uploads\/2025\/03\/Resistance-Enduro-Adj-Glove-30335-8204-men-uranium-black-1.png\" \/>\n\t<meta property=\"og:image:width\" content=\"1000\" \/>\n\t<meta property=\"og:image:height\" content=\"1000\" \/>\n\t<meta property=\"og:image:type\" content=\"image\/png\" \/>\n<meta name=\"twitter:card\" content=\"summary_large_image\" \/>\n<meta name=\"twitter:label1\" content=\"Ber\u00e4knad l\u00e4stid\" \/>\n\t<meta name=\"twitter:data1\" content=\"1 minut\" \/>\n<script type=\"application\/ld+json\" class=\"yoast-schema-graph\">{\"@context\":\"https:\\\/\\\/schema.org\",\"@graph\":[{\"@type\":[\"WebPage\",\"ItemPage\"],\"@id\":\"https:\\\/\\\/vmsport.fi\\\/verkkokauppa\\\/ajovarusteet\\\/vaatteet\\\/pyorailyhanskat\\\/poc-resistance-enduro-adj-glove-uranium-black-uranium-black\\\/\",\"url\":\"https:\\\/\\\/vmsport.fi\\\/verkkokauppa\\\/ajovarusteet\\\/vaatteet\\\/pyorailyhanskat\\\/poc-resistance-enduro-adj-glove-uranium-black-uranium-black\\\/\",\"name\":\"POC Resistance Enduro Adj Glove Uranium black\\\/Uranium Black - VM Sport\",\"isPartOf\":{\"@id\":\"https:\\\/\\\/vmsport.fi\\\/#website\"},\"primaryImageOfPage\":{\"@id\":\"https:\\\/\\\/vmsport.fi\\\/verkkokauppa\\\/ajovarusteet\\\/vaatteet\\\/pyorailyhanskat\\\/poc-resistance-enduro-adj-glove-uranium-black-uranium-black\\\/#primaryimage\"},\"image\":{\"@id\":\"https:\\\/\\\/vmsport.fi\\\/verkkokauppa\\\/ajovarusteet\\\/vaatteet\\\/pyorailyhanskat\\\/poc-resistance-enduro-adj-glove-uranium-black-uranium-black\\\/#primaryimage\"},\"thumbnailUrl\":\"https:\\\/\\\/vmsport.fi\\\/wp-content\\\/uploads\\\/2025\\\/03\\\/Resistance-Enduro-Adj-Glove-30335-8204-men-uranium-black-1.png\",\"datePublished\":\"2025-03-05T22:18:04+00:00\",\"dateModified\":\"2026-04-22T12:15:56+00:00\",\"breadcrumb\":{\"@id\":\"https:\\\/\\\/vmsport.fi\\\/verkkokauppa\\\/ajovarusteet\\\/vaatteet\\\/pyorailyhanskat\\\/poc-resistance-enduro-adj-glove-uranium-black-uranium-black\\\/#breadcrumb\"},\"inLanguage\":\"sv-SE\",\"potentialAction\":[{\"@type\":\"ReadAction\",\"target\":[\"https:\\\/\\\/vmsport.fi\\\/verkkokauppa\\\/ajovarusteet\\\/vaatteet\\\/pyorailyhanskat\\\/poc-resistance-enduro-adj-glove-uranium-black-uranium-black\\\/\"]}]},{\"@type\":\"ImageObject\",\"inLanguage\":\"sv-SE\",\"@id\":\"https:\\\/\\\/vmsport.fi\\\/verkkokauppa\\\/ajovarusteet\\\/vaatteet\\\/pyorailyhanskat\\\/poc-resistance-enduro-adj-glove-uranium-black-uranium-black\\\/#primaryimage\",\"url\":\"https:\\\/\\\/vmsport.fi\\\/wp-content\\\/uploads\\\/2025\\\/03\\\/Resistance-Enduro-Adj-Glove-30335-8204-men-uranium-black-1.png\",\"contentUrl\":\"https:\\\/\\\/vmsport.fi\\\/wp-content\\\/uploads\\\/2025\\\/03\\\/Resistance-Enduro-Adj-Glove-30335-8204-men-uranium-black-1.png\",\"width\":1000,\"height\":1000,\"caption\":\"Resistance-Enduro-Adj-Glove-30335-8204-men-uranium-black\"},{\"@type\":\"BreadcrumbList\",\"@id\":\"https:\\\/\\\/vmsport.fi\\\/verkkokauppa\\\/ajovarusteet\\\/vaatteet\\\/pyorailyhanskat\\\/poc-resistance-enduro-adj-glove-uranium-black-uranium-black\\\/#breadcrumb\",\"itemListElement\":[{\"@type\":\"ListItem\",\"position\":1,\"name\":\"Etusivu\",\"item\":\"https:\\\/\\\/vmsport.fi\\\/\"},{\"@type\":\"ListItem\",\"position\":2,\"name\":\"Online Store\",\"item\":\"https:\\\/\\\/vmsport.fi\\\/en\\\/online-store\\\/\"},{\"@type\":\"ListItem\",\"position\":3,\"name\":\"POC Resistance Enduro Adj Glove Uranium black\\\/Uranium Black\"}]},{\"@type\":\"WebSite\",\"@id\":\"https:\\\/\\\/vmsport.fi\\\/#website\",\"url\":\"https:\\\/\\\/vmsport.fi\\\/\",\"name\":\"Vmsport\",\"description\":\"Kaikki py\u00f6r\u00e4ilyyn yhdest\u00e4 paikasta\",\"publisher\":{\"@id\":\"https:\\\/\\\/vmsport.fi\\\/#organization\"},\"potentialAction\":[{\"@type\":\"SearchAction\",\"target\":{\"@type\":\"EntryPoint\",\"urlTemplate\":\"https:\\\/\\\/vmsport.fi\\\/?s={search_term_string}\"},\"query-input\":{\"@type\":\"PropertyValueSpecification\",\"valueRequired\":true,\"valueName\":\"search_term_string\"}}],\"inLanguage\":\"sv-SE\"},{\"@type\":\"Organization\",\"@id\":\"https:\\\/\\\/vmsport.fi\\\/#organization\",\"name\":\"Vmsport\",\"url\":\"https:\\\/\\\/vmsport.fi\\\/\",\"logo\":{\"@type\":\"ImageObject\",\"inLanguage\":\"sv-SE\",\"@id\":\"https:\\\/\\\/vmsport.fi\\\/#\\\/schema\\\/logo\\\/image\\\/\",\"url\":\"https:\\\/\\\/vmsport.fi\\\/wp-content\\\/uploads\\\/2024\\\/12\\\/vm_sport_RGB_horisontal-e1734526017575.png\",\"contentUrl\":\"https:\\\/\\\/vmsport.fi\\\/wp-content\\\/uploads\\\/2024\\\/12\\\/vm_sport_RGB_horisontal-e1734526017575.png\",\"width\":668,\"height\":85,\"caption\":\"Vmsport\"},\"image\":{\"@id\":\"https:\\\/\\\/vmsport.fi\\\/#\\\/schema\\\/logo\\\/image\\\/\"},\"sameAs\":[\"https:\\\/\\\/www.facebook.com\\\/Vmsport.fi\\\/\",\"https:\\\/\\\/www.instagram.com\\\/vmsport\\\/\"]}]}<\/script>\n<!-- \/ Yoast SEO plugin. -->","yoast_head_json":{"title":"POC Resistance Enduro Adj Glove Uranium black\/Uranium Black - VM Sport","robots":{"index":"index","follow":"follow","max-snippet":"max-snippet:-1","max-image-preview":"max-image-preview:large","max-video-preview":"max-video-preview:-1"},"canonical":"https:\/\/vmsport.fi\/sv\/webbutik\/korutrustning\/klader\/pyorailhandskar\/poc-resistance-enduro-adj-glove-uranium-black-uranium-black\/","og_locale":"sv_SE","og_type":"article","og_title":"POC Resistance Enduro Adj Glove Uranium black\/Uranium Black - VM Sport","og_description":"POC Resistance Enduro -ajohansikas Uranium Black -v\u00e4riss\u00e4 tarjoaa erinomaisen suorituskyvyn enduro-ajoon. S\u00e4\u00e4dett\u00e4v\u00e4n tarrakiinnityksen ansiosta hansikas istuu tiukasti, mik\u00e4 takaa mukavuuden ja varmuuden ajossa. Silikonipinnoitteet etu- ja keskisormissa parantavat otetta jarruista, mik\u00e4 tehostaa hallittavuutta ja tarkkuutta. Peukalon kosketusn\u00e4ytt\u00f6yhteensopivuus mahdollistaa laitteiden k\u00e4yt\u00f6n ilman, ett\u00e4 hansikasta tarvitsee riisua. Kest\u00e4v\u00e4 ja rei&#8217;itetty k\u00e4mmenosa tarjoaa optimaalisen tuuletuksen ja erinomaisen tuntuman [...]L\u00e4s mer \u2026 from POC Resistance Enduro Adj Glove Uranium black\/Uranium Black","og_url":"https:\/\/vmsport.fi\/sv\/webbutik\/korutrustning\/klader\/pyorailhandskar\/poc-resistance-enduro-adj-glove-uranium-black-uranium-black\/","og_site_name":"VM Sport","article_publisher":"https:\/\/www.facebook.com\/Vmsport.fi\/","article_modified_time":"2026-04-22T12:15:56+00:00","og_image":[{"width":1000,"height":1000,"url":"https:\/\/vmsport.fi\/wp-content\/uploads\/2025\/03\/Resistance-Enduro-Adj-Glove-30335-8204-men-uranium-black-1.png","type":"image\/png"}],"twitter_card":"summary_large_image","twitter_misc":{"Ber\u00e4knad l\u00e4stid":"1 minut"},"schema":{"@context":"https:\/\/schema.org","@graph":[{"@type":["WebPage","ItemPage"],"@id":"https:\/\/vmsport.fi\/verkkokauppa\/ajovarusteet\/vaatteet\/pyorailyhanskat\/poc-resistance-enduro-adj-glove-uranium-black-uranium-black\/","url":"https:\/\/vmsport.fi\/verkkokauppa\/ajovarusteet\/vaatteet\/pyorailyhanskat\/poc-resistance-enduro-adj-glove-uranium-black-uranium-black\/","name":"POC Resistance Enduro Adj Glove Uranium black\/Uranium Black - VM Sport","isPartOf":{"@id":"https:\/\/vmsport.fi\/#website"},"primaryImageOfPage":{"@id":"https:\/\/vmsport.fi\/verkkokauppa\/ajovarusteet\/vaatteet\/pyorailyhanskat\/poc-resistance-enduro-adj-glove-uranium-black-uranium-black\/#primaryimage"},"image":{"@id":"https:\/\/vmsport.fi\/verkkokauppa\/ajovarusteet\/vaatteet\/pyorailyhanskat\/poc-resistance-enduro-adj-glove-uranium-black-uranium-black\/#primaryimage"},"thumbnailUrl":"https:\/\/vmsport.fi\/wp-content\/uploads\/2025\/03\/Resistance-Enduro-Adj-Glove-30335-8204-men-uranium-black-1.png","datePublished":"2025-03-05T22:18:04+00:00","dateModified":"2026-04-22T12:15:56+00:00","breadcrumb":{"@id":"https:\/\/vmsport.fi\/verkkokauppa\/ajovarusteet\/vaatteet\/pyorailyhanskat\/poc-resistance-enduro-adj-glove-uranium-black-uranium-black\/#breadcrumb"},"inLanguage":"sv-SE","potentialAction":[{"@type":"ReadAction","target":["https:\/\/vmsport.fi\/verkkokauppa\/ajovarusteet\/vaatteet\/pyorailyhanskat\/poc-resistance-enduro-adj-glove-uranium-black-uranium-black\/"]}]},{"@type":"ImageObject","inLanguage":"sv-SE","@id":"https:\/\/vmsport.fi\/verkkokauppa\/ajovarusteet\/vaatteet\/pyorailyhanskat\/poc-resistance-enduro-adj-glove-uranium-black-uranium-black\/#primaryimage","url":"https:\/\/vmsport.fi\/wp-content\/uploads\/2025\/03\/Resistance-Enduro-Adj-Glove-30335-8204-men-uranium-black-1.png","contentUrl":"https:\/\/vmsport.fi\/wp-content\/uploads\/2025\/03\/Resistance-Enduro-Adj-Glove-30335-8204-men-uranium-black-1.png","width":1000,"height":1000,"caption":"Resistance-Enduro-Adj-Glove-30335-8204-men-uranium-black"},{"@type":"BreadcrumbList","@id":"https:\/\/vmsport.fi\/verkkokauppa\/ajovarusteet\/vaatteet\/pyorailyhanskat\/poc-resistance-enduro-adj-glove-uranium-black-uranium-black\/#breadcrumb","itemListElement":[{"@type":"ListItem","position":1,"name":"Etusivu","item":"https:\/\/vmsport.fi\/"},{"@type":"ListItem","position":2,"name":"Online Store","item":"https:\/\/vmsport.fi\/en\/online-store\/"},{"@type":"ListItem","position":3,"name":"POC Resistance Enduro Adj Glove Uranium black\/Uranium Black"}]},{"@type":"WebSite","@id":"https:\/\/vmsport.fi\/#website","url":"https:\/\/vmsport.fi\/","name":"Vmsport","description":"Allt p\u00e5 ett st\u00e4lle f\u00f6r cykling","publisher":{"@id":"https:\/\/vmsport.fi\/#organization"},"potentialAction":[{"@type":"SearchAction","target":{"@type":"EntryPoint","urlTemplate":"https:\/\/vmsport.fi\/?s={search_term_string}"},"query-input":{"@type":"PropertyValueSpecification","valueRequired":true,"valueName":"search_term_string"}}],"inLanguage":"sv-SE"},{"@type":"Organization","@id":"https:\/\/vmsport.fi\/#organization","name":"Vmsport","url":"https:\/\/vmsport.fi\/","logo":{"@type":"ImageObject","inLanguage":"sv-SE","@id":"https:\/\/vmsport.fi\/#\/schema\/logo\/image\/","url":"https:\/\/vmsport.fi\/wp-content\/uploads\/2024\/12\/vm_sport_RGB_horisontal-e1734526017575.png","contentUrl":"https:\/\/vmsport.fi\/wp-content\/uploads\/2024\/12\/vm_sport_RGB_horisontal-e1734526017575.png","width":668,"height":85,"caption":"Vmsport"},"image":{"@id":"https:\/\/vmsport.fi\/#\/schema\/logo\/image\/"},"sameAs":["https:\/\/www.facebook.com\/Vmsport.fi\/","https:\/\/www.instagram.com\/vmsport\/"]}]}},"global_unique_id":"","_links":{"self":[{"href":"https:\/\/vmsport.fi\/sv\/wp-json\/wp\/v2\/product\/56280","targetHints":{"allow":["GET"]}}],"collection":[{"href":"https:\/\/vmsport.fi\/sv\/wp-json\/wp\/v2\/product"}],"about":[{"href":"https:\/\/vmsport.fi\/sv\/wp-json\/wp\/v2\/types\/product"}],"replies":[{"embeddable":true,"href":"https:\/\/vmsport.fi\/sv\/wp-json\/wp\/v2\/comments?post=56280"}],"wp:featuredmedia":[{"embeddable":true,"href":"https:\/\/vmsport.fi\/sv\/wp-json\/wp\/v2\/media\/56279"}],"wp:attachment":[{"href":"https:\/\/vmsport.fi\/sv\/wp-json\/wp\/v2\/media?parent=56280"}],"wp:term":[{"taxonomy":"product_brand","embeddable":true,"href":"https:\/\/vmsport.fi\/sv\/wp-json\/wp\/v2\/product_brand?post=56280"},{"taxonomy":"product_model","embeddable":true,"href":"https:\/\/vmsport.fi\/sv\/wp-json\/wp\/v2\/product_model?post=56280"},{"taxonomy":"product_cat","embeddable":true,"href":"https:\/\/vmsport.fi\/sv\/wp-json\/wp\/v2\/product_cat?post=56280"},{"taxonomy":"product_tag","embeddable":true,"href":"https:\/\/vmsport.fi\/sv\/wp-json\/wp\/v2\/product_tag?post=56280"},{"taxonomy":"industry_terminology","embeddable":true,"href":"https:\/\/vmsport.fi\/sv\/wp-json\/wp\/v2\/industry-terminology?post=56280"}],"curies":[{"name":"wp","href":"https:\/\/api.w.org\/{rel}","templated":true}]}}